{"id":11304,"date":"2024-03-28T22:39:00","date_gmt":"2024-03-28T22:39:00","guid":{"rendered":"https:\/\/f55.01f.myftpupload.com\/articulos\/"},"modified":"2024-12-09T00:11:22","modified_gmt":"2024-12-09T00:11:22","slug":"articulos","status":"publish","type":"page","link":"https:\/\/mdvisitclinic.com\/es\/articulos\/","title":{"rendered":"Art\u00edculos."},"content":{"rendered":"\t\t<div data-elementor-type=\"wp-page\" data-elementor-id=\"11304\" class=\"elementor elementor-11304 elementor-1472\" data-elementor-post-type=\"page\">\n\t\t\t\t\t\t<section class=\"elementor-section elementor-top-section elementor-element elementor-element-f254c3f elementor-section-boxed elementor-section-height-default elementor-section-height-default\" data-id=\"f254c3f\" data-element_type=\"section\" data-e-type=\"section\" data-settings=\"{&quot;background_background&quot;:&quot;classic&quot;,&quot;jet_parallax_layout_list&quot;:[]}\">\n\t\t\t\t\t\t<div class=\"elementor-container elementor-column-gap-default\">\n\t\t\t\t\t<div class=\"elementor-column elementor-col-100 elementor-top-column elementor-element elementor-element-cabaa03\" data-id=\"cabaa03\" data-element_type=\"column\" data-e-type=\"column\">\n\t\t\t<div class=\"elementor-widget-wrap elementor-element-populated\">\n\t\t\t\t\t\t<div class=\"elementor-element elementor-element-eb7c920 elementor-widget elementor-widget-heading\" data-id=\"eb7c920\" data-element_type=\"widget\" data-e-type=\"widget\" data-widget_type=\"heading.default\">\n\t\t\t\t<div class=\"elementor-widget-container\">\n\t\t\t\t\t<h2 class=\"elementor-heading-title elementor-size-default\">Art\u00edculos revisados por pares y publicados.<\/h2>\t\t\t\t<\/div>\n\t\t\t\t<\/div>\n\t\t\t\t\t<\/div>\n\t\t<\/div>\n\t\t\t\t\t<\/div>\n\t\t<\/section>\n\t\t<div class=\"elementor-element elementor-element-2a03352 e-flex e-con-boxed e-con e-parent\" data-id=\"2a03352\" data-element_type=\"container\" data-e-type=\"container\" data-settings=\"{&quot;jet_parallax_layout_list&quot;:[]}\">\n\t\t\t\t\t<div class=\"e-con-inner\">\n\t\t<div class=\"elementor-element elementor-element-1a5907c e-con-full e-flex e-con e-child\" data-id=\"1a5907c\" data-element_type=\"container\" data-e-type=\"container\" data-settings=\"{&quot;jet_parallax_layout_list&quot;:[]}\">\n\t\t\t\t<div class=\"elementor-element elementor-element-b406057 elementor-widget elementor-widget-heading\" data-id=\"b406057\" data-element_type=\"widget\" data-e-type=\"widget\" data-widget_type=\"heading.default\">\n\t\t\t\t<div class=\"elementor-widget-container\">\n\t\t\t\t\t<h5 class=\"elementor-heading-title elementor-size-default\">ORTOPEDIA \u2013 2da OPINI\u00d3N E INFORMACI\u00d3N SOBRE CIRUG\u00cdA.<\/h5>\t\t\t\t<\/div>\n\t\t\t\t<\/div>\n\t\t\t\t<div class=\"elementor-element elementor-element-5bb8cfb elementor-widget elementor-widget-text-editor\" data-id=\"5bb8cfb\" data-element_type=\"widget\" data-e-type=\"widget\" data-widget_type=\"text-editor.default\">\n\t\t\t\t<div class=\"elementor-widget-container\">\n\t\t\t\t\t\t\t\t\t<ul class=\"articles_list_sec\">\n \t<li><a href=\"https:\/\/mdvisitclinic.com\/es\/efectos-de-un-programa-de-segunda-opinion-medica-en-los-pacientes-decidio-a-o-contra-la-artroplastia-de-rodilla\/\">Efectos de un programa de segunda opini\u00f3n m\u00e9dica en la decisi\u00f3n de los pacientes a favor o en contra de la artroplastia de rodilla.<\/a><\/li>\n \t<li><a href=\"https:\/\/mdvisitclinic.com\/es\/cirujanos-ortopedicos-entre-los-5-mejores-en-los-ee-dot-uu\/\">Cirujanos ortop\u00e9dicos: entre el 5% de los mejores en Estados Unidos.<\/a><\/li>\n \t<li><a href=\"https:\/\/mdvisitclinic.com\/es\/costo-de-reemplazo-de-rodilla-en-los-ee-dot-uu\/\">Costo de reemplazo de rodilla en los Estados Unidos.<\/a><\/li>\n<\/ul>\t\t\t\t\t\t\t\t<\/div>\n\t\t\t\t<\/div>\n\t\t\t\t<div class=\"elementor-element elementor-element-d6f99ae elementor-widget elementor-widget-heading\" data-id=\"d6f99ae\" data-element_type=\"widget\" data-e-type=\"widget\" data-widget_type=\"heading.default\">\n\t\t\t\t<div class=\"elementor-widget-container\">\n\t\t\t\t\t<h5 class=\"elementor-heading-title elementor-size-default\">NEUROCIRUG\u00cdA \u2013 2das OPINIONES E INFORMACI\u00d3N SOBRE CIRUG\u00cdA.<\/h5>\t\t\t\t<\/div>\n\t\t\t\t<\/div>\n\t\t\t\t<div class=\"elementor-element elementor-element-6dd4643 elementor-widget elementor-widget-text-editor\" data-id=\"6dd4643\" data-element_type=\"widget\" data-e-type=\"widget\" data-widget_type=\"text-editor.default\">\n\t\t\t\t<div class=\"elementor-widget-container\">\n\t\t\t\t\t\t\t\t\t<ul class=\"articles_list_sec\">\n \t<li><a href=\"https:\/\/mdvisitclinic.com\/es\/son-operaciones-de-columna-recomendadas-o-innecesarias-o-demasiado-complejas-evidencias-de-segundas-opiniones\/\">\u00bfLas operaciones recomendadas de la columna vertebral son innecesarias o demasiado complejas? Evidencia de segundas opiniones. <\/a><\/li>\n<\/ul>\t\t\t\t\t\t\t\t<\/div>\n\t\t\t\t<\/div>\n\t\t\t\t<div class=\"elementor-element elementor-element-56705ec elementor-widget elementor-widget-heading\" data-id=\"56705ec\" data-element_type=\"widget\" data-e-type=\"widget\" data-widget_type=\"heading.default\">\n\t\t\t\t<div class=\"elementor-widget-container\">\n\t\t\t\t\t<h5 class=\"elementor-heading-title elementor-size-default\">C\u00c1NCER \/ ONCOLOG\u00cdA \u2013 2das OPINIONES E INFORMACI\u00d3N SOBRE CIRUG\u00cdA \/ TRATAMIENTO<\/h5>\t\t\t\t<\/div>\n\t\t\t\t<\/div>\n\t\t\t\t<div class=\"elementor-element elementor-element-7fdf4cd elementor-widget elementor-widget-text-editor\" data-id=\"7fdf4cd\" data-element_type=\"widget\" data-e-type=\"widget\" data-widget_type=\"text-editor.default\">\n\t\t\t\t<div class=\"elementor-widget-container\">\n\t\t\t\t\t\t\t\t\t<ul class=\"articles_list_sec\">\n \t<li><a href=\"https:\/\/mdvisitclinic.com\/es\/valor-clinico-de-segundas-opiniones-en-oncologia-una-revision-retrospectiva-de-cambios-en-el-diagnostico-y-recomendaciones-de-tratamiento\/\">Valor cl\u00ednico de las segundas opiniones en oncolog\u00eda: una revisi\u00f3n retrospectiva de los cambios en el diagn\u00f3stico y las recomendaciones de tratamiento.<\/a><\/li>\n<\/ul>\t\t\t\t\t\t\t\t<\/div>\n\t\t\t\t<\/div>\n\t\t\t\t<div class=\"elementor-element elementor-element-7d9cc7b elementor-widget elementor-widget-heading\" data-id=\"7d9cc7b\" data-element_type=\"widget\" data-e-type=\"widget\" data-widget_type=\"heading.default\">\n\t\t\t\t<div class=\"elementor-widget-container\">\n\t\t\t\t\t<h5 class=\"elementor-heading-title elementor-size-default\">CARDIOLOG\u00cdA \u2013 2das OPINIONES E INFORMACI\u00d3N SOBRE CIRUG\u00cdA.<\/h5>\t\t\t\t<\/div>\n\t\t\t\t<\/div>\n\t\t\t\t<div class=\"elementor-element elementor-element-b1b4e95 elementor-widget elementor-widget-text-editor\" data-id=\"b1b4e95\" data-element_type=\"widget\" data-e-type=\"widget\" data-widget_type=\"text-editor.default\">\n\t\t\t\t<div class=\"elementor-widget-container\">\n\t\t\t\t\t\t\t\t\t<ul class=\"articles_list_sec\">\n \t<li><a href=\"https:\/\/mdvisitclinic.com\/es\/resultados-de-segundas-opiniones-en-medicina-interna-general-incluyendo-cardiologia\/\">Resultados de las segundas opiniones en medicina interna general (incluida la cardiolog\u00eda).<\/a><\/li>\n<\/ul>\t\t\t\t\t\t\t\t<\/div>\n\t\t\t\t<\/div>\n\t\t\t\t<div class=\"elementor-element elementor-element-d7ce4cd elementor-widget elementor-widget-heading\" data-id=\"d7ce4cd\" data-element_type=\"widget\" data-e-type=\"widget\" data-widget_type=\"heading.default\">\n\t\t\t\t<div class=\"elementor-widget-container\">\n\t\t\t\t\t<h5 class=\"elementor-heading-title elementor-size-default\">MULTIESPECIALIDAD \u2013 2das OPINIONES E INFORMACI\u00d3N SOBRE CIRUG\u00cdA.<\/h5>\t\t\t\t<\/div>\n\t\t\t\t<\/div>\n\t\t\t\t<div class=\"elementor-element elementor-element-e5bb7b8 elementor-widget elementor-widget-text-editor\" data-id=\"e5bb7b8\" data-element_type=\"widget\" data-e-type=\"widget\" data-widget_type=\"text-editor.default\">\n\t\t\t\t<div class=\"elementor-widget-container\">\n\t\t\t\t\t\t\t\t\t<ul class=\"articles_list_sec\">\n \t<li><a href=\"https:\/\/mdvisitclinic.com\/es\/obtener-una-segunda-opinion-es-una-fuente-descuidada-de-desigualdades-en-atencion-medica\/\">Obtener una segunda opini\u00f3n es una fuente descuidada de desigualdades en la atenci\u00f3n m\u00e9dica.<\/a><\/li>\n<\/ul>\t\t\t\t\t\t\t\t<\/div>\n\t\t\t\t<\/div>\n\t\t\t\t<div class=\"elementor-element elementor-element-665de08 elementor-widget elementor-widget-heading\" data-id=\"665de08\" data-element_type=\"widget\" data-e-type=\"widget\" data-widget_type=\"heading.default\">\n\t\t\t\t<div class=\"elementor-widget-container\">\n\t\t\t\t\t<h5 class=\"elementor-heading-title elementor-size-default\">OXIGENOTERAPIA HIPERB\u00c1RICA.<\/h5>\t\t\t\t<\/div>\n\t\t\t\t<\/div>\n\t\t\t\t<div class=\"elementor-element elementor-element-e9c703b elementor-widget elementor-widget-text-editor\" data-id=\"e9c703b\" data-element_type=\"widget\" data-e-type=\"widget\" data-widget_type=\"text-editor.default\">\n\t\t\t\t<div class=\"elementor-widget-container\">\n\t\t\t\t\t\t\t\t\t<ul class=\"articles_list_sec\">\n \t<li><a href=\"https:\/\/mdvisitclinic.com\/es\/hace-terapia-de-oxigeno-hiperbarico-mejora-el-suministro-de-oxigeno\/\">\u00bfLa oxigenoterapia hiperb\u00e1rica mejora el suministro de ox\u00edgeno?<\/a><\/li>\n \t<li><a href=\"https:\/\/mdvisitclinic.com\/es\/hace-terapia-de-oxigeno-hiperbarico-reduce-edema-inflamacion\/\">\u00bfLa oxigenoterapia hiperb\u00e1rica reduce el edema (inflamaci\u00f3n)?<\/a><\/li>\n \t<li><a href=\"https:\/\/mdvisitclinic.com\/es\/la-terapia-de-oxigeno-hiperbarico-mejora-la-cicatrizacion-de-heridas\/\">\u00bfLa oxigenoterapia hiperb\u00e1rica mejora la cicatrizaci\u00f3n de heridas?<\/a><\/li>\n \t<li><a href=\"https:\/\/mdvisitclinic.com\/es\/es-la-terapia-de-oxigeno-hiperbarico-eficaz-para-controlar-las-infecciones\/\">\u00bfEs eficaz la oxigenoterapia hiperb\u00e1rica para controlar las infecciones?<\/a><\/li>\n \t<li><a href=\"https:\/\/mdvisitclinic.com\/es\/es-la-terapia-de-oxigeno-hiperbarico-eficaz-para-controlar-y-reducir-la-inflamacion\/\">\u00bfEs eficaz la oxigenoterapia hiperb\u00e1rica para controlar y reducir la inflamaci\u00f3n?<\/a><\/li>\n \t<li><a href=\"https:\/\/mdvisitclinic.com\/es\/es-la-terapia-de-oxigeno-hiperbarico-eficaz-para-la-angiogenesis-y-la-sintesis-de-colageno\/\">\u00bfEs eficaz la oxigenoterapia hiperb\u00e1rica para la angiog\u00e9nesis y la s\u00edntesis de col\u00e1geno?<\/a><\/li>\n \t<li><a href=\"https:\/\/mdvisitclinic.com\/es\/es-terapia-de-oxigeno-hiperbarico-eficaz-para-la-recuperacion-de-la-cirugia-ortopedica\/\">\u00bfEs eficaz la oxigenoterapia hiperb\u00e1rica para la recuperaci\u00f3n de una cirug\u00eda ortop\u00e9dica?<\/a><\/li>\n \t<li><a href=\"https:\/\/mdvisitclinic.com\/es\/es-eficaz-la-oxigenoterapia-hiperbarica-en-mejorar-el-exito-del-tratamiento-del-cancer\/\">\u00bfEs eficaz la oxigenoterapia hiperb\u00e1rica para mejorar el \u00e9xito del tratamiento del c\u00e1ncer?<\/a><\/li>\n \t<li><a href=\"https:\/\/mdvisitclinic.com\/es\/es-la-terapia-de-oxigeno-hiperbarico-eficaz-para-mejorar-la-recuperacion-de-las-cirugias-cardiacas-y-cardiologicas\/\">\u00bfEs eficaz la oxigenoterapia hiperb\u00e1rica para mejorar la recuperaci\u00f3n de las cirug\u00edas card\u00edacas y cardiol\u00f3gicas?<\/a><\/li>\n<\/ul>\t\t\t\t\t\t\t\t<\/div>\n\t\t\t\t<\/div>\n\t\t\t\t<div class=\"elementor-element elementor-element-e7a28c5 elementor-widget elementor-widget-heading\" data-id=\"e7a28c5\" data-element_type=\"widget\" data-e-type=\"widget\" data-widget_type=\"heading.default\">\n\t\t\t\t<div class=\"elementor-widget-container\">\n\t\t\t\t\t<h5 class=\"elementor-heading-title elementor-size-default\">OPCIONES TUR\u00cdSTICAS EN ARKANSAS Y TENNESSEE.<\/h5>\t\t\t\t<\/div>\n\t\t\t\t<\/div>\n\t\t\t\t<div class=\"elementor-element elementor-element-2492b06 elementor-widget elementor-widget-text-editor\" data-id=\"2492b06\" data-element_type=\"widget\" data-e-type=\"widget\" data-widget_type=\"text-editor.default\">\n\t\t\t\t<div class=\"elementor-widget-container\">\n\t\t\t\t\t\t\t\t\t<ul class=\"articles_list_sec\">\n \t<li><a href=\"https:\/\/mdvisitclinic.com\/es\/arkansas-cultura-6-cualidades-que-definen-la-hospitalidad-surena\/\">Cultura de Arkansas: 6 cualidades que definen la hospitalidad sure\u00f1a. \n<\/a><\/li>\n<\/ul>\t\t\t\t\t\t\t\t<\/div>\n\t\t\t\t<\/div>\n\t\t\t\t<div class=\"elementor-element elementor-element-8773e26 elementor-widget elementor-widget-heading\" data-id=\"8773e26\" data-element_type=\"widget\" data-e-type=\"widget\" data-widget_type=\"heading.default\">\n\t\t\t\t<div class=\"elementor-widget-container\">\n\t\t\t\t\t<h5 class=\"elementor-heading-title elementor-size-default\">ITINERARIOS DE CONSERJER\u00cdA M\u00c9DICA DE LUJO PARA RECUPERACI\u00d3N EN LOS ESTADOS UNIDOS.\n<\/h5>\t\t\t\t<\/div>\n\t\t\t\t<\/div>\n\t\t\t\t<div class=\"elementor-element elementor-element-cf48d7f elementor-widget elementor-widget-text-editor\" data-id=\"cf48d7f\" data-element_type=\"widget\" data-e-type=\"widget\" data-widget_type=\"text-editor.default\">\n\t\t\t\t<div class=\"elementor-widget-container\">\n\t\t\t\t\t\t\t\t\t<ul class=\"articles_list_sec\">\n <li><a href=\"https:\/\/mdvisitclinic.com\/es\/protrope-de-rodilla-de-lujo-medico-conserje-itinerario\/\">Itinerario de 60 d\u00edas para la recuperaci\u00f3n de la artroplastia de rodilla en Estados Unidos.<\/a><\/li>\n<\/ul>\t\t\t\t\t\t\t\t<\/div>\n\t\t\t\t<\/div>\n\t\t\t\t<\/div>\n\t\t<div class=\"elementor-element elementor-element-fa5b0a1 e-con-full e-flex e-con e-child\" data-id=\"fa5b0a1\" data-element_type=\"container\" data-e-type=\"container\" data-settings=\"{&quot;jet_parallax_layout_list&quot;:[]}\">\n\t\t\t\t<div class=\"elementor-element elementor-element-6c8326a elementor-widget elementor-widget-image\" data-id=\"6c8326a\" data-element_type=\"widget\" data-e-type=\"widget\" data-widget_type=\"image.default\">\n\t\t\t\t<div class=\"elementor-widget-container\">\n\t\t\t\t\t\t\t\t\t\t\t\t\t\t\t<img fetchpriority=\"high\" decoding=\"async\" width=\"1000\" height=\"665\" src=\"https:\/\/mdvisitclinic.com\/wp-content\/uploads\/2024\/05\/articles-img.jpg\" class=\"attachment-full size-full wp-image-2467\" alt=\"\" srcset=\"https:\/\/mdvisitclinic.com\/wp-content\/uploads\/2024\/05\/articles-img.jpg 1000w, https:\/\/mdvisitclinic.com\/wp-content\/uploads\/2024\/05\/articles-img-300x200.jpg 300w, https:\/\/mdvisitclinic.com\/wp-content\/uploads\/2024\/05\/articles-img-768x511.jpg 768w\" sizes=\"(max-width: 1000px) 100vw, 1000px\" \/>\t\t\t\t\t\t\t\t\t\t\t\t\t\t\t<\/div>\n\t\t\t\t<\/div>\n\t\t\t\t<\/div>\n\t\t\t\t\t<\/div>\n\t\t\t\t<\/div>\n\t\t\t\t<\/div>\n\t\t","protected":false},"excerpt":{"rendered":"<p>Art\u00edculos revisados por pares y publicados. ORTOPEDIA \u2013 2da OPINI\u00d3N E INFORMACI\u00d3N SOBRE CIRUG\u00cdA. Efectos de un programa de segunda opini\u00f3n m\u00e9dica en la decisi\u00f3n de los pacientes a favor o en contra de la artroplastia de rodilla. Cirujanos ortop\u00e9dicos: entre el 5% de los mejores en Estados Unidos. Costo de reemplazo de rodilla en [&hellip;]<\/p>\n","protected":false},"author":5,"featured_media":0,"parent":0,"menu_order":0,"comment_status":"closed","ping_status":"closed","template":"elementor_header_footer","meta":{"_acf_changed":false,"_coblocks_attr":"","_coblocks_dimensions":"","_coblocks_responsive_height":"","_coblocks_accordion_ie_support":"","hide_page_title":"","footnotes":""},"class_list":["post-11304","page","type-page","status-publish","hentry"],"acf":[],"yoast_head":"<!-- This site is optimized with the Yoast SEO plugin v27.6 - https:\/\/yoast.com\/product\/yoast-seo-wordpress\/ -->\n<title>Art\u00edculos. - MDVISIT CLINIC<\/title>\n<meta name=\"robots\" content=\"noindex, follow, max-snippet:-1, max-image-preview:large, max-video-preview:-1\" \/>\n<meta property=\"og:locale\" content=\"es_ES\" \/>\n<meta property=\"og:type\" content=\"article\" \/>\n<meta property=\"og:title\" content=\"Art\u00edculos. - MDVISIT CLINIC\" \/>\n<meta property=\"og:description\" content=\"Art\u00edculos revisados por pares y publicados. ORTOPEDIA \u2013 2da OPINI\u00d3N E INFORMACI\u00d3N SOBRE CIRUG\u00cdA. Efectos de un programa de segunda opini\u00f3n m\u00e9dica en la decisi\u00f3n de los pacientes a favor o en contra de la artroplastia de rodilla. Cirujanos ortop\u00e9dicos: entre el 5% de los mejores en Estados Unidos. Costo de reemplazo de rodilla en [&hellip;]\" \/>\n<meta property=\"og:url\" content=\"https:\/\/mdvisitclinic.com\/es\/articulos\/\" \/>\n<meta property=\"og:site_name\" content=\"MDVISIT CLINIC\" \/>\n<meta property=\"article:modified_time\" content=\"2024-12-09T00:11:22+00:00\" \/>\n<meta property=\"og:image\" content=\"https:\/\/f55.01f.myftpupload.com\/wp-content\/uploads\/2024\/05\/articles-img.jpg\" \/>\n<meta name=\"twitter:card\" content=\"summary_large_image\" \/>\n<meta name=\"twitter:label1\" content=\"Est. reading time\" \/>\n\t<meta name=\"twitter:data1\" content=\"2 minutes\" \/>\n<script type=\"application\/ld+json\" class=\"yoast-schema-graph\">{\"@context\":\"https:\\\/\\\/schema.org\",\"@graph\":[{\"@type\":\"WebPage\",\"@id\":\"https:\\\/\\\/mdvisitclinic.com\\\/es\\\/articulos\\\/\",\"url\":\"https:\\\/\\\/mdvisitclinic.com\\\/es\\\/articulos\\\/\",\"name\":\"Art\u00edculos. - MDVISIT CLINIC\",\"isPartOf\":{\"@id\":\"https:\\\/\\\/mdvisitclinic.com\\\/es\\\/#website\"},\"primaryImageOfPage\":{\"@id\":\"https:\\\/\\\/mdvisitclinic.com\\\/es\\\/articulos\\\/#primaryimage\"},\"image\":{\"@id\":\"https:\\\/\\\/mdvisitclinic.com\\\/es\\\/articulos\\\/#primaryimage\"},\"thumbnailUrl\":\"https:\\\/\\\/f55.01f.myftpupload.com\\\/wp-content\\\/uploads\\\/2024\\\/05\\\/articles-img.jpg\",\"datePublished\":\"2024-03-28T22:39:00+00:00\",\"dateModified\":\"2024-12-09T00:11:22+00:00\",\"breadcrumb\":{\"@id\":\"https:\\\/\\\/mdvisitclinic.com\\\/es\\\/articulos\\\/#breadcrumb\"},\"inLanguage\":\"es\",\"potentialAction\":[{\"@type\":\"ReadAction\",\"target\":[\"https:\\\/\\\/mdvisitclinic.com\\\/es\\\/articulos\\\/\"]}]},{\"@type\":\"ImageObject\",\"inLanguage\":\"es\",\"@id\":\"https:\\\/\\\/mdvisitclinic.com\\\/es\\\/articulos\\\/#primaryimage\",\"url\":\"https:\\\/\\\/f55.01f.myftpupload.com\\\/wp-content\\\/uploads\\\/2024\\\/05\\\/articles-img.jpg\",\"contentUrl\":\"https:\\\/\\\/f55.01f.myftpupload.com\\\/wp-content\\\/uploads\\\/2024\\\/05\\\/articles-img.jpg\"},{\"@type\":\"BreadcrumbList\",\"@id\":\"https:\\\/\\\/mdvisitclinic.com\\\/es\\\/articulos\\\/#breadcrumb\",\"itemListElement\":[{\"@type\":\"ListItem\",\"position\":1,\"name\":\"Home\",\"item\":\"https:\\\/\\\/mdvisitclinic.com\\\/es\\\/\"},{\"@type\":\"ListItem\",\"position\":2,\"name\":\"Art\u00edculos.\"}]},{\"@type\":\"WebSite\",\"@id\":\"https:\\\/\\\/mdvisitclinic.com\\\/es\\\/#website\",\"url\":\"https:\\\/\\\/mdvisitclinic.com\\\/es\\\/\",\"name\":\"MDVISIT CLINIC\",\"description\":\"\",\"publisher\":{\"@id\":\"https:\\\/\\\/mdvisitclinic.com\\\/es\\\/#organization\"},\"potentialAction\":[{\"@type\":\"SearchAction\",\"target\":{\"@type\":\"EntryPoint\",\"urlTemplate\":\"https:\\\/\\\/mdvisitclinic.com\\\/es\\\/?s={search_term_string}\"},\"query-input\":{\"@type\":\"PropertyValueSpecification\",\"valueRequired\":true,\"valueName\":\"search_term_string\"}}],\"inLanguage\":\"es\"},{\"@type\":\"Organization\",\"@id\":\"https:\\\/\\\/mdvisitclinic.com\\\/es\\\/#organization\",\"name\":\"MDVISIT CLINIC\",\"url\":\"https:\\\/\\\/mdvisitclinic.com\\\/es\\\/\",\"logo\":{\"@type\":\"ImageObject\",\"inLanguage\":\"es\",\"@id\":\"https:\\\/\\\/mdvisitclinic.com\\\/es\\\/#\\\/schema\\\/logo\\\/image\\\/\",\"url\":\"https:\\\/\\\/mdvisitclinic.com\\\/wp-content\\\/uploads\\\/2024\\\/03\\\/logo.png\",\"contentUrl\":\"https:\\\/\\\/mdvisitclinic.com\\\/wp-content\\\/uploads\\\/2024\\\/03\\\/logo.png\",\"width\":768,\"height\":118,\"caption\":\"MDVISIT CLINIC\"},\"image\":{\"@id\":\"https:\\\/\\\/mdvisitclinic.com\\\/es\\\/#\\\/schema\\\/logo\\\/image\\\/\"}}]}<\/script>\n<!-- \/ Yoast SEO plugin. -->","yoast_head_json":{"title":"Art\u00edculos. - MDVISIT CLINIC","robots":{"index":"noindex","follow":"follow","max-snippet":"max-snippet:-1","max-image-preview":"max-image-preview:large","max-video-preview":"max-video-preview:-1"},"og_locale":"es_ES","og_type":"article","og_title":"Art\u00edculos. - MDVISIT CLINIC","og_description":"Art\u00edculos revisados por pares y publicados. ORTOPEDIA \u2013 2da OPINI\u00d3N E INFORMACI\u00d3N SOBRE CIRUG\u00cdA. Efectos de un programa de segunda opini\u00f3n m\u00e9dica en la decisi\u00f3n de los pacientes a favor o en contra de la artroplastia de rodilla. Cirujanos ortop\u00e9dicos: entre el 5% de los mejores en Estados Unidos. Costo de reemplazo de rodilla en [&hellip;]","og_url":"https:\/\/mdvisitclinic.com\/es\/articulos\/","og_site_name":"MDVISIT CLINIC","article_modified_time":"2024-12-09T00:11:22+00:00","og_image":[{"url":"https:\/\/f55.01f.myftpupload.com\/wp-content\/uploads\/2024\/05\/articles-img.jpg","type":"","width":"","height":""}],"twitter_card":"summary_large_image","twitter_misc":{"Est. reading time":"2 minutes"},"schema":{"@context":"https:\/\/schema.org","@graph":[{"@type":"WebPage","@id":"https:\/\/mdvisitclinic.com\/es\/articulos\/","url":"https:\/\/mdvisitclinic.com\/es\/articulos\/","name":"Art\u00edculos. - MDVISIT CLINIC","isPartOf":{"@id":"https:\/\/mdvisitclinic.com\/es\/#website"},"primaryImageOfPage":{"@id":"https:\/\/mdvisitclinic.com\/es\/articulos\/#primaryimage"},"image":{"@id":"https:\/\/mdvisitclinic.com\/es\/articulos\/#primaryimage"},"thumbnailUrl":"https:\/\/f55.01f.myftpupload.com\/wp-content\/uploads\/2024\/05\/articles-img.jpg","datePublished":"2024-03-28T22:39:00+00:00","dateModified":"2024-12-09T00:11:22+00:00","breadcrumb":{"@id":"https:\/\/mdvisitclinic.com\/es\/articulos\/#breadcrumb"},"inLanguage":"es","potentialAction":[{"@type":"ReadAction","target":["https:\/\/mdvisitclinic.com\/es\/articulos\/"]}]},{"@type":"ImageObject","inLanguage":"es","@id":"https:\/\/mdvisitclinic.com\/es\/articulos\/#primaryimage","url":"https:\/\/f55.01f.myftpupload.com\/wp-content\/uploads\/2024\/05\/articles-img.jpg","contentUrl":"https:\/\/f55.01f.myftpupload.com\/wp-content\/uploads\/2024\/05\/articles-img.jpg"},{"@type":"BreadcrumbList","@id":"https:\/\/mdvisitclinic.com\/es\/articulos\/#breadcrumb","itemListElement":[{"@type":"ListItem","position":1,"name":"Home","item":"https:\/\/mdvisitclinic.com\/es\/"},{"@type":"ListItem","position":2,"name":"Art\u00edculos."}]},{"@type":"WebSite","@id":"https:\/\/mdvisitclinic.com\/es\/#website","url":"https:\/\/mdvisitclinic.com\/es\/","name":"MDVISIT CLINIC","description":"","publisher":{"@id":"https:\/\/mdvisitclinic.com\/es\/#organization"},"potentialAction":[{"@type":"SearchAction","target":{"@type":"EntryPoint","urlTemplate":"https:\/\/mdvisitclinic.com\/es\/?s={search_term_string}"},"query-input":{"@type":"PropertyValueSpecification","valueRequired":true,"valueName":"search_term_string"}}],"inLanguage":"es"},{"@type":"Organization","@id":"https:\/\/mdvisitclinic.com\/es\/#organization","name":"MDVISIT CLINIC","url":"https:\/\/mdvisitclinic.com\/es\/","logo":{"@type":"ImageObject","inLanguage":"es","@id":"https:\/\/mdvisitclinic.com\/es\/#\/schema\/logo\/image\/","url":"https:\/\/mdvisitclinic.com\/wp-content\/uploads\/2024\/03\/logo.png","contentUrl":"https:\/\/mdvisitclinic.com\/wp-content\/uploads\/2024\/03\/logo.png","width":768,"height":118,"caption":"MDVISIT CLINIC"},"image":{"@id":"https:\/\/mdvisitclinic.com\/es\/#\/schema\/logo\/image\/"}}]}},"_links":{"self":[{"href":"https:\/\/mdvisitclinic.com\/es\/wp-json\/wp\/v2\/pages\/11304","targetHints":{"allow":["GET"]}}],"collection":[{"href":"https:\/\/mdvisitclinic.com\/es\/wp-json\/wp\/v2\/pages"}],"about":[{"href":"https:\/\/mdvisitclinic.com\/es\/wp-json\/wp\/v2\/types\/page"}],"author":[{"embeddable":true,"href":"https:\/\/mdvisitclinic.com\/es\/wp-json\/wp\/v2\/users\/5"}],"replies":[{"embeddable":true,"href":"https:\/\/mdvisitclinic.com\/es\/wp-json\/wp\/v2\/comments?post=11304"}],"version-history":[{"count":11,"href":"https:\/\/mdvisitclinic.com\/es\/wp-json\/wp\/v2\/pages\/11304\/revisions"}],"predecessor-version":[{"id":22345,"href":"https:\/\/mdvisitclinic.com\/es\/wp-json\/wp\/v2\/pages\/11304\/revisions\/22345"}],"wp:attachment":[{"href":"https:\/\/mdvisitclinic.com\/es\/wp-json\/wp\/v2\/media?parent=11304"}],"curies":[{"name":"wp","href":"https:\/\/api.w.org\/{rel}","templated":true}]}}