{"id":14261,"date":"2024-06-27T04:41:20","date_gmt":"2024-06-27T04:41:20","guid":{"rendered":"https:\/\/f55.01f.myftpupload.com\/segunda-opinion-todas-las-demas-condiciones\/gastroenterologia-cirugia\/"},"modified":"2024-11-27T04:32:27","modified_gmt":"2024-11-27T04:32:27","slug":"gastroenterologia-cirugia","status":"publish","type":"page","link":"https:\/\/mdvisitclinic.com\/es\/segunda-opinion-todas-las-demas-condiciones\/gastroenterologia-cirugia\/","title":{"rendered":"Cirug\u00eda de Gastroenterolog\u00eda"},"content":{"rendered":"\t\t<div data-elementor-type=\"wp-page\" data-elementor-id=\"14261\" class=\"elementor elementor-14261 elementor-13243\" data-elementor-post-type=\"page\">\n\t\t\t\t<div class=\"elementor-element elementor-element-37327b19 e-flex e-con-boxed e-con e-parent\" data-id=\"37327b19\" data-element_type=\"container\" data-e-type=\"container\" data-settings=\"{&quot;background_background&quot;:&quot;classic&quot;,&quot;jet_parallax_layout_list&quot;:[]}\">\n\t\t\t\t\t<div class=\"e-con-inner\">\n\t\t<div class=\"elementor-element elementor-element-701aceb4 e-con-full e-flex e-con e-child\" data-id=\"701aceb4\" data-element_type=\"container\" data-e-type=\"container\" data-settings=\"{&quot;jet_parallax_layout_list&quot;:[]}\">\n\t\t\t\t<div class=\"elementor-element elementor-element-2d1d3bcd elementor-widget elementor-widget-heading\" data-id=\"2d1d3bcd\" data-element_type=\"widget\" data-e-type=\"widget\" data-widget_type=\"heading.default\">\n\t\t\t\t<div class=\"elementor-widget-container\">\n\t\t\t\t\t<h1 class=\"elementor-heading-title elementor-size-default\">Cirug\u00eda de Gastroenterolog\u00eda  <\/h1>\t\t\t\t<\/div>\n\t\t\t\t<\/div>\n\t\t\t\t<\/div>\n\t\t\t\t\t<\/div>\n\t\t\t\t<\/div>\n\t\t<div class=\"elementor-element elementor-element-20461852 e-flex e-con-boxed e-con e-parent\" data-id=\"20461852\" data-element_type=\"container\" data-e-type=\"container\" data-settings=\"{&quot;jet_parallax_layout_list&quot;:[]}\">\n\t\t\t\t\t<div class=\"e-con-inner\">\n\t\t<div class=\"elementor-element elementor-element-4012b1e e-con-full e-flex e-con e-child\" data-id=\"4012b1e\" data-element_type=\"container\" data-e-type=\"container\" data-settings=\"{&quot;jet_parallax_layout_list&quot;:[]}\">\n\t\t\t\t<div class=\"elementor-element elementor-element-364586fd elementor-widget elementor-widget-heading\" data-id=\"364586fd\" data-element_type=\"widget\" data-e-type=\"widget\" data-widget_type=\"heading.default\">\n\t\t\t\t<div class=\"elementor-widget-container\">\n\t\t\t\t\t<h2 class=\"elementor-heading-title elementor-size-default\">Explicaci\u00f3n de la cirug\u00eda gastroenterol\u00f3gica, incluidas las actividades previas y posteriores a la cirug\u00eda  <\/h2>\t\t\t\t<\/div>\n\t\t\t\t<\/div>\n\t\t\t\t<div class=\"elementor-element elementor-element-3ecab9fb elementor-widget elementor-widget-text-editor\" data-id=\"3ecab9fb\" data-element_type=\"widget\" data-e-type=\"widget\" data-widget_type=\"text-editor.default\">\n\t\t\t\t<div class=\"elementor-widget-container\">\n\t\t\t\t\t\t\t\t\t<p>Su gastroenter\u00f3logo asignado y su enfermero se reunir\u00e1n con usted por video para revisar los resultados de su segunda opini\u00f3n.<br \/>\n\u00c9l responder\u00e1 a sus preguntas.<br \/>\nSi necesita cirug\u00eda y est\u00e1 considerando una cirug\u00eda en los Estados Unidos, aseg\u00farese de hac\u00e9rselo saber.  <\/p>\n<p>Lea a continuaci\u00f3n para obtener una comprensi\u00f3n detallada del proceso quir\u00fargico.<\/p>\n\t\t\t\t\t\t\t\t<\/div>\n\t\t\t\t<\/div>\n\t\t\t\t<div class=\"elementor-element elementor-element-671b6d54 elementor-widget elementor-widget-text-editor\" data-id=\"671b6d54\" data-element_type=\"widget\" data-e-type=\"widget\" data-widget_type=\"text-editor.default\">\n\t\t\t\t<div class=\"elementor-widget-container\">\n\t\t\t\t\t\t\t\t\t<p>Abstracto<\/p>\n<p>La cirug\u00eda gastroenterol\u00f3gica implica procedimientos en el sistema digestivo, incluyendo el es\u00f3fago, el est\u00f3mago, los intestinos, el h\u00edgado, el p\u00e1ncreas y la ves\u00edcula biliar.<br \/>\nEstas cirug\u00edas abordan diversas afecciones como el c\u00e1ncer, la enfermedad inflamatoria intestinal (EII), los c\u00e1lculos biliares y las hernias. <\/p>\n<p><strong>Tipos de cirug\u00edas de gastroenterolog\u00eda<\/strong><\/p>\n<ol>\n<li><strong>Cirug\u00eda Esof\u00e1gica<\/strong>:\n<ul>\n<li><strong>Esofagectom\u00eda<\/strong>: extirpaci\u00f3n parcial o total del es\u00f3fago, por lo general para el c\u00e1ncer.<\/li>\n<li><strong>Fundoplicatura<\/strong>: procedimiento para tratar la enfermedad por reflujo gastroesof\u00e1gico (ERGE).<\/li>\n<\/ul>\n<\/li>\n<li><strong>Cirug\u00eda de est\u00f3mago<\/strong>:\n<ul>\n<li><strong>Gastrectom\u00eda<\/strong>: extirpaci\u00f3n parcial o total del est\u00f3mago, a menudo debido al c\u00e1ncer.<\/li>\n<li><strong>Bypass g\u00e1strico<\/strong>: Cirug\u00eda para bajar de peso que cambia la estructura del est\u00f3mago y el intestino delgado.<\/li>\n<\/ul>\n<\/li>\n<li><strong>Cirug\u00eda Intestinal<\/strong>:\n<ul>\n<li><strong>Colectom\u00eda<\/strong>: extirpaci\u00f3n de parte o de todo el colon, com\u00fanmente para afecciones como el c\u00e1ncer o la colitis ulcerosa.<\/li>\n<li><strong>Resecci\u00f3n del intestino delgado: extirpaci\u00f3n<\/strong> de una parte del intestino delgado, a menudo debido a la enfermedad de Crohn o a tumores.<\/li>\n<\/ul>\n<\/li>\n<li><strong>Cirug\u00eda hep\u00e1tica<\/strong>:\n<ul>\n<li><strong>Hepatectom\u00eda<\/strong>: extirpaci\u00f3n de una parte del h\u00edgado, por lo general para el c\u00e1ncer de h\u00edgado.<\/li>\n<li><strong>Trasplante de h\u00edgado<\/strong>: Reemplazo de un h\u00edgado enfermo por uno sano de un donante.<\/li>\n<\/ul>\n<\/li>\n<li><strong>Cirug\u00eda Pancre\u00e1tica<\/strong>:\n<ul>\n<li><strong>Pancreatectom\u00eda<\/strong>: extirpaci\u00f3n parcial o total del p\u00e1ncreas, generalmente para el c\u00e1ncer de p\u00e1ncreas.<\/li>\n<li><strong>Procedimiento de Whipple (pancreaticoduodenectom\u00eda):<\/strong> extirpaci\u00f3n de la cabeza del p\u00e1ncreas, parte del intestino delgado, la ves\u00edcula biliar y el conducto biliar.<\/li>\n<\/ul>\n<\/li>\n<li><strong>Cirug\u00eda de ves\u00edcula biliar<\/strong>:\n<ul>\n<li><strong>Colecistectom\u00eda<\/strong>: extirpaci\u00f3n de la ves\u00edcula biliar, a menudo debido a c\u00e1lculos biliares.<\/li>\n<\/ul>\n<\/li>\n<li><strong>Cirug\u00eda de hernia<\/strong>:\n<ul>\n<li><strong>Herniorrafia o Hernioplastia<\/strong>: Reparaci\u00f3n de una hernia, generalmente en la pared abdominal.<\/li>\n<\/ul>\n<\/li>\n<\/ol>\n<p><strong>Actividades previas a la cirug\u00eda<\/strong><\/p>\n<ol>\n<li><strong>Evaluaci\u00f3n m\u00e9dica<\/strong>:\n<ul>\n<li><strong>Consulta con un cirujano<\/strong>: Discusi\u00f3n detallada sobre el procedimiento, los riesgos y los beneficios.<\/li>\n<li><strong>Pruebas preoperatorias<\/strong>: an\u00e1lisis de sangre, estudios de diagn\u00f3stico por im\u00e1genes (p. ej., ecograf\u00eda, tomograf\u00eda computarizada, resonancia magn\u00e9tica) y endoscopia si es necesario.<\/li>\n<\/ul>\n<\/li>\n<li><strong>Medicamentos<\/strong>:\n<ul>\n<li><strong>Revisi\u00f3n de medicamentos<\/strong>: Hablar con su m\u00e9dico sobre los medicamentos actuales para evitar complicaciones.<\/li>\n<li><strong>Ajustes preoperatorios de la medicaci\u00f3n<\/strong>: Suspender ciertos medicamentos como los anticoagulantes y controlar las enfermedades cr\u00f3nicas.<\/li>\n<\/ul>\n<\/li>\n<li><strong>Ajustes en el estilo de vida<\/strong>:\n<ul>\n<li><strong>Restricciones diet\u00e9ticas<\/strong>: Ayunar durante un per\u00edodo espec\u00edfico antes de la cirug\u00eda.<\/li>\n<li><strong>Dejar de fumar<\/strong>: Dejar de fumar para mejorar la cicatrizaci\u00f3n y reducir los riesgos.<\/li>\n<\/ul>\n<\/li>\n<li><strong>Preparativos para el hospital<\/strong>:\n<ul>\n<li><strong>Admisi\u00f3n hospitalaria<\/strong>: Comprender el proceso de admisi\u00f3n y traer los documentos y art\u00edculos personales necesarios.<\/li>\n<li><strong>Consentimiento informado<\/strong>: Firma de formularios de consentimiento en los que se reconoce la comprensi\u00f3n del procedimiento.<\/li>\n<\/ul>\n<\/li>\n<\/ol>\n<p><strong>Actividades postoperatorias<\/strong><\/p>\n<ol>\n<li><strong>Cuidados postoperatorios inmediatos<\/strong>:\n<ul>\n<li><strong>Sala de recuperaci\u00f3n<\/strong>: Monitoreo en la sala de recuperaci\u00f3n inmediatamente despu\u00e9s de la cirug\u00eda.<\/li>\n<li><strong>Manejo del dolor<\/strong>: Administraci\u00f3n de medicamentos para aliviar el dolor.<\/li>\n<li><strong>Manejo de l\u00edquidos y nutrici\u00f3n<\/strong>: Reintroducci\u00f3n gradual de l\u00edquidos y alimentos, a menudo comenzando con una dieta l\u00edquida.<\/li>\n<\/ul>\n<\/li>\n<li><strong>Estad\u00eda en el hospital<\/strong>:\n<ul>\n<li><strong>Monitoreo<\/strong>: Monitoreo regular de los signos vitales, la funci\u00f3n intestinal y el sitio quir\u00fargico.<\/li>\n<li><strong>Movilidad<\/strong>: Est\u00edmulo para moverse y caminar para prevenir complicaciones como co\u00e1gulos de sangre y mejorar la funci\u00f3n intestinal.<\/li>\n<li><strong>Cuidado de heridas<\/strong>: Manejo del sitio quir\u00fargico y de los drenajes o cat\u00e9teres.<\/li>\n<\/ul>\n<\/li>\n<li><strong>Atenci\u00f3n en el hogar<\/strong>:\n<ul>\n<li>Cuidado de la <strong>herida<\/strong>: Instrucciones para mantener limpio y seco el sitio quir\u00fargico.<\/li>\n<li><strong>Medicamentos<\/strong>: Analg\u00e9sicos, antibi\u00f3ticos y cualquier otro medicamento recetado.<\/li>\n<li><strong>Dieta y Nutrici\u00f3n<\/strong>: Progresi\u00f3n gradual de l\u00edquidos a alimentos s\u00f3lidos, con pautas diet\u00e9ticas espec\u00edficas seg\u00fan el tipo de cirug\u00eda.<\/li>\n<\/ul>\n<\/li>\n<li><strong>Seguimiento<\/strong>:\n<ul>\n<li><strong>Citas programadas<\/strong>: Seguimientos regulares con el cirujano para monitorear la recuperaci\u00f3n y abordar cualquier inquietud.<\/li>\n<li><strong>Monitoreo de complicaciones<\/strong>: Estar atento a signos de infecci\u00f3n, sangrado u otros problemas.<\/li>\n<li><strong>Pruebas de laboratorio e im\u00e1genes<\/strong>: Pruebas peri\u00f3dicas para garantizar la curaci\u00f3n y el funcionamiento adecuados del sistema digestivo.<\/li>\n<\/ul>\n<\/li>\n<li><strong>Recuperaci\u00f3n a largo plazo<\/strong>:\n<ul>\n<li><strong>Ajustes<\/strong> en el estilo de vida: Cambios en la dieta, el ejercicio y los h\u00e1bitos para apoyar la curaci\u00f3n y prevenir la recurrencia de la afecci\u00f3n.<\/li>\n<li><strong>Rehabilitaci\u00f3n<\/strong>: fisioterapia u otros servicios de rehabilitaci\u00f3n si es necesario.<\/li>\n<li><strong>Apoyo y Consejer\u00eda<\/strong>: Apoyo emocional y psicol\u00f3gico para adaptarse a la vida postoperatoria.<\/li>\n<\/ul>\n<\/li>\n<\/ol>\n<p>Es crucial comprender los detalles de su cirug\u00eda gastroenterol\u00f3gica en particular, incluidos los riesgos potenciales y los resultados esperados.<br \/>\nSiempre consulte con su proveedor de atenci\u00f3n m\u00e9dica para obtener consejos e instrucciones personalizadas. <\/p>\n\t\t\t\t\t\t\t\t<\/div>\n\t\t\t\t<\/div>\n\t\t\t\t<\/div>\n\t\t<div class=\"elementor-element elementor-element-1771e2b6 e-con-full e-flex e-con e-child\" data-id=\"1771e2b6\" data-element_type=\"container\" data-e-type=\"container\" data-settings=\"{&quot;jet_parallax_layout_list&quot;:[]}\">\n\t\t\t\t<div class=\"elementor-element elementor-element-289ba47e elementor-widget elementor-widget-image\" data-id=\"289ba47e\" data-element_type=\"widget\" data-e-type=\"widget\" data-widget_type=\"image.default\">\n\t\t\t\t<div class=\"elementor-widget-container\">\n\t\t\t\t\t\t\t\t\t\t\t\t\t\t\t<img fetchpriority=\"high\" decoding=\"async\" width=\"711\" height=\"400\" src=\"https:\/\/mdvisitclinic.com\/wp-content\/uploads\/2024\/06\/Gastroenterology.jpg\" class=\"attachment-full size-full wp-image-12158\" alt=\"\" srcset=\"https:\/\/mdvisitclinic.com\/wp-content\/uploads\/2024\/06\/Gastroenterology.jpg 711w, https:\/\/mdvisitclinic.com\/wp-content\/uploads\/2024\/06\/Gastroenterology-300x169.jpg 300w\" sizes=\"(max-width: 711px) 100vw, 711px\" \/>\t\t\t\t\t\t\t\t\t\t\t\t\t\t\t<\/div>\n\t\t\t\t<\/div>\n\t\t\t\t<\/div>\n\t\t\t\t\t<\/div>\n\t\t\t\t<\/div>\n\t\t\t\t<\/div>\n\t\t","protected":false},"excerpt":{"rendered":"<p>Cirug\u00eda de Gastroenterolog\u00eda Explicaci\u00f3n de la cirug\u00eda gastroenterol\u00f3gica, incluidas las actividades previas y posteriores a la cirug\u00eda Su gastroenter\u00f3logo asignado y su enfermero se reunir\u00e1n con usted por video para revisar los resultados de su segunda opini\u00f3n. \u00c9l responder\u00e1 a sus preguntas. Si necesita cirug\u00eda y est\u00e1 considerando una cirug\u00eda en los Estados Unidos, aseg\u00farese [&hellip;]<\/p>\n","protected":false},"author":8,"featured_media":0,"parent":11684,"menu_order":0,"comment_status":"closed","ping_status":"closed","template":"elementor_header_footer","meta":{"_acf_changed":false,"_coblocks_attr":"","_coblocks_dimensions":"","_coblocks_responsive_height":"","_coblocks_accordion_ie_support":"","hide_page_title":"","footnotes":""},"class_list":["post-14261","page","type-page","status-publish","hentry"],"acf":[],"yoast_head":"<!-- This site is optimized with the Yoast SEO plugin v27.3 - https:\/\/yoast.com\/product\/yoast-seo-wordpress\/ -->\n<title>Cirug\u00eda de Gastroenterolog\u00eda - MDVISIT CLINIC<\/title>\n<meta name=\"robots\" content=\"noindex, follow, max-snippet:-1, max-image-preview:large, max-video-preview:-1\" \/>\n<meta property=\"og:locale\" content=\"es_ES\" \/>\n<meta property=\"og:type\" content=\"article\" \/>\n<meta property=\"og:title\" content=\"Cirug\u00eda de Gastroenterolog\u00eda - MDVISIT CLINIC\" \/>\n<meta property=\"og:description\" content=\"Cirug\u00eda de Gastroenterolog\u00eda Explicaci\u00f3n de la cirug\u00eda gastroenterol\u00f3gica, incluidas las actividades previas y posteriores a la cirug\u00eda Su gastroenter\u00f3logo asignado y su enfermero se reunir\u00e1n con usted por video para revisar los resultados de su segunda opini\u00f3n. \u00c9l responder\u00e1 a sus preguntas. Si necesita cirug\u00eda y est\u00e1 considerando una cirug\u00eda en los Estados Unidos, aseg\u00farese [&hellip;]\" \/>\n<meta property=\"og:url\" content=\"https:\/\/mdvisitclinic.com\/es\/segunda-opinion-todas-las-demas-condiciones\/gastroenterologia-cirugia\/\" \/>\n<meta property=\"og:site_name\" content=\"MDVISIT CLINIC\" \/>\n<meta property=\"article:modified_time\" content=\"2024-11-27T04:32:27+00:00\" \/>\n<meta property=\"og:image\" content=\"https:\/\/f55.01f.myftpupload.com\/wp-content\/uploads\/2024\/06\/Gastroenterology.jpg\" \/>\n<meta name=\"twitter:card\" content=\"summary_large_image\" \/>\n<meta name=\"twitter:label1\" content=\"Est. reading time\" \/>\n\t<meta name=\"twitter:data1\" content=\"4 minutes\" \/>\n<script type=\"application\/ld+json\" class=\"yoast-schema-graph\">{\"@context\":\"https:\\\/\\\/schema.org\",\"@graph\":[{\"@type\":\"WebPage\",\"@id\":\"https:\\\/\\\/mdvisitclinic.com\\\/es\\\/segunda-opinion-todas-las-demas-condiciones\\\/gastroenterologia-cirugia\\\/\",\"url\":\"https:\\\/\\\/mdvisitclinic.com\\\/es\\\/segunda-opinion-todas-las-demas-condiciones\\\/gastroenterologia-cirugia\\\/\",\"name\":\"Cirug\u00eda de Gastroenterolog\u00eda - MDVISIT CLINIC\",\"isPartOf\":{\"@id\":\"https:\\\/\\\/mdvisitclinic.com\\\/es\\\/#website\"},\"primaryImageOfPage\":{\"@id\":\"https:\\\/\\\/mdvisitclinic.com\\\/es\\\/segunda-opinion-todas-las-demas-condiciones\\\/gastroenterologia-cirugia\\\/#primaryimage\"},\"image\":{\"@id\":\"https:\\\/\\\/mdvisitclinic.com\\\/es\\\/segunda-opinion-todas-las-demas-condiciones\\\/gastroenterologia-cirugia\\\/#primaryimage\"},\"thumbnailUrl\":\"https:\\\/\\\/f55.01f.myftpupload.com\\\/wp-content\\\/uploads\\\/2024\\\/06\\\/Gastroenterology.jpg\",\"datePublished\":\"2024-06-27T04:41:20+00:00\",\"dateModified\":\"2024-11-27T04:32:27+00:00\",\"breadcrumb\":{\"@id\":\"https:\\\/\\\/mdvisitclinic.com\\\/es\\\/segunda-opinion-todas-las-demas-condiciones\\\/gastroenterologia-cirugia\\\/#breadcrumb\"},\"inLanguage\":\"es\",\"potentialAction\":[{\"@type\":\"ReadAction\",\"target\":[\"https:\\\/\\\/mdvisitclinic.com\\\/es\\\/segunda-opinion-todas-las-demas-condiciones\\\/gastroenterologia-cirugia\\\/\"]}]},{\"@type\":\"ImageObject\",\"inLanguage\":\"es\",\"@id\":\"https:\\\/\\\/mdvisitclinic.com\\\/es\\\/segunda-opinion-todas-las-demas-condiciones\\\/gastroenterologia-cirugia\\\/#primaryimage\",\"url\":\"https:\\\/\\\/f55.01f.myftpupload.com\\\/wp-content\\\/uploads\\\/2024\\\/06\\\/Gastroenterology.jpg\",\"contentUrl\":\"https:\\\/\\\/f55.01f.myftpupload.com\\\/wp-content\\\/uploads\\\/2024\\\/06\\\/Gastroenterology.jpg\"},{\"@type\":\"BreadcrumbList\",\"@id\":\"https:\\\/\\\/mdvisitclinic.com\\\/es\\\/segunda-opinion-todas-las-demas-condiciones\\\/gastroenterologia-cirugia\\\/#breadcrumb\",\"itemListElement\":[{\"@type\":\"ListItem\",\"position\":1,\"name\":\"Home\",\"item\":\"https:\\\/\\\/mdvisitclinic.com\\\/es\\\/\"},{\"@type\":\"ListItem\",\"position\":2,\"name\":\"Segunda Opini\u00f3n de Todas las Dem\u00e1s Condiciones\",\"item\":\"https:\\\/\\\/mdvisitclinic.com\\\/es\\\/segunda-opinion-todas-las-demas-condiciones\\\/\"},{\"@type\":\"ListItem\",\"position\":3,\"name\":\"Cirug\u00eda de Gastroenterolog\u00eda\"}]},{\"@type\":\"WebSite\",\"@id\":\"https:\\\/\\\/mdvisitclinic.com\\\/es\\\/#website\",\"url\":\"https:\\\/\\\/mdvisitclinic.com\\\/es\\\/\",\"name\":\"MDVISIT CLINIC\",\"description\":\"\",\"publisher\":{\"@id\":\"https:\\\/\\\/mdvisitclinic.com\\\/es\\\/#organization\"},\"potentialAction\":[{\"@type\":\"SearchAction\",\"target\":{\"@type\":\"EntryPoint\",\"urlTemplate\":\"https:\\\/\\\/mdvisitclinic.com\\\/es\\\/?s={search_term_string}\"},\"query-input\":{\"@type\":\"PropertyValueSpecification\",\"valueRequired\":true,\"valueName\":\"search_term_string\"}}],\"inLanguage\":\"es\"},{\"@type\":\"Organization\",\"@id\":\"https:\\\/\\\/mdvisitclinic.com\\\/es\\\/#organization\",\"name\":\"MDVISIT CLINIC\",\"url\":\"https:\\\/\\\/mdvisitclinic.com\\\/es\\\/\",\"logo\":{\"@type\":\"ImageObject\",\"inLanguage\":\"es\",\"@id\":\"https:\\\/\\\/mdvisitclinic.com\\\/es\\\/#\\\/schema\\\/logo\\\/image\\\/\",\"url\":\"https:\\\/\\\/mdvisitclinic.com\\\/wp-content\\\/uploads\\\/2024\\\/03\\\/logo.png\",\"contentUrl\":\"https:\\\/\\\/mdvisitclinic.com\\\/wp-content\\\/uploads\\\/2024\\\/03\\\/logo.png\",\"width\":768,\"height\":118,\"caption\":\"MDVISIT CLINIC\"},\"image\":{\"@id\":\"https:\\\/\\\/mdvisitclinic.com\\\/es\\\/#\\\/schema\\\/logo\\\/image\\\/\"}}]}<\/script>\n<!-- \/ Yoast SEO plugin. -->","yoast_head_json":{"title":"Cirug\u00eda de Gastroenterolog\u00eda - MDVISIT CLINIC","robots":{"index":"noindex","follow":"follow","max-snippet":"max-snippet:-1","max-image-preview":"max-image-preview:large","max-video-preview":"max-video-preview:-1"},"og_locale":"es_ES","og_type":"article","og_title":"Cirug\u00eda de Gastroenterolog\u00eda - MDVISIT CLINIC","og_description":"Cirug\u00eda de Gastroenterolog\u00eda Explicaci\u00f3n de la cirug\u00eda gastroenterol\u00f3gica, incluidas las actividades previas y posteriores a la cirug\u00eda Su gastroenter\u00f3logo asignado y su enfermero se reunir\u00e1n con usted por video para revisar los resultados de su segunda opini\u00f3n. \u00c9l responder\u00e1 a sus preguntas. Si necesita cirug\u00eda y est\u00e1 considerando una cirug\u00eda en los Estados Unidos, aseg\u00farese [&hellip;]","og_url":"https:\/\/mdvisitclinic.com\/es\/segunda-opinion-todas-las-demas-condiciones\/gastroenterologia-cirugia\/","og_site_name":"MDVISIT CLINIC","article_modified_time":"2024-11-27T04:32:27+00:00","og_image":[{"url":"https:\/\/f55.01f.myftpupload.com\/wp-content\/uploads\/2024\/06\/Gastroenterology.jpg","type":"","width":"","height":""}],"twitter_card":"summary_large_image","twitter_misc":{"Est. reading time":"4 minutes"},"schema":{"@context":"https:\/\/schema.org","@graph":[{"@type":"WebPage","@id":"https:\/\/mdvisitclinic.com\/es\/segunda-opinion-todas-las-demas-condiciones\/gastroenterologia-cirugia\/","url":"https:\/\/mdvisitclinic.com\/es\/segunda-opinion-todas-las-demas-condiciones\/gastroenterologia-cirugia\/","name":"Cirug\u00eda de Gastroenterolog\u00eda - MDVISIT CLINIC","isPartOf":{"@id":"https:\/\/mdvisitclinic.com\/es\/#website"},"primaryImageOfPage":{"@id":"https:\/\/mdvisitclinic.com\/es\/segunda-opinion-todas-las-demas-condiciones\/gastroenterologia-cirugia\/#primaryimage"},"image":{"@id":"https:\/\/mdvisitclinic.com\/es\/segunda-opinion-todas-las-demas-condiciones\/gastroenterologia-cirugia\/#primaryimage"},"thumbnailUrl":"https:\/\/f55.01f.myftpupload.com\/wp-content\/uploads\/2024\/06\/Gastroenterology.jpg","datePublished":"2024-06-27T04:41:20+00:00","dateModified":"2024-11-27T04:32:27+00:00","breadcrumb":{"@id":"https:\/\/mdvisitclinic.com\/es\/segunda-opinion-todas-las-demas-condiciones\/gastroenterologia-cirugia\/#breadcrumb"},"inLanguage":"es","potentialAction":[{"@type":"ReadAction","target":["https:\/\/mdvisitclinic.com\/es\/segunda-opinion-todas-las-demas-condiciones\/gastroenterologia-cirugia\/"]}]},{"@type":"ImageObject","inLanguage":"es","@id":"https:\/\/mdvisitclinic.com\/es\/segunda-opinion-todas-las-demas-condiciones\/gastroenterologia-cirugia\/#primaryimage","url":"https:\/\/f55.01f.myftpupload.com\/wp-content\/uploads\/2024\/06\/Gastroenterology.jpg","contentUrl":"https:\/\/f55.01f.myftpupload.com\/wp-content\/uploads\/2024\/06\/Gastroenterology.jpg"},{"@type":"BreadcrumbList","@id":"https:\/\/mdvisitclinic.com\/es\/segunda-opinion-todas-las-demas-condiciones\/gastroenterologia-cirugia\/#breadcrumb","itemListElement":[{"@type":"ListItem","position":1,"name":"Home","item":"https:\/\/mdvisitclinic.com\/es\/"},{"@type":"ListItem","position":2,"name":"Segunda Opini\u00f3n de Todas las Dem\u00e1s Condiciones","item":"https:\/\/mdvisitclinic.com\/es\/segunda-opinion-todas-las-demas-condiciones\/"},{"@type":"ListItem","position":3,"name":"Cirug\u00eda de Gastroenterolog\u00eda"}]},{"@type":"WebSite","@id":"https:\/\/mdvisitclinic.com\/es\/#website","url":"https:\/\/mdvisitclinic.com\/es\/","name":"MDVISIT CLINIC","description":"","publisher":{"@id":"https:\/\/mdvisitclinic.com\/es\/#organization"},"potentialAction":[{"@type":"SearchAction","target":{"@type":"EntryPoint","urlTemplate":"https:\/\/mdvisitclinic.com\/es\/?s={search_term_string}"},"query-input":{"@type":"PropertyValueSpecification","valueRequired":true,"valueName":"search_term_string"}}],"inLanguage":"es"},{"@type":"Organization","@id":"https:\/\/mdvisitclinic.com\/es\/#organization","name":"MDVISIT CLINIC","url":"https:\/\/mdvisitclinic.com\/es\/","logo":{"@type":"ImageObject","inLanguage":"es","@id":"https:\/\/mdvisitclinic.com\/es\/#\/schema\/logo\/image\/","url":"https:\/\/mdvisitclinic.com\/wp-content\/uploads\/2024\/03\/logo.png","contentUrl":"https:\/\/mdvisitclinic.com\/wp-content\/uploads\/2024\/03\/logo.png","width":768,"height":118,"caption":"MDVISIT CLINIC"},"image":{"@id":"https:\/\/mdvisitclinic.com\/es\/#\/schema\/logo\/image\/"}}]}},"_links":{"self":[{"href":"https:\/\/mdvisitclinic.com\/es\/wp-json\/wp\/v2\/pages\/14261","targetHints":{"allow":["GET"]}}],"collection":[{"href":"https:\/\/mdvisitclinic.com\/es\/wp-json\/wp\/v2\/pages"}],"about":[{"href":"https:\/\/mdvisitclinic.com\/es\/wp-json\/wp\/v2\/types\/page"}],"author":[{"embeddable":true,"href":"https:\/\/mdvisitclinic.com\/es\/wp-json\/wp\/v2\/users\/8"}],"replies":[{"embeddable":true,"href":"https:\/\/mdvisitclinic.com\/es\/wp-json\/wp\/v2\/comments?post=14261"}],"version-history":[{"count":5,"href":"https:\/\/mdvisitclinic.com\/es\/wp-json\/wp\/v2\/pages\/14261\/revisions"}],"predecessor-version":[{"id":21685,"href":"https:\/\/mdvisitclinic.com\/es\/wp-json\/wp\/v2\/pages\/14261\/revisions\/21685"}],"up":[{"embeddable":true,"href":"https:\/\/mdvisitclinic.com\/es\/wp-json\/wp\/v2\/pages\/11684"}],"wp:attachment":[{"href":"https:\/\/mdvisitclinic.com\/es\/wp-json\/wp\/v2\/media?parent=14261"}],"curies":[{"name":"wp","href":"https:\/\/api.w.org\/{rel}","templated":true}]}}