{"id":14270,"date":"2024-06-27T04:45:29","date_gmt":"2024-06-27T04:45:29","guid":{"rendered":"https:\/\/f55.01f.myftpupload.com\/segunda-opinion-todas-las-demas-condiciones\/cirugia-pediatrica\/"},"modified":"2024-11-27T04:32:26","modified_gmt":"2024-11-27T04:32:26","slug":"cirugia-pediatrica","status":"publish","type":"page","link":"https:\/\/mdvisitclinic.com\/es\/segunda-opinion-todas-las-demas-condiciones\/cirugia-pediatrica\/","title":{"rendered":"Cirug\u00eda Pedi\u00e1trica"},"content":{"rendered":"\t\t<div data-elementor-type=\"wp-page\" data-elementor-id=\"14270\" class=\"elementor elementor-14270 elementor-13252\" data-elementor-post-type=\"page\">\n\t\t\t\t<div class=\"elementor-element elementor-element-75e97543 e-flex e-con-boxed e-con e-parent\" data-id=\"75e97543\" data-element_type=\"container\" data-e-type=\"container\" data-settings=\"{&quot;background_background&quot;:&quot;classic&quot;,&quot;jet_parallax_layout_list&quot;:[]}\">\n\t\t\t\t\t<div class=\"e-con-inner\">\n\t\t<div class=\"elementor-element elementor-element-3a18598f e-con-full e-flex e-con e-child\" data-id=\"3a18598f\" data-element_type=\"container\" data-e-type=\"container\" data-settings=\"{&quot;jet_parallax_layout_list&quot;:[]}\">\n\t\t\t\t<div class=\"elementor-element elementor-element-6add4dfd elementor-widget elementor-widget-heading\" data-id=\"6add4dfd\" data-element_type=\"widget\" data-e-type=\"widget\" data-widget_type=\"heading.default\">\n\t\t\t\t<div class=\"elementor-widget-container\">\n\t\t\t\t\t<h1 class=\"elementor-heading-title elementor-size-default\">Cirug\u00eda Pedi\u00e1trica  <\/h1>\t\t\t\t<\/div>\n\t\t\t\t<\/div>\n\t\t\t\t<\/div>\n\t\t\t\t\t<\/div>\n\t\t\t\t<\/div>\n\t\t<div class=\"elementor-element elementor-element-3eb5a64a e-flex e-con-boxed e-con e-parent\" data-id=\"3eb5a64a\" data-element_type=\"container\" data-e-type=\"container\" data-settings=\"{&quot;jet_parallax_layout_list&quot;:[]}\">\n\t\t\t\t\t<div class=\"e-con-inner\">\n\t\t<div class=\"elementor-element elementor-element-597ab93b e-con-full e-flex e-con e-child\" data-id=\"597ab93b\" data-element_type=\"container\" data-e-type=\"container\" data-settings=\"{&quot;jet_parallax_layout_list&quot;:[]}\">\n\t\t\t\t<div class=\"elementor-element elementor-element-932e9d3 elementor-widget elementor-widget-heading\" data-id=\"932e9d3\" data-element_type=\"widget\" data-e-type=\"widget\" data-widget_type=\"heading.default\">\n\t\t\t\t<div class=\"elementor-widget-container\">\n\t\t\t\t\t<h2 class=\"elementor-heading-title elementor-size-default\">Explicaci\u00f3n de la cirug\u00eda pedi\u00e1trica, incluidas las actividades previas y posteriores a la cirug\u00eda  <\/h2>\t\t\t\t<\/div>\n\t\t\t\t<\/div>\n\t\t\t\t<div class=\"elementor-element elementor-element-5d1a6fb7 elementor-widget elementor-widget-text-editor\" data-id=\"5d1a6fb7\" data-element_type=\"widget\" data-e-type=\"widget\" data-widget_type=\"text-editor.default\">\n\t\t\t\t<div class=\"elementor-widget-container\">\n\t\t\t\t\t\t\t\t\t<p>Su suge\u00f3n pedi\u00e1trico asignado y su enfermero se reunir\u00e1n con usted por video para revisar los resultados de su segunda opini\u00f3n.<br \/>\n\u00c9l responder\u00e1 a sus preguntas.<br \/>\nSi necesita cirug\u00eda y est\u00e1 considerando una cirug\u00eda en los Estados Unidos, aseg\u00farese de hac\u00e9rselo saber.  <\/p>\n<p>Lea a continuaci\u00f3n para obtener una comprensi\u00f3n detallada del proceso quir\u00fargico.<\/p>\n\t\t\t\t\t\t\t\t<\/div>\n\t\t\t\t<\/div>\n\t\t\t\t<div class=\"elementor-element elementor-element-6fd92df2 elementor-widget elementor-widget-text-editor\" data-id=\"6fd92df2\" data-element_type=\"widget\" data-e-type=\"widget\" data-widget_type=\"text-editor.default\">\n\t\t\t\t<div class=\"elementor-widget-container\">\n\t\t\t\t\t\t\t\t\t<p>Abstracto<\/p>\n<p>La cirug\u00eda pedi\u00e1trica implica procedimientos quir\u00fargicos realizados en beb\u00e9s, ni\u00f1os y adolescentes para tratar diversas afecciones que van desde anomal\u00edas cong\u00e9nitas hasta enfermedades adquiridas.<br \/>\nEstas cirug\u00edas son realizadas por cirujanos pedi\u00e1tricos especializados que est\u00e1n capacitados para manejar las necesidades m\u00e9dicas \u00fanicas de los ni\u00f1os. <\/p>\n<p><strong>Tipos de cirug\u00edas pedi\u00e1tricas<\/strong><\/p>\n<ol>\n<li><strong>Anomal\u00edas cong\u00e9nitas<\/strong>:\n<ul>\n<li><strong>Defectos Card\u00edacos Cong\u00e9nitos<\/strong>: Reparaci\u00f3n de problemas card\u00edacos estructurales presentes desde el nacimiento.<\/li>\n<li><strong>Reparaci\u00f3n de labio leporino y paladar hendido<\/strong>: Correcci\u00f3n de hendiduras en el labio y\/o paladar.<\/li>\n<li><strong>Atresia esof\u00e1gica y reparaci\u00f3n de f\u00edstula traqueoesof\u00e1gica<\/strong>: cirug\u00eda para corregir las conexiones anormales entre el es\u00f3fago y la tr\u00e1quea.<\/li>\n<\/ul>\n<\/li>\n<li><strong>Cirug\u00edas de Abdomen y Tracto Digestivo<\/strong>:\n<ul>\n<li><strong>Apendicectom\u00eda<\/strong>: extirpaci\u00f3n del ap\u00e9ndice, generalmente debido a apendicitis.<\/li>\n<li><strong>Cirug\u00eda de la enfermedad de Hirschsprung<\/strong>: extirpaci\u00f3n de la parte afectada del colon para tratar la obstrucci\u00f3n intestinal.<\/li>\n<li><strong>Piloromiotom\u00eda<\/strong>: Cirug\u00eda para corregir la estenosis pil\u00f3rica, una afecci\u00f3n que afecta la alimentaci\u00f3n de los lactantes.<\/li>\n<\/ul>\n<\/li>\n<li><strong>Cirug\u00edas ortop\u00e9dicas<\/strong>:\n<ul>\n<li><strong>Reparaci\u00f3n del pie zambo<\/strong>: Correcci\u00f3n de la deformidad del pie zambo.<\/li>\n<li><strong>Cirug\u00eda de Escoliosis<\/strong>: Fusi\u00f3n espinal para corregir la curvatura de la columna vertebral.<\/li>\n<\/ul>\n<\/li>\n<li><strong>Cirug\u00edas Oncol\u00f3gicas<\/strong>:\n<ul>\n<li><strong>Resecci\u00f3n Tumoral<\/strong>: extirpaci\u00f3n de tumores benignos o malignos.<\/li>\n<li><strong>Biopsia de ganglios linf\u00e1ticos<\/strong>: examen de los ganglios linf\u00e1ticos para diagnosticar o tratar el c\u00e1ncer.<\/li>\n<\/ul>\n<\/li>\n<li><strong>Cirug\u00edas Urol\u00f3gicas<\/strong>:\n<ul>\n<li><strong>Reparaci\u00f3n del Hipospadias<\/strong>: Correcci\u00f3n de la posici\u00f3n anormal de la abertura uretral.<\/li>\n<li><strong>Cirug\u00eda de test\u00edculos no descendidos (orquiopexia):<\/strong> mover un test\u00edculo no descendido hacia el escroto.<\/li>\n<\/ul>\n<\/li>\n<\/ol>\n<p><strong>Actividades previas a la cirug\u00eda<\/strong><\/p>\n<ol>\n<li><strong>Evaluaci\u00f3n m\u00e9dica<\/strong>:\n<ul>\n<li><strong>Consulta con un cirujano pedi\u00e1trico<\/strong>: Discusi\u00f3n detallada sobre el procedimiento, los riesgos y los beneficios.<\/li>\n<li><strong>Pruebas preoperatorias<\/strong>: an\u00e1lisis de sangre, estudios de diagn\u00f3stico por im\u00e1genes (p. ej., ecograf\u00eda, radiograf\u00edas) y cualquier otra evaluaci\u00f3n necesaria.<\/li>\n<\/ul>\n<\/li>\n<li><strong>Preparaci\u00f3n de la familia y del ni\u00f1o<\/strong>:\n<ul>\n<li><strong>Explicaci\u00f3n del procedimiento<\/strong>: Explicaci\u00f3n apropiada para la edad de la cirug\u00eda al ni\u00f1o para reducir la ansiedad.<\/li>\n<li><strong>Recorrido preoperatorio<\/strong>: Visita al hospital y encuentro con el equipo quir\u00fargico para familiarizar al ni\u00f1o con el entorno.<\/li>\n<\/ul>\n<\/li>\n<li><strong>Medicamentos<\/strong>:\n<ul>\n<li><strong>Revisi\u00f3n de medicamentos<\/strong>: Hablar con el m\u00e9dico sobre los medicamentos actuales para evitar complicaciones.<\/li>\n<li><strong>Ajustes preoperatorios de la medicaci\u00f3n<\/strong>: Suspender ciertos medicamentos como los anticoagulantes.<\/li>\n<\/ul>\n<\/li>\n<li><strong>Ajustes en el estilo de vida<\/strong>:\n<ul>\n<li><strong>Restricciones diet\u00e9ticas<\/strong>: Ayunar durante un per\u00edodo espec\u00edfico antes de la cirug\u00eda.<\/li>\n<li><strong>Manejo de afecciones cr\u00f3nicas<\/strong>: Garantizar un control \u00f3ptimo de cualquier problema de salud existente (por ejemplo, asma, diabetes).<\/li>\n<\/ul>\n<\/li>\n<li><strong>Preparativos para el hospital<\/strong>:\n<ul>\n<li><strong>Admisi\u00f3n hospitalaria<\/strong>: Comprender el proceso de admisi\u00f3n y traer los documentos y art\u00edculos personales necesarios.<\/li>\n<li><strong>Consentimiento informado<\/strong>: Los padres o tutores firman formularios de consentimiento en los que reconocen la comprensi\u00f3n del procedimiento.<\/li>\n<\/ul>\n<\/li>\n<\/ol>\n<p><strong>Actividades postoperatorias<\/strong><\/p>\n<ol>\n<li><strong>Cuidados postoperatorios inmediatos<\/strong>:\n<ul>\n<li><strong>Sala de recuperaci\u00f3n<\/strong>: Monitoreo en la sala de recuperaci\u00f3n inmediatamente despu\u00e9s de la cirug\u00eda.<\/li>\n<li><strong>Manejo del dolor<\/strong>: Administraci\u00f3n de medicamentos para aliviar el dolor.<\/li>\n<li><strong>Manejo de l\u00edquidos y nutrici\u00f3n<\/strong>: Reintroducci\u00f3n gradual de l\u00edquidos y alimentos, a menudo comenzando con l\u00edquidos claros.<\/li>\n<\/ul>\n<\/li>\n<li><strong>Estad\u00eda en el hospital<\/strong>:\n<ul>\n<li><strong>Monitoreo<\/strong>: Monitoreo regular de los signos vitales, el sitio quir\u00fargico y el estado general.<\/li>\n<li><strong>Movilidad y actividad<\/strong>: Est\u00edmulo para moverse y caminar seg\u00fan corresponda para prevenir complicaciones y promover la recuperaci\u00f3n.<\/li>\n<li><strong>Cuidado de heridas<\/strong>: Manejo del sitio quir\u00fargico y de los drenajes o cat\u00e9teres.<\/li>\n<\/ul>\n<\/li>\n<li><strong>Atenci\u00f3n en el hogar<\/strong>:\n<ul>\n<li>Cuidado de la <strong>herida<\/strong>: Instrucciones para mantener limpio y seco el sitio quir\u00fargico.<\/li>\n<li><strong>Medicamentos<\/strong>: Analg\u00e9sicos, antibi\u00f3ticos y cualquier otro medicamento recetado.<\/li>\n<li><strong>Dieta y nutrici\u00f3n: Seguir<\/strong> pautas diet\u00e9ticas espec\u00edficas para ayudar a la recuperaci\u00f3n.<\/li>\n<\/ul>\n<\/li>\n<li><strong>Seguimiento<\/strong>:\n<ul>\n<li><strong>Citas programadas<\/strong>: Seguimientos regulares con el cirujano para monitorear la recuperaci\u00f3n y abordar cualquier inquietud.<\/li>\n<li><strong>Monitoreo de complicaciones<\/strong>: Estar atento a signos de infecci\u00f3n, sangrado u otros problemas.<\/li>\n<li><strong>Fisioterapia (si es necesario):<\/strong> Rehabilitaci\u00f3n para recuperar la fuerza y la funci\u00f3n.<\/li>\n<\/ul>\n<\/li>\n<li><strong>Recuperaci\u00f3n a largo plazo<\/strong>:\n<ul>\n<li>Ajustes en el <strong>estilo de vida<\/strong>: Cambios en la dieta, el ejercicio y los h\u00e1bitos para apoyar la curaci\u00f3n y la salud en general.<\/li>\n<li><strong>Apoyo emocional<\/strong>: Brindar apoyo emocional y psicol\u00f3gico al ni\u00f1o y a la familia para ayudarlos a adaptarse a la vida despu\u00e9s de la cirug\u00eda.<\/li>\n<li><strong>Apoyo educativo<\/strong>: Garantizar que se satisfagan las necesidades acad\u00e9micas del ni\u00f1o durante la recuperaci\u00f3n, incluida la coordinaci\u00f3n con las escuelas si es necesario.<\/li>\n<\/ul>\n<\/li>\n<\/ol>\n<p>Es crucial comprender los detalles de la cirug\u00eda pedi\u00e1trica particular de su hijo, incluidos los riesgos potenciales y los resultados esperados.<br \/>\nSiempre consulte con su proveedor de atenci\u00f3n m\u00e9dica para obtener consejos e instrucciones personalizados adaptados a las necesidades de su hijo. <\/p>\n\t\t\t\t\t\t\t\t<\/div>\n\t\t\t\t<\/div>\n\t\t\t\t<\/div>\n\t\t<div class=\"elementor-element elementor-element-6b2f8c5d e-con-full e-flex e-con e-child\" data-id=\"6b2f8c5d\" data-element_type=\"container\" data-e-type=\"container\" data-settings=\"{&quot;jet_parallax_layout_list&quot;:[]}\">\n\t\t\t\t<div class=\"elementor-element elementor-element-171138a9 elementor-widget elementor-widget-image\" data-id=\"171138a9\" data-element_type=\"widget\" data-e-type=\"widget\" data-widget_type=\"image.default\">\n\t\t\t\t<div class=\"elementor-widget-container\">\n\t\t\t\t\t\t\t\t\t\t\t\t\t\t\t<img fetchpriority=\"high\" decoding=\"async\" width=\"600\" height=\"400\" src=\"https:\/\/mdvisitclinic.com\/wp-content\/uploads\/2024\/06\/Child-Surgery.jpg\" class=\"attachment-full size-full wp-image-12198\" alt=\"\" srcset=\"https:\/\/mdvisitclinic.com\/wp-content\/uploads\/2024\/06\/Child-Surgery.jpg 600w, https:\/\/mdvisitclinic.com\/wp-content\/uploads\/2024\/06\/Child-Surgery-300x200.jpg 300w\" sizes=\"(max-width: 600px) 100vw, 600px\" \/>\t\t\t\t\t\t\t\t\t\t\t\t\t\t\t<\/div>\n\t\t\t\t<\/div>\n\t\t\t\t<\/div>\n\t\t\t\t\t<\/div>\n\t\t\t\t<\/div>\n\t\t\t\t<\/div>\n\t\t","protected":false},"excerpt":{"rendered":"<p>Cirug\u00eda Pedi\u00e1trica Explicaci\u00f3n de la cirug\u00eda pedi\u00e1trica, incluidas las actividades previas y posteriores a la cirug\u00eda Su suge\u00f3n pedi\u00e1trico asignado y su enfermero se reunir\u00e1n con usted por video para revisar los resultados de su segunda opini\u00f3n. \u00c9l responder\u00e1 a sus preguntas. Si necesita cirug\u00eda y est\u00e1 considerando una cirug\u00eda en los Estados Unidos, aseg\u00farese [&hellip;]<\/p>\n","protected":false},"author":8,"featured_media":0,"parent":11684,"menu_order":0,"comment_status":"closed","ping_status":"closed","template":"elementor_header_footer","meta":{"_acf_changed":false,"_coblocks_attr":"","_coblocks_dimensions":"","_coblocks_responsive_height":"","_coblocks_accordion_ie_support":"","hide_page_title":"","footnotes":""},"class_list":["post-14270","page","type-page","status-publish","hentry"],"acf":[],"yoast_head":"<!-- This site is optimized with the Yoast SEO plugin v27.3 - https:\/\/yoast.com\/product\/yoast-seo-wordpress\/ -->\n<title>Cirug\u00eda Pedi\u00e1trica - MDVISIT CLINIC<\/title>\n<meta name=\"robots\" content=\"noindex, follow, max-snippet:-1, max-image-preview:large, max-video-preview:-1\" \/>\n<meta property=\"og:locale\" content=\"es_ES\" \/>\n<meta property=\"og:type\" content=\"article\" \/>\n<meta property=\"og:title\" content=\"Cirug\u00eda Pedi\u00e1trica - MDVISIT CLINIC\" \/>\n<meta property=\"og:description\" content=\"Cirug\u00eda Pedi\u00e1trica Explicaci\u00f3n de la cirug\u00eda pedi\u00e1trica, incluidas las actividades previas y posteriores a la cirug\u00eda Su suge\u00f3n pedi\u00e1trico asignado y su enfermero se reunir\u00e1n con usted por video para revisar los resultados de su segunda opini\u00f3n. \u00c9l responder\u00e1 a sus preguntas. Si necesita cirug\u00eda y est\u00e1 considerando una cirug\u00eda en los Estados Unidos, aseg\u00farese [&hellip;]\" \/>\n<meta property=\"og:url\" content=\"https:\/\/mdvisitclinic.com\/es\/segunda-opinion-todas-las-demas-condiciones\/cirugia-pediatrica\/\" \/>\n<meta property=\"og:site_name\" content=\"MDVISIT CLINIC\" \/>\n<meta property=\"article:modified_time\" content=\"2024-11-27T04:32:26+00:00\" \/>\n<meta property=\"og:image\" content=\"https:\/\/f55.01f.myftpupload.com\/wp-content\/uploads\/2024\/06\/Child-Surgery.jpg\" \/>\n<meta name=\"twitter:card\" content=\"summary_large_image\" \/>\n<meta name=\"twitter:label1\" content=\"Est. reading time\" \/>\n\t<meta name=\"twitter:data1\" content=\"5 minutes\" \/>\n<script type=\"application\/ld+json\" class=\"yoast-schema-graph\">{\"@context\":\"https:\\\/\\\/schema.org\",\"@graph\":[{\"@type\":\"WebPage\",\"@id\":\"https:\\\/\\\/mdvisitclinic.com\\\/es\\\/segunda-opinion-todas-las-demas-condiciones\\\/cirugia-pediatrica\\\/\",\"url\":\"https:\\\/\\\/mdvisitclinic.com\\\/es\\\/segunda-opinion-todas-las-demas-condiciones\\\/cirugia-pediatrica\\\/\",\"name\":\"Cirug\u00eda Pedi\u00e1trica - MDVISIT CLINIC\",\"isPartOf\":{\"@id\":\"https:\\\/\\\/mdvisitclinic.com\\\/es\\\/#website\"},\"primaryImageOfPage\":{\"@id\":\"https:\\\/\\\/mdvisitclinic.com\\\/es\\\/segunda-opinion-todas-las-demas-condiciones\\\/cirugia-pediatrica\\\/#primaryimage\"},\"image\":{\"@id\":\"https:\\\/\\\/mdvisitclinic.com\\\/es\\\/segunda-opinion-todas-las-demas-condiciones\\\/cirugia-pediatrica\\\/#primaryimage\"},\"thumbnailUrl\":\"https:\\\/\\\/f55.01f.myftpupload.com\\\/wp-content\\\/uploads\\\/2024\\\/06\\\/Child-Surgery.jpg\",\"datePublished\":\"2024-06-27T04:45:29+00:00\",\"dateModified\":\"2024-11-27T04:32:26+00:00\",\"breadcrumb\":{\"@id\":\"https:\\\/\\\/mdvisitclinic.com\\\/es\\\/segunda-opinion-todas-las-demas-condiciones\\\/cirugia-pediatrica\\\/#breadcrumb\"},\"inLanguage\":\"es\",\"potentialAction\":[{\"@type\":\"ReadAction\",\"target\":[\"https:\\\/\\\/mdvisitclinic.com\\\/es\\\/segunda-opinion-todas-las-demas-condiciones\\\/cirugia-pediatrica\\\/\"]}]},{\"@type\":\"ImageObject\",\"inLanguage\":\"es\",\"@id\":\"https:\\\/\\\/mdvisitclinic.com\\\/es\\\/segunda-opinion-todas-las-demas-condiciones\\\/cirugia-pediatrica\\\/#primaryimage\",\"url\":\"https:\\\/\\\/f55.01f.myftpupload.com\\\/wp-content\\\/uploads\\\/2024\\\/06\\\/Child-Surgery.jpg\",\"contentUrl\":\"https:\\\/\\\/f55.01f.myftpupload.com\\\/wp-content\\\/uploads\\\/2024\\\/06\\\/Child-Surgery.jpg\"},{\"@type\":\"BreadcrumbList\",\"@id\":\"https:\\\/\\\/mdvisitclinic.com\\\/es\\\/segunda-opinion-todas-las-demas-condiciones\\\/cirugia-pediatrica\\\/#breadcrumb\",\"itemListElement\":[{\"@type\":\"ListItem\",\"position\":1,\"name\":\"Home\",\"item\":\"https:\\\/\\\/mdvisitclinic.com\\\/es\\\/\"},{\"@type\":\"ListItem\",\"position\":2,\"name\":\"Segunda Opini\u00f3n de Todas las Dem\u00e1s Condiciones\",\"item\":\"https:\\\/\\\/mdvisitclinic.com\\\/es\\\/segunda-opinion-todas-las-demas-condiciones\\\/\"},{\"@type\":\"ListItem\",\"position\":3,\"name\":\"Cirug\u00eda Pedi\u00e1trica\"}]},{\"@type\":\"WebSite\",\"@id\":\"https:\\\/\\\/mdvisitclinic.com\\\/es\\\/#website\",\"url\":\"https:\\\/\\\/mdvisitclinic.com\\\/es\\\/\",\"name\":\"MDVISIT CLINIC\",\"description\":\"\",\"publisher\":{\"@id\":\"https:\\\/\\\/mdvisitclinic.com\\\/es\\\/#organization\"},\"potentialAction\":[{\"@type\":\"SearchAction\",\"target\":{\"@type\":\"EntryPoint\",\"urlTemplate\":\"https:\\\/\\\/mdvisitclinic.com\\\/es\\\/?s={search_term_string}\"},\"query-input\":{\"@type\":\"PropertyValueSpecification\",\"valueRequired\":true,\"valueName\":\"search_term_string\"}}],\"inLanguage\":\"es\"},{\"@type\":\"Organization\",\"@id\":\"https:\\\/\\\/mdvisitclinic.com\\\/es\\\/#organization\",\"name\":\"MDVISIT CLINIC\",\"url\":\"https:\\\/\\\/mdvisitclinic.com\\\/es\\\/\",\"logo\":{\"@type\":\"ImageObject\",\"inLanguage\":\"es\",\"@id\":\"https:\\\/\\\/mdvisitclinic.com\\\/es\\\/#\\\/schema\\\/logo\\\/image\\\/\",\"url\":\"https:\\\/\\\/mdvisitclinic.com\\\/wp-content\\\/uploads\\\/2024\\\/03\\\/logo.png\",\"contentUrl\":\"https:\\\/\\\/mdvisitclinic.com\\\/wp-content\\\/uploads\\\/2024\\\/03\\\/logo.png\",\"width\":768,\"height\":118,\"caption\":\"MDVISIT CLINIC\"},\"image\":{\"@id\":\"https:\\\/\\\/mdvisitclinic.com\\\/es\\\/#\\\/schema\\\/logo\\\/image\\\/\"}}]}<\/script>\n<!-- \/ Yoast SEO plugin. -->","yoast_head_json":{"title":"Cirug\u00eda Pedi\u00e1trica - MDVISIT CLINIC","robots":{"index":"noindex","follow":"follow","max-snippet":"max-snippet:-1","max-image-preview":"max-image-preview:large","max-video-preview":"max-video-preview:-1"},"og_locale":"es_ES","og_type":"article","og_title":"Cirug\u00eda Pedi\u00e1trica - MDVISIT CLINIC","og_description":"Cirug\u00eda Pedi\u00e1trica Explicaci\u00f3n de la cirug\u00eda pedi\u00e1trica, incluidas las actividades previas y posteriores a la cirug\u00eda Su suge\u00f3n pedi\u00e1trico asignado y su enfermero se reunir\u00e1n con usted por video para revisar los resultados de su segunda opini\u00f3n. \u00c9l responder\u00e1 a sus preguntas. Si necesita cirug\u00eda y est\u00e1 considerando una cirug\u00eda en los Estados Unidos, aseg\u00farese [&hellip;]","og_url":"https:\/\/mdvisitclinic.com\/es\/segunda-opinion-todas-las-demas-condiciones\/cirugia-pediatrica\/","og_site_name":"MDVISIT CLINIC","article_modified_time":"2024-11-27T04:32:26+00:00","og_image":[{"url":"https:\/\/f55.01f.myftpupload.com\/wp-content\/uploads\/2024\/06\/Child-Surgery.jpg","type":"","width":"","height":""}],"twitter_card":"summary_large_image","twitter_misc":{"Est. reading time":"5 minutes"},"schema":{"@context":"https:\/\/schema.org","@graph":[{"@type":"WebPage","@id":"https:\/\/mdvisitclinic.com\/es\/segunda-opinion-todas-las-demas-condiciones\/cirugia-pediatrica\/","url":"https:\/\/mdvisitclinic.com\/es\/segunda-opinion-todas-las-demas-condiciones\/cirugia-pediatrica\/","name":"Cirug\u00eda Pedi\u00e1trica - MDVISIT CLINIC","isPartOf":{"@id":"https:\/\/mdvisitclinic.com\/es\/#website"},"primaryImageOfPage":{"@id":"https:\/\/mdvisitclinic.com\/es\/segunda-opinion-todas-las-demas-condiciones\/cirugia-pediatrica\/#primaryimage"},"image":{"@id":"https:\/\/mdvisitclinic.com\/es\/segunda-opinion-todas-las-demas-condiciones\/cirugia-pediatrica\/#primaryimage"},"thumbnailUrl":"https:\/\/f55.01f.myftpupload.com\/wp-content\/uploads\/2024\/06\/Child-Surgery.jpg","datePublished":"2024-06-27T04:45:29+00:00","dateModified":"2024-11-27T04:32:26+00:00","breadcrumb":{"@id":"https:\/\/mdvisitclinic.com\/es\/segunda-opinion-todas-las-demas-condiciones\/cirugia-pediatrica\/#breadcrumb"},"inLanguage":"es","potentialAction":[{"@type":"ReadAction","target":["https:\/\/mdvisitclinic.com\/es\/segunda-opinion-todas-las-demas-condiciones\/cirugia-pediatrica\/"]}]},{"@type":"ImageObject","inLanguage":"es","@id":"https:\/\/mdvisitclinic.com\/es\/segunda-opinion-todas-las-demas-condiciones\/cirugia-pediatrica\/#primaryimage","url":"https:\/\/f55.01f.myftpupload.com\/wp-content\/uploads\/2024\/06\/Child-Surgery.jpg","contentUrl":"https:\/\/f55.01f.myftpupload.com\/wp-content\/uploads\/2024\/06\/Child-Surgery.jpg"},{"@type":"BreadcrumbList","@id":"https:\/\/mdvisitclinic.com\/es\/segunda-opinion-todas-las-demas-condiciones\/cirugia-pediatrica\/#breadcrumb","itemListElement":[{"@type":"ListItem","position":1,"name":"Home","item":"https:\/\/mdvisitclinic.com\/es\/"},{"@type":"ListItem","position":2,"name":"Segunda Opini\u00f3n de Todas las Dem\u00e1s Condiciones","item":"https:\/\/mdvisitclinic.com\/es\/segunda-opinion-todas-las-demas-condiciones\/"},{"@type":"ListItem","position":3,"name":"Cirug\u00eda Pedi\u00e1trica"}]},{"@type":"WebSite","@id":"https:\/\/mdvisitclinic.com\/es\/#website","url":"https:\/\/mdvisitclinic.com\/es\/","name":"MDVISIT CLINIC","description":"","publisher":{"@id":"https:\/\/mdvisitclinic.com\/es\/#organization"},"potentialAction":[{"@type":"SearchAction","target":{"@type":"EntryPoint","urlTemplate":"https:\/\/mdvisitclinic.com\/es\/?s={search_term_string}"},"query-input":{"@type":"PropertyValueSpecification","valueRequired":true,"valueName":"search_term_string"}}],"inLanguage":"es"},{"@type":"Organization","@id":"https:\/\/mdvisitclinic.com\/es\/#organization","name":"MDVISIT CLINIC","url":"https:\/\/mdvisitclinic.com\/es\/","logo":{"@type":"ImageObject","inLanguage":"es","@id":"https:\/\/mdvisitclinic.com\/es\/#\/schema\/logo\/image\/","url":"https:\/\/mdvisitclinic.com\/wp-content\/uploads\/2024\/03\/logo.png","contentUrl":"https:\/\/mdvisitclinic.com\/wp-content\/uploads\/2024\/03\/logo.png","width":768,"height":118,"caption":"MDVISIT CLINIC"},"image":{"@id":"https:\/\/mdvisitclinic.com\/es\/#\/schema\/logo\/image\/"}}]}},"_links":{"self":[{"href":"https:\/\/mdvisitclinic.com\/es\/wp-json\/wp\/v2\/pages\/14270","targetHints":{"allow":["GET"]}}],"collection":[{"href":"https:\/\/mdvisitclinic.com\/es\/wp-json\/wp\/v2\/pages"}],"about":[{"href":"https:\/\/mdvisitclinic.com\/es\/wp-json\/wp\/v2\/types\/page"}],"author":[{"embeddable":true,"href":"https:\/\/mdvisitclinic.com\/es\/wp-json\/wp\/v2\/users\/8"}],"replies":[{"embeddable":true,"href":"https:\/\/mdvisitclinic.com\/es\/wp-json\/wp\/v2\/comments?post=14270"}],"version-history":[{"count":6,"href":"https:\/\/mdvisitclinic.com\/es\/wp-json\/wp\/v2\/pages\/14270\/revisions"}],"predecessor-version":[{"id":21683,"href":"https:\/\/mdvisitclinic.com\/es\/wp-json\/wp\/v2\/pages\/14270\/revisions\/21683"}],"up":[{"embeddable":true,"href":"https:\/\/mdvisitclinic.com\/es\/wp-json\/wp\/v2\/pages\/11684"}],"wp:attachment":[{"href":"https:\/\/mdvisitclinic.com\/es\/wp-json\/wp\/v2\/media?parent=14270"}],"curies":[{"name":"wp","href":"https:\/\/api.w.org\/{rel}","templated":true}]}}