{"id":14324,"date":"2024-06-27T05:05:23","date_gmt":"2024-06-27T05:05:23","guid":{"rendered":"https:\/\/f55.01f.myftpupload.com\/cardiologia-segunda-opinion\/cirugia-de-aneurisma-y-diseccion-aortica\/"},"modified":"2024-11-27T04:32:26","modified_gmt":"2024-11-27T04:32:26","slug":"cirugia-de-aneurisma-y-diseccion-aortica","status":"publish","type":"page","link":"https:\/\/mdvisitclinic.com\/es\/cardiologia-segunda-opinion\/cirugia-de-aneurisma-y-diseccion-aortica\/","title":{"rendered":"Aneurisma a\u00f3rtico y cirug\u00eda de disecci\u00f3n"},"content":{"rendered":"\t\t<div data-elementor-type=\"wp-page\" data-elementor-id=\"14324\" class=\"elementor elementor-14324 elementor-13270\" data-elementor-post-type=\"page\">\n\t\t\t\t<div class=\"elementor-element elementor-element-70655263 e-flex e-con-boxed e-con e-parent\" data-id=\"70655263\" data-element_type=\"container\" data-e-type=\"container\" data-settings=\"{&quot;background_background&quot;:&quot;classic&quot;,&quot;jet_parallax_layout_list&quot;:[]}\">\n\t\t\t\t\t<div class=\"e-con-inner\">\n\t\t<div class=\"elementor-element elementor-element-7e434901 e-con-full e-flex e-con e-child\" data-id=\"7e434901\" data-element_type=\"container\" data-e-type=\"container\" data-settings=\"{&quot;jet_parallax_layout_list&quot;:[]}\">\n\t\t\t\t<div class=\"elementor-element elementor-element-ad7d26f elementor-widget elementor-widget-heading\" data-id=\"ad7d26f\" data-element_type=\"widget\" data-e-type=\"widget\" data-widget_type=\"heading.default\">\n\t\t\t\t<div class=\"elementor-widget-container\">\n\t\t\t\t\t<h2 class=\"elementor-heading-title elementor-size-default\">Aneurisma a\u00f3rtico y cirug\u00eda de disecci\u00f3n  <\/h2>\t\t\t\t<\/div>\n\t\t\t\t<\/div>\n\t\t\t\t<\/div>\n\t\t\t\t\t<\/div>\n\t\t\t\t<\/div>\n\t\t<div class=\"elementor-element elementor-element-38579086 e-flex e-con-boxed e-con e-parent\" data-id=\"38579086\" data-element_type=\"container\" data-e-type=\"container\" data-settings=\"{&quot;jet_parallax_layout_list&quot;:[]}\">\n\t\t\t\t\t<div class=\"e-con-inner\">\n\t\t<div class=\"elementor-element elementor-element-111086d4 e-con-full e-flex e-con e-child\" data-id=\"111086d4\" data-element_type=\"container\" data-e-type=\"container\" data-settings=\"{&quot;jet_parallax_layout_list&quot;:[]}\">\n\t\t\t\t<div class=\"elementor-element elementor-element-5ca7c9de elementor-widget elementor-widget-heading\" data-id=\"5ca7c9de\" data-element_type=\"widget\" data-e-type=\"widget\" data-widget_type=\"heading.default\">\n\t\t\t\t<div class=\"elementor-widget-container\">\n\t\t\t\t\t<h2 class=\"elementor-heading-title elementor-size-default\">Explicaci\u00f3n del aneurisma a\u00f3rtico y la cirug\u00eda de disecci\u00f3n, incluidas las actividades previas y posteriores a la cirug\u00eda  <\/h2>\t\t\t\t<\/div>\n\t\t\t\t<\/div>\n\t\t\t\t<div class=\"elementor-element elementor-element-178a293e elementor-widget elementor-widget-text-editor\" data-id=\"178a293e\" data-element_type=\"widget\" data-e-type=\"widget\" data-widget_type=\"text-editor.default\">\n\t\t\t\t<div class=\"elementor-widget-container\">\n\t\t\t\t\t\t\t\t\t<p>Su cardi\u00f3logo asignado y su enfermero se reunir\u00e1n con usted por video para revisar los resultados de su segunda opini\u00f3n.<br \/>\n\u00c9l responder\u00e1 a sus preguntas.<br \/>\nSi necesita cirug\u00eda y est\u00e1 considerando una cirug\u00eda en los Estados Unidos, aseg\u00farese de hac\u00e9rselo saber.  <\/p>\n<p>Lea a continuaci\u00f3n para obtener una comprensi\u00f3n detallada del proceso quir\u00fargico.<\/p>\n\t\t\t\t\t\t\t\t<\/div>\n\t\t\t\t<\/div>\n\t\t\t\t<div class=\"elementor-element elementor-element-67a299fb elementor-widget elementor-widget-text-editor\" data-id=\"67a299fb\" data-element_type=\"widget\" data-e-type=\"widget\" data-widget_type=\"text-editor.default\">\n\t\t\t\t<div class=\"elementor-widget-container\">\n\t\t\t\t\t\t\t\t\t<p>Abstracto<\/p>\n<p>Las cirug\u00edas de disecci\u00f3n y aneurisma a\u00f3rtico se realizan para tratar afecciones potencialmente mortales que afectan a la aorta, la arteria principal del cuerpo.<br \/>\nUn aneurisma a\u00f3rtico es una protuberancia en la pared de la aorta, mientras que la disecci\u00f3n a\u00f3rtica es un desgarro en la capa interna de la aorta, lo que hace que la sangre fluya entre las capas de la pared a\u00f3rtica. <\/p>\n<p><strong>Tipos de cirug\u00edas a\u00f3rticas<\/strong><\/p>\n<ol>\n<li><strong>Reparaci\u00f3n de aneurisma a\u00f3rtico<\/strong>:\n<ul>\n<li><strong>Reparaci\u00f3n quir\u00fargica abierta<\/strong>: La secci\u00f3n da\u00f1ada de la aorta se reemplaza con un injerto sint\u00e9tico a trav\u00e9s de una incisi\u00f3n abierta.<\/li>\n<li><strong>Reparaci\u00f3n endovascular de aneurismas (EVAR, por sus siglas<\/strong> en ingl\u00e9s): procedimiento m\u00ednimamente invasivo en el que se coloca un stent dentro del aneurisma a trav\u00e9s de cat\u00e9teres que se insertan a trav\u00e9s de la ingle.<\/li>\n<\/ul>\n<\/li>\n<li><strong>Reparaci\u00f3n de la disecci\u00f3n a\u00f3rtica<\/strong>:\n<ul>\n<li><strong>Reparaci\u00f3n quir\u00fargica abierta<\/strong>: se extirpa la secci\u00f3n desgarrada de la aorta y se reemplaza con un injerto sint\u00e9tico.<\/li>\n<li><strong>Reparaci\u00f3n endovascular<\/strong>: Similar a la EVAR, este procedimiento utiliza un stent-injerto para reforzar la aorta y sellar la disecci\u00f3n.<\/li>\n<\/ul>\n<\/li>\n<\/ol>\n<p><strong>Actividades previas a la cirug\u00eda<\/strong><\/p>\n<ol>\n<li><strong>Evaluaci\u00f3n m\u00e9dica<\/strong>:\n<ul>\n<li><strong>Consulta con un cardi\u00f3logo y un cirujano<\/strong>: Discusi\u00f3n detallada sobre el procedimiento, los riesgos y los beneficios.<\/li>\n<li><strong>Pruebas preoperatorias<\/strong>: estudios de diagn\u00f3stico por im\u00e1genes, como tomograf\u00edas computarizadas, resonancias magn\u00e9ticas o ecocardiogramas para evaluar el estado de la aorta y planificar la cirug\u00eda.<\/li>\n<\/ul>\n<\/li>\n<li><strong>Medicamentos<\/strong>:\n<ul>\n<li><strong>Revisi\u00f3n de medicamentos<\/strong>: Hablar con su m\u00e9dico sobre los medicamentos actuales para evitar complicaciones.<\/li>\n<li><strong>Ajustes preoperatorios de medicamentos<\/strong>: Instrucciones sobre c\u00f3mo continuar, suspender o ajustar los medicamentos, especialmente los anticoagulantes y los medicamentos para la presi\u00f3n arterial.<\/li>\n<\/ul>\n<\/li>\n<li><strong>Ajustes en el estilo de vida<\/strong>:\n<ul>\n<li><strong>Restricciones diet\u00e9ticas<\/strong>: Pautas diet\u00e9ticas espec\u00edficas para optimizar la salud antes de la cirug\u00eda.<\/li>\n<li><strong>Dejar de fumar<\/strong>: Dejar de fumar para mejorar los resultados quir\u00fargicos y la salud vascular en general.<\/li>\n<\/ul>\n<\/li>\n<li><strong>Preparativos para el hospital<\/strong>:\n<ul>\n<li><strong>Admisi\u00f3n hospitalaria<\/strong>: Comprender el proceso de admisi\u00f3n y traer los documentos y art\u00edculos personales necesarios.<\/li>\n<li><strong>Consentimiento informado<\/strong>: Firmar formularios de consentimiento reconociendo la comprensi\u00f3n del procedimiento y sus riesgos.<\/li>\n<\/ul>\n<\/li>\n<li><strong>Instrucciones preoperatorias<\/strong>:\n<ul>\n<li><strong>Ayuno<\/strong>: No comer ni beber durante un per\u00edodo espec\u00edfico antes de la cirug\u00eda.<\/li>\n<li><strong>Higiene<\/strong>: Instrucciones sobre c\u00f3mo ba\u00f1arse y posiblemente afeitarse el \u00e1rea quir\u00fargica para reducir el riesgo de infecci\u00f3n.<\/li>\n<\/ul>\n<\/li>\n<\/ol>\n<p><strong>Actividades postoperatorias<\/strong><\/p>\n<ol>\n<li><strong>Cuidados postoperatorios inmediatos<\/strong>:\n<ul>\n<li><strong>Sala de recuperaci\u00f3n o UCI<\/strong>: Monitoreo inicial en la sala de recuperaci\u00f3n o en la unidad de cuidados intensivos (UCI) inmediatamente despu\u00e9s de la cirug\u00eda.<\/li>\n<li><strong>Manejo del dolor<\/strong>: Administraci\u00f3n de medicamentos para aliviar el dolor.<\/li>\n<li><strong>Monitoreo<\/strong>: Monitoreo estrecho de la funci\u00f3n card\u00edaca, la presi\u00f3n arterial y los niveles de ox\u00edgeno.<\/li>\n<\/ul>\n<\/li>\n<li><strong>Estad\u00eda en el hospital<\/strong>:\n<ul>\n<li><strong>Monitoreo regular<\/strong>: Monitoreo continuo de los signos vitales, la funci\u00f3n card\u00edaca y los sitios quir\u00fargicos.<\/li>\n<li><strong>Movilidad y rehabilitaci\u00f3n: Movilizaci\u00f3n<\/strong> temprana y fisioterapia para prevenir complicaciones como co\u00e1gulos de sangre y para iniciar el proceso de rehabilitaci\u00f3n.<\/li>\n<li>Cuidado de la <strong>herida<\/strong>: Manejo del sitio quir\u00fargico, incluidos los tubos tor\u00e1cicos o drenajes.<\/li>\n<\/ul>\n<\/li>\n<li><strong>Atenci\u00f3n en el hogar<\/strong>:\n<ul>\n<li>Cuidado de la <strong>herida<\/strong>: Instrucciones para mantener limpio y seco el sitio quir\u00fargico.<\/li>\n<li><strong>Medicamentos<\/strong>: Continuar con los medicamentos recetados, como medicamentos para la presi\u00f3n arterial, analg\u00e9sicos y antibi\u00f3ticos si es necesario.<\/li>\n<li><strong>Dieta y nutrici\u00f3n: Seguir<\/strong> pautas diet\u00e9ticas saludables para el coraz\u00f3n para ayudar a la recuperaci\u00f3n y prevenir problemas futuros.<\/li>\n<\/ul>\n<\/li>\n<li><strong>Atenci\u00f3n de seguimiento<\/strong>:\n<ul>\n<li><strong>Citas programadas<\/strong>: Seguimientos regulares con el cardi\u00f3logo y el cirujano para monitorear la recuperaci\u00f3n y abordar cualquier inquietud.<\/li>\n<li><strong>Pruebas de diagn\u00f3stico por im\u00e1genes<\/strong>: Pruebas de diagn\u00f3stico por im\u00e1genes peri\u00f3dicas para controlar la aorta reparada y asegurarse de que no haya complicaciones.<\/li>\n<li><strong>Monitoreo de complicaciones<\/strong>: Estar atento a signos de infecci\u00f3n, sangrado u otros problemas relacionados con el coraz\u00f3n o los sitios quir\u00fargicos.<\/li>\n<\/ul>\n<\/li>\n<li><strong>Gesti\u00f3n a largo plazo<\/strong>:\n<ul>\n<li><strong>Ajustes<\/strong> en el estilo de vida: Adoptar un estilo de vida saludable para el coraz\u00f3n, que incluya una dieta equilibrada, ejercicio regular, manejo del estr\u00e9s y dejar de fumar.<\/li>\n<li><strong>Atenci\u00f3n m\u00e9dica continua<\/strong>: chequeos regulares con el cardi\u00f3logo para controlar la salud del coraz\u00f3n y controlar cualquier afecci\u00f3n card\u00edaca nueva o en curso.<\/li>\n<li><strong>Cumplimiento de la medicaci\u00f3n<\/strong>: Continuar tomando los medicamentos recetados para controlar los factores de riesgo como la presi\u00f3n arterial alta y el colesterol.<\/li>\n<\/ul>\n<\/li>\n<\/ol>\n<p>Es crucial comprender los detalles de su aneurisma a\u00f3rtico o cirug\u00eda de disecci\u00f3n en particular, incluidos los riesgos potenciales y los resultados esperados.<br \/>\nSiempre consulte con su proveedor de atenci\u00f3n m\u00e9dica para obtener consejos e instrucciones personalizadas. <\/p>\n\t\t\t\t\t\t\t\t<\/div>\n\t\t\t\t<\/div>\n\t\t\t\t<\/div>\n\t\t<div class=\"elementor-element elementor-element-2e8e5628 e-con-full e-flex e-con e-child\" data-id=\"2e8e5628\" data-element_type=\"container\" data-e-type=\"container\" data-settings=\"{&quot;jet_parallax_layout_list&quot;:[]}\">\n\t\t\t\t<div class=\"elementor-element elementor-element-35e75104 elementor-widget elementor-widget-image\" data-id=\"35e75104\" data-element_type=\"widget\" data-e-type=\"widget\" data-widget_type=\"image.default\">\n\t\t\t\t<div class=\"elementor-widget-container\">\n\t\t\t\t\t\t\t\t\t\t\t\t\t\t\t<img fetchpriority=\"high\" decoding=\"async\" width=\"622\" height=\"400\" src=\"https:\/\/mdvisitclinic.com\/wp-content\/uploads\/2024\/06\/Aortic-Aneurysm.jpg\" class=\"attachment-full size-full wp-image-12394\" alt=\"\" srcset=\"https:\/\/mdvisitclinic.com\/wp-content\/uploads\/2024\/06\/Aortic-Aneurysm.jpg 622w, https:\/\/mdvisitclinic.com\/wp-content\/uploads\/2024\/06\/Aortic-Aneurysm-300x193.jpg 300w\" sizes=\"(max-width: 622px) 100vw, 622px\" \/>\t\t\t\t\t\t\t\t\t\t\t\t\t\t\t<\/div>\n\t\t\t\t<\/div>\n\t\t\t\t<\/div>\n\t\t\t\t\t<\/div>\n\t\t\t\t<\/div>\n\t\t\t\t<\/div>\n\t\t","protected":false},"excerpt":{"rendered":"<p>Aneurisma a\u00f3rtico y cirug\u00eda de disecci\u00f3n Explicaci\u00f3n del aneurisma a\u00f3rtico y la cirug\u00eda de disecci\u00f3n, incluidas las actividades previas y posteriores a la cirug\u00eda Su cardi\u00f3logo asignado y su enfermero se reunir\u00e1n con usted por video para revisar los resultados de su segunda opini\u00f3n. \u00c9l responder\u00e1 a sus preguntas. Si necesita cirug\u00eda y est\u00e1 considerando [&hellip;]<\/p>\n","protected":false},"author":8,"featured_media":0,"parent":11628,"menu_order":0,"comment_status":"closed","ping_status":"closed","template":"elementor_header_footer","meta":{"_acf_changed":false,"_coblocks_attr":"","_coblocks_dimensions":"","_coblocks_responsive_height":"","_coblocks_accordion_ie_support":"","hide_page_title":"","footnotes":""},"class_list":["post-14324","page","type-page","status-publish","hentry"],"acf":[],"yoast_head":"<!-- This site is optimized with the Yoast SEO plugin v27.3 - https:\/\/yoast.com\/product\/yoast-seo-wordpress\/ -->\n<title>Aneurisma a\u00f3rtico y cirug\u00eda de disecci\u00f3n - MDVISIT CLINIC<\/title>\n<meta name=\"robots\" content=\"noindex, follow, max-snippet:-1, max-image-preview:large, max-video-preview:-1\" \/>\n<meta property=\"og:locale\" content=\"es_ES\" \/>\n<meta property=\"og:type\" content=\"article\" \/>\n<meta property=\"og:title\" content=\"Aneurisma a\u00f3rtico y cirug\u00eda de disecci\u00f3n - MDVISIT CLINIC\" \/>\n<meta property=\"og:description\" content=\"Aneurisma a\u00f3rtico y cirug\u00eda de disecci\u00f3n Explicaci\u00f3n del aneurisma a\u00f3rtico y la cirug\u00eda de disecci\u00f3n, incluidas las actividades previas y posteriores a la cirug\u00eda Su cardi\u00f3logo asignado y su enfermero se reunir\u00e1n con usted por video para revisar los resultados de su segunda opini\u00f3n. \u00c9l responder\u00e1 a sus preguntas. Si necesita cirug\u00eda y est\u00e1 considerando [&hellip;]\" \/>\n<meta property=\"og:url\" content=\"https:\/\/mdvisitclinic.com\/es\/cardiologia-segunda-opinion\/cirugia-de-aneurisma-y-diseccion-aortica\/\" \/>\n<meta property=\"og:site_name\" content=\"MDVISIT CLINIC\" \/>\n<meta property=\"article:modified_time\" content=\"2024-11-27T04:32:26+00:00\" \/>\n<meta property=\"og:image\" content=\"https:\/\/f55.01f.myftpupload.com\/wp-content\/uploads\/2024\/06\/Aortic-Aneurysm.jpg\" \/>\n<meta name=\"twitter:card\" content=\"summary_large_image\" \/>\n<meta name=\"twitter:label1\" content=\"Est. reading time\" \/>\n\t<meta name=\"twitter:data1\" content=\"5 minutes\" \/>\n<script type=\"application\/ld+json\" class=\"yoast-schema-graph\">{\"@context\":\"https:\\\/\\\/schema.org\",\"@graph\":[{\"@type\":\"WebPage\",\"@id\":\"https:\\\/\\\/mdvisitclinic.com\\\/es\\\/cardiologia-segunda-opinion\\\/cirugia-de-aneurisma-y-diseccion-aortica\\\/\",\"url\":\"https:\\\/\\\/mdvisitclinic.com\\\/es\\\/cardiologia-segunda-opinion\\\/cirugia-de-aneurisma-y-diseccion-aortica\\\/\",\"name\":\"Aneurisma a\u00f3rtico y cirug\u00eda de disecci\u00f3n - MDVISIT CLINIC\",\"isPartOf\":{\"@id\":\"https:\\\/\\\/mdvisitclinic.com\\\/es\\\/#website\"},\"primaryImageOfPage\":{\"@id\":\"https:\\\/\\\/mdvisitclinic.com\\\/es\\\/cardiologia-segunda-opinion\\\/cirugia-de-aneurisma-y-diseccion-aortica\\\/#primaryimage\"},\"image\":{\"@id\":\"https:\\\/\\\/mdvisitclinic.com\\\/es\\\/cardiologia-segunda-opinion\\\/cirugia-de-aneurisma-y-diseccion-aortica\\\/#primaryimage\"},\"thumbnailUrl\":\"https:\\\/\\\/f55.01f.myftpupload.com\\\/wp-content\\\/uploads\\\/2024\\\/06\\\/Aortic-Aneurysm.jpg\",\"datePublished\":\"2024-06-27T05:05:23+00:00\",\"dateModified\":\"2024-11-27T04:32:26+00:00\",\"breadcrumb\":{\"@id\":\"https:\\\/\\\/mdvisitclinic.com\\\/es\\\/cardiologia-segunda-opinion\\\/cirugia-de-aneurisma-y-diseccion-aortica\\\/#breadcrumb\"},\"inLanguage\":\"es\",\"potentialAction\":[{\"@type\":\"ReadAction\",\"target\":[\"https:\\\/\\\/mdvisitclinic.com\\\/es\\\/cardiologia-segunda-opinion\\\/cirugia-de-aneurisma-y-diseccion-aortica\\\/\"]}]},{\"@type\":\"ImageObject\",\"inLanguage\":\"es\",\"@id\":\"https:\\\/\\\/mdvisitclinic.com\\\/es\\\/cardiologia-segunda-opinion\\\/cirugia-de-aneurisma-y-diseccion-aortica\\\/#primaryimage\",\"url\":\"https:\\\/\\\/f55.01f.myftpupload.com\\\/wp-content\\\/uploads\\\/2024\\\/06\\\/Aortic-Aneurysm.jpg\",\"contentUrl\":\"https:\\\/\\\/f55.01f.myftpupload.com\\\/wp-content\\\/uploads\\\/2024\\\/06\\\/Aortic-Aneurysm.jpg\"},{\"@type\":\"BreadcrumbList\",\"@id\":\"https:\\\/\\\/mdvisitclinic.com\\\/es\\\/cardiologia-segunda-opinion\\\/cirugia-de-aneurisma-y-diseccion-aortica\\\/#breadcrumb\",\"itemListElement\":[{\"@type\":\"ListItem\",\"position\":1,\"name\":\"Home\",\"item\":\"https:\\\/\\\/mdvisitclinic.com\\\/es\\\/\"},{\"@type\":\"ListItem\",\"position\":2,\"name\":\"Segunda Opini\u00f3n de Cardiolog\u00eda\",\"item\":\"https:\\\/\\\/mdvisitclinic.com\\\/es\\\/cardiologia-segunda-opinion\\\/\"},{\"@type\":\"ListItem\",\"position\":3,\"name\":\"Aneurisma a\u00f3rtico y cirug\u00eda de disecci\u00f3n\"}]},{\"@type\":\"WebSite\",\"@id\":\"https:\\\/\\\/mdvisitclinic.com\\\/es\\\/#website\",\"url\":\"https:\\\/\\\/mdvisitclinic.com\\\/es\\\/\",\"name\":\"MDVISIT CLINIC\",\"description\":\"\",\"publisher\":{\"@id\":\"https:\\\/\\\/mdvisitclinic.com\\\/es\\\/#organization\"},\"potentialAction\":[{\"@type\":\"SearchAction\",\"target\":{\"@type\":\"EntryPoint\",\"urlTemplate\":\"https:\\\/\\\/mdvisitclinic.com\\\/es\\\/?s={search_term_string}\"},\"query-input\":{\"@type\":\"PropertyValueSpecification\",\"valueRequired\":true,\"valueName\":\"search_term_string\"}}],\"inLanguage\":\"es\"},{\"@type\":\"Organization\",\"@id\":\"https:\\\/\\\/mdvisitclinic.com\\\/es\\\/#organization\",\"name\":\"MDVISIT CLINIC\",\"url\":\"https:\\\/\\\/mdvisitclinic.com\\\/es\\\/\",\"logo\":{\"@type\":\"ImageObject\",\"inLanguage\":\"es\",\"@id\":\"https:\\\/\\\/mdvisitclinic.com\\\/es\\\/#\\\/schema\\\/logo\\\/image\\\/\",\"url\":\"https:\\\/\\\/mdvisitclinic.com\\\/wp-content\\\/uploads\\\/2024\\\/03\\\/logo.png\",\"contentUrl\":\"https:\\\/\\\/mdvisitclinic.com\\\/wp-content\\\/uploads\\\/2024\\\/03\\\/logo.png\",\"width\":768,\"height\":118,\"caption\":\"MDVISIT CLINIC\"},\"image\":{\"@id\":\"https:\\\/\\\/mdvisitclinic.com\\\/es\\\/#\\\/schema\\\/logo\\\/image\\\/\"}}]}<\/script>\n<!-- \/ Yoast SEO plugin. -->","yoast_head_json":{"title":"Aneurisma a\u00f3rtico y cirug\u00eda de disecci\u00f3n - MDVISIT CLINIC","robots":{"index":"noindex","follow":"follow","max-snippet":"max-snippet:-1","max-image-preview":"max-image-preview:large","max-video-preview":"max-video-preview:-1"},"og_locale":"es_ES","og_type":"article","og_title":"Aneurisma a\u00f3rtico y cirug\u00eda de disecci\u00f3n - MDVISIT CLINIC","og_description":"Aneurisma a\u00f3rtico y cirug\u00eda de disecci\u00f3n Explicaci\u00f3n del aneurisma a\u00f3rtico y la cirug\u00eda de disecci\u00f3n, incluidas las actividades previas y posteriores a la cirug\u00eda Su cardi\u00f3logo asignado y su enfermero se reunir\u00e1n con usted por video para revisar los resultados de su segunda opini\u00f3n. \u00c9l responder\u00e1 a sus preguntas. Si necesita cirug\u00eda y est\u00e1 considerando [&hellip;]","og_url":"https:\/\/mdvisitclinic.com\/es\/cardiologia-segunda-opinion\/cirugia-de-aneurisma-y-diseccion-aortica\/","og_site_name":"MDVISIT CLINIC","article_modified_time":"2024-11-27T04:32:26+00:00","og_image":[{"url":"https:\/\/f55.01f.myftpupload.com\/wp-content\/uploads\/2024\/06\/Aortic-Aneurysm.jpg","type":"","width":"","height":""}],"twitter_card":"summary_large_image","twitter_misc":{"Est. reading time":"5 minutes"},"schema":{"@context":"https:\/\/schema.org","@graph":[{"@type":"WebPage","@id":"https:\/\/mdvisitclinic.com\/es\/cardiologia-segunda-opinion\/cirugia-de-aneurisma-y-diseccion-aortica\/","url":"https:\/\/mdvisitclinic.com\/es\/cardiologia-segunda-opinion\/cirugia-de-aneurisma-y-diseccion-aortica\/","name":"Aneurisma a\u00f3rtico y cirug\u00eda de disecci\u00f3n - MDVISIT CLINIC","isPartOf":{"@id":"https:\/\/mdvisitclinic.com\/es\/#website"},"primaryImageOfPage":{"@id":"https:\/\/mdvisitclinic.com\/es\/cardiologia-segunda-opinion\/cirugia-de-aneurisma-y-diseccion-aortica\/#primaryimage"},"image":{"@id":"https:\/\/mdvisitclinic.com\/es\/cardiologia-segunda-opinion\/cirugia-de-aneurisma-y-diseccion-aortica\/#primaryimage"},"thumbnailUrl":"https:\/\/f55.01f.myftpupload.com\/wp-content\/uploads\/2024\/06\/Aortic-Aneurysm.jpg","datePublished":"2024-06-27T05:05:23+00:00","dateModified":"2024-11-27T04:32:26+00:00","breadcrumb":{"@id":"https:\/\/mdvisitclinic.com\/es\/cardiologia-segunda-opinion\/cirugia-de-aneurisma-y-diseccion-aortica\/#breadcrumb"},"inLanguage":"es","potentialAction":[{"@type":"ReadAction","target":["https:\/\/mdvisitclinic.com\/es\/cardiologia-segunda-opinion\/cirugia-de-aneurisma-y-diseccion-aortica\/"]}]},{"@type":"ImageObject","inLanguage":"es","@id":"https:\/\/mdvisitclinic.com\/es\/cardiologia-segunda-opinion\/cirugia-de-aneurisma-y-diseccion-aortica\/#primaryimage","url":"https:\/\/f55.01f.myftpupload.com\/wp-content\/uploads\/2024\/06\/Aortic-Aneurysm.jpg","contentUrl":"https:\/\/f55.01f.myftpupload.com\/wp-content\/uploads\/2024\/06\/Aortic-Aneurysm.jpg"},{"@type":"BreadcrumbList","@id":"https:\/\/mdvisitclinic.com\/es\/cardiologia-segunda-opinion\/cirugia-de-aneurisma-y-diseccion-aortica\/#breadcrumb","itemListElement":[{"@type":"ListItem","position":1,"name":"Home","item":"https:\/\/mdvisitclinic.com\/es\/"},{"@type":"ListItem","position":2,"name":"Segunda Opini\u00f3n de Cardiolog\u00eda","item":"https:\/\/mdvisitclinic.com\/es\/cardiologia-segunda-opinion\/"},{"@type":"ListItem","position":3,"name":"Aneurisma a\u00f3rtico y cirug\u00eda de disecci\u00f3n"}]},{"@type":"WebSite","@id":"https:\/\/mdvisitclinic.com\/es\/#website","url":"https:\/\/mdvisitclinic.com\/es\/","name":"MDVISIT CLINIC","description":"","publisher":{"@id":"https:\/\/mdvisitclinic.com\/es\/#organization"},"potentialAction":[{"@type":"SearchAction","target":{"@type":"EntryPoint","urlTemplate":"https:\/\/mdvisitclinic.com\/es\/?s={search_term_string}"},"query-input":{"@type":"PropertyValueSpecification","valueRequired":true,"valueName":"search_term_string"}}],"inLanguage":"es"},{"@type":"Organization","@id":"https:\/\/mdvisitclinic.com\/es\/#organization","name":"MDVISIT CLINIC","url":"https:\/\/mdvisitclinic.com\/es\/","logo":{"@type":"ImageObject","inLanguage":"es","@id":"https:\/\/mdvisitclinic.com\/es\/#\/schema\/logo\/image\/","url":"https:\/\/mdvisitclinic.com\/wp-content\/uploads\/2024\/03\/logo.png","contentUrl":"https:\/\/mdvisitclinic.com\/wp-content\/uploads\/2024\/03\/logo.png","width":768,"height":118,"caption":"MDVISIT CLINIC"},"image":{"@id":"https:\/\/mdvisitclinic.com\/es\/#\/schema\/logo\/image\/"}}]}},"_links":{"self":[{"href":"https:\/\/mdvisitclinic.com\/es\/wp-json\/wp\/v2\/pages\/14324","targetHints":{"allow":["GET"]}}],"collection":[{"href":"https:\/\/mdvisitclinic.com\/es\/wp-json\/wp\/v2\/pages"}],"about":[{"href":"https:\/\/mdvisitclinic.com\/es\/wp-json\/wp\/v2\/types\/page"}],"author":[{"embeddable":true,"href":"https:\/\/mdvisitclinic.com\/es\/wp-json\/wp\/v2\/users\/8"}],"replies":[{"embeddable":true,"href":"https:\/\/mdvisitclinic.com\/es\/wp-json\/wp\/v2\/comments?post=14324"}],"version-history":[{"count":5,"href":"https:\/\/mdvisitclinic.com\/es\/wp-json\/wp\/v2\/pages\/14324\/revisions"}],"predecessor-version":[{"id":21679,"href":"https:\/\/mdvisitclinic.com\/es\/wp-json\/wp\/v2\/pages\/14324\/revisions\/21679"}],"up":[{"embeddable":true,"href":"https:\/\/mdvisitclinic.com\/es\/wp-json\/wp\/v2\/pages\/11628"}],"wp:attachment":[{"href":"https:\/\/mdvisitclinic.com\/es\/wp-json\/wp\/v2\/media?parent=14324"}],"curies":[{"name":"wp","href":"https:\/\/api.w.org\/{rel}","templated":true}]}}