{"id":19116,"date":"2024-10-24T05:49:28","date_gmt":"2024-10-24T05:49:28","guid":{"rendered":"https:\/\/f55.01f.myftpupload.com\/teresa-farah\/"},"modified":"2024-11-27T04:32:00","modified_gmt":"2024-11-27T04:32:00","slug":"teresa-farah","status":"publish","type":"page","link":"https:\/\/mdvisitclinic.com\/es\/nuestro-equipo\/teresa-farah\/","title":{"rendered":"Teresa Farah."},"content":{"rendered":"\t\t<div data-elementor-type=\"wp-page\" data-elementor-id=\"19116\" class=\"elementor elementor-19116 elementor-17457\" data-elementor-post-type=\"page\">\n\t\t\t\t<div class=\"elementor-element elementor-element-bce02a8 e-flex e-con-boxed e-con e-parent\" data-id=\"bce02a8\" data-element_type=\"container\" data-e-type=\"container\" data-settings=\"{&quot;jet_parallax_layout_list&quot;:[]}\">\n\t\t\t\t\t<div class=\"e-con-inner\">\n\t\t<div class=\"elementor-element elementor-element-9b54728 e-con-full e-flex e-con e-child\" data-id=\"9b54728\" data-element_type=\"container\" data-e-type=\"container\" data-settings=\"{&quot;jet_parallax_layout_list&quot;:[]}\">\n\t\t<div class=\"elementor-element elementor-element-892b5f5 e-flex e-con-boxed e-con e-child\" data-id=\"892b5f5\" data-element_type=\"container\" data-e-type=\"container\" data-settings=\"{&quot;jet_parallax_layout_list&quot;:[]}\">\n\t\t\t\t\t<div class=\"e-con-inner\">\n\t\t\t\t<div class=\"elementor-element elementor-element-1efcb41 elementor-invisible elementor-widget elementor-widget-heading\" data-id=\"1efcb41\" data-element_type=\"widget\" data-e-type=\"widget\" data-settings=\"{&quot;_animation&quot;:&quot;fadeInDown&quot;,&quot;_animation_delay&quot;:0.40000000000000002}\" data-widget_type=\"heading.default\">\n\t\t\t\t<div class=\"elementor-widget-container\">\n\t\t\t\t\t<h1 class=\"elementor-heading-title elementor-size-default\">Teresa Farah.<\/h1>\t\t\t\t<\/div>\n\t\t\t\t<\/div>\n\t\t\t\t<div class=\"elementor-element elementor-element-b68cd84 elementor-widget__width-inherit elementor-invisible elementor-widget elementor-widget-heading\" data-id=\"b68cd84\" data-element_type=\"widget\" data-e-type=\"widget\" data-settings=\"{&quot;_animation&quot;:&quot;fadeInDown&quot;,&quot;_animation_delay&quot;:0.59999999999999998}\" data-widget_type=\"heading.default\">\n\t\t\t\t<div class=\"elementor-widget-container\">\n\t\t\t\t\t<h6 class=\"elementor-heading-title elementor-size-default\">Director de Asuntos Jur\u00eddicos, Director de Gobierno Corporativo.<\/h6>\t\t\t\t<\/div>\n\t\t\t\t<\/div>\n\t\t\t\t\t<\/div>\n\t\t\t\t<\/div>\n\t\t<div class=\"elementor-element elementor-element-d05798f e-con-full e-flex e-con e-child\" data-id=\"d05798f\" data-element_type=\"container\" data-e-type=\"container\" data-settings=\"{&quot;jet_parallax_layout_list&quot;:[]}\">\n\t\t\t\t<div class=\"elementor-element elementor-element-5b31c5a elementor-widget__width-inherit team_desc elementor-invisible elementor-widget elementor-widget-text-editor\" data-id=\"5b31c5a\" data-element_type=\"widget\" data-e-type=\"widget\" data-settings=\"{&quot;_animation&quot;:&quot;fadeIn&quot;,&quot;_animation_delay&quot;:1}\" data-widget_type=\"text-editor.default\">\n\t\t\t\t<div class=\"elementor-widget-container\">\n\t\t\t\t\t\t\t\t\t<p>Teresa Farah es la Directora Legal, Directora de Gobernanza y Secretaria de MDVISIT CLINIC. En este puesto, es responsable de todos los asuntos legales en MDVISIT CLINIC. Teresa es una galardonada abogada transaccional y estratega de negocios que ha trabajado en negocios internacionales durante m\u00e1s de treinta a\u00f1os. Ha representado a clientes que van desde el Gobierno de Dubai, Walmart, Tyson Foods y Sam&#8217;s Club.<\/p>\n<p>Antes de regresar a los EE. UU., Teresa trabaj\u00f3 en Dubai, Emiratos \u00c1rabes Unidos, durante siete a\u00f1os, tanto en el sector privado como en el p\u00fablico. Durante su estancia en Dub\u00e1i, se desempe\u00f1\u00f3 como Jefa del Departamento Legal de la Oficina Ejecutiva del Gobernante de Dub\u00e1i, el Jeque Mohammed Bin Rashid Al Maktoum.<\/p>\n<p>Durante su mandato en el gobierno de Dub\u00e1i, Teresa fue la abogada principal que represent\u00f3 al gobierno de Dub\u00e1i en numerosas empresas conjuntas multimillonarias entre el gobierno y corporaciones multinacionales, empresas de Fortune 500 y otros gobiernos. Como Jefa del Departamento Legal del Gobernante de Dubai, Teresa gestion\u00f3 los requisitos legales de una cartera de activos multimillonaria, que inclu\u00eda todas las entidades bajo la autoridad de la Oficina Ejecutiva del gobierno de Dubai, que inclu\u00eda: Autoridad de Desarrollo e Inversi\u00f3n de Dubai; Bolsa Mercantil de Dub\u00e1i; Dubai Energy Limited; Dubai Healthcare City (una zona franca de atenci\u00f3n m\u00e9dica de 4.1 millones de pies cuadrados) desarrollada en conjunto con Harvard Medical; Ciudad Industrial de Dub\u00e1i; Dubailand, LLC (un complejo residencial y de entretenimiento multimillonario); Jumeirah, LLC (un grupo global de hoteles y hospitalidad de lujo); Escuela de Gobierno de Dub\u00e1i (desarrollada con la Escuela de Gobierno Kennedy de la Universidad de Harvard); y la Ciudad Humanitaria Internacional de Dub\u00e1i (el centro humanitario m\u00e1s grande del mundo). <\/p>\n\t\t\t\t\t\t\t\t<\/div>\n\t\t\t\t<\/div>\n\t\t\t\t<\/div>\n\t\t\t\t<\/div>\n\t\t<div class=\"elementor-element elementor-element-c1d129e e-con-full e-flex e-con e-child\" data-id=\"c1d129e\" data-element_type=\"container\" data-e-type=\"container\" data-settings=\"{&quot;jet_parallax_layout_list&quot;:[]}\">\n\t\t\t\t<div class=\"elementor-element elementor-element-3c505af animated-slow elementor-invisible elementor-widget elementor-widget-image\" data-id=\"3c505af\" data-element_type=\"widget\" data-e-type=\"widget\" data-settings=\"{&quot;_animation&quot;:&quot;fadeInLeft&quot;,&quot;_animation_mobile&quot;:&quot;none&quot;,&quot;_animation_delay&quot;:1.5,&quot;sticky&quot;:&quot;top&quot;,&quot;sticky_on&quot;:[&quot;widescreen&quot;,&quot;desktop&quot;,&quot;tablet&quot;],&quot;sticky_parent&quot;:&quot;yes&quot;,&quot;sticky_offset&quot;:0,&quot;sticky_effects_offset&quot;:0,&quot;sticky_anchor_link_offset&quot;:0}\" data-widget_type=\"image.default\">\n\t\t\t\t<div class=\"elementor-widget-container\">\n\t\t\t\t\t\t\t\t\t\t\t\t\t\t\t<img fetchpriority=\"high\" decoding=\"async\" width=\"334\" height=\"415\" src=\"https:\/\/mdvisitclinic.com\/wp-content\/uploads\/2024\/06\/Teresa-Farah-img.png\" class=\"attachment-large size-large wp-image-9000\" alt=\"\" srcset=\"https:\/\/mdvisitclinic.com\/wp-content\/uploads\/2024\/06\/Teresa-Farah-img.png 334w, https:\/\/mdvisitclinic.com\/wp-content\/uploads\/2024\/06\/Teresa-Farah-img-241x300.png 241w\" sizes=\"(max-width: 334px) 100vw, 334px\" \/>\t\t\t\t\t\t\t\t\t\t\t\t\t\t\t<\/div>\n\t\t\t\t<\/div>\n\t\t\t\t<\/div>\n\t\t\t\t\t<\/div>\n\t\t\t\t<\/div>\n\t\t\t\t<\/div>\n\t\t","protected":false},"excerpt":{"rendered":"<p>Teresa Farah. Director de Asuntos Jur\u00eddicos, Director de Gobierno Corporativo. Teresa Farah es la Directora Legal, Directora de Gobernanza y Secretaria de MDVISIT CLINIC. En este puesto, es responsable de todos los asuntos legales en MDVISIT CLINIC. Teresa es una galardonada abogada transaccional y estratega de negocios que ha trabajado en negocios internacionales durante m\u00e1s [&hellip;]<\/p>\n","protected":false},"author":9,"featured_media":0,"parent":19154,"menu_order":0,"comment_status":"closed","ping_status":"closed","template":"elementor_header_footer","meta":{"_acf_changed":false,"_coblocks_attr":"","_coblocks_dimensions":"","_coblocks_responsive_height":"","_coblocks_accordion_ie_support":"","hide_page_title":"","footnotes":""},"class_list":["post-19116","page","type-page","status-publish","hentry"],"acf":[],"yoast_head":"<!-- This site is optimized with the Yoast SEO plugin v27.6 - https:\/\/yoast.com\/product\/yoast-seo-wordpress\/ -->\n<title>Teresa Farah. - MDVISIT CLINIC<\/title>\n<meta name=\"robots\" content=\"noindex, follow, max-snippet:-1, max-image-preview:large, max-video-preview:-1\" \/>\n<meta property=\"og:locale\" content=\"es_ES\" \/>\n<meta property=\"og:type\" content=\"article\" \/>\n<meta property=\"og:title\" content=\"Teresa Farah. - MDVISIT CLINIC\" \/>\n<meta property=\"og:description\" content=\"Teresa Farah. Director de Asuntos Jur\u00eddicos, Director de Gobierno Corporativo. Teresa Farah es la Directora Legal, Directora de Gobernanza y Secretaria de MDVISIT CLINIC. En este puesto, es responsable de todos los asuntos legales en MDVISIT CLINIC. Teresa es una galardonada abogada transaccional y estratega de negocios que ha trabajado en negocios internacionales durante m\u00e1s [&hellip;]\" \/>\n<meta property=\"og:url\" content=\"https:\/\/mdvisitclinic.com\/es\/nuestro-equipo\/teresa-farah\/\" \/>\n<meta property=\"og:site_name\" content=\"MDVISIT CLINIC\" \/>\n<meta property=\"article:modified_time\" content=\"2024-11-27T04:32:00+00:00\" \/>\n<meta property=\"og:image\" content=\"https:\/\/f55.01f.myftpupload.com\/wp-content\/uploads\/2024\/06\/Teresa-Farah-img.png\" \/>\n<meta name=\"twitter:card\" content=\"summary_large_image\" \/>\n<meta name=\"twitter:label1\" content=\"Est. reading time\" \/>\n\t<meta name=\"twitter:data1\" content=\"2 minutes\" \/>\n<script type=\"application\/ld+json\" class=\"yoast-schema-graph\">{\"@context\":\"https:\\\/\\\/schema.org\",\"@graph\":[{\"@type\":\"WebPage\",\"@id\":\"https:\\\/\\\/mdvisitclinic.com\\\/es\\\/nuestro-equipo\\\/teresa-farah\\\/\",\"url\":\"https:\\\/\\\/mdvisitclinic.com\\\/es\\\/nuestro-equipo\\\/teresa-farah\\\/\",\"name\":\"Teresa Farah. - MDVISIT CLINIC\",\"isPartOf\":{\"@id\":\"https:\\\/\\\/mdvisitclinic.com\\\/es\\\/#website\"},\"primaryImageOfPage\":{\"@id\":\"https:\\\/\\\/mdvisitclinic.com\\\/es\\\/nuestro-equipo\\\/teresa-farah\\\/#primaryimage\"},\"image\":{\"@id\":\"https:\\\/\\\/mdvisitclinic.com\\\/es\\\/nuestro-equipo\\\/teresa-farah\\\/#primaryimage\"},\"thumbnailUrl\":\"https:\\\/\\\/f55.01f.myftpupload.com\\\/wp-content\\\/uploads\\\/2024\\\/06\\\/Teresa-Farah-img.png\",\"datePublished\":\"2024-10-24T05:49:28+00:00\",\"dateModified\":\"2024-11-27T04:32:00+00:00\",\"breadcrumb\":{\"@id\":\"https:\\\/\\\/mdvisitclinic.com\\\/es\\\/nuestro-equipo\\\/teresa-farah\\\/#breadcrumb\"},\"inLanguage\":\"es\",\"potentialAction\":[{\"@type\":\"ReadAction\",\"target\":[\"https:\\\/\\\/mdvisitclinic.com\\\/es\\\/nuestro-equipo\\\/teresa-farah\\\/\"]}]},{\"@type\":\"ImageObject\",\"inLanguage\":\"es\",\"@id\":\"https:\\\/\\\/mdvisitclinic.com\\\/es\\\/nuestro-equipo\\\/teresa-farah\\\/#primaryimage\",\"url\":\"https:\\\/\\\/f55.01f.myftpupload.com\\\/wp-content\\\/uploads\\\/2024\\\/06\\\/Teresa-Farah-img.png\",\"contentUrl\":\"https:\\\/\\\/f55.01f.myftpupload.com\\\/wp-content\\\/uploads\\\/2024\\\/06\\\/Teresa-Farah-img.png\"},{\"@type\":\"BreadcrumbList\",\"@id\":\"https:\\\/\\\/mdvisitclinic.com\\\/es\\\/nuestro-equipo\\\/teresa-farah\\\/#breadcrumb\",\"itemListElement\":[{\"@type\":\"ListItem\",\"position\":1,\"name\":\"Home\",\"item\":\"https:\\\/\\\/mdvisitclinic.com\\\/es\\\/\"},{\"@type\":\"ListItem\",\"position\":2,\"name\":\"Nuestro equipo\",\"item\":\"https:\\\/\\\/mdvisitclinic.com\\\/es\\\/nuestro-equipo\\\/\"},{\"@type\":\"ListItem\",\"position\":3,\"name\":\"Teresa Farah.\"}]},{\"@type\":\"WebSite\",\"@id\":\"https:\\\/\\\/mdvisitclinic.com\\\/es\\\/#website\",\"url\":\"https:\\\/\\\/mdvisitclinic.com\\\/es\\\/\",\"name\":\"MDVISIT CLINIC\",\"description\":\"\",\"publisher\":{\"@id\":\"https:\\\/\\\/mdvisitclinic.com\\\/es\\\/#organization\"},\"potentialAction\":[{\"@type\":\"SearchAction\",\"target\":{\"@type\":\"EntryPoint\",\"urlTemplate\":\"https:\\\/\\\/mdvisitclinic.com\\\/es\\\/?s={search_term_string}\"},\"query-input\":{\"@type\":\"PropertyValueSpecification\",\"valueRequired\":true,\"valueName\":\"search_term_string\"}}],\"inLanguage\":\"es\"},{\"@type\":\"Organization\",\"@id\":\"https:\\\/\\\/mdvisitclinic.com\\\/es\\\/#organization\",\"name\":\"MDVISIT CLINIC\",\"url\":\"https:\\\/\\\/mdvisitclinic.com\\\/es\\\/\",\"logo\":{\"@type\":\"ImageObject\",\"inLanguage\":\"es\",\"@id\":\"https:\\\/\\\/mdvisitclinic.com\\\/es\\\/#\\\/schema\\\/logo\\\/image\\\/\",\"url\":\"https:\\\/\\\/mdvisitclinic.com\\\/wp-content\\\/uploads\\\/2024\\\/03\\\/logo.png\",\"contentUrl\":\"https:\\\/\\\/mdvisitclinic.com\\\/wp-content\\\/uploads\\\/2024\\\/03\\\/logo.png\",\"width\":768,\"height\":118,\"caption\":\"MDVISIT CLINIC\"},\"image\":{\"@id\":\"https:\\\/\\\/mdvisitclinic.com\\\/es\\\/#\\\/schema\\\/logo\\\/image\\\/\"}}]}<\/script>\n<!-- \/ Yoast SEO plugin. -->","yoast_head_json":{"title":"Teresa Farah. - MDVISIT CLINIC","robots":{"index":"noindex","follow":"follow","max-snippet":"max-snippet:-1","max-image-preview":"max-image-preview:large","max-video-preview":"max-video-preview:-1"},"og_locale":"es_ES","og_type":"article","og_title":"Teresa Farah. - MDVISIT CLINIC","og_description":"Teresa Farah. Director de Asuntos Jur\u00eddicos, Director de Gobierno Corporativo. Teresa Farah es la Directora Legal, Directora de Gobernanza y Secretaria de MDVISIT CLINIC. En este puesto, es responsable de todos los asuntos legales en MDVISIT CLINIC. Teresa es una galardonada abogada transaccional y estratega de negocios que ha trabajado en negocios internacionales durante m\u00e1s [&hellip;]","og_url":"https:\/\/mdvisitclinic.com\/es\/nuestro-equipo\/teresa-farah\/","og_site_name":"MDVISIT CLINIC","article_modified_time":"2024-11-27T04:32:00+00:00","og_image":[{"url":"https:\/\/f55.01f.myftpupload.com\/wp-content\/uploads\/2024\/06\/Teresa-Farah-img.png","type":"","width":"","height":""}],"twitter_card":"summary_large_image","twitter_misc":{"Est. reading time":"2 minutes"},"schema":{"@context":"https:\/\/schema.org","@graph":[{"@type":"WebPage","@id":"https:\/\/mdvisitclinic.com\/es\/nuestro-equipo\/teresa-farah\/","url":"https:\/\/mdvisitclinic.com\/es\/nuestro-equipo\/teresa-farah\/","name":"Teresa Farah. - MDVISIT CLINIC","isPartOf":{"@id":"https:\/\/mdvisitclinic.com\/es\/#website"},"primaryImageOfPage":{"@id":"https:\/\/mdvisitclinic.com\/es\/nuestro-equipo\/teresa-farah\/#primaryimage"},"image":{"@id":"https:\/\/mdvisitclinic.com\/es\/nuestro-equipo\/teresa-farah\/#primaryimage"},"thumbnailUrl":"https:\/\/f55.01f.myftpupload.com\/wp-content\/uploads\/2024\/06\/Teresa-Farah-img.png","datePublished":"2024-10-24T05:49:28+00:00","dateModified":"2024-11-27T04:32:00+00:00","breadcrumb":{"@id":"https:\/\/mdvisitclinic.com\/es\/nuestro-equipo\/teresa-farah\/#breadcrumb"},"inLanguage":"es","potentialAction":[{"@type":"ReadAction","target":["https:\/\/mdvisitclinic.com\/es\/nuestro-equipo\/teresa-farah\/"]}]},{"@type":"ImageObject","inLanguage":"es","@id":"https:\/\/mdvisitclinic.com\/es\/nuestro-equipo\/teresa-farah\/#primaryimage","url":"https:\/\/f55.01f.myftpupload.com\/wp-content\/uploads\/2024\/06\/Teresa-Farah-img.png","contentUrl":"https:\/\/f55.01f.myftpupload.com\/wp-content\/uploads\/2024\/06\/Teresa-Farah-img.png"},{"@type":"BreadcrumbList","@id":"https:\/\/mdvisitclinic.com\/es\/nuestro-equipo\/teresa-farah\/#breadcrumb","itemListElement":[{"@type":"ListItem","position":1,"name":"Home","item":"https:\/\/mdvisitclinic.com\/es\/"},{"@type":"ListItem","position":2,"name":"Nuestro equipo","item":"https:\/\/mdvisitclinic.com\/es\/nuestro-equipo\/"},{"@type":"ListItem","position":3,"name":"Teresa Farah."}]},{"@type":"WebSite","@id":"https:\/\/mdvisitclinic.com\/es\/#website","url":"https:\/\/mdvisitclinic.com\/es\/","name":"MDVISIT CLINIC","description":"","publisher":{"@id":"https:\/\/mdvisitclinic.com\/es\/#organization"},"potentialAction":[{"@type":"SearchAction","target":{"@type":"EntryPoint","urlTemplate":"https:\/\/mdvisitclinic.com\/es\/?s={search_term_string}"},"query-input":{"@type":"PropertyValueSpecification","valueRequired":true,"valueName":"search_term_string"}}],"inLanguage":"es"},{"@type":"Organization","@id":"https:\/\/mdvisitclinic.com\/es\/#organization","name":"MDVISIT CLINIC","url":"https:\/\/mdvisitclinic.com\/es\/","logo":{"@type":"ImageObject","inLanguage":"es","@id":"https:\/\/mdvisitclinic.com\/es\/#\/schema\/logo\/image\/","url":"https:\/\/mdvisitclinic.com\/wp-content\/uploads\/2024\/03\/logo.png","contentUrl":"https:\/\/mdvisitclinic.com\/wp-content\/uploads\/2024\/03\/logo.png","width":768,"height":118,"caption":"MDVISIT CLINIC"},"image":{"@id":"https:\/\/mdvisitclinic.com\/es\/#\/schema\/logo\/image\/"}}]}},"_links":{"self":[{"href":"https:\/\/mdvisitclinic.com\/es\/wp-json\/wp\/v2\/pages\/19116","targetHints":{"allow":["GET"]}}],"collection":[{"href":"https:\/\/mdvisitclinic.com\/es\/wp-json\/wp\/v2\/pages"}],"about":[{"href":"https:\/\/mdvisitclinic.com\/es\/wp-json\/wp\/v2\/types\/page"}],"author":[{"embeddable":true,"href":"https:\/\/mdvisitclinic.com\/es\/wp-json\/wp\/v2\/users\/9"}],"replies":[{"embeddable":true,"href":"https:\/\/mdvisitclinic.com\/es\/wp-json\/wp\/v2\/comments?post=19116"}],"version-history":[{"count":3,"href":"https:\/\/mdvisitclinic.com\/es\/wp-json\/wp\/v2\/pages\/19116\/revisions"}],"predecessor-version":[{"id":21661,"href":"https:\/\/mdvisitclinic.com\/es\/wp-json\/wp\/v2\/pages\/19116\/revisions\/21661"}],"up":[{"embeddable":true,"href":"https:\/\/mdvisitclinic.com\/es\/wp-json\/wp\/v2\/pages\/19154"}],"wp:attachment":[{"href":"https:\/\/mdvisitclinic.com\/es\/wp-json\/wp\/v2\/media?parent=19116"}],"curies":[{"name":"wp","href":"https:\/\/api.w.org\/{rel}","templated":true}]}}