{"id":19117,"date":"2024-10-17T08:55:33","date_gmt":"2024-10-17T08:55:33","guid":{"rendered":"https:\/\/f55.01f.myftpupload.com\/jan-young\/"},"modified":"2024-11-27T04:32:17","modified_gmt":"2024-11-27T04:32:17","slug":"jan-young","status":"publish","type":"page","link":"https:\/\/mdvisitclinic.com\/es\/nuestro-equipo\/jan-young\/","title":{"rendered":"Jan Joven"},"content":{"rendered":"\t\t<div data-elementor-type=\"wp-page\" data-elementor-id=\"19117\" class=\"elementor elementor-19117 elementor-16642\" data-elementor-post-type=\"page\">\n\t\t\t\t<div class=\"elementor-element elementor-element-ebad26b e-flex e-con-boxed e-con e-parent\" data-id=\"ebad26b\" data-element_type=\"container\" data-e-type=\"container\" data-settings=\"{&quot;jet_parallax_layout_list&quot;:[]}\">\n\t\t\t\t\t<div class=\"e-con-inner\">\n\t\t<div class=\"elementor-element elementor-element-dd1a3fc e-con-full e-flex e-con e-child\" data-id=\"dd1a3fc\" data-element_type=\"container\" data-e-type=\"container\" data-settings=\"{&quot;jet_parallax_layout_list&quot;:[]}\">\n\t\t<div class=\"elementor-element elementor-element-8ec1af7 e-flex e-con-boxed e-con e-child\" data-id=\"8ec1af7\" data-element_type=\"container\" data-e-type=\"container\" data-settings=\"{&quot;jet_parallax_layout_list&quot;:[]}\">\n\t\t\t\t\t<div class=\"e-con-inner\">\n\t\t\t\t<div class=\"elementor-element elementor-element-edc4f57 elementor-invisible elementor-widget elementor-widget-heading\" data-id=\"edc4f57\" data-element_type=\"widget\" data-e-type=\"widget\" data-settings=\"{&quot;_animation&quot;:&quot;fadeInDown&quot;,&quot;_animation_delay&quot;:0.40000000000000002}\" data-widget_type=\"heading.default\">\n\t\t\t\t<div class=\"elementor-widget-container\">\n\t\t\t\t\t<h1 class=\"elementor-heading-title elementor-size-default\">Dr. Jan Young<\/h1>\t\t\t\t<\/div>\n\t\t\t\t<\/div>\n\t\t\t\t<div class=\"elementor-element elementor-element-fdc0393 elementor-widget__width-inherit elementor-invisible elementor-widget elementor-widget-heading\" data-id=\"fdc0393\" data-element_type=\"widget\" data-e-type=\"widget\" data-settings=\"{&quot;_animation&quot;:&quot;fadeInDown&quot;,&quot;_animation_delay&quot;:0.59999999999999998}\" data-widget_type=\"heading.default\">\n\t\t\t\t<div class=\"elementor-widget-container\">\n\t\t\t\t\t<h6 class=\"elementor-heading-title elementor-size-default\">Director de Supervisi\u00f3n y Miembro de la Junta Directiva<\/h6>\t\t\t\t<\/div>\n\t\t\t\t<\/div>\n\t\t\t\t\t<\/div>\n\t\t\t\t<\/div>\n\t\t<div class=\"elementor-element elementor-element-6f2442f e-con-full e-flex e-con e-child\" data-id=\"6f2442f\" data-element_type=\"container\" data-e-type=\"container\" data-settings=\"{&quot;jet_parallax_layout_list&quot;:[]}\">\n\t\t<div class=\"elementor-element elementor-element-ae4d047 e-con-full e-flex e-con e-child\" data-id=\"ae4d047\" data-element_type=\"container\" data-e-type=\"container\" data-settings=\"{&quot;jet_parallax_layout_list&quot;:[]}\">\n\t\t\t\t<div class=\"elementor-element elementor-element-0965180 elementor-widget__width-inherit team_desc elementor-invisible elementor-widget elementor-widget-text-editor\" data-id=\"0965180\" data-element_type=\"widget\" data-e-type=\"widget\" data-settings=\"{&quot;_animation&quot;:&quot;fadeIn&quot;,&quot;_animation_delay&quot;:1}\" data-widget_type=\"text-editor.default\">\n\t\t\t\t<div class=\"elementor-widget-container\">\n\t\t\t\t\t\t\t\t\t<p>La Dra. Jan Young es la Directora de Supervisi\u00f3n de MDVISIT CLINIC. Se asegura de que los procesos y las actividades sean eficientes y eficaces. <\/p>\n<p>La Dra. Jan Young es tambi\u00e9n la Directora Ejecutiva de la Fundaci\u00f3n As\u00eds de Memphis. Con una amplia experiencia en atenci\u00f3n m\u00e9dica, educaci\u00f3n, ej\u00e9rcito y administraci\u00f3n de organizaciones sin fines de lucro, Jan disfruta de ser un socio de pensamiento que explora oportunidades y desaf\u00edos para ayudar a facilitar un cambio transformador positivo a nivel individual, institucional, comunitario y de pol\u00edticas p\u00fablicas. <\/p>\n\t\t\t\t\t\t\t\t<\/div>\n\t\t\t\t<\/div>\n\t\t\t\t<div class=\"elementor-element elementor-element-fc9b7e5 elementor-widget__width-inherit team_desc elementor-invisible elementor-widget elementor-widget-text-editor\" data-id=\"fc9b7e5\" data-element_type=\"widget\" data-e-type=\"widget\" data-settings=\"{&quot;_animation&quot;:&quot;fadeIn&quot;,&quot;_animation_delay&quot;:1}\" data-widget_type=\"text-editor.default\">\n\t\t\t\t<div class=\"elementor-widget-container\">\n\t\t\t\t\t\t\t\t\tLa Dra. Jan Young ha tenido una distinguida carrera en educaci\u00f3n, atenci\u00f3n m\u00e9dica, ej\u00e9rcito y filantrop\u00eda. Actualmente, como Directora Ejecutiva de la Fundaci\u00f3n Assisi de Memphis, la Dra. Young tiene la responsabilidad general de facilitar las actividades filantr\u00f3picas, la gesti\u00f3n, las relaciones comunitarias y la direcci\u00f3n estrat\u00e9gica de la Fundaci\u00f3n. La Fundaci\u00f3n As\u00eds es una fundaci\u00f3n de legado de salud creada a partir de la venta del Hospital San Francisco en 1994. Su misi\u00f3n es la filantrop\u00eda efectiva. Con la misi\u00f3n de &#8220;filantrop\u00eda efectiva&#8221;, la Fundaci\u00f3n se esfuerza por responder a las diversas necesidades de nuestra comunidad para apoyar la salud, el aprendizaje permanente, la justicia social y la administraci\u00f3n de recursos. Desde su creaci\u00f3n, la Fundaci\u00f3n ha otorgado m\u00e1s de doscientos noventa millones de d\u00f3lares a organizaciones sin fines de lucro que atienden a personas principalmente en Memphis, Tennessee, y el \u00e1rea metropolitana circundante. El Dr. Young se desempe\u00f1a como asesor para m\u00faltiples organizaciones sin fines de lucro y fue miembro de la Junta Directiva de Philanthropy Southeast.      \n\t\t\t\t\t\t\t\t<\/div>\n\t\t\t\t<\/div>\n\t\t\t\t<div class=\"elementor-element elementor-element-43d591d elementor-widget__width-inherit team_desc elementor-invisible elementor-widget elementor-widget-text-editor\" data-id=\"43d591d\" data-element_type=\"widget\" data-e-type=\"widget\" data-settings=\"{&quot;_animation&quot;:&quot;fadeIn&quot;,&quot;_animation_delay&quot;:1}\" data-widget_type=\"text-editor.default\">\n\t\t\t\t<div class=\"elementor-widget-container\">\n\t\t\t\t\t\t\t\t\tEl servicio militar del Dr. Young comenz\u00f3 en las Reservas del Cuerpo de Enfermer\u00eda del Ej\u00e9rcito de los EE. UU. y luego se transfiri\u00f3 a la Guardia Nacional A\u00e9rea. Recibi\u00f3 el honor nacional de Enfermera Destacada de la Guardia Nacional A\u00e9rea y dirigi\u00f3 el equipo que recibi\u00f3 el primer Premio al Programa de Promoci\u00f3n de la Salud Sobresaliente de la Guardia Nacional A\u00e9rea. Despu\u00e9s de desempe\u00f1arse en numerosos roles de responsabilidad progresiva, el Dr. Young fue ascendido al rango de General de Brigada y se desempe\u00f1\u00f3 como Asesor de la Guardia Nacional A\u00e9rea del Cirujano General Adjunto de la Fuerza A\u00e9rea de los Estados Unidos, Desarrollo de la Fuerza M\u00e9dica y Servicios de Enfermer\u00eda. En ese cargo, se centr\u00f3 en cuestiones de pol\u00edtica nacional, an\u00e1lisis y evaluaci\u00f3n. Al finalizar esa gira, fue nombrada para su asignaci\u00f3n terminal como Asistente de la Guardia Nacional A\u00e9rea para el Comando de Educaci\u00f3n y Entrenamiento A\u00e9reo, retir\u00e1ndose como General de Divisi\u00f3n.    \n\t\t\t\t\t\t\t\t<\/div>\n\t\t\t\t<\/div>\n\t\t\t\t<\/div>\n\t\t\t\t<\/div>\n\t\t\t\t<\/div>\n\t\t<div class=\"elementor-element elementor-element-d949d3c e-con-full e-flex e-con e-child\" data-id=\"d949d3c\" data-element_type=\"container\" data-e-type=\"container\" data-settings=\"{&quot;jet_parallax_layout_list&quot;:[]}\">\n\t\t\t\t<div class=\"elementor-element elementor-element-12d5796 animated-slow elementor-invisible elementor-widget elementor-widget-image\" data-id=\"12d5796\" data-element_type=\"widget\" data-e-type=\"widget\" data-settings=\"{&quot;_animation&quot;:&quot;fadeInLeft&quot;,&quot;_animation_mobile&quot;:&quot;none&quot;,&quot;_animation_delay&quot;:1.5,&quot;sticky&quot;:&quot;top&quot;,&quot;sticky_on&quot;:[&quot;widescreen&quot;,&quot;desktop&quot;,&quot;tablet&quot;],&quot;sticky_parent&quot;:&quot;yes&quot;,&quot;sticky_offset&quot;:0,&quot;sticky_effects_offset&quot;:0,&quot;sticky_anchor_link_offset&quot;:0}\" data-widget_type=\"image.default\">\n\t\t\t\t<div class=\"elementor-widget-container\">\n\t\t\t\t\t\t\t\t\t\t\t\t\t\t\t<img fetchpriority=\"high\" decoding=\"async\" width=\"500\" height=\"500\" src=\"https:\/\/mdvisitclinic.com\/wp-content\/uploads\/2024\/10\/jan-young-1.jpg\" class=\"attachment-full size-full wp-image-16987\" alt=\"\" srcset=\"https:\/\/mdvisitclinic.com\/wp-content\/uploads\/2024\/10\/jan-young-1.jpg 500w, https:\/\/mdvisitclinic.com\/wp-content\/uploads\/2024\/10\/jan-young-1-300x300.jpg 300w, https:\/\/mdvisitclinic.com\/wp-content\/uploads\/2024\/10\/jan-young-1-150x150.jpg 150w\" sizes=\"(max-width: 500px) 100vw, 500px\" \/>\t\t\t\t\t\t\t\t\t\t\t\t\t\t\t<\/div>\n\t\t\t\t<\/div>\n\t\t\t\t<\/div>\n\t\t\t\t\t<\/div>\n\t\t\t\t<\/div>\n\t\t\t\t<\/div>\n\t\t","protected":false},"excerpt":{"rendered":"<p>Dr. Jan Young Director de Supervisi\u00f3n y Miembro de la Junta Directiva La Dra. Jan Young es la Directora de Supervisi\u00f3n de MDVISIT CLINIC. Se asegura de que los procesos y las actividades sean eficientes y eficaces. La Dra. Jan Young es tambi\u00e9n la Directora Ejecutiva de la Fundaci\u00f3n As\u00eds de Memphis. Con una amplia [&hellip;]<\/p>\n","protected":false},"author":9,"featured_media":0,"parent":19154,"menu_order":0,"comment_status":"closed","ping_status":"closed","template":"elementor_header_footer","meta":{"_acf_changed":false,"_coblocks_attr":"","_coblocks_dimensions":"","_coblocks_responsive_height":"","_coblocks_accordion_ie_support":"","hide_page_title":"","footnotes":""},"class_list":["post-19117","page","type-page","status-publish","hentry"],"acf":[],"yoast_head":"<!-- This site is optimized with the Yoast SEO plugin v27.6 - https:\/\/yoast.com\/product\/yoast-seo-wordpress\/ -->\n<title>Jan Joven - MDVISIT CLINIC<\/title>\n<meta name=\"robots\" content=\"noindex, follow, max-snippet:-1, max-image-preview:large, max-video-preview:-1\" \/>\n<meta property=\"og:locale\" content=\"es_ES\" \/>\n<meta property=\"og:type\" content=\"article\" \/>\n<meta property=\"og:title\" content=\"Jan Joven - MDVISIT CLINIC\" \/>\n<meta property=\"og:description\" content=\"Dr. Jan Young Director de Supervisi\u00f3n y Miembro de la Junta Directiva La Dra. Jan Young es la Directora de Supervisi\u00f3n de MDVISIT CLINIC. Se asegura de que los procesos y las actividades sean eficientes y eficaces. La Dra. Jan Young es tambi\u00e9n la Directora Ejecutiva de la Fundaci\u00f3n As\u00eds de Memphis. Con una amplia [&hellip;]\" \/>\n<meta property=\"og:url\" content=\"https:\/\/mdvisitclinic.com\/es\/nuestro-equipo\/jan-young\/\" \/>\n<meta property=\"og:site_name\" content=\"MDVISIT CLINIC\" \/>\n<meta property=\"article:modified_time\" content=\"2024-11-27T04:32:17+00:00\" \/>\n<meta property=\"og:image\" content=\"https:\/\/f55.01f.myftpupload.com\/wp-content\/uploads\/2024\/10\/jan-young-1.jpg\" \/>\n<meta name=\"twitter:card\" content=\"summary_large_image\" \/>\n<meta name=\"twitter:label1\" content=\"Est. reading time\" \/>\n\t<meta name=\"twitter:data1\" content=\"2 minutes\" \/>\n<script type=\"application\/ld+json\" class=\"yoast-schema-graph\">{\"@context\":\"https:\\\/\\\/schema.org\",\"@graph\":[{\"@type\":\"WebPage\",\"@id\":\"https:\\\/\\\/mdvisitclinic.com\\\/es\\\/nuestro-equipo\\\/jan-young\\\/\",\"url\":\"https:\\\/\\\/mdvisitclinic.com\\\/es\\\/nuestro-equipo\\\/jan-young\\\/\",\"name\":\"Jan Joven - MDVISIT CLINIC\",\"isPartOf\":{\"@id\":\"https:\\\/\\\/mdvisitclinic.com\\\/es\\\/#website\"},\"primaryImageOfPage\":{\"@id\":\"https:\\\/\\\/mdvisitclinic.com\\\/es\\\/nuestro-equipo\\\/jan-young\\\/#primaryimage\"},\"image\":{\"@id\":\"https:\\\/\\\/mdvisitclinic.com\\\/es\\\/nuestro-equipo\\\/jan-young\\\/#primaryimage\"},\"thumbnailUrl\":\"https:\\\/\\\/f55.01f.myftpupload.com\\\/wp-content\\\/uploads\\\/2024\\\/10\\\/jan-young-1.jpg\",\"datePublished\":\"2024-10-17T08:55:33+00:00\",\"dateModified\":\"2024-11-27T04:32:17+00:00\",\"breadcrumb\":{\"@id\":\"https:\\\/\\\/mdvisitclinic.com\\\/es\\\/nuestro-equipo\\\/jan-young\\\/#breadcrumb\"},\"inLanguage\":\"es\",\"potentialAction\":[{\"@type\":\"ReadAction\",\"target\":[\"https:\\\/\\\/mdvisitclinic.com\\\/es\\\/nuestro-equipo\\\/jan-young\\\/\"]}]},{\"@type\":\"ImageObject\",\"inLanguage\":\"es\",\"@id\":\"https:\\\/\\\/mdvisitclinic.com\\\/es\\\/nuestro-equipo\\\/jan-young\\\/#primaryimage\",\"url\":\"https:\\\/\\\/f55.01f.myftpupload.com\\\/wp-content\\\/uploads\\\/2024\\\/10\\\/jan-young-1.jpg\",\"contentUrl\":\"https:\\\/\\\/f55.01f.myftpupload.com\\\/wp-content\\\/uploads\\\/2024\\\/10\\\/jan-young-1.jpg\"},{\"@type\":\"BreadcrumbList\",\"@id\":\"https:\\\/\\\/mdvisitclinic.com\\\/es\\\/nuestro-equipo\\\/jan-young\\\/#breadcrumb\",\"itemListElement\":[{\"@type\":\"ListItem\",\"position\":1,\"name\":\"Home\",\"item\":\"https:\\\/\\\/mdvisitclinic.com\\\/es\\\/\"},{\"@type\":\"ListItem\",\"position\":2,\"name\":\"Nuestro equipo\",\"item\":\"https:\\\/\\\/mdvisitclinic.com\\\/es\\\/nuestro-equipo\\\/\"},{\"@type\":\"ListItem\",\"position\":3,\"name\":\"Jan Joven\"}]},{\"@type\":\"WebSite\",\"@id\":\"https:\\\/\\\/mdvisitclinic.com\\\/es\\\/#website\",\"url\":\"https:\\\/\\\/mdvisitclinic.com\\\/es\\\/\",\"name\":\"MDVISIT CLINIC\",\"description\":\"\",\"publisher\":{\"@id\":\"https:\\\/\\\/mdvisitclinic.com\\\/es\\\/#organization\"},\"potentialAction\":[{\"@type\":\"SearchAction\",\"target\":{\"@type\":\"EntryPoint\",\"urlTemplate\":\"https:\\\/\\\/mdvisitclinic.com\\\/es\\\/?s={search_term_string}\"},\"query-input\":{\"@type\":\"PropertyValueSpecification\",\"valueRequired\":true,\"valueName\":\"search_term_string\"}}],\"inLanguage\":\"es\"},{\"@type\":\"Organization\",\"@id\":\"https:\\\/\\\/mdvisitclinic.com\\\/es\\\/#organization\",\"name\":\"MDVISIT CLINIC\",\"url\":\"https:\\\/\\\/mdvisitclinic.com\\\/es\\\/\",\"logo\":{\"@type\":\"ImageObject\",\"inLanguage\":\"es\",\"@id\":\"https:\\\/\\\/mdvisitclinic.com\\\/es\\\/#\\\/schema\\\/logo\\\/image\\\/\",\"url\":\"https:\\\/\\\/mdvisitclinic.com\\\/wp-content\\\/uploads\\\/2024\\\/03\\\/logo.png\",\"contentUrl\":\"https:\\\/\\\/mdvisitclinic.com\\\/wp-content\\\/uploads\\\/2024\\\/03\\\/logo.png\",\"width\":768,\"height\":118,\"caption\":\"MDVISIT CLINIC\"},\"image\":{\"@id\":\"https:\\\/\\\/mdvisitclinic.com\\\/es\\\/#\\\/schema\\\/logo\\\/image\\\/\"}}]}<\/script>\n<!-- \/ Yoast SEO plugin. -->","yoast_head_json":{"title":"Jan Joven - MDVISIT CLINIC","robots":{"index":"noindex","follow":"follow","max-snippet":"max-snippet:-1","max-image-preview":"max-image-preview:large","max-video-preview":"max-video-preview:-1"},"og_locale":"es_ES","og_type":"article","og_title":"Jan Joven - MDVISIT CLINIC","og_description":"Dr. Jan Young Director de Supervisi\u00f3n y Miembro de la Junta Directiva La Dra. Jan Young es la Directora de Supervisi\u00f3n de MDVISIT CLINIC. Se asegura de que los procesos y las actividades sean eficientes y eficaces. La Dra. Jan Young es tambi\u00e9n la Directora Ejecutiva de la Fundaci\u00f3n As\u00eds de Memphis. Con una amplia [&hellip;]","og_url":"https:\/\/mdvisitclinic.com\/es\/nuestro-equipo\/jan-young\/","og_site_name":"MDVISIT CLINIC","article_modified_time":"2024-11-27T04:32:17+00:00","og_image":[{"url":"https:\/\/f55.01f.myftpupload.com\/wp-content\/uploads\/2024\/10\/jan-young-1.jpg","type":"","width":"","height":""}],"twitter_card":"summary_large_image","twitter_misc":{"Est. reading time":"2 minutes"},"schema":{"@context":"https:\/\/schema.org","@graph":[{"@type":"WebPage","@id":"https:\/\/mdvisitclinic.com\/es\/nuestro-equipo\/jan-young\/","url":"https:\/\/mdvisitclinic.com\/es\/nuestro-equipo\/jan-young\/","name":"Jan Joven - MDVISIT CLINIC","isPartOf":{"@id":"https:\/\/mdvisitclinic.com\/es\/#website"},"primaryImageOfPage":{"@id":"https:\/\/mdvisitclinic.com\/es\/nuestro-equipo\/jan-young\/#primaryimage"},"image":{"@id":"https:\/\/mdvisitclinic.com\/es\/nuestro-equipo\/jan-young\/#primaryimage"},"thumbnailUrl":"https:\/\/f55.01f.myftpupload.com\/wp-content\/uploads\/2024\/10\/jan-young-1.jpg","datePublished":"2024-10-17T08:55:33+00:00","dateModified":"2024-11-27T04:32:17+00:00","breadcrumb":{"@id":"https:\/\/mdvisitclinic.com\/es\/nuestro-equipo\/jan-young\/#breadcrumb"},"inLanguage":"es","potentialAction":[{"@type":"ReadAction","target":["https:\/\/mdvisitclinic.com\/es\/nuestro-equipo\/jan-young\/"]}]},{"@type":"ImageObject","inLanguage":"es","@id":"https:\/\/mdvisitclinic.com\/es\/nuestro-equipo\/jan-young\/#primaryimage","url":"https:\/\/f55.01f.myftpupload.com\/wp-content\/uploads\/2024\/10\/jan-young-1.jpg","contentUrl":"https:\/\/f55.01f.myftpupload.com\/wp-content\/uploads\/2024\/10\/jan-young-1.jpg"},{"@type":"BreadcrumbList","@id":"https:\/\/mdvisitclinic.com\/es\/nuestro-equipo\/jan-young\/#breadcrumb","itemListElement":[{"@type":"ListItem","position":1,"name":"Home","item":"https:\/\/mdvisitclinic.com\/es\/"},{"@type":"ListItem","position":2,"name":"Nuestro equipo","item":"https:\/\/mdvisitclinic.com\/es\/nuestro-equipo\/"},{"@type":"ListItem","position":3,"name":"Jan Joven"}]},{"@type":"WebSite","@id":"https:\/\/mdvisitclinic.com\/es\/#website","url":"https:\/\/mdvisitclinic.com\/es\/","name":"MDVISIT CLINIC","description":"","publisher":{"@id":"https:\/\/mdvisitclinic.com\/es\/#organization"},"potentialAction":[{"@type":"SearchAction","target":{"@type":"EntryPoint","urlTemplate":"https:\/\/mdvisitclinic.com\/es\/?s={search_term_string}"},"query-input":{"@type":"PropertyValueSpecification","valueRequired":true,"valueName":"search_term_string"}}],"inLanguage":"es"},{"@type":"Organization","@id":"https:\/\/mdvisitclinic.com\/es\/#organization","name":"MDVISIT CLINIC","url":"https:\/\/mdvisitclinic.com\/es\/","logo":{"@type":"ImageObject","inLanguage":"es","@id":"https:\/\/mdvisitclinic.com\/es\/#\/schema\/logo\/image\/","url":"https:\/\/mdvisitclinic.com\/wp-content\/uploads\/2024\/03\/logo.png","contentUrl":"https:\/\/mdvisitclinic.com\/wp-content\/uploads\/2024\/03\/logo.png","width":768,"height":118,"caption":"MDVISIT CLINIC"},"image":{"@id":"https:\/\/mdvisitclinic.com\/es\/#\/schema\/logo\/image\/"}}]}},"_links":{"self":[{"href":"https:\/\/mdvisitclinic.com\/es\/wp-json\/wp\/v2\/pages\/19117","targetHints":{"allow":["GET"]}}],"collection":[{"href":"https:\/\/mdvisitclinic.com\/es\/wp-json\/wp\/v2\/pages"}],"about":[{"href":"https:\/\/mdvisitclinic.com\/es\/wp-json\/wp\/v2\/types\/page"}],"author":[{"embeddable":true,"href":"https:\/\/mdvisitclinic.com\/es\/wp-json\/wp\/v2\/users\/9"}],"replies":[{"embeddable":true,"href":"https:\/\/mdvisitclinic.com\/es\/wp-json\/wp\/v2\/comments?post=19117"}],"version-history":[{"count":1,"href":"https:\/\/mdvisitclinic.com\/es\/wp-json\/wp\/v2\/pages\/19117\/revisions"}],"predecessor-version":[{"id":19119,"href":"https:\/\/mdvisitclinic.com\/es\/wp-json\/wp\/v2\/pages\/19117\/revisions\/19119"}],"up":[{"embeddable":true,"href":"https:\/\/mdvisitclinic.com\/es\/wp-json\/wp\/v2\/pages\/19154"}],"wp:attachment":[{"href":"https:\/\/mdvisitclinic.com\/es\/wp-json\/wp\/v2\/media?parent=19117"}],"curies":[{"name":"wp","href":"https:\/\/api.w.org\/{rel}","templated":true}]}}