{"id":19127,"date":"2024-10-24T05:30:44","date_gmt":"2024-10-24T05:30:44","guid":{"rendered":"https:\/\/f55.01f.myftpupload.com\/paul-hodge\/"},"modified":"2024-11-29T10:23:20","modified_gmt":"2024-11-29T10:23:20","slug":"paul-hodge","status":"publish","type":"page","link":"https:\/\/mdvisitclinic.com\/es\/nuestro-equipo\/paul-hodge\/","title":{"rendered":"Paul Hodge"},"content":{"rendered":"\t\t<div data-elementor-type=\"wp-page\" data-elementor-id=\"19127\" class=\"elementor elementor-19127 elementor-17424\" data-elementor-post-type=\"page\">\n\t\t\t\t<div class=\"elementor-element elementor-element-a838a92 e-flex e-con-boxed e-con e-parent\" data-id=\"a838a92\" data-element_type=\"container\" data-e-type=\"container\" data-settings=\"{&quot;jet_parallax_layout_list&quot;:[]}\">\n\t\t\t\t\t<div class=\"e-con-inner\">\n\t\t<div class=\"elementor-element elementor-element-3769b19 e-con-full e-flex e-con e-child\" data-id=\"3769b19\" data-element_type=\"container\" data-e-type=\"container\" data-settings=\"{&quot;jet_parallax_layout_list&quot;:[]}\">\n\t\t<div class=\"elementor-element elementor-element-6d1711e e-flex e-con-boxed e-con e-child\" data-id=\"6d1711e\" data-element_type=\"container\" data-e-type=\"container\" data-settings=\"{&quot;jet_parallax_layout_list&quot;:[]}\">\n\t\t\t\t\t<div class=\"e-con-inner\">\n\t\t\t\t<div class=\"elementor-element elementor-element-0990eaa elementor-invisible elementor-widget elementor-widget-heading\" data-id=\"0990eaa\" data-element_type=\"widget\" data-e-type=\"widget\" data-settings=\"{&quot;_animation&quot;:&quot;fadeInDown&quot;,&quot;_animation_delay&quot;:0.40000000000000002}\" data-widget_type=\"heading.default\">\n\t\t\t\t<div class=\"elementor-widget-container\">\n\t\t\t\t\t<h1 class=\"elementor-heading-title elementor-size-default\">Paul Hodge<\/h1>\t\t\t\t<\/div>\n\t\t\t\t<\/div>\n\t\t\t\t<div class=\"elementor-element elementor-element-907475e elementor-widget__width-inherit elementor-invisible elementor-widget elementor-widget-heading\" data-id=\"907475e\" data-element_type=\"widget\" data-e-type=\"widget\" data-settings=\"{&quot;_animation&quot;:&quot;fadeInDown&quot;,&quot;_animation_delay&quot;:0.59999999999999998}\" data-widget_type=\"heading.default\">\n\t\t\t\t<div class=\"elementor-widget-container\">\n\t\t\t\t\t<h6 class=\"elementor-heading-title elementor-size-default\">CEO y Director de Innovaci\u00f3n<\/h6>\t\t\t\t<\/div>\n\t\t\t\t<\/div>\n\t\t\t\t<div class=\"elementor-element elementor-element-0190dc8 elementor-widget__width-auto elementor-invisible elementor-widget elementor-widget-heading\" data-id=\"0190dc8\" data-element_type=\"widget\" data-e-type=\"widget\" data-settings=\"{&quot;_animation&quot;:&quot;fadeInDown&quot;,&quot;_animation_delay&quot;:0.80000000000000004}\" data-widget_type=\"heading.default\">\n\t\t\t\t<div class=\"elementor-widget-container\">\n\t\t\t\t\t<p class=\"elementor-heading-title elementor-size-default\"><a href=\"mailto:paulh@mdvisitclinic.com\">paulh@mdvisitclinic.com<\/a><\/p>\t\t\t\t<\/div>\n\t\t\t\t<\/div>\n\t\t\t\t\t<\/div>\n\t\t\t\t<\/div>\n\t\t<div class=\"elementor-element elementor-element-8e13202 e-con-full e-flex e-con e-child\" data-id=\"8e13202\" data-element_type=\"container\" data-e-type=\"container\" data-settings=\"{&quot;jet_parallax_layout_list&quot;:[]}\">\n\t\t<div class=\"elementor-element elementor-element-1de5040 e-con-full e-flex e-con e-child\" data-id=\"1de5040\" data-element_type=\"container\" data-e-type=\"container\" data-settings=\"{&quot;jet_parallax_layout_list&quot;:[]}\">\n\t\t\t\t<div class=\"elementor-element elementor-element-1e08d51 elementor-widget__width-inherit team_desc elementor-invisible elementor-widget elementor-widget-text-editor\" data-id=\"1e08d51\" data-element_type=\"widget\" data-e-type=\"widget\" data-settings=\"{&quot;_animation&quot;:&quot;fadeIn&quot;,&quot;_animation_delay&quot;:1}\" data-widget_type=\"text-editor.default\">\n\t\t\t\t<div class=\"elementor-widget-container\">\n\t\t\t\t\t\t\t\t\t<p>Paul, fundador de MDVISIT CLINIC y de las plataformas MDVISIT, ha sido un l\u00edder visionario en el sector sanitario desde 1997. Al comenzar su carrera como ingeniero de sistemas de atenci\u00f3n m\u00e9dica de Microsoft, Paul desarroll\u00f3 una profunda comprensi\u00f3n de los sistemas, los desaf\u00edos y las necesidades cambiantes de la industria. Su experiencia abarca la administraci\u00f3n de la salud, las regulaciones de atenci\u00f3n m\u00e9dica y las tecnolog\u00edas avanzadas. Aprovechando este amplio conocimiento, Paul busca continuamente oportunidades para mejorar las experiencias de los pacientes mediante el desarrollo de modelos de negocio y flujos de ingresos innovadores.<\/p>\n\t\t\t\t\t\t\t\t<\/div>\n\t\t\t\t<\/div>\n\t\t\t\t<div class=\"elementor-element elementor-element-db67fd2 elementor-invisible elementor-widget elementor-widget-heading\" data-id=\"db67fd2\" data-element_type=\"widget\" data-e-type=\"widget\" data-settings=\"{&quot;_animation&quot;:&quot;fadeIn&quot;,&quot;_animation_delay&quot;:1}\" data-widget_type=\"heading.default\">\n\t\t\t\t<div class=\"elementor-widget-container\">\n\t\t\t\t\t<h5 class=\"elementor-heading-title elementor-size-default\">Experiencia Laboral<\/h5>\t\t\t\t<\/div>\n\t\t\t\t<\/div>\n\t\t\t\t<div class=\"elementor-element elementor-element-99d4173 elementor-widget__width-inherit team_desc elementor-invisible elementor-widget elementor-widget-text-editor\" data-id=\"99d4173\" data-element_type=\"widget\" data-e-type=\"widget\" data-settings=\"{&quot;_animation&quot;:&quot;fadeIn&quot;,&quot;_animation_delay&quot;:1}\" data-widget_type=\"text-editor.default\">\n\t\t\t\t<div class=\"elementor-widget-container\">\n\t\t\t\t\t\t\t\t\t<p><strong>CEO\/DIRECTOR DE INNOVACI\u00d3N 2022 a la actualidadMDVISIT CLINIC<\/strong><\/p>\n<ul>\n<li>Turismo m\u00e9dico receptivo mundial en EE. UU.<\/li>\n<li>Ortopedia, neurocirug\u00eda, tratamiento del c\u00e1ncer, atenci\u00f3n cardiovascular, cirug\u00eda oral.<\/li>\n<li>Conserje m\u00e9dico de lujo<\/li>\n<li>Conserje de turismo de lujo<\/li>\n<\/ul>\n\t\t\t\t\t\t\t\t<\/div>\n\t\t\t\t<\/div>\n\t\t\t\t<div class=\"elementor-element elementor-element-7b7bc5f elementor-widget__width-inherit team_desc elementor-invisible elementor-widget elementor-widget-text-editor\" data-id=\"7b7bc5f\" data-element_type=\"widget\" data-e-type=\"widget\" data-settings=\"{&quot;_animation&quot;:&quot;fadeIn&quot;,&quot;_animation_delay&quot;:1}\" data-widget_type=\"text-editor.default\">\n\t\t\t\t<div class=\"elementor-widget-container\">\n\t\t\t\t\t\t\t\t\t<p><strong>CEO\/DIRECTOR DE INNOVACI\u00d3N 2016 a PresenteMDVISIT<\/strong><\/p>\n<ul>\n<li>Empresa de Cl\u00ednicas M\u00e9dicas<\/li>\n<li>Atenci\u00f3n primaria, atenci\u00f3n especializada, atenci\u00f3n hol\u00edstica y atenci\u00f3n nutricional\/acondicionamiento f\u00edsico<\/li>\n<li>Cl\u00ednica en l\u00ednea, Cl\u00ednica en el lugar, Cl\u00ednica en persona, Visitas a domicilio<\/li>\n<li>Un \u00fanico escaparate de Internet para todas las necesidades de atenci\u00f3n m\u00e9dica ambulatoria<\/li>\n<li>B2B y C2B<\/li>\n<li>Contratos directos y servicios totalmente gestionados para cl\u00ednicas m\u00e9dicas, atendidos a trav\u00e9s del portal del Centro M\u00e9dico MDVISIT.<\/li>\n<li>Contratos directos con empresas, empleadores, cl\u00ednicas m\u00e9dicas in situ y atenci\u00f3n m\u00e9dica descentralizada para todos los empleados, servicios a trav\u00e9s del Portal de la Compa\u00f1\u00eda MDVISIT.<\/li>\n<li>Servicios directos para los empleados, todos los cuales se convirtieron en clientes directos de MDVISIT, siendo servicios bajo los Acuerdos de T\u00e9rminos de Servicio de software, atendidos a trav\u00e9s del Portal del Cliente de MDVISIT.<\/li>\n<\/ul>\n\t\t\t\t\t\t\t\t<\/div>\n\t\t\t\t<\/div>\n\t\t\t\t<div class=\"elementor-element elementor-element-789cedd elementor-widget__width-inherit team_desc elementor-invisible elementor-widget elementor-widget-text-editor\" data-id=\"789cedd\" data-element_type=\"widget\" data-e-type=\"widget\" data-settings=\"{&quot;_animation&quot;:&quot;fadeIn&quot;,&quot;_animation_delay&quot;:1}\" data-widget_type=\"text-editor.default\">\n\t\t\t\t<div class=\"elementor-widget-container\">\n\t\t\t\t\t\t\t\t\t<p><strong>DIRECTOR EJECUTIVO\/PRESIDENTE (FUNDADOR)\/1997-2016<\/strong><\/p>\n<p>Interfaz de Sistemas de Informaci\u00f3n Sanitaria (IHIS) +<\/p>\n<ul>\n<li>Lanzado como socio comercial de IBM; IBM me present\u00f3 a NextGen Healthcare, una empresa privada de registros m\u00e9dicos electr\u00f3nicos con aproximadamente 5 millones de d\u00f3lares en ingresos; Finalmente, NextGen emiti\u00f3 una oferta p\u00fablica inicial, nasdaq: qsii, ahora con una capitalizaci\u00f3n de mercado de $ 1.25 mil millones. Me convert\u00ed en el primer revendedor de NextGen con el territorio m\u00e1s grande de cualquiera de sus revendedores: los 50 estados.<\/li>\n<li>Fue responsable del 8% de sus ventas corporativas entre 1997 y 2006.<\/li>\n<li>Compramos y luego actualizamos el centro de datos de Entergy (2003), en el que nos convertimos en un proveedor de servicios de aplicaciones (ASP) en la industria de la salud; necesario para respaldar la transici\u00f3n de las redes cliente-servidor a las redes basadas en la nube<\/li>\n<li>+170 cl\u00ednicas m\u00e9dicas y organizaciones de m\u00faltiples especialidades (MSO) en 14 estados<\/li>\n<li>Los sistemas de informaci\u00f3n incluyen 1) la gesti\u00f3n de la consulta, 2) los registros m\u00e9dicos electr\u00f3nicos y 3) la gesti\u00f3n de la salud de la poblaci\u00f3n.   <\/li>\n<\/ul>\n\t\t\t\t\t\t\t\t<\/div>\n\t\t\t\t<\/div>\n\t\t\t\t<div class=\"elementor-element elementor-element-d1d42a1 elementor-widget__width-inherit team_desc elementor-invisible elementor-widget elementor-widget-text-editor\" data-id=\"d1d42a1\" data-element_type=\"widget\" data-e-type=\"widget\" data-settings=\"{&quot;_animation&quot;:&quot;fadeIn&quot;,&quot;_animation_delay&quot;:1}\" data-widget_type=\"text-editor.default\">\n\t\t\t\t<div class=\"elementor-widget-container\">\n\t\t\t\t\t\t\t\t\t<p><strong>EDUCACI\u00d3N<\/strong><\/p>\n<ul>\n<li>Licenciado en Administraci\u00f3n de Empresas en Finanzas, Universidad de Arkansas en 2013, con especializaci\u00f3n en el an\u00e1lisis de capital SaaS.<\/li>\n<li>Gesti\u00f3n de BBA sin terminar (necesita 8 horas adicionales)<\/li>\n<li>Ingeniero de Sistemas Certificado por Microsoft (1996 \u2013 1997)<\/li>\n<li>Dale Carnegie: Capacitaci\u00f3n en Ventas y Comunicaciones Efectivas (1983, 1984, 1992)<\/li>\n<\/ul>\n\t\t\t\t\t\t\t\t<\/div>\n\t\t\t\t<\/div>\n\t\t\t\t<div class=\"elementor-element elementor-element-bcf13df elementor-widget__width-inherit team_desc elementor-invisible elementor-widget elementor-widget-text-editor\" data-id=\"bcf13df\" data-element_type=\"widget\" data-e-type=\"widget\" data-settings=\"{&quot;_animation&quot;:&quot;fadeIn&quot;,&quot;_animation_delay&quot;:1}\" data-widget_type=\"text-editor.default\">\n\t\t\t\t<div class=\"elementor-widget-container\">\n\t\t\t\t\t\t\t\t\t<p><strong>COMUNIDAD<\/strong><\/p>\n<ul>\n<li>Seminarios de Dise\u00f1o de Vida (coach\/facilitador) 1995 \u2013 1997, 2004 y 2005<\/li>\n<li>\u00a1Aj\u00e1! Proceso &#8211; Puentes para salir de la pobreza (coach\/facilitador) 2013 a la actualidad <\/li>\n<\/ul>\n\t\t\t\t\t\t\t\t<\/div>\n\t\t\t\t<\/div>\n\t\t\t\t<\/div>\n\t\t\t\t<\/div>\n\t\t\t\t<\/div>\n\t\t<div class=\"elementor-element elementor-element-c1da698 e-con-full e-flex e-con e-child\" data-id=\"c1da698\" data-element_type=\"container\" data-e-type=\"container\" data-settings=\"{&quot;jet_parallax_layout_list&quot;:[]}\">\n\t\t\t\t<div class=\"elementor-element elementor-element-a821f4e animated-slow elementor-invisible elementor-widget elementor-widget-image\" data-id=\"a821f4e\" data-element_type=\"widget\" data-e-type=\"widget\" data-settings=\"{&quot;_animation&quot;:&quot;fadeInLeft&quot;,&quot;_animation_mobile&quot;:&quot;none&quot;,&quot;_animation_delay&quot;:1.5,&quot;sticky&quot;:&quot;top&quot;,&quot;sticky_on&quot;:[&quot;widescreen&quot;,&quot;desktop&quot;,&quot;tablet&quot;],&quot;sticky_parent&quot;:&quot;yes&quot;,&quot;sticky_offset&quot;:0,&quot;sticky_effects_offset&quot;:0,&quot;sticky_anchor_link_offset&quot;:0}\" data-widget_type=\"image.default\">\n\t\t\t\t<div class=\"elementor-widget-container\">\n\t\t\t\t\t\t\t\t\t\t\t\t\t\t\t<img fetchpriority=\"high\" decoding=\"async\" width=\"768\" height=\"1024\" src=\"https:\/\/mdvisitclinic.com\/wp-content\/uploads\/2024\/11\/paul-fullsize.jpg\" class=\"attachment-full size-full wp-image-21858\" alt=\"\" srcset=\"https:\/\/mdvisitclinic.com\/wp-content\/uploads\/2024\/11\/paul-fullsize.jpg 768w, https:\/\/mdvisitclinic.com\/wp-content\/uploads\/2024\/11\/paul-fullsize-225x300.jpg 225w\" sizes=\"(max-width: 768px) 100vw, 768px\" \/>\t\t\t\t\t\t\t\t\t\t\t\t\t\t\t<\/div>\n\t\t\t\t<\/div>\n\t\t\t\t<\/div>\n\t\t\t\t\t<\/div>\n\t\t\t\t<\/div>\n\t\t\t\t<\/div>\n\t\t","protected":false},"excerpt":{"rendered":"<p>Paul Hodge CEO y Director de Innovaci\u00f3n paulh@mdvisitclinic.com Paul, fundador de MDVISIT CLINIC y de las plataformas MDVISIT, ha sido un l\u00edder visionario en el sector sanitario desde 1997. Al comenzar su carrera como ingeniero de sistemas de atenci\u00f3n m\u00e9dica de Microsoft, Paul desarroll\u00f3 una profunda comprensi\u00f3n de los sistemas, los desaf\u00edos y las necesidades [&hellip;]<\/p>\n","protected":false},"author":9,"featured_media":0,"parent":19154,"menu_order":0,"comment_status":"closed","ping_status":"closed","template":"elementor_header_footer","meta":{"_acf_changed":false,"_coblocks_attr":"","_coblocks_dimensions":"","_coblocks_responsive_height":"","_coblocks_accordion_ie_support":"","hide_page_title":"","footnotes":""},"class_list":["post-19127","page","type-page","status-publish","hentry"],"acf":[],"yoast_head":"<!-- This site is optimized with the Yoast SEO plugin v27.6 - https:\/\/yoast.com\/product\/yoast-seo-wordpress\/ -->\n<title>Paul Hodge - MDVISIT CLINIC<\/title>\n<meta name=\"robots\" content=\"noindex, follow, max-snippet:-1, max-image-preview:large, max-video-preview:-1\" \/>\n<meta property=\"og:locale\" content=\"es_ES\" \/>\n<meta property=\"og:type\" content=\"article\" \/>\n<meta property=\"og:title\" content=\"Paul Hodge - MDVISIT CLINIC\" \/>\n<meta property=\"og:description\" content=\"Paul Hodge CEO y Director de Innovaci\u00f3n paulh@mdvisitclinic.com Paul, fundador de MDVISIT CLINIC y de las plataformas MDVISIT, ha sido un l\u00edder visionario en el sector sanitario desde 1997. Al comenzar su carrera como ingeniero de sistemas de atenci\u00f3n m\u00e9dica de Microsoft, Paul desarroll\u00f3 una profunda comprensi\u00f3n de los sistemas, los desaf\u00edos y las necesidades [&hellip;]\" \/>\n<meta property=\"og:url\" content=\"https:\/\/mdvisitclinic.com\/es\/nuestro-equipo\/paul-hodge\/\" \/>\n<meta property=\"og:site_name\" content=\"MDVISIT CLINIC\" \/>\n<meta property=\"article:modified_time\" content=\"2024-11-29T10:23:20+00:00\" \/>\n<meta property=\"og:image\" content=\"https:\/\/f55.01f.myftpupload.com\/wp-content\/uploads\/2024\/11\/paul-fullsize.jpg\" \/>\n<meta name=\"twitter:card\" content=\"summary_large_image\" \/>\n<meta name=\"twitter:label1\" content=\"Est. reading time\" \/>\n\t<meta name=\"twitter:data1\" content=\"3 minutes\" \/>\n<script type=\"application\/ld+json\" class=\"yoast-schema-graph\">{\"@context\":\"https:\\\/\\\/schema.org\",\"@graph\":[{\"@type\":\"WebPage\",\"@id\":\"https:\\\/\\\/mdvisitclinic.com\\\/es\\\/nuestro-equipo\\\/paul-hodge\\\/\",\"url\":\"https:\\\/\\\/mdvisitclinic.com\\\/es\\\/nuestro-equipo\\\/paul-hodge\\\/\",\"name\":\"Paul Hodge - MDVISIT CLINIC\",\"isPartOf\":{\"@id\":\"https:\\\/\\\/mdvisitclinic.com\\\/es\\\/#website\"},\"primaryImageOfPage\":{\"@id\":\"https:\\\/\\\/mdvisitclinic.com\\\/es\\\/nuestro-equipo\\\/paul-hodge\\\/#primaryimage\"},\"image\":{\"@id\":\"https:\\\/\\\/mdvisitclinic.com\\\/es\\\/nuestro-equipo\\\/paul-hodge\\\/#primaryimage\"},\"thumbnailUrl\":\"https:\\\/\\\/f55.01f.myftpupload.com\\\/wp-content\\\/uploads\\\/2024\\\/11\\\/paul-fullsize.jpg\",\"datePublished\":\"2024-10-24T05:30:44+00:00\",\"dateModified\":\"2024-11-29T10:23:20+00:00\",\"breadcrumb\":{\"@id\":\"https:\\\/\\\/mdvisitclinic.com\\\/es\\\/nuestro-equipo\\\/paul-hodge\\\/#breadcrumb\"},\"inLanguage\":\"es\",\"potentialAction\":[{\"@type\":\"ReadAction\",\"target\":[\"https:\\\/\\\/mdvisitclinic.com\\\/es\\\/nuestro-equipo\\\/paul-hodge\\\/\"]}]},{\"@type\":\"ImageObject\",\"inLanguage\":\"es\",\"@id\":\"https:\\\/\\\/mdvisitclinic.com\\\/es\\\/nuestro-equipo\\\/paul-hodge\\\/#primaryimage\",\"url\":\"https:\\\/\\\/f55.01f.myftpupload.com\\\/wp-content\\\/uploads\\\/2024\\\/11\\\/paul-fullsize.jpg\",\"contentUrl\":\"https:\\\/\\\/f55.01f.myftpupload.com\\\/wp-content\\\/uploads\\\/2024\\\/11\\\/paul-fullsize.jpg\"},{\"@type\":\"BreadcrumbList\",\"@id\":\"https:\\\/\\\/mdvisitclinic.com\\\/es\\\/nuestro-equipo\\\/paul-hodge\\\/#breadcrumb\",\"itemListElement\":[{\"@type\":\"ListItem\",\"position\":1,\"name\":\"Home\",\"item\":\"https:\\\/\\\/mdvisitclinic.com\\\/es\\\/\"},{\"@type\":\"ListItem\",\"position\":2,\"name\":\"Nuestro equipo\",\"item\":\"https:\\\/\\\/mdvisitclinic.com\\\/es\\\/nuestro-equipo\\\/\"},{\"@type\":\"ListItem\",\"position\":3,\"name\":\"Paul Hodge\"}]},{\"@type\":\"WebSite\",\"@id\":\"https:\\\/\\\/mdvisitclinic.com\\\/es\\\/#website\",\"url\":\"https:\\\/\\\/mdvisitclinic.com\\\/es\\\/\",\"name\":\"MDVISIT CLINIC\",\"description\":\"\",\"publisher\":{\"@id\":\"https:\\\/\\\/mdvisitclinic.com\\\/es\\\/#organization\"},\"potentialAction\":[{\"@type\":\"SearchAction\",\"target\":{\"@type\":\"EntryPoint\",\"urlTemplate\":\"https:\\\/\\\/mdvisitclinic.com\\\/es\\\/?s={search_term_string}\"},\"query-input\":{\"@type\":\"PropertyValueSpecification\",\"valueRequired\":true,\"valueName\":\"search_term_string\"}}],\"inLanguage\":\"es\"},{\"@type\":\"Organization\",\"@id\":\"https:\\\/\\\/mdvisitclinic.com\\\/es\\\/#organization\",\"name\":\"MDVISIT CLINIC\",\"url\":\"https:\\\/\\\/mdvisitclinic.com\\\/es\\\/\",\"logo\":{\"@type\":\"ImageObject\",\"inLanguage\":\"es\",\"@id\":\"https:\\\/\\\/mdvisitclinic.com\\\/es\\\/#\\\/schema\\\/logo\\\/image\\\/\",\"url\":\"https:\\\/\\\/mdvisitclinic.com\\\/wp-content\\\/uploads\\\/2024\\\/03\\\/logo.png\",\"contentUrl\":\"https:\\\/\\\/mdvisitclinic.com\\\/wp-content\\\/uploads\\\/2024\\\/03\\\/logo.png\",\"width\":768,\"height\":118,\"caption\":\"MDVISIT CLINIC\"},\"image\":{\"@id\":\"https:\\\/\\\/mdvisitclinic.com\\\/es\\\/#\\\/schema\\\/logo\\\/image\\\/\"}}]}<\/script>\n<!-- \/ Yoast SEO plugin. -->","yoast_head_json":{"title":"Paul Hodge - MDVISIT CLINIC","robots":{"index":"noindex","follow":"follow","max-snippet":"max-snippet:-1","max-image-preview":"max-image-preview:large","max-video-preview":"max-video-preview:-1"},"og_locale":"es_ES","og_type":"article","og_title":"Paul Hodge - MDVISIT CLINIC","og_description":"Paul Hodge CEO y Director de Innovaci\u00f3n paulh@mdvisitclinic.com Paul, fundador de MDVISIT CLINIC y de las plataformas MDVISIT, ha sido un l\u00edder visionario en el sector sanitario desde 1997. Al comenzar su carrera como ingeniero de sistemas de atenci\u00f3n m\u00e9dica de Microsoft, Paul desarroll\u00f3 una profunda comprensi\u00f3n de los sistemas, los desaf\u00edos y las necesidades [&hellip;]","og_url":"https:\/\/mdvisitclinic.com\/es\/nuestro-equipo\/paul-hodge\/","og_site_name":"MDVISIT CLINIC","article_modified_time":"2024-11-29T10:23:20+00:00","og_image":[{"url":"https:\/\/f55.01f.myftpupload.com\/wp-content\/uploads\/2024\/11\/paul-fullsize.jpg","type":"","width":"","height":""}],"twitter_card":"summary_large_image","twitter_misc":{"Est. reading time":"3 minutes"},"schema":{"@context":"https:\/\/schema.org","@graph":[{"@type":"WebPage","@id":"https:\/\/mdvisitclinic.com\/es\/nuestro-equipo\/paul-hodge\/","url":"https:\/\/mdvisitclinic.com\/es\/nuestro-equipo\/paul-hodge\/","name":"Paul Hodge - MDVISIT CLINIC","isPartOf":{"@id":"https:\/\/mdvisitclinic.com\/es\/#website"},"primaryImageOfPage":{"@id":"https:\/\/mdvisitclinic.com\/es\/nuestro-equipo\/paul-hodge\/#primaryimage"},"image":{"@id":"https:\/\/mdvisitclinic.com\/es\/nuestro-equipo\/paul-hodge\/#primaryimage"},"thumbnailUrl":"https:\/\/f55.01f.myftpupload.com\/wp-content\/uploads\/2024\/11\/paul-fullsize.jpg","datePublished":"2024-10-24T05:30:44+00:00","dateModified":"2024-11-29T10:23:20+00:00","breadcrumb":{"@id":"https:\/\/mdvisitclinic.com\/es\/nuestro-equipo\/paul-hodge\/#breadcrumb"},"inLanguage":"es","potentialAction":[{"@type":"ReadAction","target":["https:\/\/mdvisitclinic.com\/es\/nuestro-equipo\/paul-hodge\/"]}]},{"@type":"ImageObject","inLanguage":"es","@id":"https:\/\/mdvisitclinic.com\/es\/nuestro-equipo\/paul-hodge\/#primaryimage","url":"https:\/\/f55.01f.myftpupload.com\/wp-content\/uploads\/2024\/11\/paul-fullsize.jpg","contentUrl":"https:\/\/f55.01f.myftpupload.com\/wp-content\/uploads\/2024\/11\/paul-fullsize.jpg"},{"@type":"BreadcrumbList","@id":"https:\/\/mdvisitclinic.com\/es\/nuestro-equipo\/paul-hodge\/#breadcrumb","itemListElement":[{"@type":"ListItem","position":1,"name":"Home","item":"https:\/\/mdvisitclinic.com\/es\/"},{"@type":"ListItem","position":2,"name":"Nuestro equipo","item":"https:\/\/mdvisitclinic.com\/es\/nuestro-equipo\/"},{"@type":"ListItem","position":3,"name":"Paul Hodge"}]},{"@type":"WebSite","@id":"https:\/\/mdvisitclinic.com\/es\/#website","url":"https:\/\/mdvisitclinic.com\/es\/","name":"MDVISIT CLINIC","description":"","publisher":{"@id":"https:\/\/mdvisitclinic.com\/es\/#organization"},"potentialAction":[{"@type":"SearchAction","target":{"@type":"EntryPoint","urlTemplate":"https:\/\/mdvisitclinic.com\/es\/?s={search_term_string}"},"query-input":{"@type":"PropertyValueSpecification","valueRequired":true,"valueName":"search_term_string"}}],"inLanguage":"es"},{"@type":"Organization","@id":"https:\/\/mdvisitclinic.com\/es\/#organization","name":"MDVISIT CLINIC","url":"https:\/\/mdvisitclinic.com\/es\/","logo":{"@type":"ImageObject","inLanguage":"es","@id":"https:\/\/mdvisitclinic.com\/es\/#\/schema\/logo\/image\/","url":"https:\/\/mdvisitclinic.com\/wp-content\/uploads\/2024\/03\/logo.png","contentUrl":"https:\/\/mdvisitclinic.com\/wp-content\/uploads\/2024\/03\/logo.png","width":768,"height":118,"caption":"MDVISIT CLINIC"},"image":{"@id":"https:\/\/mdvisitclinic.com\/es\/#\/schema\/logo\/image\/"}}]}},"_links":{"self":[{"href":"https:\/\/mdvisitclinic.com\/es\/wp-json\/wp\/v2\/pages\/19127","targetHints":{"allow":["GET"]}}],"collection":[{"href":"https:\/\/mdvisitclinic.com\/es\/wp-json\/wp\/v2\/pages"}],"about":[{"href":"https:\/\/mdvisitclinic.com\/es\/wp-json\/wp\/v2\/types\/page"}],"author":[{"embeddable":true,"href":"https:\/\/mdvisitclinic.com\/es\/wp-json\/wp\/v2\/users\/9"}],"replies":[{"embeddable":true,"href":"https:\/\/mdvisitclinic.com\/es\/wp-json\/wp\/v2\/comments?post=19127"}],"version-history":[{"count":4,"href":"https:\/\/mdvisitclinic.com\/es\/wp-json\/wp\/v2\/pages\/19127\/revisions"}],"predecessor-version":[{"id":21884,"href":"https:\/\/mdvisitclinic.com\/es\/wp-json\/wp\/v2\/pages\/19127\/revisions\/21884"}],"up":[{"embeddable":true,"href":"https:\/\/mdvisitclinic.com\/es\/wp-json\/wp\/v2\/pages\/19154"}],"wp:attachment":[{"href":"https:\/\/mdvisitclinic.com\/es\/wp-json\/wp\/v2\/media?parent=19127"}],"curies":[{"name":"wp","href":"https:\/\/api.w.org\/{rel}","templated":true}]}}