{"id":19129,"date":"2024-10-25T06:12:48","date_gmt":"2024-10-25T06:12:48","guid":{"rendered":"https:\/\/f55.01f.myftpupload.com\/william-f-hefley\/"},"modified":"2024-11-27T04:32:00","modified_gmt":"2024-11-27T04:32:00","slug":"william-f-hefley","status":"publish","type":"page","link":"https:\/\/mdvisitclinic.com\/es\/nuestro-equipo\/william-f-hefley\/","title":{"rendered":"William F. Hefley"},"content":{"rendered":"\t\t<div data-elementor-type=\"wp-page\" data-elementor-id=\"19129\" class=\"elementor elementor-19129 elementor-17594\" data-elementor-post-type=\"page\">\n\t\t\t\t<div class=\"elementor-element elementor-element-c0f3aca e-flex e-con-boxed e-con e-parent\" data-id=\"c0f3aca\" data-element_type=\"container\" data-e-type=\"container\" data-settings=\"{&quot;jet_parallax_layout_list&quot;:[]}\">\n\t\t\t\t\t<div class=\"e-con-inner\">\n\t\t<div class=\"elementor-element elementor-element-821284a e-con-full e-flex e-con e-child\" data-id=\"821284a\" data-element_type=\"container\" data-e-type=\"container\" data-settings=\"{&quot;jet_parallax_layout_list&quot;:[]}\">\n\t\t<div class=\"elementor-element elementor-element-a16521c e-flex e-con-boxed e-con e-child\" data-id=\"a16521c\" data-element_type=\"container\" data-e-type=\"container\" data-settings=\"{&quot;jet_parallax_layout_list&quot;:[]}\">\n\t\t\t\t\t<div class=\"e-con-inner\">\n\t\t\t\t<div class=\"elementor-element elementor-element-6565568 elementor-invisible elementor-widget elementor-widget-heading\" data-id=\"6565568\" data-element_type=\"widget\" data-e-type=\"widget\" data-settings=\"{&quot;_animation&quot;:&quot;fadeInDown&quot;,&quot;_animation_delay&quot;:0.40000000000000002}\" data-widget_type=\"heading.default\">\n\t\t\t\t<div class=\"elementor-widget-container\">\n\t\t\t\t\t<h1 class=\"elementor-heading-title elementor-size-default\">Dr. William F. Hefley, M.D.<\/h1>\t\t\t\t<\/div>\n\t\t\t\t<\/div>\n\t\t\t\t<div class=\"elementor-element elementor-element-3ec1a1f elementor-widget__width-inherit elementor-invisible elementor-widget elementor-widget-heading\" data-id=\"3ec1a1f\" data-element_type=\"widget\" data-e-type=\"widget\" data-settings=\"{&quot;_animation&quot;:&quot;fadeInDown&quot;,&quot;_animation_delay&quot;:0.59999999999999998}\" data-widget_type=\"heading.default\">\n\t\t\t\t<div class=\"elementor-widget-container\">\n\t\t\t\t\t<h6 class=\"elementor-heading-title elementor-size-default\">Cirujano ortop\u00e9dico certificado por la junta principal.<\/h6>\t\t\t\t<\/div>\n\t\t\t\t<\/div>\n\t\t\t\t\t<\/div>\n\t\t\t\t<\/div>\n\t\t<div class=\"elementor-element elementor-element-f29bd15 e-con-full e-flex e-con e-child\" data-id=\"f29bd15\" data-element_type=\"container\" data-e-type=\"container\" data-settings=\"{&quot;jet_parallax_layout_list&quot;:[]}\">\n\t\t\t\t<div class=\"elementor-element elementor-element-e0b3fe5 elementor-widget__width-inherit team_desc elementor-invisible elementor-widget elementor-widget-text-editor\" data-id=\"e0b3fe5\" data-element_type=\"widget\" data-e-type=\"widget\" data-settings=\"{&quot;_animation&quot;:&quot;fadeIn&quot;,&quot;_animation_delay&quot;:1}\" data-widget_type=\"text-editor.default\">\n\t\t\t\t<div class=\"elementor-widget-container\">\n\t\t\t\t\t\t\t\t\t<p>Especialidades: Cirug\u00eda de Rodilla, Cirug\u00eda de Cadera, Cirug\u00eda de Hombro, Medicina Deportiva,<\/p>\n<p>El Dr. Bill Hefley se especializa en cirug\u00eda m\u00ednimamente invasiva de rodilla, cadera y hombro. Sus intereses tambi\u00e9n incluyen cirug\u00edas artrosc\u00f3picas, reemplazos totales de articulaciones y medicina deportiva.<br \/>\u200b<br \/>El amor de toda la vida del Dr. Hefley por los deportes como atleta y corredor de marat\u00f3n, entrenador de deportes juveniles y padre de atletas de secundaria y universidad ha alimentado su pasi\u00f3n por tratar a los pacientes que practican deportes y devolverlos al juego que aman. Adem\u00e1s, disfruta atendiendo a otros pacientes que simplemente quieren poder llevar un estilo de vida activo y libre de dolor.<br \/>\u200b<br \/>Como nativo de Little Rock, el Dr. Hefley obtuvo una licenciatura de la Universidad de Harding y su t\u00edtulo de m\u00e9dico de la Facultad de Medicina de la Universidad de Vanderbilt. Complet\u00f3 una residencia en cirug\u00eda ortop\u00e9dica en la UAMS y recibi\u00f3 capacitaci\u00f3n adicional en medicina deportiva y cirug\u00eda de reemplazo de articulaciones del St. Mary&#8217;s Hospital System y el Royal National Orthopedic Hospital en Londres, Inglaterra. El Dr. Hefley ha ejercido en Little Rock desde 1990.<br \/>\u200b<br \/>El Dr. Hefley ha sido elegido como uno de los &#8220;Mejores M\u00e9dicos de Arkansas&#8221; por la revista AY y ha sido votado como el &#8220;Mejor Cirujano Ortop\u00e9dico&#8221; por el Arkansas Democrat Gazette. El Dr. Hefley ha consultado con los principales fabricantes de implantes ortop\u00e9dicos para dise\u00f1ar nuevos implantes de cadera y rodilla. Ha viajado para dar conferencias e impartir cursos sobre reemplazo de articulaciones a cirujanos de todo Estados Unidos y del extranjero. Se ha desempe\u00f1ado como m\u00e9dico de equipo y director de medicina deportiva para escuelas y organizaciones a nivel de escuela secundaria, universitario y profesional.       <\/p>\n<p>Est\u00e1 certificado por la Junta Americana de Cirug\u00eda Ortop\u00e9dica y ha sido publicado en The Journal of Bone &amp; Joint Surgery. Es miembro de las siguientes organizaciones:<br \/>\u200b <\/p>\n\t\t\t\t\t\t\t\t<\/div>\n\t\t\t\t<\/div>\n\t\t\t\t<div class=\"elementor-element elementor-element-9760639 elementor-widget__width-inherit team_desc elementor-invisible elementor-widget elementor-widget-text-editor\" data-id=\"9760639\" data-element_type=\"widget\" data-e-type=\"widget\" data-settings=\"{&quot;_animation&quot;:&quot;fadeIn&quot;,&quot;_animation_delay&quot;:1}\" data-widget_type=\"text-editor.default\">\n\t\t\t\t<div class=\"elementor-widget-container\">\n\t\t\t\t\t\t\t\t\t<ul>\n<li>Academia Americana de Cirujanos Ortop\u00e9dicos<\/li>\n<li>Asociaci\u00f3n Americana de Cirujanos de Cadera y Rodilla<\/li>\n<li>Sociedad Americana de Ortopedia para Medicina Deportiva<\/li>\n<li>Asociaci\u00f3n de Artroscopia de Am\u00e9rica del Norte<\/li>\n<li>Junta Americana de Cirug\u00eda Ortop\u00e9dica<\/li>\n<li>Sociedad Ortop\u00e9dica de Arkansas<\/li>\n<li>Sociedad M\u00e9dica del Condado de Pulaski<\/li>\n<\/ul>\n\t\t\t\t\t\t\t\t<\/div>\n\t\t\t\t<\/div>\n\t\t\t\t<div class=\"elementor-element elementor-element-5921271 elementor-widget__width-inherit team_desc elementor-invisible elementor-widget elementor-widget-text-editor\" data-id=\"5921271\" data-element_type=\"widget\" data-e-type=\"widget\" data-settings=\"{&quot;_animation&quot;:&quot;fadeIn&quot;,&quot;_animation_delay&quot;:1}\" data-widget_type=\"text-editor.default\">\n\t\t\t\t<div class=\"elementor-widget-container\">\n\t\t\t\t\t\t\t\t\t<p>El Dr. Hefley y su esposa Lisa tienen dos hijas y dos hijos. En su tiempo libre, le gusta correr, andar en bicicleta y, sobre todo, pasar tiempo con su familia, lo que a menudo incluye animar a sus hijos en eventos deportivos y actuaciones. <\/p>\n<p><a href=\"http:\/\/www.drbillhefley.com\/\" target=\"_blank\" rel=\"noopener\">&gt;  Vea videos que incluyen nuestra Clase Total de Articulaciones, testimonios de pacientes y m\u00e1s en drbillhefley.com<\/a><\/p>\n\t\t\t\t\t\t\t\t<\/div>\n\t\t\t\t<\/div>\n\t\t\t\t<\/div>\n\t\t\t\t<\/div>\n\t\t<div class=\"elementor-element elementor-element-9afa331 e-con-full e-flex e-con e-child\" data-id=\"9afa331\" data-element_type=\"container\" data-e-type=\"container\" data-settings=\"{&quot;jet_parallax_layout_list&quot;:[]}\">\n\t\t\t\t<div class=\"elementor-element elementor-element-c4bbd97 animated-slow elementor-invisible elementor-widget elementor-widget-image\" data-id=\"c4bbd97\" data-element_type=\"widget\" data-e-type=\"widget\" data-settings=\"{&quot;_animation&quot;:&quot;fadeInLeft&quot;,&quot;_animation_mobile&quot;:&quot;none&quot;,&quot;_animation_delay&quot;:1.5,&quot;sticky&quot;:&quot;top&quot;,&quot;sticky_on&quot;:[&quot;widescreen&quot;,&quot;desktop&quot;,&quot;tablet&quot;],&quot;sticky_parent&quot;:&quot;yes&quot;,&quot;sticky_offset&quot;:0,&quot;sticky_effects_offset&quot;:0,&quot;sticky_anchor_link_offset&quot;:0}\" data-widget_type=\"image.default\">\n\t\t\t\t<div class=\"elementor-widget-container\">\n\t\t\t\t\t\t\t\t\t\t\t\t\t\t\t<img fetchpriority=\"high\" decoding=\"async\" width=\"500\" height=\"700\" src=\"https:\/\/mdvisitclinic.com\/wp-content\/uploads\/2024\/06\/Orthopedics-Director.jpg\" class=\"attachment-large size-large wp-image-10079\" alt=\"\" srcset=\"https:\/\/mdvisitclinic.com\/wp-content\/uploads\/2024\/06\/Orthopedics-Director.jpg 500w, https:\/\/mdvisitclinic.com\/wp-content\/uploads\/2024\/06\/Orthopedics-Director-214x300.jpg 214w\" sizes=\"(max-width: 500px) 100vw, 500px\" \/>\t\t\t\t\t\t\t\t\t\t\t\t\t\t\t<\/div>\n\t\t\t\t<\/div>\n\t\t\t\t<\/div>\n\t\t\t\t\t<\/div>\n\t\t\t\t<\/div>\n\t\t\t\t<\/div>\n\t\t","protected":false},"excerpt":{"rendered":"<p>Dr. William F. Hefley, M.D. Cirujano ortop\u00e9dico certificado por la junta principal. Especialidades: Cirug\u00eda de Rodilla, Cirug\u00eda de Cadera, Cirug\u00eda de Hombro, Medicina Deportiva, El Dr. Bill Hefley se especializa en cirug\u00eda m\u00ednimamente invasiva de rodilla, cadera y hombro. Sus intereses tambi\u00e9n incluyen cirug\u00edas artrosc\u00f3picas, reemplazos totales de articulaciones y medicina deportiva.\u200bEl amor de toda [&hellip;]<\/p>\n","protected":false},"author":9,"featured_media":0,"parent":19154,"menu_order":0,"comment_status":"closed","ping_status":"closed","template":"elementor_header_footer","meta":{"_acf_changed":false,"_coblocks_attr":"","_coblocks_dimensions":"","_coblocks_responsive_height":"","_coblocks_accordion_ie_support":"","hide_page_title":"","footnotes":""},"class_list":["post-19129","page","type-page","status-publish","hentry"],"acf":[],"yoast_head":"<!-- This site is optimized with the Yoast SEO plugin v27.6 - https:\/\/yoast.com\/product\/yoast-seo-wordpress\/ -->\n<title>William F. Hefley - MDVISIT CLINIC<\/title>\n<meta name=\"robots\" content=\"noindex, follow, max-snippet:-1, max-image-preview:large, max-video-preview:-1\" \/>\n<meta property=\"og:locale\" content=\"es_ES\" \/>\n<meta property=\"og:type\" content=\"article\" \/>\n<meta property=\"og:title\" content=\"William F. Hefley - MDVISIT CLINIC\" \/>\n<meta property=\"og:description\" content=\"Dr. William F. Hefley, M.D. Cirujano ortop\u00e9dico certificado por la junta principal. Especialidades: Cirug\u00eda de Rodilla, Cirug\u00eda de Cadera, Cirug\u00eda de Hombro, Medicina Deportiva, El Dr. Bill Hefley se especializa en cirug\u00eda m\u00ednimamente invasiva de rodilla, cadera y hombro. Sus intereses tambi\u00e9n incluyen cirug\u00edas artrosc\u00f3picas, reemplazos totales de articulaciones y medicina deportiva.\u200bEl amor de toda [&hellip;]\" \/>\n<meta property=\"og:url\" content=\"https:\/\/mdvisitclinic.com\/es\/nuestro-equipo\/william-f-hefley\/\" \/>\n<meta property=\"og:site_name\" content=\"MDVISIT CLINIC\" \/>\n<meta property=\"article:modified_time\" content=\"2024-11-27T04:32:00+00:00\" \/>\n<meta property=\"og:image\" content=\"https:\/\/f55.01f.myftpupload.com\/wp-content\/uploads\/2024\/06\/Orthopedics-Director.jpg\" \/>\n<meta name=\"twitter:card\" content=\"summary_large_image\" \/>\n<meta name=\"twitter:label1\" content=\"Est. reading time\" \/>\n\t<meta name=\"twitter:data1\" content=\"2 minutes\" \/>\n<script type=\"application\/ld+json\" class=\"yoast-schema-graph\">{\"@context\":\"https:\\\/\\\/schema.org\",\"@graph\":[{\"@type\":\"WebPage\",\"@id\":\"https:\\\/\\\/mdvisitclinic.com\\\/es\\\/nuestro-equipo\\\/william-f-hefley\\\/\",\"url\":\"https:\\\/\\\/mdvisitclinic.com\\\/es\\\/nuestro-equipo\\\/william-f-hefley\\\/\",\"name\":\"William F. Hefley - MDVISIT CLINIC\",\"isPartOf\":{\"@id\":\"https:\\\/\\\/mdvisitclinic.com\\\/es\\\/#website\"},\"primaryImageOfPage\":{\"@id\":\"https:\\\/\\\/mdvisitclinic.com\\\/es\\\/nuestro-equipo\\\/william-f-hefley\\\/#primaryimage\"},\"image\":{\"@id\":\"https:\\\/\\\/mdvisitclinic.com\\\/es\\\/nuestro-equipo\\\/william-f-hefley\\\/#primaryimage\"},\"thumbnailUrl\":\"https:\\\/\\\/f55.01f.myftpupload.com\\\/wp-content\\\/uploads\\\/2024\\\/06\\\/Orthopedics-Director.jpg\",\"datePublished\":\"2024-10-25T06:12:48+00:00\",\"dateModified\":\"2024-11-27T04:32:00+00:00\",\"breadcrumb\":{\"@id\":\"https:\\\/\\\/mdvisitclinic.com\\\/es\\\/nuestro-equipo\\\/william-f-hefley\\\/#breadcrumb\"},\"inLanguage\":\"es\",\"potentialAction\":[{\"@type\":\"ReadAction\",\"target\":[\"https:\\\/\\\/mdvisitclinic.com\\\/es\\\/nuestro-equipo\\\/william-f-hefley\\\/\"]}]},{\"@type\":\"ImageObject\",\"inLanguage\":\"es\",\"@id\":\"https:\\\/\\\/mdvisitclinic.com\\\/es\\\/nuestro-equipo\\\/william-f-hefley\\\/#primaryimage\",\"url\":\"https:\\\/\\\/f55.01f.myftpupload.com\\\/wp-content\\\/uploads\\\/2024\\\/06\\\/Orthopedics-Director.jpg\",\"contentUrl\":\"https:\\\/\\\/f55.01f.myftpupload.com\\\/wp-content\\\/uploads\\\/2024\\\/06\\\/Orthopedics-Director.jpg\"},{\"@type\":\"BreadcrumbList\",\"@id\":\"https:\\\/\\\/mdvisitclinic.com\\\/es\\\/nuestro-equipo\\\/william-f-hefley\\\/#breadcrumb\",\"itemListElement\":[{\"@type\":\"ListItem\",\"position\":1,\"name\":\"Home\",\"item\":\"https:\\\/\\\/mdvisitclinic.com\\\/es\\\/\"},{\"@type\":\"ListItem\",\"position\":2,\"name\":\"Nuestro equipo\",\"item\":\"https:\\\/\\\/mdvisitclinic.com\\\/es\\\/nuestro-equipo\\\/\"},{\"@type\":\"ListItem\",\"position\":3,\"name\":\"William F. Hefley\"}]},{\"@type\":\"WebSite\",\"@id\":\"https:\\\/\\\/mdvisitclinic.com\\\/es\\\/#website\",\"url\":\"https:\\\/\\\/mdvisitclinic.com\\\/es\\\/\",\"name\":\"MDVISIT CLINIC\",\"description\":\"\",\"publisher\":{\"@id\":\"https:\\\/\\\/mdvisitclinic.com\\\/es\\\/#organization\"},\"potentialAction\":[{\"@type\":\"SearchAction\",\"target\":{\"@type\":\"EntryPoint\",\"urlTemplate\":\"https:\\\/\\\/mdvisitclinic.com\\\/es\\\/?s={search_term_string}\"},\"query-input\":{\"@type\":\"PropertyValueSpecification\",\"valueRequired\":true,\"valueName\":\"search_term_string\"}}],\"inLanguage\":\"es\"},{\"@type\":\"Organization\",\"@id\":\"https:\\\/\\\/mdvisitclinic.com\\\/es\\\/#organization\",\"name\":\"MDVISIT CLINIC\",\"url\":\"https:\\\/\\\/mdvisitclinic.com\\\/es\\\/\",\"logo\":{\"@type\":\"ImageObject\",\"inLanguage\":\"es\",\"@id\":\"https:\\\/\\\/mdvisitclinic.com\\\/es\\\/#\\\/schema\\\/logo\\\/image\\\/\",\"url\":\"https:\\\/\\\/mdvisitclinic.com\\\/wp-content\\\/uploads\\\/2024\\\/03\\\/logo.png\",\"contentUrl\":\"https:\\\/\\\/mdvisitclinic.com\\\/wp-content\\\/uploads\\\/2024\\\/03\\\/logo.png\",\"width\":768,\"height\":118,\"caption\":\"MDVISIT CLINIC\"},\"image\":{\"@id\":\"https:\\\/\\\/mdvisitclinic.com\\\/es\\\/#\\\/schema\\\/logo\\\/image\\\/\"}}]}<\/script>\n<!-- \/ Yoast SEO plugin. -->","yoast_head_json":{"title":"William F. Hefley - MDVISIT CLINIC","robots":{"index":"noindex","follow":"follow","max-snippet":"max-snippet:-1","max-image-preview":"max-image-preview:large","max-video-preview":"max-video-preview:-1"},"og_locale":"es_ES","og_type":"article","og_title":"William F. Hefley - MDVISIT CLINIC","og_description":"Dr. William F. Hefley, M.D. Cirujano ortop\u00e9dico certificado por la junta principal. Especialidades: Cirug\u00eda de Rodilla, Cirug\u00eda de Cadera, Cirug\u00eda de Hombro, Medicina Deportiva, El Dr. Bill Hefley se especializa en cirug\u00eda m\u00ednimamente invasiva de rodilla, cadera y hombro. Sus intereses tambi\u00e9n incluyen cirug\u00edas artrosc\u00f3picas, reemplazos totales de articulaciones y medicina deportiva.\u200bEl amor de toda [&hellip;]","og_url":"https:\/\/mdvisitclinic.com\/es\/nuestro-equipo\/william-f-hefley\/","og_site_name":"MDVISIT CLINIC","article_modified_time":"2024-11-27T04:32:00+00:00","og_image":[{"url":"https:\/\/f55.01f.myftpupload.com\/wp-content\/uploads\/2024\/06\/Orthopedics-Director.jpg","type":"","width":"","height":""}],"twitter_card":"summary_large_image","twitter_misc":{"Est. reading time":"2 minutes"},"schema":{"@context":"https:\/\/schema.org","@graph":[{"@type":"WebPage","@id":"https:\/\/mdvisitclinic.com\/es\/nuestro-equipo\/william-f-hefley\/","url":"https:\/\/mdvisitclinic.com\/es\/nuestro-equipo\/william-f-hefley\/","name":"William F. Hefley - MDVISIT CLINIC","isPartOf":{"@id":"https:\/\/mdvisitclinic.com\/es\/#website"},"primaryImageOfPage":{"@id":"https:\/\/mdvisitclinic.com\/es\/nuestro-equipo\/william-f-hefley\/#primaryimage"},"image":{"@id":"https:\/\/mdvisitclinic.com\/es\/nuestro-equipo\/william-f-hefley\/#primaryimage"},"thumbnailUrl":"https:\/\/f55.01f.myftpupload.com\/wp-content\/uploads\/2024\/06\/Orthopedics-Director.jpg","datePublished":"2024-10-25T06:12:48+00:00","dateModified":"2024-11-27T04:32:00+00:00","breadcrumb":{"@id":"https:\/\/mdvisitclinic.com\/es\/nuestro-equipo\/william-f-hefley\/#breadcrumb"},"inLanguage":"es","potentialAction":[{"@type":"ReadAction","target":["https:\/\/mdvisitclinic.com\/es\/nuestro-equipo\/william-f-hefley\/"]}]},{"@type":"ImageObject","inLanguage":"es","@id":"https:\/\/mdvisitclinic.com\/es\/nuestro-equipo\/william-f-hefley\/#primaryimage","url":"https:\/\/f55.01f.myftpupload.com\/wp-content\/uploads\/2024\/06\/Orthopedics-Director.jpg","contentUrl":"https:\/\/f55.01f.myftpupload.com\/wp-content\/uploads\/2024\/06\/Orthopedics-Director.jpg"},{"@type":"BreadcrumbList","@id":"https:\/\/mdvisitclinic.com\/es\/nuestro-equipo\/william-f-hefley\/#breadcrumb","itemListElement":[{"@type":"ListItem","position":1,"name":"Home","item":"https:\/\/mdvisitclinic.com\/es\/"},{"@type":"ListItem","position":2,"name":"Nuestro equipo","item":"https:\/\/mdvisitclinic.com\/es\/nuestro-equipo\/"},{"@type":"ListItem","position":3,"name":"William F. Hefley"}]},{"@type":"WebSite","@id":"https:\/\/mdvisitclinic.com\/es\/#website","url":"https:\/\/mdvisitclinic.com\/es\/","name":"MDVISIT CLINIC","description":"","publisher":{"@id":"https:\/\/mdvisitclinic.com\/es\/#organization"},"potentialAction":[{"@type":"SearchAction","target":{"@type":"EntryPoint","urlTemplate":"https:\/\/mdvisitclinic.com\/es\/?s={search_term_string}"},"query-input":{"@type":"PropertyValueSpecification","valueRequired":true,"valueName":"search_term_string"}}],"inLanguage":"es"},{"@type":"Organization","@id":"https:\/\/mdvisitclinic.com\/es\/#organization","name":"MDVISIT CLINIC","url":"https:\/\/mdvisitclinic.com\/es\/","logo":{"@type":"ImageObject","inLanguage":"es","@id":"https:\/\/mdvisitclinic.com\/es\/#\/schema\/logo\/image\/","url":"https:\/\/mdvisitclinic.com\/wp-content\/uploads\/2024\/03\/logo.png","contentUrl":"https:\/\/mdvisitclinic.com\/wp-content\/uploads\/2024\/03\/logo.png","width":768,"height":118,"caption":"MDVISIT CLINIC"},"image":{"@id":"https:\/\/mdvisitclinic.com\/es\/#\/schema\/logo\/image\/"}}]}},"_links":{"self":[{"href":"https:\/\/mdvisitclinic.com\/es\/wp-json\/wp\/v2\/pages\/19129","targetHints":{"allow":["GET"]}}],"collection":[{"href":"https:\/\/mdvisitclinic.com\/es\/wp-json\/wp\/v2\/pages"}],"about":[{"href":"https:\/\/mdvisitclinic.com\/es\/wp-json\/wp\/v2\/types\/page"}],"author":[{"embeddable":true,"href":"https:\/\/mdvisitclinic.com\/es\/wp-json\/wp\/v2\/users\/9"}],"replies":[{"embeddable":true,"href":"https:\/\/mdvisitclinic.com\/es\/wp-json\/wp\/v2\/comments?post=19129"}],"version-history":[{"count":2,"href":"https:\/\/mdvisitclinic.com\/es\/wp-json\/wp\/v2\/pages\/19129\/revisions"}],"predecessor-version":[{"id":21662,"href":"https:\/\/mdvisitclinic.com\/es\/wp-json\/wp\/v2\/pages\/19129\/revisions\/21662"}],"up":[{"embeddable":true,"href":"https:\/\/mdvisitclinic.com\/es\/wp-json\/wp\/v2\/pages\/19154"}],"wp:attachment":[{"href":"https:\/\/mdvisitclinic.com\/es\/wp-json\/wp\/v2\/media?parent=19129"}],"curies":[{"name":"wp","href":"https:\/\/api.w.org\/{rel}","templated":true}]}}