{"id":19131,"date":"2024-10-24T05:49:00","date_gmt":"2024-10-24T05:49:00","guid":{"rendered":"https:\/\/f55.01f.myftpupload.com\/coleman-lannum\/"},"modified":"2024-11-27T04:32:00","modified_gmt":"2024-11-27T04:32:00","slug":"coleman-lannum","status":"publish","type":"page","link":"https:\/\/mdvisitclinic.com\/es\/nuestro-equipo\/coleman-lannum\/","title":{"rendered":"Coleman Lannum"},"content":{"rendered":"\t\t<div data-elementor-type=\"wp-page\" data-elementor-id=\"19131\" class=\"elementor elementor-19131 elementor-17451\" data-elementor-post-type=\"page\">\n\t\t\t\t<div class=\"elementor-element elementor-element-27c4a8b e-flex e-con-boxed e-con e-parent\" data-id=\"27c4a8b\" data-element_type=\"container\" data-e-type=\"container\" data-settings=\"{&quot;jet_parallax_layout_list&quot;:[]}\">\n\t\t\t\t\t<div class=\"e-con-inner\">\n\t\t<div class=\"elementor-element elementor-element-cab9a0f e-con-full e-flex e-con e-child\" data-id=\"cab9a0f\" data-element_type=\"container\" data-e-type=\"container\" data-settings=\"{&quot;jet_parallax_layout_list&quot;:[]}\">\n\t\t<div class=\"elementor-element elementor-element-87993cd e-flex e-con-boxed e-con e-child\" data-id=\"87993cd\" data-element_type=\"container\" data-e-type=\"container\" data-settings=\"{&quot;jet_parallax_layout_list&quot;:[]}\">\n\t\t\t\t\t<div class=\"e-con-inner\">\n\t\t\t\t<div class=\"elementor-element elementor-element-76d9047 elementor-invisible elementor-widget elementor-widget-heading\" data-id=\"76d9047\" data-element_type=\"widget\" data-e-type=\"widget\" data-settings=\"{&quot;_animation&quot;:&quot;fadeInDown&quot;,&quot;_animation_delay&quot;:0.40000000000000002}\" data-widget_type=\"heading.default\">\n\t\t\t\t<div class=\"elementor-widget-container\">\n\t\t\t\t\t<h1 class=\"elementor-heading-title elementor-size-default\">Coleman Lannum<\/h1>\t\t\t\t<\/div>\n\t\t\t\t<\/div>\n\t\t\t\t<div class=\"elementor-element elementor-element-3079db8 elementor-widget__width-inherit elementor-invisible elementor-widget elementor-widget-heading\" data-id=\"3079db8\" data-element_type=\"widget\" data-e-type=\"widget\" data-settings=\"{&quot;_animation&quot;:&quot;fadeInDown&quot;,&quot;_animation_delay&quot;:0.59999999999999998}\" data-widget_type=\"heading.default\">\n\t\t\t\t<div class=\"elementor-widget-container\">\n\t\t\t\t\t<h6 class=\"elementor-heading-title elementor-size-default\">Director Financiero y Director de Relaciones con Inversores.<\/h6>\t\t\t\t<\/div>\n\t\t\t\t<\/div>\n\t\t\t\t\t<\/div>\n\t\t\t\t<\/div>\n\t\t<div class=\"elementor-element elementor-element-28af48d e-con-full e-flex e-con e-child\" data-id=\"28af48d\" data-element_type=\"container\" data-e-type=\"container\" data-settings=\"{&quot;jet_parallax_layout_list&quot;:[]}\">\n\t\t\t\t<div class=\"elementor-element elementor-element-1684d24 elementor-widget__width-inherit team_desc elementor-invisible elementor-widget elementor-widget-text-editor\" data-id=\"1684d24\" data-element_type=\"widget\" data-e-type=\"widget\" data-settings=\"{&quot;_animation&quot;:&quot;fadeIn&quot;,&quot;_animation_delay&quot;:1}\" data-widget_type=\"text-editor.default\">\n\t\t\t\t<div class=\"elementor-widget-container\">\n\t\t\t\t\t\t\t\t\t<p>Coleman Lannum es el Director Financiero y Director de Relaciones con los Inversores de MDVISIT CLINIC. En este puesto, es responsable de todas las operaciones financieras y las estrategias de finanzas corporativas de la empresa. <\/p>\n<p>Coleman (Cole) Lannum es un galardonado Oficial de Relaciones con Inversionistas (IRO) e inversionista con m\u00e1s de 30 a\u00f1os de experiencia financiera y corporativa. Su experiencia incluye experiencia en estrategia de RI, an\u00e1lisis de inversiones y gesti\u00f3n de carteras en una variedad de entornos corporativos. Cole ha desarrollado un profundo conocimiento de Wall Street y ha forjado amplias relaciones dentro de la comunidad inversora. Su estilo \u00fanico ha contribuido a la evoluci\u00f3n de la funci\u00f3n de RI, las comunicaciones financieras y la estrategia corporativa.   <\/p>\n<p>Cole ha sido reconocido constantemente por la comunidad inversora por su experiencia en RI. Fue nombrado Mejor Oficial de Relaciones con Inversores de Gran Capitalizaci\u00f3n de EE. UU. todos los a\u00f1os desde 2011 hasta 2015, y Top Global IRO en 2014, estableciendo un r\u00e9cord que permanece ininterrumpido por cualquier otra empresa o individuo. Los premios adicionales a los mejores de su clase incluyen las mejores reuniones de la comunidad de inversi\u00f3n, las mejores llamadas de ganancias, la mejor IRO farmac\u00e9utica, la mejor IRO de tecnolog\u00eda m\u00e9dica y los mejores informes financieros (entre otros).  <\/p>\n<p>Sus recientes funciones de liderazgo corporativo incluyen el redise\u00f1o y la direcci\u00f3n de la funci\u00f3n de RI en Zimmer Biomet Holdings (NYSE: ZBH) y la creaci\u00f3n del programa de Relaciones con los Inversores para Covidien, lider\u00e1ndolo hasta la finalizaci\u00f3n de su fusi\u00f3n con Medtronic, Inc. (NYSE: MDT).<\/p>\n<p>Desde principios de la d\u00e9cada de 2000, Cole ha reunido y presidido algunos de los equipos de Relaciones con Inversores m\u00e1s aclamados de los Estados Unidos. Ha supervisado las relaciones con los inversores tanto para la mayor oferta p\u00fablica inicial de atenci\u00f3n m\u00e9dica de la historia como para la mayor fusi\u00f3n de tecnolog\u00eda m\u00e9dica de la historia. Cole tiene una notable experiencia en la salida a bolsa de empresas, con m\u00faltiples \u00e9xitos en escisiones, rupturas corporativas, ofertas p\u00fablicas iniciales, SPAC\/de-SPAC y fusiones.  <\/p>\n<p>Actualmente asesora a empresas selectas sobre comunicaciones financieras y estrategia de RI en una amplia gama de temas, y es el director financiero y miembro de la junta directiva de MDvisit, proporcionando asesoramiento financiero estrat\u00e9gico y supervisi\u00f3n a la organizaci\u00f3n.<\/p>\n<p>Adem\u00e1s de su experiencia en finanzas, Cole es un prol\u00edfico productor y actor profesional. Ha producido y aparecido en una variedad de proyectos, incluyendo cortometrajes y largometrajes, programas de televisi\u00f3n y comerciales. <\/p>\n<p>Cole obtuvo su licenciatura en Administraci\u00f3n de Empresas de la Escuela de Negocios Olin de la Universidad de Washington, y su Maestr\u00eda en Administraci\u00f3n de Empresas (Finanzas \/ Gesti\u00f3n) de la Escuela de Negocios Mays de la Universidad de Texas A&amp;M. Es Analista Financiero Colegiado y miembro de SAG-AFTRA. <\/p>\n\t\t\t\t\t\t\t\t<\/div>\n\t\t\t\t<\/div>\n\t\t\t\t<\/div>\n\t\t\t\t<\/div>\n\t\t<div class=\"elementor-element elementor-element-3b7188c e-con-full e-flex e-con e-child\" data-id=\"3b7188c\" data-element_type=\"container\" data-e-type=\"container\" data-settings=\"{&quot;jet_parallax_layout_list&quot;:[]}\">\n\t\t\t\t<div class=\"elementor-element elementor-element-4521d15 animated-slow elementor-invisible elementor-widget elementor-widget-image\" data-id=\"4521d15\" data-element_type=\"widget\" data-e-type=\"widget\" data-settings=\"{&quot;_animation&quot;:&quot;fadeInLeft&quot;,&quot;_animation_mobile&quot;:&quot;none&quot;,&quot;_animation_delay&quot;:1.5,&quot;sticky&quot;:&quot;top&quot;,&quot;sticky_on&quot;:[&quot;widescreen&quot;,&quot;desktop&quot;,&quot;tablet&quot;],&quot;sticky_parent&quot;:&quot;yes&quot;,&quot;sticky_offset&quot;:0,&quot;sticky_effects_offset&quot;:0,&quot;sticky_anchor_link_offset&quot;:0}\" data-widget_type=\"image.default\">\n\t\t\t\t<div class=\"elementor-widget-container\">\n\t\t\t\t\t\t\t\t\t\t\t\t\t\t\t<img fetchpriority=\"high\" decoding=\"async\" width=\"293\" height=\"438\" src=\"https:\/\/mdvisitclinic.com\/wp-content\/uploads\/2024\/05\/Cole-Lannum.png\" class=\"attachment-large size-large wp-image-4291\" alt=\"\" srcset=\"https:\/\/mdvisitclinic.com\/wp-content\/uploads\/2024\/05\/Cole-Lannum.png 293w, https:\/\/mdvisitclinic.com\/wp-content\/uploads\/2024\/05\/Cole-Lannum-201x300.png 201w\" sizes=\"(max-width: 293px) 100vw, 293px\" \/>\t\t\t\t\t\t\t\t\t\t\t\t\t\t\t<\/div>\n\t\t\t\t<\/div>\n\t\t\t\t<\/div>\n\t\t\t\t\t<\/div>\n\t\t\t\t<\/div>\n\t\t\t\t<\/div>\n\t\t","protected":false},"excerpt":{"rendered":"<p>Coleman Lannum Director Financiero y Director de Relaciones con Inversores. Coleman Lannum es el Director Financiero y Director de Relaciones con los Inversores de MDVISIT CLINIC. En este puesto, es responsable de todas las operaciones financieras y las estrategias de finanzas corporativas de la empresa. Coleman (Cole) Lannum es un galardonado Oficial de Relaciones con [&hellip;]<\/p>\n","protected":false},"author":9,"featured_media":0,"parent":19154,"menu_order":0,"comment_status":"closed","ping_status":"closed","template":"elementor_header_footer","meta":{"_acf_changed":false,"_coblocks_attr":"","_coblocks_dimensions":"","_coblocks_responsive_height":"","_coblocks_accordion_ie_support":"","hide_page_title":"","footnotes":""},"class_list":["post-19131","page","type-page","status-publish","hentry"],"acf":[],"yoast_head":"<!-- This site is optimized with the Yoast SEO plugin v27.6 - https:\/\/yoast.com\/product\/yoast-seo-wordpress\/ -->\n<title>Coleman Lannum - MDVISIT CLINIC<\/title>\n<meta name=\"robots\" content=\"noindex, follow, max-snippet:-1, max-image-preview:large, max-video-preview:-1\" \/>\n<meta property=\"og:locale\" content=\"es_ES\" \/>\n<meta property=\"og:type\" content=\"article\" \/>\n<meta property=\"og:title\" content=\"Coleman Lannum - MDVISIT CLINIC\" \/>\n<meta property=\"og:description\" content=\"Coleman Lannum Director Financiero y Director de Relaciones con Inversores. Coleman Lannum es el Director Financiero y Director de Relaciones con los Inversores de MDVISIT CLINIC. En este puesto, es responsable de todas las operaciones financieras y las estrategias de finanzas corporativas de la empresa. Coleman (Cole) Lannum es un galardonado Oficial de Relaciones con [&hellip;]\" \/>\n<meta property=\"og:url\" content=\"https:\/\/mdvisitclinic.com\/es\/nuestro-equipo\/coleman-lannum\/\" \/>\n<meta property=\"og:site_name\" content=\"MDVISIT CLINIC\" \/>\n<meta property=\"article:modified_time\" content=\"2024-11-27T04:32:00+00:00\" \/>\n<meta property=\"og:image\" content=\"https:\/\/f55.01f.myftpupload.com\/wp-content\/uploads\/2024\/05\/Cole-Lannum.png\" \/>\n<meta name=\"twitter:card\" content=\"summary_large_image\" \/>\n<meta name=\"twitter:label1\" content=\"Est. reading time\" \/>\n\t<meta name=\"twitter:data1\" content=\"3 minutes\" \/>\n<script type=\"application\/ld+json\" class=\"yoast-schema-graph\">{\"@context\":\"https:\\\/\\\/schema.org\",\"@graph\":[{\"@type\":\"WebPage\",\"@id\":\"https:\\\/\\\/mdvisitclinic.com\\\/es\\\/nuestro-equipo\\\/coleman-lannum\\\/\",\"url\":\"https:\\\/\\\/mdvisitclinic.com\\\/es\\\/nuestro-equipo\\\/coleman-lannum\\\/\",\"name\":\"Coleman Lannum - MDVISIT CLINIC\",\"isPartOf\":{\"@id\":\"https:\\\/\\\/mdvisitclinic.com\\\/es\\\/#website\"},\"primaryImageOfPage\":{\"@id\":\"https:\\\/\\\/mdvisitclinic.com\\\/es\\\/nuestro-equipo\\\/coleman-lannum\\\/#primaryimage\"},\"image\":{\"@id\":\"https:\\\/\\\/mdvisitclinic.com\\\/es\\\/nuestro-equipo\\\/coleman-lannum\\\/#primaryimage\"},\"thumbnailUrl\":\"https:\\\/\\\/f55.01f.myftpupload.com\\\/wp-content\\\/uploads\\\/2024\\\/05\\\/Cole-Lannum.png\",\"datePublished\":\"2024-10-24T05:49:00+00:00\",\"dateModified\":\"2024-11-27T04:32:00+00:00\",\"breadcrumb\":{\"@id\":\"https:\\\/\\\/mdvisitclinic.com\\\/es\\\/nuestro-equipo\\\/coleman-lannum\\\/#breadcrumb\"},\"inLanguage\":\"es\",\"potentialAction\":[{\"@type\":\"ReadAction\",\"target\":[\"https:\\\/\\\/mdvisitclinic.com\\\/es\\\/nuestro-equipo\\\/coleman-lannum\\\/\"]}]},{\"@type\":\"ImageObject\",\"inLanguage\":\"es\",\"@id\":\"https:\\\/\\\/mdvisitclinic.com\\\/es\\\/nuestro-equipo\\\/coleman-lannum\\\/#primaryimage\",\"url\":\"https:\\\/\\\/f55.01f.myftpupload.com\\\/wp-content\\\/uploads\\\/2024\\\/05\\\/Cole-Lannum.png\",\"contentUrl\":\"https:\\\/\\\/f55.01f.myftpupload.com\\\/wp-content\\\/uploads\\\/2024\\\/05\\\/Cole-Lannum.png\"},{\"@type\":\"BreadcrumbList\",\"@id\":\"https:\\\/\\\/mdvisitclinic.com\\\/es\\\/nuestro-equipo\\\/coleman-lannum\\\/#breadcrumb\",\"itemListElement\":[{\"@type\":\"ListItem\",\"position\":1,\"name\":\"Home\",\"item\":\"https:\\\/\\\/mdvisitclinic.com\\\/es\\\/\"},{\"@type\":\"ListItem\",\"position\":2,\"name\":\"Nuestro equipo\",\"item\":\"https:\\\/\\\/mdvisitclinic.com\\\/es\\\/nuestro-equipo\\\/\"},{\"@type\":\"ListItem\",\"position\":3,\"name\":\"Coleman Lannum\"}]},{\"@type\":\"WebSite\",\"@id\":\"https:\\\/\\\/mdvisitclinic.com\\\/es\\\/#website\",\"url\":\"https:\\\/\\\/mdvisitclinic.com\\\/es\\\/\",\"name\":\"MDVISIT CLINIC\",\"description\":\"\",\"publisher\":{\"@id\":\"https:\\\/\\\/mdvisitclinic.com\\\/es\\\/#organization\"},\"potentialAction\":[{\"@type\":\"SearchAction\",\"target\":{\"@type\":\"EntryPoint\",\"urlTemplate\":\"https:\\\/\\\/mdvisitclinic.com\\\/es\\\/?s={search_term_string}\"},\"query-input\":{\"@type\":\"PropertyValueSpecification\",\"valueRequired\":true,\"valueName\":\"search_term_string\"}}],\"inLanguage\":\"es\"},{\"@type\":\"Organization\",\"@id\":\"https:\\\/\\\/mdvisitclinic.com\\\/es\\\/#organization\",\"name\":\"MDVISIT CLINIC\",\"url\":\"https:\\\/\\\/mdvisitclinic.com\\\/es\\\/\",\"logo\":{\"@type\":\"ImageObject\",\"inLanguage\":\"es\",\"@id\":\"https:\\\/\\\/mdvisitclinic.com\\\/es\\\/#\\\/schema\\\/logo\\\/image\\\/\",\"url\":\"https:\\\/\\\/mdvisitclinic.com\\\/wp-content\\\/uploads\\\/2024\\\/03\\\/logo.png\",\"contentUrl\":\"https:\\\/\\\/mdvisitclinic.com\\\/wp-content\\\/uploads\\\/2024\\\/03\\\/logo.png\",\"width\":768,\"height\":118,\"caption\":\"MDVISIT CLINIC\"},\"image\":{\"@id\":\"https:\\\/\\\/mdvisitclinic.com\\\/es\\\/#\\\/schema\\\/logo\\\/image\\\/\"}}]}<\/script>\n<!-- \/ Yoast SEO plugin. -->","yoast_head_json":{"title":"Coleman Lannum - MDVISIT CLINIC","robots":{"index":"noindex","follow":"follow","max-snippet":"max-snippet:-1","max-image-preview":"max-image-preview:large","max-video-preview":"max-video-preview:-1"},"og_locale":"es_ES","og_type":"article","og_title":"Coleman Lannum - MDVISIT CLINIC","og_description":"Coleman Lannum Director Financiero y Director de Relaciones con Inversores. Coleman Lannum es el Director Financiero y Director de Relaciones con los Inversores de MDVISIT CLINIC. En este puesto, es responsable de todas las operaciones financieras y las estrategias de finanzas corporativas de la empresa. Coleman (Cole) Lannum es un galardonado Oficial de Relaciones con [&hellip;]","og_url":"https:\/\/mdvisitclinic.com\/es\/nuestro-equipo\/coleman-lannum\/","og_site_name":"MDVISIT CLINIC","article_modified_time":"2024-11-27T04:32:00+00:00","og_image":[{"url":"https:\/\/f55.01f.myftpupload.com\/wp-content\/uploads\/2024\/05\/Cole-Lannum.png","type":"","width":"","height":""}],"twitter_card":"summary_large_image","twitter_misc":{"Est. reading time":"3 minutes"},"schema":{"@context":"https:\/\/schema.org","@graph":[{"@type":"WebPage","@id":"https:\/\/mdvisitclinic.com\/es\/nuestro-equipo\/coleman-lannum\/","url":"https:\/\/mdvisitclinic.com\/es\/nuestro-equipo\/coleman-lannum\/","name":"Coleman Lannum - MDVISIT CLINIC","isPartOf":{"@id":"https:\/\/mdvisitclinic.com\/es\/#website"},"primaryImageOfPage":{"@id":"https:\/\/mdvisitclinic.com\/es\/nuestro-equipo\/coleman-lannum\/#primaryimage"},"image":{"@id":"https:\/\/mdvisitclinic.com\/es\/nuestro-equipo\/coleman-lannum\/#primaryimage"},"thumbnailUrl":"https:\/\/f55.01f.myftpupload.com\/wp-content\/uploads\/2024\/05\/Cole-Lannum.png","datePublished":"2024-10-24T05:49:00+00:00","dateModified":"2024-11-27T04:32:00+00:00","breadcrumb":{"@id":"https:\/\/mdvisitclinic.com\/es\/nuestro-equipo\/coleman-lannum\/#breadcrumb"},"inLanguage":"es","potentialAction":[{"@type":"ReadAction","target":["https:\/\/mdvisitclinic.com\/es\/nuestro-equipo\/coleman-lannum\/"]}]},{"@type":"ImageObject","inLanguage":"es","@id":"https:\/\/mdvisitclinic.com\/es\/nuestro-equipo\/coleman-lannum\/#primaryimage","url":"https:\/\/f55.01f.myftpupload.com\/wp-content\/uploads\/2024\/05\/Cole-Lannum.png","contentUrl":"https:\/\/f55.01f.myftpupload.com\/wp-content\/uploads\/2024\/05\/Cole-Lannum.png"},{"@type":"BreadcrumbList","@id":"https:\/\/mdvisitclinic.com\/es\/nuestro-equipo\/coleman-lannum\/#breadcrumb","itemListElement":[{"@type":"ListItem","position":1,"name":"Home","item":"https:\/\/mdvisitclinic.com\/es\/"},{"@type":"ListItem","position":2,"name":"Nuestro equipo","item":"https:\/\/mdvisitclinic.com\/es\/nuestro-equipo\/"},{"@type":"ListItem","position":3,"name":"Coleman Lannum"}]},{"@type":"WebSite","@id":"https:\/\/mdvisitclinic.com\/es\/#website","url":"https:\/\/mdvisitclinic.com\/es\/","name":"MDVISIT CLINIC","description":"","publisher":{"@id":"https:\/\/mdvisitclinic.com\/es\/#organization"},"potentialAction":[{"@type":"SearchAction","target":{"@type":"EntryPoint","urlTemplate":"https:\/\/mdvisitclinic.com\/es\/?s={search_term_string}"},"query-input":{"@type":"PropertyValueSpecification","valueRequired":true,"valueName":"search_term_string"}}],"inLanguage":"es"},{"@type":"Organization","@id":"https:\/\/mdvisitclinic.com\/es\/#organization","name":"MDVISIT CLINIC","url":"https:\/\/mdvisitclinic.com\/es\/","logo":{"@type":"ImageObject","inLanguage":"es","@id":"https:\/\/mdvisitclinic.com\/es\/#\/schema\/logo\/image\/","url":"https:\/\/mdvisitclinic.com\/wp-content\/uploads\/2024\/03\/logo.png","contentUrl":"https:\/\/mdvisitclinic.com\/wp-content\/uploads\/2024\/03\/logo.png","width":768,"height":118,"caption":"MDVISIT CLINIC"},"image":{"@id":"https:\/\/mdvisitclinic.com\/es\/#\/schema\/logo\/image\/"}}]}},"_links":{"self":[{"href":"https:\/\/mdvisitclinic.com\/es\/wp-json\/wp\/v2\/pages\/19131","targetHints":{"allow":["GET"]}}],"collection":[{"href":"https:\/\/mdvisitclinic.com\/es\/wp-json\/wp\/v2\/pages"}],"about":[{"href":"https:\/\/mdvisitclinic.com\/es\/wp-json\/wp\/v2\/types\/page"}],"author":[{"embeddable":true,"href":"https:\/\/mdvisitclinic.com\/es\/wp-json\/wp\/v2\/users\/9"}],"replies":[{"embeddable":true,"href":"https:\/\/mdvisitclinic.com\/es\/wp-json\/wp\/v2\/comments?post=19131"}],"version-history":[{"count":2,"href":"https:\/\/mdvisitclinic.com\/es\/wp-json\/wp\/v2\/pages\/19131\/revisions"}],"predecessor-version":[{"id":21663,"href":"https:\/\/mdvisitclinic.com\/es\/wp-json\/wp\/v2\/pages\/19131\/revisions\/21663"}],"up":[{"embeddable":true,"href":"https:\/\/mdvisitclinic.com\/es\/wp-json\/wp\/v2\/pages\/19154"}],"wp:attachment":[{"href":"https:\/\/mdvisitclinic.com\/es\/wp-json\/wp\/v2\/media?parent=19131"}],"curies":[{"name":"wp","href":"https:\/\/api.w.org\/{rel}","templated":true}]}}