{"id":19140,"date":"2024-10-28T06:29:37","date_gmt":"2024-10-28T06:29:37","guid":{"rendered":"https:\/\/f55.01f.myftpupload.com\/arkansas-hiperbaricos-plus\/"},"modified":"2024-11-27T04:31:52","modified_gmt":"2024-11-27T04:31:52","slug":"arkansas-hiperbaricos-plus","status":"publish","type":"page","link":"https:\/\/mdvisitclinic.com\/es\/nuestros-hospitales-de-ee-s-clinicas\/arkansas-hiperbaricos-plus\/","title":{"rendered":"ARKANSAS HIPERB\u00c1RICO PLUS"},"content":{"rendered":"\t\t<div data-elementor-type=\"wp-page\" data-elementor-id=\"19140\" class=\"elementor elementor-19140 elementor-17757\" data-elementor-post-type=\"page\">\n\t\t\t\t<div class=\"elementor-element elementor-element-1cf7adf e-flex e-con-boxed e-con e-parent\" data-id=\"1cf7adf\" data-element_type=\"container\" data-e-type=\"container\" data-settings=\"{&quot;jet_parallax_layout_list&quot;:[]}\">\n\t\t\t\t\t<div class=\"e-con-inner\">\n\t\t\t\t<div class=\"elementor-element elementor-element-6d49cd0 elementor-widget elementor-widget-heading\" data-id=\"6d49cd0\" data-element_type=\"widget\" data-e-type=\"widget\" data-widget_type=\"heading.default\">\n\t\t\t\t<div class=\"elementor-widget-container\">\n\t\t\t\t\t<h1 class=\"elementor-heading-title elementor-size-default\">ARKANSAS HIPERB\u00c1RICO M\u00c1S TERAPIAS REGENERATIVAS\n<\/h1>\t\t\t\t<\/div>\n\t\t\t\t<\/div>\n\t\t\t\t<div class=\"elementor-element elementor-element-e02bef3 elementor-widget__width-initial elementor-widget elementor-widget-text-editor\" data-id=\"e02bef3\" data-element_type=\"widget\" data-e-type=\"widget\" data-widget_type=\"text-editor.default\">\n\t\t\t\t<div class=\"elementor-widget-container\">\n\t\t\t\t\t\t\t\t\t<p>La misi\u00f3n de la CL\u00cdNICA MDVISIT es simplemente, facilitar la atenci\u00f3n m\u00e9dica de clase mundial. Ya sea que desee cirug\u00eda, tratamiento contra el c\u00e1ncer u otros tratamientos m\u00e9dicos, estamos comprometidos a brindar un servicio con m\u00e9dicos especialistas que se encuentran entre la \u00e9lite de los Estados Unidos, clasificados entre los mejores dentro del 5% o el 10% por el gobierno de los Estados Unidos y otras organizaciones que califican la calidad de servicio. <\/p>\n\t\t\t\t\t\t\t\t<\/div>\n\t\t\t\t<\/div>\n\t\t\t\t\t<\/div>\n\t\t\t\t<\/div>\n\t\t<div class=\"elementor-element elementor-element-74372680 e-flex e-con-boxed e-con e-parent\" data-id=\"74372680\" data-element_type=\"container\" data-e-type=\"container\" data-settings=\"{&quot;jet_parallax_layout_list&quot;:[]}\">\n\t\t\t\t\t<div class=\"e-con-inner\">\n\t\t<div class=\"elementor-element elementor-element-220ebb24 e-con-full e-flex e-con e-child\" data-id=\"220ebb24\" data-element_type=\"container\" data-e-type=\"container\" data-settings=\"{&quot;jet_parallax_layout_list&quot;:[]}\">\n\t\t\t\t<div class=\"elementor-element elementor-element-1f374718 elementor-invisible elementor-widget elementor-widget-heading\" data-id=\"1f374718\" data-element_type=\"widget\" data-e-type=\"widget\" data-settings=\"{&quot;_animation&quot;:&quot;fadeInDown&quot;,&quot;_animation_delay&quot;:0.40000000000000002}\" data-widget_type=\"heading.default\">\n\t\t\t\t<div class=\"elementor-widget-container\">\n\t\t\t\t\t<h2 class=\"elementor-heading-title elementor-size-default\">OXIGENOTERAPIA REGENERATIVA<\/h2>\t\t\t\t<\/div>\n\t\t\t\t<\/div>\n\t\t\t\t<div class=\"elementor-element elementor-element-2e657bd5 elementor-invisible elementor-widget elementor-widget-heading\" data-id=\"2e657bd5\" data-element_type=\"widget\" data-e-type=\"widget\" data-settings=\"{&quot;_animation&quot;:&quot;fadeInDown&quot;,&quot;_animation_delay&quot;:0.5}\" data-widget_type=\"heading.default\">\n\t\t\t\t<div class=\"elementor-widget-container\">\n\t\t\t\t\t<h5 class=\"elementor-heading-title elementor-size-default\">Ox\u00edgeno hiperb\u00e1rico preoperatorio y postoperatorio<\/h5>\t\t\t\t<\/div>\n\t\t\t\t<\/div>\n\t\t\t\t<div class=\"elementor-element elementor-element-691edad elementor-widget__width-inherit elementor-invisible elementor-widget elementor-widget-text-editor\" data-id=\"691edad\" data-element_type=\"widget\" data-e-type=\"widget\" data-settings=\"{&quot;_animation&quot;:&quot;fadeInDown&quot;,&quot;_animation_delay&quot;:0.59999999999999998}\" data-widget_type=\"text-editor.default\">\n\t\t\t\t<div class=\"elementor-widget-container\">\n\t\t\t\t\t\t\t\t\t<p><strong>PRE-CIRUG\u00cdA<\/strong><\/p>\n<p><span style=\"font-size: var(--go--font-size); letter-spacing: var(--go--letter-spacing,normal);\">La Terapia de Ox\u00edgeno Hiperb\u00e1rico (TOHB) ofrece beneficios significativos cuando se usa antes de la cirug\u00eda, principalmente debido a su capacidad para mejorar la oxigenaci\u00f3n de los tejidos y promover los procesos de curaci\u00f3n. Antes de los procedimientos quir\u00fargicos, especialmente en los casos en los que hay da\u00f1o tisular o infecci\u00f3n, el TOHB puede aumentar significativamente la concentraci\u00f3n de ox\u00edgeno en la sangre. Este aumento del nivel de ox\u00edgeno ayuda a preparar el cuerpo para la cirug\u00eda al mejorar la funci\u00f3n de los gl\u00f3bulos blancos, que son cruciales para combatir las infecciones.  <\/span><\/p>\n<p><b>POSTOPERATORIO&nbsp;<\/b><\/p>\n<p>La Terapia de Ox\u00edgeno Hiperb\u00e1rico (TOHB) postoperatoria ofrece numerosos beneficios, principalmente debido a su capacidad para acelerar la curaci\u00f3n y combatir las infecciones. Despu\u00e9s de la cirug\u00eda, los tejidos suelen ser hip\u00f3xicos (carecen de ox\u00edgeno) debido al trauma del procedimiento quir\u00fargico. El TOHB funciona aumentando la presi\u00f3n y, por lo tanto, la concentraci\u00f3n de ox\u00edgeno en la sangre, lo que mejora significativamente el suministro de ox\u00edgeno a estos tejidos hip\u00f3xicos. Este aumento en los niveles de ox\u00edgeno no solo ayuda en la cicatrizaci\u00f3n de heridas al promover la producci\u00f3n de col\u00e1geno y la actividad de los fibroblastos, sino que tambi\u00e9n aumenta la respuesta inmunitaria, lo que la hace m\u00e1s eficaz contra las bacterias que prosperan en ambientes con poco ox\u00edgeno.   <\/p>\t\t\t\t\t\t\t\t<\/div>\n\t\t\t\t<\/div>\n\t\t\t\t<div class=\"elementor-element elementor-element-4124349 elementor-widget__width-inherit article_content elementor-invisible elementor-widget elementor-widget-text-editor\" data-id=\"4124349\" data-element_type=\"widget\" data-e-type=\"widget\" data-settings=\"{&quot;_animation&quot;:&quot;fadeIn&quot;,&quot;_animation_delay&quot;:1}\" data-widget_type=\"text-editor.default\">\n\t\t\t\t<div class=\"elementor-widget-container\">\n\t\t\t\t\t\t\t\t\t<p>(<a href=\"https:\/\/mdvisitclinic.com\/es\/terapia-de-oxigeno-regenerativa-detalles\/\">M\u00e1s informaci\u00f3n<\/a>)<\/p>\n\t\t\t\t\t\t\t\t<\/div>\n\t\t\t\t<\/div>\n\t\t\t\t<\/div>\n\t\t<div class=\"elementor-element elementor-element-18fa680c e-con-full e-flex e-con e-child\" data-id=\"18fa680c\" data-element_type=\"container\" data-e-type=\"container\" data-settings=\"{&quot;jet_parallax_layout_list&quot;:[],&quot;background_background&quot;:&quot;classic&quot;}\">\n\t\t\t\t<div class=\"elementor-element elementor-element-70ff289f animated-slow elementor-invisible elementor-widget elementor-widget-image\" data-id=\"70ff289f\" data-element_type=\"widget\" data-e-type=\"widget\" data-settings=\"{&quot;_animation&quot;:&quot;fadeInLeft&quot;,&quot;_animation_delay&quot;:1.5,&quot;_animation_mobile&quot;:&quot;none&quot;}\" data-widget_type=\"image.default\">\n\t\t\t\t<div class=\"elementor-widget-container\">\n\t\t\t\t\t\t\t\t\t\t\t\t\t\t\t<img fetchpriority=\"high\" decoding=\"async\" width=\"652\" height=\"369\" src=\"https:\/\/mdvisitclinic.com\/wp-content\/uploads\/2024\/10\/OXYGEN-THERAPY.jpg\" class=\"attachment-full size-full wp-image-17763\" alt=\"\" srcset=\"https:\/\/mdvisitclinic.com\/wp-content\/uploads\/2024\/10\/OXYGEN-THERAPY.jpg 652w, https:\/\/mdvisitclinic.com\/wp-content\/uploads\/2024\/10\/OXYGEN-THERAPY-300x170.jpg 300w\" sizes=\"(max-width: 652px) 100vw, 652px\" \/>\t\t\t\t\t\t\t\t\t\t\t\t\t\t\t<\/div>\n\t\t\t\t<\/div>\n\t\t\t\t<div class=\"elementor-element elementor-element-69703b6 animated-slow elementor-invisible elementor-widget elementor-widget-video\" data-id=\"69703b6\" data-element_type=\"widget\" data-e-type=\"widget\" data-settings=\"{&quot;youtube_url&quot;:&quot;https:\\\/\\\/www.youtube.com\\\/watch?v=1csTFeGO9ok&quot;,&quot;mute&quot;:&quot;yes&quot;,&quot;_animation&quot;:&quot;fadeInLeft&quot;,&quot;_animation_mobile&quot;:&quot;none&quot;,&quot;_animation_delay&quot;:1.5,&quot;video_type&quot;:&quot;youtube&quot;,&quot;controls&quot;:&quot;yes&quot;}\" data-widget_type=\"video.default\">\n\t\t\t\t<div class=\"elementor-widget-container\">\n\t\t\t\t\t\t\t<div class=\"elementor-wrapper elementor-open-inline\">\n\t\t\t<div class=\"elementor-video\"><\/div>\t\t<\/div>\n\t\t\t\t\t\t<\/div>\n\t\t\t\t<\/div>\n\t\t\t\t<\/div>\n\t\t\t\t\t<\/div>\n\t\t\t\t<\/div>\n\t\t\t\t<\/div>\n\t\t","protected":false},"excerpt":{"rendered":"<p>ARKANSAS HIPERB\u00c1RICO M\u00c1S TERAPIAS REGENERATIVAS La misi\u00f3n de la CL\u00cdNICA MDVISIT es simplemente, facilitar la atenci\u00f3n m\u00e9dica de clase mundial. Ya sea que desee cirug\u00eda, tratamiento contra el c\u00e1ncer u otros tratamientos m\u00e9dicos, estamos comprometidos a brindar un servicio con m\u00e9dicos especialistas que se encuentran entre la \u00e9lite de los Estados Unidos, clasificados entre los [&hellip;]<\/p>\n","protected":false},"author":9,"featured_media":0,"parent":19158,"menu_order":0,"comment_status":"closed","ping_status":"closed","template":"elementor_header_footer","meta":{"_acf_changed":false,"_coblocks_attr":"","_coblocks_dimensions":"","_coblocks_responsive_height":"","_coblocks_accordion_ie_support":"","hide_page_title":"","footnotes":""},"class_list":["post-19140","page","type-page","status-publish","hentry"],"acf":[],"yoast_head":"<!-- This site is optimized with the Yoast SEO plugin v27.6 - https:\/\/yoast.com\/product\/yoast-seo-wordpress\/ -->\n<title>ARKANSAS HIPERB\u00c1RICO PLUS - MDVISIT CLINIC<\/title>\n<meta name=\"robots\" content=\"noindex, follow, max-snippet:-1, max-image-preview:large, max-video-preview:-1\" \/>\n<meta property=\"og:locale\" content=\"es_ES\" \/>\n<meta property=\"og:type\" content=\"article\" \/>\n<meta property=\"og:title\" content=\"ARKANSAS HIPERB\u00c1RICO PLUS - MDVISIT CLINIC\" \/>\n<meta property=\"og:description\" content=\"ARKANSAS HIPERB\u00c1RICO M\u00c1S TERAPIAS REGENERATIVAS La misi\u00f3n de la CL\u00cdNICA MDVISIT es simplemente, facilitar la atenci\u00f3n m\u00e9dica de clase mundial. Ya sea que desee cirug\u00eda, tratamiento contra el c\u00e1ncer u otros tratamientos m\u00e9dicos, estamos comprometidos a brindar un servicio con m\u00e9dicos especialistas que se encuentran entre la \u00e9lite de los Estados Unidos, clasificados entre los [&hellip;]\" \/>\n<meta property=\"og:url\" content=\"https:\/\/mdvisitclinic.com\/es\/nuestros-hospitales-de-ee-s-clinicas\/arkansas-hiperbaricos-plus\/\" \/>\n<meta property=\"og:site_name\" content=\"MDVISIT CLINIC\" \/>\n<meta property=\"article:modified_time\" content=\"2024-11-27T04:31:52+00:00\" \/>\n<meta property=\"og:image\" content=\"https:\/\/f55.01f.myftpupload.com\/wp-content\/uploads\/2024\/10\/OXYGEN-THERAPY.jpg\" \/>\n<meta name=\"twitter:card\" content=\"summary_large_image\" \/>\n<meta name=\"twitter:label1\" content=\"Est. reading time\" \/>\n\t<meta name=\"twitter:data1\" content=\"2 minutes\" \/>\n<script type=\"application\/ld+json\" class=\"yoast-schema-graph\">{\"@context\":\"https:\\\/\\\/schema.org\",\"@graph\":[{\"@type\":\"WebPage\",\"@id\":\"https:\\\/\\\/mdvisitclinic.com\\\/es\\\/nuestros-hospitales-de-ee-s-clinicas\\\/arkansas-hiperbaricos-plus\\\/\",\"url\":\"https:\\\/\\\/mdvisitclinic.com\\\/es\\\/nuestros-hospitales-de-ee-s-clinicas\\\/arkansas-hiperbaricos-plus\\\/\",\"name\":\"ARKANSAS HIPERB\u00c1RICO PLUS - MDVISIT CLINIC\",\"isPartOf\":{\"@id\":\"https:\\\/\\\/mdvisitclinic.com\\\/es\\\/#website\"},\"primaryImageOfPage\":{\"@id\":\"https:\\\/\\\/mdvisitclinic.com\\\/es\\\/nuestros-hospitales-de-ee-s-clinicas\\\/arkansas-hiperbaricos-plus\\\/#primaryimage\"},\"image\":{\"@id\":\"https:\\\/\\\/mdvisitclinic.com\\\/es\\\/nuestros-hospitales-de-ee-s-clinicas\\\/arkansas-hiperbaricos-plus\\\/#primaryimage\"},\"thumbnailUrl\":\"https:\\\/\\\/f55.01f.myftpupload.com\\\/wp-content\\\/uploads\\\/2024\\\/10\\\/OXYGEN-THERAPY.jpg\",\"datePublished\":\"2024-10-28T06:29:37+00:00\",\"dateModified\":\"2024-11-27T04:31:52+00:00\",\"breadcrumb\":{\"@id\":\"https:\\\/\\\/mdvisitclinic.com\\\/es\\\/nuestros-hospitales-de-ee-s-clinicas\\\/arkansas-hiperbaricos-plus\\\/#breadcrumb\"},\"inLanguage\":\"es\",\"potentialAction\":[{\"@type\":\"ReadAction\",\"target\":[\"https:\\\/\\\/mdvisitclinic.com\\\/es\\\/nuestros-hospitales-de-ee-s-clinicas\\\/arkansas-hiperbaricos-plus\\\/\"]}]},{\"@type\":\"ImageObject\",\"inLanguage\":\"es\",\"@id\":\"https:\\\/\\\/mdvisitclinic.com\\\/es\\\/nuestros-hospitales-de-ee-s-clinicas\\\/arkansas-hiperbaricos-plus\\\/#primaryimage\",\"url\":\"https:\\\/\\\/f55.01f.myftpupload.com\\\/wp-content\\\/uploads\\\/2024\\\/10\\\/OXYGEN-THERAPY.jpg\",\"contentUrl\":\"https:\\\/\\\/f55.01f.myftpupload.com\\\/wp-content\\\/uploads\\\/2024\\\/10\\\/OXYGEN-THERAPY.jpg\"},{\"@type\":\"BreadcrumbList\",\"@id\":\"https:\\\/\\\/mdvisitclinic.com\\\/es\\\/nuestros-hospitales-de-ee-s-clinicas\\\/arkansas-hiperbaricos-plus\\\/#breadcrumb\",\"itemListElement\":[{\"@type\":\"ListItem\",\"position\":1,\"name\":\"Home\",\"item\":\"https:\\\/\\\/mdvisitclinic.com\\\/es\\\/\"},{\"@type\":\"ListItem\",\"position\":2,\"name\":\"Nuestros Hospitales y Cl\u00ednicas en Estados Unidos.\",\"item\":\"https:\\\/\\\/mdvisitclinic.com\\\/es\\\/nuestros-hospitales-de-ee-s-clinicas\\\/\"},{\"@type\":\"ListItem\",\"position\":3,\"name\":\"ARKANSAS HIPERB\u00c1RICO PLUS\"}]},{\"@type\":\"WebSite\",\"@id\":\"https:\\\/\\\/mdvisitclinic.com\\\/es\\\/#website\",\"url\":\"https:\\\/\\\/mdvisitclinic.com\\\/es\\\/\",\"name\":\"MDVISIT CLINIC\",\"description\":\"\",\"publisher\":{\"@id\":\"https:\\\/\\\/mdvisitclinic.com\\\/es\\\/#organization\"},\"potentialAction\":[{\"@type\":\"SearchAction\",\"target\":{\"@type\":\"EntryPoint\",\"urlTemplate\":\"https:\\\/\\\/mdvisitclinic.com\\\/es\\\/?s={search_term_string}\"},\"query-input\":{\"@type\":\"PropertyValueSpecification\",\"valueRequired\":true,\"valueName\":\"search_term_string\"}}],\"inLanguage\":\"es\"},{\"@type\":\"Organization\",\"@id\":\"https:\\\/\\\/mdvisitclinic.com\\\/es\\\/#organization\",\"name\":\"MDVISIT CLINIC\",\"url\":\"https:\\\/\\\/mdvisitclinic.com\\\/es\\\/\",\"logo\":{\"@type\":\"ImageObject\",\"inLanguage\":\"es\",\"@id\":\"https:\\\/\\\/mdvisitclinic.com\\\/es\\\/#\\\/schema\\\/logo\\\/image\\\/\",\"url\":\"https:\\\/\\\/mdvisitclinic.com\\\/wp-content\\\/uploads\\\/2024\\\/03\\\/logo.png\",\"contentUrl\":\"https:\\\/\\\/mdvisitclinic.com\\\/wp-content\\\/uploads\\\/2024\\\/03\\\/logo.png\",\"width\":768,\"height\":118,\"caption\":\"MDVISIT CLINIC\"},\"image\":{\"@id\":\"https:\\\/\\\/mdvisitclinic.com\\\/es\\\/#\\\/schema\\\/logo\\\/image\\\/\"}}]}<\/script>\n<!-- \/ Yoast SEO plugin. -->","yoast_head_json":{"title":"ARKANSAS HIPERB\u00c1RICO PLUS - MDVISIT CLINIC","robots":{"index":"noindex","follow":"follow","max-snippet":"max-snippet:-1","max-image-preview":"max-image-preview:large","max-video-preview":"max-video-preview:-1"},"og_locale":"es_ES","og_type":"article","og_title":"ARKANSAS HIPERB\u00c1RICO PLUS - MDVISIT CLINIC","og_description":"ARKANSAS HIPERB\u00c1RICO M\u00c1S TERAPIAS REGENERATIVAS La misi\u00f3n de la CL\u00cdNICA MDVISIT es simplemente, facilitar la atenci\u00f3n m\u00e9dica de clase mundial. Ya sea que desee cirug\u00eda, tratamiento contra el c\u00e1ncer u otros tratamientos m\u00e9dicos, estamos comprometidos a brindar un servicio con m\u00e9dicos especialistas que se encuentran entre la \u00e9lite de los Estados Unidos, clasificados entre los [&hellip;]","og_url":"https:\/\/mdvisitclinic.com\/es\/nuestros-hospitales-de-ee-s-clinicas\/arkansas-hiperbaricos-plus\/","og_site_name":"MDVISIT CLINIC","article_modified_time":"2024-11-27T04:31:52+00:00","og_image":[{"url":"https:\/\/f55.01f.myftpupload.com\/wp-content\/uploads\/2024\/10\/OXYGEN-THERAPY.jpg","type":"","width":"","height":""}],"twitter_card":"summary_large_image","twitter_misc":{"Est. reading time":"2 minutes"},"schema":{"@context":"https:\/\/schema.org","@graph":[{"@type":"WebPage","@id":"https:\/\/mdvisitclinic.com\/es\/nuestros-hospitales-de-ee-s-clinicas\/arkansas-hiperbaricos-plus\/","url":"https:\/\/mdvisitclinic.com\/es\/nuestros-hospitales-de-ee-s-clinicas\/arkansas-hiperbaricos-plus\/","name":"ARKANSAS HIPERB\u00c1RICO PLUS - MDVISIT CLINIC","isPartOf":{"@id":"https:\/\/mdvisitclinic.com\/es\/#website"},"primaryImageOfPage":{"@id":"https:\/\/mdvisitclinic.com\/es\/nuestros-hospitales-de-ee-s-clinicas\/arkansas-hiperbaricos-plus\/#primaryimage"},"image":{"@id":"https:\/\/mdvisitclinic.com\/es\/nuestros-hospitales-de-ee-s-clinicas\/arkansas-hiperbaricos-plus\/#primaryimage"},"thumbnailUrl":"https:\/\/f55.01f.myftpupload.com\/wp-content\/uploads\/2024\/10\/OXYGEN-THERAPY.jpg","datePublished":"2024-10-28T06:29:37+00:00","dateModified":"2024-11-27T04:31:52+00:00","breadcrumb":{"@id":"https:\/\/mdvisitclinic.com\/es\/nuestros-hospitales-de-ee-s-clinicas\/arkansas-hiperbaricos-plus\/#breadcrumb"},"inLanguage":"es","potentialAction":[{"@type":"ReadAction","target":["https:\/\/mdvisitclinic.com\/es\/nuestros-hospitales-de-ee-s-clinicas\/arkansas-hiperbaricos-plus\/"]}]},{"@type":"ImageObject","inLanguage":"es","@id":"https:\/\/mdvisitclinic.com\/es\/nuestros-hospitales-de-ee-s-clinicas\/arkansas-hiperbaricos-plus\/#primaryimage","url":"https:\/\/f55.01f.myftpupload.com\/wp-content\/uploads\/2024\/10\/OXYGEN-THERAPY.jpg","contentUrl":"https:\/\/f55.01f.myftpupload.com\/wp-content\/uploads\/2024\/10\/OXYGEN-THERAPY.jpg"},{"@type":"BreadcrumbList","@id":"https:\/\/mdvisitclinic.com\/es\/nuestros-hospitales-de-ee-s-clinicas\/arkansas-hiperbaricos-plus\/#breadcrumb","itemListElement":[{"@type":"ListItem","position":1,"name":"Home","item":"https:\/\/mdvisitclinic.com\/es\/"},{"@type":"ListItem","position":2,"name":"Nuestros Hospitales y Cl\u00ednicas en Estados Unidos.","item":"https:\/\/mdvisitclinic.com\/es\/nuestros-hospitales-de-ee-s-clinicas\/"},{"@type":"ListItem","position":3,"name":"ARKANSAS HIPERB\u00c1RICO PLUS"}]},{"@type":"WebSite","@id":"https:\/\/mdvisitclinic.com\/es\/#website","url":"https:\/\/mdvisitclinic.com\/es\/","name":"MDVISIT CLINIC","description":"","publisher":{"@id":"https:\/\/mdvisitclinic.com\/es\/#organization"},"potentialAction":[{"@type":"SearchAction","target":{"@type":"EntryPoint","urlTemplate":"https:\/\/mdvisitclinic.com\/es\/?s={search_term_string}"},"query-input":{"@type":"PropertyValueSpecification","valueRequired":true,"valueName":"search_term_string"}}],"inLanguage":"es"},{"@type":"Organization","@id":"https:\/\/mdvisitclinic.com\/es\/#organization","name":"MDVISIT CLINIC","url":"https:\/\/mdvisitclinic.com\/es\/","logo":{"@type":"ImageObject","inLanguage":"es","@id":"https:\/\/mdvisitclinic.com\/es\/#\/schema\/logo\/image\/","url":"https:\/\/mdvisitclinic.com\/wp-content\/uploads\/2024\/03\/logo.png","contentUrl":"https:\/\/mdvisitclinic.com\/wp-content\/uploads\/2024\/03\/logo.png","width":768,"height":118,"caption":"MDVISIT CLINIC"},"image":{"@id":"https:\/\/mdvisitclinic.com\/es\/#\/schema\/logo\/image\/"}}]}},"_links":{"self":[{"href":"https:\/\/mdvisitclinic.com\/es\/wp-json\/wp\/v2\/pages\/19140","targetHints":{"allow":["GET"]}}],"collection":[{"href":"https:\/\/mdvisitclinic.com\/es\/wp-json\/wp\/v2\/pages"}],"about":[{"href":"https:\/\/mdvisitclinic.com\/es\/wp-json\/wp\/v2\/types\/page"}],"author":[{"embeddable":true,"href":"https:\/\/mdvisitclinic.com\/es\/wp-json\/wp\/v2\/users\/9"}],"replies":[{"embeddable":true,"href":"https:\/\/mdvisitclinic.com\/es\/wp-json\/wp\/v2\/comments?post=19140"}],"version-history":[{"count":3,"href":"https:\/\/mdvisitclinic.com\/es\/wp-json\/wp\/v2\/pages\/19140\/revisions"}],"predecessor-version":[{"id":21656,"href":"https:\/\/mdvisitclinic.com\/es\/wp-json\/wp\/v2\/pages\/19140\/revisions\/21656"}],"up":[{"embeddable":true,"href":"https:\/\/mdvisitclinic.com\/es\/wp-json\/wp\/v2\/pages\/19158"}],"wp:attachment":[{"href":"https:\/\/mdvisitclinic.com\/es\/wp-json\/wp\/v2\/media?parent=19140"}],"curies":[{"name":"wp","href":"https:\/\/api.w.org\/{rel}","templated":true}]}}