{"id":19144,"date":"2024-10-28T07:39:43","date_gmt":"2024-10-28T07:39:43","guid":{"rendered":"https:\/\/f55.01f.myftpupload.com\/terapia-de-oxigeno-regenerativa-detalles\/"},"modified":"2024-11-27T04:31:52","modified_gmt":"2024-11-27T04:31:52","slug":"terapia-de-oxigeno-regenerativa-detalles","status":"publish","type":"page","link":"https:\/\/mdvisitclinic.com\/es\/terapia-de-oxigeno-regenerativa-detalles\/","title":{"rendered":"DETALLES DE LA OXIGENOTERAPIA REGENERATIVA"},"content":{"rendered":"\t\t<div data-elementor-type=\"wp-page\" data-elementor-id=\"19144\" class=\"elementor elementor-19144 elementor-17821\" data-elementor-post-type=\"page\">\n\t\t\t\t<div class=\"elementor-element elementor-element-2f5dc202 e-flex e-con-boxed e-con e-parent\" data-id=\"2f5dc202\" data-element_type=\"container\" data-e-type=\"container\" data-settings=\"{&quot;jet_parallax_layout_list&quot;:[]}\">\n\t\t\t\t\t<div class=\"e-con-inner\">\n\t\t<div class=\"elementor-element elementor-element-59faecad e-con-full e-flex e-con e-child\" data-id=\"59faecad\" data-element_type=\"container\" data-e-type=\"container\" data-settings=\"{&quot;jet_parallax_layout_list&quot;:[]}\">\n\t\t\t\t<div class=\"elementor-element elementor-element-33ff0bf5 elementor-invisible elementor-widget elementor-widget-heading\" data-id=\"33ff0bf5\" data-element_type=\"widget\" data-e-type=\"widget\" data-settings=\"{&quot;_animation&quot;:&quot;fadeInDown&quot;,&quot;_animation_delay&quot;:0.40000000000000002}\" data-widget_type=\"heading.default\">\n\t\t\t\t<div class=\"elementor-widget-container\">\n\t\t\t\t\t<h1 class=\"elementor-heading-title elementor-size-default\">OXIGENOTERAPIA REGENERATIVA<\/h1>\t\t\t\t<\/div>\n\t\t\t\t<\/div>\n\t\t\t\t<div class=\"elementor-element elementor-element-6dde0691 elementor-invisible elementor-widget elementor-widget-heading\" data-id=\"6dde0691\" data-element_type=\"widget\" data-e-type=\"widget\" data-settings=\"{&quot;_animation&quot;:&quot;fadeInDown&quot;,&quot;_animation_delay&quot;:0.40000000000000002}\" data-widget_type=\"heading.default\">\n\t\t\t\t<div class=\"elementor-widget-container\">\n\t\t\t\t\t<h6 class=\"elementor-heading-title elementor-size-default\">Ox\u00edgeno hiperb\u00e1rico preoperatorio y postoperatorio<\/h6>\t\t\t\t<\/div>\n\t\t\t\t<\/div>\n\t\t\t\t<div class=\"elementor-element elementor-element-3594efe7 elementor-widget__width-inherit elementor-invisible elementor-widget elementor-widget-text-editor\" data-id=\"3594efe7\" data-element_type=\"widget\" data-e-type=\"widget\" data-settings=\"{&quot;_animation&quot;:&quot;fadeInDown&quot;,&quot;_animation_delay&quot;:0.59999999999999998}\" data-widget_type=\"text-editor.default\">\n\t\t\t\t<div class=\"elementor-widget-container\">\n\t\t\t\t\t\t\t\t\t<p><strong>PRE-CIRUG\u00cdA<\/strong><\/p>\n<p>La Terapia de Ox\u00edgeno Hiperb\u00e1rico (TOHB) ofrece beneficios significativos cuando se usa antes de la cirug\u00eda, principalmente debido a su capacidad para mejorar la oxigenaci\u00f3n de los tejidos y promover los procesos de curaci\u00f3n. Antes de los procedimientos quir\u00fargicos, especialmente en los casos en los que hay da\u00f1o tisular o infecci\u00f3n, el TOHB puede aumentar significativamente la concentraci\u00f3n de ox\u00edgeno en la sangre. Este aumento del nivel de ox\u00edgeno ayuda a preparar el cuerpo para la cirug\u00eda al mejorar la funci\u00f3n de los gl\u00f3bulos blancos, que son cruciales para combatir las infecciones.   Esto es especialmente beneficioso en afecciones como \u00falceras diab\u00e9ticas o lesiones por radiaci\u00f3n, donde el flujo sangu\u00edneo y el suministro de ox\u00edgeno comprometidos pueden impedir la curaci\u00f3n. Al preacondicionar el cuerpo con mayores niveles de ox\u00edgeno, la TOHB puede reducir el riesgo de infecciones postoperatorias, una complicaci\u00f3n com\u00fan y grave en las cirug\u00edas que involucran tejidos con poca vascularizaci\u00f3n. <\/p>\n<p>Adem\u00e1s, el TOHB puede estimular la angiog\u00e9nesis, el crecimiento de nuevos vasos sangu\u00edneos, que es vital para la curaci\u00f3n despu\u00e9s de la cirug\u00eda. La mejora del flujo sangu\u00edneo y el suministro de ox\u00edgeno a los tejidos no solo ayuda a una recuperaci\u00f3n m\u00e1s r\u00e1pida, sino tambi\u00e9n a la regeneraci\u00f3n de los tejidos da\u00f1ados. Para los pacientes que se someten a cirug\u00edas reconstructivas o aquellos con capacidades de curaci\u00f3n comprometidas, como fumadores o ancianos, esta terapia puede ser particularmente ventajosa. Promueve un entorno de curaci\u00f3n m\u00e1s robusto antes de que ocurra el trauma quir\u00fargico, lo que podr\u00eda reducir la duraci\u00f3n de las estad\u00edas en el hospital y mejorar los resultados quir\u00fargicos generales. Por lo tanto, el uso preventivo de TOHB puede minimizar las complicaciones, mejorar las tasas de supervivencia del injerto y el colgajo en las cirug\u00edas reconstructivas y, en general, fortalecer la resistencia del cuerpo contra el estr\u00e9s quir\u00fargico, lo que lo convierte en una estrategia de tratamiento prequir\u00fargico extremadamente beneficiosa.    <\/p>\n<p><b>POSTOPERATORIO  <\/b><\/p>\n<p>La Terapia de Ox\u00edgeno Hiperb\u00e1rico (TOHB) postoperatoria ofrece numerosos beneficios, principalmente debido a su capacidad para acelerar la curaci\u00f3n y combatir las infecciones. Despu\u00e9s de la cirug\u00eda, los tejidos suelen ser hip\u00f3xicos (carecen de ox\u00edgeno) debido al trauma del procedimiento quir\u00fargico. El TOHB funciona aumentando la presi\u00f3n y, por lo tanto, la concentraci\u00f3n de ox\u00edgeno en la sangre, lo que mejora significativamente el suministro de ox\u00edgeno a estos tejidos hip\u00f3xicos. Este aumento en los niveles de ox\u00edgeno no solo ayuda en la cicatrizaci\u00f3n de heridas al promover la producci\u00f3n de col\u00e1geno y la actividad de los fibroblastos, sino que tambi\u00e9n aumenta la respuesta inmunitaria, lo que la hace m\u00e1s eficaz contra las bacterias que prosperan en ambientes con poco ox\u00edgeno.    En consecuencia, el TOHB posquir\u00fargico puede reducir notablemente el riesgo de infecciones, lo que es particularmente crucial en cirug\u00edas que involucran \u00e1reas con un suministro de sangre deficiente o en pacientes con afecciones como la diabetes donde la curaci\u00f3n puede verse comprometida.<\/p>\n<p>Adem\u00e1s, el TOHB despu\u00e9s de la cirug\u00eda ayuda a reducir el edema y la inflamaci\u00f3n, problemas comunes que pueden retrasar la recuperaci\u00f3n. La capacidad de la terapia para disminuir la hinchaz\u00f3n se debe a sus efectos vasoconstrictores, que ayudan a reducir la fuga de l\u00edquido de los vasos sangu\u00edneos a los tejidos. Esta reducci\u00f3n de la hinchaz\u00f3n puede aliviar el dolor, mejorar la movilidad y mejorar la comodidad general durante el per\u00edodo de recuperaci\u00f3n. Adem\u00e1s, el TOHB favorece la formaci\u00f3n de nuevos vasos sangu\u00edneos (angiog\u00e9nesis) en la zona afectada, lo que es vital para la curaci\u00f3n a largo plazo y la regeneraci\u00f3n de los tejidos. Este crecimiento vascular no solo favorece una recuperaci\u00f3n m\u00e1s r\u00e1pida, sino que tambi\u00e9n mejora la salud a largo plazo del sitio quir\u00fargico, lo que podr\u00eda prevenir complicaciones como heridas cr\u00f3nicas o retraso en la cicatrizaci\u00f3n. Por lo tanto, el TOHB postoperatorio no solo acelera el proceso de curaci\u00f3n, sino que tambi\u00e9n contribuye a mejorar los resultados quir\u00fargicos y la comodidad del paciente.     <\/p>\n\t\t\t\t\t\t\t\t<\/div>\n\t\t\t\t<\/div>\n\t\t\t\t<\/div>\n\t\t<div class=\"elementor-element elementor-element-5f872bdd e-con-full e-flex e-con e-child\" data-id=\"5f872bdd\" data-element_type=\"container\" data-e-type=\"container\" data-settings=\"{&quot;jet_parallax_layout_list&quot;:[],&quot;background_background&quot;:&quot;classic&quot;}\">\n\t\t\t\t<div class=\"elementor-element elementor-element-41ad6dc8 animated-slow elementor-invisible elementor-widget elementor-widget-image\" data-id=\"41ad6dc8\" data-element_type=\"widget\" data-e-type=\"widget\" data-settings=\"{&quot;_animation&quot;:&quot;fadeInLeft&quot;,&quot;_animation_delay&quot;:1.5,&quot;_animation_mobile&quot;:&quot;none&quot;}\" data-widget_type=\"image.default\">\n\t\t\t\t<div class=\"elementor-widget-container\">\n\t\t\t\t\t\t\t\t\t\t\t\t\t\t\t<img fetchpriority=\"high\" decoding=\"async\" width=\"652\" height=\"369\" src=\"https:\/\/mdvisitclinic.com\/wp-content\/uploads\/2024\/10\/OXYGEN-THERAPY.jpg\" class=\"attachment-full size-full wp-image-17763\" alt=\"\" srcset=\"https:\/\/mdvisitclinic.com\/wp-content\/uploads\/2024\/10\/OXYGEN-THERAPY.jpg 652w, https:\/\/mdvisitclinic.com\/wp-content\/uploads\/2024\/10\/OXYGEN-THERAPY-300x170.jpg 300w\" sizes=\"(max-width: 652px) 100vw, 652px\" \/>\t\t\t\t\t\t\t\t\t\t\t\t\t\t\t<\/div>\n\t\t\t\t<\/div>\n\t\t\t\t<div class=\"elementor-element elementor-element-679eaf8c animated-slow elementor-invisible elementor-widget elementor-widget-video\" data-id=\"679eaf8c\" data-element_type=\"widget\" data-e-type=\"widget\" data-settings=\"{&quot;youtube_url&quot;:&quot;https:\\\/\\\/www.youtube.com\\\/watch?v=1csTFeGO9ok&quot;,&quot;mute&quot;:&quot;yes&quot;,&quot;_animation&quot;:&quot;fadeInLeft&quot;,&quot;_animation_mobile&quot;:&quot;none&quot;,&quot;_animation_delay&quot;:1.5,&quot;video_type&quot;:&quot;youtube&quot;,&quot;controls&quot;:&quot;yes&quot;}\" data-widget_type=\"video.default\">\n\t\t\t\t<div class=\"elementor-widget-container\">\n\t\t\t\t\t\t\t<div class=\"elementor-wrapper elementor-open-inline\">\n\t\t\t<div class=\"elementor-video\"><\/div>\t\t<\/div>\n\t\t\t\t\t\t<\/div>\n\t\t\t\t<\/div>\n\t\t\t\t<div class=\"elementor-element elementor-element-b2c3990 elementor-widget elementor-widget-video\" data-id=\"b2c3990\" data-element_type=\"widget\" data-e-type=\"widget\" data-settings=\"{&quot;youtube_url&quot;:&quot;https:\\\/\\\/www.youtube.com\\\/watch?v=Xsymgotr_XY&quot;,&quot;video_type&quot;:&quot;youtube&quot;,&quot;controls&quot;:&quot;yes&quot;}\" data-widget_type=\"video.default\">\n\t\t\t\t<div class=\"elementor-widget-container\">\n\t\t\t\t\t\t\t<div class=\"elementor-wrapper elementor-open-inline\">\n\t\t\t<div class=\"elementor-video\"><\/div>\t\t<\/div>\n\t\t\t\t\t\t<\/div>\n\t\t\t\t<\/div>\n\t\t\t\t<div class=\"elementor-element elementor-element-1d6692c elementor-widget elementor-widget-video\" data-id=\"1d6692c\" data-element_type=\"widget\" data-e-type=\"widget\" data-settings=\"{&quot;youtube_url&quot;:&quot;https:\\\/\\\/www.youtube.com\\\/watch?v=HGVlnfSx4dc&quot;,&quot;video_type&quot;:&quot;youtube&quot;,&quot;controls&quot;:&quot;yes&quot;}\" data-widget_type=\"video.default\">\n\t\t\t\t<div class=\"elementor-widget-container\">\n\t\t\t\t\t\t\t<div class=\"elementor-wrapper elementor-open-inline\">\n\t\t\t<div class=\"elementor-video\"><\/div>\t\t<\/div>\n\t\t\t\t\t\t<\/div>\n\t\t\t\t<\/div>\n\t\t\t\t<\/div>\n\t\t\t\t\t<\/div>\n\t\t\t\t<\/div>\n\t\t\t\t<\/div>\n\t\t","protected":false},"excerpt":{"rendered":"<p>OXIGENOTERAPIA REGENERATIVA Ox\u00edgeno hiperb\u00e1rico preoperatorio y postoperatorio PRE-CIRUG\u00cdA La Terapia de Ox\u00edgeno Hiperb\u00e1rico (TOHB) ofrece beneficios significativos cuando se usa antes de la cirug\u00eda, principalmente debido a su capacidad para mejorar la oxigenaci\u00f3n de los tejidos y promover los procesos de curaci\u00f3n. Antes de los procedimientos quir\u00fargicos, especialmente en los casos en los que hay [&hellip;]<\/p>\n","protected":false},"author":9,"featured_media":0,"parent":0,"menu_order":0,"comment_status":"closed","ping_status":"closed","template":"elementor_header_footer","meta":{"_acf_changed":false,"_coblocks_attr":"","_coblocks_dimensions":"","_coblocks_responsive_height":"","_coblocks_accordion_ie_support":"","hide_page_title":"","footnotes":""},"class_list":["post-19144","page","type-page","status-publish","hentry"],"acf":[],"yoast_head":"<!-- This site is optimized with the Yoast SEO plugin v27.6 - https:\/\/yoast.com\/product\/yoast-seo-wordpress\/ -->\n<title>DETALLES DE LA OXIGENOTERAPIA REGENERATIVA - MDVISIT CLINIC<\/title>\n<meta name=\"robots\" content=\"noindex, follow, max-snippet:-1, max-image-preview:large, max-video-preview:-1\" \/>\n<meta property=\"og:locale\" content=\"es_ES\" \/>\n<meta property=\"og:type\" content=\"article\" \/>\n<meta property=\"og:title\" content=\"DETALLES DE LA OXIGENOTERAPIA REGENERATIVA - MDVISIT CLINIC\" \/>\n<meta property=\"og:description\" content=\"OXIGENOTERAPIA REGENERATIVA Ox\u00edgeno hiperb\u00e1rico preoperatorio y postoperatorio PRE-CIRUG\u00cdA La Terapia de Ox\u00edgeno Hiperb\u00e1rico (TOHB) ofrece beneficios significativos cuando se usa antes de la cirug\u00eda, principalmente debido a su capacidad para mejorar la oxigenaci\u00f3n de los tejidos y promover los procesos de curaci\u00f3n. Antes de los procedimientos quir\u00fargicos, especialmente en los casos en los que hay [&hellip;]\" \/>\n<meta property=\"og:url\" content=\"https:\/\/mdvisitclinic.com\/es\/terapia-de-oxigeno-regenerativa-detalles\/\" \/>\n<meta property=\"og:site_name\" content=\"MDVISIT CLINIC\" \/>\n<meta property=\"article:modified_time\" content=\"2024-11-27T04:31:52+00:00\" \/>\n<meta property=\"og:image\" content=\"https:\/\/f55.01f.myftpupload.com\/wp-content\/uploads\/2024\/10\/OXYGEN-THERAPY.jpg\" \/>\n<meta name=\"twitter:card\" content=\"summary_large_image\" \/>\n<meta name=\"twitter:label1\" content=\"Est. reading time\" \/>\n\t<meta name=\"twitter:data1\" content=\"4 minutes\" \/>\n<script type=\"application\/ld+json\" class=\"yoast-schema-graph\">{\"@context\":\"https:\\\/\\\/schema.org\",\"@graph\":[{\"@type\":\"WebPage\",\"@id\":\"https:\\\/\\\/mdvisitclinic.com\\\/es\\\/terapia-de-oxigeno-regenerativa-detalles\\\/\",\"url\":\"https:\\\/\\\/mdvisitclinic.com\\\/es\\\/terapia-de-oxigeno-regenerativa-detalles\\\/\",\"name\":\"DETALLES DE LA OXIGENOTERAPIA REGENERATIVA - MDVISIT CLINIC\",\"isPartOf\":{\"@id\":\"https:\\\/\\\/mdvisitclinic.com\\\/es\\\/#website\"},\"primaryImageOfPage\":{\"@id\":\"https:\\\/\\\/mdvisitclinic.com\\\/es\\\/terapia-de-oxigeno-regenerativa-detalles\\\/#primaryimage\"},\"image\":{\"@id\":\"https:\\\/\\\/mdvisitclinic.com\\\/es\\\/terapia-de-oxigeno-regenerativa-detalles\\\/#primaryimage\"},\"thumbnailUrl\":\"https:\\\/\\\/f55.01f.myftpupload.com\\\/wp-content\\\/uploads\\\/2024\\\/10\\\/OXYGEN-THERAPY.jpg\",\"datePublished\":\"2024-10-28T07:39:43+00:00\",\"dateModified\":\"2024-11-27T04:31:52+00:00\",\"breadcrumb\":{\"@id\":\"https:\\\/\\\/mdvisitclinic.com\\\/es\\\/terapia-de-oxigeno-regenerativa-detalles\\\/#breadcrumb\"},\"inLanguage\":\"es\",\"potentialAction\":[{\"@type\":\"ReadAction\",\"target\":[\"https:\\\/\\\/mdvisitclinic.com\\\/es\\\/terapia-de-oxigeno-regenerativa-detalles\\\/\"]}]},{\"@type\":\"ImageObject\",\"inLanguage\":\"es\",\"@id\":\"https:\\\/\\\/mdvisitclinic.com\\\/es\\\/terapia-de-oxigeno-regenerativa-detalles\\\/#primaryimage\",\"url\":\"https:\\\/\\\/f55.01f.myftpupload.com\\\/wp-content\\\/uploads\\\/2024\\\/10\\\/OXYGEN-THERAPY.jpg\",\"contentUrl\":\"https:\\\/\\\/f55.01f.myftpupload.com\\\/wp-content\\\/uploads\\\/2024\\\/10\\\/OXYGEN-THERAPY.jpg\"},{\"@type\":\"BreadcrumbList\",\"@id\":\"https:\\\/\\\/mdvisitclinic.com\\\/es\\\/terapia-de-oxigeno-regenerativa-detalles\\\/#breadcrumb\",\"itemListElement\":[{\"@type\":\"ListItem\",\"position\":1,\"name\":\"Home\",\"item\":\"https:\\\/\\\/mdvisitclinic.com\\\/es\\\/\"},{\"@type\":\"ListItem\",\"position\":2,\"name\":\"DETALLES DE LA OXIGENOTERAPIA REGENERATIVA\"}]},{\"@type\":\"WebSite\",\"@id\":\"https:\\\/\\\/mdvisitclinic.com\\\/es\\\/#website\",\"url\":\"https:\\\/\\\/mdvisitclinic.com\\\/es\\\/\",\"name\":\"MDVISIT CLINIC\",\"description\":\"\",\"publisher\":{\"@id\":\"https:\\\/\\\/mdvisitclinic.com\\\/es\\\/#organization\"},\"potentialAction\":[{\"@type\":\"SearchAction\",\"target\":{\"@type\":\"EntryPoint\",\"urlTemplate\":\"https:\\\/\\\/mdvisitclinic.com\\\/es\\\/?s={search_term_string}\"},\"query-input\":{\"@type\":\"PropertyValueSpecification\",\"valueRequired\":true,\"valueName\":\"search_term_string\"}}],\"inLanguage\":\"es\"},{\"@type\":\"Organization\",\"@id\":\"https:\\\/\\\/mdvisitclinic.com\\\/es\\\/#organization\",\"name\":\"MDVISIT CLINIC\",\"url\":\"https:\\\/\\\/mdvisitclinic.com\\\/es\\\/\",\"logo\":{\"@type\":\"ImageObject\",\"inLanguage\":\"es\",\"@id\":\"https:\\\/\\\/mdvisitclinic.com\\\/es\\\/#\\\/schema\\\/logo\\\/image\\\/\",\"url\":\"https:\\\/\\\/mdvisitclinic.com\\\/wp-content\\\/uploads\\\/2024\\\/03\\\/logo.png\",\"contentUrl\":\"https:\\\/\\\/mdvisitclinic.com\\\/wp-content\\\/uploads\\\/2024\\\/03\\\/logo.png\",\"width\":768,\"height\":118,\"caption\":\"MDVISIT CLINIC\"},\"image\":{\"@id\":\"https:\\\/\\\/mdvisitclinic.com\\\/es\\\/#\\\/schema\\\/logo\\\/image\\\/\"}}]}<\/script>\n<!-- \/ Yoast SEO plugin. -->","yoast_head_json":{"title":"DETALLES DE LA OXIGENOTERAPIA REGENERATIVA - MDVISIT CLINIC","robots":{"index":"noindex","follow":"follow","max-snippet":"max-snippet:-1","max-image-preview":"max-image-preview:large","max-video-preview":"max-video-preview:-1"},"og_locale":"es_ES","og_type":"article","og_title":"DETALLES DE LA OXIGENOTERAPIA REGENERATIVA - MDVISIT CLINIC","og_description":"OXIGENOTERAPIA REGENERATIVA Ox\u00edgeno hiperb\u00e1rico preoperatorio y postoperatorio PRE-CIRUG\u00cdA La Terapia de Ox\u00edgeno Hiperb\u00e1rico (TOHB) ofrece beneficios significativos cuando se usa antes de la cirug\u00eda, principalmente debido a su capacidad para mejorar la oxigenaci\u00f3n de los tejidos y promover los procesos de curaci\u00f3n. Antes de los procedimientos quir\u00fargicos, especialmente en los casos en los que hay [&hellip;]","og_url":"https:\/\/mdvisitclinic.com\/es\/terapia-de-oxigeno-regenerativa-detalles\/","og_site_name":"MDVISIT CLINIC","article_modified_time":"2024-11-27T04:31:52+00:00","og_image":[{"url":"https:\/\/f55.01f.myftpupload.com\/wp-content\/uploads\/2024\/10\/OXYGEN-THERAPY.jpg","type":"","width":"","height":""}],"twitter_card":"summary_large_image","twitter_misc":{"Est. reading time":"4 minutes"},"schema":{"@context":"https:\/\/schema.org","@graph":[{"@type":"WebPage","@id":"https:\/\/mdvisitclinic.com\/es\/terapia-de-oxigeno-regenerativa-detalles\/","url":"https:\/\/mdvisitclinic.com\/es\/terapia-de-oxigeno-regenerativa-detalles\/","name":"DETALLES DE LA OXIGENOTERAPIA REGENERATIVA - MDVISIT CLINIC","isPartOf":{"@id":"https:\/\/mdvisitclinic.com\/es\/#website"},"primaryImageOfPage":{"@id":"https:\/\/mdvisitclinic.com\/es\/terapia-de-oxigeno-regenerativa-detalles\/#primaryimage"},"image":{"@id":"https:\/\/mdvisitclinic.com\/es\/terapia-de-oxigeno-regenerativa-detalles\/#primaryimage"},"thumbnailUrl":"https:\/\/f55.01f.myftpupload.com\/wp-content\/uploads\/2024\/10\/OXYGEN-THERAPY.jpg","datePublished":"2024-10-28T07:39:43+00:00","dateModified":"2024-11-27T04:31:52+00:00","breadcrumb":{"@id":"https:\/\/mdvisitclinic.com\/es\/terapia-de-oxigeno-regenerativa-detalles\/#breadcrumb"},"inLanguage":"es","potentialAction":[{"@type":"ReadAction","target":["https:\/\/mdvisitclinic.com\/es\/terapia-de-oxigeno-regenerativa-detalles\/"]}]},{"@type":"ImageObject","inLanguage":"es","@id":"https:\/\/mdvisitclinic.com\/es\/terapia-de-oxigeno-regenerativa-detalles\/#primaryimage","url":"https:\/\/f55.01f.myftpupload.com\/wp-content\/uploads\/2024\/10\/OXYGEN-THERAPY.jpg","contentUrl":"https:\/\/f55.01f.myftpupload.com\/wp-content\/uploads\/2024\/10\/OXYGEN-THERAPY.jpg"},{"@type":"BreadcrumbList","@id":"https:\/\/mdvisitclinic.com\/es\/terapia-de-oxigeno-regenerativa-detalles\/#breadcrumb","itemListElement":[{"@type":"ListItem","position":1,"name":"Home","item":"https:\/\/mdvisitclinic.com\/es\/"},{"@type":"ListItem","position":2,"name":"DETALLES DE LA OXIGENOTERAPIA REGENERATIVA"}]},{"@type":"WebSite","@id":"https:\/\/mdvisitclinic.com\/es\/#website","url":"https:\/\/mdvisitclinic.com\/es\/","name":"MDVISIT CLINIC","description":"","publisher":{"@id":"https:\/\/mdvisitclinic.com\/es\/#organization"},"potentialAction":[{"@type":"SearchAction","target":{"@type":"EntryPoint","urlTemplate":"https:\/\/mdvisitclinic.com\/es\/?s={search_term_string}"},"query-input":{"@type":"PropertyValueSpecification","valueRequired":true,"valueName":"search_term_string"}}],"inLanguage":"es"},{"@type":"Organization","@id":"https:\/\/mdvisitclinic.com\/es\/#organization","name":"MDVISIT CLINIC","url":"https:\/\/mdvisitclinic.com\/es\/","logo":{"@type":"ImageObject","inLanguage":"es","@id":"https:\/\/mdvisitclinic.com\/es\/#\/schema\/logo\/image\/","url":"https:\/\/mdvisitclinic.com\/wp-content\/uploads\/2024\/03\/logo.png","contentUrl":"https:\/\/mdvisitclinic.com\/wp-content\/uploads\/2024\/03\/logo.png","width":768,"height":118,"caption":"MDVISIT CLINIC"},"image":{"@id":"https:\/\/mdvisitclinic.com\/es\/#\/schema\/logo\/image\/"}}]}},"_links":{"self":[{"href":"https:\/\/mdvisitclinic.com\/es\/wp-json\/wp\/v2\/pages\/19144","targetHints":{"allow":["GET"]}}],"collection":[{"href":"https:\/\/mdvisitclinic.com\/es\/wp-json\/wp\/v2\/pages"}],"about":[{"href":"https:\/\/mdvisitclinic.com\/es\/wp-json\/wp\/v2\/types\/page"}],"author":[{"embeddable":true,"href":"https:\/\/mdvisitclinic.com\/es\/wp-json\/wp\/v2\/users\/9"}],"replies":[{"embeddable":true,"href":"https:\/\/mdvisitclinic.com\/es\/wp-json\/wp\/v2\/comments?post=19144"}],"version-history":[{"count":2,"href":"https:\/\/mdvisitclinic.com\/es\/wp-json\/wp\/v2\/pages\/19144\/revisions"}],"predecessor-version":[{"id":19706,"href":"https:\/\/mdvisitclinic.com\/es\/wp-json\/wp\/v2\/pages\/19144\/revisions\/19706"}],"wp:attachment":[{"href":"https:\/\/mdvisitclinic.com\/es\/wp-json\/wp\/v2\/media?parent=19144"}],"curies":[{"name":"wp","href":"https:\/\/api.w.org\/{rel}","templated":true}]}}