{"id":19145,"date":"2024-11-08T08:28:44","date_gmt":"2024-11-08T08:28:44","guid":{"rendered":"https:\/\/f55.01f.myftpupload.com\/como-funciona-tratamiento-de-cirugia-en-los-estados-unidos\/apoyo-acelerado-para-visas-medicas\/"},"modified":"2024-11-27T04:31:51","modified_gmt":"2024-11-27T04:31:51","slug":"apoyo-acelerado-para-visas-medicas","status":"publish","type":"page","link":"https:\/\/mdvisitclinic.com\/es\/como-funciona-tratamiento-de-cirugia-en-los-estados-unidos\/apoyo-acelerado-para-visas-medicas\/","title":{"rendered":"ASISTENCIA ACELERADA PARA VISAS M\u00c9DICAS."},"content":{"rendered":"\t\t<div data-elementor-type=\"wp-page\" data-elementor-id=\"19145\" class=\"elementor elementor-19145 elementor-18194\" data-elementor-post-type=\"page\">\n\t\t\t\t<div class=\"elementor-element elementor-element-97d475b e-flex e-con-boxed e-con e-parent\" data-id=\"97d475b\" data-element_type=\"container\" data-e-type=\"container\" data-settings=\"{&quot;jet_parallax_layout_list&quot;:[]}\">\n\t\t\t\t\t<div class=\"e-con-inner\">\n\t\t<div class=\"elementor-element elementor-element-ca3411f e-con-full e-flex e-con e-child\" data-id=\"ca3411f\" data-element_type=\"container\" data-e-type=\"container\" data-settings=\"{&quot;jet_parallax_layout_list&quot;:[]}\">\n\t\t<div class=\"elementor-element elementor-element-f5d7cb5 e-flex e-con-boxed e-con e-child\" data-id=\"f5d7cb5\" data-element_type=\"container\" data-e-type=\"container\" data-settings=\"{&quot;jet_parallax_layout_list&quot;:[]}\">\n\t\t\t\t\t<div class=\"e-con-inner\">\n\t\t\t\t<div class=\"elementor-element elementor-element-3935000 elementor-invisible elementor-widget elementor-widget-heading\" data-id=\"3935000\" data-element_type=\"widget\" data-e-type=\"widget\" data-settings=\"{&quot;_animation&quot;:&quot;fadeInDown&quot;,&quot;_animation_delay&quot;:0.40000000000000002}\" data-widget_type=\"heading.default\">\n\t\t\t\t<div class=\"elementor-widget-container\">\n\t\t\t\t\t<h1 class=\"elementor-heading-title elementor-size-default\">ASISTENCIA ACELERADA PARA VISAS M\u00c9DICAS  <\/h1>\t\t\t\t<\/div>\n\t\t\t\t<\/div>\n\t\t\t\t<div class=\"elementor-element elementor-element-5cbec12 elementor-widget__width-inherit elementor-invisible elementor-widget elementor-widget-heading\" data-id=\"5cbec12\" data-element_type=\"widget\" data-e-type=\"widget\" data-settings=\"{&quot;_animation&quot;:&quot;fadeInDown&quot;,&quot;_animation_delay&quot;:0.59999999999999998}\" data-widget_type=\"heading.default\">\n\t\t\t\t<div class=\"elementor-widget-container\">\n\t\t\t\t\t<h6 class=\"elementor-heading-title elementor-size-default\">Asistencia R\u00e1pida y Expedita para Visas M\u00e9dicas  <\/h6>\t\t\t\t<\/div>\n\t\t\t\t<\/div>\n\t\t\t\t\t<\/div>\n\t\t\t\t<\/div>\n\t\t<div class=\"elementor-element elementor-element-c4793d4 e-con-full e-flex e-con e-child\" data-id=\"c4793d4\" data-element_type=\"container\" data-e-type=\"container\" data-settings=\"{&quot;jet_parallax_layout_list&quot;:[]}\">\n\t\t<div class=\"elementor-element elementor-element-3875b94 e-con-full e-flex e-con e-child\" data-id=\"3875b94\" data-element_type=\"container\" data-e-type=\"container\" data-settings=\"{&quot;jet_parallax_layout_list&quot;:[]}\">\n\t\t\t\t<div class=\"elementor-element elementor-element-d73a085 elementor-widget__width-inherit team_desc elementor-invisible elementor-widget elementor-widget-text-editor\" data-id=\"d73a085\" data-element_type=\"widget\" data-e-type=\"widget\" data-settings=\"{&quot;_animation&quot;:&quot;fadeIn&quot;,&quot;_animation_delay&quot;:1}\" data-widget_type=\"text-editor.default\">\n\t\t\t\t<div class=\"elementor-widget-container\">\n\t\t\t\t\t\t\t\t\t<p>MDVISIT CLINIC se asocia estrechamente con usted para ayudarlo a avanzar con su proceso de solicitud de visa m\u00e9dica acelerada para tratamiento urgente en los Estados Unidos. Nuestro objetivo es ayudarlo a obtener la aprobaci\u00f3n de la visa dentro de los 30 d\u00edas posteriores a su cita en la Embajada de los Estados Unidos.<\/p>\n<p>  Uno de los requisitos principales es demostrar capacidad financiera para cubrir sus gastos m\u00e9dicos en los EE. UU., lo que garantiza que no se convertir\u00e1 en una carga financiera p\u00fablica. Para acelerar este paso, MDVISIT CLINIC colabora con los departamentos de custodia de instituciones acreditadas, como Morgan Stanley, HSBC o <a href=\"http:\/\/escrow.com\/\" target=\"_blank\" rel=\"noopener\">Escrow.com<\/a>, para organizar el pago por adelantado de sus servicios m\u00e9dicos. Su comprobante de dep\u00f3sito en garant\u00eda se presenta a la embajada para que podamos abordar cualquier inquietud financiera lo m\u00e1s r\u00e1pido posible.  <\/p>\n<p>Adem\u00e1s, su m\u00e9dico consultor de segunda opini\u00f3n con sede en los EE. UU. proporcionar\u00e1 una carta formal detallando sus necesidades m\u00e9dicas urgentes, junto con la informaci\u00f3n de contacto del administrador de su hospital o cl\u00ednica, para responder directamente a cualquier pregunta del empleado de la embajada.<br \/>A continuaci\u00f3n, controlar\u00e1 total y finalmente la distribuci\u00f3n de los fondos que pag\u00f3 en custodia de acuerdo con los t\u00e9rminos del acuerdo.<br \/>Una vez aprobada la visa, su coordinador de casos lo conectar\u00e1 con un conserje m\u00e9dico de lujo dedicado para guiarlo a trav\u00e9s de los pasos log\u00edsticos y de planificaci\u00f3n restantes para su proceso de atenci\u00f3n.<\/p>\n\t\t\t\t\t\t\t\t<\/div>\n\t\t\t\t<\/div>\n\t\t\t\t<\/div>\n\t\t\t\t<\/div>\n\t\t\t\t<\/div>\n\t\t<div class=\"elementor-element elementor-element-1a045de e-con-full e-flex e-con e-child\" data-id=\"1a045de\" data-element_type=\"container\" data-e-type=\"container\" data-settings=\"{&quot;jet_parallax_layout_list&quot;:[]}\">\n\t\t\t\t<div class=\"elementor-element elementor-element-b4f318f animated-slow elementor-invisible elementor-widget elementor-widget-image\" data-id=\"b4f318f\" data-element_type=\"widget\" data-e-type=\"widget\" data-settings=\"{&quot;_animation&quot;:&quot;fadeInLeft&quot;,&quot;_animation_mobile&quot;:&quot;none&quot;,&quot;_animation_delay&quot;:1.5,&quot;sticky&quot;:&quot;top&quot;,&quot;sticky_on&quot;:[&quot;widescreen&quot;,&quot;desktop&quot;,&quot;tablet&quot;],&quot;sticky_parent&quot;:&quot;yes&quot;,&quot;sticky_offset&quot;:0,&quot;sticky_effects_offset&quot;:0,&quot;sticky_anchor_link_offset&quot;:0}\" data-widget_type=\"image.default\">\n\t\t\t\t<div class=\"elementor-widget-container\">\n\t\t\t\t\t\t\t\t\t\t\t\t\t\t\t<img fetchpriority=\"high\" decoding=\"async\" width=\"713\" height=\"720\" src=\"https:\/\/mdvisitclinic.com\/wp-content\/uploads\/2024\/11\/passport.jpg\" class=\"attachment-full size-full wp-image-18144\" alt=\"\" srcset=\"https:\/\/mdvisitclinic.com\/wp-content\/uploads\/2024\/11\/passport.jpg 713w, https:\/\/mdvisitclinic.com\/wp-content\/uploads\/2024\/11\/passport-297x300.jpg 297w, https:\/\/mdvisitclinic.com\/wp-content\/uploads\/2024\/11\/passport-150x150.jpg 150w\" sizes=\"(max-width: 713px) 100vw, 713px\" \/>\t\t\t\t\t\t\t\t\t\t\t\t\t\t\t<\/div>\n\t\t\t\t<\/div>\n\t\t\t\t<\/div>\n\t\t\t\t\t<\/div>\n\t\t\t\t<\/div>\n\t\t\t\t<\/div>\n\t\t","protected":false},"excerpt":{"rendered":"<p>ASISTENCIA ACELERADA PARA VISAS M\u00c9DICAS Asistencia R\u00e1pida y Expedita para Visas M\u00e9dicas MDVISIT CLINIC se asocia estrechamente con usted para ayudarlo a avanzar con su proceso de solicitud de visa m\u00e9dica acelerada para tratamiento urgente en los Estados Unidos. Nuestro objetivo es ayudarlo a obtener la aprobaci\u00f3n de la visa dentro de los 30 d\u00edas [&hellip;]<\/p>\n","protected":false},"author":9,"featured_media":0,"parent":19135,"menu_order":0,"comment_status":"closed","ping_status":"closed","template":"elementor_header_footer","meta":{"_acf_changed":false,"_coblocks_attr":"","_coblocks_dimensions":"","_coblocks_responsive_height":"","_coblocks_accordion_ie_support":"","hide_page_title":"","footnotes":""},"class_list":["post-19145","page","type-page","status-publish","hentry"],"acf":[],"yoast_head":"<!-- This site is optimized with the Yoast SEO plugin v27.3 - https:\/\/yoast.com\/product\/yoast-seo-wordpress\/ -->\n<title>ASISTENCIA ACELERADA PARA VISAS M\u00c9DICAS. - MDVISIT CLINIC<\/title>\n<meta name=\"robots\" content=\"noindex, follow, max-snippet:-1, max-image-preview:large, max-video-preview:-1\" \/>\n<meta property=\"og:locale\" content=\"es_ES\" \/>\n<meta property=\"og:type\" content=\"article\" \/>\n<meta property=\"og:title\" content=\"ASISTENCIA ACELERADA PARA VISAS M\u00c9DICAS. - MDVISIT CLINIC\" \/>\n<meta property=\"og:description\" content=\"ASISTENCIA ACELERADA PARA VISAS M\u00c9DICAS Asistencia R\u00e1pida y Expedita para Visas M\u00e9dicas MDVISIT CLINIC se asocia estrechamente con usted para ayudarlo a avanzar con su proceso de solicitud de visa m\u00e9dica acelerada para tratamiento urgente en los Estados Unidos. Nuestro objetivo es ayudarlo a obtener la aprobaci\u00f3n de la visa dentro de los 30 d\u00edas [&hellip;]\" \/>\n<meta property=\"og:url\" content=\"https:\/\/mdvisitclinic.com\/es\/como-funciona-tratamiento-de-cirugia-en-los-estados-unidos\/apoyo-acelerado-para-visas-medicas\/\" \/>\n<meta property=\"og:site_name\" content=\"MDVISIT CLINIC\" \/>\n<meta property=\"article:modified_time\" content=\"2024-11-27T04:31:51+00:00\" \/>\n<meta property=\"og:image\" content=\"https:\/\/f55.01f.myftpupload.com\/wp-content\/uploads\/2024\/11\/passport.jpg\" \/>\n<meta name=\"twitter:card\" content=\"summary_large_image\" \/>\n<meta name=\"twitter:label1\" content=\"Est. reading time\" \/>\n\t<meta name=\"twitter:data1\" content=\"1 minute\" \/>\n<script type=\"application\/ld+json\" class=\"yoast-schema-graph\">{\"@context\":\"https:\\\/\\\/schema.org\",\"@graph\":[{\"@type\":\"WebPage\",\"@id\":\"https:\\\/\\\/mdvisitclinic.com\\\/es\\\/como-funciona-tratamiento-de-cirugia-en-los-estados-unidos\\\/apoyo-acelerado-para-visas-medicas\\\/\",\"url\":\"https:\\\/\\\/mdvisitclinic.com\\\/es\\\/como-funciona-tratamiento-de-cirugia-en-los-estados-unidos\\\/apoyo-acelerado-para-visas-medicas\\\/\",\"name\":\"ASISTENCIA ACELERADA PARA VISAS M\u00c9DICAS. - MDVISIT CLINIC\",\"isPartOf\":{\"@id\":\"https:\\\/\\\/mdvisitclinic.com\\\/es\\\/#website\"},\"primaryImageOfPage\":{\"@id\":\"https:\\\/\\\/mdvisitclinic.com\\\/es\\\/como-funciona-tratamiento-de-cirugia-en-los-estados-unidos\\\/apoyo-acelerado-para-visas-medicas\\\/#primaryimage\"},\"image\":{\"@id\":\"https:\\\/\\\/mdvisitclinic.com\\\/es\\\/como-funciona-tratamiento-de-cirugia-en-los-estados-unidos\\\/apoyo-acelerado-para-visas-medicas\\\/#primaryimage\"},\"thumbnailUrl\":\"https:\\\/\\\/f55.01f.myftpupload.com\\\/wp-content\\\/uploads\\\/2024\\\/11\\\/passport.jpg\",\"datePublished\":\"2024-11-08T08:28:44+00:00\",\"dateModified\":\"2024-11-27T04:31:51+00:00\",\"breadcrumb\":{\"@id\":\"https:\\\/\\\/mdvisitclinic.com\\\/es\\\/como-funciona-tratamiento-de-cirugia-en-los-estados-unidos\\\/apoyo-acelerado-para-visas-medicas\\\/#breadcrumb\"},\"inLanguage\":\"es\",\"potentialAction\":[{\"@type\":\"ReadAction\",\"target\":[\"https:\\\/\\\/mdvisitclinic.com\\\/es\\\/como-funciona-tratamiento-de-cirugia-en-los-estados-unidos\\\/apoyo-acelerado-para-visas-medicas\\\/\"]}]},{\"@type\":\"ImageObject\",\"inLanguage\":\"es\",\"@id\":\"https:\\\/\\\/mdvisitclinic.com\\\/es\\\/como-funciona-tratamiento-de-cirugia-en-los-estados-unidos\\\/apoyo-acelerado-para-visas-medicas\\\/#primaryimage\",\"url\":\"https:\\\/\\\/f55.01f.myftpupload.com\\\/wp-content\\\/uploads\\\/2024\\\/11\\\/passport.jpg\",\"contentUrl\":\"https:\\\/\\\/f55.01f.myftpupload.com\\\/wp-content\\\/uploads\\\/2024\\\/11\\\/passport.jpg\"},{\"@type\":\"BreadcrumbList\",\"@id\":\"https:\\\/\\\/mdvisitclinic.com\\\/es\\\/como-funciona-tratamiento-de-cirugia-en-los-estados-unidos\\\/apoyo-acelerado-para-visas-medicas\\\/#breadcrumb\",\"itemListElement\":[{\"@type\":\"ListItem\",\"position\":1,\"name\":\"Home\",\"item\":\"https:\\\/\\\/mdvisitclinic.com\\\/es\\\/\"},{\"@type\":\"ListItem\",\"position\":2,\"name\":\"\u00bfC\u00f3mo funciona la cirug\u00eda y el tratamiento en los Estados Unidos?\",\"item\":\"https:\\\/\\\/mdvisitclinic.com\\\/es\\\/como-funciona-tratamiento-de-cirugia-en-los-estados-unidos\\\/\"},{\"@type\":\"ListItem\",\"position\":3,\"name\":\"ASISTENCIA ACELERADA PARA VISAS M\u00c9DICAS.\"}]},{\"@type\":\"WebSite\",\"@id\":\"https:\\\/\\\/mdvisitclinic.com\\\/es\\\/#website\",\"url\":\"https:\\\/\\\/mdvisitclinic.com\\\/es\\\/\",\"name\":\"MDVISIT CLINIC\",\"description\":\"\",\"publisher\":{\"@id\":\"https:\\\/\\\/mdvisitclinic.com\\\/es\\\/#organization\"},\"potentialAction\":[{\"@type\":\"SearchAction\",\"target\":{\"@type\":\"EntryPoint\",\"urlTemplate\":\"https:\\\/\\\/mdvisitclinic.com\\\/es\\\/?s={search_term_string}\"},\"query-input\":{\"@type\":\"PropertyValueSpecification\",\"valueRequired\":true,\"valueName\":\"search_term_string\"}}],\"inLanguage\":\"es\"},{\"@type\":\"Organization\",\"@id\":\"https:\\\/\\\/mdvisitclinic.com\\\/es\\\/#organization\",\"name\":\"MDVISIT CLINIC\",\"url\":\"https:\\\/\\\/mdvisitclinic.com\\\/es\\\/\",\"logo\":{\"@type\":\"ImageObject\",\"inLanguage\":\"es\",\"@id\":\"https:\\\/\\\/mdvisitclinic.com\\\/es\\\/#\\\/schema\\\/logo\\\/image\\\/\",\"url\":\"https:\\\/\\\/mdvisitclinic.com\\\/wp-content\\\/uploads\\\/2024\\\/03\\\/logo.png\",\"contentUrl\":\"https:\\\/\\\/mdvisitclinic.com\\\/wp-content\\\/uploads\\\/2024\\\/03\\\/logo.png\",\"width\":768,\"height\":118,\"caption\":\"MDVISIT CLINIC\"},\"image\":{\"@id\":\"https:\\\/\\\/mdvisitclinic.com\\\/es\\\/#\\\/schema\\\/logo\\\/image\\\/\"}}]}<\/script>\n<!-- \/ Yoast SEO plugin. -->","yoast_head_json":{"title":"ASISTENCIA ACELERADA PARA VISAS M\u00c9DICAS. - MDVISIT CLINIC","robots":{"index":"noindex","follow":"follow","max-snippet":"max-snippet:-1","max-image-preview":"max-image-preview:large","max-video-preview":"max-video-preview:-1"},"og_locale":"es_ES","og_type":"article","og_title":"ASISTENCIA ACELERADA PARA VISAS M\u00c9DICAS. - MDVISIT CLINIC","og_description":"ASISTENCIA ACELERADA PARA VISAS M\u00c9DICAS Asistencia R\u00e1pida y Expedita para Visas M\u00e9dicas MDVISIT CLINIC se asocia estrechamente con usted para ayudarlo a avanzar con su proceso de solicitud de visa m\u00e9dica acelerada para tratamiento urgente en los Estados Unidos. Nuestro objetivo es ayudarlo a obtener la aprobaci\u00f3n de la visa dentro de los 30 d\u00edas [&hellip;]","og_url":"https:\/\/mdvisitclinic.com\/es\/como-funciona-tratamiento-de-cirugia-en-los-estados-unidos\/apoyo-acelerado-para-visas-medicas\/","og_site_name":"MDVISIT CLINIC","article_modified_time":"2024-11-27T04:31:51+00:00","og_image":[{"url":"https:\/\/f55.01f.myftpupload.com\/wp-content\/uploads\/2024\/11\/passport.jpg","type":"","width":"","height":""}],"twitter_card":"summary_large_image","twitter_misc":{"Est. reading time":"1 minute"},"schema":{"@context":"https:\/\/schema.org","@graph":[{"@type":"WebPage","@id":"https:\/\/mdvisitclinic.com\/es\/como-funciona-tratamiento-de-cirugia-en-los-estados-unidos\/apoyo-acelerado-para-visas-medicas\/","url":"https:\/\/mdvisitclinic.com\/es\/como-funciona-tratamiento-de-cirugia-en-los-estados-unidos\/apoyo-acelerado-para-visas-medicas\/","name":"ASISTENCIA ACELERADA PARA VISAS M\u00c9DICAS. - MDVISIT CLINIC","isPartOf":{"@id":"https:\/\/mdvisitclinic.com\/es\/#website"},"primaryImageOfPage":{"@id":"https:\/\/mdvisitclinic.com\/es\/como-funciona-tratamiento-de-cirugia-en-los-estados-unidos\/apoyo-acelerado-para-visas-medicas\/#primaryimage"},"image":{"@id":"https:\/\/mdvisitclinic.com\/es\/como-funciona-tratamiento-de-cirugia-en-los-estados-unidos\/apoyo-acelerado-para-visas-medicas\/#primaryimage"},"thumbnailUrl":"https:\/\/f55.01f.myftpupload.com\/wp-content\/uploads\/2024\/11\/passport.jpg","datePublished":"2024-11-08T08:28:44+00:00","dateModified":"2024-11-27T04:31:51+00:00","breadcrumb":{"@id":"https:\/\/mdvisitclinic.com\/es\/como-funciona-tratamiento-de-cirugia-en-los-estados-unidos\/apoyo-acelerado-para-visas-medicas\/#breadcrumb"},"inLanguage":"es","potentialAction":[{"@type":"ReadAction","target":["https:\/\/mdvisitclinic.com\/es\/como-funciona-tratamiento-de-cirugia-en-los-estados-unidos\/apoyo-acelerado-para-visas-medicas\/"]}]},{"@type":"ImageObject","inLanguage":"es","@id":"https:\/\/mdvisitclinic.com\/es\/como-funciona-tratamiento-de-cirugia-en-los-estados-unidos\/apoyo-acelerado-para-visas-medicas\/#primaryimage","url":"https:\/\/f55.01f.myftpupload.com\/wp-content\/uploads\/2024\/11\/passport.jpg","contentUrl":"https:\/\/f55.01f.myftpupload.com\/wp-content\/uploads\/2024\/11\/passport.jpg"},{"@type":"BreadcrumbList","@id":"https:\/\/mdvisitclinic.com\/es\/como-funciona-tratamiento-de-cirugia-en-los-estados-unidos\/apoyo-acelerado-para-visas-medicas\/#breadcrumb","itemListElement":[{"@type":"ListItem","position":1,"name":"Home","item":"https:\/\/mdvisitclinic.com\/es\/"},{"@type":"ListItem","position":2,"name":"\u00bfC\u00f3mo funciona la cirug\u00eda y el tratamiento en los Estados Unidos?","item":"https:\/\/mdvisitclinic.com\/es\/como-funciona-tratamiento-de-cirugia-en-los-estados-unidos\/"},{"@type":"ListItem","position":3,"name":"ASISTENCIA ACELERADA PARA VISAS M\u00c9DICAS."}]},{"@type":"WebSite","@id":"https:\/\/mdvisitclinic.com\/es\/#website","url":"https:\/\/mdvisitclinic.com\/es\/","name":"MDVISIT CLINIC","description":"","publisher":{"@id":"https:\/\/mdvisitclinic.com\/es\/#organization"},"potentialAction":[{"@type":"SearchAction","target":{"@type":"EntryPoint","urlTemplate":"https:\/\/mdvisitclinic.com\/es\/?s={search_term_string}"},"query-input":{"@type":"PropertyValueSpecification","valueRequired":true,"valueName":"search_term_string"}}],"inLanguage":"es"},{"@type":"Organization","@id":"https:\/\/mdvisitclinic.com\/es\/#organization","name":"MDVISIT CLINIC","url":"https:\/\/mdvisitclinic.com\/es\/","logo":{"@type":"ImageObject","inLanguage":"es","@id":"https:\/\/mdvisitclinic.com\/es\/#\/schema\/logo\/image\/","url":"https:\/\/mdvisitclinic.com\/wp-content\/uploads\/2024\/03\/logo.png","contentUrl":"https:\/\/mdvisitclinic.com\/wp-content\/uploads\/2024\/03\/logo.png","width":768,"height":118,"caption":"MDVISIT CLINIC"},"image":{"@id":"https:\/\/mdvisitclinic.com\/es\/#\/schema\/logo\/image\/"}}]}},"_links":{"self":[{"href":"https:\/\/mdvisitclinic.com\/es\/wp-json\/wp\/v2\/pages\/19145","targetHints":{"allow":["GET"]}}],"collection":[{"href":"https:\/\/mdvisitclinic.com\/es\/wp-json\/wp\/v2\/pages"}],"about":[{"href":"https:\/\/mdvisitclinic.com\/es\/wp-json\/wp\/v2\/types\/page"}],"author":[{"embeddable":true,"href":"https:\/\/mdvisitclinic.com\/es\/wp-json\/wp\/v2\/users\/9"}],"replies":[{"embeddable":true,"href":"https:\/\/mdvisitclinic.com\/es\/wp-json\/wp\/v2\/comments?post=19145"}],"version-history":[{"count":3,"href":"https:\/\/mdvisitclinic.com\/es\/wp-json\/wp\/v2\/pages\/19145\/revisions"}],"predecessor-version":[{"id":21652,"href":"https:\/\/mdvisitclinic.com\/es\/wp-json\/wp\/v2\/pages\/19145\/revisions\/21652"}],"up":[{"embeddable":true,"href":"https:\/\/mdvisitclinic.com\/es\/wp-json\/wp\/v2\/pages\/19135"}],"wp:attachment":[{"href":"https:\/\/mdvisitclinic.com\/es\/wp-json\/wp\/v2\/media?parent=19145"}],"curies":[{"name":"wp","href":"https:\/\/api.w.org\/{rel}","templated":true}]}}