{"id":19148,"date":"2024-11-08T08:33:31","date_gmt":"2024-11-08T08:33:31","guid":{"rendered":"https:\/\/f55.01f.myftpupload.com\/como-funciona-tratamiento-de-cirugia-en-los-estados-unidos\/llegada-a-los-estados-unidos-en-adelante-con-su-tratamiento\/"},"modified":"2024-11-27T04:31:51","modified_gmt":"2024-11-27T04:31:51","slug":"llegada-a-los-estados-unidos-en-adelante-con-su-tratamiento","status":"publish","type":"page","link":"https:\/\/mdvisitclinic.com\/es\/como-funciona-tratamiento-de-cirugia-en-los-estados-unidos\/llegada-a-los-estados-unidos-en-adelante-con-su-tratamiento\/","title":{"rendered":"LLEGADA A LOS ESTADOS UNIDOS Y CONTINUACI\u00d3N DE SU TRATAMIENTO."},"content":{"rendered":"\t\t<div data-elementor-type=\"wp-page\" data-elementor-id=\"19148\" class=\"elementor elementor-19148 elementor-18213\" data-elementor-post-type=\"page\">\n\t\t\t\t<div class=\"elementor-element elementor-element-7edfdd5 e-flex e-con-boxed e-con e-parent\" data-id=\"7edfdd5\" data-element_type=\"container\" data-e-type=\"container\" data-settings=\"{&quot;jet_parallax_layout_list&quot;:[]}\">\n\t\t\t\t\t<div class=\"e-con-inner\">\n\t\t<div class=\"elementor-element elementor-element-853acde e-con-full e-flex e-con e-child\" data-id=\"853acde\" data-element_type=\"container\" data-e-type=\"container\" data-settings=\"{&quot;jet_parallax_layout_list&quot;:[]}\">\n\t\t<div class=\"elementor-element elementor-element-f9e72e0 e-flex e-con-boxed e-con e-child\" data-id=\"f9e72e0\" data-element_type=\"container\" data-e-type=\"container\" data-settings=\"{&quot;jet_parallax_layout_list&quot;:[]}\">\n\t\t\t\t\t<div class=\"e-con-inner\">\n\t\t\t\t<div class=\"elementor-element elementor-element-f12f111 elementor-invisible elementor-widget elementor-widget-heading\" data-id=\"f12f111\" data-element_type=\"widget\" data-e-type=\"widget\" data-settings=\"{&quot;_animation&quot;:&quot;fadeInDown&quot;,&quot;_animation_delay&quot;:0.40000000000000002}\" data-widget_type=\"heading.default\">\n\t\t\t\t<div class=\"elementor-widget-container\">\n\t\t\t\t\t<h1 class=\"elementor-heading-title elementor-size-default\">LLEGADA A LOS ESTADOS UNIDOS Y CONTINUACI\u00d3N DE SU TRATAMIENTO.\n<\/h1>\t\t\t\t<\/div>\n\t\t\t\t<\/div>\n\t\t\t\t<div class=\"elementor-element elementor-element-a85d074 elementor-widget__width-inherit elementor-invisible elementor-widget elementor-widget-heading\" data-id=\"a85d074\" data-element_type=\"widget\" data-e-type=\"widget\" data-settings=\"{&quot;_animation&quot;:&quot;fadeInDown&quot;,&quot;_animation_delay&quot;:0.59999999999999998}\" data-widget_type=\"heading.default\">\n\t\t\t\t<div class=\"elementor-widget-container\">\n\t\t\t\t\t<h6 class=\"elementor-heading-title elementor-size-default\">Te recibimos en el aeropuerto.<\/h6>\t\t\t\t<\/div>\n\t\t\t\t<\/div>\n\t\t\t\t\t<\/div>\n\t\t\t\t<\/div>\n\t\t<div class=\"elementor-element elementor-element-234c58f e-con-full e-flex e-con e-child\" data-id=\"234c58f\" data-element_type=\"container\" data-e-type=\"container\" data-settings=\"{&quot;jet_parallax_layout_list&quot;:[]}\">\n\t\t<div class=\"elementor-element elementor-element-a256825 e-con-full e-flex e-con e-child\" data-id=\"a256825\" data-element_type=\"container\" data-e-type=\"container\" data-settings=\"{&quot;jet_parallax_layout_list&quot;:[]}\">\n\t\t\t\t<div class=\"elementor-element elementor-element-edd230d elementor-widget__width-inherit team_desc elementor-invisible elementor-widget elementor-widget-text-editor\" data-id=\"edd230d\" data-element_type=\"widget\" data-e-type=\"widget\" data-settings=\"{&quot;_animation&quot;:&quot;fadeIn&quot;,&quot;_animation_delay&quot;:1}\" data-widget_type=\"text-editor.default\">\n\t\t\t\t<div class=\"elementor-widget-container\">\n\t\t\t\t\t\t\t\t\t<p>Incluso antes de salir de su pa\u00eds de origen, nuestro equipo de conserjer\u00eda trabajar\u00e1 en estrecha colaboraci\u00f3n con usted para prepararse para una estad\u00eda prolongada tranquila y c\u00f3moda en los Estados Unidos. Con todos los arreglos confirmados, usted y su cuidador pueden abordar su vuelo con tranquilidad, sabiendo que cada detalle ha sido cuidado. <\/p>\n<p>A su llegada, nuestro equipo le dar\u00e1 una c\u00e1lida bienvenida, le ayudar\u00e1 con su equipaje y se asegurar\u00e1 de que est\u00e9 c\u00f3modamente instalado en el hotel o Airbnb seleccionado.<\/p>\n<p>Una vez que te hayas instalado, revisaremos tu itinerario diario personalizado y confirmaremos los planes para las actividades del d\u00eda siguiente. Para garantizar su comodidad, tambi\u00e9n nos aseguraremos de que tenga suficiente para comer y beber. Le brindaremos recomendaciones de restaurantes y tiendas de comestibles cercanas y, si lo solicita, su refrigerador estar\u00e1 preabastecido con sus comidas favoritas, listas para que se sienta como en casa.  <\/p>\n\t\t\t\t\t\t\t\t<\/div>\n\t\t\t\t<\/div>\n\t\t\t\t<\/div>\n\t\t\t\t<\/div>\n\t\t\t\t<\/div>\n\t\t<div class=\"elementor-element elementor-element-e1997d5 e-con-full e-flex e-con e-child\" data-id=\"e1997d5\" data-element_type=\"container\" data-e-type=\"container\" data-settings=\"{&quot;jet_parallax_layout_list&quot;:[]}\">\n\t\t\t\t<div class=\"elementor-element elementor-element-62ce40d animated-slow elementor-invisible elementor-widget elementor-widget-image\" data-id=\"62ce40d\" data-element_type=\"widget\" data-e-type=\"widget\" data-settings=\"{&quot;_animation&quot;:&quot;fadeInLeft&quot;,&quot;_animation_mobile&quot;:&quot;none&quot;,&quot;_animation_delay&quot;:1.5,&quot;sticky&quot;:&quot;top&quot;,&quot;sticky_on&quot;:[&quot;widescreen&quot;,&quot;desktop&quot;,&quot;tablet&quot;],&quot;sticky_parent&quot;:&quot;yes&quot;,&quot;sticky_offset&quot;:0,&quot;sticky_effects_offset&quot;:0,&quot;sticky_anchor_link_offset&quot;:0}\" data-widget_type=\"image.default\">\n\t\t\t\t<div class=\"elementor-widget-container\">\n\t\t\t\t\t\t\t\t\t\t\t\t\t\t\t<img fetchpriority=\"high\" decoding=\"async\" width=\"612\" height=\"408\" src=\"https:\/\/mdvisitclinic.com\/wp-content\/uploads\/2024\/11\/arrival.jpg\" class=\"attachment-full size-full wp-image-18154\" alt=\"\" srcset=\"https:\/\/mdvisitclinic.com\/wp-content\/uploads\/2024\/11\/arrival.jpg 612w, https:\/\/mdvisitclinic.com\/wp-content\/uploads\/2024\/11\/arrival-300x200.jpg 300w\" sizes=\"(max-width: 612px) 100vw, 612px\" \/>\t\t\t\t\t\t\t\t\t\t\t\t\t\t\t<\/div>\n\t\t\t\t<\/div>\n\t\t\t\t<\/div>\n\t\t\t\t\t<\/div>\n\t\t\t\t<\/div>\n\t\t\t\t<\/div>\n\t\t","protected":false},"excerpt":{"rendered":"<p>LLEGADA A LOS ESTADOS UNIDOS Y CONTINUACI\u00d3N DE SU TRATAMIENTO. Te recibimos en el aeropuerto. Incluso antes de salir de su pa\u00eds de origen, nuestro equipo de conserjer\u00eda trabajar\u00e1 en estrecha colaboraci\u00f3n con usted para prepararse para una estad\u00eda prolongada tranquila y c\u00f3moda en los Estados Unidos. Con todos los arreglos confirmados, usted y su [&hellip;]<\/p>\n","protected":false},"author":9,"featured_media":0,"parent":19135,"menu_order":0,"comment_status":"closed","ping_status":"closed","template":"elementor_header_footer","meta":{"_acf_changed":false,"_coblocks_attr":"","_coblocks_dimensions":"","_coblocks_responsive_height":"","_coblocks_accordion_ie_support":"","hide_page_title":"","footnotes":""},"class_list":["post-19148","page","type-page","status-publish","hentry"],"acf":[],"yoast_head":"<!-- This site is optimized with the Yoast SEO plugin v27.3 - https:\/\/yoast.com\/product\/yoast-seo-wordpress\/ -->\n<title>LLEGADA A LOS ESTADOS UNIDOS Y CONTINUACI\u00d3N DE SU TRATAMIENTO. - MDVISIT CLINIC<\/title>\n<meta name=\"robots\" content=\"noindex, follow, max-snippet:-1, max-image-preview:large, max-video-preview:-1\" \/>\n<meta property=\"og:locale\" content=\"es_ES\" \/>\n<meta property=\"og:type\" content=\"article\" \/>\n<meta property=\"og:title\" content=\"LLEGADA A LOS ESTADOS UNIDOS Y CONTINUACI\u00d3N DE SU TRATAMIENTO. - MDVISIT CLINIC\" \/>\n<meta property=\"og:description\" content=\"LLEGADA A LOS ESTADOS UNIDOS Y CONTINUACI\u00d3N DE SU TRATAMIENTO. Te recibimos en el aeropuerto. Incluso antes de salir de su pa\u00eds de origen, nuestro equipo de conserjer\u00eda trabajar\u00e1 en estrecha colaboraci\u00f3n con usted para prepararse para una estad\u00eda prolongada tranquila y c\u00f3moda en los Estados Unidos. Con todos los arreglos confirmados, usted y su [&hellip;]\" \/>\n<meta property=\"og:url\" content=\"https:\/\/mdvisitclinic.com\/es\/como-funciona-tratamiento-de-cirugia-en-los-estados-unidos\/llegada-a-los-estados-unidos-en-adelante-con-su-tratamiento\/\" \/>\n<meta property=\"og:site_name\" content=\"MDVISIT CLINIC\" \/>\n<meta property=\"article:modified_time\" content=\"2024-11-27T04:31:51+00:00\" \/>\n<meta property=\"og:image\" content=\"https:\/\/f55.01f.myftpupload.com\/wp-content\/uploads\/2024\/11\/arrival.jpg\" \/>\n<meta name=\"twitter:card\" content=\"summary_large_image\" \/>\n<meta name=\"twitter:label1\" content=\"Est. reading time\" \/>\n\t<meta name=\"twitter:data1\" content=\"1 minute\" \/>\n<script type=\"application\/ld+json\" class=\"yoast-schema-graph\">{\"@context\":\"https:\\\/\\\/schema.org\",\"@graph\":[{\"@type\":\"WebPage\",\"@id\":\"https:\\\/\\\/mdvisitclinic.com\\\/es\\\/como-funciona-tratamiento-de-cirugia-en-los-estados-unidos\\\/llegada-a-los-estados-unidos-en-adelante-con-su-tratamiento\\\/\",\"url\":\"https:\\\/\\\/mdvisitclinic.com\\\/es\\\/como-funciona-tratamiento-de-cirugia-en-los-estados-unidos\\\/llegada-a-los-estados-unidos-en-adelante-con-su-tratamiento\\\/\",\"name\":\"LLEGADA A LOS ESTADOS UNIDOS Y CONTINUACI\u00d3N DE SU TRATAMIENTO. - MDVISIT CLINIC\",\"isPartOf\":{\"@id\":\"https:\\\/\\\/mdvisitclinic.com\\\/es\\\/#website\"},\"primaryImageOfPage\":{\"@id\":\"https:\\\/\\\/mdvisitclinic.com\\\/es\\\/como-funciona-tratamiento-de-cirugia-en-los-estados-unidos\\\/llegada-a-los-estados-unidos-en-adelante-con-su-tratamiento\\\/#primaryimage\"},\"image\":{\"@id\":\"https:\\\/\\\/mdvisitclinic.com\\\/es\\\/como-funciona-tratamiento-de-cirugia-en-los-estados-unidos\\\/llegada-a-los-estados-unidos-en-adelante-con-su-tratamiento\\\/#primaryimage\"},\"thumbnailUrl\":\"https:\\\/\\\/f55.01f.myftpupload.com\\\/wp-content\\\/uploads\\\/2024\\\/11\\\/arrival.jpg\",\"datePublished\":\"2024-11-08T08:33:31+00:00\",\"dateModified\":\"2024-11-27T04:31:51+00:00\",\"breadcrumb\":{\"@id\":\"https:\\\/\\\/mdvisitclinic.com\\\/es\\\/como-funciona-tratamiento-de-cirugia-en-los-estados-unidos\\\/llegada-a-los-estados-unidos-en-adelante-con-su-tratamiento\\\/#breadcrumb\"},\"inLanguage\":\"es\",\"potentialAction\":[{\"@type\":\"ReadAction\",\"target\":[\"https:\\\/\\\/mdvisitclinic.com\\\/es\\\/como-funciona-tratamiento-de-cirugia-en-los-estados-unidos\\\/llegada-a-los-estados-unidos-en-adelante-con-su-tratamiento\\\/\"]}]},{\"@type\":\"ImageObject\",\"inLanguage\":\"es\",\"@id\":\"https:\\\/\\\/mdvisitclinic.com\\\/es\\\/como-funciona-tratamiento-de-cirugia-en-los-estados-unidos\\\/llegada-a-los-estados-unidos-en-adelante-con-su-tratamiento\\\/#primaryimage\",\"url\":\"https:\\\/\\\/f55.01f.myftpupload.com\\\/wp-content\\\/uploads\\\/2024\\\/11\\\/arrival.jpg\",\"contentUrl\":\"https:\\\/\\\/f55.01f.myftpupload.com\\\/wp-content\\\/uploads\\\/2024\\\/11\\\/arrival.jpg\"},{\"@type\":\"BreadcrumbList\",\"@id\":\"https:\\\/\\\/mdvisitclinic.com\\\/es\\\/como-funciona-tratamiento-de-cirugia-en-los-estados-unidos\\\/llegada-a-los-estados-unidos-en-adelante-con-su-tratamiento\\\/#breadcrumb\",\"itemListElement\":[{\"@type\":\"ListItem\",\"position\":1,\"name\":\"Home\",\"item\":\"https:\\\/\\\/mdvisitclinic.com\\\/es\\\/\"},{\"@type\":\"ListItem\",\"position\":2,\"name\":\"\u00bfC\u00f3mo funciona la cirug\u00eda y el tratamiento en los Estados Unidos?\",\"item\":\"https:\\\/\\\/mdvisitclinic.com\\\/es\\\/como-funciona-tratamiento-de-cirugia-en-los-estados-unidos\\\/\"},{\"@type\":\"ListItem\",\"position\":3,\"name\":\"LLEGADA A LOS ESTADOS UNIDOS Y CONTINUACI\u00d3N DE SU TRATAMIENTO.\"}]},{\"@type\":\"WebSite\",\"@id\":\"https:\\\/\\\/mdvisitclinic.com\\\/es\\\/#website\",\"url\":\"https:\\\/\\\/mdvisitclinic.com\\\/es\\\/\",\"name\":\"MDVISIT CLINIC\",\"description\":\"\",\"publisher\":{\"@id\":\"https:\\\/\\\/mdvisitclinic.com\\\/es\\\/#organization\"},\"potentialAction\":[{\"@type\":\"SearchAction\",\"target\":{\"@type\":\"EntryPoint\",\"urlTemplate\":\"https:\\\/\\\/mdvisitclinic.com\\\/es\\\/?s={search_term_string}\"},\"query-input\":{\"@type\":\"PropertyValueSpecification\",\"valueRequired\":true,\"valueName\":\"search_term_string\"}}],\"inLanguage\":\"es\"},{\"@type\":\"Organization\",\"@id\":\"https:\\\/\\\/mdvisitclinic.com\\\/es\\\/#organization\",\"name\":\"MDVISIT CLINIC\",\"url\":\"https:\\\/\\\/mdvisitclinic.com\\\/es\\\/\",\"logo\":{\"@type\":\"ImageObject\",\"inLanguage\":\"es\",\"@id\":\"https:\\\/\\\/mdvisitclinic.com\\\/es\\\/#\\\/schema\\\/logo\\\/image\\\/\",\"url\":\"https:\\\/\\\/mdvisitclinic.com\\\/wp-content\\\/uploads\\\/2024\\\/03\\\/logo.png\",\"contentUrl\":\"https:\\\/\\\/mdvisitclinic.com\\\/wp-content\\\/uploads\\\/2024\\\/03\\\/logo.png\",\"width\":768,\"height\":118,\"caption\":\"MDVISIT CLINIC\"},\"image\":{\"@id\":\"https:\\\/\\\/mdvisitclinic.com\\\/es\\\/#\\\/schema\\\/logo\\\/image\\\/\"}}]}<\/script>\n<!-- \/ Yoast SEO plugin. -->","yoast_head_json":{"title":"LLEGADA A LOS ESTADOS UNIDOS Y CONTINUACI\u00d3N DE SU TRATAMIENTO. - MDVISIT CLINIC","robots":{"index":"noindex","follow":"follow","max-snippet":"max-snippet:-1","max-image-preview":"max-image-preview:large","max-video-preview":"max-video-preview:-1"},"og_locale":"es_ES","og_type":"article","og_title":"LLEGADA A LOS ESTADOS UNIDOS Y CONTINUACI\u00d3N DE SU TRATAMIENTO. - MDVISIT CLINIC","og_description":"LLEGADA A LOS ESTADOS UNIDOS Y CONTINUACI\u00d3N DE SU TRATAMIENTO. Te recibimos en el aeropuerto. Incluso antes de salir de su pa\u00eds de origen, nuestro equipo de conserjer\u00eda trabajar\u00e1 en estrecha colaboraci\u00f3n con usted para prepararse para una estad\u00eda prolongada tranquila y c\u00f3moda en los Estados Unidos. Con todos los arreglos confirmados, usted y su [&hellip;]","og_url":"https:\/\/mdvisitclinic.com\/es\/como-funciona-tratamiento-de-cirugia-en-los-estados-unidos\/llegada-a-los-estados-unidos-en-adelante-con-su-tratamiento\/","og_site_name":"MDVISIT CLINIC","article_modified_time":"2024-11-27T04:31:51+00:00","og_image":[{"url":"https:\/\/f55.01f.myftpupload.com\/wp-content\/uploads\/2024\/11\/arrival.jpg","type":"","width":"","height":""}],"twitter_card":"summary_large_image","twitter_misc":{"Est. reading time":"1 minute"},"schema":{"@context":"https:\/\/schema.org","@graph":[{"@type":"WebPage","@id":"https:\/\/mdvisitclinic.com\/es\/como-funciona-tratamiento-de-cirugia-en-los-estados-unidos\/llegada-a-los-estados-unidos-en-adelante-con-su-tratamiento\/","url":"https:\/\/mdvisitclinic.com\/es\/como-funciona-tratamiento-de-cirugia-en-los-estados-unidos\/llegada-a-los-estados-unidos-en-adelante-con-su-tratamiento\/","name":"LLEGADA A LOS ESTADOS UNIDOS Y CONTINUACI\u00d3N DE SU TRATAMIENTO. - MDVISIT CLINIC","isPartOf":{"@id":"https:\/\/mdvisitclinic.com\/es\/#website"},"primaryImageOfPage":{"@id":"https:\/\/mdvisitclinic.com\/es\/como-funciona-tratamiento-de-cirugia-en-los-estados-unidos\/llegada-a-los-estados-unidos-en-adelante-con-su-tratamiento\/#primaryimage"},"image":{"@id":"https:\/\/mdvisitclinic.com\/es\/como-funciona-tratamiento-de-cirugia-en-los-estados-unidos\/llegada-a-los-estados-unidos-en-adelante-con-su-tratamiento\/#primaryimage"},"thumbnailUrl":"https:\/\/f55.01f.myftpupload.com\/wp-content\/uploads\/2024\/11\/arrival.jpg","datePublished":"2024-11-08T08:33:31+00:00","dateModified":"2024-11-27T04:31:51+00:00","breadcrumb":{"@id":"https:\/\/mdvisitclinic.com\/es\/como-funciona-tratamiento-de-cirugia-en-los-estados-unidos\/llegada-a-los-estados-unidos-en-adelante-con-su-tratamiento\/#breadcrumb"},"inLanguage":"es","potentialAction":[{"@type":"ReadAction","target":["https:\/\/mdvisitclinic.com\/es\/como-funciona-tratamiento-de-cirugia-en-los-estados-unidos\/llegada-a-los-estados-unidos-en-adelante-con-su-tratamiento\/"]}]},{"@type":"ImageObject","inLanguage":"es","@id":"https:\/\/mdvisitclinic.com\/es\/como-funciona-tratamiento-de-cirugia-en-los-estados-unidos\/llegada-a-los-estados-unidos-en-adelante-con-su-tratamiento\/#primaryimage","url":"https:\/\/f55.01f.myftpupload.com\/wp-content\/uploads\/2024\/11\/arrival.jpg","contentUrl":"https:\/\/f55.01f.myftpupload.com\/wp-content\/uploads\/2024\/11\/arrival.jpg"},{"@type":"BreadcrumbList","@id":"https:\/\/mdvisitclinic.com\/es\/como-funciona-tratamiento-de-cirugia-en-los-estados-unidos\/llegada-a-los-estados-unidos-en-adelante-con-su-tratamiento\/#breadcrumb","itemListElement":[{"@type":"ListItem","position":1,"name":"Home","item":"https:\/\/mdvisitclinic.com\/es\/"},{"@type":"ListItem","position":2,"name":"\u00bfC\u00f3mo funciona la cirug\u00eda y el tratamiento en los Estados Unidos?","item":"https:\/\/mdvisitclinic.com\/es\/como-funciona-tratamiento-de-cirugia-en-los-estados-unidos\/"},{"@type":"ListItem","position":3,"name":"LLEGADA A LOS ESTADOS UNIDOS Y CONTINUACI\u00d3N DE SU TRATAMIENTO."}]},{"@type":"WebSite","@id":"https:\/\/mdvisitclinic.com\/es\/#website","url":"https:\/\/mdvisitclinic.com\/es\/","name":"MDVISIT CLINIC","description":"","publisher":{"@id":"https:\/\/mdvisitclinic.com\/es\/#organization"},"potentialAction":[{"@type":"SearchAction","target":{"@type":"EntryPoint","urlTemplate":"https:\/\/mdvisitclinic.com\/es\/?s={search_term_string}"},"query-input":{"@type":"PropertyValueSpecification","valueRequired":true,"valueName":"search_term_string"}}],"inLanguage":"es"},{"@type":"Organization","@id":"https:\/\/mdvisitclinic.com\/es\/#organization","name":"MDVISIT CLINIC","url":"https:\/\/mdvisitclinic.com\/es\/","logo":{"@type":"ImageObject","inLanguage":"es","@id":"https:\/\/mdvisitclinic.com\/es\/#\/schema\/logo\/image\/","url":"https:\/\/mdvisitclinic.com\/wp-content\/uploads\/2024\/03\/logo.png","contentUrl":"https:\/\/mdvisitclinic.com\/wp-content\/uploads\/2024\/03\/logo.png","width":768,"height":118,"caption":"MDVISIT CLINIC"},"image":{"@id":"https:\/\/mdvisitclinic.com\/es\/#\/schema\/logo\/image\/"}}]}},"_links":{"self":[{"href":"https:\/\/mdvisitclinic.com\/es\/wp-json\/wp\/v2\/pages\/19148","targetHints":{"allow":["GET"]}}],"collection":[{"href":"https:\/\/mdvisitclinic.com\/es\/wp-json\/wp\/v2\/pages"}],"about":[{"href":"https:\/\/mdvisitclinic.com\/es\/wp-json\/wp\/v2\/types\/page"}],"author":[{"embeddable":true,"href":"https:\/\/mdvisitclinic.com\/es\/wp-json\/wp\/v2\/users\/9"}],"replies":[{"embeddable":true,"href":"https:\/\/mdvisitclinic.com\/es\/wp-json\/wp\/v2\/comments?post=19148"}],"version-history":[{"count":3,"href":"https:\/\/mdvisitclinic.com\/es\/wp-json\/wp\/v2\/pages\/19148\/revisions"}],"predecessor-version":[{"id":21649,"href":"https:\/\/mdvisitclinic.com\/es\/wp-json\/wp\/v2\/pages\/19148\/revisions\/21649"}],"up":[{"embeddable":true,"href":"https:\/\/mdvisitclinic.com\/es\/wp-json\/wp\/v2\/pages\/19135"}],"wp:attachment":[{"href":"https:\/\/mdvisitclinic.com\/es\/wp-json\/wp\/v2\/media?parent=19148"}],"curies":[{"name":"wp","href":"https:\/\/api.w.org\/{rel}","templated":true}]}}