{"id":19149,"date":"2024-10-28T08:46:48","date_gmt":"2024-10-28T08:46:48","guid":{"rendered":"https:\/\/f55.01f.myftpupload.com\/jen-harper\/"},"modified":"2024-11-27T04:31:52","modified_gmt":"2024-11-27T04:31:52","slug":"jen-harper","status":"publish","type":"page","link":"https:\/\/mdvisitclinic.com\/es\/nuestro-equipo\/jen-harper\/","title":{"rendered":"Jen Harper."},"content":{"rendered":"\t\t<div data-elementor-type=\"wp-page\" data-elementor-id=\"19149\" class=\"elementor elementor-19149 elementor-17856\" data-elementor-post-type=\"page\">\n\t\t\t\t<div class=\"elementor-element elementor-element-5064ad09 e-flex e-con-boxed e-con e-parent\" data-id=\"5064ad09\" data-element_type=\"container\" data-e-type=\"container\" data-settings=\"{&quot;jet_parallax_layout_list&quot;:[]}\">\n\t\t\t\t\t<div class=\"e-con-inner\">\n\t\t<div class=\"elementor-element elementor-element-3d690665 e-con-full e-flex e-con e-child\" data-id=\"3d690665\" data-element_type=\"container\" data-e-type=\"container\" data-settings=\"{&quot;jet_parallax_layout_list&quot;:[]}\">\n\t\t<div class=\"elementor-element elementor-element-7bd0465 e-flex e-con-boxed e-con e-child\" data-id=\"7bd0465\" data-element_type=\"container\" data-e-type=\"container\" data-settings=\"{&quot;jet_parallax_layout_list&quot;:[]}\">\n\t\t\t\t\t<div class=\"e-con-inner\">\n\t\t\t\t<div class=\"elementor-element elementor-element-5cefaea6 elementor-invisible elementor-widget elementor-widget-heading\" data-id=\"5cefaea6\" data-element_type=\"widget\" data-e-type=\"widget\" data-settings=\"{&quot;_animation&quot;:&quot;fadeInDown&quot;,&quot;_animation_delay&quot;:0.40000000000000002}\" data-widget_type=\"heading.default\">\n\t\t\t\t<div class=\"elementor-widget-container\">\n\t\t\t\t\t<h1 class=\"elementor-heading-title elementor-size-default\">Jen Harper<\/h1>\t\t\t\t<\/div>\n\t\t\t\t<\/div>\n\t\t\t\t<div class=\"elementor-element elementor-element-4610b2fa elementor-widget__width-inherit elementor-invisible elementor-widget elementor-widget-heading\" data-id=\"4610b2fa\" data-element_type=\"widget\" data-e-type=\"widget\" data-settings=\"{&quot;_animation&quot;:&quot;fadeInDown&quot;,&quot;_animation_delay&quot;:0.59999999999999998}\" data-widget_type=\"heading.default\">\n\t\t\t\t<div class=\"elementor-widget-container\">\n\t\t\t\t\t<h6 class=\"elementor-heading-title elementor-size-default\">Director de Operaciones de Conserjer\u00eda<\/h6>\t\t\t\t<\/div>\n\t\t\t\t<\/div>\n\t\t\t\t\t<\/div>\n\t\t\t\t<\/div>\n\t\t<div class=\"elementor-element elementor-element-3b512208 e-con-full e-flex e-con e-child\" data-id=\"3b512208\" data-element_type=\"container\" data-e-type=\"container\" data-settings=\"{&quot;jet_parallax_layout_list&quot;:[]}\">\n\t\t<div class=\"elementor-element elementor-element-54a16bb2 e-con-full e-flex e-con e-child\" data-id=\"54a16bb2\" data-element_type=\"container\" data-e-type=\"container\" data-settings=\"{&quot;jet_parallax_layout_list&quot;:[]}\">\n\t\t\t\t<div class=\"elementor-element elementor-element-7fba175b elementor-widget__width-inherit team_desc elementor-invisible elementor-widget elementor-widget-text-editor\" data-id=\"7fba175b\" data-element_type=\"widget\" data-e-type=\"widget\" data-settings=\"{&quot;_animation&quot;:&quot;fadeIn&quot;,&quot;_animation_delay&quot;:1}\" data-widget_type=\"text-editor.default\">\n\t\t\t\t<div class=\"elementor-widget-container\">\n\t\t\t\t\t\t\t\t\t<p>Jen Harper es la Directora de Operaciones de Conserjer\u00eda de MDVISIT CLINIC. Se asegura de que los procesos y actividades de su equipo sean eficientes y eficaces. Con m\u00e1s de 18 a\u00f1os de experiencia en la gesti\u00f3n de bienes y estilos de vida de alto nivel, Jen es una l\u00edder distinguida en la industria de la conserjer\u00eda m\u00e9dica y la asistencia personal.  <\/p>\n<p>Especializada en servicios de conserjer\u00eda m\u00e9dica de lujo, Jen se asegura de que sus clientes experimenten no solo el m\u00e1s alto nivel de atenci\u00f3n, sino tambi\u00e9n una discreci\u00f3n y confidencialidad inquebrantables.<\/p>\n<p>La dedicaci\u00f3n de Jen al servicio centrado en el cliente se basa en su profundo conocimiento de las necesidades \u00fanicas de cada cliente. Su enfoque combina una aguda conciencia de la gesti\u00f3n de transacciones privadas con un toque compasivo y personalizado, fomentando la confianza y las relaciones a largo plazo. Ella supera constantemente las expectativas anticip\u00e1ndose a las necesidades de sus clientes, navegando por una log\u00edstica compleja y coordinando una experiencia perfecta de principio a fin.  <\/p>\n<p>Adem\u00e1s de los servicios de conserjer\u00eda m\u00e9dica, Jen ofrece servicios integrales de conserjer\u00eda recreativos y de estilo de vida. Ya sea gestionando consultas m\u00e9dicas privadas o planificando experiencias de viaje de alto contacto, su compromiso es proporcionar una experiencia sin estr\u00e9s, discreta y ejecutada por expertos para cada cliente. <\/p>\n\t\t\t\t\t\t\t\t<\/div>\n\t\t\t\t<\/div>\n\t\t\t\t<\/div>\n\t\t\t\t<\/div>\n\t\t\t\t<\/div>\n\t\t<div class=\"elementor-element elementor-element-4e0f5781 e-con-full e-flex e-con e-child\" data-id=\"4e0f5781\" data-element_type=\"container\" data-e-type=\"container\" data-settings=\"{&quot;jet_parallax_layout_list&quot;:[]}\">\n\t\t\t\t<div class=\"elementor-element elementor-element-6bb9e120 animated-slow elementor-invisible elementor-widget elementor-widget-image\" data-id=\"6bb9e120\" data-element_type=\"widget\" data-e-type=\"widget\" data-settings=\"{&quot;_animation&quot;:&quot;fadeInLeft&quot;,&quot;_animation_mobile&quot;:&quot;none&quot;,&quot;_animation_delay&quot;:1.5,&quot;sticky&quot;:&quot;top&quot;,&quot;sticky_on&quot;:[&quot;widescreen&quot;,&quot;desktop&quot;,&quot;tablet&quot;],&quot;sticky_parent&quot;:&quot;yes&quot;,&quot;sticky_offset&quot;:0,&quot;sticky_effects_offset&quot;:0,&quot;sticky_anchor_link_offset&quot;:0}\" data-widget_type=\"image.default\">\n\t\t\t\t<div class=\"elementor-widget-container\">\n\t\t\t\t\t\t\t\t\t\t\t\t\t\t\t<img fetchpriority=\"high\" decoding=\"async\" width=\"652\" height=\"652\" src=\"https:\/\/mdvisitclinic.com\/wp-content\/uploads\/2024\/05\/Jen-Harper.png\" class=\"attachment-large size-large wp-image-4281\" alt=\"\" srcset=\"https:\/\/mdvisitclinic.com\/wp-content\/uploads\/2024\/05\/Jen-Harper.png 652w, https:\/\/mdvisitclinic.com\/wp-content\/uploads\/2024\/05\/Jen-Harper-300x300.png 300w, https:\/\/mdvisitclinic.com\/wp-content\/uploads\/2024\/05\/Jen-Harper-150x150.png 150w\" sizes=\"(max-width: 652px) 100vw, 652px\" \/>\t\t\t\t\t\t\t\t\t\t\t\t\t\t\t<\/div>\n\t\t\t\t<\/div>\n\t\t\t\t<\/div>\n\t\t\t\t\t<\/div>\n\t\t\t\t<\/div>\n\t\t\t\t<\/div>\n\t\t","protected":false},"excerpt":{"rendered":"<p>Jen Harper Director de Operaciones de Conserjer\u00eda Jen Harper es la Directora de Operaciones de Conserjer\u00eda de MDVISIT CLINIC. Se asegura de que los procesos y actividades de su equipo sean eficientes y eficaces. Con m\u00e1s de 18 a\u00f1os de experiencia en la gesti\u00f3n de bienes y estilos de vida de alto nivel, Jen es [&hellip;]<\/p>\n","protected":false},"author":9,"featured_media":0,"parent":19154,"menu_order":0,"comment_status":"closed","ping_status":"closed","template":"elementor_header_footer","meta":{"_acf_changed":false,"_coblocks_attr":"","_coblocks_dimensions":"","_coblocks_responsive_height":"","_coblocks_accordion_ie_support":"","hide_page_title":"","footnotes":""},"class_list":["post-19149","page","type-page","status-publish","hentry"],"acf":[],"yoast_head":"<!-- This site is optimized with the Yoast SEO plugin v27.6 - https:\/\/yoast.com\/product\/yoast-seo-wordpress\/ -->\n<title>Jen Harper. - MDVISIT CLINIC<\/title>\n<meta name=\"robots\" content=\"noindex, follow, max-snippet:-1, max-image-preview:large, max-video-preview:-1\" \/>\n<meta property=\"og:locale\" content=\"es_ES\" \/>\n<meta property=\"og:type\" content=\"article\" \/>\n<meta property=\"og:title\" content=\"Jen Harper. - MDVISIT CLINIC\" \/>\n<meta property=\"og:description\" content=\"Jen Harper Director de Operaciones de Conserjer\u00eda Jen Harper es la Directora de Operaciones de Conserjer\u00eda de MDVISIT CLINIC. Se asegura de que los procesos y actividades de su equipo sean eficientes y eficaces. Con m\u00e1s de 18 a\u00f1os de experiencia en la gesti\u00f3n de bienes y estilos de vida de alto nivel, Jen es [&hellip;]\" \/>\n<meta property=\"og:url\" content=\"https:\/\/mdvisitclinic.com\/es\/nuestro-equipo\/jen-harper\/\" \/>\n<meta property=\"og:site_name\" content=\"MDVISIT CLINIC\" \/>\n<meta property=\"article:modified_time\" content=\"2024-11-27T04:31:52+00:00\" \/>\n<meta property=\"og:image\" content=\"https:\/\/f55.01f.myftpupload.com\/wp-content\/uploads\/2024\/05\/Jen-Harper.png\" \/>\n<meta name=\"twitter:card\" content=\"summary_large_image\" \/>\n<meta name=\"twitter:label1\" content=\"Est. reading time\" \/>\n\t<meta name=\"twitter:data1\" content=\"1 minute\" \/>\n<script type=\"application\/ld+json\" class=\"yoast-schema-graph\">{\"@context\":\"https:\\\/\\\/schema.org\",\"@graph\":[{\"@type\":\"WebPage\",\"@id\":\"https:\\\/\\\/mdvisitclinic.com\\\/es\\\/nuestro-equipo\\\/jen-harper\\\/\",\"url\":\"https:\\\/\\\/mdvisitclinic.com\\\/es\\\/nuestro-equipo\\\/jen-harper\\\/\",\"name\":\"Jen Harper. - MDVISIT CLINIC\",\"isPartOf\":{\"@id\":\"https:\\\/\\\/mdvisitclinic.com\\\/es\\\/#website\"},\"primaryImageOfPage\":{\"@id\":\"https:\\\/\\\/mdvisitclinic.com\\\/es\\\/nuestro-equipo\\\/jen-harper\\\/#primaryimage\"},\"image\":{\"@id\":\"https:\\\/\\\/mdvisitclinic.com\\\/es\\\/nuestro-equipo\\\/jen-harper\\\/#primaryimage\"},\"thumbnailUrl\":\"https:\\\/\\\/f55.01f.myftpupload.com\\\/wp-content\\\/uploads\\\/2024\\\/05\\\/Jen-Harper.png\",\"datePublished\":\"2024-10-28T08:46:48+00:00\",\"dateModified\":\"2024-11-27T04:31:52+00:00\",\"breadcrumb\":{\"@id\":\"https:\\\/\\\/mdvisitclinic.com\\\/es\\\/nuestro-equipo\\\/jen-harper\\\/#breadcrumb\"},\"inLanguage\":\"es\",\"potentialAction\":[{\"@type\":\"ReadAction\",\"target\":[\"https:\\\/\\\/mdvisitclinic.com\\\/es\\\/nuestro-equipo\\\/jen-harper\\\/\"]}]},{\"@type\":\"ImageObject\",\"inLanguage\":\"es\",\"@id\":\"https:\\\/\\\/mdvisitclinic.com\\\/es\\\/nuestro-equipo\\\/jen-harper\\\/#primaryimage\",\"url\":\"https:\\\/\\\/f55.01f.myftpupload.com\\\/wp-content\\\/uploads\\\/2024\\\/05\\\/Jen-Harper.png\",\"contentUrl\":\"https:\\\/\\\/f55.01f.myftpupload.com\\\/wp-content\\\/uploads\\\/2024\\\/05\\\/Jen-Harper.png\"},{\"@type\":\"BreadcrumbList\",\"@id\":\"https:\\\/\\\/mdvisitclinic.com\\\/es\\\/nuestro-equipo\\\/jen-harper\\\/#breadcrumb\",\"itemListElement\":[{\"@type\":\"ListItem\",\"position\":1,\"name\":\"Home\",\"item\":\"https:\\\/\\\/mdvisitclinic.com\\\/es\\\/\"},{\"@type\":\"ListItem\",\"position\":2,\"name\":\"Nuestro equipo\",\"item\":\"https:\\\/\\\/mdvisitclinic.com\\\/es\\\/nuestro-equipo\\\/\"},{\"@type\":\"ListItem\",\"position\":3,\"name\":\"Jen Harper.\"}]},{\"@type\":\"WebSite\",\"@id\":\"https:\\\/\\\/mdvisitclinic.com\\\/es\\\/#website\",\"url\":\"https:\\\/\\\/mdvisitclinic.com\\\/es\\\/\",\"name\":\"MDVISIT CLINIC\",\"description\":\"\",\"publisher\":{\"@id\":\"https:\\\/\\\/mdvisitclinic.com\\\/es\\\/#organization\"},\"potentialAction\":[{\"@type\":\"SearchAction\",\"target\":{\"@type\":\"EntryPoint\",\"urlTemplate\":\"https:\\\/\\\/mdvisitclinic.com\\\/es\\\/?s={search_term_string}\"},\"query-input\":{\"@type\":\"PropertyValueSpecification\",\"valueRequired\":true,\"valueName\":\"search_term_string\"}}],\"inLanguage\":\"es\"},{\"@type\":\"Organization\",\"@id\":\"https:\\\/\\\/mdvisitclinic.com\\\/es\\\/#organization\",\"name\":\"MDVISIT CLINIC\",\"url\":\"https:\\\/\\\/mdvisitclinic.com\\\/es\\\/\",\"logo\":{\"@type\":\"ImageObject\",\"inLanguage\":\"es\",\"@id\":\"https:\\\/\\\/mdvisitclinic.com\\\/es\\\/#\\\/schema\\\/logo\\\/image\\\/\",\"url\":\"https:\\\/\\\/mdvisitclinic.com\\\/wp-content\\\/uploads\\\/2024\\\/03\\\/logo.png\",\"contentUrl\":\"https:\\\/\\\/mdvisitclinic.com\\\/wp-content\\\/uploads\\\/2024\\\/03\\\/logo.png\",\"width\":768,\"height\":118,\"caption\":\"MDVISIT CLINIC\"},\"image\":{\"@id\":\"https:\\\/\\\/mdvisitclinic.com\\\/es\\\/#\\\/schema\\\/logo\\\/image\\\/\"}}]}<\/script>\n<!-- \/ Yoast SEO plugin. -->","yoast_head_json":{"title":"Jen Harper. - MDVISIT CLINIC","robots":{"index":"noindex","follow":"follow","max-snippet":"max-snippet:-1","max-image-preview":"max-image-preview:large","max-video-preview":"max-video-preview:-1"},"og_locale":"es_ES","og_type":"article","og_title":"Jen Harper. - MDVISIT CLINIC","og_description":"Jen Harper Director de Operaciones de Conserjer\u00eda Jen Harper es la Directora de Operaciones de Conserjer\u00eda de MDVISIT CLINIC. Se asegura de que los procesos y actividades de su equipo sean eficientes y eficaces. Con m\u00e1s de 18 a\u00f1os de experiencia en la gesti\u00f3n de bienes y estilos de vida de alto nivel, Jen es [&hellip;]","og_url":"https:\/\/mdvisitclinic.com\/es\/nuestro-equipo\/jen-harper\/","og_site_name":"MDVISIT CLINIC","article_modified_time":"2024-11-27T04:31:52+00:00","og_image":[{"url":"https:\/\/f55.01f.myftpupload.com\/wp-content\/uploads\/2024\/05\/Jen-Harper.png","type":"","width":"","height":""}],"twitter_card":"summary_large_image","twitter_misc":{"Est. reading time":"1 minute"},"schema":{"@context":"https:\/\/schema.org","@graph":[{"@type":"WebPage","@id":"https:\/\/mdvisitclinic.com\/es\/nuestro-equipo\/jen-harper\/","url":"https:\/\/mdvisitclinic.com\/es\/nuestro-equipo\/jen-harper\/","name":"Jen Harper. - MDVISIT CLINIC","isPartOf":{"@id":"https:\/\/mdvisitclinic.com\/es\/#website"},"primaryImageOfPage":{"@id":"https:\/\/mdvisitclinic.com\/es\/nuestro-equipo\/jen-harper\/#primaryimage"},"image":{"@id":"https:\/\/mdvisitclinic.com\/es\/nuestro-equipo\/jen-harper\/#primaryimage"},"thumbnailUrl":"https:\/\/f55.01f.myftpupload.com\/wp-content\/uploads\/2024\/05\/Jen-Harper.png","datePublished":"2024-10-28T08:46:48+00:00","dateModified":"2024-11-27T04:31:52+00:00","breadcrumb":{"@id":"https:\/\/mdvisitclinic.com\/es\/nuestro-equipo\/jen-harper\/#breadcrumb"},"inLanguage":"es","potentialAction":[{"@type":"ReadAction","target":["https:\/\/mdvisitclinic.com\/es\/nuestro-equipo\/jen-harper\/"]}]},{"@type":"ImageObject","inLanguage":"es","@id":"https:\/\/mdvisitclinic.com\/es\/nuestro-equipo\/jen-harper\/#primaryimage","url":"https:\/\/f55.01f.myftpupload.com\/wp-content\/uploads\/2024\/05\/Jen-Harper.png","contentUrl":"https:\/\/f55.01f.myftpupload.com\/wp-content\/uploads\/2024\/05\/Jen-Harper.png"},{"@type":"BreadcrumbList","@id":"https:\/\/mdvisitclinic.com\/es\/nuestro-equipo\/jen-harper\/#breadcrumb","itemListElement":[{"@type":"ListItem","position":1,"name":"Home","item":"https:\/\/mdvisitclinic.com\/es\/"},{"@type":"ListItem","position":2,"name":"Nuestro equipo","item":"https:\/\/mdvisitclinic.com\/es\/nuestro-equipo\/"},{"@type":"ListItem","position":3,"name":"Jen Harper."}]},{"@type":"WebSite","@id":"https:\/\/mdvisitclinic.com\/es\/#website","url":"https:\/\/mdvisitclinic.com\/es\/","name":"MDVISIT CLINIC","description":"","publisher":{"@id":"https:\/\/mdvisitclinic.com\/es\/#organization"},"potentialAction":[{"@type":"SearchAction","target":{"@type":"EntryPoint","urlTemplate":"https:\/\/mdvisitclinic.com\/es\/?s={search_term_string}"},"query-input":{"@type":"PropertyValueSpecification","valueRequired":true,"valueName":"search_term_string"}}],"inLanguage":"es"},{"@type":"Organization","@id":"https:\/\/mdvisitclinic.com\/es\/#organization","name":"MDVISIT CLINIC","url":"https:\/\/mdvisitclinic.com\/es\/","logo":{"@type":"ImageObject","inLanguage":"es","@id":"https:\/\/mdvisitclinic.com\/es\/#\/schema\/logo\/image\/","url":"https:\/\/mdvisitclinic.com\/wp-content\/uploads\/2024\/03\/logo.png","contentUrl":"https:\/\/mdvisitclinic.com\/wp-content\/uploads\/2024\/03\/logo.png","width":768,"height":118,"caption":"MDVISIT CLINIC"},"image":{"@id":"https:\/\/mdvisitclinic.com\/es\/#\/schema\/logo\/image\/"}}]}},"_links":{"self":[{"href":"https:\/\/mdvisitclinic.com\/es\/wp-json\/wp\/v2\/pages\/19149","targetHints":{"allow":["GET"]}}],"collection":[{"href":"https:\/\/mdvisitclinic.com\/es\/wp-json\/wp\/v2\/pages"}],"about":[{"href":"https:\/\/mdvisitclinic.com\/es\/wp-json\/wp\/v2\/types\/page"}],"author":[{"embeddable":true,"href":"https:\/\/mdvisitclinic.com\/es\/wp-json\/wp\/v2\/users\/9"}],"replies":[{"embeddable":true,"href":"https:\/\/mdvisitclinic.com\/es\/wp-json\/wp\/v2\/comments?post=19149"}],"version-history":[{"count":2,"href":"https:\/\/mdvisitclinic.com\/es\/wp-json\/wp\/v2\/pages\/19149\/revisions"}],"predecessor-version":[{"id":21650,"href":"https:\/\/mdvisitclinic.com\/es\/wp-json\/wp\/v2\/pages\/19149\/revisions\/21650"}],"up":[{"embeddable":true,"href":"https:\/\/mdvisitclinic.com\/es\/wp-json\/wp\/v2\/pages\/19154"}],"wp:attachment":[{"href":"https:\/\/mdvisitclinic.com\/es\/wp-json\/wp\/v2\/media?parent=19149"}],"curies":[{"name":"wp","href":"https:\/\/api.w.org\/{rel}","templated":true}]}}