{"id":9881,"date":"2024-05-22T14:54:02","date_gmt":"2024-05-22T14:54:02","guid":{"rendered":"https:\/\/f55.01f.myftpupload.com\/quienes-somos\/"},"modified":"2024-12-21T04:15:01","modified_gmt":"2024-12-21T04:15:01","slug":"acerca-de-nosotros","status":"publish","type":"page","link":"https:\/\/mdvisitclinic.com\/es\/acerca-de-nosotros\/","title":{"rendered":"Qui\u00e9nes somos"},"content":{"rendered":"\t\t<div data-elementor-type=\"wp-page\" data-elementor-id=\"9881\" class=\"elementor elementor-9881 elementor-5065\" data-elementor-post-type=\"page\">\n\t\t\t\t<div class=\"elementor-element elementor-element-9225c0e e-flex e-con-boxed e-con e-parent\" data-id=\"9225c0e\" data-element_type=\"container\" data-e-type=\"container\" data-settings=\"{&quot;background_background&quot;:&quot;classic&quot;,&quot;jet_parallax_layout_list&quot;:[]}\">\n\t\t\t\t\t<div class=\"e-con-inner\">\n\t\t<div class=\"elementor-element elementor-element-0f08ebc e-con-full e-flex e-con e-child\" data-id=\"0f08ebc\" data-element_type=\"container\" data-e-type=\"container\" data-settings=\"{&quot;jet_parallax_layout_list&quot;:[]}\">\n\t\t\t\t<div class=\"elementor-element elementor-element-f7e9c2d elementor-widget elementor-widget-heading\" data-id=\"f7e9c2d\" data-element_type=\"widget\" data-e-type=\"widget\" data-widget_type=\"heading.default\">\n\t\t\t\t<div class=\"elementor-widget-container\">\n\t\t\t\t\t<h1 class=\"elementor-heading-title elementor-size-default\">\u00bfQui\u00e9nes somos?<\/h1>\t\t\t\t<\/div>\n\t\t\t\t<\/div>\n\t\t\t\t<\/div>\n\t\t\t\t\t<\/div>\n\t\t\t\t<\/div>\n\t\t<div class=\"elementor-element elementor-element-327b910 e-flex e-con-boxed e-con e-parent\" data-id=\"327b910\" data-element_type=\"container\" data-e-type=\"container\" data-settings=\"{&quot;jet_parallax_layout_list&quot;:[]}\">\n\t\t\t\t\t<div class=\"e-con-inner\">\n\t\t\t\t<div class=\"elementor-element elementor-element-ec367f7 elementor-widget-tablet__width-inherit elementor-widget__width-initial elementor-widget elementor-widget-text-editor\" data-id=\"ec367f7\" data-element_type=\"widget\" data-e-type=\"widget\" data-widget_type=\"text-editor.default\">\n\t\t\t\t<div class=\"elementor-widget-container\">\n\t\t\t\t\t\t\t\t\t<p>A nuestros extraordinarios profesionales de MDVISIT CLINIC realmente les importa cada una de las experiencias de nuestros pacientes. Nuestro amable equipo les ofrecer\u00e1 la perfecta presentaci\u00f3n al genuino encanto del sur de los Estados Unidos. Estamos profundamente comprometidos a dar lo mejor en todo lo que hagamos. <\/p>\n<p>Nos dedicamos a brindar la mejor atenci\u00f3n a nuestros clientes internacionales. Lanzamos la plataforma MDVISIT luego de la integraci\u00f3n de los c\u00f3digos postales de Estados Unidos, los c\u00f3digos postales internacionales y el reloj de 24 horas del meridiano de Greenwich.<\/p>\n<p>Nuestras innovaciones de algoritmos avanzados en sistemas globales de programaci\u00f3n de pacientes nos permiten conectarnos sin problemas con nuestros clientes internacionales en tiempo real, con nuestros hospitales afiliados de Estados Unidos, universidades m\u00e9dicas y cl\u00ednicas privadas. Vamos un paso m\u00e1s all\u00e1 al seleccionar cuidadosamente solo m\u00e9dicos y proveedores dentro de esas organizaciones que se encuentran en entre el 5% y el 10% de los mejores los Estados Unidos. <\/p>\n\t\t\t\t\t\t\t\t<\/div>\n\t\t\t\t<\/div>\n\t\t\t\t<div class=\"elementor-element elementor-element-cdcfb4e elementor-widget__width-initial elementor-widget-tablet__width-inherit elementor-widget elementor-widget-text-editor\" data-id=\"cdcfb4e\" data-element_type=\"widget\" data-e-type=\"widget\" data-widget_type=\"text-editor.default\">\n\t\t\t\t<div class=\"elementor-widget-container\">\n\t\t\t\t\t\t\t\t\t<ul type=\"square\">\n\t<li>\n\t\t<strong>Top 5% &#8211; <span style=\"color: #9eca9e\">Cirujanos ortop\u00e9dicos.<\/span><\/strong>\n\t<\/li>\n\t<li>\n\t\t<strong>Top 5% &#8211; <span style=\"color: #9eca9e\">Neurocirujanos.<\/span><\/strong>\n\t<\/li>\n\t<li>\n\t\t<strong>Top 5% y Top 10% &#8211; <span style=\"color: #9eca9e\">Intervencionistas y cirujanos de cardiolog\u00eda.<\/span><\/strong>\n\t<\/li>\n    <li>\n\t\t<strong>Top 5% &#8211; <span style=\"color: #9eca9e\">Intervencionistas y cirujanos del c\u00e1ncer<\/span><\/strong> (mieloma m\u00faltiple, c\u00e1ncer de sangre, c\u00e1ncer de garganta y c\u00e1ncer de pulm\u00f3n).\n\t<\/li>\n    <li>\n\t\t<strong>Top 5% y Top 10% &#8211; <span style=\"color: #9eca9e\">Otros cirujanos y especialistas en tratamiento.<\/span><\/strong>\n\t<\/li>\n<\/ul>\n\t\t\t\t\t\t\t\t<\/div>\n\t\t\t\t<\/div>\n\t\t\t\t<div class=\"elementor-element elementor-element-4ff1e4b elementor-widget-tablet__width-inherit elementor-widget__width-initial elementor-widget elementor-widget-text-editor\" data-id=\"4ff1e4b\" data-element_type=\"widget\" data-e-type=\"widget\" data-widget_type=\"text-editor.default\">\n\t\t\t\t<div class=\"elementor-widget-container\">\n\t\t\t\t\t\t\t\t\t<p>No nos detenemos ah\u00ed. Ser atendido por los mejores m\u00e9dicos puede y debe incluir un plan integral que satisfaga todas sus necesidades durante el tiempo previo a la cirug\u00eda, despu\u00e9s de la cirug\u00eda y la recuperaci\u00f3n en los Estados Unidos, lo que garantiza que se sienta seguro y bien atendido durante todo su viaje.<\/p>\n<p>Gestionamos el procesamiento de pagos, la aprobaci\u00f3n acelerada de la visa m\u00e9dica, el viaje y el alojamiento, el conserje m\u00e9dico de lujo, que incluye su personal asignado personalmente, el conserje de turismo de lujo para las actividades diarias de ocio, la terapia celular regenerativa, la terapia intravenosa y la restauraci\u00f3n agresiva no invasiva de la piel y el cuerpo.<\/p>\n<p>Todo comienza con una primera o segunda opini\u00f3n virtual a trav\u00e9s de una video llamada en vivo de telemedicina, lo que le brinda la comodidad y el confort de discutir sus necesidades m\u00e9dicas desde su propia casa o en una de nuestras cl\u00ednicas asociadas.<\/p>\n<p>Hablar\u00e1 con un m\u00e9dico de los Estados Unidos, entre el 5% o el 10% de los mejores, quien responder\u00e1 todas sus preguntas, incluidas las de su(s) cuidador(es).<\/p>\n\t\t\t\t\t\t\t\t<\/div>\n\t\t\t\t<\/div>\n\t\t\t\t\t<\/div>\n\t\t\t\t<\/div>\n\t\t\t\t<\/div>\n\t\t","protected":false},"excerpt":{"rendered":"<p>\u00bfQui\u00e9nes somos? A nuestros extraordinarios profesionales de MDVISIT CLINIC realmente les importa cada una de las experiencias de nuestros pacientes. Nuestro amable equipo les ofrecer\u00e1 la perfecta presentaci\u00f3n al genuino encanto del sur de los Estados Unidos. Estamos profundamente comprometidos a dar lo mejor en todo lo que hagamos. Nos dedicamos a brindar la mejor [&hellip;]<\/p>\n","protected":false},"author":8,"featured_media":0,"parent":0,"menu_order":0,"comment_status":"closed","ping_status":"closed","template":"elementor_header_footer","meta":{"_acf_changed":false,"_coblocks_attr":"","_coblocks_dimensions":"","_coblocks_responsive_height":"","_coblocks_accordion_ie_support":"","hide_page_title":"","footnotes":""},"class_list":["post-9881","page","type-page","status-publish","hentry"],"acf":[],"yoast_head":"<!-- This site is optimized with the Yoast SEO plugin v27.6 - https:\/\/yoast.com\/product\/yoast-seo-wordpress\/ -->\n<title>Qui\u00e9nes somos - MDVISIT CLINIC<\/title>\n<meta name=\"robots\" content=\"noindex, follow, max-snippet:-1, max-image-preview:large, max-video-preview:-1\" \/>\n<meta property=\"og:locale\" content=\"es_ES\" \/>\n<meta property=\"og:type\" content=\"article\" \/>\n<meta property=\"og:title\" content=\"Qui\u00e9nes somos - MDVISIT CLINIC\" \/>\n<meta property=\"og:description\" content=\"\u00bfQui\u00e9nes somos? A nuestros extraordinarios profesionales de MDVISIT CLINIC realmente les importa cada una de las experiencias de nuestros pacientes. Nuestro amable equipo les ofrecer\u00e1 la perfecta presentaci\u00f3n al genuino encanto del sur de los Estados Unidos. Estamos profundamente comprometidos a dar lo mejor en todo lo que hagamos. Nos dedicamos a brindar la mejor [&hellip;]\" \/>\n<meta property=\"og:url\" content=\"https:\/\/mdvisitclinic.com\/es\/acerca-de-nosotros\/\" \/>\n<meta property=\"og:site_name\" content=\"MDVISIT CLINIC\" \/>\n<meta property=\"article:modified_time\" content=\"2024-12-21T04:15:01+00:00\" \/>\n<meta name=\"twitter:card\" content=\"summary_large_image\" \/>\n<meta name=\"twitter:label1\" content=\"Est. reading time\" \/>\n\t<meta name=\"twitter:data1\" content=\"2 minutes\" \/>\n<script type=\"application\/ld+json\" class=\"yoast-schema-graph\">{\"@context\":\"https:\\\/\\\/schema.org\",\"@graph\":[{\"@type\":\"WebPage\",\"@id\":\"https:\\\/\\\/mdvisitclinic.com\\\/es\\\/acerca-de-nosotros\\\/\",\"url\":\"https:\\\/\\\/mdvisitclinic.com\\\/es\\\/acerca-de-nosotros\\\/\",\"name\":\"Qui\u00e9nes somos - MDVISIT CLINIC\",\"isPartOf\":{\"@id\":\"https:\\\/\\\/mdvisitclinic.com\\\/es\\\/#website\"},\"datePublished\":\"2024-05-22T14:54:02+00:00\",\"dateModified\":\"2024-12-21T04:15:01+00:00\",\"breadcrumb\":{\"@id\":\"https:\\\/\\\/mdvisitclinic.com\\\/es\\\/acerca-de-nosotros\\\/#breadcrumb\"},\"inLanguage\":\"es\",\"potentialAction\":[{\"@type\":\"ReadAction\",\"target\":[\"https:\\\/\\\/mdvisitclinic.com\\\/es\\\/acerca-de-nosotros\\\/\"]}]},{\"@type\":\"BreadcrumbList\",\"@id\":\"https:\\\/\\\/mdvisitclinic.com\\\/es\\\/acerca-de-nosotros\\\/#breadcrumb\",\"itemListElement\":[{\"@type\":\"ListItem\",\"position\":1,\"name\":\"Home\",\"item\":\"https:\\\/\\\/mdvisitclinic.com\\\/es\\\/\"},{\"@type\":\"ListItem\",\"position\":2,\"name\":\"Qui\u00e9nes somos\"}]},{\"@type\":\"WebSite\",\"@id\":\"https:\\\/\\\/mdvisitclinic.com\\\/es\\\/#website\",\"url\":\"https:\\\/\\\/mdvisitclinic.com\\\/es\\\/\",\"name\":\"MDVISIT CLINIC\",\"description\":\"\",\"publisher\":{\"@id\":\"https:\\\/\\\/mdvisitclinic.com\\\/es\\\/#organization\"},\"potentialAction\":[{\"@type\":\"SearchAction\",\"target\":{\"@type\":\"EntryPoint\",\"urlTemplate\":\"https:\\\/\\\/mdvisitclinic.com\\\/es\\\/?s={search_term_string}\"},\"query-input\":{\"@type\":\"PropertyValueSpecification\",\"valueRequired\":true,\"valueName\":\"search_term_string\"}}],\"inLanguage\":\"es\"},{\"@type\":\"Organization\",\"@id\":\"https:\\\/\\\/mdvisitclinic.com\\\/es\\\/#organization\",\"name\":\"MDVISIT CLINIC\",\"url\":\"https:\\\/\\\/mdvisitclinic.com\\\/es\\\/\",\"logo\":{\"@type\":\"ImageObject\",\"inLanguage\":\"es\",\"@id\":\"https:\\\/\\\/mdvisitclinic.com\\\/es\\\/#\\\/schema\\\/logo\\\/image\\\/\",\"url\":\"https:\\\/\\\/mdvisitclinic.com\\\/wp-content\\\/uploads\\\/2024\\\/03\\\/logo.png\",\"contentUrl\":\"https:\\\/\\\/mdvisitclinic.com\\\/wp-content\\\/uploads\\\/2024\\\/03\\\/logo.png\",\"width\":768,\"height\":118,\"caption\":\"MDVISIT CLINIC\"},\"image\":{\"@id\":\"https:\\\/\\\/mdvisitclinic.com\\\/es\\\/#\\\/schema\\\/logo\\\/image\\\/\"}}]}<\/script>\n<!-- \/ Yoast SEO plugin. -->","yoast_head_json":{"title":"Qui\u00e9nes somos - MDVISIT CLINIC","robots":{"index":"noindex","follow":"follow","max-snippet":"max-snippet:-1","max-image-preview":"max-image-preview:large","max-video-preview":"max-video-preview:-1"},"og_locale":"es_ES","og_type":"article","og_title":"Qui\u00e9nes somos - MDVISIT CLINIC","og_description":"\u00bfQui\u00e9nes somos? A nuestros extraordinarios profesionales de MDVISIT CLINIC realmente les importa cada una de las experiencias de nuestros pacientes. Nuestro amable equipo les ofrecer\u00e1 la perfecta presentaci\u00f3n al genuino encanto del sur de los Estados Unidos. Estamos profundamente comprometidos a dar lo mejor en todo lo que hagamos. Nos dedicamos a brindar la mejor [&hellip;]","og_url":"https:\/\/mdvisitclinic.com\/es\/acerca-de-nosotros\/","og_site_name":"MDVISIT CLINIC","article_modified_time":"2024-12-21T04:15:01+00:00","twitter_card":"summary_large_image","twitter_misc":{"Est. reading time":"2 minutes"},"schema":{"@context":"https:\/\/schema.org","@graph":[{"@type":"WebPage","@id":"https:\/\/mdvisitclinic.com\/es\/acerca-de-nosotros\/","url":"https:\/\/mdvisitclinic.com\/es\/acerca-de-nosotros\/","name":"Qui\u00e9nes somos - MDVISIT CLINIC","isPartOf":{"@id":"https:\/\/mdvisitclinic.com\/es\/#website"},"datePublished":"2024-05-22T14:54:02+00:00","dateModified":"2024-12-21T04:15:01+00:00","breadcrumb":{"@id":"https:\/\/mdvisitclinic.com\/es\/acerca-de-nosotros\/#breadcrumb"},"inLanguage":"es","potentialAction":[{"@type":"ReadAction","target":["https:\/\/mdvisitclinic.com\/es\/acerca-de-nosotros\/"]}]},{"@type":"BreadcrumbList","@id":"https:\/\/mdvisitclinic.com\/es\/acerca-de-nosotros\/#breadcrumb","itemListElement":[{"@type":"ListItem","position":1,"name":"Home","item":"https:\/\/mdvisitclinic.com\/es\/"},{"@type":"ListItem","position":2,"name":"Qui\u00e9nes somos"}]},{"@type":"WebSite","@id":"https:\/\/mdvisitclinic.com\/es\/#website","url":"https:\/\/mdvisitclinic.com\/es\/","name":"MDVISIT CLINIC","description":"","publisher":{"@id":"https:\/\/mdvisitclinic.com\/es\/#organization"},"potentialAction":[{"@type":"SearchAction","target":{"@type":"EntryPoint","urlTemplate":"https:\/\/mdvisitclinic.com\/es\/?s={search_term_string}"},"query-input":{"@type":"PropertyValueSpecification","valueRequired":true,"valueName":"search_term_string"}}],"inLanguage":"es"},{"@type":"Organization","@id":"https:\/\/mdvisitclinic.com\/es\/#organization","name":"MDVISIT CLINIC","url":"https:\/\/mdvisitclinic.com\/es\/","logo":{"@type":"ImageObject","inLanguage":"es","@id":"https:\/\/mdvisitclinic.com\/es\/#\/schema\/logo\/image\/","url":"https:\/\/mdvisitclinic.com\/wp-content\/uploads\/2024\/03\/logo.png","contentUrl":"https:\/\/mdvisitclinic.com\/wp-content\/uploads\/2024\/03\/logo.png","width":768,"height":118,"caption":"MDVISIT CLINIC"},"image":{"@id":"https:\/\/mdvisitclinic.com\/es\/#\/schema\/logo\/image\/"}}]}},"_links":{"self":[{"href":"https:\/\/mdvisitclinic.com\/es\/wp-json\/wp\/v2\/pages\/9881","targetHints":{"allow":["GET"]}}],"collection":[{"href":"https:\/\/mdvisitclinic.com\/es\/wp-json\/wp\/v2\/pages"}],"about":[{"href":"https:\/\/mdvisitclinic.com\/es\/wp-json\/wp\/v2\/types\/page"}],"author":[{"embeddable":true,"href":"https:\/\/mdvisitclinic.com\/es\/wp-json\/wp\/v2\/users\/8"}],"replies":[{"embeddable":true,"href":"https:\/\/mdvisitclinic.com\/es\/wp-json\/wp\/v2\/comments?post=9881"}],"version-history":[{"count":15,"href":"https:\/\/mdvisitclinic.com\/es\/wp-json\/wp\/v2\/pages\/9881\/revisions"}],"predecessor-version":[{"id":22385,"href":"https:\/\/mdvisitclinic.com\/es\/wp-json\/wp\/v2\/pages\/9881\/revisions\/22385"}],"wp:attachment":[{"href":"https:\/\/mdvisitclinic.com\/es\/wp-json\/wp\/v2\/media?parent=9881"}],"curies":[{"name":"wp","href":"https:\/\/api.w.org\/{rel}","templated":true}]}}