{"id":11548,"date":"2024-05-20T15:58:51","date_gmt":"2024-05-20T15:58:51","guid":{"rendered":"https:\/\/f55.01f.myftpupload.com\/inscrivez-vous-maintenant\/"},"modified":"2024-06-23T21:32:09","modified_gmt":"2024-06-23T21:32:09","slug":"inscrivez-vous-maintenant","status":"publish","type":"page","link":"https:\/\/mdvisitclinic.com\/fr\/inscrivez-vous-maintenant\/","title":{"rendered":"Inscrivez-vous maintenant"},"content":{"rendered":"\t\t<div data-elementor-type=\"wp-page\" data-elementor-id=\"11548\" class=\"elementor elementor-11548 elementor-3903\" data-elementor-post-type=\"page\">\n\t\t\t\t<div class=\"elementor-element elementor-element-2c3421e e-flex e-con-boxed e-con e-parent\" data-id=\"2c3421e\" data-element_type=\"container\" data-e-type=\"container\" data-settings=\"{&quot;background_background&quot;:&quot;classic&quot;,&quot;jet_parallax_layout_list&quot;:[]}\">\n\t\t\t\t\t<div class=\"e-con-inner\">\n\t\t<div class=\"elementor-element elementor-element-9469c7d e-con-full e-flex e-con e-child\" data-id=\"9469c7d\" data-element_type=\"container\" data-e-type=\"container\" data-settings=\"{&quot;jet_parallax_layout_list&quot;:[]}\">\n\t\t\t\t<div class=\"elementor-element elementor-element-20b7415 sign-up-banner elementor-widget elementor-widget-heading\" data-id=\"20b7415\" data-element_type=\"widget\" data-e-type=\"widget\" data-widget_type=\"heading.default\">\n\t\t\t\t<div class=\"elementor-widget-container\">\n\t\t\t\t\t<h2 class=\"elementor-heading-title elementor-size-default\">Pr\u00eat \u00e0 planifier votre<br>  2<sup>e <\/sup> Avis&nbsp;?<\/h2>\t\t\t\t<\/div>\n\t\t\t\t<\/div>\n\t\t\t\t<div class=\"elementor-element elementor-element-edd3c45 elementor-widget__width-auto elementor-align-right elementor-mobile-align-left elementor-widget elementor-widget-button\" data-id=\"edd3c45\" data-element_type=\"widget\" data-e-type=\"widget\" data-widget_type=\"button.default\">\n\t\t\t\t<div class=\"elementor-widget-container\">\n\t\t\t\t\t\t\t\t\t<div class=\"elementor-button-wrapper\">\n\t\t\t\t\t<a class=\"elementor-button elementor-button-link elementor-size-sm\" href=\"https:\/\/mdvisitclinic.com\/fr\/commencez-votre-processus-dinscription-au-2e-avis\/\" target=\"_blank\">\n\t\t\t\t\t\t<span class=\"elementor-button-content-wrapper\">\n\t\t\t\t\t\t<span class=\"elementor-button-icon\">\n\t\t\t\t<svg aria-hidden=\"true\" class=\"e-font-icon-svg e-fas-angle-right\" viewBox=\"0 0 256 512\" xmlns=\"http:\/\/www.w3.org\/2000\/svg\"><path d=\"M224.3 273l-136 136c-9.4 9.4-24.6 9.4-33.9 0l-22.6-22.6c-9.4-9.4-9.4-24.6 0-33.9l96.4-96.4-96.4-96.4c-9.4-9.4-9.4-24.6 0-33.9L54.3 103c9.4-9.4 24.6-9.4 33.9 0l136 136c9.5 9.4 9.5 24.6.1 34z\"><\/path><\/svg>\t\t\t<\/span>\n\t\t\t\t\t\t\t\t\t<span class=\"elementor-button-text\">Commencer ma deuxi\u00e8me opinion<\/span>\n\t\t\t\t\t<\/span>\n\t\t\t\t\t<\/a>\n\t\t\t\t<\/div>\n\t\t\t\t\t\t\t\t<\/div>\n\t\t\t\t<\/div>\n\t\t\t\t<\/div>\n\t\t\t\t\t<\/div>\n\t\t\t\t<\/div>\n\t\t<div class=\"elementor-element elementor-element-6de9b47 e-flex e-con-boxed e-con e-parent\" data-id=\"6de9b47\" data-element_type=\"container\" data-e-type=\"container\" data-settings=\"{&quot;jet_parallax_layout_list&quot;:[]}\">\n\t\t\t\t\t<div class=\"e-con-inner\">\n\t\t\t\t<div class=\"elementor-element elementor-element-be47175 elementor-widget elementor-widget-heading\" data-id=\"be47175\" data-element_type=\"widget\" data-e-type=\"widget\" data-widget_type=\"heading.default\">\n\t\t\t\t<div class=\"elementor-widget-container\">\n\t\t\t\t\t<h3 class=\"elementor-heading-title elementor-size-default\">1. Dites-nous votre nom et votre adresse\n<\/h3>\t\t\t\t<\/div>\n\t\t\t\t<\/div>\n\t\t\t\t<div class=\"elementor-element elementor-element-74f0534 elementor-widget elementor-widget-heading\" data-id=\"74f0534\" data-element_type=\"widget\" data-e-type=\"widget\" data-widget_type=\"heading.default\">\n\t\t\t\t<div class=\"elementor-widget-container\">\n\t\t\t\t\t<h3 class=\"elementor-heading-title elementor-size-default\">2. T\u00e9l\u00e9chargez vos dossiers m\u00e9dicaux\n<\/h3>\t\t\t\t<\/div>\n\t\t\t\t<\/div>\n\t\t\t\t<div class=\"elementor-element elementor-element-857e745 elementor-widget elementor-widget-heading\" data-id=\"857e745\" data-element_type=\"widget\" data-e-type=\"widget\" data-widget_type=\"heading.default\">\n\t\t\t\t<div class=\"elementor-widget-container\">\n\t\t\t\t\t<h3 class=\"elementor-heading-title elementor-size-default\">3. Payer avec PayPal Global<\/h3>\t\t\t\t<\/div>\n\t\t\t\t<\/div>\n\t\t\t\t<div class=\"elementor-element elementor-element-1a75515 elementor-widget elementor-widget-heading\" data-id=\"1a75515\" data-element_type=\"widget\" data-e-type=\"widget\" data-widget_type=\"heading.default\">\n\t\t\t\t<div class=\"elementor-widget-container\">\n\t\t\t\t\t<h3 class=\"elementor-heading-title elementor-size-default\">4. Nous tendons la main et commen\u00e7ons le processus<\/h3>\t\t\t\t<\/div>\n\t\t\t\t<\/div>\n\t\t\t\t\t<\/div>\n\t\t\t\t<\/div>\n\t\t<div class=\"elementor-element elementor-element-25a5347 e-flex e-con-boxed e-con e-parent\" data-id=\"25a5347\" data-element_type=\"container\" data-e-type=\"container\" data-settings=\"{&quot;jet_parallax_layout_list&quot;:[]}\">\n\t\t\t\t\t<div class=\"e-con-inner\">\n\t\t<div class=\"elementor-element elementor-element-151301d e-con-full elementor-hidden-widescreen elementor-hidden-desktop elementor-hidden-tablet elementor-hidden-mobile e-flex e-con e-child\" data-id=\"151301d\" data-element_type=\"container\" data-e-type=\"container\" data-settings=\"{&quot;jet_parallax_layout_list&quot;:[]}\">\n\t\t\t\t<div class=\"elementor-element elementor-element-492e419 elementor-absolute elementor-widget elementor-widget-image\" data-id=\"492e419\" data-element_type=\"widget\" data-e-type=\"widget\" data-settings=\"{&quot;_position&quot;:&quot;absolute&quot;}\" data-widget_type=\"image.default\">\n\t\t\t\t<div class=\"elementor-widget-container\">\n\t\t\t\t\t\t\t\t\t\t\t\t\t\t\t<img fetchpriority=\"high\" decoding=\"async\" width=\"237\" height=\"242\" src=\"https:\/\/mdvisitclinic.com\/wp-content\/uploads\/2024\/05\/arrow.png\" class=\"attachment-full size-full wp-image-3959\" alt=\"\" \/>\t\t\t\t\t\t\t\t\t\t\t\t\t\t\t<\/div>\n\t\t\t\t<\/div>\n\t\t\t\t<div class=\"elementor-element elementor-element-12391f1 elementor-widget__width-auto elementor-align-center elementor-widget elementor-widget-button\" data-id=\"12391f1\" data-element_type=\"widget\" data-e-type=\"widget\" data-widget_type=\"button.default\">\n\t\t\t\t<div class=\"elementor-widget-container\">\n\t\t\t\t\t\t\t\t\t<div class=\"elementor-button-wrapper\">\n\t\t\t\t\t<a class=\"elementor-button elementor-button-link elementor-size-sm\" href=\"#\" target=\"_blank\">\n\t\t\t\t\t\t<span class=\"elementor-button-content-wrapper\">\n\t\t\t\t\t\t\t\t\t<span class=\"elementor-button-text\">Commencez<\/span>\n\t\t\t\t\t<\/span>\n\t\t\t\t\t<\/a>\n\t\t\t\t<\/div>\n\t\t\t\t\t\t\t\t<\/div>\n\t\t\t\t<\/div>\n\t\t\t\t<div class=\"elementor-element elementor-element-639243d elementor-widget elementor-widget-text-editor\" data-id=\"639243d\" data-element_type=\"widget\" data-e-type=\"widget\" data-widget_type=\"text-editor.default\">\n\t\t\t\t<div class=\"elementor-widget-container\">\n\t\t\t\t\t\t\t\t\t<p>Vous avez d\u00e9j\u00e0 un compte&nbsp;?  <a href=\"#\">S\u2019identifier<\/a><\/p>\n\t\t\t\t\t\t\t\t<\/div>\n\t\t\t\t<\/div>\n\t\t\t\t<\/div>\n\t\t<div class=\"elementor-element elementor-element-883c800 e-con-full e-flex e-con e-child\" data-id=\"883c800\" data-element_type=\"container\" data-e-type=\"container\" data-settings=\"{&quot;background_background&quot;:&quot;classic&quot;,&quot;jet_parallax_layout_list&quot;:[]}\">\n\t\t\t\t<div class=\"elementor-element elementor-element-f3438a9 elementor-widget elementor-widget-heading\" data-id=\"f3438a9\" data-element_type=\"widget\" data-e-type=\"widget\" data-widget_type=\"heading.default\">\n\t\t\t\t<div class=\"elementor-widget-container\">\n\t\t\t\t\t<h2 class=\"elementor-heading-title elementor-size-default\">\nCommencez votre processus d\u2019inscription 2nd Opinion<\/h2>\t\t\t\t<\/div>\n\t\t\t\t<\/div>\n\t\t\t\t<div class=\"elementor-element elementor-element-4c17fcf elementor-widget elementor-widget-text-editor\" data-id=\"4c17fcf\" data-element_type=\"widget\" data-e-type=\"widget\" data-widget_type=\"text-editor.default\">\n\t\t\t\t<div class=\"elementor-widget-container\">\n\t\t\t\t\t\t\t\t\t<p>Bienvenue au programme Global Second Opinions by MDVISIT CLINIC. Ce service donne aux patients en dehors des \u00c9tats-Unis un acc\u00e8s direct \u00e0 des m\u00e9decins experts class\u00e9s dans le top 5% aux \u00c9tats-Unis &#8211; sans voyage. Votre chirurgien ou votre fournisseur de traitement de la clinique MDVISIT examinera en profondeur votre diagnostic et votre plan de traitement et fournira un deuxi\u00e8me avis complet, objectif et \u00e9ducatif, ce qui se traduira par une confiance et une tranquillit\u00e9 d\u2019esprit accrues. Les frais de $2,500 USD comprend 1) un rapport \u00e9crit d\u00e9taill\u00e9 que vous pouvez partager avec vos fournisseurs de soins&nbsp;; 2) un examen de t\u00e9l\u00e9m\u00e9decine avec le chirurgien ou le m\u00e9decin de traitement. Par la suite, vous recevrez une proposition qui vous permettrait de voyager aux \u00c9tats-Unis pour la chirurgie ou le traitement par le m\u00eame m\u00e9decin que vous avez rencontr\u00e9 lors de votre examen de t\u00e9l\u00e9m\u00e9decine.<\/p>\n\t\t\t\t\t\t\t\t<\/div>\n\t\t\t\t<\/div>\n\t\t\t\t<div class=\"elementor-element elementor-element-2511212 elementor-widget elementor-widget-heading\" data-id=\"2511212\" data-element_type=\"widget\" data-e-type=\"widget\" data-widget_type=\"heading.default\">\n\t\t\t\t<div class=\"elementor-widget-container\">\n\t\t\t\t\t<h3 class=\"elementor-heading-title elementor-size-default\">Mettez l\u2019examen de votre diagnostic et de votre traitement entre les mains d\u2019un expert<\/h3>\t\t\t\t<\/div>\n\t\t\t\t<\/div>\n\t\t\t\t<div class=\"elementor-element elementor-element-3bab3aa elementor-widget elementor-widget-image\" data-id=\"3bab3aa\" data-element_type=\"widget\" data-e-type=\"widget\" data-widget_type=\"image.default\">\n\t\t\t\t<div class=\"elementor-widget-container\">\n\t\t\t\t\t\t\t\t\t\t\t\t\t\t\t<img decoding=\"async\" width=\"48\" height=\"64\" src=\"https:\/\/mdvisitclinic.com\/wp-content\/uploads\/2024\/05\/arrow-down.png\" class=\"attachment-full size-full wp-image-5235\" alt=\"\" \/>\t\t\t\t\t\t\t\t\t\t\t\t\t\t\t<\/div>\n\t\t\t\t<\/div>\n\t\t\t\t<div class=\"elementor-element elementor-element-ac52ab6 elementor-align-right elementor-widget__width-auto elementor-widget elementor-widget-button\" data-id=\"ac52ab6\" data-element_type=\"widget\" data-e-type=\"widget\" data-widget_type=\"button.default\">\n\t\t\t\t<div class=\"elementor-widget-container\">\n\t\t\t\t\t\t\t\t\t<div class=\"elementor-button-wrapper\">\n\t\t\t\t\t<a class=\"elementor-button elementor-button-link elementor-size-sm\" href=\"https:\/\/mdvisitclinic.com\/fr\/commencez-votre-processus-dinscription-au-2e-avis\/\" target=\"_blank\">\n\t\t\t\t\t\t<span class=\"elementor-button-content-wrapper\">\n\t\t\t\t\t\t\t\t\t<span class=\"elementor-button-text\">POUR COMMENCER<\/span>\n\t\t\t\t\t<\/span>\n\t\t\t\t\t<\/a>\n\t\t\t\t<\/div>\n\t\t\t\t\t\t\t\t<\/div>\n\t\t\t\t<\/div>\n\t\t\t\t<div class=\"elementor-element elementor-element-f263fcf elementor-widget elementor-widget-text-editor\" data-id=\"f263fcf\" data-element_type=\"widget\" data-e-type=\"widget\" data-widget_type=\"text-editor.default\">\n\t\t\t\t<div class=\"elementor-widget-container\">\n\t\t\t\t\t\t\t\t\t<p>Vous avez d\u00e9j\u00e0 un compte&nbsp;?  <a href=\"#\">S\u2019identifier<\/a><\/p>\n\t\t\t\t\t\t\t\t<\/div>\n\t\t\t\t<\/div>\n\t\t\t\t<\/div>\n\t\t\t\t\t<\/div>\n\t\t\t\t<\/div>\n\t\t\t\t<section class=\"elementor-section elementor-top-section elementor-element elementor-element-4da014d elementor-section-boxed elementor-section-height-default elementor-section-height-default\" data-id=\"4da014d\" data-element_type=\"section\" data-e-type=\"section\" data-settings=\"{&quot;jet_parallax_layout_list&quot;:[]}\">\n\t\t\t\t\t\t<div class=\"elementor-container elementor-column-gap-default\">\n\t\t\t\t\t<div class=\"elementor-column elementor-col-50 elementor-top-column elementor-element elementor-element-1a03410\" data-id=\"1a03410\" data-element_type=\"column\" data-e-type=\"column\">\n\t\t\t<div class=\"elementor-widget-wrap elementor-element-populated\">\n\t\t\t\t\t\t<div class=\"elementor-element elementor-element-4b7a8c3 elementor-widget elementor-widget-heading\" data-id=\"4b7a8c3\" data-element_type=\"widget\" data-e-type=\"widget\" data-widget_type=\"heading.default\">\n\t\t\t\t<div class=\"elementor-widget-container\">\n\t\t\t\t\t<h2 class=\"elementor-heading-title elementor-size-default\">Vous avez des questions&nbsp;? Discutons&nbsp;!\n<\/h2>\t\t\t\t<\/div>\n\t\t\t\t<\/div>\n\t\t\t\t<div class=\"elementor-element elementor-element-92501b8 elementor-widget-divider--view-line elementor-widget elementor-widget-divider\" data-id=\"92501b8\" data-element_type=\"widget\" data-e-type=\"widget\" data-widget_type=\"divider.default\">\n\t\t\t\t<div class=\"elementor-widget-container\">\n\t\t\t\t\t\t\t<div class=\"elementor-divider\">\n\t\t\t<span class=\"elementor-divider-separator\">\n\t\t\t\t\t\t<\/span>\n\t\t<\/div>\n\t\t\t\t\t\t<\/div>\n\t\t\t\t<\/div>\n\t\t\t\t<div class=\"elementor-element elementor-element-335177d elementor-widget elementor-widget-image\" data-id=\"335177d\" data-element_type=\"widget\" data-e-type=\"widget\" data-widget_type=\"image.default\">\n\t\t\t\t<div class=\"elementor-widget-container\">\n\t\t\t\t\t\t\t\t\t\t\t\t\t\t\t<img decoding=\"async\" width=\"600\" height=\"579\" src=\"https:\/\/mdvisitclinic.com\/wp-content\/uploads\/2024\/04\/Interpreter-Translation-1.png\" class=\"attachment-large size-large wp-image-1533\" alt=\"\" srcset=\"https:\/\/mdvisitclinic.com\/wp-content\/uploads\/2024\/04\/Interpreter-Translation-1.png 600w, https:\/\/mdvisitclinic.com\/wp-content\/uploads\/2024\/04\/Interpreter-Translation-1-300x290.png 300w\" sizes=\"(max-width: 600px) 100vw, 600px\" \/>\t\t\t\t\t\t\t\t\t\t\t\t\t\t\t<\/div>\n\t\t\t\t<\/div>\n\t\t\t\t\t<\/div>\n\t\t<\/div>\n\t\t\t\t<div class=\"elementor-column elementor-col-50 elementor-top-column elementor-element elementor-element-0aa8975\" data-id=\"0aa8975\" data-element_type=\"column\" data-e-type=\"column\">\n\t\t\t<div class=\"elementor-widget-wrap elementor-element-populated\">\n\t\t\t\t\t\t<div class=\"elementor-element elementor-element-ff5e54a elementor-widget elementor-widget-shortcode\" data-id=\"ff5e54a\" data-element_type=\"widget\" data-e-type=\"widget\" data-widget_type=\"shortcode.default\">\n\t\t\t\t<div class=\"elementor-widget-container\">\n\t\t\t\t\t\t\t<div class=\"elementor-shortcode\"><iframe\n\t\t  id=\"JotFormIFrame-241301288554050\"\n\t\t  title=\"Contact Us\"\n\t\t  onload=\"window.parent.scrollTo(0,0)\"\n\t\t  allowtransparency=\"true\"\n\t\t  allow=\"geolocation; microphone; camera; fullscreen\"\n\t\t  src=\"https:\/\/form.jotform.com\/241301288554050?language=fr\"\n\t\t  frameborder=\"0\"\n\t\t  style=\"min-width: 100%; max-width: 100%; height: 539px; border: none\"\n\t\t  scrolling=\"no\"\n\t\t>\n\t\t<\/iframe>\n\t\t<script src=\"https:\/\/cdn.jotfor.ms\/s\/umd\/latest\/for-form-embed-handler.js\"><\/script>\n\t\t<script>\n\t\t  window.jotformEmbedHandler(\n\t\t\t\"iframe[id='JotFormIFrame-241301288554050']\",\n\t\t\t\"https:\/\/form.jotform.com\/\"\n\t\t  );\n\t\t<\/script>\n\t\t<\/div>\n\t\t\t\t\t\t<\/div>\n\t\t\t\t<\/div>\n\t\t\t\t\t<\/div>\n\t\t<\/div>\n\t\t\t\t\t<\/div>\n\t\t<\/section>\n\t\t\t\t<\/div>\n\t\t","protected":false},"excerpt":{"rendered":"<p>Pr\u00eat \u00e0 planifier votre 2e Avis&nbsp;? Commencer ma deuxi\u00e8me opinion 1. Dites-nous votre nom et votre adresse 2. T\u00e9l\u00e9chargez vos dossiers m\u00e9dicaux 3. Payer avec PayPal Global 4. Nous tendons la main et commen\u00e7ons le processus Commencez Vous avez d\u00e9j\u00e0 un compte&nbsp;? S\u2019identifier Commencez votre processus d\u2019inscription 2nd Opinion Bienvenue au programme Global Second Opinions [&hellip;]<\/p>\n","protected":false},"author":8,"featured_media":0,"parent":0,"menu_order":0,"comment_status":"closed","ping_status":"closed","template":"elementor_header_footer","meta":{"_acf_changed":false,"_coblocks_attr":"","_coblocks_dimensions":"","_coblocks_responsive_height":"","_coblocks_accordion_ie_support":"","hide_page_title":"","footnotes":""},"class_list":["post-11548","page","type-page","status-publish","hentry"],"acf":[],"yoast_head":"<!-- This site is optimized with the Yoast SEO plugin v27.3 - https:\/\/yoast.com\/product\/yoast-seo-wordpress\/ -->\n<title>Inscrivez-vous maintenant - MDVISIT CLINIC<\/title>\n<meta name=\"robots\" content=\"noindex, follow, max-snippet:-1, max-image-preview:large, max-video-preview:-1\" \/>\n<meta property=\"og:locale\" content=\"fr_FR\" \/>\n<meta property=\"og:type\" content=\"article\" \/>\n<meta property=\"og:title\" content=\"Inscrivez-vous maintenant - MDVISIT CLINIC\" \/>\n<meta property=\"og:description\" content=\"Pr\u00eat \u00e0 planifier votre 2e Avis&nbsp;? Commencer ma deuxi\u00e8me opinion 1. Dites-nous votre nom et votre adresse 2. T\u00e9l\u00e9chargez vos dossiers m\u00e9dicaux 3. Payer avec PayPal Global 4. Nous tendons la main et commen\u00e7ons le processus Commencez Vous avez d\u00e9j\u00e0 un compte&nbsp;? S\u2019identifier Commencez votre processus d\u2019inscription 2nd Opinion Bienvenue au programme Global Second Opinions [&hellip;]\" \/>\n<meta property=\"og:url\" content=\"https:\/\/mdvisitclinic.com\/fr\/inscrivez-vous-maintenant\/\" \/>\n<meta property=\"og:site_name\" content=\"MDVISIT CLINIC\" \/>\n<meta property=\"article:modified_time\" content=\"2024-06-23T21:32:09+00:00\" \/>\n<meta property=\"og:image\" content=\"https:\/\/f55.01f.myftpupload.com\/wp-content\/uploads\/2024\/05\/arrow.png\" \/>\n<meta name=\"twitter:card\" content=\"summary_large_image\" \/>\n<meta name=\"twitter:label1\" content=\"Est. reading time\" \/>\n\t<meta name=\"twitter:data1\" content=\"1 minute\" \/>\n<script type=\"application\/ld+json\" class=\"yoast-schema-graph\">{\"@context\":\"https:\\\/\\\/schema.org\",\"@graph\":[{\"@type\":\"WebPage\",\"@id\":\"https:\\\/\\\/mdvisitclinic.com\\\/fr\\\/inscrivez-vous-maintenant\\\/\",\"url\":\"https:\\\/\\\/mdvisitclinic.com\\\/fr\\\/inscrivez-vous-maintenant\\\/\",\"name\":\"Inscrivez-vous maintenant - MDVISIT CLINIC\",\"isPartOf\":{\"@id\":\"https:\\\/\\\/mdvisitclinic.com\\\/fr\\\/#website\"},\"primaryImageOfPage\":{\"@id\":\"https:\\\/\\\/mdvisitclinic.com\\\/fr\\\/inscrivez-vous-maintenant\\\/#primaryimage\"},\"image\":{\"@id\":\"https:\\\/\\\/mdvisitclinic.com\\\/fr\\\/inscrivez-vous-maintenant\\\/#primaryimage\"},\"thumbnailUrl\":\"https:\\\/\\\/f55.01f.myftpupload.com\\\/wp-content\\\/uploads\\\/2024\\\/05\\\/arrow.png\",\"datePublished\":\"2024-05-20T15:58:51+00:00\",\"dateModified\":\"2024-06-23T21:32:09+00:00\",\"breadcrumb\":{\"@id\":\"https:\\\/\\\/mdvisitclinic.com\\\/fr\\\/inscrivez-vous-maintenant\\\/#breadcrumb\"},\"inLanguage\":\"fr\",\"potentialAction\":[{\"@type\":\"ReadAction\",\"target\":[\"https:\\\/\\\/mdvisitclinic.com\\\/fr\\\/inscrivez-vous-maintenant\\\/\"]}]},{\"@type\":\"ImageObject\",\"inLanguage\":\"fr\",\"@id\":\"https:\\\/\\\/mdvisitclinic.com\\\/fr\\\/inscrivez-vous-maintenant\\\/#primaryimage\",\"url\":\"https:\\\/\\\/f55.01f.myftpupload.com\\\/wp-content\\\/uploads\\\/2024\\\/05\\\/arrow.png\",\"contentUrl\":\"https:\\\/\\\/f55.01f.myftpupload.com\\\/wp-content\\\/uploads\\\/2024\\\/05\\\/arrow.png\"},{\"@type\":\"BreadcrumbList\",\"@id\":\"https:\\\/\\\/mdvisitclinic.com\\\/fr\\\/inscrivez-vous-maintenant\\\/#breadcrumb\",\"itemListElement\":[{\"@type\":\"ListItem\",\"position\":1,\"name\":\"Home\",\"item\":\"https:\\\/\\\/mdvisitclinic.com\\\/fr\\\/\"},{\"@type\":\"ListItem\",\"position\":2,\"name\":\"Inscrivez-vous maintenant\"}]},{\"@type\":\"WebSite\",\"@id\":\"https:\\\/\\\/mdvisitclinic.com\\\/fr\\\/#website\",\"url\":\"https:\\\/\\\/mdvisitclinic.com\\\/fr\\\/\",\"name\":\"MDVISIT CLINIC\",\"description\":\"\",\"publisher\":{\"@id\":\"https:\\\/\\\/mdvisitclinic.com\\\/fr\\\/#organization\"},\"potentialAction\":[{\"@type\":\"SearchAction\",\"target\":{\"@type\":\"EntryPoint\",\"urlTemplate\":\"https:\\\/\\\/mdvisitclinic.com\\\/fr\\\/?s={search_term_string}\"},\"query-input\":{\"@type\":\"PropertyValueSpecification\",\"valueRequired\":true,\"valueName\":\"search_term_string\"}}],\"inLanguage\":\"fr\"},{\"@type\":\"Organization\",\"@id\":\"https:\\\/\\\/mdvisitclinic.com\\\/fr\\\/#organization\",\"name\":\"MDVISIT CLINIC\",\"url\":\"https:\\\/\\\/mdvisitclinic.com\\\/fr\\\/\",\"logo\":{\"@type\":\"ImageObject\",\"inLanguage\":\"fr\",\"@id\":\"https:\\\/\\\/mdvisitclinic.com\\\/fr\\\/#\\\/schema\\\/logo\\\/image\\\/\",\"url\":\"https:\\\/\\\/mdvisitclinic.com\\\/wp-content\\\/uploads\\\/2024\\\/03\\\/logo.png\",\"contentUrl\":\"https:\\\/\\\/mdvisitclinic.com\\\/wp-content\\\/uploads\\\/2024\\\/03\\\/logo.png\",\"width\":768,\"height\":118,\"caption\":\"MDVISIT CLINIC\"},\"image\":{\"@id\":\"https:\\\/\\\/mdvisitclinic.com\\\/fr\\\/#\\\/schema\\\/logo\\\/image\\\/\"}}]}<\/script>\n<!-- \/ Yoast SEO plugin. -->","yoast_head_json":{"title":"Inscrivez-vous maintenant - MDVISIT CLINIC","robots":{"index":"noindex","follow":"follow","max-snippet":"max-snippet:-1","max-image-preview":"max-image-preview:large","max-video-preview":"max-video-preview:-1"},"og_locale":"fr_FR","og_type":"article","og_title":"Inscrivez-vous maintenant - MDVISIT CLINIC","og_description":"Pr\u00eat \u00e0 planifier votre 2e Avis&nbsp;? Commencer ma deuxi\u00e8me opinion 1. Dites-nous votre nom et votre adresse 2. T\u00e9l\u00e9chargez vos dossiers m\u00e9dicaux 3. Payer avec PayPal Global 4. Nous tendons la main et commen\u00e7ons le processus Commencez Vous avez d\u00e9j\u00e0 un compte&nbsp;? S\u2019identifier Commencez votre processus d\u2019inscription 2nd Opinion Bienvenue au programme Global Second Opinions [&hellip;]","og_url":"https:\/\/mdvisitclinic.com\/fr\/inscrivez-vous-maintenant\/","og_site_name":"MDVISIT CLINIC","article_modified_time":"2024-06-23T21:32:09+00:00","og_image":[{"url":"https:\/\/f55.01f.myftpupload.com\/wp-content\/uploads\/2024\/05\/arrow.png","type":"","width":"","height":""}],"twitter_card":"summary_large_image","twitter_misc":{"Est. reading time":"1 minute"},"schema":{"@context":"https:\/\/schema.org","@graph":[{"@type":"WebPage","@id":"https:\/\/mdvisitclinic.com\/fr\/inscrivez-vous-maintenant\/","url":"https:\/\/mdvisitclinic.com\/fr\/inscrivez-vous-maintenant\/","name":"Inscrivez-vous maintenant - MDVISIT CLINIC","isPartOf":{"@id":"https:\/\/mdvisitclinic.com\/fr\/#website"},"primaryImageOfPage":{"@id":"https:\/\/mdvisitclinic.com\/fr\/inscrivez-vous-maintenant\/#primaryimage"},"image":{"@id":"https:\/\/mdvisitclinic.com\/fr\/inscrivez-vous-maintenant\/#primaryimage"},"thumbnailUrl":"https:\/\/f55.01f.myftpupload.com\/wp-content\/uploads\/2024\/05\/arrow.png","datePublished":"2024-05-20T15:58:51+00:00","dateModified":"2024-06-23T21:32:09+00:00","breadcrumb":{"@id":"https:\/\/mdvisitclinic.com\/fr\/inscrivez-vous-maintenant\/#breadcrumb"},"inLanguage":"fr","potentialAction":[{"@type":"ReadAction","target":["https:\/\/mdvisitclinic.com\/fr\/inscrivez-vous-maintenant\/"]}]},{"@type":"ImageObject","inLanguage":"fr","@id":"https:\/\/mdvisitclinic.com\/fr\/inscrivez-vous-maintenant\/#primaryimage","url":"https:\/\/f55.01f.myftpupload.com\/wp-content\/uploads\/2024\/05\/arrow.png","contentUrl":"https:\/\/f55.01f.myftpupload.com\/wp-content\/uploads\/2024\/05\/arrow.png"},{"@type":"BreadcrumbList","@id":"https:\/\/mdvisitclinic.com\/fr\/inscrivez-vous-maintenant\/#breadcrumb","itemListElement":[{"@type":"ListItem","position":1,"name":"Home","item":"https:\/\/mdvisitclinic.com\/fr\/"},{"@type":"ListItem","position":2,"name":"Inscrivez-vous maintenant"}]},{"@type":"WebSite","@id":"https:\/\/mdvisitclinic.com\/fr\/#website","url":"https:\/\/mdvisitclinic.com\/fr\/","name":"MDVISIT CLINIC","description":"","publisher":{"@id":"https:\/\/mdvisitclinic.com\/fr\/#organization"},"potentialAction":[{"@type":"SearchAction","target":{"@type":"EntryPoint","urlTemplate":"https:\/\/mdvisitclinic.com\/fr\/?s={search_term_string}"},"query-input":{"@type":"PropertyValueSpecification","valueRequired":true,"valueName":"search_term_string"}}],"inLanguage":"fr"},{"@type":"Organization","@id":"https:\/\/mdvisitclinic.com\/fr\/#organization","name":"MDVISIT CLINIC","url":"https:\/\/mdvisitclinic.com\/fr\/","logo":{"@type":"ImageObject","inLanguage":"fr","@id":"https:\/\/mdvisitclinic.com\/fr\/#\/schema\/logo\/image\/","url":"https:\/\/mdvisitclinic.com\/wp-content\/uploads\/2024\/03\/logo.png","contentUrl":"https:\/\/mdvisitclinic.com\/wp-content\/uploads\/2024\/03\/logo.png","width":768,"height":118,"caption":"MDVISIT CLINIC"},"image":{"@id":"https:\/\/mdvisitclinic.com\/fr\/#\/schema\/logo\/image\/"}}]}},"_links":{"self":[{"href":"https:\/\/mdvisitclinic.com\/fr\/wp-json\/wp\/v2\/pages\/11548","targetHints":{"allow":["GET"]}}],"collection":[{"href":"https:\/\/mdvisitclinic.com\/fr\/wp-json\/wp\/v2\/pages"}],"about":[{"href":"https:\/\/mdvisitclinic.com\/fr\/wp-json\/wp\/v2\/types\/page"}],"author":[{"embeddable":true,"href":"https:\/\/mdvisitclinic.com\/fr\/wp-json\/wp\/v2\/users\/8"}],"replies":[{"embeddable":true,"href":"https:\/\/mdvisitclinic.com\/fr\/wp-json\/wp\/v2\/comments?post=11548"}],"version-history":[{"count":1,"href":"https:\/\/mdvisitclinic.com\/fr\/wp-json\/wp\/v2\/pages\/11548\/revisions"}],"predecessor-version":[{"id":11550,"href":"https:\/\/mdvisitclinic.com\/fr\/wp-json\/wp\/v2\/pages\/11548\/revisions\/11550"}],"wp:attachment":[{"href":"https:\/\/mdvisitclinic.com\/fr\/wp-json\/wp\/v2\/media?parent=11548"}],"curies":[{"name":"wp","href":"https:\/\/api.w.org\/{rel}","templated":true}]}}