{"id":14229,"date":"2024-06-27T04:26:10","date_gmt":"2024-06-27T04:26:10","guid":{"rendered":"https:\/\/f55.01f.myftpupload.com\/cancer-traitement-deuxieme-opinion\/cancer-du-poumon\/"},"modified":"2024-07-01T20:33:49","modified_gmt":"2024-07-01T20:33:49","slug":"cancer-du-poumon","status":"publish","type":"page","link":"https:\/\/mdvisitclinic.com\/fr\/cancer-traitement-deuxieme-opinion\/cancer-du-poumon\/","title":{"rendered":"Cancer du poumon"},"content":{"rendered":"\t\t<div data-elementor-type=\"wp-page\" data-elementor-id=\"14229\" class=\"elementor elementor-14229 elementor-13199\" data-elementor-post-type=\"page\">\n\t\t\t\t<div class=\"elementor-element elementor-element-2462ee59 e-flex e-con-boxed e-con e-parent\" data-id=\"2462ee59\" data-element_type=\"container\" data-e-type=\"container\" data-settings=\"{&quot;background_background&quot;:&quot;classic&quot;,&quot;jet_parallax_layout_list&quot;:[]}\">\n\t\t\t\t\t<div class=\"e-con-inner\">\n\t\t<div class=\"elementor-element elementor-element-a9a74f3 e-con-full e-flex e-con e-child\" data-id=\"a9a74f3\" data-element_type=\"container\" data-e-type=\"container\" data-settings=\"{&quot;jet_parallax_layout_list&quot;:[]}\">\n\t\t\t\t<div class=\"elementor-element elementor-element-4a8199dc elementor-widget elementor-widget-heading\" data-id=\"4a8199dc\" data-element_type=\"widget\" data-e-type=\"widget\" data-widget_type=\"heading.default\">\n\t\t\t\t<div class=\"elementor-widget-container\">\n\t\t\t\t\t<h2 class=\"elementor-heading-title elementor-size-default\">Cancer du poumon  <\/h2>\t\t\t\t<\/div>\n\t\t\t\t<\/div>\n\t\t\t\t<\/div>\n\t\t\t\t\t<\/div>\n\t\t\t\t<\/div>\n\t\t<div class=\"elementor-element elementor-element-4e4c5de3 e-flex e-con-boxed e-con e-parent\" data-id=\"4e4c5de3\" data-element_type=\"container\" data-e-type=\"container\" data-settings=\"{&quot;jet_parallax_layout_list&quot;:[]}\">\n\t\t\t\t\t<div class=\"e-con-inner\">\n\t\t<div class=\"elementor-element elementor-element-66265e6e e-con-full e-flex e-con e-child\" data-id=\"66265e6e\" data-element_type=\"container\" data-e-type=\"container\" data-settings=\"{&quot;jet_parallax_layout_list&quot;:[]}\">\n\t\t\t\t<div class=\"elementor-element elementor-element-4d91e638 elementor-widget elementor-widget-heading\" data-id=\"4d91e638\" data-element_type=\"widget\" data-e-type=\"widget\" data-widget_type=\"heading.default\">\n\t\t\t\t<div class=\"elementor-widget-container\">\n\t\t\t\t\t<h2 class=\"elementor-heading-title elementor-size-default\">Explication du traitement du cancer du poumon, y compris les activit\u00e9s pr\u00e9-chirurgicales et post-op\u00e9ratoires  <\/h2>\t\t\t\t<\/div>\n\t\t\t\t<\/div>\n\t\t\t\t<div class=\"elementor-element elementor-element-9e58d05 elementor-widget elementor-widget-text-editor\" data-id=\"9e58d05\" data-element_type=\"widget\" data-e-type=\"widget\" data-widget_type=\"text-editor.default\">\n\t\t\t\t<div class=\"elementor-widget-container\">\n\t\t\t\t\t\t\t\t\t<p>L\u2019oncologue d\u00e9sign\u00e9 et son infirmi\u00e8re vous rencontreront par vid\u00e9o pour examiner les r\u00e9sultats de votre deuxi\u00e8me opinion. Il r\u00e9pondra \u00e0 vos questions. Si un traitement est n\u00e9cessaire et que vous envisagez un traitement aux \u00c9tats-Unis, assurez-vous de le lui faire savoir.<\/p>\n<p>Lisez ci-dessous pour acqu\u00e9rir une compr\u00e9hension d\u00e9taill\u00e9e du processus de traitement.<\/p>\n\t\t\t\t\t\t\t\t<\/div>\n\t\t\t\t<\/div>\n\t\t\t\t<div class=\"elementor-element elementor-element-12313d47 elementor-widget elementor-widget-text-editor\" data-id=\"12313d47\" data-element_type=\"widget\" data-e-type=\"widget\" data-widget_type=\"text-editor.default\">\n\t\t\t\t<div class=\"elementor-widget-container\">\n\t\t\t\t\t\t\t\t\t<p>R\u00e9sum\u00e9<\/p>\n<p>Le traitement du cancer du poumon varie selon le type (cancer du poumon non \u00e0 petites cellules ou cancer [NSCLC] [SCLC]du poumon \u00e0 petites cellules), le stade et l\u2019\u00e9tat de sant\u00e9 global du patient. Les traitements peuvent comprendre la chirurgie, la radioth\u00e9rapie, la chimioth\u00e9rapie, le traitement cibl\u00e9 et l\u2019immunoth\u00e9rapie.<\/p>\n<p><strong>Types de cancer du poumon<\/strong><\/p>\n<ul>\n<li><strong>Cancer du poumon non \u00e0 petites cellules (CPNPC) :<\/strong> Le type le plus commun, comprenant environ 85% des cas.<\/li>\n<li><strong>Cancer du poumon \u00e0 petites cellules (SCLC) :<\/strong> Un cancer plus agressif et \u00e0 croissance rapide.<\/li>\n<\/ul>\n<p><strong>Activit\u00e9s pr\u00e9-chirurgicales<\/strong><\/p>\n<ol>\n<li><strong>  Diagnostic et stadification<\/strong><\/li>\n<\/ol>\n<ul>\n<li><strong>Examens d\u2019imagerie :<\/strong> Radiographie pulmonaire, tomodensitom\u00e9trie, TEP et IRM pour d\u00e9terminer l\u2019\u00e9tendue de la maladie.<\/li>\n<li><strong>Biopsie :<\/strong> Pour confirmer le diagnostic et le type de cancer du poumon. Ceci peut impliquer bronchoscopy, biopsie d\u2019aiguille, ou biopsie chirurgicale.<\/li>\n<li><strong>Tests de la fonction pulmonaire&nbsp;:<\/strong> \u00c9valuer la fonction pulmonaire et d\u00e9terminer si le patient peut tol\u00e9rer la chirurgie.<\/li>\n<\/ul>\n<ol start=\"2\">\n<li><strong>  Pr\u00e9parations pr\u00e9op\u00e9ratoires<\/strong><\/li>\n<\/ol>\n<ul>\n<li><strong>Ant\u00e9c\u00e9dents m\u00e9dicaux et examen physique :<\/strong> \u00c9valuation compl\u00e8te pour s\u2019assurer que le patient est apte \u00e0 la chirurgie.<\/li>\n<li><strong>\u00c9valuation cardiaque :<\/strong> Parfois n\u00e9cessaire pour s\u2019assurer que le c\u0153ur est assez fort pour la chirurgie.<\/li>\n<li><strong>Analyses sanguines et autres diagnostics :<\/strong> Pour v\u00e9rifier l\u2019\u00e9tat de sant\u00e9 g\u00e9n\u00e9ral et s\u2019assurer qu\u2019il n\u2019y a pas de probl\u00e8mes sous-jacents.<\/li>\n<li><strong>Consultations :<\/strong> Rencontres avec l\u2019\u00e9quipe chirurgicale, l\u2019anesth\u00e9siologiste et peut-\u00eatre un pneumologue et un oncologue.<\/li>\n<li><strong>Instructions pr\u00e9op\u00e9ratoires&nbsp;:<\/strong> Instructions sur le je\u00fbne, les m\u00e9dicaments et les pr\u00e9paratifs personnels pour la journ\u00e9e de chirurgie.<\/li>\n<\/ul>\n<p><strong>Traitement chirurgical<\/strong><\/p>\n<ol>\n<li><strong>  Types de chirurgie<\/strong><\/li>\n<\/ol>\n<ul>\n<li><strong>Lobectomie&nbsp;:<\/strong> L\u2019ablation d\u2019un lobe entier du poumon, la chirurgie la plus courante pour le CPNPC.<\/li>\n<li><strong>Pneumonectomie :<\/strong> L\u2019ablation d\u2019un poumon entier, habituellement n\u00e9cessaire si le cancer est central ou de grande taille.<\/li>\n<li><strong>Segmentectomie ou r\u00e9section de coin :<\/strong> Enl\u00e8vement d\u2019une partie d\u2019un lobe, utilis\u00e9 pour les tumeurs plus petites et localis\u00e9es.<\/li>\n<li><strong>R\u00e9section de la manche&nbsp;:<\/strong> Retrait d\u2019une section de la bronche, suivi d\u2019un rattachement des sections restantes.<\/li>\n<\/ul>\n<ol start=\"2\">\n<li><strong>  Anesth\u00e9sie<\/strong><\/li>\n<\/ol>\n<ul>\n<li><strong>Anesth\u00e9sie g\u00e9n\u00e9rale&nbsp;:<\/strong> Le patient est endormi et reste inconscient tout au long de la proc\u00e9dure.<\/li>\n<\/ul>\n<ol start=\"3\">\n<li><strong>  Intervention chirurgicale<\/strong><\/li>\n<\/ol>\n<ul>\n<li><strong>Incision&nbsp;:<\/strong> Une thoracotomie (grande incision dans la poitrine) ou des techniques mini-invasives comme la chirurgie thoracoscopique vid\u00e9o-assist\u00e9e (VATS).<\/li>\n<li><strong>Ablation de tumeurs&nbsp;:<\/strong> Le chirurgien enl\u00e8ve la tumeur avec certains tissus sains environnants pour assurer des marges claires.<\/li>\n<li><strong>Curage ganglionnaire :<\/strong> Ablation des ganglions lymphatiques voisins pour v\u00e9rifier la propagation du cancer.<\/li>\n<li><strong>Fermeture :<\/strong> L\u2019incision est ferm\u00e9e avec des sutures ou des agrafes, et un tube thoracique peut \u00eatre plac\u00e9 pour drainer le liquide et l\u2019air.<\/li>\n<\/ul>\n<p><strong>Activit\u00e9s post-chirurgicales<\/strong><\/p>\n<ol>\n<li><strong>  Soins postop\u00e9ratoires imm\u00e9diats<\/strong><\/li>\n<\/ol>\n<ul>\n<li><strong>Salle de r\u00e9veil :<\/strong> Surveillance \u00e9troite des signes vitaux, des niveaux d\u2019oxyg\u00e8ne, et de la gestion de la douleur.<\/li>\n<li><strong>Gestion de la douleur :<\/strong> Des m\u00e9dicaments pour contr\u00f4ler la douleur et assurer le confort.<\/li>\n<li><strong>Gestion du tube thoracique :<\/strong> Assurer le bon fonctionnement des tubes thoraciques et surveiller les complications.<\/li>\n<li><strong>Pr\u00e9vention des complications :<\/strong> Mesures pour \u00e9viter la pneumonie, les caillots sanguins et d\u2019autres probl\u00e8mes postop\u00e9ratoires.<\/li>\n<\/ul>\n<ol start=\"2\">\n<li><strong>  S\u00e9jour \u00e0 l\u2019h\u00f4pital<\/strong><\/li>\n<\/ol>\n<ul>\n<li><strong>Suivi et \u00e9valuation :<\/strong> Contr\u00f4les r\u00e9guliers de la fonction pulmonaire, de la cicatrisation des plaies et de la r\u00e9cup\u00e9ration globale.<\/li>\n<li><strong>Physioth\u00e9rapie&nbsp;:<\/strong> Exercices de respiration et de mobilisation pour pr\u00e9venir les complications et am\u00e9liorer la fonction pulmonaire.<\/li>\n<\/ul>\n<ol start=\"3\">\n<li><strong>  Planification des cong\u00e9s<\/strong><\/li>\n<\/ol>\n<ul>\n<li><strong>Mode d\u2019emploi :<\/strong> Des conseils d\u00e9taill\u00e9s sur les soins des plaies, les m\u00e9dicaments, les restrictions d\u2019activit\u00e9 et les rendez-vous de suivi.<\/li>\n<li><strong>Syst\u00e8mes de soutien :<\/strong> Organiser des soins \u00e0 domicile, une th\u00e9rapie ambulatoire et un soutien si n\u00e9cessaire.<\/li>\n<\/ul>\n<ol start=\"4\">\n<li><strong>  R\u00e9tablissement \u00e0 long terme<\/strong><\/li>\n<\/ol>\n<ul>\n<li><strong>Visites de suivi :<\/strong> Rendez-vous r\u00e9guliers avec le chirurgien et l\u2019oncologue pour surveiller la r\u00e9currence et g\u00e9rer tout probl\u00e8me en cours.<\/li>\n<li><strong>R\u00e9adaptation :<\/strong> Th\u00e9rapie physique continue pour reprendre des forces et am\u00e9liorer la capacit\u00e9 pulmonaire.<\/li>\n<li><strong>Surveillance :<\/strong> Surveiller les signes d\u2019infection, de r\u00e9cidive ou d\u2019autres complications.<\/li>\n<li><strong>Ajustements de style de vie&nbsp;:<\/strong> Adopter un mode de vie sain, y compris l\u2019abandon du tabac, le maintien d\u2019un poids sant\u00e9 et la gestion du stress.<\/li>\n<\/ul>\n<p><strong>Traitements suppl\u00e9mentaires pour le cancer du poumon<\/strong><\/p>\n<p>Selon le stade et le type de cancer du poumon, on peut avoir besoin de traitements suppl\u00e9mentaires :<\/p>\n<ol>\n<li><strong>  Radioth\u00e9rapie<\/strong><\/li>\n<\/ol>\n<ul>\n<li><strong>Radioth\u00e9rapie externe (EBRT) :<\/strong> Diriger des faisceaux de haute \u00e9nergie sur le cancer.<\/li>\n<li><strong>Radioth\u00e9rapie st\u00e9r\u00e9otaxique du corps (SBRT) :<\/strong> Une forme pr\u00e9cise de rayonnement \u00e0 forte dose.<\/li>\n<\/ul>\n<ol start=\"2\">\n<li><strong>  Chimioth\u00e9rapie<\/strong><\/li>\n<\/ol>\n<ul>\n<li><strong>Chimioth\u00e9rapie n\u00e9oadjuvante :<\/strong> Donn\u00e9 avant la chirurgie pour r\u00e9duire la tumeur.<\/li>\n<li><strong>Chimioth\u00e9rapie adjuvante :<\/strong> Administr\u00e9 apr\u00e8s la chirurgie pour tuer les cellules canc\u00e9reuses restantes.<\/li>\n<li><strong>Chimioth\u00e9rapie syst\u00e9mique :<\/strong> Utilis\u00e9 pour les stades avanc\u00e9s ou SCLC.<\/li>\n<\/ul>\n<ol start=\"3\">\n<li><strong>  Traitement cibl\u00e9<\/strong><\/li>\n<\/ol>\n<ul>\n<li>Les m\u00e9dicaments qui ciblent des mutations sp\u00e9cifiques dans les cellules canc\u00e9reuses, comme les inhibiteurs du R-EGF, les inhibiteurs de l\u2019ALK ou les inhibiteurs de ROS1.<\/li>\n<\/ul>\n<ol start=\"4\">\n<li><strong>  Immunoth\u00e9rapie<\/strong><\/li>\n<\/ol>\n<ul>\n<li><strong>Inhibiteurs du point de contr\u00f4le :<\/strong> Les m\u00e9dicaments qui aident le syst\u00e8me immunitaire \u00e0 reconna\u00eetre et \u00e0 attaquer les cellules canc\u00e9reuses, comme le pembrolizumab ou le nivolumab.<\/li>\n<\/ul>\n<p><strong>Conclusion<\/strong><\/p>\n<p>Le traitement du cancer du poumon comprend une combinaison de chirurgie, de chimioth\u00e9rapie, de radioth\u00e9rapie, de th\u00e9rapie cibl\u00e9e et d\u2019immunoth\u00e9rapie adapt\u00e9e au type et au stade du cancer. Les activit\u00e9s pr\u00e9-chirurgicales se concentrent sur le diagnostic, l\u2019\u00e9chafaudage et la pr\u00e9paration complets, tandis que les activit\u00e9s post-chirurgicales mettent l\u2019accent sur le r\u00e9tablissement, la surveillance et les soins de soutien pour assurer les meilleurs r\u00e9sultats possibles pour les patients. L\u2019approche multidisciplinaire impliquant des chirurgiens, des oncologues, des radiologistes, des pneumologues, et le personnel de soutien est cruciale pour des soins et le r\u00e9tablissement optimaux.<\/p>\n\t\t\t\t\t\t\t\t<\/div>\n\t\t\t\t<\/div>\n\t\t\t\t<\/div>\n\t\t<div class=\"elementor-element elementor-element-3ea1f485 e-con-full e-flex e-con e-child\" data-id=\"3ea1f485\" data-element_type=\"container\" data-e-type=\"container\" data-settings=\"{&quot;jet_parallax_layout_list&quot;:[]}\">\n\t\t\t\t<div class=\"elementor-element elementor-element-50bfbb77 elementor-widget elementor-widget-image\" data-id=\"50bfbb77\" data-element_type=\"widget\" data-e-type=\"widget\" data-widget_type=\"image.default\">\n\t\t\t\t<div class=\"elementor-widget-container\">\n\t\t\t\t\t\t\t\t\t\t\t\t\t\t\t<img fetchpriority=\"high\" decoding=\"async\" width=\"600\" height=\"450\" src=\"https:\/\/mdvisitclinic.com\/wp-content\/uploads\/2024\/06\/Lung-Cancer.jpg\" class=\"attachment-full size-full wp-image-10530\" alt=\"\" srcset=\"https:\/\/mdvisitclinic.com\/wp-content\/uploads\/2024\/06\/Lung-Cancer.jpg 600w, https:\/\/mdvisitclinic.com\/wp-content\/uploads\/2024\/06\/Lung-Cancer-300x225.jpg 300w\" sizes=\"(max-width: 600px) 100vw, 600px\" \/>\t\t\t\t\t\t\t\t\t\t\t\t\t\t\t<\/div>\n\t\t\t\t<\/div>\n\t\t\t\t<\/div>\n\t\t\t\t\t<\/div>\n\t\t\t\t<\/div>\n\t\t\t\t<\/div>\n\t\t","protected":false},"excerpt":{"rendered":"<p>Cancer du poumon Explication du traitement du cancer du poumon, y compris les activit\u00e9s pr\u00e9-chirurgicales et post-op\u00e9ratoires L\u2019oncologue d\u00e9sign\u00e9 et son infirmi\u00e8re vous rencontreront par vid\u00e9o pour examiner les r\u00e9sultats de votre deuxi\u00e8me opinion. Il r\u00e9pondra \u00e0 vos questions. Si un traitement est n\u00e9cessaire et que vous envisagez un traitement aux \u00c9tats-Unis, assurez-vous de le [&hellip;]<\/p>\n","protected":false},"author":8,"featured_media":0,"parent":11650,"menu_order":0,"comment_status":"closed","ping_status":"closed","template":"elementor_header_footer","meta":{"_acf_changed":false,"_coblocks_attr":"","_coblocks_dimensions":"","_coblocks_responsive_height":"","_coblocks_accordion_ie_support":"","hide_page_title":"","footnotes":""},"class_list":["post-14229","page","type-page","status-publish","hentry"],"acf":[],"yoast_head":"<!-- This site is optimized with the Yoast SEO plugin v27.3 - https:\/\/yoast.com\/product\/yoast-seo-wordpress\/ -->\n<title>Cancer du poumon - MDVISIT CLINIC<\/title>\n<meta name=\"robots\" content=\"noindex, follow, max-snippet:-1, max-image-preview:large, max-video-preview:-1\" \/>\n<meta property=\"og:locale\" content=\"fr_FR\" \/>\n<meta property=\"og:type\" content=\"article\" \/>\n<meta property=\"og:title\" content=\"Cancer du poumon - MDVISIT CLINIC\" \/>\n<meta property=\"og:description\" content=\"Cancer du poumon Explication du traitement du cancer du poumon, y compris les activit\u00e9s pr\u00e9-chirurgicales et post-op\u00e9ratoires L\u2019oncologue d\u00e9sign\u00e9 et son infirmi\u00e8re vous rencontreront par vid\u00e9o pour examiner les r\u00e9sultats de votre deuxi\u00e8me opinion. Il r\u00e9pondra \u00e0 vos questions. Si un traitement est n\u00e9cessaire et que vous envisagez un traitement aux \u00c9tats-Unis, assurez-vous de le [&hellip;]\" \/>\n<meta property=\"og:url\" content=\"https:\/\/mdvisitclinic.com\/fr\/cancer-traitement-deuxieme-opinion\/cancer-du-poumon\/\" \/>\n<meta property=\"og:site_name\" content=\"MDVISIT CLINIC\" \/>\n<meta property=\"article:modified_time\" content=\"2024-07-01T20:33:49+00:00\" \/>\n<meta property=\"og:image\" content=\"https:\/\/f55.01f.myftpupload.com\/wp-content\/uploads\/2024\/06\/Lung-Cancer.jpg\" \/>\n<meta name=\"twitter:card\" content=\"summary_large_image\" \/>\n<meta name=\"twitter:label1\" content=\"Est. reading time\" \/>\n\t<meta name=\"twitter:data1\" content=\"5 minutes\" \/>\n<script type=\"application\/ld+json\" class=\"yoast-schema-graph\">{\"@context\":\"https:\\\/\\\/schema.org\",\"@graph\":[{\"@type\":\"WebPage\",\"@id\":\"https:\\\/\\\/mdvisitclinic.com\\\/fr\\\/cancer-traitement-deuxieme-opinion\\\/cancer-du-poumon\\\/\",\"url\":\"https:\\\/\\\/mdvisitclinic.com\\\/fr\\\/cancer-traitement-deuxieme-opinion\\\/cancer-du-poumon\\\/\",\"name\":\"Cancer du poumon - MDVISIT CLINIC\",\"isPartOf\":{\"@id\":\"https:\\\/\\\/mdvisitclinic.com\\\/fr\\\/#website\"},\"primaryImageOfPage\":{\"@id\":\"https:\\\/\\\/mdvisitclinic.com\\\/fr\\\/cancer-traitement-deuxieme-opinion\\\/cancer-du-poumon\\\/#primaryimage\"},\"image\":{\"@id\":\"https:\\\/\\\/mdvisitclinic.com\\\/fr\\\/cancer-traitement-deuxieme-opinion\\\/cancer-du-poumon\\\/#primaryimage\"},\"thumbnailUrl\":\"https:\\\/\\\/f55.01f.myftpupload.com\\\/wp-content\\\/uploads\\\/2024\\\/06\\\/Lung-Cancer.jpg\",\"datePublished\":\"2024-06-27T04:26:10+00:00\",\"dateModified\":\"2024-07-01T20:33:49+00:00\",\"breadcrumb\":{\"@id\":\"https:\\\/\\\/mdvisitclinic.com\\\/fr\\\/cancer-traitement-deuxieme-opinion\\\/cancer-du-poumon\\\/#breadcrumb\"},\"inLanguage\":\"fr\",\"potentialAction\":[{\"@type\":\"ReadAction\",\"target\":[\"https:\\\/\\\/mdvisitclinic.com\\\/fr\\\/cancer-traitement-deuxieme-opinion\\\/cancer-du-poumon\\\/\"]}]},{\"@type\":\"ImageObject\",\"inLanguage\":\"fr\",\"@id\":\"https:\\\/\\\/mdvisitclinic.com\\\/fr\\\/cancer-traitement-deuxieme-opinion\\\/cancer-du-poumon\\\/#primaryimage\",\"url\":\"https:\\\/\\\/f55.01f.myftpupload.com\\\/wp-content\\\/uploads\\\/2024\\\/06\\\/Lung-Cancer.jpg\",\"contentUrl\":\"https:\\\/\\\/f55.01f.myftpupload.com\\\/wp-content\\\/uploads\\\/2024\\\/06\\\/Lung-Cancer.jpg\"},{\"@type\":\"BreadcrumbList\",\"@id\":\"https:\\\/\\\/mdvisitclinic.com\\\/fr\\\/cancer-traitement-deuxieme-opinion\\\/cancer-du-poumon\\\/#breadcrumb\",\"itemListElement\":[{\"@type\":\"ListItem\",\"position\":1,\"name\":\"Home\",\"item\":\"https:\\\/\\\/mdvisitclinic.com\\\/fr\\\/\"},{\"@type\":\"ListItem\",\"position\":2,\"name\":\"Deuxi\u00e8me opinion sur le traitement du cancer\",\"item\":\"https:\\\/\\\/mdvisitclinic.com\\\/fr\\\/cancer-traitement-deuxieme-opinion\\\/\"},{\"@type\":\"ListItem\",\"position\":3,\"name\":\"Cancer du poumon\"}]},{\"@type\":\"WebSite\",\"@id\":\"https:\\\/\\\/mdvisitclinic.com\\\/fr\\\/#website\",\"url\":\"https:\\\/\\\/mdvisitclinic.com\\\/fr\\\/\",\"name\":\"MDVISIT CLINIC\",\"description\":\"\",\"publisher\":{\"@id\":\"https:\\\/\\\/mdvisitclinic.com\\\/fr\\\/#organization\"},\"potentialAction\":[{\"@type\":\"SearchAction\",\"target\":{\"@type\":\"EntryPoint\",\"urlTemplate\":\"https:\\\/\\\/mdvisitclinic.com\\\/fr\\\/?s={search_term_string}\"},\"query-input\":{\"@type\":\"PropertyValueSpecification\",\"valueRequired\":true,\"valueName\":\"search_term_string\"}}],\"inLanguage\":\"fr\"},{\"@type\":\"Organization\",\"@id\":\"https:\\\/\\\/mdvisitclinic.com\\\/fr\\\/#organization\",\"name\":\"MDVISIT CLINIC\",\"url\":\"https:\\\/\\\/mdvisitclinic.com\\\/fr\\\/\",\"logo\":{\"@type\":\"ImageObject\",\"inLanguage\":\"fr\",\"@id\":\"https:\\\/\\\/mdvisitclinic.com\\\/fr\\\/#\\\/schema\\\/logo\\\/image\\\/\",\"url\":\"https:\\\/\\\/mdvisitclinic.com\\\/wp-content\\\/uploads\\\/2024\\\/03\\\/logo.png\",\"contentUrl\":\"https:\\\/\\\/mdvisitclinic.com\\\/wp-content\\\/uploads\\\/2024\\\/03\\\/logo.png\",\"width\":768,\"height\":118,\"caption\":\"MDVISIT CLINIC\"},\"image\":{\"@id\":\"https:\\\/\\\/mdvisitclinic.com\\\/fr\\\/#\\\/schema\\\/logo\\\/image\\\/\"}}]}<\/script>\n<!-- \/ Yoast SEO plugin. -->","yoast_head_json":{"title":"Cancer du poumon - MDVISIT CLINIC","robots":{"index":"noindex","follow":"follow","max-snippet":"max-snippet:-1","max-image-preview":"max-image-preview:large","max-video-preview":"max-video-preview:-1"},"og_locale":"fr_FR","og_type":"article","og_title":"Cancer du poumon - MDVISIT CLINIC","og_description":"Cancer du poumon Explication du traitement du cancer du poumon, y compris les activit\u00e9s pr\u00e9-chirurgicales et post-op\u00e9ratoires L\u2019oncologue d\u00e9sign\u00e9 et son infirmi\u00e8re vous rencontreront par vid\u00e9o pour examiner les r\u00e9sultats de votre deuxi\u00e8me opinion. Il r\u00e9pondra \u00e0 vos questions. Si un traitement est n\u00e9cessaire et que vous envisagez un traitement aux \u00c9tats-Unis, assurez-vous de le [&hellip;]","og_url":"https:\/\/mdvisitclinic.com\/fr\/cancer-traitement-deuxieme-opinion\/cancer-du-poumon\/","og_site_name":"MDVISIT CLINIC","article_modified_time":"2024-07-01T20:33:49+00:00","og_image":[{"url":"https:\/\/f55.01f.myftpupload.com\/wp-content\/uploads\/2024\/06\/Lung-Cancer.jpg","type":"","width":"","height":""}],"twitter_card":"summary_large_image","twitter_misc":{"Est. reading time":"5 minutes"},"schema":{"@context":"https:\/\/schema.org","@graph":[{"@type":"WebPage","@id":"https:\/\/mdvisitclinic.com\/fr\/cancer-traitement-deuxieme-opinion\/cancer-du-poumon\/","url":"https:\/\/mdvisitclinic.com\/fr\/cancer-traitement-deuxieme-opinion\/cancer-du-poumon\/","name":"Cancer du poumon - MDVISIT CLINIC","isPartOf":{"@id":"https:\/\/mdvisitclinic.com\/fr\/#website"},"primaryImageOfPage":{"@id":"https:\/\/mdvisitclinic.com\/fr\/cancer-traitement-deuxieme-opinion\/cancer-du-poumon\/#primaryimage"},"image":{"@id":"https:\/\/mdvisitclinic.com\/fr\/cancer-traitement-deuxieme-opinion\/cancer-du-poumon\/#primaryimage"},"thumbnailUrl":"https:\/\/f55.01f.myftpupload.com\/wp-content\/uploads\/2024\/06\/Lung-Cancer.jpg","datePublished":"2024-06-27T04:26:10+00:00","dateModified":"2024-07-01T20:33:49+00:00","breadcrumb":{"@id":"https:\/\/mdvisitclinic.com\/fr\/cancer-traitement-deuxieme-opinion\/cancer-du-poumon\/#breadcrumb"},"inLanguage":"fr","potentialAction":[{"@type":"ReadAction","target":["https:\/\/mdvisitclinic.com\/fr\/cancer-traitement-deuxieme-opinion\/cancer-du-poumon\/"]}]},{"@type":"ImageObject","inLanguage":"fr","@id":"https:\/\/mdvisitclinic.com\/fr\/cancer-traitement-deuxieme-opinion\/cancer-du-poumon\/#primaryimage","url":"https:\/\/f55.01f.myftpupload.com\/wp-content\/uploads\/2024\/06\/Lung-Cancer.jpg","contentUrl":"https:\/\/f55.01f.myftpupload.com\/wp-content\/uploads\/2024\/06\/Lung-Cancer.jpg"},{"@type":"BreadcrumbList","@id":"https:\/\/mdvisitclinic.com\/fr\/cancer-traitement-deuxieme-opinion\/cancer-du-poumon\/#breadcrumb","itemListElement":[{"@type":"ListItem","position":1,"name":"Home","item":"https:\/\/mdvisitclinic.com\/fr\/"},{"@type":"ListItem","position":2,"name":"Deuxi\u00e8me opinion sur le traitement du cancer","item":"https:\/\/mdvisitclinic.com\/fr\/cancer-traitement-deuxieme-opinion\/"},{"@type":"ListItem","position":3,"name":"Cancer du poumon"}]},{"@type":"WebSite","@id":"https:\/\/mdvisitclinic.com\/fr\/#website","url":"https:\/\/mdvisitclinic.com\/fr\/","name":"MDVISIT CLINIC","description":"","publisher":{"@id":"https:\/\/mdvisitclinic.com\/fr\/#organization"},"potentialAction":[{"@type":"SearchAction","target":{"@type":"EntryPoint","urlTemplate":"https:\/\/mdvisitclinic.com\/fr\/?s={search_term_string}"},"query-input":{"@type":"PropertyValueSpecification","valueRequired":true,"valueName":"search_term_string"}}],"inLanguage":"fr"},{"@type":"Organization","@id":"https:\/\/mdvisitclinic.com\/fr\/#organization","name":"MDVISIT CLINIC","url":"https:\/\/mdvisitclinic.com\/fr\/","logo":{"@type":"ImageObject","inLanguage":"fr","@id":"https:\/\/mdvisitclinic.com\/fr\/#\/schema\/logo\/image\/","url":"https:\/\/mdvisitclinic.com\/wp-content\/uploads\/2024\/03\/logo.png","contentUrl":"https:\/\/mdvisitclinic.com\/wp-content\/uploads\/2024\/03\/logo.png","width":768,"height":118,"caption":"MDVISIT CLINIC"},"image":{"@id":"https:\/\/mdvisitclinic.com\/fr\/#\/schema\/logo\/image\/"}}]}},"_links":{"self":[{"href":"https:\/\/mdvisitclinic.com\/fr\/wp-json\/wp\/v2\/pages\/14229","targetHints":{"allow":["GET"]}}],"collection":[{"href":"https:\/\/mdvisitclinic.com\/fr\/wp-json\/wp\/v2\/pages"}],"about":[{"href":"https:\/\/mdvisitclinic.com\/fr\/wp-json\/wp\/v2\/types\/page"}],"author":[{"embeddable":true,"href":"https:\/\/mdvisitclinic.com\/fr\/wp-json\/wp\/v2\/users\/8"}],"replies":[{"embeddable":true,"href":"https:\/\/mdvisitclinic.com\/fr\/wp-json\/wp\/v2\/comments?post=14229"}],"version-history":[{"count":1,"href":"https:\/\/mdvisitclinic.com\/fr\/wp-json\/wp\/v2\/pages\/14229\/revisions"}],"predecessor-version":[{"id":14232,"href":"https:\/\/mdvisitclinic.com\/fr\/wp-json\/wp\/v2\/pages\/14229\/revisions\/14232"}],"up":[{"embeddable":true,"href":"https:\/\/mdvisitclinic.com\/fr\/wp-json\/wp\/v2\/pages\/11650"}],"wp:attachment":[{"href":"https:\/\/mdvisitclinic.com\/fr\/wp-json\/wp\/v2\/media?parent=14229"}],"curies":[{"name":"wp","href":"https:\/\/api.w.org\/{rel}","templated":true}]}}