{"id":14280,"date":"2024-06-27T04:45:29","date_gmt":"2024-06-27T04:45:29","guid":{"rendered":"https:\/\/f55.01f.myftpupload.com\/deuxieme-opinion-toutes-autres-conditions\/chirurgie-pediatrique\/"},"modified":"2024-07-01T20:34:05","modified_gmt":"2024-07-01T20:34:05","slug":"chirurgie-pediatrique","status":"publish","type":"page","link":"https:\/\/mdvisitclinic.com\/fr\/deuxieme-opinion-toutes-autres-conditions\/chirurgie-pediatrique\/","title":{"rendered":"Chirurgie p\u00e9diatrique"},"content":{"rendered":"\t\t<div data-elementor-type=\"wp-page\" data-elementor-id=\"14280\" class=\"elementor elementor-14280 elementor-13252\" data-elementor-post-type=\"page\">\n\t\t\t\t<div class=\"elementor-element elementor-element-75e97543 e-flex e-con-boxed e-con e-parent\" data-id=\"75e97543\" data-element_type=\"container\" data-e-type=\"container\" data-settings=\"{&quot;background_background&quot;:&quot;classic&quot;,&quot;jet_parallax_layout_list&quot;:[]}\">\n\t\t\t\t\t<div class=\"e-con-inner\">\n\t\t<div class=\"elementor-element elementor-element-3a18598f e-con-full e-flex e-con e-child\" data-id=\"3a18598f\" data-element_type=\"container\" data-e-type=\"container\" data-settings=\"{&quot;jet_parallax_layout_list&quot;:[]}\">\n\t\t\t\t<div class=\"elementor-element elementor-element-6add4dfd elementor-widget elementor-widget-heading\" data-id=\"6add4dfd\" data-element_type=\"widget\" data-e-type=\"widget\" data-widget_type=\"heading.default\">\n\t\t\t\t<div class=\"elementor-widget-container\">\n\t\t\t\t\t<h2 class=\"elementor-heading-title elementor-size-default\">Chirurgie p\u00e9diatrique  <\/h2>\t\t\t\t<\/div>\n\t\t\t\t<\/div>\n\t\t\t\t<\/div>\n\t\t\t\t\t<\/div>\n\t\t\t\t<\/div>\n\t\t<div class=\"elementor-element elementor-element-3eb5a64a e-flex e-con-boxed e-con e-parent\" data-id=\"3eb5a64a\" data-element_type=\"container\" data-e-type=\"container\" data-settings=\"{&quot;jet_parallax_layout_list&quot;:[]}\">\n\t\t\t\t\t<div class=\"e-con-inner\">\n\t\t<div class=\"elementor-element elementor-element-597ab93b e-con-full e-flex e-con e-child\" data-id=\"597ab93b\" data-element_type=\"container\" data-e-type=\"container\" data-settings=\"{&quot;jet_parallax_layout_list&quot;:[]}\">\n\t\t\t\t<div class=\"elementor-element elementor-element-932e9d3 elementor-widget elementor-widget-heading\" data-id=\"932e9d3\" data-element_type=\"widget\" data-e-type=\"widget\" data-widget_type=\"heading.default\">\n\t\t\t\t<div class=\"elementor-widget-container\">\n\t\t\t\t\t<h2 class=\"elementor-heading-title elementor-size-default\">La chirurgie p\u00e9diatrique expliqu\u00e9e, y compris les activit\u00e9s pr\u00e9-chirurgicales et post-chirurgicales  <\/h2>\t\t\t\t<\/div>\n\t\t\t\t<\/div>\n\t\t\t\t<div class=\"elementor-element elementor-element-5d1a6fb7 elementor-widget elementor-widget-text-editor\" data-id=\"5d1a6fb7\" data-element_type=\"widget\" data-e-type=\"widget\" data-widget_type=\"text-editor.default\">\n\t\t\t\t<div class=\"elementor-widget-container\">\n\t\t\t\t\t\t\t\t\t<p>Votre sugeon p\u00e9diatrique assign\u00e9 et son infirmi\u00e8re vous rencontreront par vid\u00e9o pour examiner les r\u00e9sultats de votre deuxi\u00e8me opinion. Il r\u00e9pondra \u00e0 vos questions. Si la chirurgie est n\u00e9cessaire, et vous envisagez la chirurgie aux \u00c9tats-Unis, assurez-vous de lui faire savoir.<\/p>\n<p>Lisez ci-dessous pour acqu\u00e9rir une compr\u00e9hension d\u00e9taill\u00e9e du processus de chirurgie.<\/p>\n\t\t\t\t\t\t\t\t<\/div>\n\t\t\t\t<\/div>\n\t\t\t\t<div class=\"elementor-element elementor-element-6fd92df2 elementor-widget elementor-widget-text-editor\" data-id=\"6fd92df2\" data-element_type=\"widget\" data-e-type=\"widget\" data-widget_type=\"text-editor.default\">\n\t\t\t\t<div class=\"elementor-widget-container\">\n\t\t\t\t\t\t\t\t\t<p>R\u00e9sum\u00e9<\/p>\n<p>La chirurgie p\u00e9diatrique implique des proc\u00e9dures chirurgicales ex\u00e9cut\u00e9es sur les enfants en bas \u00e2ge, les enfants, et les adolescents pour traiter de diverses conditions s\u2019\u00e9tendant des anomalies cong\u00e9nitales aux maladies acquises. Ces chirurgies sont effectu\u00e9es par des chirurgiens p\u00e9diatriques sp\u00e9cialis\u00e9s qui sont form\u00e9s pour r\u00e9pondre aux besoins m\u00e9dicaux uniques des enfants.<\/p>\n<p><strong>Types de chirurgies p\u00e9diatriques<\/strong><\/p>\n<ol>\n<li><strong>Anomalies cong\u00e9nitales<\/strong> :\n<ul>\n<li><strong>Malformations CardiaqueS Cong\u00e9nitaleS<\/strong>&nbsp;: R\u00e9paration des probl\u00e8mes cardiaques structurels pr\u00e9sents d\u00e8s la naissance.<\/li>\n<li><strong>Fente labiale et palatine R\u00e9paration<\/strong>&nbsp;: Correction des fentes dans la l\u00e8vre et \/ ou le palais.<\/li>\n<li><strong>Atr\u00e9sie oesophagienne et Tracheoesophageal Fistula Repair<\/strong>&nbsp;: Chirurgie pour corriger les connexions anormales entre l\u2019\u0153sophage et la trach\u00e9e.<\/li>\n<\/ul>\n<\/li>\n<li><strong>Chirurgies abdominales et du tube digestif<\/strong>&nbsp;:\n<ul>\n<li><strong>Appendicectomie<\/strong>&nbsp;: Retrait de l\u2019appendice, g\u00e9n\u00e9ralement due \u00e0 une appendicite.<\/li>\n<li><strong>Chirurgie de la maladie de Hirschsprung<\/strong>&nbsp;: Enl\u00e8vement de la partie affect\u00e9e du c\u00f4lon pour traiter l\u2019occlusion intestinale.<\/li>\n<li><strong>Pyloromyotomie<\/strong>&nbsp;: Chirurgie pour corriger la st\u00e9nose pylorique, une condition qui affecte l\u2019alimentation chez les nourrissons.<\/li>\n<\/ul>\n<\/li>\n<li><strong>Chirurgies orthop\u00e9diques<\/strong>&nbsp;:\n<ul>\n<li><strong>R\u00e9paration de pied bot<\/strong> : Correction de d\u00e9faut de forme de pied bot.<\/li>\n<li><strong>Chirurgie scoliose<\/strong>&nbsp;: Fusion spinale pour corriger la courbure de la colonne vert\u00e9brale.<\/li>\n<\/ul>\n<\/li>\n<li><strong>Chirurgies oncologiques<\/strong>&nbsp;:\n<ul>\n<li><strong>R\u00e9section Tumorale<\/strong>&nbsp;: Enl\u00e8vement de tumeurs b\u00e9nignes ou malignes.<\/li>\n<li><strong>Biopsie des ganglions lymphatiques<\/strong> : Examen des ganglions lymphatiques pour diagnostiquer ou traiter le cancer.<\/li>\n<\/ul>\n<\/li>\n<li><strong>Chirurgies urologiques<\/strong>&nbsp;:\n<ul>\n<li><strong>Hypospadias R\u00e9paration<\/strong>&nbsp;: Correction du positionnement anormal de l\u2019ouverture ur\u00e9trale.<\/li>\n<li><strong>Chirurgie des testicules non descendus (Orchiopexy)<\/strong>&nbsp;: D\u00e9placement d\u2019un testicule non descendu dans le scrotum.<\/li>\n<\/ul>\n<\/li>\n<\/ol>\n<p><strong>Activit\u00e9s pr\u00e9-chirurgicales<\/strong><\/p>\n<ol>\n<li><strong>\u00c9valuation m\u00e9dicale<\/strong> :\n<ul>\n<li><strong>Consultation avec un chirurgien p\u00e9diatrique<\/strong> : Discussion d\u00e9taill\u00e9e sur la proc\u00e9dure, les risques et les avantages.<\/li>\n<li><strong>Tests pr\u00e9op\u00e9ratoires<\/strong> : Tests sanguins, \u00e9tudes d\u2019imagerie (p. ex., \u00e9chographie, rayons X) et toute autre \u00e9valuation n\u00e9cessaire.<\/li>\n<\/ul>\n<\/li>\n<li><strong>Pr\u00e9paration de la famille et de l\u2019enfant<\/strong> :\n<ul>\n<li><strong>Expliquer la proc\u00e9dure<\/strong>&nbsp;: Explication adapt\u00e9e \u00e0 l\u2019\u00e2ge de la chirurgie \u00e0 l\u2019enfant pour r\u00e9duire l\u2019anxi\u00e9t\u00e9.<\/li>\n<li><strong>Visite pr\u00e9op\u00e9ratoire<\/strong> : Visiter l\u2019h\u00f4pital et rencontrer l\u2019\u00e9quipe chirurgicale pour familiariser l\u2019enfant avec l\u2019environnement.<\/li>\n<\/ul>\n<\/li>\n<li><strong>M\u00e9dicaments<\/strong>&nbsp;:\n<ul>\n<li><strong>Examen des m\u00e9dicaments<\/strong>&nbsp;: Discuter des m\u00e9dicaments actuels avec le m\u00e9decin pour \u00e9viter les complications.<\/li>\n<li><strong>Ajustements de m\u00e9dicaments pr\u00e9op\u00e9ratoires<\/strong>&nbsp;: Arr\u00eat de certains m\u00e9dicaments comme les anticoagulants.<\/li>\n<\/ul>\n<\/li>\n<li><strong>Ajustements de style de vie<\/strong>&nbsp;:\n<ul>\n<li><strong>Restrictions alimentaires<\/strong>&nbsp;: Je\u00fbne pendant une p\u00e9riode sp\u00e9cifi\u00e9e avant la chirurgie.<\/li>\n<li><strong>Gestion des maladies chroniques<\/strong> : Assurer un contr\u00f4le optimal de tout probl\u00e8me de sant\u00e9 existant (p. ex. asthme, diab\u00e8te).<\/li>\n<\/ul>\n<\/li>\n<li><strong>Pr\u00e9parations \u00e0 l\u2019h\u00f4pital<\/strong> :\n<ul>\n<li><strong>Admission \u00e0 l\u2019h\u00f4pital<\/strong> : Comprendre le processus d\u2019admission et apporter les documents et les articles personnels n\u00e9cessaires.<\/li>\n<li><strong>Consentement \u00e9clair\u00e9<\/strong> : Les parents ou les tuteurs signent des formulaires de consentement reconnaissant la compr\u00e9hension de la proc\u00e9dure.<\/li>\n<\/ul>\n<\/li>\n<\/ol>\n<p><strong>Activit\u00e9s post-chirurgicales<\/strong><\/p>\n<ol>\n<li><strong>Soins postop\u00e9ratoires imm\u00e9diats<\/strong> :\n<ul>\n<li><strong>Salle de r\u00e9veil<\/strong> : Surveillance dans la salle de r\u00e9veil imm\u00e9diatement apr\u00e8s la chirurgie.<\/li>\n<li><strong>Gestion de la douleur<\/strong>&nbsp;: Administration de m\u00e9dicaments de soulagement de la douleur.<\/li>\n<li><strong>Gestion des fluides et de la nutrition<\/strong>&nbsp;: R\u00e9introduction progressive des fluides et des aliments, commen\u00e7ant souvent par des liquides clairs.<\/li>\n<\/ul>\n<\/li>\n<li><strong>S\u00e9jour \u00e0 l\u2019h\u00f4pital<\/strong> :\n<ul>\n<li><strong>Surveillance<\/strong> : Surveillance r\u00e9guli\u00e8re des signes vitaux, du site chirurgical et de l\u2019\u00e9tat g\u00e9n\u00e9ral.<\/li>\n<li><strong>Mobilit\u00e9 et activit\u00e9<\/strong> : Encouragement \u00e0 bouger et \u00e0 marcher au besoin pour pr\u00e9venir les complications et favoriser le r\u00e9tablissement.<\/li>\n<li><strong>Soin des plaies<\/strong>&nbsp;: G\u00e9rer le site chirurgical et tous les drains ou cath\u00e9ters.<\/li>\n<\/ul>\n<\/li>\n<li><strong>Soins \u00e0 domicile<\/strong> :\n<ul>\n<li><strong>Soins des plaies<\/strong>&nbsp;: Instructions sur la conservation du site chirurgical propre et sec.<\/li>\n<li><strong>M\u00e9dicaments<\/strong> : Analg\u00e9siques, antibiotiques et tout autre m\u00e9dicament prescrit.<\/li>\n<li><strong>R\u00e9gime alimentaire et nutrition<\/strong>&nbsp;: Suivre des directives alimentaires sp\u00e9cifiques pour aider \u00e0 la r\u00e9cup\u00e9ration.<\/li>\n<\/ul>\n<\/li>\n<li><strong>Suivi<\/strong> :\n<ul>\n<li><strong>Rendez-vous pr\u00e9vus<\/strong> : Suivis r\u00e9guliers avec le chirurgien pour surveiller le r\u00e9tablissement et r\u00e9pondre \u00e0 toute pr\u00e9occupation.<\/li>\n<li><strong>Surveillance des complications<\/strong>&nbsp;: \u00c0 l\u2019aff\u00fbt des signes d\u2019infection, de saignement ou d\u2019autres probl\u00e8mes.<\/li>\n<li><strong>Physioth\u00e9rapie (si n\u00e9cessaire)<\/strong>&nbsp;: R\u00e9adaptation pour retrouver la force et la fonction.<\/li>\n<\/ul>\n<\/li>\n<li><strong>R\u00e9tablissement \u00e0 long terme<\/strong> :\n<ul>\n<li><strong>Ajustements de mode de vie<\/strong>&nbsp;: Changements dans l\u2019alimentation, exercice, et les habitudes pour soutenir la gu\u00e9rison et la sant\u00e9 globale.<\/li>\n<li><strong>Soutien \u00e9motionnel<\/strong> : Fournir un soutien \u00e9motionnel et psychologique \u00e0 l\u2019enfant et \u00e0 la famille pour l\u2019aider \u00e0 s\u2019adapter \u00e0 la vie apr\u00e8s la chirurgie.<\/li>\n<li><strong>Soutien \u00e0 l\u2019\u00e9ducation<\/strong> : Veiller \u00e0 ce que les besoins scolaires de l\u2019enfant soient satisfaits pendant le r\u00e9tablissement, y compris la coordination avec les \u00e9coles si n\u00e9cessaire.<\/li>\n<\/ul>\n<\/li>\n<\/ol>\n<p>Il est essentiel de comprendre les d\u00e9tails de la chirurgie p\u00e9diatrique particuli\u00e8re de votre enfant, y compris les risques potentiels et les r\u00e9sultats attendus. Consultez toujours votre fournisseur de soins de sant\u00e9 pour obtenir des conseils personnalis\u00e9s et des instructions adapt\u00e9es aux besoins de votre enfant.<\/p>\n\t\t\t\t\t\t\t\t<\/div>\n\t\t\t\t<\/div>\n\t\t\t\t<\/div>\n\t\t<div class=\"elementor-element elementor-element-6b2f8c5d e-con-full e-flex e-con e-child\" data-id=\"6b2f8c5d\" data-element_type=\"container\" data-e-type=\"container\" data-settings=\"{&quot;jet_parallax_layout_list&quot;:[]}\">\n\t\t\t\t<div class=\"elementor-element elementor-element-171138a9 elementor-widget elementor-widget-image\" data-id=\"171138a9\" data-element_type=\"widget\" data-e-type=\"widget\" data-widget_type=\"image.default\">\n\t\t\t\t<div class=\"elementor-widget-container\">\n\t\t\t\t\t\t\t\t\t\t\t\t\t\t\t<img fetchpriority=\"high\" decoding=\"async\" width=\"600\" height=\"400\" src=\"https:\/\/mdvisitclinic.com\/wp-content\/uploads\/2024\/06\/Child-Surgery.jpg\" class=\"attachment-full size-full wp-image-12198\" alt=\"\" srcset=\"https:\/\/mdvisitclinic.com\/wp-content\/uploads\/2024\/06\/Child-Surgery.jpg 600w, https:\/\/mdvisitclinic.com\/wp-content\/uploads\/2024\/06\/Child-Surgery-300x200.jpg 300w\" sizes=\"(max-width: 600px) 100vw, 600px\" \/>\t\t\t\t\t\t\t\t\t\t\t\t\t\t\t<\/div>\n\t\t\t\t<\/div>\n\t\t\t\t<\/div>\n\t\t\t\t\t<\/div>\n\t\t\t\t<\/div>\n\t\t\t\t<\/div>\n\t\t","protected":false},"excerpt":{"rendered":"<p>Chirurgie p\u00e9diatrique La chirurgie p\u00e9diatrique expliqu\u00e9e, y compris les activit\u00e9s pr\u00e9-chirurgicales et post-chirurgicales Votre sugeon p\u00e9diatrique assign\u00e9 et son infirmi\u00e8re vous rencontreront par vid\u00e9o pour examiner les r\u00e9sultats de votre deuxi\u00e8me opinion. Il r\u00e9pondra \u00e0 vos questions. Si la chirurgie est n\u00e9cessaire, et vous envisagez la chirurgie aux \u00c9tats-Unis, assurez-vous de lui faire savoir. Lisez [&hellip;]<\/p>\n","protected":false},"author":8,"featured_media":0,"parent":11668,"menu_order":0,"comment_status":"closed","ping_status":"closed","template":"elementor_header_footer","meta":{"_acf_changed":false,"_coblocks_attr":"","_coblocks_dimensions":"","_coblocks_responsive_height":"","_coblocks_accordion_ie_support":"","hide_page_title":"","footnotes":""},"class_list":["post-14280","page","type-page","status-publish","hentry"],"acf":[],"yoast_head":"<!-- This site is optimized with the Yoast SEO plugin v27.3 - https:\/\/yoast.com\/product\/yoast-seo-wordpress\/ -->\n<title>Chirurgie p\u00e9diatrique - MDVISIT CLINIC<\/title>\n<meta name=\"robots\" content=\"noindex, follow, max-snippet:-1, max-image-preview:large, max-video-preview:-1\" \/>\n<meta property=\"og:locale\" content=\"fr_FR\" \/>\n<meta property=\"og:type\" content=\"article\" \/>\n<meta property=\"og:title\" content=\"Chirurgie p\u00e9diatrique - MDVISIT CLINIC\" \/>\n<meta property=\"og:description\" content=\"Chirurgie p\u00e9diatrique La chirurgie p\u00e9diatrique expliqu\u00e9e, y compris les activit\u00e9s pr\u00e9-chirurgicales et post-chirurgicales Votre sugeon p\u00e9diatrique assign\u00e9 et son infirmi\u00e8re vous rencontreront par vid\u00e9o pour examiner les r\u00e9sultats de votre deuxi\u00e8me opinion. Il r\u00e9pondra \u00e0 vos questions. Si la chirurgie est n\u00e9cessaire, et vous envisagez la chirurgie aux \u00c9tats-Unis, assurez-vous de lui faire savoir. Lisez [&hellip;]\" \/>\n<meta property=\"og:url\" content=\"https:\/\/mdvisitclinic.com\/fr\/deuxieme-opinion-toutes-autres-conditions\/chirurgie-pediatrique\/\" \/>\n<meta property=\"og:site_name\" content=\"MDVISIT CLINIC\" \/>\n<meta property=\"article:modified_time\" content=\"2024-07-01T20:34:05+00:00\" \/>\n<meta property=\"og:image\" content=\"https:\/\/f55.01f.myftpupload.com\/wp-content\/uploads\/2024\/06\/Child-Surgery.jpg\" \/>\n<meta name=\"twitter:card\" content=\"summary_large_image\" \/>\n<meta name=\"twitter:label1\" content=\"Est. reading time\" \/>\n\t<meta name=\"twitter:data1\" content=\"5 minutes\" \/>\n<script type=\"application\/ld+json\" class=\"yoast-schema-graph\">{\"@context\":\"https:\\\/\\\/schema.org\",\"@graph\":[{\"@type\":\"WebPage\",\"@id\":\"https:\\\/\\\/mdvisitclinic.com\\\/fr\\\/deuxieme-opinion-toutes-autres-conditions\\\/chirurgie-pediatrique\\\/\",\"url\":\"https:\\\/\\\/mdvisitclinic.com\\\/fr\\\/deuxieme-opinion-toutes-autres-conditions\\\/chirurgie-pediatrique\\\/\",\"name\":\"Chirurgie p\u00e9diatrique - MDVISIT CLINIC\",\"isPartOf\":{\"@id\":\"https:\\\/\\\/mdvisitclinic.com\\\/fr\\\/#website\"},\"primaryImageOfPage\":{\"@id\":\"https:\\\/\\\/mdvisitclinic.com\\\/fr\\\/deuxieme-opinion-toutes-autres-conditions\\\/chirurgie-pediatrique\\\/#primaryimage\"},\"image\":{\"@id\":\"https:\\\/\\\/mdvisitclinic.com\\\/fr\\\/deuxieme-opinion-toutes-autres-conditions\\\/chirurgie-pediatrique\\\/#primaryimage\"},\"thumbnailUrl\":\"https:\\\/\\\/f55.01f.myftpupload.com\\\/wp-content\\\/uploads\\\/2024\\\/06\\\/Child-Surgery.jpg\",\"datePublished\":\"2024-06-27T04:45:29+00:00\",\"dateModified\":\"2024-07-01T20:34:05+00:00\",\"breadcrumb\":{\"@id\":\"https:\\\/\\\/mdvisitclinic.com\\\/fr\\\/deuxieme-opinion-toutes-autres-conditions\\\/chirurgie-pediatrique\\\/#breadcrumb\"},\"inLanguage\":\"fr\",\"potentialAction\":[{\"@type\":\"ReadAction\",\"target\":[\"https:\\\/\\\/mdvisitclinic.com\\\/fr\\\/deuxieme-opinion-toutes-autres-conditions\\\/chirurgie-pediatrique\\\/\"]}]},{\"@type\":\"ImageObject\",\"inLanguage\":\"fr\",\"@id\":\"https:\\\/\\\/mdvisitclinic.com\\\/fr\\\/deuxieme-opinion-toutes-autres-conditions\\\/chirurgie-pediatrique\\\/#primaryimage\",\"url\":\"https:\\\/\\\/f55.01f.myftpupload.com\\\/wp-content\\\/uploads\\\/2024\\\/06\\\/Child-Surgery.jpg\",\"contentUrl\":\"https:\\\/\\\/f55.01f.myftpupload.com\\\/wp-content\\\/uploads\\\/2024\\\/06\\\/Child-Surgery.jpg\"},{\"@type\":\"BreadcrumbList\",\"@id\":\"https:\\\/\\\/mdvisitclinic.com\\\/fr\\\/deuxieme-opinion-toutes-autres-conditions\\\/chirurgie-pediatrique\\\/#breadcrumb\",\"itemListElement\":[{\"@type\":\"ListItem\",\"position\":1,\"name\":\"Home\",\"item\":\"https:\\\/\\\/mdvisitclinic.com\\\/fr\\\/\"},{\"@type\":\"ListItem\",\"position\":2,\"name\":\"Deuxi\u00e8me avis Toutes les autres conditions\",\"item\":\"https:\\\/\\\/mdvisitclinic.com\\\/fr\\\/deuxieme-opinion-toutes-autres-conditions\\\/\"},{\"@type\":\"ListItem\",\"position\":3,\"name\":\"Chirurgie p\u00e9diatrique\"}]},{\"@type\":\"WebSite\",\"@id\":\"https:\\\/\\\/mdvisitclinic.com\\\/fr\\\/#website\",\"url\":\"https:\\\/\\\/mdvisitclinic.com\\\/fr\\\/\",\"name\":\"MDVISIT CLINIC\",\"description\":\"\",\"publisher\":{\"@id\":\"https:\\\/\\\/mdvisitclinic.com\\\/fr\\\/#organization\"},\"potentialAction\":[{\"@type\":\"SearchAction\",\"target\":{\"@type\":\"EntryPoint\",\"urlTemplate\":\"https:\\\/\\\/mdvisitclinic.com\\\/fr\\\/?s={search_term_string}\"},\"query-input\":{\"@type\":\"PropertyValueSpecification\",\"valueRequired\":true,\"valueName\":\"search_term_string\"}}],\"inLanguage\":\"fr\"},{\"@type\":\"Organization\",\"@id\":\"https:\\\/\\\/mdvisitclinic.com\\\/fr\\\/#organization\",\"name\":\"MDVISIT CLINIC\",\"url\":\"https:\\\/\\\/mdvisitclinic.com\\\/fr\\\/\",\"logo\":{\"@type\":\"ImageObject\",\"inLanguage\":\"fr\",\"@id\":\"https:\\\/\\\/mdvisitclinic.com\\\/fr\\\/#\\\/schema\\\/logo\\\/image\\\/\",\"url\":\"https:\\\/\\\/mdvisitclinic.com\\\/wp-content\\\/uploads\\\/2024\\\/03\\\/logo.png\",\"contentUrl\":\"https:\\\/\\\/mdvisitclinic.com\\\/wp-content\\\/uploads\\\/2024\\\/03\\\/logo.png\",\"width\":768,\"height\":118,\"caption\":\"MDVISIT CLINIC\"},\"image\":{\"@id\":\"https:\\\/\\\/mdvisitclinic.com\\\/fr\\\/#\\\/schema\\\/logo\\\/image\\\/\"}}]}<\/script>\n<!-- \/ Yoast SEO plugin. -->","yoast_head_json":{"title":"Chirurgie p\u00e9diatrique - MDVISIT CLINIC","robots":{"index":"noindex","follow":"follow","max-snippet":"max-snippet:-1","max-image-preview":"max-image-preview:large","max-video-preview":"max-video-preview:-1"},"og_locale":"fr_FR","og_type":"article","og_title":"Chirurgie p\u00e9diatrique - MDVISIT CLINIC","og_description":"Chirurgie p\u00e9diatrique La chirurgie p\u00e9diatrique expliqu\u00e9e, y compris les activit\u00e9s pr\u00e9-chirurgicales et post-chirurgicales Votre sugeon p\u00e9diatrique assign\u00e9 et son infirmi\u00e8re vous rencontreront par vid\u00e9o pour examiner les r\u00e9sultats de votre deuxi\u00e8me opinion. Il r\u00e9pondra \u00e0 vos questions. Si la chirurgie est n\u00e9cessaire, et vous envisagez la chirurgie aux \u00c9tats-Unis, assurez-vous de lui faire savoir. Lisez [&hellip;]","og_url":"https:\/\/mdvisitclinic.com\/fr\/deuxieme-opinion-toutes-autres-conditions\/chirurgie-pediatrique\/","og_site_name":"MDVISIT CLINIC","article_modified_time":"2024-07-01T20:34:05+00:00","og_image":[{"url":"https:\/\/f55.01f.myftpupload.com\/wp-content\/uploads\/2024\/06\/Child-Surgery.jpg","type":"","width":"","height":""}],"twitter_card":"summary_large_image","twitter_misc":{"Est. reading time":"5 minutes"},"schema":{"@context":"https:\/\/schema.org","@graph":[{"@type":"WebPage","@id":"https:\/\/mdvisitclinic.com\/fr\/deuxieme-opinion-toutes-autres-conditions\/chirurgie-pediatrique\/","url":"https:\/\/mdvisitclinic.com\/fr\/deuxieme-opinion-toutes-autres-conditions\/chirurgie-pediatrique\/","name":"Chirurgie p\u00e9diatrique - MDVISIT CLINIC","isPartOf":{"@id":"https:\/\/mdvisitclinic.com\/fr\/#website"},"primaryImageOfPage":{"@id":"https:\/\/mdvisitclinic.com\/fr\/deuxieme-opinion-toutes-autres-conditions\/chirurgie-pediatrique\/#primaryimage"},"image":{"@id":"https:\/\/mdvisitclinic.com\/fr\/deuxieme-opinion-toutes-autres-conditions\/chirurgie-pediatrique\/#primaryimage"},"thumbnailUrl":"https:\/\/f55.01f.myftpupload.com\/wp-content\/uploads\/2024\/06\/Child-Surgery.jpg","datePublished":"2024-06-27T04:45:29+00:00","dateModified":"2024-07-01T20:34:05+00:00","breadcrumb":{"@id":"https:\/\/mdvisitclinic.com\/fr\/deuxieme-opinion-toutes-autres-conditions\/chirurgie-pediatrique\/#breadcrumb"},"inLanguage":"fr","potentialAction":[{"@type":"ReadAction","target":["https:\/\/mdvisitclinic.com\/fr\/deuxieme-opinion-toutes-autres-conditions\/chirurgie-pediatrique\/"]}]},{"@type":"ImageObject","inLanguage":"fr","@id":"https:\/\/mdvisitclinic.com\/fr\/deuxieme-opinion-toutes-autres-conditions\/chirurgie-pediatrique\/#primaryimage","url":"https:\/\/f55.01f.myftpupload.com\/wp-content\/uploads\/2024\/06\/Child-Surgery.jpg","contentUrl":"https:\/\/f55.01f.myftpupload.com\/wp-content\/uploads\/2024\/06\/Child-Surgery.jpg"},{"@type":"BreadcrumbList","@id":"https:\/\/mdvisitclinic.com\/fr\/deuxieme-opinion-toutes-autres-conditions\/chirurgie-pediatrique\/#breadcrumb","itemListElement":[{"@type":"ListItem","position":1,"name":"Home","item":"https:\/\/mdvisitclinic.com\/fr\/"},{"@type":"ListItem","position":2,"name":"Deuxi\u00e8me avis Toutes les autres conditions","item":"https:\/\/mdvisitclinic.com\/fr\/deuxieme-opinion-toutes-autres-conditions\/"},{"@type":"ListItem","position":3,"name":"Chirurgie p\u00e9diatrique"}]},{"@type":"WebSite","@id":"https:\/\/mdvisitclinic.com\/fr\/#website","url":"https:\/\/mdvisitclinic.com\/fr\/","name":"MDVISIT CLINIC","description":"","publisher":{"@id":"https:\/\/mdvisitclinic.com\/fr\/#organization"},"potentialAction":[{"@type":"SearchAction","target":{"@type":"EntryPoint","urlTemplate":"https:\/\/mdvisitclinic.com\/fr\/?s={search_term_string}"},"query-input":{"@type":"PropertyValueSpecification","valueRequired":true,"valueName":"search_term_string"}}],"inLanguage":"fr"},{"@type":"Organization","@id":"https:\/\/mdvisitclinic.com\/fr\/#organization","name":"MDVISIT CLINIC","url":"https:\/\/mdvisitclinic.com\/fr\/","logo":{"@type":"ImageObject","inLanguage":"fr","@id":"https:\/\/mdvisitclinic.com\/fr\/#\/schema\/logo\/image\/","url":"https:\/\/mdvisitclinic.com\/wp-content\/uploads\/2024\/03\/logo.png","contentUrl":"https:\/\/mdvisitclinic.com\/wp-content\/uploads\/2024\/03\/logo.png","width":768,"height":118,"caption":"MDVISIT CLINIC"},"image":{"@id":"https:\/\/mdvisitclinic.com\/fr\/#\/schema\/logo\/image\/"}}]}},"_links":{"self":[{"href":"https:\/\/mdvisitclinic.com\/fr\/wp-json\/wp\/v2\/pages\/14280","targetHints":{"allow":["GET"]}}],"collection":[{"href":"https:\/\/mdvisitclinic.com\/fr\/wp-json\/wp\/v2\/pages"}],"about":[{"href":"https:\/\/mdvisitclinic.com\/fr\/wp-json\/wp\/v2\/types\/page"}],"author":[{"embeddable":true,"href":"https:\/\/mdvisitclinic.com\/fr\/wp-json\/wp\/v2\/users\/8"}],"replies":[{"embeddable":true,"href":"https:\/\/mdvisitclinic.com\/fr\/wp-json\/wp\/v2\/comments?post=14280"}],"version-history":[{"count":1,"href":"https:\/\/mdvisitclinic.com\/fr\/wp-json\/wp\/v2\/pages\/14280\/revisions"}],"predecessor-version":[{"id":14282,"href":"https:\/\/mdvisitclinic.com\/fr\/wp-json\/wp\/v2\/pages\/14280\/revisions\/14282"}],"up":[{"embeddable":true,"href":"https:\/\/mdvisitclinic.com\/fr\/wp-json\/wp\/v2\/pages\/11668"}],"wp:attachment":[{"href":"https:\/\/mdvisitclinic.com\/fr\/wp-json\/wp\/v2\/media?parent=14280"}],"curies":[{"name":"wp","href":"https:\/\/api.w.org\/{rel}","templated":true}]}}