{"id":14295,"date":"2024-06-27T04:59:01","date_gmt":"2024-06-27T04:59:01","guid":{"rendered":"https:\/\/f55.01f.myftpupload.com\/deuxieme-opinion-toutes-autres-conditions\/cataracte-chirurgie\/"},"modified":"2024-07-01T20:34:12","modified_gmt":"2024-07-01T20:34:12","slug":"cataracte-chirurgie","status":"publish","type":"page","link":"https:\/\/mdvisitclinic.com\/fr\/deuxieme-opinion-toutes-autres-conditions\/cataracte-chirurgie\/","title":{"rendered":"Chirurgie de la cataracte"},"content":{"rendered":"\t\t<div data-elementor-type=\"wp-page\" data-elementor-id=\"14295\" class=\"elementor elementor-14295 elementor-13261\" data-elementor-post-type=\"page\">\n\t\t\t\t<div class=\"elementor-element elementor-element-404f4ad3 e-flex e-con-boxed e-con e-parent\" data-id=\"404f4ad3\" data-element_type=\"container\" data-e-type=\"container\" data-settings=\"{&quot;background_background&quot;:&quot;classic&quot;,&quot;jet_parallax_layout_list&quot;:[]}\">\n\t\t\t\t\t<div class=\"e-con-inner\">\n\t\t<div class=\"elementor-element elementor-element-6e3cd112 e-con-full e-flex e-con e-child\" data-id=\"6e3cd112\" data-element_type=\"container\" data-e-type=\"container\" data-settings=\"{&quot;jet_parallax_layout_list&quot;:[]}\">\n\t\t\t\t<div class=\"elementor-element elementor-element-babfd12 elementor-widget elementor-widget-heading\" data-id=\"babfd12\" data-element_type=\"widget\" data-e-type=\"widget\" data-widget_type=\"heading.default\">\n\t\t\t\t<div class=\"elementor-widget-container\">\n\t\t\t\t\t<h2 class=\"elementor-heading-title elementor-size-default\">Chirurgie de la cataracte  <\/h2>\t\t\t\t<\/div>\n\t\t\t\t<\/div>\n\t\t\t\t<\/div>\n\t\t\t\t\t<\/div>\n\t\t\t\t<\/div>\n\t\t<div class=\"elementor-element elementor-element-5740c250 e-flex e-con-boxed e-con e-parent\" data-id=\"5740c250\" data-element_type=\"container\" data-e-type=\"container\" data-settings=\"{&quot;jet_parallax_layout_list&quot;:[]}\">\n\t\t\t\t\t<div class=\"e-con-inner\">\n\t\t<div class=\"elementor-element elementor-element-219a4aa0 e-con-full e-flex e-con e-child\" data-id=\"219a4aa0\" data-element_type=\"container\" data-e-type=\"container\" data-settings=\"{&quot;jet_parallax_layout_list&quot;:[]}\">\n\t\t\t\t<div class=\"elementor-element elementor-element-2262361f elementor-widget elementor-widget-heading\" data-id=\"2262361f\" data-element_type=\"widget\" data-e-type=\"widget\" data-widget_type=\"heading.default\">\n\t\t\t\t<div class=\"elementor-widget-container\">\n\t\t\t\t\t<h2 class=\"elementor-heading-title elementor-size-default\">La chirurgie de la cataracte expliqu\u00e9e, y compris les activit\u00e9s pr\u00e9-chirurgicales et post-chirurgicales  <\/h2>\t\t\t\t<\/div>\n\t\t\t\t<\/div>\n\t\t\t\t<div class=\"elementor-element elementor-element-48b86283 elementor-widget elementor-widget-text-editor\" data-id=\"48b86283\" data-element_type=\"widget\" data-e-type=\"widget\" data-widget_type=\"text-editor.default\">\n\t\t\t\t<div class=\"elementor-widget-container\">\n\t\t\t\t\t\t\t\t\t<p>L\u2019ophtalmologiste qui vous a \u00e9t\u00e9 assign\u00e9 et son infirmi\u00e8re vous rencontreront par vid\u00e9o pour examiner les r\u00e9sultats de votre deuxi\u00e8me opinion. Il r\u00e9pondra \u00e0 vos questions. Si la chirurgie est n\u00e9cessaire, et vous envisagez la chirurgie aux \u00c9tats-Unis, assurez-vous de lui faire savoir.<\/p>\n<p>Lisez ci-dessous pour acqu\u00e9rir une compr\u00e9hension d\u00e9taill\u00e9e du processus de chirurgie.<\/p>\n\t\t\t\t\t\t\t\t<\/div>\n\t\t\t\t<\/div>\n\t\t\t\t<div class=\"elementor-element elementor-element-63161902 elementor-widget elementor-widget-text-editor\" data-id=\"63161902\" data-element_type=\"widget\" data-e-type=\"widget\" data-widget_type=\"text-editor.default\">\n\t\t\t\t<div class=\"elementor-widget-container\">\n\t\t\t\t\t\t\t\t\t<p>R\u00e9sum\u00e9<\/p>\n<p>La chirurgie de la cataracte est une proc\u00e9dure pour enlever le cristallin de votre \u0153il et, dans la plupart des cas, le remplacer par un cristallin artificiel. Une cataracte rend le cristallin trouble, ce qui entra\u00eene une perte de vision qui ne peut pas \u00eatre corrig\u00e9e avec des lunettes, des lentilles de contact ou une chirurgie r\u00e9fractive corn\u00e9enne comme le LASIK.<\/p>\n<p><strong>Types de chirurgie de la cataracte<\/strong><\/p>\n<ol>\n<li><strong>Phaco\u00e9mulsification<\/strong>&nbsp;: C\u2019est la m\u00e9thode la plus courante. Le chirurgien fait une petite incision dans l\u2019\u0153il et ins\u00e8re une sonde. La sonde utilise des ondes ultrasonores pour briser (\u00e9mulsionner) la lentille trouble, qui est ensuite aspir\u00e9e.<\/li>\n<li><strong>Extraction extracapsulaire de la cataracte (ECCE)<\/strong>&nbsp;: Cette m\u00e9thode implique une incision plus grande et le retrait de la partie trouble de la lentille en une seule pi\u00e8ce, suivie de l\u2019aspiration des morceaux restants.<\/li>\n<li><strong>Chirurgie assist\u00e9e au laser<\/strong>&nbsp;: Cette m\u00e9thode utilise un laser pour faire les incisions et adoucir la cataracte pour l\u2019enl\u00e8vement, ce qui peut conduire \u00e0 des proc\u00e9dures plus pr\u00e9cises et peut-\u00eatre plus s\u00fbres.<\/li>\n<\/ol>\n<p><strong>Activit\u00e9s pr\u00e9-chirurgicales<\/strong><\/p>\n<ol>\n<li><strong>Examen de la vue<\/strong> : Un examen complet de la vue sera effectu\u00e9 pour \u00e9valuer la cataracte et la sant\u00e9 oculaire globale.<\/li>\n<li><strong>Examen des ant\u00e9c\u00e9dents m\u00e9dicaux<\/strong>&nbsp;: Le m\u00e9decin examinera vos ant\u00e9c\u00e9dents m\u00e9dicaux et tous les m\u00e9dicaments que vous prenez.<\/li>\n<li><strong>Biom\u00e9trie<\/strong>&nbsp;: Des mesures de votre \u0153il seront prises pour d\u00e9terminer l\u2019implant de lentille appropri\u00e9.<\/li>\n<li><strong>M\u00e9dicaments<\/strong> : On pourrait vous demander d\u2019arr\u00eater de prendre certains m\u00e9dicaments qui pourraient augmenter le risque de saignement.<\/li>\n<li><strong>Je\u00fbne<\/strong> : On peut vous demander de ne pas manger ou boire pendant quelques heures avant la chirurgie.<\/li>\n<li><strong>Gouttes pour les yeux<\/strong>&nbsp;: Des gouttes oculaires antibiotiques et anti-inflammatoires peuvent \u00eatre prescrites avant la chirurgie pour pr\u00e9venir l\u2019infection et r\u00e9duire l\u2019inflammation.<\/li>\n<\/ol>\n<p><strong>La journ\u00e9e de la chirurgie<\/strong><\/p>\n<ul>\n<li><strong>Pr\u00e9paration<\/strong>&nbsp;: \u00c0 l\u2019arriv\u00e9e au centre chirurgical, votre \u0153il sera dilat\u00e9 avec des gouttes pour les yeux.<\/li>\n<li><strong>Anesth\u00e9sie<\/strong> : Une anesth\u00e9sie locale sera administr\u00e9e pour engourdir la r\u00e9gion autour de l\u2019\u0153il. On peut aussi vous donner un s\u00e9datif pour vous aider \u00e0 vous d\u00e9tendre.<\/li>\n<li><strong>Proc\u00e9dure<\/strong>&nbsp;: La chirurgie r\u00e9elle prend g\u00e9n\u00e9ralement environ 30 minutes. Vous serez \u00e9veill\u00e9, mais ne devriez pas ressentir de douleur.<\/li>\n<li><strong>Salle de r\u00e9veil<\/strong>&nbsp;: Apr\u00e8s la chirurgie, vous passerez du temps dans une zone de r\u00e9cup\u00e9ration, o\u00f9 votre \u00e9tat sera surveill\u00e9.<\/li>\n<\/ul>\n<p><strong>Activit\u00e9s post-chirurgicales<\/strong><\/p>\n<ol>\n<li><strong>Suivi imm\u00e9diat<\/strong> :\n<ul>\n<li>Vous porterez probablement un cache-\u0153il ou un bouclier protecteur sur l\u2019\u0153il op\u00e9r\u00e9.<\/li>\n<li>Vous pourriez ressentir un certain inconfort, qui peut \u00eatre g\u00e9r\u00e9 avec des analg\u00e9siques en vente libre.<\/li>\n<li>\u00c9vitez de vous toucher ou de vous frotter les yeux.<\/li>\n<\/ul>\n<\/li>\n<li><strong>M\u00e9dicaments<\/strong>&nbsp;:\n<ul>\n<li>Continuer \u00e0 utiliser des gouttes pour les yeux prescrites pour pr\u00e9venir l\u2019infection et r\u00e9duire l\u2019inflammation.<\/li>\n<li>Suivez strictement l\u2019horaire.<\/li>\n<\/ul>\n<\/li>\n<li><strong>Activit\u00e9s<\/strong> :\n<ul>\n<li>\u00c9vitez les activit\u00e9s intenses et les soulever des objets lourds pendant quelques semaines.<\/li>\n<li>\u00c9vitez de nager et d\u2019utiliser un bain \u00e0 remous pour pr\u00e9venir les infections.<\/li>\n<li>Portez des lunettes de soleil pour prot\u00e9ger vos yeux de la lumi\u00e8re vive et des rayons UV.<\/li>\n<\/ul>\n<\/li>\n<li><strong>Visites de suivi<\/strong> :\n<ul>\n<li>Vous aurez plusieurs rendez-vous de suivi avec votre m\u00e9decin pour surveiller la gu\u00e9rison et vous assurer que l\u2019\u0153il est en bonne sant\u00e9.<\/li>\n<li>Votre m\u00e9decin v\u00e9rifiera s\u2019il y a des complications telles qu\u2019une augmentation de la pression oculaire ou une infection.<\/li>\n<\/ul>\n<\/li>\n<li><strong>Ajustement de la vision<\/strong> :\n<ul>\n<li>Votre vision peut \u00eatre floue au d\u00e9but lorsque votre \u0153il gu\u00e9rit et s\u2019ajuste.<\/li>\n<li>Il peut s\u2019\u00eatre fallu plusieurs semaines pour que votre vision se stabilise compl\u00e8tement.<\/li>\n<li>Vous pourriez avoir besoin de nouvelles lunettes ou lentilles de contact apr\u00e8s que votre \u0153il a compl\u00e8tement gu\u00e9ri.<\/li>\n<\/ul>\n<\/li>\n<\/ol>\n<p><strong>Complications potentielles<\/strong><\/p>\n<p>Bien que la chirurgie de la cataracte soit g\u00e9n\u00e9ralement sans danger, les complications potentielles peuvent inclure&nbsp;:<\/p>\n<ul>\n<li>L\u2019infection<\/li>\n<li>L\u2019inflammation<\/li>\n<li>Saignements<\/li>\n<li>Gonflement<\/li>\n<li>D\u00e9collement de la r\u00e9tine<\/li>\n<li>\u00c9blouissement, halos ou vision double<\/li>\n<li>Cataracte secondaire (opacification de capsule post\u00e9rieure)<\/li>\n<\/ul>\n<p><strong>Conclusion<\/strong><\/p>\n<p>La chirurgie de la cataracte est une proc\u00e9dure courante et g\u00e9n\u00e9ralement s\u00fbre qui peut am\u00e9liorer consid\u00e9rablement votre vision et votre qualit\u00e9 de vie. Une bonne pr\u00e9paration pr\u00e9-chirurgicale et des soins post-op\u00e9ratoires diligents sont cruciaux pour un r\u00e9sultat r\u00e9ussi. Suivez toujours les instructions de votre m\u00e9decin et assistez \u00e0 tous les rendez-vous de suivi pour assurer le meilleur r\u00e9tablissement possible.<\/p>\n\t\t\t\t\t\t\t\t<\/div>\n\t\t\t\t<\/div>\n\t\t\t\t<\/div>\n\t\t<div class=\"elementor-element elementor-element-a80e2f7 e-con-full e-flex e-con e-child\" data-id=\"a80e2f7\" data-element_type=\"container\" data-e-type=\"container\" data-settings=\"{&quot;jet_parallax_layout_list&quot;:[]}\">\n\t\t\t\t<div class=\"elementor-element elementor-element-6465deca elementor-widget elementor-widget-image\" data-id=\"6465deca\" data-element_type=\"widget\" data-e-type=\"widget\" data-widget_type=\"image.default\">\n\t\t\t\t<div class=\"elementor-widget-container\">\n\t\t\t\t\t\t\t\t\t\t\t\t\t\t\t<img fetchpriority=\"high\" decoding=\"async\" width=\"711\" height=\"400\" src=\"https:\/\/mdvisitclinic.com\/wp-content\/uploads\/2024\/06\/Ophthalmology.jpg\" class=\"attachment-full size-full wp-image-12188\" alt=\"\" srcset=\"https:\/\/mdvisitclinic.com\/wp-content\/uploads\/2024\/06\/Ophthalmology.jpg 711w, https:\/\/mdvisitclinic.com\/wp-content\/uploads\/2024\/06\/Ophthalmology-300x169.jpg 300w\" sizes=\"(max-width: 711px) 100vw, 711px\" \/>\t\t\t\t\t\t\t\t\t\t\t\t\t\t\t<\/div>\n\t\t\t\t<\/div>\n\t\t\t\t<\/div>\n\t\t\t\t\t<\/div>\n\t\t\t\t<\/div>\n\t\t\t\t<\/div>\n\t\t","protected":false},"excerpt":{"rendered":"<p>Chirurgie de la cataracte La chirurgie de la cataracte expliqu\u00e9e, y compris les activit\u00e9s pr\u00e9-chirurgicales et post-chirurgicales L\u2019ophtalmologiste qui vous a \u00e9t\u00e9 assign\u00e9 et son infirmi\u00e8re vous rencontreront par vid\u00e9o pour examiner les r\u00e9sultats de votre deuxi\u00e8me opinion. Il r\u00e9pondra \u00e0 vos questions. Si la chirurgie est n\u00e9cessaire, et vous envisagez la chirurgie aux \u00c9tats-Unis, [&hellip;]<\/p>\n","protected":false},"author":8,"featured_media":0,"parent":11668,"menu_order":0,"comment_status":"closed","ping_status":"closed","template":"elementor_header_footer","meta":{"_acf_changed":false,"_coblocks_attr":"","_coblocks_dimensions":"","_coblocks_responsive_height":"","_coblocks_accordion_ie_support":"","hide_page_title":"","footnotes":""},"class_list":["post-14295","page","type-page","status-publish","hentry"],"acf":[],"yoast_head":"<!-- This site is optimized with the Yoast SEO plugin v27.3 - https:\/\/yoast.com\/product\/yoast-seo-wordpress\/ -->\n<title>Chirurgie de la cataracte - MDVISIT CLINIC<\/title>\n<meta name=\"robots\" content=\"noindex, follow, max-snippet:-1, max-image-preview:large, max-video-preview:-1\" \/>\n<meta property=\"og:locale\" content=\"fr_FR\" \/>\n<meta property=\"og:type\" content=\"article\" \/>\n<meta property=\"og:title\" content=\"Chirurgie de la cataracte - MDVISIT CLINIC\" \/>\n<meta property=\"og:description\" content=\"Chirurgie de la cataracte La chirurgie de la cataracte expliqu\u00e9e, y compris les activit\u00e9s pr\u00e9-chirurgicales et post-chirurgicales L\u2019ophtalmologiste qui vous a \u00e9t\u00e9 assign\u00e9 et son infirmi\u00e8re vous rencontreront par vid\u00e9o pour examiner les r\u00e9sultats de votre deuxi\u00e8me opinion. Il r\u00e9pondra \u00e0 vos questions. Si la chirurgie est n\u00e9cessaire, et vous envisagez la chirurgie aux \u00c9tats-Unis, [&hellip;]\" \/>\n<meta property=\"og:url\" content=\"https:\/\/mdvisitclinic.com\/fr\/deuxieme-opinion-toutes-autres-conditions\/cataracte-chirurgie\/\" \/>\n<meta property=\"og:site_name\" content=\"MDVISIT CLINIC\" \/>\n<meta property=\"article:modified_time\" content=\"2024-07-01T20:34:12+00:00\" \/>\n<meta property=\"og:image\" content=\"https:\/\/f55.01f.myftpupload.com\/wp-content\/uploads\/2024\/06\/Ophthalmology.jpg\" \/>\n<meta name=\"twitter:card\" content=\"summary_large_image\" \/>\n<meta name=\"twitter:label1\" content=\"Est. reading time\" \/>\n\t<meta name=\"twitter:data1\" content=\"4 minutes\" \/>\n<script type=\"application\/ld+json\" class=\"yoast-schema-graph\">{\"@context\":\"https:\\\/\\\/schema.org\",\"@graph\":[{\"@type\":\"WebPage\",\"@id\":\"https:\\\/\\\/mdvisitclinic.com\\\/fr\\\/deuxieme-opinion-toutes-autres-conditions\\\/cataracte-chirurgie\\\/\",\"url\":\"https:\\\/\\\/mdvisitclinic.com\\\/fr\\\/deuxieme-opinion-toutes-autres-conditions\\\/cataracte-chirurgie\\\/\",\"name\":\"Chirurgie de la cataracte - MDVISIT CLINIC\",\"isPartOf\":{\"@id\":\"https:\\\/\\\/mdvisitclinic.com\\\/fr\\\/#website\"},\"primaryImageOfPage\":{\"@id\":\"https:\\\/\\\/mdvisitclinic.com\\\/fr\\\/deuxieme-opinion-toutes-autres-conditions\\\/cataracte-chirurgie\\\/#primaryimage\"},\"image\":{\"@id\":\"https:\\\/\\\/mdvisitclinic.com\\\/fr\\\/deuxieme-opinion-toutes-autres-conditions\\\/cataracte-chirurgie\\\/#primaryimage\"},\"thumbnailUrl\":\"https:\\\/\\\/f55.01f.myftpupload.com\\\/wp-content\\\/uploads\\\/2024\\\/06\\\/Ophthalmology.jpg\",\"datePublished\":\"2024-06-27T04:59:01+00:00\",\"dateModified\":\"2024-07-01T20:34:12+00:00\",\"breadcrumb\":{\"@id\":\"https:\\\/\\\/mdvisitclinic.com\\\/fr\\\/deuxieme-opinion-toutes-autres-conditions\\\/cataracte-chirurgie\\\/#breadcrumb\"},\"inLanguage\":\"fr\",\"potentialAction\":[{\"@type\":\"ReadAction\",\"target\":[\"https:\\\/\\\/mdvisitclinic.com\\\/fr\\\/deuxieme-opinion-toutes-autres-conditions\\\/cataracte-chirurgie\\\/\"]}]},{\"@type\":\"ImageObject\",\"inLanguage\":\"fr\",\"@id\":\"https:\\\/\\\/mdvisitclinic.com\\\/fr\\\/deuxieme-opinion-toutes-autres-conditions\\\/cataracte-chirurgie\\\/#primaryimage\",\"url\":\"https:\\\/\\\/f55.01f.myftpupload.com\\\/wp-content\\\/uploads\\\/2024\\\/06\\\/Ophthalmology.jpg\",\"contentUrl\":\"https:\\\/\\\/f55.01f.myftpupload.com\\\/wp-content\\\/uploads\\\/2024\\\/06\\\/Ophthalmology.jpg\"},{\"@type\":\"BreadcrumbList\",\"@id\":\"https:\\\/\\\/mdvisitclinic.com\\\/fr\\\/deuxieme-opinion-toutes-autres-conditions\\\/cataracte-chirurgie\\\/#breadcrumb\",\"itemListElement\":[{\"@type\":\"ListItem\",\"position\":1,\"name\":\"Home\",\"item\":\"https:\\\/\\\/mdvisitclinic.com\\\/fr\\\/\"},{\"@type\":\"ListItem\",\"position\":2,\"name\":\"Deuxi\u00e8me avis Toutes les autres conditions\",\"item\":\"https:\\\/\\\/mdvisitclinic.com\\\/fr\\\/deuxieme-opinion-toutes-autres-conditions\\\/\"},{\"@type\":\"ListItem\",\"position\":3,\"name\":\"Chirurgie de la cataracte\"}]},{\"@type\":\"WebSite\",\"@id\":\"https:\\\/\\\/mdvisitclinic.com\\\/fr\\\/#website\",\"url\":\"https:\\\/\\\/mdvisitclinic.com\\\/fr\\\/\",\"name\":\"MDVISIT CLINIC\",\"description\":\"\",\"publisher\":{\"@id\":\"https:\\\/\\\/mdvisitclinic.com\\\/fr\\\/#organization\"},\"potentialAction\":[{\"@type\":\"SearchAction\",\"target\":{\"@type\":\"EntryPoint\",\"urlTemplate\":\"https:\\\/\\\/mdvisitclinic.com\\\/fr\\\/?s={search_term_string}\"},\"query-input\":{\"@type\":\"PropertyValueSpecification\",\"valueRequired\":true,\"valueName\":\"search_term_string\"}}],\"inLanguage\":\"fr\"},{\"@type\":\"Organization\",\"@id\":\"https:\\\/\\\/mdvisitclinic.com\\\/fr\\\/#organization\",\"name\":\"MDVISIT CLINIC\",\"url\":\"https:\\\/\\\/mdvisitclinic.com\\\/fr\\\/\",\"logo\":{\"@type\":\"ImageObject\",\"inLanguage\":\"fr\",\"@id\":\"https:\\\/\\\/mdvisitclinic.com\\\/fr\\\/#\\\/schema\\\/logo\\\/image\\\/\",\"url\":\"https:\\\/\\\/mdvisitclinic.com\\\/wp-content\\\/uploads\\\/2024\\\/03\\\/logo.png\",\"contentUrl\":\"https:\\\/\\\/mdvisitclinic.com\\\/wp-content\\\/uploads\\\/2024\\\/03\\\/logo.png\",\"width\":768,\"height\":118,\"caption\":\"MDVISIT CLINIC\"},\"image\":{\"@id\":\"https:\\\/\\\/mdvisitclinic.com\\\/fr\\\/#\\\/schema\\\/logo\\\/image\\\/\"}}]}<\/script>\n<!-- \/ Yoast SEO plugin. -->","yoast_head_json":{"title":"Chirurgie de la cataracte - MDVISIT CLINIC","robots":{"index":"noindex","follow":"follow","max-snippet":"max-snippet:-1","max-image-preview":"max-image-preview:large","max-video-preview":"max-video-preview:-1"},"og_locale":"fr_FR","og_type":"article","og_title":"Chirurgie de la cataracte - MDVISIT CLINIC","og_description":"Chirurgie de la cataracte La chirurgie de la cataracte expliqu\u00e9e, y compris les activit\u00e9s pr\u00e9-chirurgicales et post-chirurgicales L\u2019ophtalmologiste qui vous a \u00e9t\u00e9 assign\u00e9 et son infirmi\u00e8re vous rencontreront par vid\u00e9o pour examiner les r\u00e9sultats de votre deuxi\u00e8me opinion. Il r\u00e9pondra \u00e0 vos questions. Si la chirurgie est n\u00e9cessaire, et vous envisagez la chirurgie aux \u00c9tats-Unis, [&hellip;]","og_url":"https:\/\/mdvisitclinic.com\/fr\/deuxieme-opinion-toutes-autres-conditions\/cataracte-chirurgie\/","og_site_name":"MDVISIT CLINIC","article_modified_time":"2024-07-01T20:34:12+00:00","og_image":[{"url":"https:\/\/f55.01f.myftpupload.com\/wp-content\/uploads\/2024\/06\/Ophthalmology.jpg","type":"","width":"","height":""}],"twitter_card":"summary_large_image","twitter_misc":{"Est. reading time":"4 minutes"},"schema":{"@context":"https:\/\/schema.org","@graph":[{"@type":"WebPage","@id":"https:\/\/mdvisitclinic.com\/fr\/deuxieme-opinion-toutes-autres-conditions\/cataracte-chirurgie\/","url":"https:\/\/mdvisitclinic.com\/fr\/deuxieme-opinion-toutes-autres-conditions\/cataracte-chirurgie\/","name":"Chirurgie de la cataracte - MDVISIT CLINIC","isPartOf":{"@id":"https:\/\/mdvisitclinic.com\/fr\/#website"},"primaryImageOfPage":{"@id":"https:\/\/mdvisitclinic.com\/fr\/deuxieme-opinion-toutes-autres-conditions\/cataracte-chirurgie\/#primaryimage"},"image":{"@id":"https:\/\/mdvisitclinic.com\/fr\/deuxieme-opinion-toutes-autres-conditions\/cataracte-chirurgie\/#primaryimage"},"thumbnailUrl":"https:\/\/f55.01f.myftpupload.com\/wp-content\/uploads\/2024\/06\/Ophthalmology.jpg","datePublished":"2024-06-27T04:59:01+00:00","dateModified":"2024-07-01T20:34:12+00:00","breadcrumb":{"@id":"https:\/\/mdvisitclinic.com\/fr\/deuxieme-opinion-toutes-autres-conditions\/cataracte-chirurgie\/#breadcrumb"},"inLanguage":"fr","potentialAction":[{"@type":"ReadAction","target":["https:\/\/mdvisitclinic.com\/fr\/deuxieme-opinion-toutes-autres-conditions\/cataracte-chirurgie\/"]}]},{"@type":"ImageObject","inLanguage":"fr","@id":"https:\/\/mdvisitclinic.com\/fr\/deuxieme-opinion-toutes-autres-conditions\/cataracte-chirurgie\/#primaryimage","url":"https:\/\/f55.01f.myftpupload.com\/wp-content\/uploads\/2024\/06\/Ophthalmology.jpg","contentUrl":"https:\/\/f55.01f.myftpupload.com\/wp-content\/uploads\/2024\/06\/Ophthalmology.jpg"},{"@type":"BreadcrumbList","@id":"https:\/\/mdvisitclinic.com\/fr\/deuxieme-opinion-toutes-autres-conditions\/cataracte-chirurgie\/#breadcrumb","itemListElement":[{"@type":"ListItem","position":1,"name":"Home","item":"https:\/\/mdvisitclinic.com\/fr\/"},{"@type":"ListItem","position":2,"name":"Deuxi\u00e8me avis Toutes les autres conditions","item":"https:\/\/mdvisitclinic.com\/fr\/deuxieme-opinion-toutes-autres-conditions\/"},{"@type":"ListItem","position":3,"name":"Chirurgie de la cataracte"}]},{"@type":"WebSite","@id":"https:\/\/mdvisitclinic.com\/fr\/#website","url":"https:\/\/mdvisitclinic.com\/fr\/","name":"MDVISIT CLINIC","description":"","publisher":{"@id":"https:\/\/mdvisitclinic.com\/fr\/#organization"},"potentialAction":[{"@type":"SearchAction","target":{"@type":"EntryPoint","urlTemplate":"https:\/\/mdvisitclinic.com\/fr\/?s={search_term_string}"},"query-input":{"@type":"PropertyValueSpecification","valueRequired":true,"valueName":"search_term_string"}}],"inLanguage":"fr"},{"@type":"Organization","@id":"https:\/\/mdvisitclinic.com\/fr\/#organization","name":"MDVISIT CLINIC","url":"https:\/\/mdvisitclinic.com\/fr\/","logo":{"@type":"ImageObject","inLanguage":"fr","@id":"https:\/\/mdvisitclinic.com\/fr\/#\/schema\/logo\/image\/","url":"https:\/\/mdvisitclinic.com\/wp-content\/uploads\/2024\/03\/logo.png","contentUrl":"https:\/\/mdvisitclinic.com\/wp-content\/uploads\/2024\/03\/logo.png","width":768,"height":118,"caption":"MDVISIT CLINIC"},"image":{"@id":"https:\/\/mdvisitclinic.com\/fr\/#\/schema\/logo\/image\/"}}]}},"_links":{"self":[{"href":"https:\/\/mdvisitclinic.com\/fr\/wp-json\/wp\/v2\/pages\/14295","targetHints":{"allow":["GET"]}}],"collection":[{"href":"https:\/\/mdvisitclinic.com\/fr\/wp-json\/wp\/v2\/pages"}],"about":[{"href":"https:\/\/mdvisitclinic.com\/fr\/wp-json\/wp\/v2\/types\/page"}],"author":[{"embeddable":true,"href":"https:\/\/mdvisitclinic.com\/fr\/wp-json\/wp\/v2\/users\/8"}],"replies":[{"embeddable":true,"href":"https:\/\/mdvisitclinic.com\/fr\/wp-json\/wp\/v2\/comments?post=14295"}],"version-history":[{"count":1,"href":"https:\/\/mdvisitclinic.com\/fr\/wp-json\/wp\/v2\/pages\/14295\/revisions"}],"predecessor-version":[{"id":14299,"href":"https:\/\/mdvisitclinic.com\/fr\/wp-json\/wp\/v2\/pages\/14295\/revisions\/14299"}],"up":[{"embeddable":true,"href":"https:\/\/mdvisitclinic.com\/fr\/wp-json\/wp\/v2\/pages\/11668"}],"wp:attachment":[{"href":"https:\/\/mdvisitclinic.com\/fr\/wp-json\/wp\/v2\/media?parent=14295"}],"curies":[{"name":"wp","href":"https:\/\/api.w.org\/{rel}","templated":true}]}}