{"id":14313,"date":"2024-06-27T05:05:23","date_gmt":"2024-06-27T05:05:23","guid":{"rendered":"https:\/\/f55.01f.myftpupload.com\/cardiologie-second-avis\/aortique-anevrisme-et-dissection-chirurgie\/"},"modified":"2024-07-01T20:34:20","modified_gmt":"2024-07-01T20:34:20","slug":"aortique-anevrisme-et-dissection-chirurgie","status":"publish","type":"page","link":"https:\/\/mdvisitclinic.com\/fr\/cardiologie-second-avis\/aortique-anevrisme-et-dissection-chirurgie\/","title":{"rendered":"An\u00e9vrisme de l\u2019aorte et chirurgie de dissection"},"content":{"rendered":"\t\t<div data-elementor-type=\"wp-page\" data-elementor-id=\"14313\" class=\"elementor elementor-14313 elementor-13270\" data-elementor-post-type=\"page\">\n\t\t\t\t<div class=\"elementor-element elementor-element-70655263 e-flex e-con-boxed e-con e-parent\" data-id=\"70655263\" data-element_type=\"container\" data-e-type=\"container\" data-settings=\"{&quot;background_background&quot;:&quot;classic&quot;,&quot;jet_parallax_layout_list&quot;:[]}\">\n\t\t\t\t\t<div class=\"e-con-inner\">\n\t\t<div class=\"elementor-element elementor-element-7e434901 e-con-full e-flex e-con e-child\" data-id=\"7e434901\" data-element_type=\"container\" data-e-type=\"container\" data-settings=\"{&quot;jet_parallax_layout_list&quot;:[]}\">\n\t\t\t\t<div class=\"elementor-element elementor-element-ad7d26f elementor-widget elementor-widget-heading\" data-id=\"ad7d26f\" data-element_type=\"widget\" data-e-type=\"widget\" data-widget_type=\"heading.default\">\n\t\t\t\t<div class=\"elementor-widget-container\">\n\t\t\t\t\t<h2 class=\"elementor-heading-title elementor-size-default\">An\u00e9vrisme de l\u2019aorte et chirurgie de dissection  <\/h2>\t\t\t\t<\/div>\n\t\t\t\t<\/div>\n\t\t\t\t<\/div>\n\t\t\t\t\t<\/div>\n\t\t\t\t<\/div>\n\t\t<div class=\"elementor-element elementor-element-38579086 e-flex e-con-boxed e-con e-parent\" data-id=\"38579086\" data-element_type=\"container\" data-e-type=\"container\" data-settings=\"{&quot;jet_parallax_layout_list&quot;:[]}\">\n\t\t\t\t\t<div class=\"e-con-inner\">\n\t\t<div class=\"elementor-element elementor-element-111086d4 e-con-full e-flex e-con e-child\" data-id=\"111086d4\" data-element_type=\"container\" data-e-type=\"container\" data-settings=\"{&quot;jet_parallax_layout_list&quot;:[]}\">\n\t\t\t\t<div class=\"elementor-element elementor-element-5ca7c9de elementor-widget elementor-widget-heading\" data-id=\"5ca7c9de\" data-element_type=\"widget\" data-e-type=\"widget\" data-widget_type=\"heading.default\">\n\t\t\t\t<div class=\"elementor-widget-container\">\n\t\t\t\t\t<h2 class=\"elementor-heading-title elementor-size-default\">L\u2019an\u00e9vrisme de l\u2019aorte et la chirurgie de dissection expliqu\u00e9s, y compris les activit\u00e9s pr\u00e9-chirurgicales et post-chirurgicales  <\/h2>\t\t\t\t<\/div>\n\t\t\t\t<\/div>\n\t\t\t\t<div class=\"elementor-element elementor-element-178a293e elementor-widget elementor-widget-text-editor\" data-id=\"178a293e\" data-element_type=\"widget\" data-e-type=\"widget\" data-widget_type=\"text-editor.default\">\n\t\t\t\t<div class=\"elementor-widget-container\">\n\t\t\t\t\t\t\t\t\t<p>Le cardiologue de votre assign\u00e9 et son infirmi\u00e8re vous rencontreront par vid\u00e9o pour examiner les r\u00e9sultats de votre deuxi\u00e8me opinion. Il r\u00e9pondra \u00e0 vos questions. Si la chirurgie est n\u00e9cessaire, et vous envisagez la chirurgie aux \u00c9tats-Unis, assurez-vous de lui faire savoir.<\/p>\n<p>Lisez ci-dessous pour acqu\u00e9rir une compr\u00e9hension d\u00e9taill\u00e9e du processus de chirurgie.<\/p>\n\t\t\t\t\t\t\t\t<\/div>\n\t\t\t\t<\/div>\n\t\t\t\t<div class=\"elementor-element elementor-element-67a299fb elementor-widget elementor-widget-text-editor\" data-id=\"67a299fb\" data-element_type=\"widget\" data-e-type=\"widget\" data-widget_type=\"text-editor.default\">\n\t\t\t\t<div class=\"elementor-widget-container\">\n\t\t\t\t\t\t\t\t\t<p>R\u00e9sum\u00e9<\/p>\n<p>L\u2019an\u00e9vrisme de l\u2019aorte et les chirurgies de dissection sont effectu\u00e9s pour traiter les conditions potentiellement mortelles impliquant l\u2019aorte, l\u2019art\u00e8re principale du corps. Un an\u00e9vrisme de l\u2019aorte est un renflement dans la paroi de l\u2019aorte, tandis que la dissection aortique est une d\u00e9chirure de la couche interne de l\u2019aorte, provoquant l\u2019\u00e9coulement du sang entre les couches de la paroi aortique.<\/p>\n<p><strong>Types de chirurgies aortiques<\/strong><\/p>\n<ol>\n<li><strong>R\u00e9paration de l\u2019an\u00e9vrisme de l\u2019aorte<\/strong>&nbsp;:\n<ul>\n<li><strong>R\u00e9paration chirurgicale ouverte<\/strong>&nbsp;: La section endommag\u00e9e de l\u2019aorte est remplac\u00e9e par une greffe synth\u00e9tique \u00e0 travers une incision ouverte.<\/li>\n<li><strong>R\u00e9paration d\u2019an\u00e9vrisme endovasculaire (EVAR)<\/strong>&nbsp;: Une proc\u00e9dure mini-invasive o\u00f9 un stent-greffe est plac\u00e9 \u00e0 l\u2019int\u00e9rieur de l\u2019an\u00e9vrisme via des cath\u00e9ters ins\u00e9r\u00e9s \u00e0 travers l\u2019aine.<\/li>\n<\/ul>\n<\/li>\n<li><strong>R\u00e9paration de dissection aortique<\/strong>&nbsp;:\n<ul>\n<li><strong>R\u00e9paration chirurgicale ouverte<\/strong>&nbsp;: La section d\u00e9chir\u00e9e de l\u2019aorte est enlev\u00e9e et remplac\u00e9e par un greffon synth\u00e9tique.<\/li>\n<li><strong>R\u00e9paration endovasculaire<\/strong>&nbsp;: Semblable \u00e0 EVAR, cette proc\u00e9dure utilise une greffe d\u2019endoproth\u00e8se pour renforcer l\u2019aorte et sceller la dissection.<\/li>\n<\/ul>\n<\/li>\n<\/ol>\n<p><strong>Activit\u00e9s pr\u00e9-chirurgicales<\/strong><\/p>\n<ol>\n<li><strong>\u00c9valuation m\u00e9dicale<\/strong> :\n<ul>\n<li><strong>Consultation d\u2019un cardiologue et d\u2019un chirurgien<\/strong> : Discussion d\u00e9taill\u00e9e sur la proc\u00e9dure, les risques et les avantages.<\/li>\n<li><strong>Tests Pr\u00e9op\u00e9ratoires<\/strong>&nbsp;: \u00c9tudes d\u2019imagerie telles que les tomodensitogrammes, IRM, ou \u00e9chocardiogrammes pour \u00e9valuer l\u2019\u00e9tat de l\u2019aorte et planifier la chirurgie.<\/li>\n<\/ul>\n<\/li>\n<li><strong>M\u00e9dicaments<\/strong>&nbsp;:\n<ul>\n<li><strong>Examen des m\u00e9dicaments<\/strong>&nbsp;: Discuter des m\u00e9dicaments actuels avec votre m\u00e9decin pour \u00e9viter les complications.<\/li>\n<li><strong>Preoperative Medication Adjustments<\/strong>&nbsp;: Instructions sur la poursuite, arr\u00eater, ou ajuster les m\u00e9dicaments, en particulier les anticoagulants et les m\u00e9dicaments contre la pression art\u00e9rielle.<\/li>\n<\/ul>\n<\/li>\n<li><strong>Ajustements de style de vie<\/strong>&nbsp;:\n<ul>\n<li><strong>Restrictions di\u00e9t\u00e9tiques<\/strong> : Directives di\u00e9t\u00e9tiques sp\u00e9cifiques pour optimiser la sant\u00e9 avant chirurgie.<\/li>\n<li><strong>Sevrage TabAgique<\/strong> : Arr\u00eater de fumer pour am\u00e9liorer les r\u00e9sultats chirurgicaux et la sant\u00e9 vasculaire globale.<\/li>\n<\/ul>\n<\/li>\n<li><strong>Pr\u00e9parations \u00e0 l\u2019h\u00f4pital<\/strong> :\n<ul>\n<li><strong>Admission \u00e0 l\u2019h\u00f4pital<\/strong> : Comprendre le processus d\u2019admission et apporter les documents et les articles personnels n\u00e9cessaires.<\/li>\n<li><strong>Consentement \u00e9clair\u00e9<\/strong> : Signature de formulaires de consentement reconnaissant la compr\u00e9hension de la proc\u00e9dure et de ses risques.<\/li>\n<\/ul>\n<\/li>\n<li><strong>Instructions pr\u00e9op\u00e9ratoires<\/strong>&nbsp;:\n<ul>\n<li><strong>Je\u00fbne<\/strong> : Ne pas manger ou boire pendant une p\u00e9riode d\u00e9termin\u00e9e avant la chirurgie.<\/li>\n<li><strong>Hygi\u00e8ne<\/strong>&nbsp;: Instructions sur le bain et \u00e9ventuellement le rasage de la zone chirurgicale pour r\u00e9duire le risque d\u2019infection.<\/li>\n<\/ul>\n<\/li>\n<\/ol>\n<p><strong>Activit\u00e9s post-chirurgicales<\/strong><\/p>\n<ol>\n<li><strong>Soins postop\u00e9ratoires imm\u00e9diats<\/strong> :\n<ul>\n<li><strong>Salle de r\u00e9veil ou soins intensifs<\/strong> : Surveillance initiale dans la salle de r\u00e9veil ou l\u2019unit\u00e9 de soins intensifs (USI) imm\u00e9diatement apr\u00e8s la chirurgie.<\/li>\n<li><strong>Gestion de la douleur<\/strong>&nbsp;: Administration de m\u00e9dicaments de soulagement de la douleur.<\/li>\n<li><strong>Surveillance<\/strong> : Surveillance \u00e9troite de la fonction cardiaque, de la pression art\u00e9rielle et des niveaux d\u2019oxyg\u00e8ne.<\/li>\n<\/ul>\n<\/li>\n<li><strong>S\u00e9jour \u00e0 l\u2019h\u00f4pital<\/strong> :\n<ul>\n<li><strong>Surveillance r\u00e9guli\u00e8re<\/strong> : Surveillance continue des signes vitaux, de la fonction cardiaque et des sites chirurgicaux.<\/li>\n<li><strong>Mobilit\u00e9 et r\u00e9adaptation<\/strong>&nbsp;: Mobilisation pr\u00e9coce et th\u00e9rapie physique pour pr\u00e9venir les complications comme les caillots sanguins et pour commencer le processus de r\u00e9adaptation.<\/li>\n<li><strong>Soins des plaies<\/strong> : Gestion du site chirurgical, y compris les tubes thoraciques ou les drains.<\/li>\n<\/ul>\n<\/li>\n<li><strong>Soins \u00e0 domicile<\/strong> :\n<ul>\n<li><strong>Soins des plaies<\/strong>&nbsp;: Instructions sur la conservation du site chirurgical propre et sec.<\/li>\n<li><strong>M\u00e9dicaments<\/strong> : Continuer de prescrire des m\u00e9dicaments comme des m\u00e9dicaments pour la pression art\u00e9rielle, un soulagement de la douleur et des antibiotiques, au besoin.<\/li>\n<li><strong>Alimentation et nutrition<\/strong>&nbsp;: Suivre les directives alimentaires saines pour le c\u0153ur pour aider \u00e0 la r\u00e9cup\u00e9ration et pr\u00e9venir les probl\u00e8mes futurs.<\/li>\n<\/ul>\n<\/li>\n<li><strong>Soins de suivi<\/strong> :\n<ul>\n<li><strong>Rendez-vous pr\u00e9vus<\/strong> : Suivis r\u00e9guliers aupr\u00e8s du cardiologue et du chirurgien pour surveiller le r\u00e9tablissement et r\u00e9pondre \u00e0 toute pr\u00e9occupation.<\/li>\n<li><strong>Examens d\u2019imagerie<\/strong> : Examens d\u2019imagerie r\u00e9guliers pour surveiller l\u2019aorte r\u00e9par\u00e9e et s\u2019assurer qu\u2019il n\u2019y a pas de complications.<\/li>\n<li><strong>Surveillance des complications<\/strong> : Surveillance des signes d\u2019infection, de saignements ou d\u2019autres probl\u00e8mes li\u00e9s au c\u0153ur ou aux sites chirurgicaux.<\/li>\n<\/ul>\n<\/li>\n<li><strong>Gestion \u00e0 long terme<\/strong> :\n<ul>\n<li><strong>Ajustements au mode de vie<\/strong> : Adopter un mode de vie sain pour le c\u0153ur, y compris une alimentation \u00e9quilibr\u00e9e, de l\u2019exercice r\u00e9gulier, la gestion du stress et l\u2019abandon du tabac.<\/li>\n<li><strong>Soins m\u00e9dicaux continus<\/strong> : Examens r\u00e9guliers avec le cardiologue pour surveiller la sant\u00e9 cardiaque et g\u00e9rer toute maladie cardiaque en cours ou nouvelle.<\/li>\n<li><strong>Observance th\u00e9rapeutique<\/strong> : Continuer de prendre les m\u00e9dicaments prescrits pour g\u00e9rer les facteurs de risque comme l\u2019hypertension art\u00e9rielle et le cholest\u00e9rol.<\/li>\n<\/ul>\n<\/li>\n<\/ol>\n<p>Il est essentiel de comprendre les sp\u00e9cificit\u00e9s de votre an\u00e9vrisme de l\u2019aorte ou de votre chirurgie de dissection particuli\u00e8re, y compris les risques potentiels et les r\u00e9sultats attendus. Consultez toujours votre fournisseur de soins de sant\u00e9 pour obtenir des conseils et des instructions personnalis\u00e9s.<\/p>\n\t\t\t\t\t\t\t\t<\/div>\n\t\t\t\t<\/div>\n\t\t\t\t<\/div>\n\t\t<div class=\"elementor-element elementor-element-2e8e5628 e-con-full e-flex e-con e-child\" data-id=\"2e8e5628\" data-element_type=\"container\" data-e-type=\"container\" data-settings=\"{&quot;jet_parallax_layout_list&quot;:[]}\">\n\t\t\t\t<div class=\"elementor-element elementor-element-35e75104 elementor-widget elementor-widget-image\" data-id=\"35e75104\" data-element_type=\"widget\" data-e-type=\"widget\" data-widget_type=\"image.default\">\n\t\t\t\t<div class=\"elementor-widget-container\">\n\t\t\t\t\t\t\t\t\t\t\t\t\t\t\t<img fetchpriority=\"high\" decoding=\"async\" width=\"622\" height=\"400\" src=\"https:\/\/mdvisitclinic.com\/wp-content\/uploads\/2024\/06\/Aortic-Aneurysm.jpg\" class=\"attachment-full size-full wp-image-12394\" alt=\"\" srcset=\"https:\/\/mdvisitclinic.com\/wp-content\/uploads\/2024\/06\/Aortic-Aneurysm.jpg 622w, https:\/\/mdvisitclinic.com\/wp-content\/uploads\/2024\/06\/Aortic-Aneurysm-300x193.jpg 300w\" sizes=\"(max-width: 622px) 100vw, 622px\" \/>\t\t\t\t\t\t\t\t\t\t\t\t\t\t\t<\/div>\n\t\t\t\t<\/div>\n\t\t\t\t<\/div>\n\t\t\t\t\t<\/div>\n\t\t\t\t<\/div>\n\t\t\t\t<\/div>\n\t\t","protected":false},"excerpt":{"rendered":"<p>An\u00e9vrisme de l\u2019aorte et chirurgie de dissection L\u2019an\u00e9vrisme de l\u2019aorte et la chirurgie de dissection expliqu\u00e9s, y compris les activit\u00e9s pr\u00e9-chirurgicales et post-chirurgicales Le cardiologue de votre assign\u00e9 et son infirmi\u00e8re vous rencontreront par vid\u00e9o pour examiner les r\u00e9sultats de votre deuxi\u00e8me opinion. Il r\u00e9pondra \u00e0 vos questions. Si la chirurgie est n\u00e9cessaire, et vous [&hellip;]<\/p>\n","protected":false},"author":8,"featured_media":0,"parent":11638,"menu_order":0,"comment_status":"closed","ping_status":"closed","template":"elementor_header_footer","meta":{"_acf_changed":false,"_coblocks_attr":"","_coblocks_dimensions":"","_coblocks_responsive_height":"","_coblocks_accordion_ie_support":"","hide_page_title":"","footnotes":""},"class_list":["post-14313","page","type-page","status-publish","hentry"],"acf":[],"yoast_head":"<!-- This site is optimized with the Yoast SEO plugin v27.3 - https:\/\/yoast.com\/product\/yoast-seo-wordpress\/ -->\n<title>An\u00e9vrisme de l\u2019aorte et chirurgie de dissection - MDVISIT CLINIC<\/title>\n<meta name=\"robots\" content=\"noindex, follow, max-snippet:-1, max-image-preview:large, max-video-preview:-1\" \/>\n<meta property=\"og:locale\" content=\"fr_FR\" \/>\n<meta property=\"og:type\" content=\"article\" \/>\n<meta property=\"og:title\" content=\"An\u00e9vrisme de l\u2019aorte et chirurgie de dissection - MDVISIT CLINIC\" \/>\n<meta property=\"og:description\" content=\"An\u00e9vrisme de l\u2019aorte et chirurgie de dissection L\u2019an\u00e9vrisme de l\u2019aorte et la chirurgie de dissection expliqu\u00e9s, y compris les activit\u00e9s pr\u00e9-chirurgicales et post-chirurgicales Le cardiologue de votre assign\u00e9 et son infirmi\u00e8re vous rencontreront par vid\u00e9o pour examiner les r\u00e9sultats de votre deuxi\u00e8me opinion. Il r\u00e9pondra \u00e0 vos questions. Si la chirurgie est n\u00e9cessaire, et vous [&hellip;]\" \/>\n<meta property=\"og:url\" content=\"https:\/\/mdvisitclinic.com\/fr\/cardiologie-second-avis\/aortique-anevrisme-et-dissection-chirurgie\/\" \/>\n<meta property=\"og:site_name\" content=\"MDVISIT CLINIC\" \/>\n<meta property=\"article:modified_time\" content=\"2024-07-01T20:34:20+00:00\" \/>\n<meta property=\"og:image\" content=\"https:\/\/f55.01f.myftpupload.com\/wp-content\/uploads\/2024\/06\/Aortic-Aneurysm.jpg\" \/>\n<meta name=\"twitter:card\" content=\"summary_large_image\" \/>\n<meta name=\"twitter:label1\" content=\"Est. reading time\" \/>\n\t<meta name=\"twitter:data1\" content=\"5 minutes\" \/>\n<script type=\"application\/ld+json\" class=\"yoast-schema-graph\">{\"@context\":\"https:\\\/\\\/schema.org\",\"@graph\":[{\"@type\":\"WebPage\",\"@id\":\"https:\\\/\\\/mdvisitclinic.com\\\/fr\\\/cardiologie-second-avis\\\/aortique-anevrisme-et-dissection-chirurgie\\\/\",\"url\":\"https:\\\/\\\/mdvisitclinic.com\\\/fr\\\/cardiologie-second-avis\\\/aortique-anevrisme-et-dissection-chirurgie\\\/\",\"name\":\"An\u00e9vrisme de l\u2019aorte et chirurgie de dissection - MDVISIT CLINIC\",\"isPartOf\":{\"@id\":\"https:\\\/\\\/mdvisitclinic.com\\\/fr\\\/#website\"},\"primaryImageOfPage\":{\"@id\":\"https:\\\/\\\/mdvisitclinic.com\\\/fr\\\/cardiologie-second-avis\\\/aortique-anevrisme-et-dissection-chirurgie\\\/#primaryimage\"},\"image\":{\"@id\":\"https:\\\/\\\/mdvisitclinic.com\\\/fr\\\/cardiologie-second-avis\\\/aortique-anevrisme-et-dissection-chirurgie\\\/#primaryimage\"},\"thumbnailUrl\":\"https:\\\/\\\/f55.01f.myftpupload.com\\\/wp-content\\\/uploads\\\/2024\\\/06\\\/Aortic-Aneurysm.jpg\",\"datePublished\":\"2024-06-27T05:05:23+00:00\",\"dateModified\":\"2024-07-01T20:34:20+00:00\",\"breadcrumb\":{\"@id\":\"https:\\\/\\\/mdvisitclinic.com\\\/fr\\\/cardiologie-second-avis\\\/aortique-anevrisme-et-dissection-chirurgie\\\/#breadcrumb\"},\"inLanguage\":\"fr\",\"potentialAction\":[{\"@type\":\"ReadAction\",\"target\":[\"https:\\\/\\\/mdvisitclinic.com\\\/fr\\\/cardiologie-second-avis\\\/aortique-anevrisme-et-dissection-chirurgie\\\/\"]}]},{\"@type\":\"ImageObject\",\"inLanguage\":\"fr\",\"@id\":\"https:\\\/\\\/mdvisitclinic.com\\\/fr\\\/cardiologie-second-avis\\\/aortique-anevrisme-et-dissection-chirurgie\\\/#primaryimage\",\"url\":\"https:\\\/\\\/f55.01f.myftpupload.com\\\/wp-content\\\/uploads\\\/2024\\\/06\\\/Aortic-Aneurysm.jpg\",\"contentUrl\":\"https:\\\/\\\/f55.01f.myftpupload.com\\\/wp-content\\\/uploads\\\/2024\\\/06\\\/Aortic-Aneurysm.jpg\"},{\"@type\":\"BreadcrumbList\",\"@id\":\"https:\\\/\\\/mdvisitclinic.com\\\/fr\\\/cardiologie-second-avis\\\/aortique-anevrisme-et-dissection-chirurgie\\\/#breadcrumb\",\"itemListElement\":[{\"@type\":\"ListItem\",\"position\":1,\"name\":\"Home\",\"item\":\"https:\\\/\\\/mdvisitclinic.com\\\/fr\\\/\"},{\"@type\":\"ListItem\",\"position\":2,\"name\":\"Deuxi\u00e8me avis en cardiologie\",\"item\":\"https:\\\/\\\/mdvisitclinic.com\\\/fr\\\/cardiologie-second-avis\\\/\"},{\"@type\":\"ListItem\",\"position\":3,\"name\":\"An\u00e9vrisme de l\u2019aorte et chirurgie de dissection\"}]},{\"@type\":\"WebSite\",\"@id\":\"https:\\\/\\\/mdvisitclinic.com\\\/fr\\\/#website\",\"url\":\"https:\\\/\\\/mdvisitclinic.com\\\/fr\\\/\",\"name\":\"MDVISIT CLINIC\",\"description\":\"\",\"publisher\":{\"@id\":\"https:\\\/\\\/mdvisitclinic.com\\\/fr\\\/#organization\"},\"potentialAction\":[{\"@type\":\"SearchAction\",\"target\":{\"@type\":\"EntryPoint\",\"urlTemplate\":\"https:\\\/\\\/mdvisitclinic.com\\\/fr\\\/?s={search_term_string}\"},\"query-input\":{\"@type\":\"PropertyValueSpecification\",\"valueRequired\":true,\"valueName\":\"search_term_string\"}}],\"inLanguage\":\"fr\"},{\"@type\":\"Organization\",\"@id\":\"https:\\\/\\\/mdvisitclinic.com\\\/fr\\\/#organization\",\"name\":\"MDVISIT CLINIC\",\"url\":\"https:\\\/\\\/mdvisitclinic.com\\\/fr\\\/\",\"logo\":{\"@type\":\"ImageObject\",\"inLanguage\":\"fr\",\"@id\":\"https:\\\/\\\/mdvisitclinic.com\\\/fr\\\/#\\\/schema\\\/logo\\\/image\\\/\",\"url\":\"https:\\\/\\\/mdvisitclinic.com\\\/wp-content\\\/uploads\\\/2024\\\/03\\\/logo.png\",\"contentUrl\":\"https:\\\/\\\/mdvisitclinic.com\\\/wp-content\\\/uploads\\\/2024\\\/03\\\/logo.png\",\"width\":768,\"height\":118,\"caption\":\"MDVISIT CLINIC\"},\"image\":{\"@id\":\"https:\\\/\\\/mdvisitclinic.com\\\/fr\\\/#\\\/schema\\\/logo\\\/image\\\/\"}}]}<\/script>\n<!-- \/ Yoast SEO plugin. -->","yoast_head_json":{"title":"An\u00e9vrisme de l\u2019aorte et chirurgie de dissection - MDVISIT CLINIC","robots":{"index":"noindex","follow":"follow","max-snippet":"max-snippet:-1","max-image-preview":"max-image-preview:large","max-video-preview":"max-video-preview:-1"},"og_locale":"fr_FR","og_type":"article","og_title":"An\u00e9vrisme de l\u2019aorte et chirurgie de dissection - MDVISIT CLINIC","og_description":"An\u00e9vrisme de l\u2019aorte et chirurgie de dissection L\u2019an\u00e9vrisme de l\u2019aorte et la chirurgie de dissection expliqu\u00e9s, y compris les activit\u00e9s pr\u00e9-chirurgicales et post-chirurgicales Le cardiologue de votre assign\u00e9 et son infirmi\u00e8re vous rencontreront par vid\u00e9o pour examiner les r\u00e9sultats de votre deuxi\u00e8me opinion. Il r\u00e9pondra \u00e0 vos questions. Si la chirurgie est n\u00e9cessaire, et vous [&hellip;]","og_url":"https:\/\/mdvisitclinic.com\/fr\/cardiologie-second-avis\/aortique-anevrisme-et-dissection-chirurgie\/","og_site_name":"MDVISIT CLINIC","article_modified_time":"2024-07-01T20:34:20+00:00","og_image":[{"url":"https:\/\/f55.01f.myftpupload.com\/wp-content\/uploads\/2024\/06\/Aortic-Aneurysm.jpg","type":"","width":"","height":""}],"twitter_card":"summary_large_image","twitter_misc":{"Est. reading time":"5 minutes"},"schema":{"@context":"https:\/\/schema.org","@graph":[{"@type":"WebPage","@id":"https:\/\/mdvisitclinic.com\/fr\/cardiologie-second-avis\/aortique-anevrisme-et-dissection-chirurgie\/","url":"https:\/\/mdvisitclinic.com\/fr\/cardiologie-second-avis\/aortique-anevrisme-et-dissection-chirurgie\/","name":"An\u00e9vrisme de l\u2019aorte et chirurgie de dissection - MDVISIT CLINIC","isPartOf":{"@id":"https:\/\/mdvisitclinic.com\/fr\/#website"},"primaryImageOfPage":{"@id":"https:\/\/mdvisitclinic.com\/fr\/cardiologie-second-avis\/aortique-anevrisme-et-dissection-chirurgie\/#primaryimage"},"image":{"@id":"https:\/\/mdvisitclinic.com\/fr\/cardiologie-second-avis\/aortique-anevrisme-et-dissection-chirurgie\/#primaryimage"},"thumbnailUrl":"https:\/\/f55.01f.myftpupload.com\/wp-content\/uploads\/2024\/06\/Aortic-Aneurysm.jpg","datePublished":"2024-06-27T05:05:23+00:00","dateModified":"2024-07-01T20:34:20+00:00","breadcrumb":{"@id":"https:\/\/mdvisitclinic.com\/fr\/cardiologie-second-avis\/aortique-anevrisme-et-dissection-chirurgie\/#breadcrumb"},"inLanguage":"fr","potentialAction":[{"@type":"ReadAction","target":["https:\/\/mdvisitclinic.com\/fr\/cardiologie-second-avis\/aortique-anevrisme-et-dissection-chirurgie\/"]}]},{"@type":"ImageObject","inLanguage":"fr","@id":"https:\/\/mdvisitclinic.com\/fr\/cardiologie-second-avis\/aortique-anevrisme-et-dissection-chirurgie\/#primaryimage","url":"https:\/\/f55.01f.myftpupload.com\/wp-content\/uploads\/2024\/06\/Aortic-Aneurysm.jpg","contentUrl":"https:\/\/f55.01f.myftpupload.com\/wp-content\/uploads\/2024\/06\/Aortic-Aneurysm.jpg"},{"@type":"BreadcrumbList","@id":"https:\/\/mdvisitclinic.com\/fr\/cardiologie-second-avis\/aortique-anevrisme-et-dissection-chirurgie\/#breadcrumb","itemListElement":[{"@type":"ListItem","position":1,"name":"Home","item":"https:\/\/mdvisitclinic.com\/fr\/"},{"@type":"ListItem","position":2,"name":"Deuxi\u00e8me avis en cardiologie","item":"https:\/\/mdvisitclinic.com\/fr\/cardiologie-second-avis\/"},{"@type":"ListItem","position":3,"name":"An\u00e9vrisme de l\u2019aorte et chirurgie de dissection"}]},{"@type":"WebSite","@id":"https:\/\/mdvisitclinic.com\/fr\/#website","url":"https:\/\/mdvisitclinic.com\/fr\/","name":"MDVISIT CLINIC","description":"","publisher":{"@id":"https:\/\/mdvisitclinic.com\/fr\/#organization"},"potentialAction":[{"@type":"SearchAction","target":{"@type":"EntryPoint","urlTemplate":"https:\/\/mdvisitclinic.com\/fr\/?s={search_term_string}"},"query-input":{"@type":"PropertyValueSpecification","valueRequired":true,"valueName":"search_term_string"}}],"inLanguage":"fr"},{"@type":"Organization","@id":"https:\/\/mdvisitclinic.com\/fr\/#organization","name":"MDVISIT CLINIC","url":"https:\/\/mdvisitclinic.com\/fr\/","logo":{"@type":"ImageObject","inLanguage":"fr","@id":"https:\/\/mdvisitclinic.com\/fr\/#\/schema\/logo\/image\/","url":"https:\/\/mdvisitclinic.com\/wp-content\/uploads\/2024\/03\/logo.png","contentUrl":"https:\/\/mdvisitclinic.com\/wp-content\/uploads\/2024\/03\/logo.png","width":768,"height":118,"caption":"MDVISIT CLINIC"},"image":{"@id":"https:\/\/mdvisitclinic.com\/fr\/#\/schema\/logo\/image\/"}}]}},"_links":{"self":[{"href":"https:\/\/mdvisitclinic.com\/fr\/wp-json\/wp\/v2\/pages\/14313","targetHints":{"allow":["GET"]}}],"collection":[{"href":"https:\/\/mdvisitclinic.com\/fr\/wp-json\/wp\/v2\/pages"}],"about":[{"href":"https:\/\/mdvisitclinic.com\/fr\/wp-json\/wp\/v2\/types\/page"}],"author":[{"embeddable":true,"href":"https:\/\/mdvisitclinic.com\/fr\/wp-json\/wp\/v2\/users\/8"}],"replies":[{"embeddable":true,"href":"https:\/\/mdvisitclinic.com\/fr\/wp-json\/wp\/v2\/comments?post=14313"}],"version-history":[{"count":2,"href":"https:\/\/mdvisitclinic.com\/fr\/wp-json\/wp\/v2\/pages\/14313\/revisions"}],"predecessor-version":[{"id":14319,"href":"https:\/\/mdvisitclinic.com\/fr\/wp-json\/wp\/v2\/pages\/14313\/revisions\/14319"}],"up":[{"embeddable":true,"href":"https:\/\/mdvisitclinic.com\/fr\/wp-json\/wp\/v2\/pages\/11638"}],"wp:attachment":[{"href":"https:\/\/mdvisitclinic.com\/fr\/wp-json\/wp\/v2\/media?parent=14313"}],"curies":[{"name":"wp","href":"https:\/\/api.w.org\/{rel}","templated":true}]}}