{"id":14494,"date":"2024-06-27T04:41:20","date_gmt":"2024-06-27T04:41:20","guid":{"rendered":"https:\/\/f55.01f.myftpupload.com\/deuxieme-opinion-toutes-autres-conditions\/gastro-enterologie-chirurgie\/"},"modified":"2024-07-01T20:37:29","modified_gmt":"2024-07-01T20:37:29","slug":"gastro-enterologie-chirurgie","status":"publish","type":"page","link":"https:\/\/mdvisitclinic.com\/fr\/deuxieme-opinion-toutes-autres-conditions\/gastro-enterologie-chirurgie\/","title":{"rendered":"Chirurgie gastro-ent\u00e9rologique"},"content":{"rendered":"\t\t<div data-elementor-type=\"wp-page\" data-elementor-id=\"14494\" class=\"elementor elementor-14494 elementor-13243\" data-elementor-post-type=\"page\">\n\t\t\t\t<div class=\"elementor-element elementor-element-37327b19 e-flex e-con-boxed e-con e-parent\" data-id=\"37327b19\" data-element_type=\"container\" data-e-type=\"container\" data-settings=\"{&quot;background_background&quot;:&quot;classic&quot;,&quot;jet_parallax_layout_list&quot;:[]}\">\n\t\t\t\t\t<div class=\"e-con-inner\">\n\t\t<div class=\"elementor-element elementor-element-701aceb4 e-con-full e-flex e-con e-child\" data-id=\"701aceb4\" data-element_type=\"container\" data-e-type=\"container\" data-settings=\"{&quot;jet_parallax_layout_list&quot;:[]}\">\n\t\t\t\t<div class=\"elementor-element elementor-element-2d1d3bcd elementor-widget elementor-widget-heading\" data-id=\"2d1d3bcd\" data-element_type=\"widget\" data-e-type=\"widget\" data-widget_type=\"heading.default\">\n\t\t\t\t<div class=\"elementor-widget-container\">\n\t\t\t\t\t<h2 class=\"elementor-heading-title elementor-size-default\">Chirurgie gastro-ent\u00e9rologique  <\/h2>\t\t\t\t<\/div>\n\t\t\t\t<\/div>\n\t\t\t\t<\/div>\n\t\t\t\t\t<\/div>\n\t\t\t\t<\/div>\n\t\t<div class=\"elementor-element elementor-element-20461852 e-flex e-con-boxed e-con e-parent\" data-id=\"20461852\" data-element_type=\"container\" data-e-type=\"container\" data-settings=\"{&quot;jet_parallax_layout_list&quot;:[]}\">\n\t\t\t\t\t<div class=\"e-con-inner\">\n\t\t<div class=\"elementor-element elementor-element-4012b1e e-con-full e-flex e-con e-child\" data-id=\"4012b1e\" data-element_type=\"container\" data-e-type=\"container\" data-settings=\"{&quot;jet_parallax_layout_list&quot;:[]}\">\n\t\t\t\t<div class=\"elementor-element elementor-element-364586fd elementor-widget elementor-widget-heading\" data-id=\"364586fd\" data-element_type=\"widget\" data-e-type=\"widget\" data-widget_type=\"heading.default\">\n\t\t\t\t<div class=\"elementor-widget-container\">\n\t\t\t\t\t<h2 class=\"elementor-heading-title elementor-size-default\">La chirurgie gastro-ent\u00e9rologique expliqu\u00e9e, y compris les activit\u00e9s pr\u00e9-chirurgicales et post-chirurgicales  <\/h2>\t\t\t\t<\/div>\n\t\t\t\t<\/div>\n\t\t\t\t<div class=\"elementor-element elementor-element-3ecab9fb elementor-widget elementor-widget-text-editor\" data-id=\"3ecab9fb\" data-element_type=\"widget\" data-e-type=\"widget\" data-widget_type=\"text-editor.default\">\n\t\t\t\t<div class=\"elementor-widget-container\">\n\t\t\t\t\t\t\t\t\t<p>Votre gastro-ent\u00e9rologue d\u00e9sign\u00e9 et son infirmi\u00e8re vous rencontreront par vid\u00e9o pour examiner les r\u00e9sultats de votre deuxi\u00e8me opinion. Il r\u00e9pondra \u00e0 vos questions. Si la chirurgie est n\u00e9cessaire, et vous envisagez la chirurgie aux \u00c9tats-Unis, assurez-vous de lui faire savoir.<\/p>\n<p>Lisez ci-dessous pour acqu\u00e9rir une compr\u00e9hension d\u00e9taill\u00e9e du processus de chirurgie.<\/p>\n\t\t\t\t\t\t\t\t<\/div>\n\t\t\t\t<\/div>\n\t\t\t\t<div class=\"elementor-element elementor-element-671b6d54 elementor-widget elementor-widget-text-editor\" data-id=\"671b6d54\" data-element_type=\"widget\" data-e-type=\"widget\" data-widget_type=\"text-editor.default\">\n\t\t\t\t<div class=\"elementor-widget-container\">\n\t\t\t\t\t\t\t\t\t<p>R\u00e9sum\u00e9<\/p>\n<p>La chirurgie gastro-ent\u00e9rologique implique des proc\u00e9dures sur le syst\u00e8me digestif, y compris l\u2019\u0153sophage, l\u2019estomac, les intestins, le foie, le pancr\u00e9as et la v\u00e9sicule biliaire. Ces chirurgies traitent diverses affections telles que le cancer, les maladies inflammatoires de l\u2019intestin (MII), les calculs biliaires et les hernies.<\/p>\n<p><strong>Types de chirurgies de gastro-ent\u00e9rologie<\/strong><\/p>\n<ol>\n<li><strong>Chirurgie oesophagienne<\/strong> :\n<ul>\n<li><strong>Oesophagectomie<\/strong> : Ablation d\u2019une partie ou de la totalit\u00e9 de l\u2019\u0153sophage, habituellement pour un cancer.<\/li>\n<li><strong>Fundoplication<\/strong>&nbsp;: Proc\u00e9dure pour traiter la maladie de reflux gastro-\u0153sophagien (RGO).<\/li>\n<\/ul>\n<\/li>\n<li><strong>Chirurgie de l\u2019estomac<\/strong>&nbsp;:\n<ul>\n<li><strong>Gastrectomie<\/strong> : Ablation d\u2019une partie ou de la totalit\u00e9 de l\u2019estomac, souvent en raison d\u2019un cancer.<\/li>\n<li><strong>D\u00e9rivation Gastrique<\/strong>&nbsp;: Chirurgie de perte de poids qui modifie la structure de l\u2019estomac et de l\u2019intestin gr\u00eale.<\/li>\n<\/ul>\n<\/li>\n<li><strong>Chirurgie intestinale<\/strong>&nbsp;:\n<ul>\n<li><strong>Colectomie<\/strong> : Ablation d\u2019une partie ou de la totalit\u00e9 du c\u00f4lon, g\u00e9n\u00e9ralement pour des affections comme le cancer ou la colite ulc\u00e9reuse.<\/li>\n<li><strong>R\u00e9section de l\u2019intestin gr\u00eale<\/strong>&nbsp;: Enl\u00e8vement d\u2019une partie de l\u2019intestin gr\u00eale, souvent due \u00e0 la maladie de Crohn ou tumeurs.<\/li>\n<\/ul>\n<\/li>\n<li><strong>Chirurgie du foie<\/strong>&nbsp;:\n<ul>\n<li><strong>H\u00e9patectomie<\/strong> : Ablation d\u2019une partie du foie, habituellement pour un cancer du foie.<\/li>\n<li><strong>Greffe De Foie<\/strong>&nbsp;: Remplacement d\u2019un foie malade par un sain d\u2019un donneur.<\/li>\n<\/ul>\n<\/li>\n<li><strong>Chirurgie pancr\u00e9atique<\/strong> :\n<ul>\n<li><strong>Pancr\u00e9atectomie<\/strong> : Ablation d\u2019une partie ou de la totalit\u00e9 du pancr\u00e9as, habituellement pour le cancer du pancr\u00e9as.<\/li>\n<li><strong>Proc\u00e9dure de Whipple (Pancreaticoduodenectomy)<\/strong> : Ablation de la t\u00eate du pancr\u00e9as, d\u2019une partie de l\u2019intestin gr\u00eale, de la v\u00e9sicule biliaire et du canal biliaire.<\/li>\n<\/ul>\n<\/li>\n<li><strong>Chirurgie de la v\u00e9sicule biliaire<\/strong>&nbsp;:\n<ul>\n<li><strong>Chol\u00e9cystectomie<\/strong>&nbsp;: Ablation de la v\u00e9sicule biliaire, souvent due \u00e0 des calculs biliaires.<\/li>\n<\/ul>\n<\/li>\n<li><strong>Chirurgie de hernie<\/strong>&nbsp;:\n<ul>\n<li><strong>Herniorrhaphy ou Hernioplastie<\/strong>&nbsp;: R\u00e9paration d\u2019une hernie, g\u00e9n\u00e9ralement dans la paroi abdominale.<\/li>\n<\/ul>\n<\/li>\n<\/ol>\n<p><strong>Activit\u00e9s pr\u00e9-chirurgicales<\/strong><\/p>\n<ol>\n<li><strong>\u00c9valuation m\u00e9dicale<\/strong> :\n<ul>\n<li><strong>Consultation avec un chirurgien<\/strong> : Discussion d\u00e9taill\u00e9e sur la proc\u00e9dure, les risques et les avantages.<\/li>\n<li><strong>Tests pr\u00e9op\u00e9ratoires<\/strong> : Analyses sanguines, \u00e9tudes d\u2019imagerie (p. ex. \u00e9chographie, tomodensitom\u00e9trie, IRM) et endoscopie au besoin.<\/li>\n<\/ul>\n<\/li>\n<li><strong>M\u00e9dicaments<\/strong>&nbsp;:\n<ul>\n<li><strong>Examen des m\u00e9dicaments<\/strong>&nbsp;: Discuter des m\u00e9dicaments actuels avec votre m\u00e9decin pour \u00e9viter les complications.<\/li>\n<li><strong>Ajustements de m\u00e9dicaments pr\u00e9op\u00e9ratoires<\/strong>&nbsp;: Arr\u00eat de certains m\u00e9dicaments comme les anticoagulants et la gestion des maladies chroniques.<\/li>\n<\/ul>\n<\/li>\n<li><strong>Ajustements de style de vie<\/strong>&nbsp;:\n<ul>\n<li><strong>Restrictions alimentaires<\/strong>&nbsp;: Je\u00fbne pendant une p\u00e9riode sp\u00e9cifi\u00e9e avant la chirurgie.<\/li>\n<li><strong>Sevrage tabagique<\/strong> : Arr\u00eater de fumer pour am\u00e9liorer la gu\u00e9rison et r\u00e9duire les risques.<\/li>\n<\/ul>\n<\/li>\n<li><strong>Pr\u00e9parations \u00e0 l\u2019h\u00f4pital<\/strong> :\n<ul>\n<li><strong>Admission \u00e0 l\u2019h\u00f4pital<\/strong> : Comprendre le processus d\u2019admission et apporter les documents et les articles personnels n\u00e9cessaires.<\/li>\n<li><strong>Consentement \u00e9clair\u00e9<\/strong> : Signature de formulaires de consentement reconnaissant la compr\u00e9hension de la proc\u00e9dure.<\/li>\n<\/ul>\n<\/li>\n<\/ol>\n<p><strong>Activit\u00e9s post-chirurgicales<\/strong><\/p>\n<ol>\n<li><strong>Soins postop\u00e9ratoires imm\u00e9diats<\/strong> :\n<ul>\n<li><strong>Salle de r\u00e9veil<\/strong> : Surveillance dans la salle de r\u00e9veil imm\u00e9diatement apr\u00e8s la chirurgie.<\/li>\n<li><strong>Gestion de la douleur<\/strong>&nbsp;: Administration de m\u00e9dicaments de soulagement de la douleur.<\/li>\n<li><strong>Gestion des fluides et de la nutrition<\/strong>&nbsp;: R\u00e9introduction progressive des fluides et des aliments, commen\u00e7ant souvent par un r\u00e9gime liquide.<\/li>\n<\/ul>\n<\/li>\n<li><strong>S\u00e9jour \u00e0 l\u2019h\u00f4pital<\/strong> :\n<ul>\n<li><strong>Surveillance<\/strong> : Surveillance r\u00e9guli\u00e8re des signes vitaux, de la fonction intestinale et du site chirurgical.<\/li>\n<li><strong>Mobilit\u00e9<\/strong>&nbsp;: Encouragement \u00e0 bouger et \u00e0 marcher pour pr\u00e9venir les complications comme les caillots sanguins et am\u00e9liorer la fonction intestinale.<\/li>\n<li><strong>Soin des plaies<\/strong>&nbsp;: G\u00e9rer le site chirurgical et tous les drains ou cath\u00e9ters.<\/li>\n<\/ul>\n<\/li>\n<li><strong>Soins \u00e0 domicile<\/strong> :\n<ul>\n<li><strong>Soins des plaies<\/strong>&nbsp;: Instructions sur la conservation du site chirurgical propre et sec.<\/li>\n<li><strong>M\u00e9dicaments<\/strong> : Analg\u00e9siques, antibiotiques et tout autre m\u00e9dicament prescrit.<\/li>\n<li><strong>Alimentation et nutrition<\/strong>&nbsp;: Progression progressive des liquides aux aliments solides, avec des directives alimentaires sp\u00e9cifiques bas\u00e9es sur le type de chirurgie.<\/li>\n<\/ul>\n<\/li>\n<li><strong>Suivi<\/strong> :\n<ul>\n<li><strong>Rendez-vous pr\u00e9vus<\/strong> : Suivis r\u00e9guliers avec le chirurgien pour surveiller le r\u00e9tablissement et r\u00e9pondre \u00e0 toute pr\u00e9occupation.<\/li>\n<li><strong>Surveillance des complications<\/strong>&nbsp;: \u00c0 l\u2019aff\u00fbt des signes d\u2019infection, de saignement ou d\u2019autres probl\u00e8mes.<\/li>\n<li><strong>Tests de laboratoire et imagerie<\/strong>&nbsp;: Tests r\u00e9guliers pour assurer la gu\u00e9rison et le fonctionnement du syst\u00e8me digestif.<\/li>\n<\/ul>\n<\/li>\n<li><strong>R\u00e9tablissement \u00e0 long terme<\/strong> :\n<ul>\n<li><strong>Ajustements de mode de vie<\/strong>&nbsp;: Changements dans le r\u00e9gime alimentaire, exercice, et les habitudes pour soutenir la gu\u00e9rison et pr\u00e9venir la r\u00e9currence de la condition.<\/li>\n<li><strong>R\u00e9adaptation<\/strong> : Physioth\u00e9rapie ou autres services de r\u00e9adaptation, au besoin.<\/li>\n<li><strong>Soutien et counseling<\/strong> : Soutien \u00e9motionnel et psychologique pour s\u2019adapter \u00e0 la vie apr\u00e8s la chirurgie.<\/li>\n<\/ul>\n<\/li>\n<\/ol>\n<p>Il est essentiel de comprendre les d\u00e9tails de votre chirurgie gastro-ent\u00e9rologique particuli\u00e8re, y compris les risques potentiels et les r\u00e9sultats attendus. Consultez toujours votre fournisseur de soins de sant\u00e9 pour obtenir des conseils et des instructions personnalis\u00e9s.<\/p>\n\t\t\t\t\t\t\t\t<\/div>\n\t\t\t\t<\/div>\n\t\t\t\t<\/div>\n\t\t<div class=\"elementor-element elementor-element-1771e2b6 e-con-full e-flex e-con e-child\" data-id=\"1771e2b6\" data-element_type=\"container\" data-e-type=\"container\" data-settings=\"{&quot;jet_parallax_layout_list&quot;:[]}\">\n\t\t\t\t<div class=\"elementor-element elementor-element-289ba47e elementor-widget elementor-widget-image\" data-id=\"289ba47e\" data-element_type=\"widget\" data-e-type=\"widget\" data-widget_type=\"image.default\">\n\t\t\t\t<div class=\"elementor-widget-container\">\n\t\t\t\t\t\t\t\t\t\t\t\t\t\t\t<img fetchpriority=\"high\" decoding=\"async\" width=\"711\" height=\"400\" src=\"https:\/\/mdvisitclinic.com\/wp-content\/uploads\/2024\/06\/Gastroenterology.jpg\" class=\"attachment-full size-full wp-image-12158\" alt=\"\" srcset=\"https:\/\/mdvisitclinic.com\/wp-content\/uploads\/2024\/06\/Gastroenterology.jpg 711w, https:\/\/mdvisitclinic.com\/wp-content\/uploads\/2024\/06\/Gastroenterology-300x169.jpg 300w\" sizes=\"(max-width: 711px) 100vw, 711px\" \/>\t\t\t\t\t\t\t\t\t\t\t\t\t\t\t<\/div>\n\t\t\t\t<\/div>\n\t\t\t\t<\/div>\n\t\t\t\t\t<\/div>\n\t\t\t\t<\/div>\n\t\t\t\t<\/div>\n\t\t","protected":false},"excerpt":{"rendered":"<p>Chirurgie gastro-ent\u00e9rologique La chirurgie gastro-ent\u00e9rologique expliqu\u00e9e, y compris les activit\u00e9s pr\u00e9-chirurgicales et post-chirurgicales Votre gastro-ent\u00e9rologue d\u00e9sign\u00e9 et son infirmi\u00e8re vous rencontreront par vid\u00e9o pour examiner les r\u00e9sultats de votre deuxi\u00e8me opinion. Il r\u00e9pondra \u00e0 vos questions. Si la chirurgie est n\u00e9cessaire, et vous envisagez la chirurgie aux \u00c9tats-Unis, assurez-vous de lui faire savoir. Lisez ci-dessous [&hellip;]<\/p>\n","protected":false},"author":8,"featured_media":0,"parent":11668,"menu_order":0,"comment_status":"closed","ping_status":"closed","template":"elementor_header_footer","meta":{"_acf_changed":false,"_coblocks_attr":"","_coblocks_dimensions":"","_coblocks_responsive_height":"","_coblocks_accordion_ie_support":"","hide_page_title":"","footnotes":""},"class_list":["post-14494","page","type-page","status-publish","hentry"],"acf":[],"yoast_head":"<!-- This site is optimized with the Yoast SEO plugin v27.3 - https:\/\/yoast.com\/product\/yoast-seo-wordpress\/ -->\n<title>Chirurgie gastro-ent\u00e9rologique - MDVISIT CLINIC<\/title>\n<meta name=\"robots\" content=\"noindex, follow, max-snippet:-1, max-image-preview:large, max-video-preview:-1\" \/>\n<meta property=\"og:locale\" content=\"fr_FR\" \/>\n<meta property=\"og:type\" content=\"article\" \/>\n<meta property=\"og:title\" content=\"Chirurgie gastro-ent\u00e9rologique - MDVISIT CLINIC\" \/>\n<meta property=\"og:description\" content=\"Chirurgie gastro-ent\u00e9rologique La chirurgie gastro-ent\u00e9rologique expliqu\u00e9e, y compris les activit\u00e9s pr\u00e9-chirurgicales et post-chirurgicales Votre gastro-ent\u00e9rologue d\u00e9sign\u00e9 et son infirmi\u00e8re vous rencontreront par vid\u00e9o pour examiner les r\u00e9sultats de votre deuxi\u00e8me opinion. Il r\u00e9pondra \u00e0 vos questions. Si la chirurgie est n\u00e9cessaire, et vous envisagez la chirurgie aux \u00c9tats-Unis, assurez-vous de lui faire savoir. Lisez ci-dessous [&hellip;]\" \/>\n<meta property=\"og:url\" content=\"https:\/\/mdvisitclinic.com\/fr\/deuxieme-opinion-toutes-autres-conditions\/gastro-enterologie-chirurgie\/\" \/>\n<meta property=\"og:site_name\" content=\"MDVISIT CLINIC\" \/>\n<meta property=\"article:modified_time\" content=\"2024-07-01T20:37:29+00:00\" \/>\n<meta property=\"og:image\" content=\"https:\/\/f55.01f.myftpupload.com\/wp-content\/uploads\/2024\/06\/Gastroenterology.jpg\" \/>\n<meta name=\"twitter:card\" content=\"summary_large_image\" \/>\n<meta name=\"twitter:label1\" content=\"Est. reading time\" \/>\n\t<meta name=\"twitter:data1\" content=\"4 minutes\" \/>\n<script type=\"application\/ld+json\" class=\"yoast-schema-graph\">{\"@context\":\"https:\\\/\\\/schema.org\",\"@graph\":[{\"@type\":\"WebPage\",\"@id\":\"https:\\\/\\\/mdvisitclinic.com\\\/fr\\\/deuxieme-opinion-toutes-autres-conditions\\\/gastro-enterologie-chirurgie\\\/\",\"url\":\"https:\\\/\\\/mdvisitclinic.com\\\/fr\\\/deuxieme-opinion-toutes-autres-conditions\\\/gastro-enterologie-chirurgie\\\/\",\"name\":\"Chirurgie gastro-ent\u00e9rologique - MDVISIT CLINIC\",\"isPartOf\":{\"@id\":\"https:\\\/\\\/mdvisitclinic.com\\\/fr\\\/#website\"},\"primaryImageOfPage\":{\"@id\":\"https:\\\/\\\/mdvisitclinic.com\\\/fr\\\/deuxieme-opinion-toutes-autres-conditions\\\/gastro-enterologie-chirurgie\\\/#primaryimage\"},\"image\":{\"@id\":\"https:\\\/\\\/mdvisitclinic.com\\\/fr\\\/deuxieme-opinion-toutes-autres-conditions\\\/gastro-enterologie-chirurgie\\\/#primaryimage\"},\"thumbnailUrl\":\"https:\\\/\\\/f55.01f.myftpupload.com\\\/wp-content\\\/uploads\\\/2024\\\/06\\\/Gastroenterology.jpg\",\"datePublished\":\"2024-06-27T04:41:20+00:00\",\"dateModified\":\"2024-07-01T20:37:29+00:00\",\"breadcrumb\":{\"@id\":\"https:\\\/\\\/mdvisitclinic.com\\\/fr\\\/deuxieme-opinion-toutes-autres-conditions\\\/gastro-enterologie-chirurgie\\\/#breadcrumb\"},\"inLanguage\":\"fr\",\"potentialAction\":[{\"@type\":\"ReadAction\",\"target\":[\"https:\\\/\\\/mdvisitclinic.com\\\/fr\\\/deuxieme-opinion-toutes-autres-conditions\\\/gastro-enterologie-chirurgie\\\/\"]}]},{\"@type\":\"ImageObject\",\"inLanguage\":\"fr\",\"@id\":\"https:\\\/\\\/mdvisitclinic.com\\\/fr\\\/deuxieme-opinion-toutes-autres-conditions\\\/gastro-enterologie-chirurgie\\\/#primaryimage\",\"url\":\"https:\\\/\\\/f55.01f.myftpupload.com\\\/wp-content\\\/uploads\\\/2024\\\/06\\\/Gastroenterology.jpg\",\"contentUrl\":\"https:\\\/\\\/f55.01f.myftpupload.com\\\/wp-content\\\/uploads\\\/2024\\\/06\\\/Gastroenterology.jpg\"},{\"@type\":\"BreadcrumbList\",\"@id\":\"https:\\\/\\\/mdvisitclinic.com\\\/fr\\\/deuxieme-opinion-toutes-autres-conditions\\\/gastro-enterologie-chirurgie\\\/#breadcrumb\",\"itemListElement\":[{\"@type\":\"ListItem\",\"position\":1,\"name\":\"Home\",\"item\":\"https:\\\/\\\/mdvisitclinic.com\\\/fr\\\/\"},{\"@type\":\"ListItem\",\"position\":2,\"name\":\"Deuxi\u00e8me avis Toutes les autres conditions\",\"item\":\"https:\\\/\\\/mdvisitclinic.com\\\/fr\\\/deuxieme-opinion-toutes-autres-conditions\\\/\"},{\"@type\":\"ListItem\",\"position\":3,\"name\":\"Chirurgie gastro-ent\u00e9rologique\"}]},{\"@type\":\"WebSite\",\"@id\":\"https:\\\/\\\/mdvisitclinic.com\\\/fr\\\/#website\",\"url\":\"https:\\\/\\\/mdvisitclinic.com\\\/fr\\\/\",\"name\":\"MDVISIT CLINIC\",\"description\":\"\",\"publisher\":{\"@id\":\"https:\\\/\\\/mdvisitclinic.com\\\/fr\\\/#organization\"},\"potentialAction\":[{\"@type\":\"SearchAction\",\"target\":{\"@type\":\"EntryPoint\",\"urlTemplate\":\"https:\\\/\\\/mdvisitclinic.com\\\/fr\\\/?s={search_term_string}\"},\"query-input\":{\"@type\":\"PropertyValueSpecification\",\"valueRequired\":true,\"valueName\":\"search_term_string\"}}],\"inLanguage\":\"fr\"},{\"@type\":\"Organization\",\"@id\":\"https:\\\/\\\/mdvisitclinic.com\\\/fr\\\/#organization\",\"name\":\"MDVISIT CLINIC\",\"url\":\"https:\\\/\\\/mdvisitclinic.com\\\/fr\\\/\",\"logo\":{\"@type\":\"ImageObject\",\"inLanguage\":\"fr\",\"@id\":\"https:\\\/\\\/mdvisitclinic.com\\\/fr\\\/#\\\/schema\\\/logo\\\/image\\\/\",\"url\":\"https:\\\/\\\/mdvisitclinic.com\\\/wp-content\\\/uploads\\\/2024\\\/03\\\/logo.png\",\"contentUrl\":\"https:\\\/\\\/mdvisitclinic.com\\\/wp-content\\\/uploads\\\/2024\\\/03\\\/logo.png\",\"width\":768,\"height\":118,\"caption\":\"MDVISIT CLINIC\"},\"image\":{\"@id\":\"https:\\\/\\\/mdvisitclinic.com\\\/fr\\\/#\\\/schema\\\/logo\\\/image\\\/\"}}]}<\/script>\n<!-- \/ Yoast SEO plugin. -->","yoast_head_json":{"title":"Chirurgie gastro-ent\u00e9rologique - MDVISIT CLINIC","robots":{"index":"noindex","follow":"follow","max-snippet":"max-snippet:-1","max-image-preview":"max-image-preview:large","max-video-preview":"max-video-preview:-1"},"og_locale":"fr_FR","og_type":"article","og_title":"Chirurgie gastro-ent\u00e9rologique - MDVISIT CLINIC","og_description":"Chirurgie gastro-ent\u00e9rologique La chirurgie gastro-ent\u00e9rologique expliqu\u00e9e, y compris les activit\u00e9s pr\u00e9-chirurgicales et post-chirurgicales Votre gastro-ent\u00e9rologue d\u00e9sign\u00e9 et son infirmi\u00e8re vous rencontreront par vid\u00e9o pour examiner les r\u00e9sultats de votre deuxi\u00e8me opinion. Il r\u00e9pondra \u00e0 vos questions. Si la chirurgie est n\u00e9cessaire, et vous envisagez la chirurgie aux \u00c9tats-Unis, assurez-vous de lui faire savoir. Lisez ci-dessous [&hellip;]","og_url":"https:\/\/mdvisitclinic.com\/fr\/deuxieme-opinion-toutes-autres-conditions\/gastro-enterologie-chirurgie\/","og_site_name":"MDVISIT CLINIC","article_modified_time":"2024-07-01T20:37:29+00:00","og_image":[{"url":"https:\/\/f55.01f.myftpupload.com\/wp-content\/uploads\/2024\/06\/Gastroenterology.jpg","type":"","width":"","height":""}],"twitter_card":"summary_large_image","twitter_misc":{"Est. reading time":"4 minutes"},"schema":{"@context":"https:\/\/schema.org","@graph":[{"@type":"WebPage","@id":"https:\/\/mdvisitclinic.com\/fr\/deuxieme-opinion-toutes-autres-conditions\/gastro-enterologie-chirurgie\/","url":"https:\/\/mdvisitclinic.com\/fr\/deuxieme-opinion-toutes-autres-conditions\/gastro-enterologie-chirurgie\/","name":"Chirurgie gastro-ent\u00e9rologique - MDVISIT CLINIC","isPartOf":{"@id":"https:\/\/mdvisitclinic.com\/fr\/#website"},"primaryImageOfPage":{"@id":"https:\/\/mdvisitclinic.com\/fr\/deuxieme-opinion-toutes-autres-conditions\/gastro-enterologie-chirurgie\/#primaryimage"},"image":{"@id":"https:\/\/mdvisitclinic.com\/fr\/deuxieme-opinion-toutes-autres-conditions\/gastro-enterologie-chirurgie\/#primaryimage"},"thumbnailUrl":"https:\/\/f55.01f.myftpupload.com\/wp-content\/uploads\/2024\/06\/Gastroenterology.jpg","datePublished":"2024-06-27T04:41:20+00:00","dateModified":"2024-07-01T20:37:29+00:00","breadcrumb":{"@id":"https:\/\/mdvisitclinic.com\/fr\/deuxieme-opinion-toutes-autres-conditions\/gastro-enterologie-chirurgie\/#breadcrumb"},"inLanguage":"fr","potentialAction":[{"@type":"ReadAction","target":["https:\/\/mdvisitclinic.com\/fr\/deuxieme-opinion-toutes-autres-conditions\/gastro-enterologie-chirurgie\/"]}]},{"@type":"ImageObject","inLanguage":"fr","@id":"https:\/\/mdvisitclinic.com\/fr\/deuxieme-opinion-toutes-autres-conditions\/gastro-enterologie-chirurgie\/#primaryimage","url":"https:\/\/f55.01f.myftpupload.com\/wp-content\/uploads\/2024\/06\/Gastroenterology.jpg","contentUrl":"https:\/\/f55.01f.myftpupload.com\/wp-content\/uploads\/2024\/06\/Gastroenterology.jpg"},{"@type":"BreadcrumbList","@id":"https:\/\/mdvisitclinic.com\/fr\/deuxieme-opinion-toutes-autres-conditions\/gastro-enterologie-chirurgie\/#breadcrumb","itemListElement":[{"@type":"ListItem","position":1,"name":"Home","item":"https:\/\/mdvisitclinic.com\/fr\/"},{"@type":"ListItem","position":2,"name":"Deuxi\u00e8me avis Toutes les autres conditions","item":"https:\/\/mdvisitclinic.com\/fr\/deuxieme-opinion-toutes-autres-conditions\/"},{"@type":"ListItem","position":3,"name":"Chirurgie gastro-ent\u00e9rologique"}]},{"@type":"WebSite","@id":"https:\/\/mdvisitclinic.com\/fr\/#website","url":"https:\/\/mdvisitclinic.com\/fr\/","name":"MDVISIT CLINIC","description":"","publisher":{"@id":"https:\/\/mdvisitclinic.com\/fr\/#organization"},"potentialAction":[{"@type":"SearchAction","target":{"@type":"EntryPoint","urlTemplate":"https:\/\/mdvisitclinic.com\/fr\/?s={search_term_string}"},"query-input":{"@type":"PropertyValueSpecification","valueRequired":true,"valueName":"search_term_string"}}],"inLanguage":"fr"},{"@type":"Organization","@id":"https:\/\/mdvisitclinic.com\/fr\/#organization","name":"MDVISIT CLINIC","url":"https:\/\/mdvisitclinic.com\/fr\/","logo":{"@type":"ImageObject","inLanguage":"fr","@id":"https:\/\/mdvisitclinic.com\/fr\/#\/schema\/logo\/image\/","url":"https:\/\/mdvisitclinic.com\/wp-content\/uploads\/2024\/03\/logo.png","contentUrl":"https:\/\/mdvisitclinic.com\/wp-content\/uploads\/2024\/03\/logo.png","width":768,"height":118,"caption":"MDVISIT CLINIC"},"image":{"@id":"https:\/\/mdvisitclinic.com\/fr\/#\/schema\/logo\/image\/"}}]}},"_links":{"self":[{"href":"https:\/\/mdvisitclinic.com\/fr\/wp-json\/wp\/v2\/pages\/14494","targetHints":{"allow":["GET"]}}],"collection":[{"href":"https:\/\/mdvisitclinic.com\/fr\/wp-json\/wp\/v2\/pages"}],"about":[{"href":"https:\/\/mdvisitclinic.com\/fr\/wp-json\/wp\/v2\/types\/page"}],"author":[{"embeddable":true,"href":"https:\/\/mdvisitclinic.com\/fr\/wp-json\/wp\/v2\/users\/8"}],"replies":[{"embeddable":true,"href":"https:\/\/mdvisitclinic.com\/fr\/wp-json\/wp\/v2\/comments?post=14494"}],"version-history":[{"count":2,"href":"https:\/\/mdvisitclinic.com\/fr\/wp-json\/wp\/v2\/pages\/14494\/revisions"}],"predecessor-version":[{"id":14500,"href":"https:\/\/mdvisitclinic.com\/fr\/wp-json\/wp\/v2\/pages\/14494\/revisions\/14500"}],"up":[{"embeddable":true,"href":"https:\/\/mdvisitclinic.com\/fr\/wp-json\/wp\/v2\/pages\/11668"}],"wp:attachment":[{"href":"https:\/\/mdvisitclinic.com\/fr\/wp-json\/wp\/v2\/media?parent=14494"}],"curies":[{"name":"wp","href":"https:\/\/api.w.org\/{rel}","templated":true}]}}