{"id":14265,"date":"2024-06-27T04:41:20","date_gmt":"2024-06-27T04:41:20","guid":{"rendered":"https:\/\/f55.01f.myftpupload.com\/segunda-opiniao-todas-outras-condicoes\/gastroenterologia-cirurgia\/"},"modified":"2024-07-01T20:33:58","modified_gmt":"2024-07-01T20:33:58","slug":"gastroenterologia-cirurgia","status":"publish","type":"page","link":"https:\/\/mdvisitclinic.com\/pt-br\/segunda-opiniao-todas-outras-condicoes\/gastroenterologia-cirurgia\/","title":{"rendered":"Cirurgia de Gastroenterologia"},"content":{"rendered":"\t\t<div data-elementor-type=\"wp-page\" data-elementor-id=\"14265\" class=\"elementor elementor-14265 elementor-13243\" data-elementor-post-type=\"page\">\n\t\t\t\t<div class=\"elementor-element elementor-element-37327b19 e-flex e-con-boxed e-con e-parent\" data-id=\"37327b19\" data-element_type=\"container\" data-e-type=\"container\" data-settings=\"{&quot;background_background&quot;:&quot;classic&quot;,&quot;jet_parallax_layout_list&quot;:[]}\">\n\t\t\t\t\t<div class=\"e-con-inner\">\n\t\t<div class=\"elementor-element elementor-element-701aceb4 e-con-full e-flex e-con e-child\" data-id=\"701aceb4\" data-element_type=\"container\" data-e-type=\"container\" data-settings=\"{&quot;jet_parallax_layout_list&quot;:[]}\">\n\t\t\t\t<div class=\"elementor-element elementor-element-2d1d3bcd elementor-widget elementor-widget-heading\" data-id=\"2d1d3bcd\" data-element_type=\"widget\" data-e-type=\"widget\" data-widget_type=\"heading.default\">\n\t\t\t\t<div class=\"elementor-widget-container\">\n\t\t\t\t\t<h2 class=\"elementor-heading-title elementor-size-default\">Cirurgia de Gastroenterologia  <\/h2>\t\t\t\t<\/div>\n\t\t\t\t<\/div>\n\t\t\t\t<\/div>\n\t\t\t\t\t<\/div>\n\t\t\t\t<\/div>\n\t\t<div class=\"elementor-element elementor-element-20461852 e-flex e-con-boxed e-con e-parent\" data-id=\"20461852\" data-element_type=\"container\" data-e-type=\"container\" data-settings=\"{&quot;jet_parallax_layout_list&quot;:[]}\">\n\t\t\t\t\t<div class=\"e-con-inner\">\n\t\t<div class=\"elementor-element elementor-element-4012b1e e-con-full e-flex e-con e-child\" data-id=\"4012b1e\" data-element_type=\"container\" data-e-type=\"container\" data-settings=\"{&quot;jet_parallax_layout_list&quot;:[]}\">\n\t\t\t\t<div class=\"elementor-element elementor-element-364586fd elementor-widget elementor-widget-heading\" data-id=\"364586fd\" data-element_type=\"widget\" data-e-type=\"widget\" data-widget_type=\"heading.default\">\n\t\t\t\t<div class=\"elementor-widget-container\">\n\t\t\t\t\t<h2 class=\"elementor-heading-title elementor-size-default\">Cirurgia de gastroenterologia explicada, incluindo atividades pr\u00e9-cir\u00fargicas e p\u00f3s-cir\u00fargicas  <\/h2>\t\t\t\t<\/div>\n\t\t\t\t<\/div>\n\t\t\t\t<div class=\"elementor-element elementor-element-3ecab9fb elementor-widget elementor-widget-text-editor\" data-id=\"3ecab9fb\" data-element_type=\"widget\" data-e-type=\"widget\" data-widget_type=\"text-editor.default\">\n\t\t\t\t<div class=\"elementor-widget-container\">\n\t\t\t\t\t\t\t\t\t<p>Seu gastroenterologista designado e sua enfermeira se reunir\u00e3o com voc\u00ea por v\u00eddeo para revisar seus resultados de segunda opini\u00e3o. Ele responder\u00e1 \u00e0s suas perguntas. Se a cirurgia for necess\u00e1ria, e voc\u00ea estiver considerando a cirurgia nos Estados Unidos, certifique-se de inform\u00e1-lo.<\/p>\n<p>Leia abaixo para obter uma compreens\u00e3o detalhada do processo cir\u00fargico.<\/p>\n\t\t\t\t\t\t\t\t<\/div>\n\t\t\t\t<\/div>\n\t\t\t\t<div class=\"elementor-element elementor-element-671b6d54 elementor-widget elementor-widget-text-editor\" data-id=\"671b6d54\" data-element_type=\"widget\" data-e-type=\"widget\" data-widget_type=\"text-editor.default\">\n\t\t\t\t<div class=\"elementor-widget-container\">\n\t\t\t\t\t\t\t\t\t<p>Abstrair<\/p>\n<p>A cirurgia gastroenterol\u00f3gica envolve procedimentos no sistema digestivo, incluindo o es\u00f4fago, est\u00f4mago, intestinos, f\u00edgado, p\u00e2ncreas e ves\u00edcula biliar. Essas cirurgias abordam v\u00e1rias condi\u00e7\u00f5es, como c\u00e2ncer, doen\u00e7a inflamat\u00f3ria intestinal (DII), c\u00e1lculos biliares e h\u00e9rnias.<\/p>\n<p><strong>Tipos de Cirurgias de Gastroenterologia<\/strong><\/p>\n<ol>\n<li><strong>Cirurgia Esof\u00e1gica<\/strong>:\n<ul>\n<li><strong>Esofagectomia<\/strong>: Remo\u00e7\u00e3o de parte ou todo o es\u00f4fago, geralmente para c\u00e2ncer.<\/li>\n<li><strong>Fundoplicatura<\/strong>: Procedimento para tratamento da doen\u00e7a do refluxo gastroesof\u00e1gico (DRGE).<\/li>\n<\/ul>\n<\/li>\n<li><strong>Cirurgia de Est\u00f4mago<\/strong>:\n<ul>\n<li><strong>Gastrectomia<\/strong>: Remo\u00e7\u00e3o de parte ou todo o est\u00f4mago, muitas vezes devido ao c\u00e2ncer.<\/li>\n<li><strong>Bypass G\u00e1strico<\/strong>: Cirurgia de emagrecimento que altera a estrutura do est\u00f4mago e intestino delgado.<\/li>\n<\/ul>\n<\/li>\n<li><strong>Cirurgia Intestinal<\/strong>:\n<ul>\n<li><strong>Colectomia<\/strong>: Remo\u00e7\u00e3o de parte ou todo o c\u00f3lon, geralmente para condi\u00e7\u00f5es como c\u00e2ncer ou colite ulcerativa.<\/li>\n<li><strong>Ressec\u00e7\u00e3o do intestino delgado<\/strong>: Remo\u00e7\u00e3o de uma por\u00e7\u00e3o do intestino delgado, muitas vezes devido \u00e0 doen\u00e7a de Crohn ou tumores.<\/li>\n<\/ul>\n<\/li>\n<li><strong>Cirurgia Hep\u00e1tica<\/strong>:\n<ul>\n<li><strong>Hepatectomia<\/strong>: Remo\u00e7\u00e3o de uma por\u00e7\u00e3o do f\u00edgado, tipicamente para c\u00e2ncer de f\u00edgado.<\/li>\n<li><strong>Transplante de F\u00edgado<\/strong>: Substitui\u00e7\u00e3o de um f\u00edgado doente por um saud\u00e1vel de um doador.<\/li>\n<\/ul>\n<\/li>\n<li><strong>Cirurgia Pancre\u00e1tica<\/strong>:\n<ul>\n<li><strong>Pancreatectomia<\/strong>: Remo\u00e7\u00e3o de parte ou todo o p\u00e2ncreas, geralmente para c\u00e2ncer de p\u00e2ncreas.<\/li>\n<li><strong>Procedimento de Whipple (duodenopancreatectomia):<\/strong> Remo\u00e7\u00e3o da cabe\u00e7a do p\u00e2ncreas, parte do intestino delgado, ves\u00edcula biliar e ducto biliar.<\/li>\n<\/ul>\n<\/li>\n<li><strong>Cirurgia da Ves\u00edcula Biliar<\/strong>:\n<ul>\n<li><strong>Colecistectomia<\/strong>: Remo\u00e7\u00e3o da ves\u00edcula biliar, muitas vezes devido a c\u00e1lculos biliares.<\/li>\n<\/ul>\n<\/li>\n<li><strong>Cirurgia de H\u00e9rnia<\/strong>:\n<ul>\n<li><strong>Herniorrafia ou Hernioplastia<\/strong>: Reparo de uma h\u00e9rnia, geralmente na parede abdominal.<\/li>\n<\/ul>\n<\/li>\n<\/ol>\n<p><strong>Atividades Pr\u00e9-Cir\u00fargicas<\/strong><\/p>\n<ol>\n<li><strong>Avalia\u00e7\u00e3o M\u00e9dica<\/strong>:\n<ul>\n<li><strong>Consulta com um Cirurgi\u00e3o<\/strong>: Discuss\u00e3o detalhada sobre o procedimento, riscos e benef\u00edcios.<\/li>\n<li><strong>Exames pr\u00e9-operat\u00f3rios<\/strong>: Exames de sangue, exames de imagem (por exemplo, ultrassonografia, tomografia computadorizada, resson\u00e2ncia magn\u00e9tica) e endoscopia, se necess\u00e1rio.<\/li>\n<\/ul>\n<\/li>\n<li><strong>Medicamentos<\/strong>:\n<ul>\n<li><strong>Revis\u00e3o de medica\u00e7\u00e3o<\/strong>: Discutir medicamentos atuais com seu m\u00e9dico para evitar complica\u00e7\u00f5es.<\/li>\n<li><strong>Ajustes de medica\u00e7\u00e3o pr\u00e9-operat\u00f3ria:<\/strong> Parar certos medicamentos como anticoagulantes e controlar condi\u00e7\u00f5es cr\u00f4nicas.<\/li>\n<\/ul>\n<\/li>\n<li><strong>Ajustes no estilo de vida<\/strong>:\n<ul>\n<li><strong>Restri\u00e7\u00f5es alimentares<\/strong>: Jejum por um per\u00edodo especificado antes da cirurgia.<\/li>\n<li><strong>Parar de<\/strong> fumar: Parar de fumar para melhorar a cicatriza\u00e7\u00e3o e reduzir os riscos.<\/li>\n<\/ul>\n<\/li>\n<li><strong>Preparos Hospitalares<\/strong>:\n<ul>\n<li><strong>Interna\u00e7\u00e3o Hospitalar<\/strong>: Compreender o processo de admiss\u00e3o e trazer documentos e itens pessoais necess\u00e1rios.<\/li>\n<li><strong>Termo de Consentimento Livre e Esclarecido<\/strong>: Assinatura do termo de consentimento reconhecendo a compreens\u00e3o do procedimento.<\/li>\n<\/ul>\n<\/li>\n<\/ol>\n<p><strong>Atividades P\u00f3s-Cir\u00fargicas<\/strong><\/p>\n<ol>\n<li><strong>Cuidados p\u00f3s-operat\u00f3rios imediatos<\/strong>:\n<ul>\n<li><strong>Sala de recupera\u00e7\u00e3o<\/strong>: Acompanhamento na sala de recupera\u00e7\u00e3o p\u00f3s-operat\u00f3ria imediato.<\/li>\n<li><strong>Controle da dor<\/strong>: Administra\u00e7\u00e3o de medicamentos para al\u00edvio da dor.<\/li>\n<li><strong>Gest\u00e3o de Fluidos e Nutri\u00e7\u00e3o<\/strong>: Reintrodu\u00e7\u00e3o gradual de l\u00edquidos e alimentos, muitas vezes come\u00e7ando com uma dieta l\u00edquida.<\/li>\n<\/ul>\n<\/li>\n<li><strong>Perman\u00eancia Hospitalar<\/strong>:\n<ul>\n<li><strong>Monitoriza\u00e7\u00e3o<\/strong>: Monitoriza\u00e7\u00e3o regular dos sinais vitais, fun\u00e7\u00e3o intestinal e local cir\u00fargico.<\/li>\n<li><strong>Mobilidade<\/strong>: Incentivo para se movimentar e caminhar para evitar complica\u00e7\u00f5es como co\u00e1gulos sangu\u00edneos e melhorar a fun\u00e7\u00e3o intestinal.<\/li>\n<li>Cuidados com a <strong>ferida<\/strong>: Manejo do s\u00edtio cir\u00fargico e de eventuais drenos ou cateteres.<\/li>\n<\/ul>\n<\/li>\n<li><strong>Atendimento Domiciliar<\/strong>:\n<ul>\n<li><strong>Cuidados com a ferida<\/strong>: Instru\u00e7\u00f5es sobre como manter o local cir\u00fargico limpo e seco.<\/li>\n<li><strong>Medicamentos<\/strong>: Medicamentos para dor, antibi\u00f3ticos e quaisquer outros medicamentos prescritos.<\/li>\n<li><strong>Dieta e Nutri\u00e7\u00e3o<\/strong>: Progress\u00e3o gradual de l\u00edquidos para alimentos s\u00f3lidos, com orienta\u00e7\u00f5es diet\u00e9ticas espec\u00edficas de acordo com o tipo de cirurgia.<\/li>\n<\/ul>\n<\/li>\n<li><strong>Acompanhamento<\/strong>:\n<ul>\n<li><strong>Consultas agendadas<\/strong>: Acompanhamentos regulares com o cirurgi\u00e3o para monitorar a recupera\u00e7\u00e3o e resolver quaisquer preocupa\u00e7\u00f5es.<\/li>\n<li><strong>Monitoramento de complica\u00e7\u00f5es<\/strong>: Observar sinais de infec\u00e7\u00e3o, sangramento ou outros problemas.<\/li>\n<li><strong>Exames laboratoriais e de imagem<\/strong>: Exames regulares para garantir a cicatriza\u00e7\u00e3o adequada e o funcionamento do sistema digestivo.<\/li>\n<\/ul>\n<\/li>\n<li><strong>Recupera\u00e7\u00e3o a longo prazo<\/strong>:\n<ul>\n<li><strong>Ajustes no estilo de vida: Mudan\u00e7as<\/strong> na dieta, exerc\u00edcios e h\u00e1bitos para apoiar a cura e prevenir a recorr\u00eancia da condi\u00e7\u00e3o.<\/li>\n<li><strong>Reabilita\u00e7\u00e3o<\/strong>: Fisioterapia ou outros servi\u00e7os de reabilita\u00e7\u00e3o, se necess\u00e1rio.<\/li>\n<li><strong>Apoio e Aconselhamento<\/strong>: Apoio emocional e psicol\u00f3gico para adapta\u00e7\u00e3o \u00e0 vida p\u00f3s-cirurgia.<\/li>\n<\/ul>\n<\/li>\n<\/ol>\n<p>Compreender as especificidades de sua cirurgia gastroenterol\u00f3gica em particular, incluindo riscos potenciais e resultados esperados, \u00e9 crucial. Consulte sempre o seu m\u00e9dico para obter aconselhamento e instru\u00e7\u00f5es personalizadas.<\/p>\n\t\t\t\t\t\t\t\t<\/div>\n\t\t\t\t<\/div>\n\t\t\t\t<\/div>\n\t\t<div class=\"elementor-element elementor-element-1771e2b6 e-con-full e-flex e-con e-child\" data-id=\"1771e2b6\" data-element_type=\"container\" data-e-type=\"container\" data-settings=\"{&quot;jet_parallax_layout_list&quot;:[]}\">\n\t\t\t\t<div class=\"elementor-element elementor-element-289ba47e elementor-widget elementor-widget-image\" data-id=\"289ba47e\" data-element_type=\"widget\" data-e-type=\"widget\" data-widget_type=\"image.default\">\n\t\t\t\t<div class=\"elementor-widget-container\">\n\t\t\t\t\t\t\t\t\t\t\t\t\t\t\t<img fetchpriority=\"high\" decoding=\"async\" width=\"711\" height=\"400\" src=\"https:\/\/mdvisitclinic.com\/wp-content\/uploads\/2024\/06\/Gastroenterology.jpg\" class=\"attachment-full size-full wp-image-12158\" alt=\"\" srcset=\"https:\/\/mdvisitclinic.com\/wp-content\/uploads\/2024\/06\/Gastroenterology.jpg 711w, https:\/\/mdvisitclinic.com\/wp-content\/uploads\/2024\/06\/Gastroenterology-300x169.jpg 300w\" sizes=\"(max-width: 711px) 100vw, 711px\" \/>\t\t\t\t\t\t\t\t\t\t\t\t\t\t\t<\/div>\n\t\t\t\t<\/div>\n\t\t\t\t<\/div>\n\t\t\t\t\t<\/div>\n\t\t\t\t<\/div>\n\t\t\t\t<\/div>\n\t\t","protected":false},"excerpt":{"rendered":"<p>Cirurgia de Gastroenterologia Cirurgia de gastroenterologia explicada, incluindo atividades pr\u00e9-cir\u00fargicas e p\u00f3s-cir\u00fargicas Seu gastroenterologista designado e sua enfermeira se reunir\u00e3o com voc\u00ea por v\u00eddeo para revisar seus resultados de segunda opini\u00e3o. Ele responder\u00e1 \u00e0s suas perguntas. Se a cirurgia for necess\u00e1ria, e voc\u00ea estiver considerando a cirurgia nos Estados Unidos, certifique-se de inform\u00e1-lo. Leia abaixo [&hellip;]<\/p>\n","protected":false},"author":8,"featured_media":0,"parent":11686,"menu_order":0,"comment_status":"closed","ping_status":"closed","template":"elementor_header_footer","meta":{"_acf_changed":false,"_coblocks_attr":"","_coblocks_dimensions":"","_coblocks_responsive_height":"","_coblocks_accordion_ie_support":"","hide_page_title":"","footnotes":""},"class_list":["post-14265","page","type-page","status-publish","hentry"],"acf":[],"yoast_head":"<!-- This site is optimized with the Yoast SEO plugin v27.3 - https:\/\/yoast.com\/product\/yoast-seo-wordpress\/ -->\n<title>Cirurgia de Gastroenterologia - MDVISIT CLINIC<\/title>\n<meta name=\"robots\" content=\"noindex, follow, max-snippet:-1, max-image-preview:large, max-video-preview:-1\" \/>\n<meta property=\"og:locale\" content=\"pt_BR\" \/>\n<meta property=\"og:type\" content=\"article\" \/>\n<meta property=\"og:title\" content=\"Cirurgia de Gastroenterologia - MDVISIT CLINIC\" \/>\n<meta property=\"og:description\" content=\"Cirurgia de Gastroenterologia Cirurgia de gastroenterologia explicada, incluindo atividades pr\u00e9-cir\u00fargicas e p\u00f3s-cir\u00fargicas Seu gastroenterologista designado e sua enfermeira se reunir\u00e3o com voc\u00ea por v\u00eddeo para revisar seus resultados de segunda opini\u00e3o. Ele responder\u00e1 \u00e0s suas perguntas. Se a cirurgia for necess\u00e1ria, e voc\u00ea estiver considerando a cirurgia nos Estados Unidos, certifique-se de inform\u00e1-lo. Leia abaixo [&hellip;]\" \/>\n<meta property=\"og:url\" content=\"https:\/\/mdvisitclinic.com\/pt-br\/segunda-opiniao-todas-outras-condicoes\/gastroenterologia-cirurgia\/\" \/>\n<meta property=\"og:site_name\" content=\"MDVISIT CLINIC\" \/>\n<meta property=\"article:modified_time\" content=\"2024-07-01T20:33:58+00:00\" \/>\n<meta property=\"og:image\" content=\"https:\/\/f55.01f.myftpupload.com\/wp-content\/uploads\/2024\/06\/Gastroenterology.jpg\" \/>\n<meta name=\"twitter:card\" content=\"summary_large_image\" \/>\n<meta name=\"twitter:label1\" content=\"Est. tempo de leitura\" \/>\n\t<meta name=\"twitter:data1\" content=\"4 minutos\" \/>\n<script type=\"application\/ld+json\" class=\"yoast-schema-graph\">{\"@context\":\"https:\\\/\\\/schema.org\",\"@graph\":[{\"@type\":\"WebPage\",\"@id\":\"https:\\\/\\\/mdvisitclinic.com\\\/pt-br\\\/segunda-opiniao-todas-outras-condicoes\\\/gastroenterologia-cirurgia\\\/\",\"url\":\"https:\\\/\\\/mdvisitclinic.com\\\/pt-br\\\/segunda-opiniao-todas-outras-condicoes\\\/gastroenterologia-cirurgia\\\/\",\"name\":\"Cirurgia de Gastroenterologia - MDVISIT CLINIC\",\"isPartOf\":{\"@id\":\"https:\\\/\\\/mdvisitclinic.com\\\/pt-br\\\/#website\"},\"primaryImageOfPage\":{\"@id\":\"https:\\\/\\\/mdvisitclinic.com\\\/pt-br\\\/segunda-opiniao-todas-outras-condicoes\\\/gastroenterologia-cirurgia\\\/#primaryimage\"},\"image\":{\"@id\":\"https:\\\/\\\/mdvisitclinic.com\\\/pt-br\\\/segunda-opiniao-todas-outras-condicoes\\\/gastroenterologia-cirurgia\\\/#primaryimage\"},\"thumbnailUrl\":\"https:\\\/\\\/f55.01f.myftpupload.com\\\/wp-content\\\/uploads\\\/2024\\\/06\\\/Gastroenterology.jpg\",\"datePublished\":\"2024-06-27T04:41:20+00:00\",\"dateModified\":\"2024-07-01T20:33:58+00:00\",\"breadcrumb\":{\"@id\":\"https:\\\/\\\/mdvisitclinic.com\\\/pt-br\\\/segunda-opiniao-todas-outras-condicoes\\\/gastroenterologia-cirurgia\\\/#breadcrumb\"},\"inLanguage\":\"pt-BR\",\"potentialAction\":[{\"@type\":\"ReadAction\",\"target\":[\"https:\\\/\\\/mdvisitclinic.com\\\/pt-br\\\/segunda-opiniao-todas-outras-condicoes\\\/gastroenterologia-cirurgia\\\/\"]}]},{\"@type\":\"ImageObject\",\"inLanguage\":\"pt-BR\",\"@id\":\"https:\\\/\\\/mdvisitclinic.com\\\/pt-br\\\/segunda-opiniao-todas-outras-condicoes\\\/gastroenterologia-cirurgia\\\/#primaryimage\",\"url\":\"https:\\\/\\\/f55.01f.myftpupload.com\\\/wp-content\\\/uploads\\\/2024\\\/06\\\/Gastroenterology.jpg\",\"contentUrl\":\"https:\\\/\\\/f55.01f.myftpupload.com\\\/wp-content\\\/uploads\\\/2024\\\/06\\\/Gastroenterology.jpg\"},{\"@type\":\"BreadcrumbList\",\"@id\":\"https:\\\/\\\/mdvisitclinic.com\\\/pt-br\\\/segunda-opiniao-todas-outras-condicoes\\\/gastroenterologia-cirurgia\\\/#breadcrumb\",\"itemListElement\":[{\"@type\":\"ListItem\",\"position\":1,\"name\":\"Home\",\"item\":\"https:\\\/\\\/mdvisitclinic.com\\\/pt-br\\\/\"},{\"@type\":\"ListItem\",\"position\":2,\"name\":\"Segunda Opini\u00e3o Todas as Outras Condi\u00e7\u00f5es\",\"item\":\"https:\\\/\\\/mdvisitclinic.com\\\/pt-br\\\/segunda-opiniao-todas-outras-condicoes\\\/\"},{\"@type\":\"ListItem\",\"position\":3,\"name\":\"Cirurgia de Gastroenterologia\"}]},{\"@type\":\"WebSite\",\"@id\":\"https:\\\/\\\/mdvisitclinic.com\\\/pt-br\\\/#website\",\"url\":\"https:\\\/\\\/mdvisitclinic.com\\\/pt-br\\\/\",\"name\":\"MDVISIT CLINIC\",\"description\":\"\",\"publisher\":{\"@id\":\"https:\\\/\\\/mdvisitclinic.com\\\/pt-br\\\/#organization\"},\"potentialAction\":[{\"@type\":\"SearchAction\",\"target\":{\"@type\":\"EntryPoint\",\"urlTemplate\":\"https:\\\/\\\/mdvisitclinic.com\\\/pt-br\\\/?s={search_term_string}\"},\"query-input\":{\"@type\":\"PropertyValueSpecification\",\"valueRequired\":true,\"valueName\":\"search_term_string\"}}],\"inLanguage\":\"pt-BR\"},{\"@type\":\"Organization\",\"@id\":\"https:\\\/\\\/mdvisitclinic.com\\\/pt-br\\\/#organization\",\"name\":\"MDVISIT CLINIC\",\"url\":\"https:\\\/\\\/mdvisitclinic.com\\\/pt-br\\\/\",\"logo\":{\"@type\":\"ImageObject\",\"inLanguage\":\"pt-BR\",\"@id\":\"https:\\\/\\\/mdvisitclinic.com\\\/pt-br\\\/#\\\/schema\\\/logo\\\/image\\\/\",\"url\":\"https:\\\/\\\/mdvisitclinic.com\\\/wp-content\\\/uploads\\\/2024\\\/03\\\/logo.png\",\"contentUrl\":\"https:\\\/\\\/mdvisitclinic.com\\\/wp-content\\\/uploads\\\/2024\\\/03\\\/logo.png\",\"width\":768,\"height\":118,\"caption\":\"MDVISIT CLINIC\"},\"image\":{\"@id\":\"https:\\\/\\\/mdvisitclinic.com\\\/pt-br\\\/#\\\/schema\\\/logo\\\/image\\\/\"}}]}<\/script>\n<!-- \/ Yoast SEO plugin. -->","yoast_head_json":{"title":"Cirurgia de Gastroenterologia - MDVISIT CLINIC","robots":{"index":"noindex","follow":"follow","max-snippet":"max-snippet:-1","max-image-preview":"max-image-preview:large","max-video-preview":"max-video-preview:-1"},"og_locale":"pt_BR","og_type":"article","og_title":"Cirurgia de Gastroenterologia - MDVISIT CLINIC","og_description":"Cirurgia de Gastroenterologia Cirurgia de gastroenterologia explicada, incluindo atividades pr\u00e9-cir\u00fargicas e p\u00f3s-cir\u00fargicas Seu gastroenterologista designado e sua enfermeira se reunir\u00e3o com voc\u00ea por v\u00eddeo para revisar seus resultados de segunda opini\u00e3o. Ele responder\u00e1 \u00e0s suas perguntas. Se a cirurgia for necess\u00e1ria, e voc\u00ea estiver considerando a cirurgia nos Estados Unidos, certifique-se de inform\u00e1-lo. Leia abaixo [&hellip;]","og_url":"https:\/\/mdvisitclinic.com\/pt-br\/segunda-opiniao-todas-outras-condicoes\/gastroenterologia-cirurgia\/","og_site_name":"MDVISIT CLINIC","article_modified_time":"2024-07-01T20:33:58+00:00","og_image":[{"url":"https:\/\/f55.01f.myftpupload.com\/wp-content\/uploads\/2024\/06\/Gastroenterology.jpg","type":"","width":"","height":""}],"twitter_card":"summary_large_image","twitter_misc":{"Est. tempo de leitura":"4 minutos"},"schema":{"@context":"https:\/\/schema.org","@graph":[{"@type":"WebPage","@id":"https:\/\/mdvisitclinic.com\/pt-br\/segunda-opiniao-todas-outras-condicoes\/gastroenterologia-cirurgia\/","url":"https:\/\/mdvisitclinic.com\/pt-br\/segunda-opiniao-todas-outras-condicoes\/gastroenterologia-cirurgia\/","name":"Cirurgia de Gastroenterologia - MDVISIT CLINIC","isPartOf":{"@id":"https:\/\/mdvisitclinic.com\/pt-br\/#website"},"primaryImageOfPage":{"@id":"https:\/\/mdvisitclinic.com\/pt-br\/segunda-opiniao-todas-outras-condicoes\/gastroenterologia-cirurgia\/#primaryimage"},"image":{"@id":"https:\/\/mdvisitclinic.com\/pt-br\/segunda-opiniao-todas-outras-condicoes\/gastroenterologia-cirurgia\/#primaryimage"},"thumbnailUrl":"https:\/\/f55.01f.myftpupload.com\/wp-content\/uploads\/2024\/06\/Gastroenterology.jpg","datePublished":"2024-06-27T04:41:20+00:00","dateModified":"2024-07-01T20:33:58+00:00","breadcrumb":{"@id":"https:\/\/mdvisitclinic.com\/pt-br\/segunda-opiniao-todas-outras-condicoes\/gastroenterologia-cirurgia\/#breadcrumb"},"inLanguage":"pt-BR","potentialAction":[{"@type":"ReadAction","target":["https:\/\/mdvisitclinic.com\/pt-br\/segunda-opiniao-todas-outras-condicoes\/gastroenterologia-cirurgia\/"]}]},{"@type":"ImageObject","inLanguage":"pt-BR","@id":"https:\/\/mdvisitclinic.com\/pt-br\/segunda-opiniao-todas-outras-condicoes\/gastroenterologia-cirurgia\/#primaryimage","url":"https:\/\/f55.01f.myftpupload.com\/wp-content\/uploads\/2024\/06\/Gastroenterology.jpg","contentUrl":"https:\/\/f55.01f.myftpupload.com\/wp-content\/uploads\/2024\/06\/Gastroenterology.jpg"},{"@type":"BreadcrumbList","@id":"https:\/\/mdvisitclinic.com\/pt-br\/segunda-opiniao-todas-outras-condicoes\/gastroenterologia-cirurgia\/#breadcrumb","itemListElement":[{"@type":"ListItem","position":1,"name":"Home","item":"https:\/\/mdvisitclinic.com\/pt-br\/"},{"@type":"ListItem","position":2,"name":"Segunda Opini\u00e3o Todas as Outras Condi\u00e7\u00f5es","item":"https:\/\/mdvisitclinic.com\/pt-br\/segunda-opiniao-todas-outras-condicoes\/"},{"@type":"ListItem","position":3,"name":"Cirurgia de Gastroenterologia"}]},{"@type":"WebSite","@id":"https:\/\/mdvisitclinic.com\/pt-br\/#website","url":"https:\/\/mdvisitclinic.com\/pt-br\/","name":"MDVISIT CLINIC","description":"","publisher":{"@id":"https:\/\/mdvisitclinic.com\/pt-br\/#organization"},"potentialAction":[{"@type":"SearchAction","target":{"@type":"EntryPoint","urlTemplate":"https:\/\/mdvisitclinic.com\/pt-br\/?s={search_term_string}"},"query-input":{"@type":"PropertyValueSpecification","valueRequired":true,"valueName":"search_term_string"}}],"inLanguage":"pt-BR"},{"@type":"Organization","@id":"https:\/\/mdvisitclinic.com\/pt-br\/#organization","name":"MDVISIT CLINIC","url":"https:\/\/mdvisitclinic.com\/pt-br\/","logo":{"@type":"ImageObject","inLanguage":"pt-BR","@id":"https:\/\/mdvisitclinic.com\/pt-br\/#\/schema\/logo\/image\/","url":"https:\/\/mdvisitclinic.com\/wp-content\/uploads\/2024\/03\/logo.png","contentUrl":"https:\/\/mdvisitclinic.com\/wp-content\/uploads\/2024\/03\/logo.png","width":768,"height":118,"caption":"MDVISIT CLINIC"},"image":{"@id":"https:\/\/mdvisitclinic.com\/pt-br\/#\/schema\/logo\/image\/"}}]}},"_links":{"self":[{"href":"https:\/\/mdvisitclinic.com\/pt-br\/wp-json\/wp\/v2\/pages\/14265","targetHints":{"allow":["GET"]}}],"collection":[{"href":"https:\/\/mdvisitclinic.com\/pt-br\/wp-json\/wp\/v2\/pages"}],"about":[{"href":"https:\/\/mdvisitclinic.com\/pt-br\/wp-json\/wp\/v2\/types\/page"}],"author":[{"embeddable":true,"href":"https:\/\/mdvisitclinic.com\/pt-br\/wp-json\/wp\/v2\/users\/8"}],"replies":[{"embeddable":true,"href":"https:\/\/mdvisitclinic.com\/pt-br\/wp-json\/wp\/v2\/comments?post=14265"}],"version-history":[{"count":1,"href":"https:\/\/mdvisitclinic.com\/pt-br\/wp-json\/wp\/v2\/pages\/14265\/revisions"}],"predecessor-version":[{"id":14267,"href":"https:\/\/mdvisitclinic.com\/pt-br\/wp-json\/wp\/v2\/pages\/14265\/revisions\/14267"}],"up":[{"embeddable":true,"href":"https:\/\/mdvisitclinic.com\/pt-br\/wp-json\/wp\/v2\/pages\/11686"}],"wp:attachment":[{"href":"https:\/\/mdvisitclinic.com\/pt-br\/wp-json\/wp\/v2\/media?parent=14265"}],"curies":[{"name":"wp","href":"https:\/\/api.w.org\/{rel}","templated":true}]}}