{"id":14273,"date":"2024-06-27T04:45:29","date_gmt":"2024-06-27T04:45:29","guid":{"rendered":"https:\/\/f55.01f.myftpupload.com\/segunda-opiniao-todas-outras-condicoes\/cirurgia-pediatrica\/"},"modified":"2024-07-01T20:34:05","modified_gmt":"2024-07-01T20:34:05","slug":"cirurgia-pediatrica","status":"publish","type":"page","link":"https:\/\/mdvisitclinic.com\/pt-br\/segunda-opiniao-todas-outras-condicoes\/cirurgia-pediatrica\/","title":{"rendered":"Cirurgia Pedi\u00e1trica"},"content":{"rendered":"\t\t<div data-elementor-type=\"wp-page\" data-elementor-id=\"14273\" class=\"elementor elementor-14273 elementor-13252\" data-elementor-post-type=\"page\">\n\t\t\t\t<div class=\"elementor-element elementor-element-75e97543 e-flex e-con-boxed e-con e-parent\" data-id=\"75e97543\" data-element_type=\"container\" data-e-type=\"container\" data-settings=\"{&quot;background_background&quot;:&quot;classic&quot;,&quot;jet_parallax_layout_list&quot;:[]}\">\n\t\t\t\t\t<div class=\"e-con-inner\">\n\t\t<div class=\"elementor-element elementor-element-3a18598f e-con-full e-flex e-con e-child\" data-id=\"3a18598f\" data-element_type=\"container\" data-e-type=\"container\" data-settings=\"{&quot;jet_parallax_layout_list&quot;:[]}\">\n\t\t\t\t<div class=\"elementor-element elementor-element-6add4dfd elementor-widget elementor-widget-heading\" data-id=\"6add4dfd\" data-element_type=\"widget\" data-e-type=\"widget\" data-widget_type=\"heading.default\">\n\t\t\t\t<div class=\"elementor-widget-container\">\n\t\t\t\t\t<h2 class=\"elementor-heading-title elementor-size-default\">Cirurgia Pedi\u00e1trica  <\/h2>\t\t\t\t<\/div>\n\t\t\t\t<\/div>\n\t\t\t\t<\/div>\n\t\t\t\t\t<\/div>\n\t\t\t\t<\/div>\n\t\t<div class=\"elementor-element elementor-element-3eb5a64a e-flex e-con-boxed e-con e-parent\" data-id=\"3eb5a64a\" data-element_type=\"container\" data-e-type=\"container\" data-settings=\"{&quot;jet_parallax_layout_list&quot;:[]}\">\n\t\t\t\t\t<div class=\"e-con-inner\">\n\t\t<div class=\"elementor-element elementor-element-597ab93b e-con-full e-flex e-con e-child\" data-id=\"597ab93b\" data-element_type=\"container\" data-e-type=\"container\" data-settings=\"{&quot;jet_parallax_layout_list&quot;:[]}\">\n\t\t\t\t<div class=\"elementor-element elementor-element-932e9d3 elementor-widget elementor-widget-heading\" data-id=\"932e9d3\" data-element_type=\"widget\" data-e-type=\"widget\" data-widget_type=\"heading.default\">\n\t\t\t\t<div class=\"elementor-widget-container\">\n\t\t\t\t\t<h2 class=\"elementor-heading-title elementor-size-default\">Cirurgia pedi\u00e1trica explicada, incluindo atividades pr\u00e9-cir\u00fargicas e p\u00f3s-cir\u00fargicas  <\/h2>\t\t\t\t<\/div>\n\t\t\t\t<\/div>\n\t\t\t\t<div class=\"elementor-element elementor-element-5d1a6fb7 elementor-widget elementor-widget-text-editor\" data-id=\"5d1a6fb7\" data-element_type=\"widget\" data-e-type=\"widget\" data-widget_type=\"text-editor.default\">\n\t\t\t\t<div class=\"elementor-widget-container\">\n\t\t\t\t\t\t\t\t\t<p>Seu assistente pedi\u00e1trico designado e sua enfermeira se encontrar\u00e3o com voc\u00ea por v\u00eddeo para revisar seus resultados de segunda opini\u00e3o. Ele responder\u00e1 \u00e0s suas perguntas. Se a cirurgia for necess\u00e1ria, e voc\u00ea estiver considerando a cirurgia nos Estados Unidos, certifique-se de inform\u00e1-lo.<\/p>\n<p>Leia abaixo para obter uma compreens\u00e3o detalhada do processo cir\u00fargico.<\/p>\n\t\t\t\t\t\t\t\t<\/div>\n\t\t\t\t<\/div>\n\t\t\t\t<div class=\"elementor-element elementor-element-6fd92df2 elementor-widget elementor-widget-text-editor\" data-id=\"6fd92df2\" data-element_type=\"widget\" data-e-type=\"widget\" data-widget_type=\"text-editor.default\">\n\t\t\t\t<div class=\"elementor-widget-container\">\n\t\t\t\t\t\t\t\t\t<p>Abstrair<\/p>\n<p>A cirurgia pedi\u00e1trica envolve procedimentos cir\u00fargicos realizados em beb\u00eas, crian\u00e7as e adolescentes para tratar v\u00e1rias condi\u00e7\u00f5es que v\u00e3o desde anomalias cong\u00eanitas at\u00e9 doen\u00e7as adquiridas. Essas cirurgias s\u00e3o realizadas por cirurgi\u00f5es pedi\u00e1tricos especializados que s\u00e3o treinados para lidar com as necessidades m\u00e9dicas \u00fanicas das crian\u00e7as.<\/p>\n<p><strong>Tipos de Cirurgias Pedi\u00e1tricas<\/strong><\/p>\n<ol>\n<li><strong>Anomalias Cong\u00eanitas<\/strong>:\n<ul>\n<li><strong>Cardiopatias Cong\u00eanitas<\/strong>: Repara\u00e7\u00e3o de problemas card\u00edacos estruturais presentes desde o nascimento.<\/li>\n<li><strong>Reparo de Fissura Labiopalatina<\/strong>: Corre\u00e7\u00e3o de fissuras labiopalatinas.<\/li>\n<li><strong>Atresia Esof\u00e1gica e Corre\u00e7\u00e3o de F\u00edstula Traqueoesof\u00e1gica<\/strong>: Cirurgia para corrigir conex\u00f5es anormais entre o es\u00f4fago e a traqueia.<\/li>\n<\/ul>\n<\/li>\n<li><strong>Cirurgias abdominais e do aparelho digestivo<\/strong>:\n<ul>\n<li><strong>Apendicectomia<\/strong>: Remo\u00e7\u00e3o do ap\u00eandice, tipicamente devido a apendicite.<\/li>\n<li><strong>Cirurgia da doen\u00e7a de Hirschsprung<\/strong>: Remo\u00e7\u00e3o da parte afetada do c\u00f3lon para tratar a obstru\u00e7\u00e3o intestinal.<\/li>\n<li><strong>Piloromiotomia<\/strong>: Cirurgia para corrigir estenose pil\u00f3rica, uma condi\u00e7\u00e3o que afeta a alimenta\u00e7\u00e3o em lactentes.<\/li>\n<\/ul>\n<\/li>\n<li><strong>Cirurgias Ortop\u00e9dicas<\/strong>:\n<ul>\n<li><strong>Reparo do p\u00e9 torto<\/strong>: Corre\u00e7\u00e3o da deformidade do p\u00e9 torto.<\/li>\n<li><strong>Cirurgia de Escoliose<\/strong>: Fus\u00e3o vertebral para corrigir a curvatura da coluna vertebral.<\/li>\n<\/ul>\n<\/li>\n<li><strong>Cirurgias Oncol\u00f3gicas<\/strong>:\n<ul>\n<li><strong>Ressec\u00e7\u00e3o<\/strong> tumoral: Remo\u00e7\u00e3o de tumores benignos ou malignos.<\/li>\n<li><strong>Bi\u00f3psia de linfonodos<\/strong>: Exame de g\u00e2nglios linf\u00e1ticos para diagnosticar ou tratar o c\u00e2ncer.<\/li>\n<\/ul>\n<\/li>\n<li><strong>Cirurgias Urol\u00f3gicas<\/strong>:\n<ul>\n<li><strong>Corre\u00e7\u00e3o da hiposp\u00e1dia<\/strong>: Corre\u00e7\u00e3o do posicionamento anormal da abertura uretral.<\/li>\n<li><strong>Cirurgia de test\u00edculo n\u00e3o descido (orquiopexia):<\/strong> Movendo um test\u00edculo n\u00e3o descido para o escroto.<\/li>\n<\/ul>\n<\/li>\n<\/ol>\n<p><strong>Atividades Pr\u00e9-Cir\u00fargicas<\/strong><\/p>\n<ol>\n<li><strong>Avalia\u00e7\u00e3o M\u00e9dica<\/strong>:\n<ul>\n<li><strong>Consulta com Cirurgi\u00e3o Pedi\u00e1trico<\/strong>: Discuss\u00e3o detalhada sobre o procedimento, riscos e benef\u00edcios.<\/li>\n<li><strong>Exames pr\u00e9-operat\u00f3rios<\/strong>: Exames de sangue, exames de imagem (por exemplo, ultrassonografia, raios-X) e quaisquer outras avalia\u00e7\u00f5es necess\u00e1rias.<\/li>\n<\/ul>\n<\/li>\n<li><strong>Prepara\u00e7\u00e3o da Fam\u00edlia e da Crian\u00e7a<\/strong>:\n<ul>\n<li><strong>Explicando o procedimento<\/strong>: Explica\u00e7\u00e3o apropriada para a idade da cirurgia para a crian\u00e7a para reduzir a ansiedade.<\/li>\n<li><strong>Visita pr\u00e9-operat\u00f3ria<\/strong>: Visita ao hospital e reuni\u00e3o com a equipe cir\u00fargica para familiarizar a crian\u00e7a com o ambiente.<\/li>\n<\/ul>\n<\/li>\n<li><strong>Medicamentos<\/strong>:\n<ul>\n<li><strong>Revis\u00e3o de medicamentos<\/strong>: Discutir os medicamentos atuais com o m\u00e9dico para evitar complica\u00e7\u00f5es.<\/li>\n<li><strong>Ajustes de medica\u00e7\u00e3o pr\u00e9-operat\u00f3ria:<\/strong> Parar certos medicamentos como anticoagulantes.<\/li>\n<\/ul>\n<\/li>\n<li><strong>Ajustes no estilo de vida<\/strong>:\n<ul>\n<li><strong>Restri\u00e7\u00f5es alimentares<\/strong>: Jejum por um per\u00edodo especificado antes da cirurgia.<\/li>\n<li><strong>Gerenciando condi\u00e7\u00f5es cr\u00f4nicas<\/strong>: Garantindo o controle ideal de quaisquer problemas de sa\u00fade existentes (por exemplo, asma, diabetes).<\/li>\n<\/ul>\n<\/li>\n<li><strong>Preparos Hospitalares<\/strong>:\n<ul>\n<li><strong>Interna\u00e7\u00e3o Hospitalar<\/strong>: Compreender o processo de admiss\u00e3o e trazer documentos e itens pessoais necess\u00e1rios.<\/li>\n<li><strong>Termo de Consentimento Livre e Esclarecido<\/strong>: Os pais ou respons\u00e1veis assinam o termo de consentimento livre e esclarecido reconhecendo a compreens\u00e3o do procedimento.<\/li>\n<\/ul>\n<\/li>\n<\/ol>\n<p><strong>Atividades P\u00f3s-Cir\u00fargicas<\/strong><\/p>\n<ol>\n<li><strong>Cuidados p\u00f3s-operat\u00f3rios imediatos<\/strong>:\n<ul>\n<li><strong>Sala de recupera\u00e7\u00e3o<\/strong>: Acompanhamento na sala de recupera\u00e7\u00e3o p\u00f3s-operat\u00f3ria imediato.<\/li>\n<li><strong>Controle da dor<\/strong>: Administra\u00e7\u00e3o de medicamentos para al\u00edvio da dor.<\/li>\n<li><strong>Gest\u00e3o de Fluidos e Nutri\u00e7\u00e3o<\/strong>: Reintrodu\u00e7\u00e3o gradual de l\u00edquidos e alimentos, muitas vezes come\u00e7ando com l\u00edquidos claros.<\/li>\n<\/ul>\n<\/li>\n<li><strong>Perman\u00eancia Hospitalar<\/strong>:\n<ul>\n<li><strong>Monitoriza\u00e7\u00e3o<\/strong>: Monitoriza\u00e7\u00e3o regular dos sinais vitais, do s\u00edtio cir\u00fargico e do estado geral.<\/li>\n<li><strong>Mobilidade e Atividade<\/strong>: Incentivo para mover-se e caminhar conforme apropriado para prevenir complica\u00e7\u00f5es e promover a recupera\u00e7\u00e3o.<\/li>\n<li>Cuidados com a <strong>ferida<\/strong>: Manejo do s\u00edtio cir\u00fargico e de eventuais drenos ou cateteres.<\/li>\n<\/ul>\n<\/li>\n<li><strong>Atendimento Domiciliar<\/strong>:\n<ul>\n<li><strong>Cuidados com a ferida<\/strong>: Instru\u00e7\u00f5es sobre como manter o local cir\u00fargico limpo e seco.<\/li>\n<li><strong>Medicamentos<\/strong>: Medicamentos para dor, antibi\u00f3ticos e quaisquer outros medicamentos prescritos.<\/li>\n<li><strong>Dieta e Nutri\u00e7\u00e3o: Seguir<\/strong> orienta\u00e7\u00f5es diet\u00e9ticas espec\u00edficas para ajudar na recupera\u00e7\u00e3o.<\/li>\n<\/ul>\n<\/li>\n<li><strong>Acompanhamento<\/strong>:\n<ul>\n<li><strong>Consultas agendadas<\/strong>: Acompanhamentos regulares com o cirurgi\u00e3o para monitorar a recupera\u00e7\u00e3o e resolver quaisquer preocupa\u00e7\u00f5es.<\/li>\n<li><strong>Monitoramento de complica\u00e7\u00f5es<\/strong>: Observar sinais de infec\u00e7\u00e3o, sangramento ou outros problemas.<\/li>\n<li><strong>Fisioterapia (se necess\u00e1rio)<\/strong>: Reabilita\u00e7\u00e3o para recuperar for\u00e7a e fun\u00e7\u00e3o.<\/li>\n<\/ul>\n<\/li>\n<li><strong>Recupera\u00e7\u00e3o a longo prazo<\/strong>:\n<ul>\n<li><strong>Ajustes no estilo de vida: Mudan\u00e7as<\/strong> na dieta, exerc\u00edcios e h\u00e1bitos para apoiar a cura e a sa\u00fade em geral.<\/li>\n<li><strong>Apoio Emocional<\/strong>: Fornecer apoio emocional e psicol\u00f3gico \u00e0 crian\u00e7a e fam\u00edlia para ajud\u00e1-la a se adaptar \u00e0 vida p\u00f3s-cirurgia.<\/li>\n<li><strong>Apoio Educacional<\/strong>: Garantir que as necessidades acad\u00eamicas da crian\u00e7a sejam atendidas durante a recupera\u00e7\u00e3o, incluindo a coordena\u00e7\u00e3o com as escolas, se necess\u00e1rio.<\/li>\n<\/ul>\n<\/li>\n<\/ol>\n<p>Compreender as especificidades da cirurgia pedi\u00e1trica particular do seu filho, incluindo os riscos potenciais e os resultados esperados, \u00e9 crucial. Consulte sempre o seu m\u00e9dico para obter aconselhamento personalizado e instru\u00e7\u00f5es adaptadas \u00e0s necessidades do seu filho.<\/p>\n\t\t\t\t\t\t\t\t<\/div>\n\t\t\t\t<\/div>\n\t\t\t\t<\/div>\n\t\t<div class=\"elementor-element elementor-element-6b2f8c5d e-con-full e-flex e-con e-child\" data-id=\"6b2f8c5d\" data-element_type=\"container\" data-e-type=\"container\" data-settings=\"{&quot;jet_parallax_layout_list&quot;:[]}\">\n\t\t\t\t<div class=\"elementor-element elementor-element-171138a9 elementor-widget elementor-widget-image\" data-id=\"171138a9\" data-element_type=\"widget\" data-e-type=\"widget\" data-widget_type=\"image.default\">\n\t\t\t\t<div class=\"elementor-widget-container\">\n\t\t\t\t\t\t\t\t\t\t\t\t\t\t\t<img fetchpriority=\"high\" decoding=\"async\" width=\"600\" height=\"400\" src=\"https:\/\/mdvisitclinic.com\/wp-content\/uploads\/2024\/06\/Child-Surgery.jpg\" class=\"attachment-full size-full wp-image-12198\" alt=\"\" srcset=\"https:\/\/mdvisitclinic.com\/wp-content\/uploads\/2024\/06\/Child-Surgery.jpg 600w, https:\/\/mdvisitclinic.com\/wp-content\/uploads\/2024\/06\/Child-Surgery-300x200.jpg 300w\" sizes=\"(max-width: 600px) 100vw, 600px\" \/>\t\t\t\t\t\t\t\t\t\t\t\t\t\t\t<\/div>\n\t\t\t\t<\/div>\n\t\t\t\t<\/div>\n\t\t\t\t\t<\/div>\n\t\t\t\t<\/div>\n\t\t\t\t<\/div>\n\t\t","protected":false},"excerpt":{"rendered":"<p>Cirurgia Pedi\u00e1trica Cirurgia pedi\u00e1trica explicada, incluindo atividades pr\u00e9-cir\u00fargicas e p\u00f3s-cir\u00fargicas Seu assistente pedi\u00e1trico designado e sua enfermeira se encontrar\u00e3o com voc\u00ea por v\u00eddeo para revisar seus resultados de segunda opini\u00e3o. Ele responder\u00e1 \u00e0s suas perguntas. Se a cirurgia for necess\u00e1ria, e voc\u00ea estiver considerando a cirurgia nos Estados Unidos, certifique-se de inform\u00e1-lo. Leia abaixo para [&hellip;]<\/p>\n","protected":false},"author":8,"featured_media":0,"parent":11686,"menu_order":0,"comment_status":"closed","ping_status":"closed","template":"elementor_header_footer","meta":{"_acf_changed":false,"_coblocks_attr":"","_coblocks_dimensions":"","_coblocks_responsive_height":"","_coblocks_accordion_ie_support":"","hide_page_title":"","footnotes":""},"class_list":["post-14273","page","type-page","status-publish","hentry"],"acf":[],"yoast_head":"<!-- This site is optimized with the Yoast SEO plugin v27.3 - https:\/\/yoast.com\/product\/yoast-seo-wordpress\/ -->\n<title>Cirurgia Pedi\u00e1trica - MDVISIT CLINIC<\/title>\n<meta name=\"robots\" content=\"noindex, follow, max-snippet:-1, max-image-preview:large, max-video-preview:-1\" \/>\n<meta property=\"og:locale\" content=\"pt_BR\" \/>\n<meta property=\"og:type\" content=\"article\" \/>\n<meta property=\"og:title\" content=\"Cirurgia Pedi\u00e1trica - MDVISIT CLINIC\" \/>\n<meta property=\"og:description\" content=\"Cirurgia Pedi\u00e1trica Cirurgia pedi\u00e1trica explicada, incluindo atividades pr\u00e9-cir\u00fargicas e p\u00f3s-cir\u00fargicas Seu assistente pedi\u00e1trico designado e sua enfermeira se encontrar\u00e3o com voc\u00ea por v\u00eddeo para revisar seus resultados de segunda opini\u00e3o. Ele responder\u00e1 \u00e0s suas perguntas. Se a cirurgia for necess\u00e1ria, e voc\u00ea estiver considerando a cirurgia nos Estados Unidos, certifique-se de inform\u00e1-lo. Leia abaixo para [&hellip;]\" \/>\n<meta property=\"og:url\" content=\"https:\/\/mdvisitclinic.com\/pt-br\/segunda-opiniao-todas-outras-condicoes\/cirurgia-pediatrica\/\" \/>\n<meta property=\"og:site_name\" content=\"MDVISIT CLINIC\" \/>\n<meta property=\"article:modified_time\" content=\"2024-07-01T20:34:05+00:00\" \/>\n<meta property=\"og:image\" content=\"https:\/\/f55.01f.myftpupload.com\/wp-content\/uploads\/2024\/06\/Child-Surgery.jpg\" \/>\n<meta name=\"twitter:card\" content=\"summary_large_image\" \/>\n<meta name=\"twitter:label1\" content=\"Est. tempo de leitura\" \/>\n\t<meta name=\"twitter:data1\" content=\"4 minutos\" \/>\n<script type=\"application\/ld+json\" class=\"yoast-schema-graph\">{\"@context\":\"https:\\\/\\\/schema.org\",\"@graph\":[{\"@type\":\"WebPage\",\"@id\":\"https:\\\/\\\/mdvisitclinic.com\\\/pt-br\\\/segunda-opiniao-todas-outras-condicoes\\\/cirurgia-pediatrica\\\/\",\"url\":\"https:\\\/\\\/mdvisitclinic.com\\\/pt-br\\\/segunda-opiniao-todas-outras-condicoes\\\/cirurgia-pediatrica\\\/\",\"name\":\"Cirurgia Pedi\u00e1trica - MDVISIT CLINIC\",\"isPartOf\":{\"@id\":\"https:\\\/\\\/mdvisitclinic.com\\\/pt-br\\\/#website\"},\"primaryImageOfPage\":{\"@id\":\"https:\\\/\\\/mdvisitclinic.com\\\/pt-br\\\/segunda-opiniao-todas-outras-condicoes\\\/cirurgia-pediatrica\\\/#primaryimage\"},\"image\":{\"@id\":\"https:\\\/\\\/mdvisitclinic.com\\\/pt-br\\\/segunda-opiniao-todas-outras-condicoes\\\/cirurgia-pediatrica\\\/#primaryimage\"},\"thumbnailUrl\":\"https:\\\/\\\/f55.01f.myftpupload.com\\\/wp-content\\\/uploads\\\/2024\\\/06\\\/Child-Surgery.jpg\",\"datePublished\":\"2024-06-27T04:45:29+00:00\",\"dateModified\":\"2024-07-01T20:34:05+00:00\",\"breadcrumb\":{\"@id\":\"https:\\\/\\\/mdvisitclinic.com\\\/pt-br\\\/segunda-opiniao-todas-outras-condicoes\\\/cirurgia-pediatrica\\\/#breadcrumb\"},\"inLanguage\":\"pt-BR\",\"potentialAction\":[{\"@type\":\"ReadAction\",\"target\":[\"https:\\\/\\\/mdvisitclinic.com\\\/pt-br\\\/segunda-opiniao-todas-outras-condicoes\\\/cirurgia-pediatrica\\\/\"]}]},{\"@type\":\"ImageObject\",\"inLanguage\":\"pt-BR\",\"@id\":\"https:\\\/\\\/mdvisitclinic.com\\\/pt-br\\\/segunda-opiniao-todas-outras-condicoes\\\/cirurgia-pediatrica\\\/#primaryimage\",\"url\":\"https:\\\/\\\/f55.01f.myftpupload.com\\\/wp-content\\\/uploads\\\/2024\\\/06\\\/Child-Surgery.jpg\",\"contentUrl\":\"https:\\\/\\\/f55.01f.myftpupload.com\\\/wp-content\\\/uploads\\\/2024\\\/06\\\/Child-Surgery.jpg\"},{\"@type\":\"BreadcrumbList\",\"@id\":\"https:\\\/\\\/mdvisitclinic.com\\\/pt-br\\\/segunda-opiniao-todas-outras-condicoes\\\/cirurgia-pediatrica\\\/#breadcrumb\",\"itemListElement\":[{\"@type\":\"ListItem\",\"position\":1,\"name\":\"Home\",\"item\":\"https:\\\/\\\/mdvisitclinic.com\\\/pt-br\\\/\"},{\"@type\":\"ListItem\",\"position\":2,\"name\":\"Segunda Opini\u00e3o Todas as Outras Condi\u00e7\u00f5es\",\"item\":\"https:\\\/\\\/mdvisitclinic.com\\\/pt-br\\\/segunda-opiniao-todas-outras-condicoes\\\/\"},{\"@type\":\"ListItem\",\"position\":3,\"name\":\"Cirurgia Pedi\u00e1trica\"}]},{\"@type\":\"WebSite\",\"@id\":\"https:\\\/\\\/mdvisitclinic.com\\\/pt-br\\\/#website\",\"url\":\"https:\\\/\\\/mdvisitclinic.com\\\/pt-br\\\/\",\"name\":\"MDVISIT CLINIC\",\"description\":\"\",\"publisher\":{\"@id\":\"https:\\\/\\\/mdvisitclinic.com\\\/pt-br\\\/#organization\"},\"potentialAction\":[{\"@type\":\"SearchAction\",\"target\":{\"@type\":\"EntryPoint\",\"urlTemplate\":\"https:\\\/\\\/mdvisitclinic.com\\\/pt-br\\\/?s={search_term_string}\"},\"query-input\":{\"@type\":\"PropertyValueSpecification\",\"valueRequired\":true,\"valueName\":\"search_term_string\"}}],\"inLanguage\":\"pt-BR\"},{\"@type\":\"Organization\",\"@id\":\"https:\\\/\\\/mdvisitclinic.com\\\/pt-br\\\/#organization\",\"name\":\"MDVISIT CLINIC\",\"url\":\"https:\\\/\\\/mdvisitclinic.com\\\/pt-br\\\/\",\"logo\":{\"@type\":\"ImageObject\",\"inLanguage\":\"pt-BR\",\"@id\":\"https:\\\/\\\/mdvisitclinic.com\\\/pt-br\\\/#\\\/schema\\\/logo\\\/image\\\/\",\"url\":\"https:\\\/\\\/mdvisitclinic.com\\\/wp-content\\\/uploads\\\/2024\\\/03\\\/logo.png\",\"contentUrl\":\"https:\\\/\\\/mdvisitclinic.com\\\/wp-content\\\/uploads\\\/2024\\\/03\\\/logo.png\",\"width\":768,\"height\":118,\"caption\":\"MDVISIT CLINIC\"},\"image\":{\"@id\":\"https:\\\/\\\/mdvisitclinic.com\\\/pt-br\\\/#\\\/schema\\\/logo\\\/image\\\/\"}}]}<\/script>\n<!-- \/ Yoast SEO plugin. -->","yoast_head_json":{"title":"Cirurgia Pedi\u00e1trica - MDVISIT CLINIC","robots":{"index":"noindex","follow":"follow","max-snippet":"max-snippet:-1","max-image-preview":"max-image-preview:large","max-video-preview":"max-video-preview:-1"},"og_locale":"pt_BR","og_type":"article","og_title":"Cirurgia Pedi\u00e1trica - MDVISIT CLINIC","og_description":"Cirurgia Pedi\u00e1trica Cirurgia pedi\u00e1trica explicada, incluindo atividades pr\u00e9-cir\u00fargicas e p\u00f3s-cir\u00fargicas Seu assistente pedi\u00e1trico designado e sua enfermeira se encontrar\u00e3o com voc\u00ea por v\u00eddeo para revisar seus resultados de segunda opini\u00e3o. Ele responder\u00e1 \u00e0s suas perguntas. Se a cirurgia for necess\u00e1ria, e voc\u00ea estiver considerando a cirurgia nos Estados Unidos, certifique-se de inform\u00e1-lo. Leia abaixo para [&hellip;]","og_url":"https:\/\/mdvisitclinic.com\/pt-br\/segunda-opiniao-todas-outras-condicoes\/cirurgia-pediatrica\/","og_site_name":"MDVISIT CLINIC","article_modified_time":"2024-07-01T20:34:05+00:00","og_image":[{"url":"https:\/\/f55.01f.myftpupload.com\/wp-content\/uploads\/2024\/06\/Child-Surgery.jpg","type":"","width":"","height":""}],"twitter_card":"summary_large_image","twitter_misc":{"Est. tempo de leitura":"4 minutos"},"schema":{"@context":"https:\/\/schema.org","@graph":[{"@type":"WebPage","@id":"https:\/\/mdvisitclinic.com\/pt-br\/segunda-opiniao-todas-outras-condicoes\/cirurgia-pediatrica\/","url":"https:\/\/mdvisitclinic.com\/pt-br\/segunda-opiniao-todas-outras-condicoes\/cirurgia-pediatrica\/","name":"Cirurgia Pedi\u00e1trica - MDVISIT CLINIC","isPartOf":{"@id":"https:\/\/mdvisitclinic.com\/pt-br\/#website"},"primaryImageOfPage":{"@id":"https:\/\/mdvisitclinic.com\/pt-br\/segunda-opiniao-todas-outras-condicoes\/cirurgia-pediatrica\/#primaryimage"},"image":{"@id":"https:\/\/mdvisitclinic.com\/pt-br\/segunda-opiniao-todas-outras-condicoes\/cirurgia-pediatrica\/#primaryimage"},"thumbnailUrl":"https:\/\/f55.01f.myftpupload.com\/wp-content\/uploads\/2024\/06\/Child-Surgery.jpg","datePublished":"2024-06-27T04:45:29+00:00","dateModified":"2024-07-01T20:34:05+00:00","breadcrumb":{"@id":"https:\/\/mdvisitclinic.com\/pt-br\/segunda-opiniao-todas-outras-condicoes\/cirurgia-pediatrica\/#breadcrumb"},"inLanguage":"pt-BR","potentialAction":[{"@type":"ReadAction","target":["https:\/\/mdvisitclinic.com\/pt-br\/segunda-opiniao-todas-outras-condicoes\/cirurgia-pediatrica\/"]}]},{"@type":"ImageObject","inLanguage":"pt-BR","@id":"https:\/\/mdvisitclinic.com\/pt-br\/segunda-opiniao-todas-outras-condicoes\/cirurgia-pediatrica\/#primaryimage","url":"https:\/\/f55.01f.myftpupload.com\/wp-content\/uploads\/2024\/06\/Child-Surgery.jpg","contentUrl":"https:\/\/f55.01f.myftpupload.com\/wp-content\/uploads\/2024\/06\/Child-Surgery.jpg"},{"@type":"BreadcrumbList","@id":"https:\/\/mdvisitclinic.com\/pt-br\/segunda-opiniao-todas-outras-condicoes\/cirurgia-pediatrica\/#breadcrumb","itemListElement":[{"@type":"ListItem","position":1,"name":"Home","item":"https:\/\/mdvisitclinic.com\/pt-br\/"},{"@type":"ListItem","position":2,"name":"Segunda Opini\u00e3o Todas as Outras Condi\u00e7\u00f5es","item":"https:\/\/mdvisitclinic.com\/pt-br\/segunda-opiniao-todas-outras-condicoes\/"},{"@type":"ListItem","position":3,"name":"Cirurgia Pedi\u00e1trica"}]},{"@type":"WebSite","@id":"https:\/\/mdvisitclinic.com\/pt-br\/#website","url":"https:\/\/mdvisitclinic.com\/pt-br\/","name":"MDVISIT CLINIC","description":"","publisher":{"@id":"https:\/\/mdvisitclinic.com\/pt-br\/#organization"},"potentialAction":[{"@type":"SearchAction","target":{"@type":"EntryPoint","urlTemplate":"https:\/\/mdvisitclinic.com\/pt-br\/?s={search_term_string}"},"query-input":{"@type":"PropertyValueSpecification","valueRequired":true,"valueName":"search_term_string"}}],"inLanguage":"pt-BR"},{"@type":"Organization","@id":"https:\/\/mdvisitclinic.com\/pt-br\/#organization","name":"MDVISIT CLINIC","url":"https:\/\/mdvisitclinic.com\/pt-br\/","logo":{"@type":"ImageObject","inLanguage":"pt-BR","@id":"https:\/\/mdvisitclinic.com\/pt-br\/#\/schema\/logo\/image\/","url":"https:\/\/mdvisitclinic.com\/wp-content\/uploads\/2024\/03\/logo.png","contentUrl":"https:\/\/mdvisitclinic.com\/wp-content\/uploads\/2024\/03\/logo.png","width":768,"height":118,"caption":"MDVISIT CLINIC"},"image":{"@id":"https:\/\/mdvisitclinic.com\/pt-br\/#\/schema\/logo\/image\/"}}]}},"_links":{"self":[{"href":"https:\/\/mdvisitclinic.com\/pt-br\/wp-json\/wp\/v2\/pages\/14273","targetHints":{"allow":["GET"]}}],"collection":[{"href":"https:\/\/mdvisitclinic.com\/pt-br\/wp-json\/wp\/v2\/pages"}],"about":[{"href":"https:\/\/mdvisitclinic.com\/pt-br\/wp-json\/wp\/v2\/types\/page"}],"author":[{"embeddable":true,"href":"https:\/\/mdvisitclinic.com\/pt-br\/wp-json\/wp\/v2\/users\/8"}],"replies":[{"embeddable":true,"href":"https:\/\/mdvisitclinic.com\/pt-br\/wp-json\/wp\/v2\/comments?post=14273"}],"version-history":[{"count":1,"href":"https:\/\/mdvisitclinic.com\/pt-br\/wp-json\/wp\/v2\/pages\/14273\/revisions"}],"predecessor-version":[{"id":14277,"href":"https:\/\/mdvisitclinic.com\/pt-br\/wp-json\/wp\/v2\/pages\/14273\/revisions\/14277"}],"up":[{"embeddable":true,"href":"https:\/\/mdvisitclinic.com\/pt-br\/wp-json\/wp\/v2\/pages\/11686"}],"wp:attachment":[{"href":"https:\/\/mdvisitclinic.com\/pt-br\/wp-json\/wp\/v2\/media?parent=14273"}],"curies":[{"name":"wp","href":"https:\/\/api.w.org\/{rel}","templated":true}]}}