{"id":9891,"date":"2024-05-22T14:54:02","date_gmt":"2024-05-22T14:54:02","guid":{"rendered":"https:\/\/f55.01f.myftpupload.com\/sobre-nos\/"},"modified":"2024-11-24T19:32:56","modified_gmt":"2024-11-24T19:32:56","slug":"about-us","status":"publish","type":"page","link":"https:\/\/mdvisitclinic.com\/pt-br\/about-us\/","title":{"rendered":"Quem somos"},"content":{"rendered":"\t\t<div data-elementor-type=\"wp-page\" data-elementor-id=\"9891\" class=\"elementor elementor-9891 elementor-5065\" data-elementor-post-type=\"page\">\n\t\t\t\t<div class=\"elementor-element elementor-element-9225c0e e-flex e-con-boxed e-con e-parent\" data-id=\"9225c0e\" data-element_type=\"container\" data-e-type=\"container\" data-settings=\"{&quot;background_background&quot;:&quot;classic&quot;,&quot;jet_parallax_layout_list&quot;:[]}\">\n\t\t\t\t\t<div class=\"e-con-inner\">\n\t\t<div class=\"elementor-element elementor-element-0f08ebc e-con-full e-flex e-con e-child\" data-id=\"0f08ebc\" data-element_type=\"container\" data-e-type=\"container\" data-settings=\"{&quot;jet_parallax_layout_list&quot;:[]}\">\n\t\t\t\t<div class=\"elementor-element elementor-element-f7e9c2d elementor-widget elementor-widget-heading\" data-id=\"f7e9c2d\" data-element_type=\"widget\" data-e-type=\"widget\" data-widget_type=\"heading.default\">\n\t\t\t\t<div class=\"elementor-widget-container\">\n\t\t\t\t\t<h1 class=\"elementor-heading-title elementor-size-default\">Quem somos<\/h1>\t\t\t\t<\/div>\n\t\t\t\t<\/div>\n\t\t\t\t<\/div>\n\t\t\t\t\t<\/div>\n\t\t\t\t<\/div>\n\t\t<div class=\"elementor-element elementor-element-327b910 e-flex e-con-boxed e-con e-parent\" data-id=\"327b910\" data-element_type=\"container\" data-e-type=\"container\" data-settings=\"{&quot;jet_parallax_layout_list&quot;:[]}\">\n\t\t\t\t\t<div class=\"e-con-inner\">\n\t\t\t\t<div class=\"elementor-element elementor-element-ec367f7 elementor-widget-tablet__width-inherit elementor-widget__width-initial elementor-widget elementor-widget-text-editor\" data-id=\"ec367f7\" data-element_type=\"widget\" data-e-type=\"widget\" data-widget_type=\"text-editor.default\">\n\t\t\t\t<div class=\"elementor-widget-container\">\n\t\t\t\t\t\t\t\t\t<p>Os profissionais extraordin\u00e1rios da MDVISIT CLINIC se preocupam apaixonadamente com a experi\u00eancia de cada paciente. Nossa equipe calorosa e acolhedora oferece a introdu\u00e7\u00e3o perfeita ao charme genu\u00edno do sul dos Estados Unidos, e estamos profundamente comprometidos em dar o melhor em tudo o que fazemos.  <\/p>\n<p>Estamos empenhados em oferecer o melhor atendimento para nossos clientes internacionais. Lan\u00e7amos na plataforma MDVISIT ap\u00f3s a integra\u00e7\u00e3o de CEPs dos EUA, c\u00f3digos postais internacionais e o rel\u00f3gio de tempo de Greenwich de 24 horas.<\/p>\n<p>Nossas inova\u00e7\u00f5es avan\u00e7adas de algoritmos em sistemas globais de agendamento de pacientes nos permitem conectar perfeitamente com nossos clientes internacionais em tempo real com nossos hospitais, universidades m\u00e9dicas e cl\u00ednicas m\u00e9dicas privadas afiliadas nos EUA. Vamos um passo al\u00e9m, selecionando cuidadosamente apenas m\u00e9dicos e provedores dentro dessas organiza\u00e7\u00f5es que se classificam entre os 5% e 10% melhores nos Estados Unidos. <\/p>\n\t\t\t\t\t\t\t\t<\/div>\n\t\t\t\t<\/div>\n\t\t\t\t<div class=\"elementor-element elementor-element-cdcfb4e elementor-widget__width-initial elementor-widget-tablet__width-inherit elementor-widget elementor-widget-text-editor\" data-id=\"cdcfb4e\" data-element_type=\"widget\" data-e-type=\"widget\" data-widget_type=\"text-editor.default\">\n\t\t\t\t<div class=\"elementor-widget-container\">\n\t\t\t\t\t\t\t\t\t<ul type=\"square\">\n\t<li>\n\t\t<strong>Top 5% &#8211; <span style=\"color: #9eca9e\">Cirurgi\u00f5es ortop\u00e9dicos<\/span><\/strong>\n\t<\/li>\n\t<li>\n\t\t<strong>Top 5% &#8211; <span style=\"color: #9eca9e\">Neurocirurgi\u00f5es<\/span><\/strong>\n\t<\/li>\n\t<li>\n\t\t<strong>Top 5% e Top 10% &#8211; <span style=\"color: #9eca9e\">Intervencionistas e Cirurgi\u00f5es de Cardiologia<\/span><\/strong>\n\t<\/li>\n    <li>\n\t\t<strong>Top 5% &#8211; <span style=\"color: #9eca9e\">Intervencionistas e Cirurgi\u00f5es do C\u00e2ncer<\/span><\/strong> (Mieloma M\u00faltiplo, C\u00e2ncer de Sangue, C\u00e2ncer de Garganta e C\u00e2ncer de Pulm\u00e3o)\n\t<\/li>\n    <li>\n\t\t<strong>Top 5% e Top 10% &#8211; <span style=\"color: #9eca9e\">Outros Cirurgi\u00f5es e Especialistas em Tratamento<\/span><\/strong>\n\t<\/li>\n<\/ul>\n\t\t\t\t\t\t\t\t<\/div>\n\t\t\t\t<\/div>\n\t\t\t\t<div class=\"elementor-element elementor-element-4ff1e4b elementor-widget-tablet__width-inherit elementor-widget__width-initial elementor-widget elementor-widget-text-editor\" data-id=\"4ff1e4b\" data-element_type=\"widget\" data-e-type=\"widget\" data-widget_type=\"text-editor.default\">\n\t\t\t\t<div class=\"elementor-widget-container\">\n\t\t\t\t\t\t\t\t\t<p>N\u00e3o paramos por a\u00ed. Ser atendido pelos melhores m\u00e9dicos pode e deve incluir um plano abrangente que atenda a todas as suas necessidades durante o per\u00edodo pr\u00e9-operat\u00f3rio, p\u00f3s-operat\u00f3rio e de recupera\u00e7\u00e3o nos EUA, garantindo que voc\u00ea se sinta seguro e bem cuidado durante toda a sua jornada.<\/p>\n<p>Gerenciamos o processamento de pagamentos, aprova\u00e7\u00e3o acelerada de vistos m\u00e9dicos, viagens e acomoda\u00e7\u00f5es, concierge m\u00e9dico de luxo, que inclui sua equipe designada pessoalmente, concierge de turismo de luxo para atividades di\u00e1rias de lazer, terapia celular regenerativa, terapia IV e restaura\u00e7\u00e3o agressiva n\u00e3o invasiva da pele e do corpo.<\/p>\n<p>Tudo come\u00e7a com uma primeira ou segunda opini\u00e3o virtual via v\u00eddeo ao vivo de telemedicina, proporcionando a voc\u00ea a conveni\u00eancia e o conforto de discutir suas necessidades m\u00e9dicas em sua pr\u00f3pria casa ou em uma de nossas cl\u00ednicas parceiras.<\/p>\n<p>Voc\u00ea falar\u00e1 com um m\u00e9dico dos EUA entre os 5% ou 10% melhores, que responder\u00e1 a todas as suas perguntas, incluindo as de seu(s) cuidador(es).<\/p>\n\t\t\t\t\t\t\t\t<\/div>\n\t\t\t\t<\/div>\n\t\t\t\t\t<\/div>\n\t\t\t\t<\/div>\n\t\t\t\t<\/div>\n\t\t","protected":false},"excerpt":{"rendered":"<p>Quem somos Os profissionais extraordin\u00e1rios da MDVISIT CLINIC se preocupam apaixonadamente com a experi\u00eancia de cada paciente. Nossa equipe calorosa e acolhedora oferece a introdu\u00e7\u00e3o perfeita ao charme genu\u00edno do sul dos Estados Unidos, e estamos profundamente comprometidos em dar o melhor em tudo o que fazemos. Estamos empenhados em oferecer o melhor atendimento para [&hellip;]<\/p>\n","protected":false},"author":8,"featured_media":0,"parent":0,"menu_order":0,"comment_status":"closed","ping_status":"closed","template":"elementor_header_footer","meta":{"_acf_changed":false,"_coblocks_attr":"","_coblocks_dimensions":"","_coblocks_responsive_height":"","_coblocks_accordion_ie_support":"","hide_page_title":"","footnotes":""},"class_list":["post-9891","page","type-page","status-publish","hentry"],"acf":[],"yoast_head":"<!-- This site is optimized with the Yoast SEO plugin v27.6 - https:\/\/yoast.com\/product\/yoast-seo-wordpress\/ -->\n<title>Quem somos - MDVISIT CLINIC<\/title>\n<meta name=\"robots\" content=\"noindex, follow, max-snippet:-1, max-image-preview:large, max-video-preview:-1\" \/>\n<meta property=\"og:locale\" content=\"pt_BR\" \/>\n<meta property=\"og:type\" content=\"article\" \/>\n<meta property=\"og:title\" content=\"Quem somos - MDVISIT CLINIC\" \/>\n<meta property=\"og:description\" content=\"Quem somos Os profissionais extraordin\u00e1rios da MDVISIT CLINIC se preocupam apaixonadamente com a experi\u00eancia de cada paciente. Nossa equipe calorosa e acolhedora oferece a introdu\u00e7\u00e3o perfeita ao charme genu\u00edno do sul dos Estados Unidos, e estamos profundamente comprometidos em dar o melhor em tudo o que fazemos. Estamos empenhados em oferecer o melhor atendimento para [&hellip;]\" \/>\n<meta property=\"og:url\" content=\"https:\/\/mdvisitclinic.com\/pt-br\/about-us\/\" \/>\n<meta property=\"og:site_name\" content=\"MDVISIT CLINIC\" \/>\n<meta property=\"article:modified_time\" content=\"2024-11-24T19:32:56+00:00\" \/>\n<meta name=\"twitter:card\" content=\"summary_large_image\" \/>\n<meta name=\"twitter:label1\" content=\"Est. tempo de leitura\" \/>\n\t<meta name=\"twitter:data1\" content=\"2 minutos\" \/>\n<script type=\"application\/ld+json\" class=\"yoast-schema-graph\">{\"@context\":\"https:\\\/\\\/schema.org\",\"@graph\":[{\"@type\":\"WebPage\",\"@id\":\"https:\\\/\\\/mdvisitclinic.com\\\/pt-br\\\/about-us\\\/\",\"url\":\"https:\\\/\\\/mdvisitclinic.com\\\/pt-br\\\/about-us\\\/\",\"name\":\"Quem somos - MDVISIT CLINIC\",\"isPartOf\":{\"@id\":\"https:\\\/\\\/mdvisitclinic.com\\\/pt-br\\\/#website\"},\"datePublished\":\"2024-05-22T14:54:02+00:00\",\"dateModified\":\"2024-11-24T19:32:56+00:00\",\"breadcrumb\":{\"@id\":\"https:\\\/\\\/mdvisitclinic.com\\\/pt-br\\\/about-us\\\/#breadcrumb\"},\"inLanguage\":\"pt-BR\",\"potentialAction\":[{\"@type\":\"ReadAction\",\"target\":[\"https:\\\/\\\/mdvisitclinic.com\\\/pt-br\\\/about-us\\\/\"]}]},{\"@type\":\"BreadcrumbList\",\"@id\":\"https:\\\/\\\/mdvisitclinic.com\\\/pt-br\\\/about-us\\\/#breadcrumb\",\"itemListElement\":[{\"@type\":\"ListItem\",\"position\":1,\"name\":\"Home\",\"item\":\"https:\\\/\\\/mdvisitclinic.com\\\/pt-br\\\/\"},{\"@type\":\"ListItem\",\"position\":2,\"name\":\"Quem somos\"}]},{\"@type\":\"WebSite\",\"@id\":\"https:\\\/\\\/mdvisitclinic.com\\\/pt-br\\\/#website\",\"url\":\"https:\\\/\\\/mdvisitclinic.com\\\/pt-br\\\/\",\"name\":\"MDVISIT CLINIC\",\"description\":\"\",\"publisher\":{\"@id\":\"https:\\\/\\\/mdvisitclinic.com\\\/pt-br\\\/#organization\"},\"potentialAction\":[{\"@type\":\"SearchAction\",\"target\":{\"@type\":\"EntryPoint\",\"urlTemplate\":\"https:\\\/\\\/mdvisitclinic.com\\\/pt-br\\\/?s={search_term_string}\"},\"query-input\":{\"@type\":\"PropertyValueSpecification\",\"valueRequired\":true,\"valueName\":\"search_term_string\"}}],\"inLanguage\":\"pt-BR\"},{\"@type\":\"Organization\",\"@id\":\"https:\\\/\\\/mdvisitclinic.com\\\/pt-br\\\/#organization\",\"name\":\"MDVISIT CLINIC\",\"url\":\"https:\\\/\\\/mdvisitclinic.com\\\/pt-br\\\/\",\"logo\":{\"@type\":\"ImageObject\",\"inLanguage\":\"pt-BR\",\"@id\":\"https:\\\/\\\/mdvisitclinic.com\\\/pt-br\\\/#\\\/schema\\\/logo\\\/image\\\/\",\"url\":\"https:\\\/\\\/mdvisitclinic.com\\\/wp-content\\\/uploads\\\/2024\\\/03\\\/logo.png\",\"contentUrl\":\"https:\\\/\\\/mdvisitclinic.com\\\/wp-content\\\/uploads\\\/2024\\\/03\\\/logo.png\",\"width\":768,\"height\":118,\"caption\":\"MDVISIT CLINIC\"},\"image\":{\"@id\":\"https:\\\/\\\/mdvisitclinic.com\\\/pt-br\\\/#\\\/schema\\\/logo\\\/image\\\/\"}}]}<\/script>\n<!-- \/ Yoast SEO plugin. -->","yoast_head_json":{"title":"Quem somos - MDVISIT CLINIC","robots":{"index":"noindex","follow":"follow","max-snippet":"max-snippet:-1","max-image-preview":"max-image-preview:large","max-video-preview":"max-video-preview:-1"},"og_locale":"pt_BR","og_type":"article","og_title":"Quem somos - MDVISIT CLINIC","og_description":"Quem somos Os profissionais extraordin\u00e1rios da MDVISIT CLINIC se preocupam apaixonadamente com a experi\u00eancia de cada paciente. Nossa equipe calorosa e acolhedora oferece a introdu\u00e7\u00e3o perfeita ao charme genu\u00edno do sul dos Estados Unidos, e estamos profundamente comprometidos em dar o melhor em tudo o que fazemos. Estamos empenhados em oferecer o melhor atendimento para [&hellip;]","og_url":"https:\/\/mdvisitclinic.com\/pt-br\/about-us\/","og_site_name":"MDVISIT CLINIC","article_modified_time":"2024-11-24T19:32:56+00:00","twitter_card":"summary_large_image","twitter_misc":{"Est. tempo de leitura":"2 minutos"},"schema":{"@context":"https:\/\/schema.org","@graph":[{"@type":"WebPage","@id":"https:\/\/mdvisitclinic.com\/pt-br\/about-us\/","url":"https:\/\/mdvisitclinic.com\/pt-br\/about-us\/","name":"Quem somos - MDVISIT CLINIC","isPartOf":{"@id":"https:\/\/mdvisitclinic.com\/pt-br\/#website"},"datePublished":"2024-05-22T14:54:02+00:00","dateModified":"2024-11-24T19:32:56+00:00","breadcrumb":{"@id":"https:\/\/mdvisitclinic.com\/pt-br\/about-us\/#breadcrumb"},"inLanguage":"pt-BR","potentialAction":[{"@type":"ReadAction","target":["https:\/\/mdvisitclinic.com\/pt-br\/about-us\/"]}]},{"@type":"BreadcrumbList","@id":"https:\/\/mdvisitclinic.com\/pt-br\/about-us\/#breadcrumb","itemListElement":[{"@type":"ListItem","position":1,"name":"Home","item":"https:\/\/mdvisitclinic.com\/pt-br\/"},{"@type":"ListItem","position":2,"name":"Quem somos"}]},{"@type":"WebSite","@id":"https:\/\/mdvisitclinic.com\/pt-br\/#website","url":"https:\/\/mdvisitclinic.com\/pt-br\/","name":"MDVISIT CLINIC","description":"","publisher":{"@id":"https:\/\/mdvisitclinic.com\/pt-br\/#organization"},"potentialAction":[{"@type":"SearchAction","target":{"@type":"EntryPoint","urlTemplate":"https:\/\/mdvisitclinic.com\/pt-br\/?s={search_term_string}"},"query-input":{"@type":"PropertyValueSpecification","valueRequired":true,"valueName":"search_term_string"}}],"inLanguage":"pt-BR"},{"@type":"Organization","@id":"https:\/\/mdvisitclinic.com\/pt-br\/#organization","name":"MDVISIT CLINIC","url":"https:\/\/mdvisitclinic.com\/pt-br\/","logo":{"@type":"ImageObject","inLanguage":"pt-BR","@id":"https:\/\/mdvisitclinic.com\/pt-br\/#\/schema\/logo\/image\/","url":"https:\/\/mdvisitclinic.com\/wp-content\/uploads\/2024\/03\/logo.png","contentUrl":"https:\/\/mdvisitclinic.com\/wp-content\/uploads\/2024\/03\/logo.png","width":768,"height":118,"caption":"MDVISIT CLINIC"},"image":{"@id":"https:\/\/mdvisitclinic.com\/pt-br\/#\/schema\/logo\/image\/"}}]}},"_links":{"self":[{"href":"https:\/\/mdvisitclinic.com\/pt-br\/wp-json\/wp\/v2\/pages\/9891","targetHints":{"allow":["GET"]}}],"collection":[{"href":"https:\/\/mdvisitclinic.com\/pt-br\/wp-json\/wp\/v2\/pages"}],"about":[{"href":"https:\/\/mdvisitclinic.com\/pt-br\/wp-json\/wp\/v2\/types\/page"}],"author":[{"embeddable":true,"href":"https:\/\/mdvisitclinic.com\/pt-br\/wp-json\/wp\/v2\/users\/8"}],"replies":[{"embeddable":true,"href":"https:\/\/mdvisitclinic.com\/pt-br\/wp-json\/wp\/v2\/comments?post=9891"}],"version-history":[{"count":6,"href":"https:\/\/mdvisitclinic.com\/pt-br\/wp-json\/wp\/v2\/pages\/9891\/revisions"}],"predecessor-version":[{"id":20706,"href":"https:\/\/mdvisitclinic.com\/pt-br\/wp-json\/wp\/v2\/pages\/9891\/revisions\/20706"}],"wp:attachment":[{"href":"https:\/\/mdvisitclinic.com\/pt-br\/wp-json\/wp\/v2\/media?parent=9891"}],"curies":[{"name":"wp","href":"https:\/\/api.w.org\/{rel}","templated":true}]}}