{"id":20909,"date":"2024-06-26T13:19:57","date_gmt":"2024-06-26T13:19:57","guid":{"rendered":"https:\/\/f55.01f.myftpupload.com\/herniated-disk\/"},"modified":"2024-12-23T09:43:46","modified_gmt":"2024-12-23T09:43:46","slug":"herniated-disk","status":"publish","type":"page","link":"https:\/\/mdvisitclinic.com\/vi\/neurosurgery-second-opinion\/herniated-disk\/","title":{"rendered":"Tho\u00e1t v\u1ecb \u0111\u0129a \u0111\u1ec7m"},"content":{"rendered":"\t\t<div data-elementor-type=\"wp-page\" data-elementor-id=\"20909\" class=\"elementor elementor-20909 elementor-12999\" data-elementor-post-type=\"page\">\n\t\t\t\t<div class=\"elementor-element elementor-element-5b83136d e-flex e-con-boxed e-con e-parent\" data-id=\"5b83136d\" data-element_type=\"container\" data-e-type=\"container\" data-settings=\"{&quot;background_background&quot;:&quot;classic&quot;,&quot;jet_parallax_layout_list&quot;:[]}\">\n\t\t\t\t\t<div class=\"e-con-inner\">\n\t\t<div class=\"elementor-element elementor-element-779334b1 e-con-full e-flex e-con e-child\" data-id=\"779334b1\" data-element_type=\"container\" data-e-type=\"container\" data-settings=\"{&quot;jet_parallax_layout_list&quot;:[]}\">\n\t\t\t\t<div class=\"elementor-element elementor-element-493b5d34 elementor-widget elementor-widget-heading\" data-id=\"493b5d34\" data-element_type=\"widget\" data-e-type=\"widget\" data-widget_type=\"heading.default\">\n\t\t\t\t<div class=\"elementor-widget-container\">\n\t\t\t\t\t<h1 class=\"elementor-heading-title elementor-size-default\">Tho\u00e1t v\u1ecb \u0111\u0129a \u0111\u1ec7m  <\/h1>\t\t\t\t<\/div>\n\t\t\t\t<\/div>\n\t\t\t\t<\/div>\n\t\t\t\t\t<\/div>\n\t\t\t\t<\/div>\n\t\t<div class=\"elementor-element elementor-element-78bfd640 e-flex e-con-boxed e-con e-parent\" data-id=\"78bfd640\" data-element_type=\"container\" data-e-type=\"container\" data-settings=\"{&quot;jet_parallax_layout_list&quot;:[]}\">\n\t\t\t\t\t<div class=\"e-con-inner\">\n\t\t<div class=\"elementor-element elementor-element-599554c2 e-con-full e-flex e-con e-child\" data-id=\"599554c2\" data-element_type=\"container\" data-e-type=\"container\" data-settings=\"{&quot;jet_parallax_layout_list&quot;:[]}\">\n\t\t\t\t<div class=\"elementor-element elementor-element-23501e9e elementor-widget elementor-widget-heading\" data-id=\"23501e9e\" data-element_type=\"widget\" data-e-type=\"widget\" data-widget_type=\"heading.default\">\n\t\t\t\t<div class=\"elementor-widget-container\">\n\t\t\t\t\t<h2 class=\"elementor-heading-title elementor-size-default\">Gi\u1ea3i th\u00edch ph\u1eabu thu\u1eadt tho\u00e1t v\u1ecb \u0111\u0129a \u0111\u1ec7m, bao g\u1ed3m c\u00e1c ho\u1ea1t \u0111\u1ed9ng tr\u01b0\u1edbc ph\u1eabu thu\u1eadt v\u00e0 sau ph\u1eabu thu\u1eadt  <\/h2>\t\t\t\t<\/div>\n\t\t\t\t<\/div>\n\t\t\t\t<div class=\"elementor-element elementor-element-de62495 elementor-widget elementor-widget-text-editor\" data-id=\"de62495\" data-element_type=\"widget\" data-e-type=\"widget\" data-widget_type=\"text-editor.default\">\n\t\t\t\t<div class=\"elementor-widget-container\">\n\t\t\t\t\t\t\t\t\t<p>B\u00e1c s\u0129 ph\u1eabu thu\u1eadt th\u1ea7n kinh \u0111\u01b0\u1ee3c ch\u1ec9 \u0111\u1ecbnh c\u1ee7a b\u1ea1n v\u00e0 y t\u00e1 c\u1ee7a anh \u1ea5y s\u1ebd g\u1eb7p b\u1ea1n qua video \u0111\u1ec3 xem x\u00e9t k\u1ebft qu\u1ea3 \u00fd ki\u1ebfn th\u1ee9 hai c\u1ee7a b\u1ea1n. Anh \u1ea5y s\u1ebd tr\u1ea3 l\u1eddi c\u00e2u h\u1ecfi c\u1ee7a b\u1ea1n. N\u1ebfu ph\u1eabu thu\u1eadt l\u00e0 c\u1ea7n thi\u1ebft, v\u00e0 b\u1ea1n \u0111ang xem x\u00e9t ph\u1eabu thu\u1eadt t\u1ea1i Hoa K\u1ef3, h\u00e3y ch\u1eafc ch\u1eafn \u0111\u1ec3 cho anh \u1ea5y bi\u1ebft.  <\/p>\n<p>\u0110\u1ecdc b\u00ean d\u01b0\u1edbi \u0111\u1ec3 hi\u1ec3u chi ti\u1ebft v\u1ec1 qu\u00e1 tr\u00ecnh ph\u1eabu thu\u1eadt.<\/p>\n\t\t\t\t\t\t\t\t<\/div>\n\t\t\t\t<\/div>\n\t\t\t\t<div class=\"elementor-element elementor-element-3bb28f61 elementor-widget elementor-widget-text-editor\" data-id=\"3bb28f61\" data-element_type=\"widget\" data-e-type=\"widget\" data-widget_type=\"text-editor.default\">\n\t\t\t\t<div class=\"elementor-widget-container\">\n\t\t\t\t\t\t\t\t\t<p>Tr\u1eebu t\u01b0\u1ee3ng<\/p>\n<p>Ph\u1eabu thu\u1eadt tho\u00e1t v\u1ecb \u0111\u0129a \u0111\u1ec7m nh\u1eb1m m\u1ee5c \u0111\u00edch gi\u1ea3m \u00e1p l\u1ef1c l\u00ean c\u00e1c d\u00e2y th\u1ea7n kinh c\u1ed9t s\u1ed1ng do \u0111\u0129a \u0111\u1ec7m b\u1ecb d\u1ecbch chuy\u1ec3n ho\u1eb7c v\u1ee1 \u1edf c\u1ed9t s\u1ed1ng. C\u00e1c th\u1ee7 t\u1ee5c ph\u1eabu thu\u1eadt ph\u1ed5 bi\u1ebfn nh\u1ea5t cho tho\u00e1t v\u1ecb \u0111\u0129a \u0111\u1ec7m bao g\u1ed3m c\u1eaft b\u1ecf \u0111\u0129a \u0111\u1ec7m, microdiscectomy, v\u00e0 \u0111\u00f4i khi h\u1ee3p nh\u1ea5t c\u1ed9t s\u1ed1ng n\u1ebfu c\u1ed9t s\u1ed1ng c\u1ea7n \u1ed5n \u0111\u1ecbnh. <\/p>\n<p><strong>Ho\u1ea1t \u0111\u1ed9ng tr\u01b0\u1edbc ph\u1eabu thu\u1eadt<\/strong><\/p>\n<ol>\n<li><strong>  Ch\u1ea9n \u0111o\u00e1n v\u00e0 \u0111\u00e1nh gi\u00e1<\/strong><\/li>\n<\/ol>\n<ul>\n<li><strong>X\u00e9t nghi\u1ec7m h\u00ecnh \u1ea3nh:<\/strong> Ch\u1ee5p MRI ho\u1eb7c CT \u0111\u1ec3 h\u00ecnh dung \u0111\u0129a \u0111\u1ec7m tho\u00e1t v\u1ecb v\u00e0 \u0111\u00e1nh gi\u00e1 t\u00e1c \u0111\u1ed9ng c\u1ee7a n\u00f3 \u0111\u1ed1i v\u1edbi d\u00e2y th\u1ea7n kinh c\u1ed9t s\u1ed1ng.<\/li>\n<li><strong>Kh\u00e1m s\u1ee9c kh\u1ecfe:<\/strong> \u0110\u00e1nh gi\u00e1 c\u00e1c tri\u1ec7u ch\u1ee9ng nh\u01b0 \u0111au, t\u00ea, y\u1ebfu v\u00e0 ph\u1ea3n x\u1ea1.<\/li>\n<li><strong>X\u00e9t nghi\u1ec7m th\u1ea7n kinh:<\/strong> \u0110\u1ec3 \u0111\u00e1nh gi\u00e1 ch\u1ee9c n\u0103ng th\u1ea7n kinh v\u00e0 x\u00e1c \u0111\u1ecbnh ch\u00ednh x\u00e1c c\u00e1c d\u00e2y th\u1ea7n kinh b\u1ecb \u1ea3nh h\u01b0\u1edfng.<\/li>\n<\/ul>\n<ol start=\"2\">\n<li><strong>  Chu\u1ea9n b\u1ecb tr\u01b0\u1edbc ph\u1eabu thu\u1eadt<\/strong><\/li>\n<\/ol>\n<ul>\n<li><strong>L\u1ecbch s\u1eed y t\u1ebf v\u00e0 kh\u00e1m s\u1ee9c kh\u1ecfe:<\/strong> \u0110\u00e1nh gi\u00e1 to\u00e0n di\u1ec7n \u0111\u1ec3 \u0111\u1ea3m b\u1ea3o b\u1ec7nh nh\u00e2n ph\u00f9 h\u1ee3p \u0111\u1ec3 ph\u1eabu thu\u1eadt.<\/li>\n<li><strong>\u0110\u00e1nh gi\u00e1 thu\u1ed1c:<\/strong> \u0110i\u1ec1u ch\u1ec9nh ho\u1eb7c ng\u1eebng m\u1ed9t s\u1ed1 lo\u1ea1i thu\u1ed1c, \u0111\u1eb7c bi\u1ec7t l\u00e0 thu\u1ed1c l\u00e0m lo\u00e3ng m\u00e1u.<\/li>\n<li><strong>X\u00e9t nghi\u1ec7m m\u00e1u v\u00e0 ch\u1ea9n \u0111o\u00e1n kh\u00e1c:<\/strong> \u0110\u1ec3 ki\u1ec3m tra s\u1ee9c kh\u1ecfe t\u1ed5ng th\u1ec3 v\u00e0 \u0111\u1ea3m b\u1ea3o kh\u00f4ng c\u00f3 v\u1ea5n \u0111\u1ec1 ti\u1ec1m \u1ea9n.<\/li>\n<li><strong>T\u01b0 v\u1ea5n:<\/strong> C\u00e1c cu\u1ed9c h\u1ecdp v\u1edbi nh\u00f3m ph\u1eabu thu\u1eadt, b\u00e1c s\u0129 g\u00e2y m\u00ea v\u00e0 c\u00f3 th\u1ec3 l\u00e0 m\u1ed9t chuy\u00ean gia qu\u1ea3n l\u00fd \u0111au.<\/li>\n<\/ul>\n<ol start=\"3\">\n<li><strong>  H\u01b0\u1edbng d\u1eabn tr\u01b0\u1edbc ph\u1eabu thu\u1eadt<\/strong><\/li>\n<\/ol>\n<ul>\n<li><strong>\u0102n chay:<\/strong> Th\u00f4ng th\u01b0\u1eddng kh\u00f4ng c\u00f3 th\u1ee9c \u0103n ho\u1eb7c \u0111\u1ed3 u\u1ed1ng trong 8-12 gi\u1edd tr\u01b0\u1edbc khi ph\u1eabu thu\u1eadt.<\/li>\n<li><strong>Thu\u1ed1c men:<\/strong> H\u01b0\u1edbng d\u1eabn c\u1ee5 th\u1ec3 v\u1ec1 nh\u1eefng lo\u1ea1i thu\u1ed1c n\u00ean d\u00f9ng ho\u1eb7c tr\u00e1nh.<\/li>\n<li><strong>Chu\u1ea9n b\u1ecb c\u00e1 nh\u00e2n:<\/strong> B\u1ed1 tr\u00ed ph\u01b0\u01a1ng ti\u1ec7n di chuy\u1ec3n \u0111\u1ebfn v\u00e0 \u0111i t\u1eeb b\u1ec7nh vi\u1ec7n v\u00e0 t\u1ed5 ch\u1ee9c nh\u00e0 \u0111\u1ec3 ph\u1ee5c h\u1ed3i.<\/li>\n<\/ul>\n<p><strong>Ph\u1eabu thu\u1eadt<\/strong><\/p>\n<ol>\n<li><strong>  S\u1ef1 g\u00e2y t\u00ea<\/strong><\/li>\n<\/ol>\n<ul>\n<li><strong>G\u00e2y m\u00ea to\u00e0n th\u00e2n:<\/strong> B\u1ec7nh nh\u00e2n \u0111\u01b0\u1ee3c \u0111\u01b0a v\u00e0o gi\u1ea5c ng\u1ee7 v\u00e0 v\u1eabn b\u1ea5t t\u1ec9nh trong su\u1ed1t qu\u00e1 tr\u00ecnh.<\/li>\n<\/ul>\n<ol start=\"2\">\n<li><strong>  Th\u1ee7 t\u1ee5c ph\u1eabu thu\u1eadt<\/strong><\/li>\n<\/ol>\n<ul>\n<li><strong>C\u1eaft b\u1ecf \u0111\u0129a \u0111\u1ec7m:<\/strong> Lo\u1ea1i b\u1ecf ph\u1ea7n tho\u00e1t v\u1ecb c\u1ee7a \u0111\u0129a \u0111\u1ec7m \u0111\u1ec3 gi\u1ea3m \u00e1p l\u1ef1c l\u00ean d\u00e2y th\u1ea7n kinh c\u1ed9t s\u1ed1ng. \u0110i\u1ec1u n\u00e0y c\u00f3 th\u1ec3 \u0111\u01b0\u1ee3c th\u1ef1c hi\u1ec7n b\u1eb1ng c\u00e1ch s\u1eed d\u1ee5ng:\n<ul>\n<li><strong>M\u1edf discectomy:<\/strong> M\u1ed9t v\u1ebft r\u1ea1ch nh\u1ecf \u0111\u01b0\u1ee3c th\u1ef1c hi\u1ec7n \u0111\u1ec3 ti\u1ebfp c\u1eadn c\u1ed9t s\u1ed1ng v\u00e0 lo\u1ea1i b\u1ecf v\u1eadt li\u1ec7u tho\u00e1t v\u1ecb \u0111\u0129a \u0111\u1ec7m.<\/li>\n<li><strong>C\u1eaft b\u1ecf vi m\u00f4:<\/strong> M\u1ed9t th\u1ee7 t\u1ee5c x\u00e2m l\u1ea5n t\u1ed1i thi\u1ec3u s\u1eed d\u1ee5ng k\u00ednh hi\u1ec3n vi ho\u1eb7c n\u1ed9i soi \u0111\u1ec3 lo\u1ea1i b\u1ecf v\u1eadt li\u1ec7u tho\u00e1t v\u1ecb \u0111\u0129a \u0111\u1ec7m th\u00f4ng qua m\u1ed9t v\u1ebft m\u1ed5 nh\u1ecf h\u01a1n.<\/li>\n<\/ul>\n<\/li>\n<li><strong>H\u1ee3p nh\u1ea5t c\u1ed9t s\u1ed1ng:<\/strong> \u0110\u00f4i khi \u0111\u01b0\u1ee3c th\u1ef1c hi\u1ec7n n\u1ebfu c\u1ed9t s\u1ed1ng c\u1ea7n \u1ed5n \u0111\u1ecbnh sau khi lo\u1ea1i b\u1ecf \u0111\u0129a \u0111\u1ec7m.<\/li>\n<\/ul>\n<ol start=\"3\">\n<li><strong>  \u0110\u00f3ng c\u1eeda<\/strong><\/li>\n<\/ol>\n<ul>\n<li>V\u1ebft m\u1ed5 \u0111\u01b0\u1ee3c \u0111\u00f3ng l\u1ea1i b\u1eb1ng ch\u1ec9 kh\u00e2u ho\u1eb7c ghim, v\u00e0 m\u1eb7c qu\u1ea7n \u00e1o v\u00f4 tr\u00f9ng \u0111\u01b0\u1ee3c \u00e1p d\u1ee5ng.<\/li>\n<\/ul>\n<p><strong>Ho\u1ea1t \u0111\u1ed9ng sau ph\u1eabu thu\u1eadt<\/strong><\/p>\n<ol>\n<li><strong>  Ch\u0103m s\u00f3c sau ph\u1eabu thu\u1eadt ngay l\u1eadp t\u1ee9c<\/strong><\/li>\n<\/ol>\n<ul>\n<li><strong>Ph\u00f2ng h\u1ed3i s\u1ee9c:<\/strong> Theo d\u00f5i ch\u1eb7t ch\u1ebd c\u00e1c d\u1ea5u hi\u1ec7u sinh t\u1ed3n v\u00e0 t\u00ecnh tr\u1ea1ng th\u1ea7n kinh.<\/li>\n<li><strong>Qu\u1ea3n l\u00fd \u0111au:<\/strong> Thu\u1ed1c \u0111\u1ec3 ki\u1ec3m so\u00e1t c\u01a1n \u0111au v\u00e0 gi\u1ea3m vi\u00eam.<\/li>\n<li><strong>Ng\u0103n ng\u1eeba bi\u1ebfn ch\u1ee9ng:<\/strong> C\u00e1c bi\u1ec7n ph\u00e1p \u0111\u1ec3 tr\u00e1nh nhi\u1ec5m tr\u00f9ng, c\u1ee5c m\u00e1u \u0111\u00f4ng v\u00e0 c\u00e1c v\u1ea5n \u0111\u1ec1 sau ph\u1eabu thu\u1eadt kh\u00e1c.<\/li>\n<\/ul>\n<ol start=\"2\">\n<li><strong>  N\u1eb1m vi\u1ec7n<\/strong><\/li>\n<\/ol>\n<ul>\n<li><strong>Gi\u00e1m s\u00e1t v\u00e0 \u0111\u00e1nh gi\u00e1:<\/strong> Ki\u1ec3m tra th\u01b0\u1eddng xuy\u00ean m\u1ee9c \u0111\u1ed9 \u0111au, ch\u1ee9c n\u0103ng th\u1ea7n kinh v\u00e0 ch\u1eefa l\u00e0nh v\u1ebft th\u01b0\u01a1ng.<\/li>\n<li><strong>V\u1eadt l\u00fd tr\u1ecb li\u1ec7u:<\/strong> Huy \u0111\u1ed9ng s\u1edbm v\u00e0 di\u1ec5n t\u1eadp \u0111\u1ec3 th\u00fac \u0111\u1ea9y ph\u1ee5c h\u1ed3i.<\/li>\n<\/ul>\n<ol start=\"3\">\n<li><strong>  L\u1eadp k\u1ebf ho\u1ea1ch x\u1ea3 th\u1ea3i<\/strong><\/li>\n<\/ol>\n<ul>\n<li><strong>Ch\u1ec9 th\u1ecb:<\/strong> H\u01b0\u1edbng d\u1eabn chi ti\u1ebft v\u1ec1 ch\u0103m s\u00f3c v\u1ebft th\u01b0\u01a1ng, thu\u1ed1c, h\u1ea1n ch\u1ebf ho\u1ea1t \u0111\u1ed9ng v\u00e0 c\u00e1c cu\u1ed9c h\u1eb9n t\u00e1i kh\u00e1m.<\/li>\n<li><strong>H\u1ec7 th\u1ed1ng h\u1ed7 tr\u1ee3:<\/strong> S\u1eafp x\u1ebfp ch\u0103m s\u00f3c t\u1ea1i nh\u00e0, \u0111i\u1ec1u tr\u1ecb ngo\u1ea1i tr\u00fa v\u00e0 h\u1ed7 tr\u1ee3 n\u1ebfu c\u1ea7n.<\/li>\n<\/ul>\n<ol start=\"4\">\n<li><strong>  Ph\u1ee5c h\u1ed3i l\u00e2u d\u00e0i<\/strong><\/li>\n<\/ol>\n<ul>\n<li><strong>C\u00e1c l\u1ea7n kh\u00e1m ti\u1ebfp theo:<\/strong> C\u00e1c cu\u1ed9c h\u1eb9n th\u01b0\u1eddng xuy\u00ean v\u1edbi b\u00e1c s\u0129 ph\u1eabu thu\u1eadt v\u00e0 c\u00f3 th\u1ec3 l\u00e0 m\u1ed9t nh\u00e0 tr\u1ecb li\u1ec7u v\u1eadt l\u00fd.<\/li>\n<li><strong>Ph\u1ee5c h\u1ed3i:<\/strong> Ti\u1ebfp t\u1ee5c \u0111i\u1ec1u tr\u1ecb \u0111\u1ec3 t\u0103ng c\u01b0\u1eddng l\u01b0ng v\u00e0 c\u1ea3i thi\u1ec7n kh\u1ea3 n\u0103ng v\u1eadn \u0111\u1ed9ng.<\/li>\n<li><strong>Gi\u00e1m s\u00e1t:<\/strong> Theo d\u00f5i c\u00e1c d\u1ea5u hi\u1ec7u nhi\u1ec5m tr\u00f9ng ho\u1eb7c c\u00e1c bi\u1ebfn ch\u1ee9ng kh\u00e1c.<\/li>\n<li><strong>\u0110i\u1ec1u ch\u1ec9nh l\u1ed1i s\u1ed1ng:<\/strong> \u00c1p d\u1ee5ng l\u1ed1i s\u1ed1ng l\u00e0nh m\u1ea1nh, duy tr\u00ec c\u00e2n n\u1eb7ng kh\u1ecfe m\u1ea1nh v\u00e0 ki\u1ec3m so\u00e1t c\u0103ng th\u1eb3ng.<\/li>\n<\/ul>\n<p><strong>R\u1ee7i ro v\u00e0 bi\u1ebfn ch\u1ee9ng ti\u1ec1m \u1ea9n<\/strong><\/p>\n<ul>\n<li><strong>Nhi\u1ec5m tr\u00f9ng:<\/strong> Nguy c\u01a1 nhi\u1ec5m tr\u00f9ng t\u1ea1i v\u1ecb tr\u00ed ph\u1eabu thu\u1eadt.<\/li>\n<li><strong>S\u1ef1 ch\u1ea3y m\u00e1u:<\/strong> Xu\u1ea5t huy\u1ebft t\u1ea1i v\u1ecb tr\u00ed ph\u1eabu thu\u1eadt.<\/li>\n<li><strong>T\u1ed5n th\u01b0\u01a1ng th\u1ea7n kinh:<\/strong> Kh\u1ea3 n\u0103ng t\u1ed5n th\u01b0\u01a1ng th\u1ea7n kinh t\u1ea1m th\u1eddi ho\u1eb7c v\u0129nh vi\u1ec5n.<\/li>\n<li><strong>R\u00e1ch m\u00e0ng c\u1ee9ng:<\/strong> R\u00e1ch trong l\u1edbp v\u1ecf b\u1ea3o v\u1ec7 c\u1ee7a t\u1ee7y s\u1ed1ng, c\u00f3 th\u1ec3 c\u1ea7n \u0111i\u1ec1u tr\u1ecb b\u1ed5 sung.<\/li>\n<li><strong>C\u1ee5c m\u00e1u \u0111\u00f4ng:<\/strong> Nguy c\u01a1 huy\u1ebft kh\u1ed1i t\u0129nh m\u1ea1ch s\u00e2u (DVT).<\/li>\n<li><strong>\u0110au dai d\u1eb3ng:<\/strong> C\u00f3 th\u1ec3 \u0111au li\u00ean t\u1ee5c m\u1eb7c d\u00f9 ph\u1eabu thu\u1eadt.<\/li>\n<li><strong>L\u1eb7p l\u1ea1i:<\/strong> Tho\u00e1t v\u1ecb \u0111\u0129a \u0111\u1ec7m c\u00f3 th\u1ec3 t\u00e1i ph\u00e1t, c\u00f3 kh\u1ea3 n\u0103ng c\u1ea7n \u0111i\u1ec1u tr\u1ecb b\u1ed5 sung.<\/li>\n<\/ul>\n<p><strong>K\u1ebft th\u00fac<\/strong><\/p>\n<p>Ph\u1eabu thu\u1eadt tho\u00e1t v\u1ecb \u0111\u0129a \u0111\u1ec7m c\u00f3 th\u1ec3 c\u1ea3i thi\u1ec7n \u0111\u00e1ng k\u1ec3 ch\u1ea5t l\u01b0\u1ee3ng cu\u1ed9c s\u1ed1ng b\u1eb1ng c\u00e1ch gi\u1ea3m \u0111au v\u00e0 ph\u1ee5c h\u1ed3i ch\u1ee9c n\u0103ng. \u0110\u00e1nh gi\u00e1 k\u1ef9 l\u01b0\u1ee1ng tr\u01b0\u1edbc ph\u1eabu thu\u1eadt, k\u1ef9 thu\u1eadt ph\u1eabu thu\u1eadt t\u1ec9 m\u1ec9 v\u00e0 ch\u0103m s\u00f3c h\u1eadu ph\u1eabu to\u00e0n di\u1ec7n l\u00e0 \u0111i\u1ec1u c\u1ea7n thi\u1ebft cho k\u1ebft qu\u1ea3 th\u00e0nh c\u00f4ng. Ph\u01b0\u01a1ng ph\u00e1p ti\u1ebfp c\u1eadn \u0111a ng\u00e0nh li\u00ean quan \u0111\u1ebfn b\u00e1c s\u0129 ph\u1eabu thu\u1eadt, b\u00e1c s\u0129 g\u00e2y m\u00ea, v\u1eadt l\u00fd tr\u1ecb li\u1ec7u v\u00e0 c\u00e1c chuy\u00ean gia kh\u00e1c \u0111\u1ea3m b\u1ea3o k\u1ebft qu\u1ea3 t\u1ed1t nh\u1ea5t c\u00f3 th\u1ec3 cho b\u1ec7nh nh\u00e2n.  <\/p>\n\t\t\t\t\t\t\t\t<\/div>\n\t\t\t\t<\/div>\n\t\t\t\t<\/div>\n\t\t<div class=\"elementor-element elementor-element-23397a12 e-con-full e-flex e-con e-child\" data-id=\"23397a12\" data-element_type=\"container\" data-e-type=\"container\" data-settings=\"{&quot;jet_parallax_layout_list&quot;:[]}\">\n\t\t\t\t<div class=\"elementor-element elementor-element-19d6f657 elementor-widget elementor-widget-image\" data-id=\"19d6f657\" data-element_type=\"widget\" data-e-type=\"widget\" data-widget_type=\"image.default\">\n\t\t\t\t<div class=\"elementor-widget-container\">\n\t\t\t\t\t\t\t\t\t\t\t\t\t\t\t<img fetchpriority=\"high\" decoding=\"async\" width=\"600\" height=\"350\" src=\"https:\/\/mdvisitclinic.com\/wp-content\/uploads\/2024\/06\/Herniated-Disc.jpg\" class=\"attachment-full size-full wp-image-10401\" alt=\"\" srcset=\"https:\/\/mdvisitclinic.com\/wp-content\/uploads\/2024\/06\/Herniated-Disc.jpg 600w, https:\/\/mdvisitclinic.com\/wp-content\/uploads\/2024\/06\/Herniated-Disc-300x175.jpg 300w\" sizes=\"(max-width: 600px) 100vw, 600px\" \/>\t\t\t\t\t\t\t\t\t\t\t\t\t\t\t<\/div>\n\t\t\t\t<\/div>\n\t\t\t\t<\/div>\n\t\t\t\t\t<\/div>\n\t\t\t\t<\/div>\n\t\t\t\t<\/div>\n\t\t","protected":false},"excerpt":{"rendered":"<p>Tho\u00e1t v\u1ecb \u0111\u0129a \u0111\u1ec7m Gi\u1ea3i th\u00edch ph\u1eabu thu\u1eadt tho\u00e1t v\u1ecb \u0111\u0129a \u0111\u1ec7m, bao g\u1ed3m c\u00e1c ho\u1ea1t \u0111\u1ed9ng tr\u01b0\u1edbc ph\u1eabu thu\u1eadt v\u00e0 sau ph\u1eabu thu\u1eadt B\u00e1c s\u0129 ph\u1eabu thu\u1eadt th\u1ea7n kinh \u0111\u01b0\u1ee3c ch\u1ec9 \u0111\u1ecbnh c\u1ee7a b\u1ea1n v\u00e0 y t\u00e1 c\u1ee7a anh \u1ea5y s\u1ebd g\u1eb7p b\u1ea1n qua video \u0111\u1ec3 xem x\u00e9t k\u1ebft qu\u1ea3 \u00fd ki\u1ebfn th\u1ee9 hai [&hellip;]<\/p>\n","protected":false},"author":8,"featured_media":0,"parent":21250,"menu_order":0,"comment_status":"closed","ping_status":"closed","template":"elementor_header_footer","meta":{"_acf_changed":false,"_coblocks_attr":"","_coblocks_dimensions":"","_coblocks_responsive_height":"","_coblocks_accordion_ie_support":"","hide_page_title":"","footnotes":""},"class_list":["post-20909","page","type-page","status-publish","hentry"],"acf":[],"yoast_head":"<!-- This site is optimized with the Yoast SEO plugin v27.3 - https:\/\/yoast.com\/product\/yoast-seo-wordpress\/ -->\n<title>Tho\u00e1t v\u1ecb \u0111\u0129a \u0111\u1ec7m - MDVISIT CLINIC<\/title>\n<meta name=\"robots\" content=\"noindex, follow, max-snippet:-1, max-image-preview:large, max-video-preview:-1\" \/>\n<meta property=\"og:locale\" content=\"vi_VN\" \/>\n<meta property=\"og:type\" content=\"article\" \/>\n<meta property=\"og:title\" content=\"Tho\u00e1t v\u1ecb \u0111\u0129a \u0111\u1ec7m - MDVISIT CLINIC\" \/>\n<meta property=\"og:description\" content=\"Tho\u00e1t v\u1ecb \u0111\u0129a \u0111\u1ec7m Gi\u1ea3i th\u00edch ph\u1eabu thu\u1eadt tho\u00e1t v\u1ecb \u0111\u0129a \u0111\u1ec7m, bao g\u1ed3m c\u00e1c ho\u1ea1t \u0111\u1ed9ng tr\u01b0\u1edbc ph\u1eabu thu\u1eadt v\u00e0 sau ph\u1eabu thu\u1eadt B\u00e1c s\u0129 ph\u1eabu thu\u1eadt th\u1ea7n kinh \u0111\u01b0\u1ee3c ch\u1ec9 \u0111\u1ecbnh c\u1ee7a b\u1ea1n v\u00e0 y t\u00e1 c\u1ee7a anh \u1ea5y s\u1ebd g\u1eb7p b\u1ea1n qua video \u0111\u1ec3 xem x\u00e9t k\u1ebft qu\u1ea3 \u00fd ki\u1ebfn th\u1ee9 hai [&hellip;]\" \/>\n<meta property=\"og:url\" content=\"https:\/\/mdvisitclinic.com\/vi\/neurosurgery-second-opinion\/herniated-disk\/\" \/>\n<meta property=\"og:site_name\" content=\"MDVISIT CLINIC\" \/>\n<meta property=\"article:modified_time\" content=\"2024-12-23T09:43:46+00:00\" \/>\n<meta property=\"og:image\" content=\"https:\/\/mdvisitclinic.com\/wp-content\/uploads\/2024\/06\/Herniated-Disc.jpg\" \/>\n<meta name=\"twitter:card\" content=\"summary_large_image\" \/>\n<meta name=\"twitter:label1\" content=\"Est. reading time\" \/>\n\t<meta name=\"twitter:data1\" content=\"8 minutes\" \/>\n<script type=\"application\/ld+json\" class=\"yoast-schema-graph\">{\"@context\":\"https:\\\/\\\/schema.org\",\"@graph\":[{\"@type\":\"WebPage\",\"@id\":\"https:\\\/\\\/mdvisitclinic.com\\\/vi\\\/neurosurgery-second-opinion\\\/herniated-disk\\\/\",\"url\":\"https:\\\/\\\/mdvisitclinic.com\\\/vi\\\/neurosurgery-second-opinion\\\/herniated-disk\\\/\",\"name\":\"Tho\u00e1t v\u1ecb \u0111\u0129a \u0111\u1ec7m - MDVISIT CLINIC\",\"isPartOf\":{\"@id\":\"https:\\\/\\\/mdvisitclinic.com\\\/vi\\\/#website\"},\"primaryImageOfPage\":{\"@id\":\"https:\\\/\\\/mdvisitclinic.com\\\/vi\\\/neurosurgery-second-opinion\\\/herniated-disk\\\/#primaryimage\"},\"image\":{\"@id\":\"https:\\\/\\\/mdvisitclinic.com\\\/vi\\\/neurosurgery-second-opinion\\\/herniated-disk\\\/#primaryimage\"},\"thumbnailUrl\":\"https:\\\/\\\/mdvisitclinic.com\\\/wp-content\\\/uploads\\\/2024\\\/06\\\/Herniated-Disc.jpg\",\"datePublished\":\"2024-06-26T13:19:57+00:00\",\"dateModified\":\"2024-12-23T09:43:46+00:00\",\"breadcrumb\":{\"@id\":\"https:\\\/\\\/mdvisitclinic.com\\\/vi\\\/neurosurgery-second-opinion\\\/herniated-disk\\\/#breadcrumb\"},\"inLanguage\":\"vi-VN\",\"potentialAction\":[{\"@type\":\"ReadAction\",\"target\":[\"https:\\\/\\\/mdvisitclinic.com\\\/vi\\\/neurosurgery-second-opinion\\\/herniated-disk\\\/\"]}]},{\"@type\":\"ImageObject\",\"inLanguage\":\"vi-VN\",\"@id\":\"https:\\\/\\\/mdvisitclinic.com\\\/vi\\\/neurosurgery-second-opinion\\\/herniated-disk\\\/#primaryimage\",\"url\":\"https:\\\/\\\/mdvisitclinic.com\\\/wp-content\\\/uploads\\\/2024\\\/06\\\/Herniated-Disc.jpg\",\"contentUrl\":\"https:\\\/\\\/mdvisitclinic.com\\\/wp-content\\\/uploads\\\/2024\\\/06\\\/Herniated-Disc.jpg\"},{\"@type\":\"BreadcrumbList\",\"@id\":\"https:\\\/\\\/mdvisitclinic.com\\\/vi\\\/neurosurgery-second-opinion\\\/herniated-disk\\\/#breadcrumb\",\"itemListElement\":[{\"@type\":\"ListItem\",\"position\":1,\"name\":\"Home\",\"item\":\"https:\\\/\\\/mdvisitclinic.com\\\/vi\\\/\"},{\"@type\":\"ListItem\",\"position\":2,\"name\":\"\u00dd ki\u1ebfn th\u1ee9 hai v\u1ec1 Ph\u1eabu thu\u1eadt th\u1ea7n kinh\",\"item\":\"https:\\\/\\\/mdvisitclinic.com\\\/vi\\\/neurosurgery-second-opinion\\\/\"},{\"@type\":\"ListItem\",\"position\":3,\"name\":\"Tho\u00e1t v\u1ecb \u0111\u0129a \u0111\u1ec7m\"}]},{\"@type\":\"WebSite\",\"@id\":\"https:\\\/\\\/mdvisitclinic.com\\\/vi\\\/#website\",\"url\":\"https:\\\/\\\/mdvisitclinic.com\\\/vi\\\/\",\"name\":\"MDVISIT CLINIC\",\"description\":\"\",\"publisher\":{\"@id\":\"https:\\\/\\\/mdvisitclinic.com\\\/vi\\\/#organization\"},\"potentialAction\":[{\"@type\":\"SearchAction\",\"target\":{\"@type\":\"EntryPoint\",\"urlTemplate\":\"https:\\\/\\\/mdvisitclinic.com\\\/vi\\\/?s={search_term_string}\"},\"query-input\":{\"@type\":\"PropertyValueSpecification\",\"valueRequired\":true,\"valueName\":\"search_term_string\"}}],\"inLanguage\":\"vi-VN\"},{\"@type\":\"Organization\",\"@id\":\"https:\\\/\\\/mdvisitclinic.com\\\/vi\\\/#organization\",\"name\":\"MDVISIT CLINIC\",\"url\":\"https:\\\/\\\/mdvisitclinic.com\\\/vi\\\/\",\"logo\":{\"@type\":\"ImageObject\",\"inLanguage\":\"vi-VN\",\"@id\":\"https:\\\/\\\/mdvisitclinic.com\\\/vi\\\/#\\\/schema\\\/logo\\\/image\\\/\",\"url\":\"https:\\\/\\\/mdvisitclinic.com\\\/wp-content\\\/uploads\\\/2024\\\/03\\\/logo.png\",\"contentUrl\":\"https:\\\/\\\/mdvisitclinic.com\\\/wp-content\\\/uploads\\\/2024\\\/03\\\/logo.png\",\"width\":768,\"height\":118,\"caption\":\"MDVISIT CLINIC\"},\"image\":{\"@id\":\"https:\\\/\\\/mdvisitclinic.com\\\/vi\\\/#\\\/schema\\\/logo\\\/image\\\/\"}}]}<\/script>\n<!-- \/ Yoast SEO plugin. -->","yoast_head_json":{"title":"Tho\u00e1t v\u1ecb \u0111\u0129a \u0111\u1ec7m - MDVISIT CLINIC","robots":{"index":"noindex","follow":"follow","max-snippet":"max-snippet:-1","max-image-preview":"max-image-preview:large","max-video-preview":"max-video-preview:-1"},"og_locale":"vi_VN","og_type":"article","og_title":"Tho\u00e1t v\u1ecb \u0111\u0129a \u0111\u1ec7m - MDVISIT CLINIC","og_description":"Tho\u00e1t v\u1ecb \u0111\u0129a \u0111\u1ec7m Gi\u1ea3i th\u00edch ph\u1eabu thu\u1eadt tho\u00e1t v\u1ecb \u0111\u0129a \u0111\u1ec7m, bao g\u1ed3m c\u00e1c ho\u1ea1t \u0111\u1ed9ng tr\u01b0\u1edbc ph\u1eabu thu\u1eadt v\u00e0 sau ph\u1eabu thu\u1eadt B\u00e1c s\u0129 ph\u1eabu thu\u1eadt th\u1ea7n kinh \u0111\u01b0\u1ee3c ch\u1ec9 \u0111\u1ecbnh c\u1ee7a b\u1ea1n v\u00e0 y t\u00e1 c\u1ee7a anh \u1ea5y s\u1ebd g\u1eb7p b\u1ea1n qua video \u0111\u1ec3 xem x\u00e9t k\u1ebft qu\u1ea3 \u00fd ki\u1ebfn th\u1ee9 hai [&hellip;]","og_url":"https:\/\/mdvisitclinic.com\/vi\/neurosurgery-second-opinion\/herniated-disk\/","og_site_name":"MDVISIT CLINIC","article_modified_time":"2024-12-23T09:43:46+00:00","og_image":[{"url":"https:\/\/mdvisitclinic.com\/wp-content\/uploads\/2024\/06\/Herniated-Disc.jpg","type":"","width":"","height":""}],"twitter_card":"summary_large_image","twitter_misc":{"Est. reading time":"8 minutes"},"schema":{"@context":"https:\/\/schema.org","@graph":[{"@type":"WebPage","@id":"https:\/\/mdvisitclinic.com\/vi\/neurosurgery-second-opinion\/herniated-disk\/","url":"https:\/\/mdvisitclinic.com\/vi\/neurosurgery-second-opinion\/herniated-disk\/","name":"Tho\u00e1t v\u1ecb \u0111\u0129a \u0111\u1ec7m - MDVISIT CLINIC","isPartOf":{"@id":"https:\/\/mdvisitclinic.com\/vi\/#website"},"primaryImageOfPage":{"@id":"https:\/\/mdvisitclinic.com\/vi\/neurosurgery-second-opinion\/herniated-disk\/#primaryimage"},"image":{"@id":"https:\/\/mdvisitclinic.com\/vi\/neurosurgery-second-opinion\/herniated-disk\/#primaryimage"},"thumbnailUrl":"https:\/\/mdvisitclinic.com\/wp-content\/uploads\/2024\/06\/Herniated-Disc.jpg","datePublished":"2024-06-26T13:19:57+00:00","dateModified":"2024-12-23T09:43:46+00:00","breadcrumb":{"@id":"https:\/\/mdvisitclinic.com\/vi\/neurosurgery-second-opinion\/herniated-disk\/#breadcrumb"},"inLanguage":"vi-VN","potentialAction":[{"@type":"ReadAction","target":["https:\/\/mdvisitclinic.com\/vi\/neurosurgery-second-opinion\/herniated-disk\/"]}]},{"@type":"ImageObject","inLanguage":"vi-VN","@id":"https:\/\/mdvisitclinic.com\/vi\/neurosurgery-second-opinion\/herniated-disk\/#primaryimage","url":"https:\/\/mdvisitclinic.com\/wp-content\/uploads\/2024\/06\/Herniated-Disc.jpg","contentUrl":"https:\/\/mdvisitclinic.com\/wp-content\/uploads\/2024\/06\/Herniated-Disc.jpg"},{"@type":"BreadcrumbList","@id":"https:\/\/mdvisitclinic.com\/vi\/neurosurgery-second-opinion\/herniated-disk\/#breadcrumb","itemListElement":[{"@type":"ListItem","position":1,"name":"Home","item":"https:\/\/mdvisitclinic.com\/vi\/"},{"@type":"ListItem","position":2,"name":"\u00dd ki\u1ebfn th\u1ee9 hai v\u1ec1 Ph\u1eabu thu\u1eadt th\u1ea7n kinh","item":"https:\/\/mdvisitclinic.com\/vi\/neurosurgery-second-opinion\/"},{"@type":"ListItem","position":3,"name":"Tho\u00e1t v\u1ecb \u0111\u0129a \u0111\u1ec7m"}]},{"@type":"WebSite","@id":"https:\/\/mdvisitclinic.com\/vi\/#website","url":"https:\/\/mdvisitclinic.com\/vi\/","name":"MDVISIT CLINIC","description":"","publisher":{"@id":"https:\/\/mdvisitclinic.com\/vi\/#organization"},"potentialAction":[{"@type":"SearchAction","target":{"@type":"EntryPoint","urlTemplate":"https:\/\/mdvisitclinic.com\/vi\/?s={search_term_string}"},"query-input":{"@type":"PropertyValueSpecification","valueRequired":true,"valueName":"search_term_string"}}],"inLanguage":"vi-VN"},{"@type":"Organization","@id":"https:\/\/mdvisitclinic.com\/vi\/#organization","name":"MDVISIT CLINIC","url":"https:\/\/mdvisitclinic.com\/vi\/","logo":{"@type":"ImageObject","inLanguage":"vi-VN","@id":"https:\/\/mdvisitclinic.com\/vi\/#\/schema\/logo\/image\/","url":"https:\/\/mdvisitclinic.com\/wp-content\/uploads\/2024\/03\/logo.png","contentUrl":"https:\/\/mdvisitclinic.com\/wp-content\/uploads\/2024\/03\/logo.png","width":768,"height":118,"caption":"MDVISIT CLINIC"},"image":{"@id":"https:\/\/mdvisitclinic.com\/vi\/#\/schema\/logo\/image\/"}}]}},"_links":{"self":[{"href":"https:\/\/mdvisitclinic.com\/vi\/wp-json\/wp\/v2\/pages\/20909","targetHints":{"allow":["GET"]}}],"collection":[{"href":"https:\/\/mdvisitclinic.com\/vi\/wp-json\/wp\/v2\/pages"}],"about":[{"href":"https:\/\/mdvisitclinic.com\/vi\/wp-json\/wp\/v2\/types\/page"}],"author":[{"embeddable":true,"href":"https:\/\/mdvisitclinic.com\/vi\/wp-json\/wp\/v2\/users\/8"}],"replies":[{"embeddable":true,"href":"https:\/\/mdvisitclinic.com\/vi\/wp-json\/wp\/v2\/comments?post=20909"}],"version-history":[{"count":2,"href":"https:\/\/mdvisitclinic.com\/vi\/wp-json\/wp\/v2\/pages\/20909\/revisions"}],"predecessor-version":[{"id":22810,"href":"https:\/\/mdvisitclinic.com\/vi\/wp-json\/wp\/v2\/pages\/20909\/revisions\/22810"}],"up":[{"embeddable":true,"href":"https:\/\/mdvisitclinic.com\/vi\/wp-json\/wp\/v2\/pages\/21250"}],"wp:attachment":[{"href":"https:\/\/mdvisitclinic.com\/vi\/wp-json\/wp\/v2\/media?parent=20909"}],"curies":[{"name":"wp","href":"https:\/\/api.w.org\/{rel}","templated":true}]}}