{"id":20921,"date":"2024-06-27T04:37:30","date_gmt":"2024-06-27T04:37:30","guid":{"rendered":"https:\/\/f55.01f.myftpupload.com\/transplant-surgery\/"},"modified":"2024-12-23T09:43:46","modified_gmt":"2024-12-23T09:43:46","slug":"transplant-surgery","status":"publish","type":"page","link":"https:\/\/mdvisitclinic.com\/vi\/second-opinion-all-other-conditions\/transplant-surgery\/","title":{"rendered":"Ph\u1eabu thu\u1eadt c\u1ea5y gh\u00e9p"},"content":{"rendered":"\t\t<div data-elementor-type=\"wp-page\" data-elementor-id=\"20921\" class=\"elementor elementor-20921 elementor-13234\" data-elementor-post-type=\"page\">\n\t\t\t\t<div class=\"elementor-element elementor-element-4027cd8b e-flex e-con-boxed e-con e-parent\" data-id=\"4027cd8b\" data-element_type=\"container\" data-e-type=\"container\" data-settings=\"{&quot;background_background&quot;:&quot;classic&quot;,&quot;jet_parallax_layout_list&quot;:[]}\">\n\t\t\t\t\t<div class=\"e-con-inner\">\n\t\t<div class=\"elementor-element elementor-element-e1f8401 e-con-full e-flex e-con e-child\" data-id=\"e1f8401\" data-element_type=\"container\" data-e-type=\"container\" data-settings=\"{&quot;jet_parallax_layout_list&quot;:[]}\">\n\t\t\t\t<div class=\"elementor-element elementor-element-29640ba2 elementor-widget elementor-widget-heading\" data-id=\"29640ba2\" data-element_type=\"widget\" data-e-type=\"widget\" data-widget_type=\"heading.default\">\n\t\t\t\t<div class=\"elementor-widget-container\">\n\t\t\t\t\t<h2 class=\"elementor-heading-title elementor-size-default\">Ph\u1eabu thu\u1eadt c\u1ea5y gh\u00e9p  <\/h2>\t\t\t\t<\/div>\n\t\t\t\t<\/div>\n\t\t\t\t<\/div>\n\t\t\t\t\t<\/div>\n\t\t\t\t<\/div>\n\t\t<div class=\"elementor-element elementor-element-4e0c50a e-flex e-con-boxed e-con e-parent\" data-id=\"4e0c50a\" data-element_type=\"container\" data-e-type=\"container\" data-settings=\"{&quot;jet_parallax_layout_list&quot;:[]}\">\n\t\t\t\t\t<div class=\"e-con-inner\">\n\t\t<div class=\"elementor-element elementor-element-ee56fcc e-con-full e-flex e-con e-child\" data-id=\"ee56fcc\" data-element_type=\"container\" data-e-type=\"container\" data-settings=\"{&quot;jet_parallax_layout_list&quot;:[]}\">\n\t\t\t\t<div class=\"elementor-element elementor-element-13281bd1 elementor-widget elementor-widget-heading\" data-id=\"13281bd1\" data-element_type=\"widget\" data-e-type=\"widget\" data-widget_type=\"heading.default\">\n\t\t\t\t<div class=\"elementor-widget-container\">\n\t\t\t\t\t<h2 class=\"elementor-heading-title elementor-size-default\">Ph\u1eabu thu\u1eadt c\u1ea5y gh\u00e9p \u0111\u01b0\u1ee3c gi\u1ea3i th\u00edch, bao g\u1ed3m c\u00e1c ho\u1ea1t \u0111\u1ed9ng tr\u01b0\u1edbc ph\u1eabu thu\u1eadt v\u00e0 sau ph\u1eabu thu\u1eadt  <\/h2>\t\t\t\t<\/div>\n\t\t\t\t<\/div>\n\t\t\t\t<div class=\"elementor-element elementor-element-64e94cf0 elementor-widget elementor-widget-text-editor\" data-id=\"64e94cf0\" data-element_type=\"widget\" data-e-type=\"widget\" data-widget_type=\"text-editor.default\">\n\t\t\t\t<div class=\"elementor-widget-container\">\n\t\t\t\t\t\t\t\t\t<p>B\u00e1c s\u0129 ph\u1eabu thu\u1eadt c\u1ea5y gh\u00e9p \u0111\u01b0\u1ee3c ch\u1ec9 \u0111\u1ecbnh c\u1ee7a b\u1ea1n v\u00e0 y t\u00e1 c\u1ee7a anh \u1ea5y s\u1ebd g\u1eb7p b\u1ea1n qua video \u0111\u1ec3 xem x\u00e9t k\u1ebft qu\u1ea3 \u00fd ki\u1ebfn th\u1ee9 hai c\u1ee7a b\u1ea1n. Anh \u1ea5y s\u1ebd tr\u1ea3 l\u1eddi c\u00e2u h\u1ecfi c\u1ee7a b\u1ea1n. N\u1ebfu ph\u1eabu thu\u1eadt l\u00e0 c\u1ea7n thi\u1ebft, v\u00e0 b\u1ea1n \u0111ang xem x\u00e9t ph\u1eabu thu\u1eadt t\u1ea1i Hoa K\u1ef3, h\u00e3y ch\u1eafc ch\u1eafn \u0111\u1ec3 cho anh \u1ea5y bi\u1ebft.  <\/p>\n<p>\u0110\u1ecdc b\u00ean d\u01b0\u1edbi \u0111\u1ec3 hi\u1ec3u chi ti\u1ebft v\u1ec1 qu\u00e1 tr\u00ecnh ph\u1eabu thu\u1eadt.<\/p>\n\t\t\t\t\t\t\t\t<\/div>\n\t\t\t\t<\/div>\n\t\t\t\t<div class=\"elementor-element elementor-element-538ce70d elementor-widget elementor-widget-text-editor\" data-id=\"538ce70d\" data-element_type=\"widget\" data-e-type=\"widget\" data-widget_type=\"text-editor.default\">\n\t\t\t\t<div class=\"elementor-widget-container\">\n\t\t\t\t\t\t\t\t\t<p>Tr\u1eebu t\u01b0\u1ee3ng<\/p>\n<p>Ph\u1eabu thu\u1eadt c\u1ea5y gh\u00e9p li\u00ean quan \u0111\u1ebfn vi\u1ec7c thay th\u1ebf m\u1ed9t c\u01a1 quan b\u1ecb h\u1ecfng ho\u1eb7c b\u1ecb h\u01b0 h\u1ecfng b\u1eb1ng m\u1ed9t c\u01a1 quan kh\u1ecfe m\u1ea1nh t\u1eeb ng\u01b0\u1eddi hi\u1ebfn t\u1eb7ng. C\u00e1c lo\u1ea1i ph\u1eabu thu\u1eadt c\u1ea5y gh\u00e9p ph\u1ed5 bi\u1ebfn bao g\u1ed3m gh\u00e9p th\u1eadn, gan, tim, ph\u1ed5i v\u00e0 tuy\u1ebfn t\u1ee5y. <\/p>\n<p><strong>C\u00e1c lo\u1ea1i ph\u1eabu thu\u1eadt c\u1ea5y gh\u00e9p<\/strong><\/p>\n<ol>\n<li><strong>Gh\u00e9p th\u1eadn<\/strong>: Thay th\u1ebf m\u1ed9t qu\u1ea3 th\u1eadn b\u1ecb h\u1ecfng b\u1eb1ng m\u1ed9t qu\u1ea3 th\u1eadn kh\u1ecfe m\u1ea1nh t\u1eeb m\u1ed9t ng\u01b0\u1eddi hi\u1ebfn t\u1eb7ng c\u00f2n s\u1ed1ng ho\u1eb7c \u0111\u00e3 ch\u1ebft.<\/li>\n<li><strong>Gh\u00e9p gan<\/strong>: Thay th\u1ebf gan b\u1ecb b\u1ec7nh b\u1eb1ng gan kh\u1ecfe m\u1ea1nh t\u1eeb ng\u01b0\u1eddi hi\u1ebfn t\u1eb7ng \u0111\u00e3 ch\u1ebft ho\u1eb7c m\u1ed9t ph\u1ea7n t\u1eeb ng\u01b0\u1eddi hi\u1ebfn t\u1eb7ng c\u00f2n s\u1ed1ng.<\/li>\n<li><strong>Gh\u00e9p tim<\/strong>: Thay th\u1ebf m\u1ed9t tr\u00e1i tim b\u1ecb suy b\u1eb1ng m\u1ed9t tr\u00e1i tim kh\u1ecfe m\u1ea1nh t\u1eeb m\u1ed9t ng\u01b0\u1eddi hi\u1ebfn t\u1eb7ng \u0111\u00e3 qua \u0111\u1eddi.<\/li>\n<li><strong>Gh\u00e9p ph\u1ed5i<\/strong>: Thay th\u1ebf m\u1ed9t ho\u1eb7c c\u1ea3 hai ph\u1ed5i b\u1ecb b\u1ec7nh b\u1eb1ng ph\u1ed5i kh\u1ecfe m\u1ea1nh t\u1eeb ng\u01b0\u1eddi hi\u1ebfn t\u1eb7ng \u0111\u00e3 qua \u0111\u1eddi.<\/li>\n<li><strong>Gh\u00e9p t\u1ee5y<\/strong>: Thay th\u1ebf tuy\u1ebfn t\u1ee5y b\u1ecb b\u1ec7nh, th\u01b0\u1eddng \u0111\u01b0\u1ee3c th\u1ef1c hi\u1ec7n c\u00f9ng v\u1edbi gh\u00e9p th\u1eadn.<\/li>\n<\/ol>\n<p><strong>Ho\u1ea1t \u0111\u1ed9ng tr\u01b0\u1edbc ph\u1eabu thu\u1eadt<\/strong><\/p>\n<ol>\n<li><strong>\u0110\u00e1nh gi\u00e1 v\u00e0 ni\u00eam y\u1ebft<\/strong>:\n<ul>\n<li><strong>\u0110\u00e1nh gi\u00e1 y t\u1ebf<\/strong>: C\u00e1c x\u00e9t nghi\u1ec7m to\u00e0n di\u1ec7n \u0111\u1ec3 \u0111\u00e1nh gi\u00e1 s\u1ee9c kh\u1ecfe t\u1ed5ng th\u1ec3 v\u00e0 s\u1ef1 ph\u00f9 h\u1ee3p \u0111\u1ec3 c\u1ea5y gh\u00e9p.<\/li>\n<li><strong>\u0110\u00e1nh gi\u00e1 t\u00e2m l\u00fd x\u00e3 h\u1ed9i<\/strong>: \u0110\u00e1nh gi\u00e1 s\u1ef1 s\u1eb5n s\u00e0ng v\u1ec1 tinh th\u1ea7n v\u00e0 c\u1ea3m x\u00fac cho qu\u00e1 tr\u00ecnh c\u1ea5y gh\u00e9p.<\/li>\n<li><strong>Danh s\u00e1ch c\u1ea5y gh\u00e9p<\/strong>: X\u1ebfp v\u00e0o danh s\u00e1ch ch\u1edd c\u1ea5y gh\u00e9p d\u1ef1a tr\u00ean m\u1ee9c \u0111\u1ed9 kh\u1ea9n c\u1ea5p v\u00e0 kh\u1ea3 n\u0103ng t\u01b0\u01a1ng th\u00edch.<\/li>\n<\/ul>\n<\/li>\n<li><strong>\u0110\u00e1nh gi\u00e1 c\u1ee7a ng\u01b0\u1eddi hi\u1ebfn t\u1eb7ng c\u00f2n s\u1ed1ng (n\u1ebfu c\u00f3):<\/strong>\n<ul>\n<li><strong>Ki\u1ec3m tra s\u1ee9c kh\u1ecfe<\/strong>: Ki\u1ec3m tra y t\u1ebf k\u1ef9 l\u01b0\u1ee1ng \u0111\u1ec3 \u0111\u1ea3m b\u1ea3o ng\u01b0\u1eddi hi\u1ebfn t\u1eb7ng kh\u1ecfe m\u1ea1nh v\u00e0 t\u01b0\u01a1ng th\u00edch.<\/li>\n<li><strong>\u0110\u00e1nh gi\u00e1 t\u00e2m l\u00fd<\/strong>: \u0110\u1ea3m b\u1ea3o ng\u01b0\u1eddi hi\u1ebfn t\u1eb7ng \u0111\u01b0\u1ee3c chu\u1ea9n b\u1ecb tinh th\u1ea7n cho qu\u00e1 tr\u00ecnh hi\u1ebfn t\u1eb7ng.<\/li>\n<\/ul>\n<\/li>\n<li><strong>Chu\u1ea9n b\u1ecb tr\u01b0\u1edbc ph\u1eabu thu\u1eadt<\/strong>:\n<ul>\n<li><strong>S\u1ef1 \u0111\u1ed3ng \u00fd \u0111\u01b0\u1ee3c th\u00f4ng b\u00e1o<\/strong>: Hi\u1ec3u nh\u1eefng r\u1ee7i ro, l\u1ee3i \u00edch v\u00e0 qu\u00e1 tr\u00ecnh ph\u1eabu thu\u1eadt c\u1ea5y gh\u00e9p.<\/li>\n<li><strong>X\u00e9t nghi\u1ec7m tr\u01b0\u1edbc ph\u1eabu thu\u1eadt<\/strong>: X\u00e9t nghi\u1ec7m m\u00e1u, h\u00ecnh \u1ea3nh v\u00e0 c\u00e1c \u0111\u00e1nh gi\u00e1 c\u1ea7n thi\u1ebft kh\u00e1c \u0111\u1ec3 \u0111\u1ea3m b\u1ea3o s\u1eb5n s\u00e0ng.<\/li>\n<li><strong>\u0110i\u1ec1u ch\u1ec9nh ch\u1ebf \u0111\u1ed9 \u0103n u\u1ed1ng v\u00e0 l\u1ed1i s\u1ed1ng<\/strong>: H\u01b0\u1edbng d\u1eabn c\u1ee5 th\u1ec3 \u0111\u1ec3 t\u1ed1i \u01b0u h\u00f3a s\u1ee9c kh\u1ecfe tr\u01b0\u1edbc khi ph\u1eabu thu\u1eadt.<\/li>\n<\/ul>\n<\/li>\n<li><strong>Chu\u1ea9n b\u1ecb b\u1ec7nh vi\u1ec7n<\/strong>:\n<ul>\n<li><strong>L\u1eadp k\u1ebf ho\u1ea1ch nh\u1eadp h\u1ecdc<\/strong>: Hi\u1ec3u quy tr\u00ecnh nh\u1eadp h\u1ecdc v\u00e0 chu\u1ea9n b\u1ecb c\u00e1c t\u00e0i li\u1ec7u v\u00e0 v\u1eadt d\u1ee5ng c\u00e1 nh\u00e2n c\u1ea7n thi\u1ebft.<\/li>\n<li><strong>K\u1ebf ho\u1ea1ch kh\u1ea9n c\u1ea5p<\/strong>: S\u1eb5n s\u00e0ng cho m\u1ed9t cu\u1ed9c g\u1ecdi khi m\u1ed9t c\u01a1 quan c\u00f3 s\u1eb5n, v\u00ec c\u1ea5y gh\u00e9p c\u00f3 th\u1ec3 x\u1ea3y ra trong th\u1eddi gian ng\u1eafn.<\/li>\n<\/ul>\n<\/li>\n<\/ol>\n<p><strong>Ho\u1ea1t \u0111\u1ed9ng sau ph\u1eabu thu\u1eadt<\/strong><\/p>\n<ol>\n<li><strong>Ch\u0103m s\u00f3c sau ph\u1eabu thu\u1eadt ngay l\u1eadp t\u1ee9c<\/strong>:\n<ul>\n<li><strong>\u0110\u01a1n v\u1ecb Ch\u0103m s\u00f3c \u0110\u1eb7c bi\u1ec7t (ICU):<\/strong> Ph\u1ee5c h\u1ed3i ban \u0111\u1ea7u v\u00e0 theo d\u00f5i ch\u1eb7t ch\u1ebd trong ICU.<\/li>\n<li><strong>Qu\u1ea3n l\u00fd \u0111au<\/strong>: Qu\u1ea3n l\u00fd thu\u1ed1c gi\u1ea3m \u0111au.<\/li>\n<li><strong>Qu\u1ea3n l\u00fd ch\u1ea5t l\u1ecfng v\u00e0 dinh d\u01b0\u1ee1ng<\/strong>: D\u1ea7n d\u1ea7n gi\u1edbi thi\u1ec7u l\u1ea1i ch\u1ea5t l\u1ecfng v\u00e0 th\u1ef1c ph\u1ea9m.<\/li>\n<\/ul>\n<\/li>\n<li><strong>Th\u1eddi gian n\u1eb1m vi\u1ec7n<\/strong>:\n<ul>\n<li><strong>Theo d\u00f5i v\u00e0 x\u00e9t nghi\u1ec7m<\/strong>: C\u00e1c x\u00e9t nghi\u1ec7m th\u01b0\u1eddng xuy\u00ean \u0111\u1ec3 theo d\u00f5i ch\u1ee9c n\u0103ng c\u01a1 quan v\u00e0 s\u1ee9c kh\u1ecfe t\u1ed5ng th\u1ec3.<\/li>\n<li><strong>Thu\u1ed1c \u1ee9c ch\u1ebf mi\u1ec5n d\u1ecbch<\/strong>: Thu\u1ed1c \u0111\u1ec3 ng\u0103n ng\u1eeba th\u1ea3i gh\u00e9p n\u1ed9i t\u1ea1ng.<\/li>\n<li><strong>Ph\u1ee5c h\u1ed3i ch\u1ee9c n\u0103ng v\u00e0 v\u1eadt l\u00fd tr\u1ecb li\u1ec7u<\/strong>: C\u00e1c b\u01b0\u1edbc ban \u0111\u1ea7u \u0111\u1ec3 l\u1ea5y l\u1ea1i s\u1ee9c m\u1ea1nh v\u00e0 kh\u1ea3 n\u0103ng v\u1eadn \u0111\u1ed9ng.<\/li>\n<\/ul>\n<\/li>\n<li><strong>Ch\u0103m s\u00f3c t\u1ea1i nh\u00e0<\/strong>:\n<ul>\n<li><strong>Ch\u0103m s\u00f3c v\u1ebft th\u01b0\u01a1ng<\/strong>: H\u01b0\u1edbng d\u1eabn gi\u1eef cho v\u1ecb tr\u00ed ph\u1eabu thu\u1eadt s\u1ea1ch s\u1ebd v\u00e0 kh\u00f4 r\u00e1o.<\/li>\n<li><strong>Qu\u1ea3n l\u00fd thu\u1ed1c<\/strong>: Tu\u00e2n th\u1ee7 nghi\u00eam ng\u1eb7t c\u00e1c lo\u1ea1i thu\u1ed1c \u1ee9c ch\u1ebf mi\u1ec5n d\u1ecbch v\u00e0 c\u00e1c lo\u1ea1i thu\u1ed1c theo quy \u0111\u1ecbnh kh\u00e1c.<\/li>\n<li><strong>\u0110i\u1ec1u ch\u1ec9nh ch\u1ebf \u0111\u1ed9 \u0103n u\u1ed1ng v\u00e0 l\u1ed1i s\u1ed1ng<\/strong>: Th\u1ef1c hi\u1ec7n theo c\u00e1c h\u01b0\u1edbng d\u1eabn ch\u1ebf \u0111\u1ed9 \u0103n u\u1ed1ng c\u1ee5 th\u1ec3 v\u00e0 thay \u0111\u1ed5i l\u1ed1i s\u1ed1ng \u0111\u1ec3 h\u1ed7 tr\u1ee3 c\u01a1 quan m\u1edbi.<\/li>\n<\/ul>\n<\/li>\n<li><strong>Ch\u0103m s\u00f3c theo d\u00f5i<\/strong>:\n<ul>\n<li><strong>C\u00e1c cu\u1ed9c h\u1eb9n th\u01b0\u1eddng xuy\u00ean<\/strong>: Theo d\u00f5i th\u01b0\u1eddng xuy\u00ean v\u1edbi nh\u00f3m c\u1ea5y gh\u00e9p \u0111\u1ec3 theo d\u00f5i s\u1ef1 ph\u1ee5c h\u1ed3i v\u00e0 ch\u1ee9c n\u0103ng c\u01a1 quan.<\/li>\n<li><strong>X\u00e9t nghi\u1ec7m m\u00e1u v\u00e0 h\u00ecnh \u1ea3nh<\/strong>: X\u00e9t nghi\u1ec7m th\u01b0\u1eddng xuy\u00ean \u0111\u1ec3 \u0111\u1ea3m b\u1ea3o c\u01a1 quan c\u1ea5y gh\u00e9p ho\u1ea1t \u0111\u1ed9ng b\u00ecnh th\u01b0\u1eddng.<\/li>\n<li><strong>Theo d\u00f5i \u0111\u00e0o th\u1ea3i v\u00e0 nhi\u1ec5m tr\u00f9ng<\/strong>: Theo d\u00f5i c\u00e1c d\u1ea5u hi\u1ec7u th\u1ea3i gh\u00e9p n\u1ed9i t\u1ea1ng ho\u1eb7c nhi\u1ec5m tr\u00f9ng.<\/li>\n<\/ul>\n<\/li>\n<li><strong>Qu\u1ea3n l\u00fd d\u00e0i h\u1ea1n<\/strong>:\n<ul>\n<li><strong>Thu\u1ed1c li\u00ean t\u1ee5c<\/strong>: Li\u1ec7u ph\u00e1p \u1ee9c ch\u1ebf mi\u1ec5n d\u1ecbch su\u1ed1t \u0111\u1eddi \u0111\u1ec3 ng\u0103n ng\u1eeba th\u1ea3i gh\u00e9p.<\/li>\n<li><strong>Theo d\u00f5i s\u1ee9c kh\u1ecfe<\/strong>: Ki\u1ec3m tra s\u1ee9c kh\u1ecfe th\u01b0\u1eddng xuy\u00ean \u0111\u1ec3 qu\u1ea3n l\u00fd b\u1ea5t k\u1ef3 bi\u1ebfn ch\u1ee9ng l\u00e2u d\u00e0i n\u00e0o.<\/li>\n<li><strong>H\u1ed7 tr\u1ee3 v\u00e0 T\u01b0 v\u1ea5n<\/strong>: H\u1ed7 tr\u1ee3 tinh th\u1ea7n v\u00e0 t\u00e2m l\u00fd \u0111\u1ec3 th\u00edch nghi v\u1edbi cu\u1ed9c s\u1ed1ng sau c\u1ea5y gh\u00e9p.<\/li>\n<\/ul>\n<\/li>\n<\/ol>\n<p>Hi\u1ec3u \u0111\u01b0\u1ee3c c\u00e1c chi ti\u1ebft c\u1ee5 th\u1ec3 c\u1ee7a ph\u1eabu thu\u1eadt c\u1ea5y gh\u00e9p c\u1ee5 th\u1ec3 c\u1ee7a b\u1ea1n, bao g\u1ed3m c\u00e1c r\u1ee7i ro ti\u1ec1m \u1ea9n v\u00e0 k\u1ebft qu\u1ea3 mong \u0111\u1ee3i, l\u00e0 r\u1ea5t quan tr\u1ecdng. Lu\u00f4n tham kh\u1ea3o \u00fd ki\u1ebfn c\u1ee7a nh\u00e0 cung c\u1ea5p d\u1ecbch v\u1ee5 ch\u0103m s\u00f3c s\u1ee9c kh\u1ecfe c\u1ee7a b\u1ea1n \u0111\u1ec3 \u0111\u01b0\u1ee3c t\u01b0 v\u1ea5n v\u00e0 h\u01b0\u1edbng d\u1eabn c\u00e1 nh\u00e2n. <\/p>\n\t\t\t\t\t\t\t\t<\/div>\n\t\t\t\t<\/div>\n\t\t\t\t<\/div>\n\t\t<div class=\"elementor-element elementor-element-8156168 e-con-full e-flex e-con e-child\" data-id=\"8156168\" data-element_type=\"container\" data-e-type=\"container\" data-settings=\"{&quot;jet_parallax_layout_list&quot;:[]}\">\n\t\t\t\t<div class=\"elementor-element elementor-element-524bd137 elementor-widget elementor-widget-image\" data-id=\"524bd137\" data-element_type=\"widget\" data-e-type=\"widget\" data-widget_type=\"image.default\">\n\t\t\t\t<div class=\"elementor-widget-container\">\n\t\t\t\t\t\t\t\t\t\t\t\t\t\t\t<img fetchpriority=\"high\" decoding=\"async\" width=\"717\" height=\"400\" src=\"https:\/\/mdvisitclinic.com\/wp-content\/uploads\/2024\/06\/Transplant-Surgery.jpg\" class=\"attachment-full size-full wp-image-12178\" alt=\"\" srcset=\"https:\/\/mdvisitclinic.com\/wp-content\/uploads\/2024\/06\/Transplant-Surgery.jpg 717w, https:\/\/mdvisitclinic.com\/wp-content\/uploads\/2024\/06\/Transplant-Surgery-300x167.jpg 300w\" sizes=\"(max-width: 717px) 100vw, 717px\" \/>\t\t\t\t\t\t\t\t\t\t\t\t\t\t\t<\/div>\n\t\t\t\t<\/div>\n\t\t\t\t<\/div>\n\t\t\t\t\t<\/div>\n\t\t\t\t<\/div>\n\t\t\t\t<\/div>\n\t\t","protected":false},"excerpt":{"rendered":"<p>Ph\u1eabu thu\u1eadt c\u1ea5y gh\u00e9p Ph\u1eabu thu\u1eadt c\u1ea5y gh\u00e9p \u0111\u01b0\u1ee3c gi\u1ea3i th\u00edch, bao g\u1ed3m c\u00e1c ho\u1ea1t \u0111\u1ed9ng tr\u01b0\u1edbc ph\u1eabu thu\u1eadt v\u00e0 sau ph\u1eabu thu\u1eadt B\u00e1c s\u0129 ph\u1eabu thu\u1eadt c\u1ea5y gh\u00e9p \u0111\u01b0\u1ee3c ch\u1ec9 \u0111\u1ecbnh c\u1ee7a b\u1ea1n v\u00e0 y t\u00e1 c\u1ee7a anh \u1ea5y s\u1ebd g\u1eb7p b\u1ea1n qua video \u0111\u1ec3 xem x\u00e9t k\u1ebft qu\u1ea3 \u00fd ki\u1ebfn th\u1ee9 hai c\u1ee7a [&hellip;]<\/p>\n","protected":false},"author":8,"featured_media":0,"parent":21206,"menu_order":0,"comment_status":"closed","ping_status":"closed","template":"elementor_header_footer","meta":{"_acf_changed":false,"_coblocks_attr":"","_coblocks_dimensions":"","_coblocks_responsive_height":"","_coblocks_accordion_ie_support":"","hide_page_title":"","footnotes":""},"class_list":["post-20921","page","type-page","status-publish","hentry"],"acf":[],"yoast_head":"<!-- This site is optimized with the Yoast SEO plugin v27.3 - https:\/\/yoast.com\/product\/yoast-seo-wordpress\/ -->\n<title>Ph\u1eabu thu\u1eadt c\u1ea5y gh\u00e9p - MDVISIT CLINIC<\/title>\n<meta name=\"robots\" content=\"noindex, follow, max-snippet:-1, max-image-preview:large, max-video-preview:-1\" \/>\n<meta property=\"og:locale\" content=\"vi_VN\" \/>\n<meta property=\"og:type\" content=\"article\" \/>\n<meta property=\"og:title\" content=\"Ph\u1eabu thu\u1eadt c\u1ea5y gh\u00e9p - MDVISIT CLINIC\" \/>\n<meta property=\"og:description\" content=\"Ph\u1eabu thu\u1eadt c\u1ea5y gh\u00e9p Ph\u1eabu thu\u1eadt c\u1ea5y gh\u00e9p \u0111\u01b0\u1ee3c gi\u1ea3i th\u00edch, bao g\u1ed3m c\u00e1c ho\u1ea1t \u0111\u1ed9ng tr\u01b0\u1edbc ph\u1eabu thu\u1eadt v\u00e0 sau ph\u1eabu thu\u1eadt B\u00e1c s\u0129 ph\u1eabu thu\u1eadt c\u1ea5y gh\u00e9p \u0111\u01b0\u1ee3c ch\u1ec9 \u0111\u1ecbnh c\u1ee7a b\u1ea1n v\u00e0 y t\u00e1 c\u1ee7a anh \u1ea5y s\u1ebd g\u1eb7p b\u1ea1n qua video \u0111\u1ec3 xem x\u00e9t k\u1ebft qu\u1ea3 \u00fd ki\u1ebfn th\u1ee9 hai c\u1ee7a [&hellip;]\" \/>\n<meta property=\"og:url\" content=\"https:\/\/mdvisitclinic.com\/vi\/second-opinion-all-other-conditions\/transplant-surgery\/\" \/>\n<meta property=\"og:site_name\" content=\"MDVISIT CLINIC\" \/>\n<meta property=\"article:modified_time\" content=\"2024-12-23T09:43:46+00:00\" \/>\n<meta property=\"og:image\" content=\"https:\/\/mdvisitclinic.com\/wp-content\/uploads\/2024\/06\/Transplant-Surgery.jpg\" \/>\n<meta name=\"twitter:card\" content=\"summary_large_image\" \/>\n<meta name=\"twitter:label1\" content=\"Est. reading time\" \/>\n\t<meta name=\"twitter:data1\" content=\"7 minutes\" \/>\n<script type=\"application\/ld+json\" class=\"yoast-schema-graph\">{\"@context\":\"https:\\\/\\\/schema.org\",\"@graph\":[{\"@type\":\"WebPage\",\"@id\":\"https:\\\/\\\/mdvisitclinic.com\\\/vi\\\/second-opinion-all-other-conditions\\\/transplant-surgery\\\/\",\"url\":\"https:\\\/\\\/mdvisitclinic.com\\\/vi\\\/second-opinion-all-other-conditions\\\/transplant-surgery\\\/\",\"name\":\"Ph\u1eabu thu\u1eadt c\u1ea5y gh\u00e9p - MDVISIT CLINIC\",\"isPartOf\":{\"@id\":\"https:\\\/\\\/mdvisitclinic.com\\\/vi\\\/#website\"},\"primaryImageOfPage\":{\"@id\":\"https:\\\/\\\/mdvisitclinic.com\\\/vi\\\/second-opinion-all-other-conditions\\\/transplant-surgery\\\/#primaryimage\"},\"image\":{\"@id\":\"https:\\\/\\\/mdvisitclinic.com\\\/vi\\\/second-opinion-all-other-conditions\\\/transplant-surgery\\\/#primaryimage\"},\"thumbnailUrl\":\"https:\\\/\\\/mdvisitclinic.com\\\/wp-content\\\/uploads\\\/2024\\\/06\\\/Transplant-Surgery.jpg\",\"datePublished\":\"2024-06-27T04:37:30+00:00\",\"dateModified\":\"2024-12-23T09:43:46+00:00\",\"breadcrumb\":{\"@id\":\"https:\\\/\\\/mdvisitclinic.com\\\/vi\\\/second-opinion-all-other-conditions\\\/transplant-surgery\\\/#breadcrumb\"},\"inLanguage\":\"vi-VN\",\"potentialAction\":[{\"@type\":\"ReadAction\",\"target\":[\"https:\\\/\\\/mdvisitclinic.com\\\/vi\\\/second-opinion-all-other-conditions\\\/transplant-surgery\\\/\"]}]},{\"@type\":\"ImageObject\",\"inLanguage\":\"vi-VN\",\"@id\":\"https:\\\/\\\/mdvisitclinic.com\\\/vi\\\/second-opinion-all-other-conditions\\\/transplant-surgery\\\/#primaryimage\",\"url\":\"https:\\\/\\\/mdvisitclinic.com\\\/wp-content\\\/uploads\\\/2024\\\/06\\\/Transplant-Surgery.jpg\",\"contentUrl\":\"https:\\\/\\\/mdvisitclinic.com\\\/wp-content\\\/uploads\\\/2024\\\/06\\\/Transplant-Surgery.jpg\"},{\"@type\":\"BreadcrumbList\",\"@id\":\"https:\\\/\\\/mdvisitclinic.com\\\/vi\\\/second-opinion-all-other-conditions\\\/transplant-surgery\\\/#breadcrumb\",\"itemListElement\":[{\"@type\":\"ListItem\",\"position\":1,\"name\":\"Home\",\"item\":\"https:\\\/\\\/mdvisitclinic.com\\\/vi\\\/\"},{\"@type\":\"ListItem\",\"position\":2,\"name\":\"\u00dd ki\u1ebfn th\u1ee9 hai v\u1ec1 c\u00e1c t\u00ecnh tr\u1ea1ng kh\u00e1c\",\"item\":\"https:\\\/\\\/mdvisitclinic.com\\\/vi\\\/second-opinion-all-other-conditions\\\/\"},{\"@type\":\"ListItem\",\"position\":3,\"name\":\"Ph\u1eabu thu\u1eadt c\u1ea5y gh\u00e9p\"}]},{\"@type\":\"WebSite\",\"@id\":\"https:\\\/\\\/mdvisitclinic.com\\\/vi\\\/#website\",\"url\":\"https:\\\/\\\/mdvisitclinic.com\\\/vi\\\/\",\"name\":\"MDVISIT CLINIC\",\"description\":\"\",\"publisher\":{\"@id\":\"https:\\\/\\\/mdvisitclinic.com\\\/vi\\\/#organization\"},\"potentialAction\":[{\"@type\":\"SearchAction\",\"target\":{\"@type\":\"EntryPoint\",\"urlTemplate\":\"https:\\\/\\\/mdvisitclinic.com\\\/vi\\\/?s={search_term_string}\"},\"query-input\":{\"@type\":\"PropertyValueSpecification\",\"valueRequired\":true,\"valueName\":\"search_term_string\"}}],\"inLanguage\":\"vi-VN\"},{\"@type\":\"Organization\",\"@id\":\"https:\\\/\\\/mdvisitclinic.com\\\/vi\\\/#organization\",\"name\":\"MDVISIT CLINIC\",\"url\":\"https:\\\/\\\/mdvisitclinic.com\\\/vi\\\/\",\"logo\":{\"@type\":\"ImageObject\",\"inLanguage\":\"vi-VN\",\"@id\":\"https:\\\/\\\/mdvisitclinic.com\\\/vi\\\/#\\\/schema\\\/logo\\\/image\\\/\",\"url\":\"https:\\\/\\\/mdvisitclinic.com\\\/wp-content\\\/uploads\\\/2024\\\/03\\\/logo.png\",\"contentUrl\":\"https:\\\/\\\/mdvisitclinic.com\\\/wp-content\\\/uploads\\\/2024\\\/03\\\/logo.png\",\"width\":768,\"height\":118,\"caption\":\"MDVISIT CLINIC\"},\"image\":{\"@id\":\"https:\\\/\\\/mdvisitclinic.com\\\/vi\\\/#\\\/schema\\\/logo\\\/image\\\/\"}}]}<\/script>\n<!-- \/ Yoast SEO plugin. -->","yoast_head_json":{"title":"Ph\u1eabu thu\u1eadt c\u1ea5y gh\u00e9p - MDVISIT CLINIC","robots":{"index":"noindex","follow":"follow","max-snippet":"max-snippet:-1","max-image-preview":"max-image-preview:large","max-video-preview":"max-video-preview:-1"},"og_locale":"vi_VN","og_type":"article","og_title":"Ph\u1eabu thu\u1eadt c\u1ea5y gh\u00e9p - MDVISIT CLINIC","og_description":"Ph\u1eabu thu\u1eadt c\u1ea5y gh\u00e9p Ph\u1eabu thu\u1eadt c\u1ea5y gh\u00e9p \u0111\u01b0\u1ee3c gi\u1ea3i th\u00edch, bao g\u1ed3m c\u00e1c ho\u1ea1t \u0111\u1ed9ng tr\u01b0\u1edbc ph\u1eabu thu\u1eadt v\u00e0 sau ph\u1eabu thu\u1eadt B\u00e1c s\u0129 ph\u1eabu thu\u1eadt c\u1ea5y gh\u00e9p \u0111\u01b0\u1ee3c ch\u1ec9 \u0111\u1ecbnh c\u1ee7a b\u1ea1n v\u00e0 y t\u00e1 c\u1ee7a anh \u1ea5y s\u1ebd g\u1eb7p b\u1ea1n qua video \u0111\u1ec3 xem x\u00e9t k\u1ebft qu\u1ea3 \u00fd ki\u1ebfn th\u1ee9 hai c\u1ee7a [&hellip;]","og_url":"https:\/\/mdvisitclinic.com\/vi\/second-opinion-all-other-conditions\/transplant-surgery\/","og_site_name":"MDVISIT CLINIC","article_modified_time":"2024-12-23T09:43:46+00:00","og_image":[{"url":"https:\/\/mdvisitclinic.com\/wp-content\/uploads\/2024\/06\/Transplant-Surgery.jpg","type":"","width":"","height":""}],"twitter_card":"summary_large_image","twitter_misc":{"Est. reading time":"7 minutes"},"schema":{"@context":"https:\/\/schema.org","@graph":[{"@type":"WebPage","@id":"https:\/\/mdvisitclinic.com\/vi\/second-opinion-all-other-conditions\/transplant-surgery\/","url":"https:\/\/mdvisitclinic.com\/vi\/second-opinion-all-other-conditions\/transplant-surgery\/","name":"Ph\u1eabu thu\u1eadt c\u1ea5y gh\u00e9p - MDVISIT CLINIC","isPartOf":{"@id":"https:\/\/mdvisitclinic.com\/vi\/#website"},"primaryImageOfPage":{"@id":"https:\/\/mdvisitclinic.com\/vi\/second-opinion-all-other-conditions\/transplant-surgery\/#primaryimage"},"image":{"@id":"https:\/\/mdvisitclinic.com\/vi\/second-opinion-all-other-conditions\/transplant-surgery\/#primaryimage"},"thumbnailUrl":"https:\/\/mdvisitclinic.com\/wp-content\/uploads\/2024\/06\/Transplant-Surgery.jpg","datePublished":"2024-06-27T04:37:30+00:00","dateModified":"2024-12-23T09:43:46+00:00","breadcrumb":{"@id":"https:\/\/mdvisitclinic.com\/vi\/second-opinion-all-other-conditions\/transplant-surgery\/#breadcrumb"},"inLanguage":"vi-VN","potentialAction":[{"@type":"ReadAction","target":["https:\/\/mdvisitclinic.com\/vi\/second-opinion-all-other-conditions\/transplant-surgery\/"]}]},{"@type":"ImageObject","inLanguage":"vi-VN","@id":"https:\/\/mdvisitclinic.com\/vi\/second-opinion-all-other-conditions\/transplant-surgery\/#primaryimage","url":"https:\/\/mdvisitclinic.com\/wp-content\/uploads\/2024\/06\/Transplant-Surgery.jpg","contentUrl":"https:\/\/mdvisitclinic.com\/wp-content\/uploads\/2024\/06\/Transplant-Surgery.jpg"},{"@type":"BreadcrumbList","@id":"https:\/\/mdvisitclinic.com\/vi\/second-opinion-all-other-conditions\/transplant-surgery\/#breadcrumb","itemListElement":[{"@type":"ListItem","position":1,"name":"Home","item":"https:\/\/mdvisitclinic.com\/vi\/"},{"@type":"ListItem","position":2,"name":"\u00dd ki\u1ebfn th\u1ee9 hai v\u1ec1 c\u00e1c t\u00ecnh tr\u1ea1ng kh\u00e1c","item":"https:\/\/mdvisitclinic.com\/vi\/second-opinion-all-other-conditions\/"},{"@type":"ListItem","position":3,"name":"Ph\u1eabu thu\u1eadt c\u1ea5y gh\u00e9p"}]},{"@type":"WebSite","@id":"https:\/\/mdvisitclinic.com\/vi\/#website","url":"https:\/\/mdvisitclinic.com\/vi\/","name":"MDVISIT CLINIC","description":"","publisher":{"@id":"https:\/\/mdvisitclinic.com\/vi\/#organization"},"potentialAction":[{"@type":"SearchAction","target":{"@type":"EntryPoint","urlTemplate":"https:\/\/mdvisitclinic.com\/vi\/?s={search_term_string}"},"query-input":{"@type":"PropertyValueSpecification","valueRequired":true,"valueName":"search_term_string"}}],"inLanguage":"vi-VN"},{"@type":"Organization","@id":"https:\/\/mdvisitclinic.com\/vi\/#organization","name":"MDVISIT CLINIC","url":"https:\/\/mdvisitclinic.com\/vi\/","logo":{"@type":"ImageObject","inLanguage":"vi-VN","@id":"https:\/\/mdvisitclinic.com\/vi\/#\/schema\/logo\/image\/","url":"https:\/\/mdvisitclinic.com\/wp-content\/uploads\/2024\/03\/logo.png","contentUrl":"https:\/\/mdvisitclinic.com\/wp-content\/uploads\/2024\/03\/logo.png","width":768,"height":118,"caption":"MDVISIT CLINIC"},"image":{"@id":"https:\/\/mdvisitclinic.com\/vi\/#\/schema\/logo\/image\/"}}]}},"_links":{"self":[{"href":"https:\/\/mdvisitclinic.com\/vi\/wp-json\/wp\/v2\/pages\/20921","targetHints":{"allow":["GET"]}}],"collection":[{"href":"https:\/\/mdvisitclinic.com\/vi\/wp-json\/wp\/v2\/pages"}],"about":[{"href":"https:\/\/mdvisitclinic.com\/vi\/wp-json\/wp\/v2\/types\/page"}],"author":[{"embeddable":true,"href":"https:\/\/mdvisitclinic.com\/vi\/wp-json\/wp\/v2\/users\/8"}],"replies":[{"embeddable":true,"href":"https:\/\/mdvisitclinic.com\/vi\/wp-json\/wp\/v2\/comments?post=20921"}],"version-history":[{"count":2,"href":"https:\/\/mdvisitclinic.com\/vi\/wp-json\/wp\/v2\/pages\/20921\/revisions"}],"predecessor-version":[{"id":22806,"href":"https:\/\/mdvisitclinic.com\/vi\/wp-json\/wp\/v2\/pages\/20921\/revisions\/22806"}],"up":[{"embeddable":true,"href":"https:\/\/mdvisitclinic.com\/vi\/wp-json\/wp\/v2\/pages\/21206"}],"wp:attachment":[{"href":"https:\/\/mdvisitclinic.com\/vi\/wp-json\/wp\/v2\/media?parent=20921"}],"curies":[{"name":"wp","href":"https:\/\/api.w.org\/{rel}","templated":true}]}}