{"id":20926,"date":"2024-06-27T04:41:20","date_gmt":"2024-06-27T04:41:20","guid":{"rendered":"https:\/\/f55.01f.myftpupload.com\/gastroenterology-surgery\/"},"modified":"2024-12-23T09:43:38","modified_gmt":"2024-12-23T09:43:38","slug":"gastroenterology-surgery","status":"publish","type":"page","link":"https:\/\/mdvisitclinic.com\/vi\/second-opinion-all-other-conditions\/gastroenterology-surgery\/","title":{"rendered":"Ph\u1eabu thu\u1eadt ti\u00eau h\u00f3a"},"content":{"rendered":"\t\t<div data-elementor-type=\"wp-page\" data-elementor-id=\"20926\" class=\"elementor elementor-20926 elementor-13243\" data-elementor-post-type=\"page\">\n\t\t\t\t<div class=\"elementor-element elementor-element-37327b19 e-flex e-con-boxed e-con e-parent\" data-id=\"37327b19\" data-element_type=\"container\" data-e-type=\"container\" data-settings=\"{&quot;background_background&quot;:&quot;classic&quot;,&quot;jet_parallax_layout_list&quot;:[]}\">\n\t\t\t\t\t<div class=\"e-con-inner\">\n\t\t<div class=\"elementor-element elementor-element-701aceb4 e-con-full e-flex e-con e-child\" data-id=\"701aceb4\" data-element_type=\"container\" data-e-type=\"container\" data-settings=\"{&quot;jet_parallax_layout_list&quot;:[]}\">\n\t\t\t\t<div class=\"elementor-element elementor-element-2d1d3bcd elementor-widget elementor-widget-heading\" data-id=\"2d1d3bcd\" data-element_type=\"widget\" data-e-type=\"widget\" data-widget_type=\"heading.default\">\n\t\t\t\t<div class=\"elementor-widget-container\">\n\t\t\t\t\t<h1 class=\"elementor-heading-title elementor-size-default\">Ph\u1eabu thu\u1eadt ti\u00eau h\u00f3a  <\/h1>\t\t\t\t<\/div>\n\t\t\t\t<\/div>\n\t\t\t\t<\/div>\n\t\t\t\t\t<\/div>\n\t\t\t\t<\/div>\n\t\t<div class=\"elementor-element elementor-element-20461852 e-flex e-con-boxed e-con e-parent\" data-id=\"20461852\" data-element_type=\"container\" data-e-type=\"container\" data-settings=\"{&quot;jet_parallax_layout_list&quot;:[]}\">\n\t\t\t\t\t<div class=\"e-con-inner\">\n\t\t<div class=\"elementor-element elementor-element-4012b1e e-con-full e-flex e-con e-child\" data-id=\"4012b1e\" data-element_type=\"container\" data-e-type=\"container\" data-settings=\"{&quot;jet_parallax_layout_list&quot;:[]}\">\n\t\t\t\t<div class=\"elementor-element elementor-element-364586fd elementor-widget elementor-widget-heading\" data-id=\"364586fd\" data-element_type=\"widget\" data-e-type=\"widget\" data-widget_type=\"heading.default\">\n\t\t\t\t<div class=\"elementor-widget-container\">\n\t\t\t\t\t<h2 class=\"elementor-heading-title elementor-size-default\">Ph\u1eabu thu\u1eadt ti\u00eau h\u00f3a \u0111\u01b0\u1ee3c gi\u1ea3i th\u00edch, bao g\u1ed3m c\u00e1c ho\u1ea1t \u0111\u1ed9ng tr\u01b0\u1edbc ph\u1eabu thu\u1eadt v\u00e0 sau ph\u1eabu thu\u1eadt  <\/h2>\t\t\t\t<\/div>\n\t\t\t\t<\/div>\n\t\t\t\t<div class=\"elementor-element elementor-element-3ecab9fb elementor-widget elementor-widget-text-editor\" data-id=\"3ecab9fb\" data-element_type=\"widget\" data-e-type=\"widget\" data-widget_type=\"text-editor.default\">\n\t\t\t\t<div class=\"elementor-widget-container\">\n\t\t\t\t\t\t\t\t\t<p>B\u00e1c s\u0129 ti\u00eau h\u00f3a \u0111\u01b0\u1ee3c ch\u1ec9 \u0111\u1ecbnh c\u1ee7a b\u1ea1n v\u00e0 y t\u00e1 c\u1ee7a anh \u1ea5y s\u1ebd g\u1eb7p b\u1ea1n qua video \u0111\u1ec3 xem x\u00e9t k\u1ebft qu\u1ea3 \u00fd ki\u1ebfn th\u1ee9 hai c\u1ee7a b\u1ea1n. Anh \u1ea5y s\u1ebd tr\u1ea3 l\u1eddi c\u00e2u h\u1ecfi c\u1ee7a b\u1ea1n. N\u1ebfu ph\u1eabu thu\u1eadt l\u00e0 c\u1ea7n thi\u1ebft, v\u00e0 b\u1ea1n \u0111ang xem x\u00e9t ph\u1eabu thu\u1eadt t\u1ea1i Hoa K\u1ef3, h\u00e3y ch\u1eafc ch\u1eafn \u0111\u1ec3 cho anh \u1ea5y bi\u1ebft.  <\/p>\n<p>\u0110\u1ecdc b\u00ean d\u01b0\u1edbi \u0111\u1ec3 hi\u1ec3u chi ti\u1ebft v\u1ec1 qu\u00e1 tr\u00ecnh ph\u1eabu thu\u1eadt.<\/p>\n\t\t\t\t\t\t\t\t<\/div>\n\t\t\t\t<\/div>\n\t\t\t\t<div class=\"elementor-element elementor-element-671b6d54 elementor-widget elementor-widget-text-editor\" data-id=\"671b6d54\" data-element_type=\"widget\" data-e-type=\"widget\" data-widget_type=\"text-editor.default\">\n\t\t\t\t<div class=\"elementor-widget-container\">\n\t\t\t\t\t\t\t\t\t<p>Tr\u1eebu t\u01b0\u1ee3ng<\/p>\n<p>Ph\u1eabu thu\u1eadt ti\u00eau h\u00f3a bao g\u1ed3m c\u00e1c th\u1ee7 t\u1ee5c tr\u00ean h\u1ec7 th\u1ed1ng ti\u00eau h\u00f3a, bao g\u1ed3m th\u1ef1c qu\u1ea3n, d\u1ea1 d\u00e0y, ru\u1ed9t, gan, tuy\u1ebfn t\u1ee5y v\u00e0 t\u00fai m\u1eadt. Nh\u1eefng ph\u1eabu thu\u1eadt n\u00e0y gi\u1ea3i quy\u1ebft c\u00e1c t\u00ecnh tr\u1ea1ng kh\u00e1c nhau nh\u01b0 ung th\u01b0, b\u1ec7nh vi\u00eam ru\u1ed9t (IBD), s\u1ecfi m\u1eadt v\u00e0 tho\u00e1t v\u1ecb. <\/p>\n<p><strong>C\u00e1c lo\u1ea1i ph\u1eabu thu\u1eadt ti\u00eau h\u00f3a<\/strong><\/p>\n<ol>\n<li><strong>Ph\u1eabu thu\u1eadt th\u1ef1c qu\u1ea3n<\/strong>:\n<ul>\n<li><strong>C\u1eaft b\u1ecf th\u1ef1c qu\u1ea3n<\/strong>: Lo\u1ea1i b\u1ecf m\u1ed9t ph\u1ea7n ho\u1eb7c to\u00e0n b\u1ed9 th\u1ef1c qu\u1ea3n, \u0111i\u1ec3n h\u00ecnh l\u00e0 ung th\u01b0.<\/li>\n<li><strong>Fundoplication<\/strong>: Quy tr\u00ecnh \u0111i\u1ec1u tr\u1ecb b\u1ec7nh tr\u00e0o ng\u01b0\u1ee3c d\u1ea1 d\u00e0y th\u1ef1c qu\u1ea3n (GERD).<\/li>\n<\/ul>\n<\/li>\n<li><strong>Ph\u1eabu thu\u1eadt d\u1ea1 d\u00e0y<\/strong>:\n<ul>\n<li><strong>Gastrectomy<\/strong>: Lo\u1ea1i b\u1ecf m\u1ed9t ph\u1ea7n ho\u1eb7c to\u00e0n b\u1ed9 d\u1ea1 d\u00e0y, th\u01b0\u1eddng l\u00e0 do ung th\u01b0.<\/li>\n<li><strong>D\u1ea1 d\u00e0y b\u1eafc c\u1ea7u<\/strong>: Ph\u1eabu thu\u1eadt gi\u1ea3m c\u00e2n l\u00e0m thay \u0111\u1ed5i c\u1ea5u tr\u00fac c\u1ee7a d\u1ea1 d\u00e0y v\u00e0 ru\u1ed9t non.<\/li>\n<\/ul>\n<\/li>\n<li><strong>Ph\u1eabu thu\u1eadt \u0111\u01b0\u1eddng ru\u1ed9t<\/strong>:\n<ul>\n<li><strong>C\u1eaft b\u1ecf \u0111\u1ea1i tr\u00e0ng<\/strong>: Lo\u1ea1i b\u1ecf m\u1ed9t ph\u1ea7n ho\u1eb7c to\u00e0n b\u1ed9 \u0111\u1ea1i tr\u00e0ng, th\u01b0\u1eddng \u0111\u1ed1i v\u1edbi c\u00e1c t\u00ecnh tr\u1ea1ng nh\u01b0 ung th\u01b0 ho\u1eb7c vi\u00eam lo\u00e9t \u0111\u1ea1i tr\u00e0ng.<\/li>\n<li><strong>C\u1eaft b\u1ecf ru\u1ed9t non<\/strong>: Lo\u1ea1i b\u1ecf m\u1ed9t ph\u1ea7n ru\u1ed9t non, th\u01b0\u1eddng l\u00e0 do b\u1ec7nh Crohn ho\u1eb7c kh\u1ed1i u.<\/li>\n<\/ul>\n<\/li>\n<li><strong>Ph\u1eabu thu\u1eadt gan<\/strong>:\n<ul>\n<li><strong>C\u1eaft gan<\/strong>: Lo\u1ea1i b\u1ecf m\u1ed9t ph\u1ea7n gan, th\u01b0\u1eddng l\u00e0 ung th\u01b0 gan.<\/li>\n<li><strong>Gh\u00e9p gan<\/strong>: Thay th\u1ebf gan b\u1ecb b\u1ec7nh b\u1eb1ng gan kh\u1ecfe m\u1ea1nh t\u1eeb ng\u01b0\u1eddi hi\u1ebfn t\u1eb7ng.<\/li>\n<\/ul>\n<\/li>\n<li><strong>Ph\u1eabu thu\u1eadt tuy\u1ebfn t\u1ee5y<\/strong>:\n<ul>\n<li><strong>Pancreatectomy<\/strong>: Lo\u1ea1i b\u1ecf m\u1ed9t ph\u1ea7n ho\u1eb7c to\u00e0n b\u1ed9 tuy\u1ebfn t\u1ee5y, th\u01b0\u1eddng l\u00e0 ung th\u01b0 tuy\u1ebfn t\u1ee5y.<\/li>\n<li><strong>Th\u1ee7 t\u1ee5c Whipple (Pancreaticoduodenectomy)<\/strong>: Lo\u1ea1i b\u1ecf \u0111\u1ea7u tuy\u1ebfn t\u1ee5y, m\u1ed9t ph\u1ea7n c\u1ee7a ru\u1ed9t non, t\u00fai m\u1eadt v\u00e0 \u1ed1ng m\u1eadt.<\/li>\n<\/ul>\n<\/li>\n<li><strong>Ph\u1eabu thu\u1eadt t\u00fai m\u1eadt<\/strong>:\n<ul>\n<li><strong>Cholecystectomy<\/strong>: Lo\u1ea1i b\u1ecf t\u00fai m\u1eadt, th\u01b0\u1eddng l\u00e0 do s\u1ecfi m\u1eadt.<\/li>\n<\/ul>\n<\/li>\n<li><strong>Ph\u1eabu thu\u1eadt tho\u00e1t v\u1ecb<\/strong>:\n<ul>\n<li><strong>Tho\u00e1t v\u1ecb ho\u1eb7c tho\u00e1t v\u1ecb<\/strong>: S\u1eeda ch\u1eefa tho\u00e1t v\u1ecb, th\u01b0\u1eddng \u1edf th\u00e0nh b\u1ee5ng.<\/li>\n<\/ul>\n<\/li>\n<\/ol>\n<p><strong>Ho\u1ea1t \u0111\u1ed9ng tr\u01b0\u1edbc ph\u1eabu thu\u1eadt<\/strong><\/p>\n<ol>\n<li><strong>\u0110\u00e1nh gi\u00e1 y t\u1ebf<\/strong>:\n<ul>\n<li><strong>Tham kh\u1ea3o \u00fd ki\u1ebfn b\u00e1c s\u0129 ph\u1eabu thu\u1eadt<\/strong>: Th\u1ea3o lu\u1eadn chi ti\u1ebft v\u1ec1 quy tr\u00ecnh, r\u1ee7i ro v\u00e0 l\u1ee3i \u00edch.<\/li>\n<li><strong>X\u00e9t nghi\u1ec7m tr\u01b0\u1edbc ph\u1eabu thu\u1eadt<\/strong>: X\u00e9t nghi\u1ec7m m\u00e1u, nghi\u00ean c\u1ee9u h\u00ecnh \u1ea3nh (v\u00ed d\u1ee5: si\u00eau \u00e2m, ch\u1ee5p CT, MRI) v\u00e0 n\u1ed9i soi n\u1ebfu c\u1ea7n.<\/li>\n<\/ul>\n<\/li>\n<li><strong>Thu\u1ed1c<\/strong>:\n<ul>\n<li><strong>\u0110\u00e1nh gi\u00e1 thu\u1ed1c<\/strong>: Th\u1ea3o lu\u1eadn v\u1ec1 c\u00e1c lo\u1ea1i thu\u1ed1c hi\u1ec7n t\u1ea1i v\u1edbi b\u00e1c s\u0129 c\u1ee7a b\u1ea1n \u0111\u1ec3 tr\u00e1nh c\u00e1c bi\u1ebfn ch\u1ee9ng.<\/li>\n<li><strong>\u0110i\u1ec1u ch\u1ec9nh thu\u1ed1c tr\u01b0\u1edbc ph\u1eabu thu\u1eadt<\/strong>: Ng\u1eebng m\u1ed9t s\u1ed1 lo\u1ea1i thu\u1ed1c nh\u01b0 ch\u1ea5t l\u00e0m lo\u00e3ng m\u00e1u v\u00e0 qu\u1ea3n l\u00fd c\u00e1c t\u00ecnh tr\u1ea1ng m\u00e3n t\u00ednh.<\/li>\n<\/ul>\n<\/li>\n<li><strong>\u0110i\u1ec1u ch\u1ec9nh l\u1ed1i s\u1ed1ng<\/strong>:\n<ul>\n<li><strong>H\u1ea1n ch\u1ebf ch\u1ebf \u0111\u1ed9 \u0103n u\u1ed1ng<\/strong>: Nh\u1ecbn \u0103n trong m\u1ed9t kho\u1ea3ng th\u1eddi gian nh\u1ea5t \u0111\u1ecbnh tr\u01b0\u1edbc khi ph\u1eabu thu\u1eadt.<\/li>\n<li><strong>Cai thu\u1ed1c l\u00e1<\/strong>: Ng\u1eebng h\u00fat thu\u1ed1c \u0111\u1ec3 c\u1ea3i thi\u1ec7n kh\u1ea3 n\u0103ng ch\u1eefa b\u1ec7nh v\u00e0 gi\u1ea3m r\u1ee7i ro.<\/li>\n<\/ul>\n<\/li>\n<li><strong>Chu\u1ea9n b\u1ecb b\u1ec7nh vi\u1ec7n<\/strong>:\n<ul>\n<li><strong>Nh\u1eadp vi\u1ec7n<\/strong>: Hi\u1ec3u r\u00f5 quy tr\u00ecnh nh\u1eadp vi\u1ec7n v\u00e0 mang theo c\u00e1c gi\u1ea5y t\u1edd, v\u1eadt d\u1ee5ng c\u00e1 nh\u00e2n c\u1ea7n thi\u1ebft.<\/li>\n<li><strong>S\u1ef1 \u0111\u1ed3ng \u00fd \u0111\u01b0\u1ee3c th\u00f4ng b\u00e1o<\/strong>: K\u00fd c\u00e1c m\u1eabu ch\u1ea5p thu\u1eadn x\u00e1c nh\u1eadn s\u1ef1 hi\u1ec3u bi\u1ebft v\u1ec1 th\u1ee7 t\u1ee5c.<\/li>\n<\/ul>\n<\/li>\n<\/ol>\n<p><strong>Ho\u1ea1t \u0111\u1ed9ng sau ph\u1eabu thu\u1eadt<\/strong><\/p>\n<ol>\n<li><strong>Ch\u0103m s\u00f3c sau ph\u1eabu thu\u1eadt ngay l\u1eadp t\u1ee9c<\/strong>:\n<ul>\n<li><strong>Ph\u00f2ng h\u1ed3i s\u1ee9c<\/strong>: Theo d\u00f5i trong ph\u00f2ng h\u1ed3i s\u1ee9c ngay sau ph\u1eabu thu\u1eadt.<\/li>\n<li><strong>Qu\u1ea3n l\u00fd \u0111au<\/strong>: Qu\u1ea3n l\u00fd thu\u1ed1c gi\u1ea3m \u0111au.<\/li>\n<li><strong>Qu\u1ea3n l\u00fd ch\u1ea5t l\u1ecfng v\u00e0 dinh d\u01b0\u1ee1ng<\/strong>: D\u1ea7n d\u1ea7n gi\u1edbi thi\u1ec7u l\u1ea1i ch\u1ea5t l\u1ecfng v\u00e0 th\u1ef1c ph\u1ea9m, th\u01b0\u1eddng b\u1eaft \u0111\u1ea7u v\u1edbi ch\u1ebf \u0111\u1ed9 \u0103n l\u1ecfng.<\/li>\n<\/ul>\n<\/li>\n<li><strong>Th\u1eddi gian n\u1eb1m vi\u1ec7n<\/strong>:\n<ul>\n<li><strong>Theo d\u00f5i<\/strong>: Theo d\u00f5i th\u01b0\u1eddng xuy\u00ean c\u00e1c d\u1ea5u hi\u1ec7u sinh t\u1ed3n, ch\u1ee9c n\u0103ng ru\u1ed9t v\u00e0 v\u1ecb tr\u00ed ph\u1eabu thu\u1eadt.<\/li>\n<li><strong>Kh\u1ea3 n\u0103ng v\u1eadn \u0111\u1ed9ng<\/strong>: Khuy\u1ebfn kh\u00edch di chuy\u1ec3n v\u00e0 \u0111i b\u1ed9 \u0111\u1ec3 ng\u0103n ng\u1eeba c\u00e1c bi\u1ebfn ch\u1ee9ng nh\u01b0 c\u1ee5c m\u00e1u \u0111\u00f4ng v\u00e0 c\u1ea3i thi\u1ec7n ch\u1ee9c n\u0103ng ru\u1ed9t.<\/li>\n<li><strong>Ch\u0103m s\u00f3c v\u1ebft th\u01b0\u01a1ng<\/strong>: Qu\u1ea3n l\u00fd v\u1ecb tr\u00ed ph\u1eabu thu\u1eadt v\u00e0 b\u1ea5t k\u1ef3 \u1ed1ng d\u1eabn l\u01b0u ho\u1eb7c \u1ed1ng th\u00f4ng.<\/li>\n<\/ul>\n<\/li>\n<li><strong>Ch\u0103m s\u00f3c t\u1ea1i nh\u00e0<\/strong>:\n<ul>\n<li><strong>Ch\u0103m s\u00f3c v\u1ebft th\u01b0\u01a1ng<\/strong>: H\u01b0\u1edbng d\u1eabn gi\u1eef cho v\u1ecb tr\u00ed ph\u1eabu thu\u1eadt s\u1ea1ch s\u1ebd v\u00e0 kh\u00f4 r\u00e1o.<\/li>\n<li><strong>Thu\u1ed1c<\/strong>: Thu\u1ed1c gi\u1ea3m \u0111au, kh\u00e1ng sinh v\u00e0 b\u1ea5t k\u1ef3 lo\u1ea1i thu\u1ed1c theo toa n\u00e0o kh\u00e1c.<\/li>\n<li><strong>Ch\u1ebf \u0111\u1ed9 \u0103n u\u1ed1ng v\u00e0 dinh d\u01b0\u1ee1ng<\/strong>: Ti\u1ebfn tri\u1ec3n d\u1ea7n d\u1ea7n t\u1eeb ch\u1ea5t l\u1ecfng sang th\u1ef1c ph\u1ea9m r\u1eafn, v\u1edbi c\u00e1c h\u01b0\u1edbng d\u1eabn ch\u1ebf \u0111\u1ed9 \u0103n u\u1ed1ng c\u1ee5 th\u1ec3 d\u1ef1a tr\u00ean lo\u1ea1i ph\u1eabu thu\u1eadt.<\/li>\n<\/ul>\n<\/li>\n<li><strong>Theo d\u00f5i<\/strong>:\n<ul>\n<li><strong>C\u00e1c cu\u1ed9c h\u1eb9n theo l\u1ecbch tr\u00ecnh<\/strong>: Theo d\u00f5i th\u01b0\u1eddng xuy\u00ean v\u1edbi b\u00e1c s\u0129 ph\u1eabu thu\u1eadt \u0111\u1ec3 theo d\u00f5i s\u1ef1 ph\u1ee5c h\u1ed3i v\u00e0 gi\u1ea3i quy\u1ebft b\u1ea5t k\u1ef3 m\u1ed1i quan t\u00e2m n\u00e0o.<\/li>\n<li><strong>Theo d\u00f5i c\u00e1c bi\u1ebfn ch\u1ee9ng<\/strong>: Theo d\u00f5i c\u00e1c d\u1ea5u hi\u1ec7u nhi\u1ec5m tr\u00f9ng, ch\u1ea3y m\u00e1u ho\u1eb7c c\u00e1c v\u1ea5n \u0111\u1ec1 kh\u00e1c.<\/li>\n<li><strong>X\u00e9t nghi\u1ec7m trong ph\u00f2ng th\u00ed nghi\u1ec7m v\u00e0 h\u00ecnh \u1ea3nh<\/strong>: X\u00e9t nghi\u1ec7m th\u01b0\u1eddng xuy\u00ean \u0111\u1ec3 \u0111\u1ea3m b\u1ea3o ch\u1eefa l\u00e0nh v\u00e0 ch\u1ee9c n\u0103ng th\u00edch h\u1ee3p c\u1ee7a h\u1ec7 th\u1ed1ng ti\u00eau h\u00f3a.<\/li>\n<\/ul>\n<\/li>\n<li><strong>Ph\u1ee5c h\u1ed3i l\u00e2u d\u00e0i<\/strong>:\n<ul>\n<li><strong>\u0110i\u1ec1u ch\u1ec9nh l\u1ed1i s\u1ed1ng<\/strong>: Thay \u0111\u1ed5i ch\u1ebf \u0111\u1ed9 \u0103n u\u1ed1ng, t\u1eadp th\u1ec3 d\u1ee5c v\u00e0 th\u00f3i quen \u0111\u1ec3 h\u1ed7 tr\u1ee3 ch\u1eefa b\u1ec7nh v\u00e0 ng\u0103n ng\u1eeba t\u00e1i ph\u00e1t t\u00ecnh tr\u1ea1ng n\u00e0y.<\/li>\n<li><strong>Ph\u1ee5c h\u1ed3i ch\u1ee9c n\u0103ng<\/strong>: V\u1eadt l\u00fd tr\u1ecb li\u1ec7u ho\u1eb7c c\u00e1c d\u1ecbch v\u1ee5 ph\u1ee5c h\u1ed3i ch\u1ee9c n\u0103ng kh\u00e1c n\u1ebfu c\u1ea7n.<\/li>\n<li><strong>H\u1ed7 tr\u1ee3 v\u00e0 T\u01b0 v\u1ea5n<\/strong>: H\u1ed7 tr\u1ee3 tinh th\u1ea7n v\u00e0 t\u00e2m l\u00fd \u0111\u1ec3 th\u00edch nghi v\u1edbi cu\u1ed9c s\u1ed1ng sau ph\u1eabu thu\u1eadt.<\/li>\n<\/ul>\n<\/li>\n<\/ol>\n<p>Hi\u1ec3u \u0111\u01b0\u1ee3c c\u00e1c chi ti\u1ebft c\u1ee5 th\u1ec3 c\u1ee7a ph\u1eabu thu\u1eadt ti\u00eau h\u00f3a c\u1ee5 th\u1ec3 c\u1ee7a b\u1ea1n, bao g\u1ed3m c\u00e1c r\u1ee7i ro ti\u1ec1m \u1ea9n v\u00e0 k\u1ebft qu\u1ea3 mong \u0111\u1ee3i, l\u00e0 r\u1ea5t quan tr\u1ecdng. Lu\u00f4n tham kh\u1ea3o \u00fd ki\u1ebfn c\u1ee7a nh\u00e0 cung c\u1ea5p d\u1ecbch v\u1ee5 ch\u0103m s\u00f3c s\u1ee9c kh\u1ecfe c\u1ee7a b\u1ea1n \u0111\u1ec3 \u0111\u01b0\u1ee3c t\u01b0 v\u1ea5n v\u00e0 h\u01b0\u1edbng d\u1eabn c\u00e1 nh\u00e2n. <\/p>\n\t\t\t\t\t\t\t\t<\/div>\n\t\t\t\t<\/div>\n\t\t\t\t<\/div>\n\t\t<div class=\"elementor-element elementor-element-1771e2b6 e-con-full e-flex e-con e-child\" data-id=\"1771e2b6\" data-element_type=\"container\" data-e-type=\"container\" data-settings=\"{&quot;jet_parallax_layout_list&quot;:[]}\">\n\t\t\t\t<div class=\"elementor-element elementor-element-289ba47e elementor-widget elementor-widget-image\" data-id=\"289ba47e\" data-element_type=\"widget\" data-e-type=\"widget\" data-widget_type=\"image.default\">\n\t\t\t\t<div class=\"elementor-widget-container\">\n\t\t\t\t\t\t\t\t\t\t\t\t\t\t\t<img fetchpriority=\"high\" decoding=\"async\" width=\"711\" height=\"400\" src=\"https:\/\/mdvisitclinic.com\/wp-content\/uploads\/2024\/06\/Gastroenterology.jpg\" class=\"attachment-full size-full wp-image-12158\" alt=\"\" srcset=\"https:\/\/mdvisitclinic.com\/wp-content\/uploads\/2024\/06\/Gastroenterology.jpg 711w, https:\/\/mdvisitclinic.com\/wp-content\/uploads\/2024\/06\/Gastroenterology-300x169.jpg 300w\" sizes=\"(max-width: 711px) 100vw, 711px\" \/>\t\t\t\t\t\t\t\t\t\t\t\t\t\t\t<\/div>\n\t\t\t\t<\/div>\n\t\t\t\t<\/div>\n\t\t\t\t\t<\/div>\n\t\t\t\t<\/div>\n\t\t\t\t<\/div>\n\t\t","protected":false},"excerpt":{"rendered":"<p>Ph\u1eabu thu\u1eadt ti\u00eau h\u00f3a Ph\u1eabu thu\u1eadt ti\u00eau h\u00f3a \u0111\u01b0\u1ee3c gi\u1ea3i th\u00edch, bao g\u1ed3m c\u00e1c ho\u1ea1t \u0111\u1ed9ng tr\u01b0\u1edbc ph\u1eabu thu\u1eadt v\u00e0 sau ph\u1eabu thu\u1eadt B\u00e1c s\u0129 ti\u00eau h\u00f3a \u0111\u01b0\u1ee3c ch\u1ec9 \u0111\u1ecbnh c\u1ee7a b\u1ea1n v\u00e0 y t\u00e1 c\u1ee7a anh \u1ea5y s\u1ebd g\u1eb7p b\u1ea1n qua video \u0111\u1ec3 xem x\u00e9t k\u1ebft qu\u1ea3 \u00fd ki\u1ebfn th\u1ee9 hai c\u1ee7a b\u1ea1n. Anh [&hellip;]<\/p>\n","protected":false},"author":8,"featured_media":0,"parent":21206,"menu_order":0,"comment_status":"closed","ping_status":"closed","template":"elementor_header_footer","meta":{"_acf_changed":false,"_coblocks_attr":"","_coblocks_dimensions":"","_coblocks_responsive_height":"","_coblocks_accordion_ie_support":"","hide_page_title":"","footnotes":""},"class_list":["post-20926","page","type-page","status-publish","hentry"],"acf":[],"yoast_head":"<!-- This site is optimized with the Yoast SEO plugin v27.3 - https:\/\/yoast.com\/product\/yoast-seo-wordpress\/ -->\n<title>Ph\u1eabu thu\u1eadt ti\u00eau h\u00f3a - MDVISIT CLINIC<\/title>\n<meta name=\"robots\" content=\"noindex, follow, max-snippet:-1, max-image-preview:large, max-video-preview:-1\" \/>\n<meta property=\"og:locale\" content=\"vi_VN\" \/>\n<meta property=\"og:type\" content=\"article\" \/>\n<meta property=\"og:title\" content=\"Ph\u1eabu thu\u1eadt ti\u00eau h\u00f3a - MDVISIT CLINIC\" \/>\n<meta property=\"og:description\" content=\"Ph\u1eabu thu\u1eadt ti\u00eau h\u00f3a Ph\u1eabu thu\u1eadt ti\u00eau h\u00f3a \u0111\u01b0\u1ee3c gi\u1ea3i th\u00edch, bao g\u1ed3m c\u00e1c ho\u1ea1t \u0111\u1ed9ng tr\u01b0\u1edbc ph\u1eabu thu\u1eadt v\u00e0 sau ph\u1eabu thu\u1eadt B\u00e1c s\u0129 ti\u00eau h\u00f3a \u0111\u01b0\u1ee3c ch\u1ec9 \u0111\u1ecbnh c\u1ee7a b\u1ea1n v\u00e0 y t\u00e1 c\u1ee7a anh \u1ea5y s\u1ebd g\u1eb7p b\u1ea1n qua video \u0111\u1ec3 xem x\u00e9t k\u1ebft qu\u1ea3 \u00fd ki\u1ebfn th\u1ee9 hai c\u1ee7a b\u1ea1n. Anh [&hellip;]\" \/>\n<meta property=\"og:url\" content=\"https:\/\/mdvisitclinic.com\/vi\/second-opinion-all-other-conditions\/gastroenterology-surgery\/\" \/>\n<meta property=\"og:site_name\" content=\"MDVISIT CLINIC\" \/>\n<meta property=\"article:modified_time\" content=\"2024-12-23T09:43:38+00:00\" \/>\n<meta property=\"og:image\" content=\"https:\/\/mdvisitclinic.com\/wp-content\/uploads\/2024\/06\/Gastroenterology.jpg\" \/>\n<meta name=\"twitter:card\" content=\"summary_large_image\" \/>\n<meta name=\"twitter:label1\" content=\"Est. reading time\" \/>\n\t<meta name=\"twitter:data1\" content=\"8 minutes\" \/>\n<script type=\"application\/ld+json\" class=\"yoast-schema-graph\">{\"@context\":\"https:\\\/\\\/schema.org\",\"@graph\":[{\"@type\":\"WebPage\",\"@id\":\"https:\\\/\\\/mdvisitclinic.com\\\/vi\\\/second-opinion-all-other-conditions\\\/gastroenterology-surgery\\\/\",\"url\":\"https:\\\/\\\/mdvisitclinic.com\\\/vi\\\/second-opinion-all-other-conditions\\\/gastroenterology-surgery\\\/\",\"name\":\"Ph\u1eabu thu\u1eadt ti\u00eau h\u00f3a - MDVISIT CLINIC\",\"isPartOf\":{\"@id\":\"https:\\\/\\\/mdvisitclinic.com\\\/vi\\\/#website\"},\"primaryImageOfPage\":{\"@id\":\"https:\\\/\\\/mdvisitclinic.com\\\/vi\\\/second-opinion-all-other-conditions\\\/gastroenterology-surgery\\\/#primaryimage\"},\"image\":{\"@id\":\"https:\\\/\\\/mdvisitclinic.com\\\/vi\\\/second-opinion-all-other-conditions\\\/gastroenterology-surgery\\\/#primaryimage\"},\"thumbnailUrl\":\"https:\\\/\\\/mdvisitclinic.com\\\/wp-content\\\/uploads\\\/2024\\\/06\\\/Gastroenterology.jpg\",\"datePublished\":\"2024-06-27T04:41:20+00:00\",\"dateModified\":\"2024-12-23T09:43:38+00:00\",\"breadcrumb\":{\"@id\":\"https:\\\/\\\/mdvisitclinic.com\\\/vi\\\/second-opinion-all-other-conditions\\\/gastroenterology-surgery\\\/#breadcrumb\"},\"inLanguage\":\"vi-VN\",\"potentialAction\":[{\"@type\":\"ReadAction\",\"target\":[\"https:\\\/\\\/mdvisitclinic.com\\\/vi\\\/second-opinion-all-other-conditions\\\/gastroenterology-surgery\\\/\"]}]},{\"@type\":\"ImageObject\",\"inLanguage\":\"vi-VN\",\"@id\":\"https:\\\/\\\/mdvisitclinic.com\\\/vi\\\/second-opinion-all-other-conditions\\\/gastroenterology-surgery\\\/#primaryimage\",\"url\":\"https:\\\/\\\/mdvisitclinic.com\\\/wp-content\\\/uploads\\\/2024\\\/06\\\/Gastroenterology.jpg\",\"contentUrl\":\"https:\\\/\\\/mdvisitclinic.com\\\/wp-content\\\/uploads\\\/2024\\\/06\\\/Gastroenterology.jpg\"},{\"@type\":\"BreadcrumbList\",\"@id\":\"https:\\\/\\\/mdvisitclinic.com\\\/vi\\\/second-opinion-all-other-conditions\\\/gastroenterology-surgery\\\/#breadcrumb\",\"itemListElement\":[{\"@type\":\"ListItem\",\"position\":1,\"name\":\"Home\",\"item\":\"https:\\\/\\\/mdvisitclinic.com\\\/vi\\\/\"},{\"@type\":\"ListItem\",\"position\":2,\"name\":\"\u00dd ki\u1ebfn th\u1ee9 hai v\u1ec1 c\u00e1c t\u00ecnh tr\u1ea1ng kh\u00e1c\",\"item\":\"https:\\\/\\\/mdvisitclinic.com\\\/vi\\\/second-opinion-all-other-conditions\\\/\"},{\"@type\":\"ListItem\",\"position\":3,\"name\":\"Ph\u1eabu thu\u1eadt ti\u00eau h\u00f3a\"}]},{\"@type\":\"WebSite\",\"@id\":\"https:\\\/\\\/mdvisitclinic.com\\\/vi\\\/#website\",\"url\":\"https:\\\/\\\/mdvisitclinic.com\\\/vi\\\/\",\"name\":\"MDVISIT CLINIC\",\"description\":\"\",\"publisher\":{\"@id\":\"https:\\\/\\\/mdvisitclinic.com\\\/vi\\\/#organization\"},\"potentialAction\":[{\"@type\":\"SearchAction\",\"target\":{\"@type\":\"EntryPoint\",\"urlTemplate\":\"https:\\\/\\\/mdvisitclinic.com\\\/vi\\\/?s={search_term_string}\"},\"query-input\":{\"@type\":\"PropertyValueSpecification\",\"valueRequired\":true,\"valueName\":\"search_term_string\"}}],\"inLanguage\":\"vi-VN\"},{\"@type\":\"Organization\",\"@id\":\"https:\\\/\\\/mdvisitclinic.com\\\/vi\\\/#organization\",\"name\":\"MDVISIT CLINIC\",\"url\":\"https:\\\/\\\/mdvisitclinic.com\\\/vi\\\/\",\"logo\":{\"@type\":\"ImageObject\",\"inLanguage\":\"vi-VN\",\"@id\":\"https:\\\/\\\/mdvisitclinic.com\\\/vi\\\/#\\\/schema\\\/logo\\\/image\\\/\",\"url\":\"https:\\\/\\\/mdvisitclinic.com\\\/wp-content\\\/uploads\\\/2024\\\/03\\\/logo.png\",\"contentUrl\":\"https:\\\/\\\/mdvisitclinic.com\\\/wp-content\\\/uploads\\\/2024\\\/03\\\/logo.png\",\"width\":768,\"height\":118,\"caption\":\"MDVISIT CLINIC\"},\"image\":{\"@id\":\"https:\\\/\\\/mdvisitclinic.com\\\/vi\\\/#\\\/schema\\\/logo\\\/image\\\/\"}}]}<\/script>\n<!-- \/ Yoast SEO plugin. -->","yoast_head_json":{"title":"Ph\u1eabu thu\u1eadt ti\u00eau h\u00f3a - MDVISIT CLINIC","robots":{"index":"noindex","follow":"follow","max-snippet":"max-snippet:-1","max-image-preview":"max-image-preview:large","max-video-preview":"max-video-preview:-1"},"og_locale":"vi_VN","og_type":"article","og_title":"Ph\u1eabu thu\u1eadt ti\u00eau h\u00f3a - MDVISIT CLINIC","og_description":"Ph\u1eabu thu\u1eadt ti\u00eau h\u00f3a Ph\u1eabu thu\u1eadt ti\u00eau h\u00f3a \u0111\u01b0\u1ee3c gi\u1ea3i th\u00edch, bao g\u1ed3m c\u00e1c ho\u1ea1t \u0111\u1ed9ng tr\u01b0\u1edbc ph\u1eabu thu\u1eadt v\u00e0 sau ph\u1eabu thu\u1eadt B\u00e1c s\u0129 ti\u00eau h\u00f3a \u0111\u01b0\u1ee3c ch\u1ec9 \u0111\u1ecbnh c\u1ee7a b\u1ea1n v\u00e0 y t\u00e1 c\u1ee7a anh \u1ea5y s\u1ebd g\u1eb7p b\u1ea1n qua video \u0111\u1ec3 xem x\u00e9t k\u1ebft qu\u1ea3 \u00fd ki\u1ebfn th\u1ee9 hai c\u1ee7a b\u1ea1n. Anh [&hellip;]","og_url":"https:\/\/mdvisitclinic.com\/vi\/second-opinion-all-other-conditions\/gastroenterology-surgery\/","og_site_name":"MDVISIT CLINIC","article_modified_time":"2024-12-23T09:43:38+00:00","og_image":[{"url":"https:\/\/mdvisitclinic.com\/wp-content\/uploads\/2024\/06\/Gastroenterology.jpg","type":"","width":"","height":""}],"twitter_card":"summary_large_image","twitter_misc":{"Est. reading time":"8 minutes"},"schema":{"@context":"https:\/\/schema.org","@graph":[{"@type":"WebPage","@id":"https:\/\/mdvisitclinic.com\/vi\/second-opinion-all-other-conditions\/gastroenterology-surgery\/","url":"https:\/\/mdvisitclinic.com\/vi\/second-opinion-all-other-conditions\/gastroenterology-surgery\/","name":"Ph\u1eabu thu\u1eadt ti\u00eau h\u00f3a - MDVISIT CLINIC","isPartOf":{"@id":"https:\/\/mdvisitclinic.com\/vi\/#website"},"primaryImageOfPage":{"@id":"https:\/\/mdvisitclinic.com\/vi\/second-opinion-all-other-conditions\/gastroenterology-surgery\/#primaryimage"},"image":{"@id":"https:\/\/mdvisitclinic.com\/vi\/second-opinion-all-other-conditions\/gastroenterology-surgery\/#primaryimage"},"thumbnailUrl":"https:\/\/mdvisitclinic.com\/wp-content\/uploads\/2024\/06\/Gastroenterology.jpg","datePublished":"2024-06-27T04:41:20+00:00","dateModified":"2024-12-23T09:43:38+00:00","breadcrumb":{"@id":"https:\/\/mdvisitclinic.com\/vi\/second-opinion-all-other-conditions\/gastroenterology-surgery\/#breadcrumb"},"inLanguage":"vi-VN","potentialAction":[{"@type":"ReadAction","target":["https:\/\/mdvisitclinic.com\/vi\/second-opinion-all-other-conditions\/gastroenterology-surgery\/"]}]},{"@type":"ImageObject","inLanguage":"vi-VN","@id":"https:\/\/mdvisitclinic.com\/vi\/second-opinion-all-other-conditions\/gastroenterology-surgery\/#primaryimage","url":"https:\/\/mdvisitclinic.com\/wp-content\/uploads\/2024\/06\/Gastroenterology.jpg","contentUrl":"https:\/\/mdvisitclinic.com\/wp-content\/uploads\/2024\/06\/Gastroenterology.jpg"},{"@type":"BreadcrumbList","@id":"https:\/\/mdvisitclinic.com\/vi\/second-opinion-all-other-conditions\/gastroenterology-surgery\/#breadcrumb","itemListElement":[{"@type":"ListItem","position":1,"name":"Home","item":"https:\/\/mdvisitclinic.com\/vi\/"},{"@type":"ListItem","position":2,"name":"\u00dd ki\u1ebfn th\u1ee9 hai v\u1ec1 c\u00e1c t\u00ecnh tr\u1ea1ng kh\u00e1c","item":"https:\/\/mdvisitclinic.com\/vi\/second-opinion-all-other-conditions\/"},{"@type":"ListItem","position":3,"name":"Ph\u1eabu thu\u1eadt ti\u00eau h\u00f3a"}]},{"@type":"WebSite","@id":"https:\/\/mdvisitclinic.com\/vi\/#website","url":"https:\/\/mdvisitclinic.com\/vi\/","name":"MDVISIT CLINIC","description":"","publisher":{"@id":"https:\/\/mdvisitclinic.com\/vi\/#organization"},"potentialAction":[{"@type":"SearchAction","target":{"@type":"EntryPoint","urlTemplate":"https:\/\/mdvisitclinic.com\/vi\/?s={search_term_string}"},"query-input":{"@type":"PropertyValueSpecification","valueRequired":true,"valueName":"search_term_string"}}],"inLanguage":"vi-VN"},{"@type":"Organization","@id":"https:\/\/mdvisitclinic.com\/vi\/#organization","name":"MDVISIT CLINIC","url":"https:\/\/mdvisitclinic.com\/vi\/","logo":{"@type":"ImageObject","inLanguage":"vi-VN","@id":"https:\/\/mdvisitclinic.com\/vi\/#\/schema\/logo\/image\/","url":"https:\/\/mdvisitclinic.com\/wp-content\/uploads\/2024\/03\/logo.png","contentUrl":"https:\/\/mdvisitclinic.com\/wp-content\/uploads\/2024\/03\/logo.png","width":768,"height":118,"caption":"MDVISIT CLINIC"},"image":{"@id":"https:\/\/mdvisitclinic.com\/vi\/#\/schema\/logo\/image\/"}}]}},"_links":{"self":[{"href":"https:\/\/mdvisitclinic.com\/vi\/wp-json\/wp\/v2\/pages\/20926","targetHints":{"allow":["GET"]}}],"collection":[{"href":"https:\/\/mdvisitclinic.com\/vi\/wp-json\/wp\/v2\/pages"}],"about":[{"href":"https:\/\/mdvisitclinic.com\/vi\/wp-json\/wp\/v2\/types\/page"}],"author":[{"embeddable":true,"href":"https:\/\/mdvisitclinic.com\/vi\/wp-json\/wp\/v2\/users\/8"}],"replies":[{"embeddable":true,"href":"https:\/\/mdvisitclinic.com\/vi\/wp-json\/wp\/v2\/comments?post=20926"}],"version-history":[{"count":2,"href":"https:\/\/mdvisitclinic.com\/vi\/wp-json\/wp\/v2\/pages\/20926\/revisions"}],"predecessor-version":[{"id":22804,"href":"https:\/\/mdvisitclinic.com\/vi\/wp-json\/wp\/v2\/pages\/20926\/revisions\/22804"}],"up":[{"embeddable":true,"href":"https:\/\/mdvisitclinic.com\/vi\/wp-json\/wp\/v2\/pages\/21206"}],"wp:attachment":[{"href":"https:\/\/mdvisitclinic.com\/vi\/wp-json\/wp\/v2\/media?parent=20926"}],"curies":[{"name":"wp","href":"https:\/\/api.w.org\/{rel}","templated":true}]}}