{"id":20934,"date":"2024-06-27T04:59:01","date_gmt":"2024-06-27T04:59:01","guid":{"rendered":"https:\/\/f55.01f.myftpupload.com\/cataract-surgery\/"},"modified":"2024-12-23T09:43:38","modified_gmt":"2024-12-23T09:43:38","slug":"cataract-surgery","status":"publish","type":"page","link":"https:\/\/mdvisitclinic.com\/vi\/second-opinion-all-other-conditions\/cataract-surgery\/","title":{"rendered":"Ph\u1eabu thu\u1eadt \u0111\u1ee5c th\u1ee7y tinh th\u1ec3"},"content":{"rendered":"\t\t<div data-elementor-type=\"wp-page\" data-elementor-id=\"20934\" class=\"elementor elementor-20934 elementor-13261\" data-elementor-post-type=\"page\">\n\t\t\t\t<div class=\"elementor-element elementor-element-404f4ad3 e-flex e-con-boxed e-con e-parent\" data-id=\"404f4ad3\" data-element_type=\"container\" data-e-type=\"container\" data-settings=\"{&quot;background_background&quot;:&quot;classic&quot;,&quot;jet_parallax_layout_list&quot;:[]}\">\n\t\t\t\t\t<div class=\"e-con-inner\">\n\t\t<div class=\"elementor-element elementor-element-6e3cd112 e-con-full e-flex e-con e-child\" data-id=\"6e3cd112\" data-element_type=\"container\" data-e-type=\"container\" data-settings=\"{&quot;jet_parallax_layout_list&quot;:[]}\">\n\t\t\t\t<div class=\"elementor-element elementor-element-babfd12 elementor-widget elementor-widget-heading\" data-id=\"babfd12\" data-element_type=\"widget\" data-e-type=\"widget\" data-widget_type=\"heading.default\">\n\t\t\t\t<div class=\"elementor-widget-container\">\n\t\t\t\t\t<h1 class=\"elementor-heading-title elementor-size-default\">Ph\u1eabu thu\u1eadt \u0111\u1ee5c th\u1ee7y tinh th\u1ec3  <\/h1>\t\t\t\t<\/div>\n\t\t\t\t<\/div>\n\t\t\t\t<\/div>\n\t\t\t\t\t<\/div>\n\t\t\t\t<\/div>\n\t\t<div class=\"elementor-element elementor-element-5740c250 e-flex e-con-boxed e-con e-parent\" data-id=\"5740c250\" data-element_type=\"container\" data-e-type=\"container\" data-settings=\"{&quot;jet_parallax_layout_list&quot;:[]}\">\n\t\t\t\t\t<div class=\"e-con-inner\">\n\t\t<div class=\"elementor-element elementor-element-219a4aa0 e-con-full e-flex e-con e-child\" data-id=\"219a4aa0\" data-element_type=\"container\" data-e-type=\"container\" data-settings=\"{&quot;jet_parallax_layout_list&quot;:[]}\">\n\t\t\t\t<div class=\"elementor-element elementor-element-2262361f elementor-widget elementor-widget-heading\" data-id=\"2262361f\" data-element_type=\"widget\" data-e-type=\"widget\" data-widget_type=\"heading.default\">\n\t\t\t\t<div class=\"elementor-widget-container\">\n\t\t\t\t\t<h2 class=\"elementor-heading-title elementor-size-default\">Ph\u1eabu thu\u1eadt \u0111\u1ee5c th\u1ee7y tinh th\u1ec3 \u0111\u01b0\u1ee3c gi\u1ea3i th\u00edch, bao g\u1ed3m c\u00e1c ho\u1ea1t \u0111\u1ed9ng tr\u01b0\u1edbc ph\u1eabu thu\u1eadt v\u00e0 sau ph\u1eabu thu\u1eadt  <\/h2>\t\t\t\t<\/div>\n\t\t\t\t<\/div>\n\t\t\t\t<div class=\"elementor-element elementor-element-48b86283 elementor-widget elementor-widget-text-editor\" data-id=\"48b86283\" data-element_type=\"widget\" data-e-type=\"widget\" data-widget_type=\"text-editor.default\">\n\t\t\t\t<div class=\"elementor-widget-container\">\n\t\t\t\t\t\t\t\t\t<p>B\u00e1c s\u0129 nh\u00e3n khoa \u0111\u01b0\u1ee3c ch\u1ec9 \u0111\u1ecbnh c\u1ee7a b\u1ea1n v\u00e0 y t\u00e1 c\u1ee7a anh \u1ea5y s\u1ebd g\u1eb7p b\u1ea1n qua video \u0111\u1ec3 xem x\u00e9t k\u1ebft qu\u1ea3 \u00fd ki\u1ebfn th\u1ee9 hai c\u1ee7a b\u1ea1n. Anh \u1ea5y s\u1ebd tr\u1ea3 l\u1eddi c\u00e2u h\u1ecfi c\u1ee7a b\u1ea1n. N\u1ebfu ph\u1eabu thu\u1eadt l\u00e0 c\u1ea7n thi\u1ebft, v\u00e0 b\u1ea1n \u0111ang xem x\u00e9t ph\u1eabu thu\u1eadt t\u1ea1i Hoa K\u1ef3, h\u00e3y ch\u1eafc ch\u1eafn \u0111\u1ec3 cho anh \u1ea5y bi\u1ebft.  <\/p>\n<p>\u0110\u1ecdc b\u00ean d\u01b0\u1edbi \u0111\u1ec3 hi\u1ec3u chi ti\u1ebft v\u1ec1 qu\u00e1 tr\u00ecnh ph\u1eabu thu\u1eadt.<\/p>\n\t\t\t\t\t\t\t\t<\/div>\n\t\t\t\t<\/div>\n\t\t\t\t<div class=\"elementor-element elementor-element-63161902 elementor-widget elementor-widget-text-editor\" data-id=\"63161902\" data-element_type=\"widget\" data-e-type=\"widget\" data-widget_type=\"text-editor.default\">\n\t\t\t\t<div class=\"elementor-widget-container\">\n\t\t\t\t\t\t\t\t\t<p>Tr\u1eebu t\u01b0\u1ee3ng<\/p>\n<p>Ph\u1eabu thu\u1eadt \u0111\u1ee5c th\u1ee7y tinh th\u1ec3 l\u00e0 m\u1ed9t th\u1ee7 t\u1ee5c \u0111\u1ec3 lo\u1ea1i b\u1ecf \u1ed1ng k\u00ednh c\u1ee7a m\u1eaft b\u1ea1n v\u00e0, trong h\u1ea7u h\u1ebft c\u00e1c tr\u01b0\u1eddng h\u1ee3p, thay th\u1ebf n\u00f3 b\u1eb1ng m\u1ed9t \u1ed1ng k\u00ednh nh\u00e2n t\u1ea1o. \u0110\u1ee5c th\u1ee7y tinh th\u1ec3 l\u00e0m cho th\u1ee7y tinh th\u1ec3 tr\u1edf n\u00ean \u0111\u1ee5c, d\u1eabn \u0111\u1ebfn m\u1ea5t th\u1ecb l\u1ef1c kh\u00f4ng th\u1ec3 \u0111i\u1ec1u ch\u1ec9nh b\u1eb1ng k\u00ednh, k\u00ednh \u00e1p tr\u00f2ng ho\u1eb7c ph\u1eabu thu\u1eadt kh\u00fac x\u1ea1 gi\u00e1c m\u1ea1c nh\u01b0 LASIK. <\/p>\n<p><strong>C\u00e1c lo\u1ea1i ph\u1eabu thu\u1eadt \u0111\u1ee5c th\u1ee7y tinh th\u1ec3<\/strong><\/p>\n<ol>\n<li><strong>Phacoemulsification<\/strong>: \u0110\u00e2y l\u00e0 ph\u01b0\u01a1ng ph\u00e1p ph\u1ed5 bi\u1ebfn nh\u1ea5t. B\u00e1c s\u0129 ph\u1eabu thu\u1eadt r\u1ea1ch m\u1ed9t \u0111\u01b0\u1eddng nh\u1ecf trong m\u1eaft v\u00e0 ch\u00e8n \u0111\u1ea7u d\u00f2. \u0110\u1ea7u d\u00f2 s\u1eed d\u1ee5ng s\u00f3ng si\u00eau \u00e2m \u0111\u1ec3 ph\u00e1 v\u1ee1 (nh\u0169 h\u00f3a) th\u1ea5u k\u00ednh \u0111\u1ee5c, sau \u0111\u00f3 \u0111\u01b0\u1ee3c h\u00fat ra.  <\/li>\n<li><strong>Khai th\u00e1c \u0111\u1ee5c th\u1ee7y tinh th\u1ec3 ngo\u00e0i v\u1ecf (ECCE):<\/strong> Ph\u01b0\u01a1ng ph\u00e1p n\u00e0y li\u00ean quan \u0111\u1ebfn m\u1ed9t v\u1ebft r\u1ea1ch l\u1edbn h\u01a1n v\u00e0 lo\u1ea1i b\u1ecf ph\u1ea7n m\u00e2y c\u1ee7a \u1ed1ng k\u00ednh trong m\u1ed9t m\u1ea3nh, ti\u1ebfp theo l\u00e0 h\u00fat c\u00e1c m\u1ea3nh c\u00f2n l\u1ea1i.<\/li>\n<li><strong>Ph\u1eabu thu\u1eadt h\u1ed7 tr\u1ee3 b\u1eb1ng laser<\/strong>: Ph\u01b0\u01a1ng ph\u00e1p n\u00e0y s\u1eed d\u1ee5ng tia laser \u0111\u1ec3 l\u00e0m cho v\u1ebft m\u1ed5 v\u00e0 l\u00e0m m\u1ec1m \u0111\u1ee5c th\u1ee7y tinh th\u1ec3 \u0111\u1ec3 lo\u1ea1i b\u1ecf, c\u00f3 th\u1ec3 d\u1eabn \u0111\u1ebfn c\u00e1c th\u1ee7 t\u1ee5c ch\u00ednh x\u00e1c h\u01a1n v\u00e0 c\u00f3 th\u1ec3 an to\u00e0n h\u01a1n.<\/li>\n<\/ol>\n<p><strong>Ho\u1ea1t \u0111\u1ed9ng tr\u01b0\u1edbc ph\u1eabu thu\u1eadt<\/strong><\/p>\n<ol>\n<li><strong>Kh\u00e1m m\u1eaft<\/strong>: Kh\u00e1m m\u1eaft to\u00e0n di\u1ec7n s\u1ebd \u0111\u01b0\u1ee3c ti\u1ebfn h\u00e0nh \u0111\u1ec3 \u0111\u00e1nh gi\u00e1 \u0111\u1ee5c th\u1ee7y tinh th\u1ec3 v\u00e0 s\u1ee9c kh\u1ecfe t\u1ed5ng th\u1ec3 c\u1ee7a m\u1eaft.<\/li>\n<li><strong>\u0110\u00e1nh gi\u00e1 l\u1ecbch s\u1eed y t\u1ebf<\/strong>: B\u00e1c s\u0129 s\u1ebd xem x\u00e9t l\u1ecbch s\u1eed y t\u1ebf c\u1ee7a b\u1ea1n v\u00e0 b\u1ea5t k\u1ef3 lo\u1ea1i thu\u1ed1c n\u00e0o b\u1ea1n \u0111ang d\u00f9ng.<\/li>\n<li><strong>Sinh tr\u1eafc h\u1ecdc<\/strong>: C\u00e1c ph\u00e9p \u0111o m\u1eaft c\u1ee7a b\u1ea1n s\u1ebd \u0111\u01b0\u1ee3c th\u1ef1c hi\u1ec7n \u0111\u1ec3 x\u00e1c \u0111\u1ecbnh c\u1ea5y gh\u00e9p \u1ed1ng k\u00ednh th\u00edch h\u1ee3p.<\/li>\n<li><strong>Thu\u1ed1c<\/strong>: B\u1ea1n c\u00f3 th\u1ec3 \u0111\u01b0\u1ee3c h\u01b0\u1edbng d\u1eabn ng\u1eebng d\u00f9ng m\u1ed9t s\u1ed1 lo\u1ea1i thu\u1ed1c c\u00f3 th\u1ec3 l\u00e0m t\u0103ng nguy c\u01a1 ch\u1ea3y m\u00e1u.<\/li>\n<li><strong>Nh\u1ecbn \u0103n<\/strong>: B\u1ea1n c\u00f3 th\u1ec3 \u0111\u01b0\u1ee3c h\u01b0\u1edbng d\u1eabn kh\u00f4ng \u0103n ho\u1eb7c u\u1ed1ng trong v\u00e0i gi\u1edd tr\u01b0\u1edbc khi ph\u1eabu thu\u1eadt.<\/li>\n<li><strong>Thu\u1ed1c nh\u1ecf m\u1eaft<\/strong>: Thu\u1ed1c nh\u1ecf m\u1eaft kh\u00e1ng sinh v\u00e0 ch\u1ed1ng vi\u00eam c\u00f3 th\u1ec3 \u0111\u01b0\u1ee3c k\u00ea toa \u0111\u1ec3 s\u1eed d\u1ee5ng tr\u01b0\u1edbc khi ph\u1eabu thu\u1eadt \u0111\u1ec3 ng\u0103n ng\u1eeba nhi\u1ec5m tr\u00f9ng v\u00e0 gi\u1ea3m vi\u00eam.<\/li>\n<\/ol>\n<p><strong>Ng\u00e0y ph\u1eabu thu\u1eadt<\/strong><\/p>\n<ul>\n<li><strong>Chu\u1ea9n b\u1ecb<\/strong>: Khi \u0111\u1ebfn trung t\u00e2m ph\u1eabu thu\u1eadt, m\u1eaft c\u1ee7a b\u1ea1n s\u1ebd \u0111\u01b0\u1ee3c gi\u00e3n ra b\u1eb1ng thu\u1ed1c nh\u1ecf m\u1eaft.<\/li>\n<li><strong>G\u00e2y m\u00ea<\/strong>: G\u00e2y t\u00ea c\u1ee5c b\u1ed9 s\u1ebd \u0111\u01b0\u1ee3c th\u1ef1c hi\u1ec7n \u0111\u1ec3 l\u00e0m t\u00ea v\u00f9ng xung quanh m\u1eaft. B\u1ea1n c\u0169ng c\u00f3 th\u1ec3 \u0111\u01b0\u1ee3c d\u00f9ng thu\u1ed1c an th\u1ea7n \u0111\u1ec3 gi\u00fap b\u1ea1n th\u01b0 gi\u00e3n. <\/li>\n<li><strong>Th\u1ee7 t\u1ee5c<\/strong>: Ph\u1eabu thu\u1eadt th\u1ef1c t\u1ebf th\u01b0\u1eddng m\u1ea5t kho\u1ea3ng 30 ph\u00fat. B\u1ea1n s\u1ebd t\u1ec9nh t\u00e1o nh\u01b0ng kh\u00f4ng n\u00ean c\u1ea3m th\u1ea5y \u0111au. <\/li>\n<li><strong>Ph\u00f2ng h\u1ed3i s\u1ee9c<\/strong>: Sau khi ph\u1eabu thu\u1eadt, b\u1ea1n s\u1ebd d\u00e0nh m\u1ed9t th\u1eddi gian trong khu v\u1ef1c ph\u1ee5c h\u1ed3i, n\u01a1i t\u00ecnh tr\u1ea1ng c\u1ee7a b\u1ea1n s\u1ebd \u0111\u01b0\u1ee3c theo d\u00f5i.<\/li>\n<\/ul>\n<p><strong>Ho\u1ea1t \u0111\u1ed9ng sau ph\u1eabu thu\u1eadt<\/strong><\/p>\n<ol>\n<li><strong>Ch\u0103m s\u00f3c sau ngay l\u1eadp t\u1ee9c<\/strong>:\n<ul>\n<li>B\u1ea1n c\u00f3 th\u1ec3 s\u1ebd \u0111eo mi\u1ebfng che m\u1eaft ho\u1eb7c t\u1ea5m ch\u1eafn b\u1ea3o v\u1ec7 tr\u00ean m\u1eaft \u0111\u01b0\u1ee3c ph\u1eabu thu\u1eadt.<\/li>\n<li>B\u1ea1n c\u00f3 th\u1ec3 g\u1eb7p m\u1ed9t s\u1ed1 kh\u00f3 ch\u1ecbu, c\u00f3 th\u1ec3 \u0111\u01b0\u1ee3c qu\u1ea3n l\u00fd b\u1eb1ng thu\u1ed1c gi\u1ea3m \u0111au kh\u00f4ng k\u00ea \u0111\u01a1n.<\/li>\n<li>Tr\u00e1nh ch\u1ea1m ho\u1eb7c d\u1ee5i m\u1eaft.<\/li>\n<\/ul>\n<\/li>\n<li><strong>Thu\u1ed1c<\/strong>:\n<ul>\n<li>Ti\u1ebfp t\u1ee5c s\u1eed d\u1ee5ng thu\u1ed1c nh\u1ecf m\u1eaft theo quy \u0111\u1ecbnh \u0111\u1ec3 ng\u0103n ng\u1eeba nhi\u1ec5m tr\u00f9ng v\u00e0 gi\u1ea3m vi\u00eam.<\/li>\n<li>Th\u1ef1c hi\u1ec7n theo l\u1ecbch tr\u00ecnh nghi\u00eam ng\u1eb7t.<\/li>\n<\/ul>\n<\/li>\n<li><strong>Ho\u1ea1t \u0111\u1ed9ng<\/strong>:\n<ul>\n<li>Tr\u00e1nh c\u00e1c ho\u1ea1t \u0111\u1ed9ng v\u1ea5t v\u1ea3 v\u00e0 n\u00e2ng v\u1eadt n\u1eb7ng trong m\u1ed9t v\u00e0i tu\u1ea7n.<\/li>\n<li>Kh\u00f4ng b\u01a1i l\u1ed9i v\u00e0 s\u1eed d\u1ee5ng b\u1ed3n t\u1eafm n\u01b0\u1edbc n\u00f3ng \u0111\u1ec3 ng\u0103n ng\u1eeba nhi\u1ec5m tr\u00f9ng.<\/li>\n<li>\u0110eo k\u00ednh r\u00e2m \u0111\u1ec3 b\u1ea3o v\u1ec7 m\u1eaft kh\u1ecfi \u00e1nh s\u00e1ng m\u1ea1nh v\u00e0 tia UV.<\/li>\n<\/ul>\n<\/li>\n<li><strong>C\u00e1c l\u1ea7n t\u00e1i kh\u00e1m<\/strong>:\n<ul>\n<li>B\u1ea1n s\u1ebd c\u00f3 m\u1ed9t s\u1ed1 cu\u1ed9c h\u1eb9n theo d\u00f5i v\u1edbi b\u00e1c s\u0129 \u0111\u1ec3 theo d\u00f5i qu\u00e1 tr\u00ecnh ch\u1eefa l\u00e0nh v\u00e0 \u0111\u1ea3m b\u1ea3o m\u1eaft kh\u1ecfe m\u1ea1nh.<\/li>\n<li>B\u00e1c s\u0129 s\u1ebd ki\u1ec3m tra b\u1ea5t k\u1ef3 bi\u1ebfn ch\u1ee9ng n\u00e0o nh\u01b0 t\u0103ng \u00e1p l\u1ef1c m\u1eaft ho\u1eb7c nhi\u1ec5m tr\u00f9ng.<\/li>\n<\/ul>\n<\/li>\n<li><strong>\u0110i\u1ec1u ch\u1ec9nh th\u1ecb l\u1ef1c<\/strong>:\n<ul>\n<li>T\u1ea7m nh\u00ecn c\u1ee7a b\u1ea1n c\u00f3 th\u1ec3 b\u1ecb m\u1edd l\u00fac \u0111\u1ea7u khi m\u1eaft b\u1ea1n l\u00e0nh v\u00e0 \u0111i\u1ec1u ch\u1ec9nh.<\/li>\n<li>C\u00f3 th\u1ec3 m\u1ea5t v\u00e0i tu\u1ea7n \u0111\u1ec3 t\u1ea7m nh\u00ecn c\u1ee7a b\u1ea1n \u1ed5n \u0111\u1ecbnh ho\u00e0n to\u00e0n.<\/li>\n<li>B\u1ea1n c\u00f3 th\u1ec3 c\u1ea7n k\u00ednh m\u1edbi ho\u1eb7c k\u00ednh \u00e1p tr\u00f2ng sau khi m\u1eaft b\u1ea1n \u0111\u00e3 l\u00e0nh ho\u00e0n to\u00e0n.<\/li>\n<\/ul>\n<\/li>\n<\/ol>\n<p><strong>Bi\u1ebfn ch\u1ee9ng ti\u1ec1m \u1ea9n<\/strong><\/p>\n<p>Trong khi ph\u1eabu thu\u1eadt \u0111\u1ee5c th\u1ee7y tinh th\u1ec3 n\u00f3i chung l\u00e0 an to\u00e0n, c\u00e1c bi\u1ebfn ch\u1ee9ng ti\u1ec1m \u1ea9n c\u00f3 th\u1ec3 bao g\u1ed3m:<\/p>\n<ul>\n<li>Nhi\u1ec5m tr\u00f9ng<\/li>\n<li>Vi\u00eam<\/li>\n<li>S\u1ef1 ch\u1ea3y m\u00e1u<\/li>\n<li>S\u1ef1 s\u01b0ng l\u00ean<\/li>\n<li>Bong v\u00f5ng m\u1ea1c<\/li>\n<li>\u00c1nh s\u00e1ng ch\u00f3i, qu\u1ea7ng s\u00e1ng ho\u1eb7c nh\u00ecn \u0111\u00f4i<\/li>\n<li>\u0110\u1ee5c th\u1ee7y tinh th\u1ec3 th\u1ee9 ph\u00e1t (opacification nang sau)<\/li>\n<\/ul>\n<p><strong>K\u1ebft th\u00fac<\/strong><\/p>\n<p>Ph\u1eabu thu\u1eadt \u0111\u1ee5c th\u1ee7y tinh th\u1ec3 l\u00e0 m\u1ed9t th\u1ee7 t\u1ee5c ph\u1ed5 bi\u1ebfn v\u00e0 n\u00f3i chung l\u00e0 an to\u00e0n c\u00f3 th\u1ec3 c\u1ea3i thi\u1ec7n \u0111\u00e1ng k\u1ec3 th\u1ecb l\u1ef1c v\u00e0 ch\u1ea5t l\u01b0\u1ee3ng cu\u1ed9c s\u1ed1ng c\u1ee7a b\u1ea1n. Chu\u1ea9n b\u1ecb tr\u01b0\u1edbc ph\u1eabu thu\u1eadt \u0111\u00fang c\u00e1ch v\u00e0 ch\u0103m s\u00f3c sau ph\u1eabu thu\u1eadt si\u00eang n\u0103ng l\u00e0 r\u1ea5t quan tr\u1ecdng cho m\u1ed9t k\u1ebft qu\u1ea3 th\u00e0nh c\u00f4ng. Lu\u00f4n lu\u00f4n l\u00e0m theo h\u01b0\u1edbng d\u1eabn c\u1ee7a b\u00e1c s\u0129 v\u00e0 tham d\u1ef1 t\u1ea5t c\u1ea3 c\u00e1c cu\u1ed9c h\u1eb9n theo d\u00f5i \u0111\u1ec3 \u0111\u1ea3m b\u1ea3o ph\u1ee5c h\u1ed3i t\u1ed1t nh\u1ea5t c\u00f3 th\u1ec3.  <\/p>\n\t\t\t\t\t\t\t\t<\/div>\n\t\t\t\t<\/div>\n\t\t\t\t<\/div>\n\t\t<div class=\"elementor-element elementor-element-a80e2f7 e-con-full e-flex e-con e-child\" data-id=\"a80e2f7\" data-element_type=\"container\" data-e-type=\"container\" data-settings=\"{&quot;jet_parallax_layout_list&quot;:[]}\">\n\t\t\t\t<div class=\"elementor-element elementor-element-6465deca elementor-widget elementor-widget-image\" data-id=\"6465deca\" data-element_type=\"widget\" data-e-type=\"widget\" data-widget_type=\"image.default\">\n\t\t\t\t<div class=\"elementor-widget-container\">\n\t\t\t\t\t\t\t\t\t\t\t\t\t\t\t<img fetchpriority=\"high\" decoding=\"async\" width=\"711\" height=\"400\" src=\"https:\/\/mdvisitclinic.com\/wp-content\/uploads\/2024\/06\/Ophthalmology.jpg\" class=\"attachment-full size-full wp-image-12188\" alt=\"\" srcset=\"https:\/\/mdvisitclinic.com\/wp-content\/uploads\/2024\/06\/Ophthalmology.jpg 711w, https:\/\/mdvisitclinic.com\/wp-content\/uploads\/2024\/06\/Ophthalmology-300x169.jpg 300w\" sizes=\"(max-width: 711px) 100vw, 711px\" \/>\t\t\t\t\t\t\t\t\t\t\t\t\t\t\t<\/div>\n\t\t\t\t<\/div>\n\t\t\t\t<\/div>\n\t\t\t\t\t<\/div>\n\t\t\t\t<\/div>\n\t\t\t\t<\/div>\n\t\t","protected":false},"excerpt":{"rendered":"<p>Ph\u1eabu thu\u1eadt \u0111\u1ee5c th\u1ee7y tinh th\u1ec3 Ph\u1eabu thu\u1eadt \u0111\u1ee5c th\u1ee7y tinh th\u1ec3 \u0111\u01b0\u1ee3c gi\u1ea3i th\u00edch, bao g\u1ed3m c\u00e1c ho\u1ea1t \u0111\u1ed9ng tr\u01b0\u1edbc ph\u1eabu thu\u1eadt v\u00e0 sau ph\u1eabu thu\u1eadt B\u00e1c s\u0129 nh\u00e3n khoa \u0111\u01b0\u1ee3c ch\u1ec9 \u0111\u1ecbnh c\u1ee7a b\u1ea1n v\u00e0 y t\u00e1 c\u1ee7a anh \u1ea5y s\u1ebd g\u1eb7p b\u1ea1n qua video \u0111\u1ec3 xem x\u00e9t k\u1ebft qu\u1ea3 \u00fd ki\u1ebfn th\u1ee9 [&hellip;]<\/p>\n","protected":false},"author":8,"featured_media":0,"parent":21206,"menu_order":0,"comment_status":"closed","ping_status":"closed","template":"elementor_header_footer","meta":{"_acf_changed":false,"_coblocks_attr":"","_coblocks_dimensions":"","_coblocks_responsive_height":"","_coblocks_accordion_ie_support":"","hide_page_title":"","footnotes":""},"class_list":["post-20934","page","type-page","status-publish","hentry"],"acf":[],"yoast_head":"<!-- This site is optimized with the Yoast SEO plugin v27.3 - https:\/\/yoast.com\/product\/yoast-seo-wordpress\/ -->\n<title>Ph\u1eabu thu\u1eadt \u0111\u1ee5c th\u1ee7y tinh th\u1ec3 - MDVISIT CLINIC<\/title>\n<meta name=\"robots\" content=\"noindex, follow, max-snippet:-1, max-image-preview:large, max-video-preview:-1\" \/>\n<meta property=\"og:locale\" content=\"vi_VN\" \/>\n<meta property=\"og:type\" content=\"article\" \/>\n<meta property=\"og:title\" content=\"Ph\u1eabu thu\u1eadt \u0111\u1ee5c th\u1ee7y tinh th\u1ec3 - MDVISIT CLINIC\" \/>\n<meta property=\"og:description\" content=\"Ph\u1eabu thu\u1eadt \u0111\u1ee5c th\u1ee7y tinh th\u1ec3 Ph\u1eabu thu\u1eadt \u0111\u1ee5c th\u1ee7y tinh th\u1ec3 \u0111\u01b0\u1ee3c gi\u1ea3i th\u00edch, bao g\u1ed3m c\u00e1c ho\u1ea1t \u0111\u1ed9ng tr\u01b0\u1edbc ph\u1eabu thu\u1eadt v\u00e0 sau ph\u1eabu thu\u1eadt B\u00e1c s\u0129 nh\u00e3n khoa \u0111\u01b0\u1ee3c ch\u1ec9 \u0111\u1ecbnh c\u1ee7a b\u1ea1n v\u00e0 y t\u00e1 c\u1ee7a anh \u1ea5y s\u1ebd g\u1eb7p b\u1ea1n qua video \u0111\u1ec3 xem x\u00e9t k\u1ebft qu\u1ea3 \u00fd ki\u1ebfn th\u1ee9 [&hellip;]\" \/>\n<meta property=\"og:url\" content=\"https:\/\/mdvisitclinic.com\/vi\/second-opinion-all-other-conditions\/cataract-surgery\/\" \/>\n<meta property=\"og:site_name\" content=\"MDVISIT CLINIC\" \/>\n<meta property=\"article:modified_time\" content=\"2024-12-23T09:43:38+00:00\" \/>\n<meta property=\"og:image\" content=\"https:\/\/mdvisitclinic.com\/wp-content\/uploads\/2024\/06\/Ophthalmology.jpg\" \/>\n<meta name=\"twitter:card\" content=\"summary_large_image\" \/>\n<meta name=\"twitter:label1\" content=\"Est. reading time\" \/>\n\t<meta name=\"twitter:data1\" content=\"7 minutes\" \/>\n<script type=\"application\/ld+json\" class=\"yoast-schema-graph\">{\"@context\":\"https:\\\/\\\/schema.org\",\"@graph\":[{\"@type\":\"WebPage\",\"@id\":\"https:\\\/\\\/mdvisitclinic.com\\\/vi\\\/second-opinion-all-other-conditions\\\/cataract-surgery\\\/\",\"url\":\"https:\\\/\\\/mdvisitclinic.com\\\/vi\\\/second-opinion-all-other-conditions\\\/cataract-surgery\\\/\",\"name\":\"Ph\u1eabu thu\u1eadt \u0111\u1ee5c th\u1ee7y tinh th\u1ec3 - MDVISIT CLINIC\",\"isPartOf\":{\"@id\":\"https:\\\/\\\/mdvisitclinic.com\\\/vi\\\/#website\"},\"primaryImageOfPage\":{\"@id\":\"https:\\\/\\\/mdvisitclinic.com\\\/vi\\\/second-opinion-all-other-conditions\\\/cataract-surgery\\\/#primaryimage\"},\"image\":{\"@id\":\"https:\\\/\\\/mdvisitclinic.com\\\/vi\\\/second-opinion-all-other-conditions\\\/cataract-surgery\\\/#primaryimage\"},\"thumbnailUrl\":\"https:\\\/\\\/mdvisitclinic.com\\\/wp-content\\\/uploads\\\/2024\\\/06\\\/Ophthalmology.jpg\",\"datePublished\":\"2024-06-27T04:59:01+00:00\",\"dateModified\":\"2024-12-23T09:43:38+00:00\",\"breadcrumb\":{\"@id\":\"https:\\\/\\\/mdvisitclinic.com\\\/vi\\\/second-opinion-all-other-conditions\\\/cataract-surgery\\\/#breadcrumb\"},\"inLanguage\":\"vi-VN\",\"potentialAction\":[{\"@type\":\"ReadAction\",\"target\":[\"https:\\\/\\\/mdvisitclinic.com\\\/vi\\\/second-opinion-all-other-conditions\\\/cataract-surgery\\\/\"]}]},{\"@type\":\"ImageObject\",\"inLanguage\":\"vi-VN\",\"@id\":\"https:\\\/\\\/mdvisitclinic.com\\\/vi\\\/second-opinion-all-other-conditions\\\/cataract-surgery\\\/#primaryimage\",\"url\":\"https:\\\/\\\/mdvisitclinic.com\\\/wp-content\\\/uploads\\\/2024\\\/06\\\/Ophthalmology.jpg\",\"contentUrl\":\"https:\\\/\\\/mdvisitclinic.com\\\/wp-content\\\/uploads\\\/2024\\\/06\\\/Ophthalmology.jpg\"},{\"@type\":\"BreadcrumbList\",\"@id\":\"https:\\\/\\\/mdvisitclinic.com\\\/vi\\\/second-opinion-all-other-conditions\\\/cataract-surgery\\\/#breadcrumb\",\"itemListElement\":[{\"@type\":\"ListItem\",\"position\":1,\"name\":\"Home\",\"item\":\"https:\\\/\\\/mdvisitclinic.com\\\/vi\\\/\"},{\"@type\":\"ListItem\",\"position\":2,\"name\":\"\u00dd ki\u1ebfn th\u1ee9 hai v\u1ec1 c\u00e1c t\u00ecnh tr\u1ea1ng kh\u00e1c\",\"item\":\"https:\\\/\\\/mdvisitclinic.com\\\/vi\\\/second-opinion-all-other-conditions\\\/\"},{\"@type\":\"ListItem\",\"position\":3,\"name\":\"Ph\u1eabu thu\u1eadt \u0111\u1ee5c th\u1ee7y tinh th\u1ec3\"}]},{\"@type\":\"WebSite\",\"@id\":\"https:\\\/\\\/mdvisitclinic.com\\\/vi\\\/#website\",\"url\":\"https:\\\/\\\/mdvisitclinic.com\\\/vi\\\/\",\"name\":\"MDVISIT CLINIC\",\"description\":\"\",\"publisher\":{\"@id\":\"https:\\\/\\\/mdvisitclinic.com\\\/vi\\\/#organization\"},\"potentialAction\":[{\"@type\":\"SearchAction\",\"target\":{\"@type\":\"EntryPoint\",\"urlTemplate\":\"https:\\\/\\\/mdvisitclinic.com\\\/vi\\\/?s={search_term_string}\"},\"query-input\":{\"@type\":\"PropertyValueSpecification\",\"valueRequired\":true,\"valueName\":\"search_term_string\"}}],\"inLanguage\":\"vi-VN\"},{\"@type\":\"Organization\",\"@id\":\"https:\\\/\\\/mdvisitclinic.com\\\/vi\\\/#organization\",\"name\":\"MDVISIT CLINIC\",\"url\":\"https:\\\/\\\/mdvisitclinic.com\\\/vi\\\/\",\"logo\":{\"@type\":\"ImageObject\",\"inLanguage\":\"vi-VN\",\"@id\":\"https:\\\/\\\/mdvisitclinic.com\\\/vi\\\/#\\\/schema\\\/logo\\\/image\\\/\",\"url\":\"https:\\\/\\\/mdvisitclinic.com\\\/wp-content\\\/uploads\\\/2024\\\/03\\\/logo.png\",\"contentUrl\":\"https:\\\/\\\/mdvisitclinic.com\\\/wp-content\\\/uploads\\\/2024\\\/03\\\/logo.png\",\"width\":768,\"height\":118,\"caption\":\"MDVISIT CLINIC\"},\"image\":{\"@id\":\"https:\\\/\\\/mdvisitclinic.com\\\/vi\\\/#\\\/schema\\\/logo\\\/image\\\/\"}}]}<\/script>\n<!-- \/ Yoast SEO plugin. -->","yoast_head_json":{"title":"Ph\u1eabu thu\u1eadt \u0111\u1ee5c th\u1ee7y tinh th\u1ec3 - MDVISIT CLINIC","robots":{"index":"noindex","follow":"follow","max-snippet":"max-snippet:-1","max-image-preview":"max-image-preview:large","max-video-preview":"max-video-preview:-1"},"og_locale":"vi_VN","og_type":"article","og_title":"Ph\u1eabu thu\u1eadt \u0111\u1ee5c th\u1ee7y tinh th\u1ec3 - MDVISIT CLINIC","og_description":"Ph\u1eabu thu\u1eadt \u0111\u1ee5c th\u1ee7y tinh th\u1ec3 Ph\u1eabu thu\u1eadt \u0111\u1ee5c th\u1ee7y tinh th\u1ec3 \u0111\u01b0\u1ee3c gi\u1ea3i th\u00edch, bao g\u1ed3m c\u00e1c ho\u1ea1t \u0111\u1ed9ng tr\u01b0\u1edbc ph\u1eabu thu\u1eadt v\u00e0 sau ph\u1eabu thu\u1eadt B\u00e1c s\u0129 nh\u00e3n khoa \u0111\u01b0\u1ee3c ch\u1ec9 \u0111\u1ecbnh c\u1ee7a b\u1ea1n v\u00e0 y t\u00e1 c\u1ee7a anh \u1ea5y s\u1ebd g\u1eb7p b\u1ea1n qua video \u0111\u1ec3 xem x\u00e9t k\u1ebft qu\u1ea3 \u00fd ki\u1ebfn th\u1ee9 [&hellip;]","og_url":"https:\/\/mdvisitclinic.com\/vi\/second-opinion-all-other-conditions\/cataract-surgery\/","og_site_name":"MDVISIT CLINIC","article_modified_time":"2024-12-23T09:43:38+00:00","og_image":[{"url":"https:\/\/mdvisitclinic.com\/wp-content\/uploads\/2024\/06\/Ophthalmology.jpg","type":"","width":"","height":""}],"twitter_card":"summary_large_image","twitter_misc":{"Est. reading time":"7 minutes"},"schema":{"@context":"https:\/\/schema.org","@graph":[{"@type":"WebPage","@id":"https:\/\/mdvisitclinic.com\/vi\/second-opinion-all-other-conditions\/cataract-surgery\/","url":"https:\/\/mdvisitclinic.com\/vi\/second-opinion-all-other-conditions\/cataract-surgery\/","name":"Ph\u1eabu thu\u1eadt \u0111\u1ee5c th\u1ee7y tinh th\u1ec3 - MDVISIT CLINIC","isPartOf":{"@id":"https:\/\/mdvisitclinic.com\/vi\/#website"},"primaryImageOfPage":{"@id":"https:\/\/mdvisitclinic.com\/vi\/second-opinion-all-other-conditions\/cataract-surgery\/#primaryimage"},"image":{"@id":"https:\/\/mdvisitclinic.com\/vi\/second-opinion-all-other-conditions\/cataract-surgery\/#primaryimage"},"thumbnailUrl":"https:\/\/mdvisitclinic.com\/wp-content\/uploads\/2024\/06\/Ophthalmology.jpg","datePublished":"2024-06-27T04:59:01+00:00","dateModified":"2024-12-23T09:43:38+00:00","breadcrumb":{"@id":"https:\/\/mdvisitclinic.com\/vi\/second-opinion-all-other-conditions\/cataract-surgery\/#breadcrumb"},"inLanguage":"vi-VN","potentialAction":[{"@type":"ReadAction","target":["https:\/\/mdvisitclinic.com\/vi\/second-opinion-all-other-conditions\/cataract-surgery\/"]}]},{"@type":"ImageObject","inLanguage":"vi-VN","@id":"https:\/\/mdvisitclinic.com\/vi\/second-opinion-all-other-conditions\/cataract-surgery\/#primaryimage","url":"https:\/\/mdvisitclinic.com\/wp-content\/uploads\/2024\/06\/Ophthalmology.jpg","contentUrl":"https:\/\/mdvisitclinic.com\/wp-content\/uploads\/2024\/06\/Ophthalmology.jpg"},{"@type":"BreadcrumbList","@id":"https:\/\/mdvisitclinic.com\/vi\/second-opinion-all-other-conditions\/cataract-surgery\/#breadcrumb","itemListElement":[{"@type":"ListItem","position":1,"name":"Home","item":"https:\/\/mdvisitclinic.com\/vi\/"},{"@type":"ListItem","position":2,"name":"\u00dd ki\u1ebfn th\u1ee9 hai v\u1ec1 c\u00e1c t\u00ecnh tr\u1ea1ng kh\u00e1c","item":"https:\/\/mdvisitclinic.com\/vi\/second-opinion-all-other-conditions\/"},{"@type":"ListItem","position":3,"name":"Ph\u1eabu thu\u1eadt \u0111\u1ee5c th\u1ee7y tinh th\u1ec3"}]},{"@type":"WebSite","@id":"https:\/\/mdvisitclinic.com\/vi\/#website","url":"https:\/\/mdvisitclinic.com\/vi\/","name":"MDVISIT CLINIC","description":"","publisher":{"@id":"https:\/\/mdvisitclinic.com\/vi\/#organization"},"potentialAction":[{"@type":"SearchAction","target":{"@type":"EntryPoint","urlTemplate":"https:\/\/mdvisitclinic.com\/vi\/?s={search_term_string}"},"query-input":{"@type":"PropertyValueSpecification","valueRequired":true,"valueName":"search_term_string"}}],"inLanguage":"vi-VN"},{"@type":"Organization","@id":"https:\/\/mdvisitclinic.com\/vi\/#organization","name":"MDVISIT CLINIC","url":"https:\/\/mdvisitclinic.com\/vi\/","logo":{"@type":"ImageObject","inLanguage":"vi-VN","@id":"https:\/\/mdvisitclinic.com\/vi\/#\/schema\/logo\/image\/","url":"https:\/\/mdvisitclinic.com\/wp-content\/uploads\/2024\/03\/logo.png","contentUrl":"https:\/\/mdvisitclinic.com\/wp-content\/uploads\/2024\/03\/logo.png","width":768,"height":118,"caption":"MDVISIT CLINIC"},"image":{"@id":"https:\/\/mdvisitclinic.com\/vi\/#\/schema\/logo\/image\/"}}]}},"_links":{"self":[{"href":"https:\/\/mdvisitclinic.com\/vi\/wp-json\/wp\/v2\/pages\/20934","targetHints":{"allow":["GET"]}}],"collection":[{"href":"https:\/\/mdvisitclinic.com\/vi\/wp-json\/wp\/v2\/pages"}],"about":[{"href":"https:\/\/mdvisitclinic.com\/vi\/wp-json\/wp\/v2\/types\/page"}],"author":[{"embeddable":true,"href":"https:\/\/mdvisitclinic.com\/vi\/wp-json\/wp\/v2\/users\/8"}],"replies":[{"embeddable":true,"href":"https:\/\/mdvisitclinic.com\/vi\/wp-json\/wp\/v2\/comments?post=20934"}],"version-history":[{"count":2,"href":"https:\/\/mdvisitclinic.com\/vi\/wp-json\/wp\/v2\/pages\/20934\/revisions"}],"predecessor-version":[{"id":22800,"href":"https:\/\/mdvisitclinic.com\/vi\/wp-json\/wp\/v2\/pages\/20934\/revisions\/22800"}],"up":[{"embeddable":true,"href":"https:\/\/mdvisitclinic.com\/vi\/wp-json\/wp\/v2\/pages\/21206"}],"wp:attachment":[{"href":"https:\/\/mdvisitclinic.com\/vi\/wp-json\/wp\/v2\/media?parent=20934"}],"curies":[{"name":"wp","href":"https:\/\/api.w.org\/{rel}","templated":true}]}}