{"id":20952,"date":"2024-10-17T08:55:33","date_gmt":"2024-10-17T08:55:33","guid":{"rendered":"https:\/\/f55.01f.myftpupload.com\/jan-young\/"},"modified":"2024-12-23T09:43:29","modified_gmt":"2024-12-23T09:43:29","slug":"jan-young","status":"publish","type":"page","link":"https:\/\/mdvisitclinic.com\/vi\/our-team\/jan-young\/","title":{"rendered":"Jan Young"},"content":{"rendered":"\t\t<div data-elementor-type=\"wp-page\" data-elementor-id=\"20952\" class=\"elementor elementor-20952 elementor-16642\" data-elementor-post-type=\"page\">\n\t\t\t\t<div class=\"elementor-element elementor-element-ebad26b e-flex e-con-boxed e-con e-parent\" data-id=\"ebad26b\" data-element_type=\"container\" data-e-type=\"container\" data-settings=\"{&quot;jet_parallax_layout_list&quot;:[]}\">\n\t\t\t\t\t<div class=\"e-con-inner\">\n\t\t<div class=\"elementor-element elementor-element-dd1a3fc e-con-full e-flex e-con e-child\" data-id=\"dd1a3fc\" data-element_type=\"container\" data-e-type=\"container\" data-settings=\"{&quot;jet_parallax_layout_list&quot;:[]}\">\n\t\t<div class=\"elementor-element elementor-element-8ec1af7 e-flex e-con-boxed e-con e-child\" data-id=\"8ec1af7\" data-element_type=\"container\" data-e-type=\"container\" data-settings=\"{&quot;jet_parallax_layout_list&quot;:[]}\">\n\t\t\t\t\t<div class=\"e-con-inner\">\n\t\t\t\t<div class=\"elementor-element elementor-element-edc4f57 elementor-invisible elementor-widget elementor-widget-heading\" data-id=\"edc4f57\" data-element_type=\"widget\" data-e-type=\"widget\" data-settings=\"{&quot;_animation&quot;:&quot;fadeInDown&quot;,&quot;_animation_delay&quot;:0.40000000000000002}\" data-widget_type=\"heading.default\">\n\t\t\t\t<div class=\"elementor-widget-container\">\n\t\t\t\t\t<h1 class=\"elementor-heading-title elementor-size-default\">Ti\u1ebfn s\u0129 Jan Young<\/h1>\t\t\t\t<\/div>\n\t\t\t\t<\/div>\n\t\t\t\t<div class=\"elementor-element elementor-element-fdc0393 elementor-widget__width-inherit elementor-invisible elementor-widget elementor-widget-heading\" data-id=\"fdc0393\" data-element_type=\"widget\" data-e-type=\"widget\" data-settings=\"{&quot;_animation&quot;:&quot;fadeInDown&quot;,&quot;_animation_delay&quot;:0.59999999999999998}\" data-widget_type=\"heading.default\">\n\t\t\t\t<div class=\"elementor-widget-container\">\n\t\t\t\t\t<h6 class=\"elementor-heading-title elementor-size-default\">Gi\u00e1m \u0111\u1ed1c gi\u00e1m s\u00e1t v\u00e0 Th\u00e0nh vi\u00ean H\u1ed9i \u0111\u1ed3ng qu\u1ea3n tr\u1ecb<\/h6>\t\t\t\t<\/div>\n\t\t\t\t<\/div>\n\t\t\t\t\t<\/div>\n\t\t\t\t<\/div>\n\t\t<div class=\"elementor-element elementor-element-6f2442f e-con-full e-flex e-con e-child\" data-id=\"6f2442f\" data-element_type=\"container\" data-e-type=\"container\" data-settings=\"{&quot;jet_parallax_layout_list&quot;:[]}\">\n\t\t<div class=\"elementor-element elementor-element-ae4d047 e-con-full e-flex e-con e-child\" data-id=\"ae4d047\" data-element_type=\"container\" data-e-type=\"container\" data-settings=\"{&quot;jet_parallax_layout_list&quot;:[]}\">\n\t\t\t\t<div class=\"elementor-element elementor-element-0965180 elementor-widget__width-inherit team_desc elementor-invisible elementor-widget elementor-widget-text-editor\" data-id=\"0965180\" data-element_type=\"widget\" data-e-type=\"widget\" data-settings=\"{&quot;_animation&quot;:&quot;fadeIn&quot;,&quot;_animation_delay&quot;:1}\" data-widget_type=\"text-editor.default\">\n\t\t\t\t<div class=\"elementor-widget-container\">\n\t\t\t\t\t\t\t\t\t<p>B\u00e1c s\u0129 Jan Young l\u00e0 Gi\u00e1m \u0111\u1ed1c Gi\u00e1m s\u00e1t c\u1ee7a MDVISIT CLINIC. C\u00f4 \u0111\u1ea3m b\u1ea3o r\u1eb1ng c\u00e1c quy tr\u00ecnh v\u00e0 ho\u1ea1t \u0111\u1ed9ng hi\u1ec7u qu\u1ea3 v\u00e0 hi\u1ec7u qu\u1ea3. <\/p>\n<p>Ti\u1ebfn s\u0129 Jan Young c\u0169ng l\u00e0 Gi\u00e1m \u0111\u1ed1c \u0111i\u1ec1u h\u00e0nh c\u1ee7a Qu\u1ef9 Assisi c\u1ee7a Memphis. V\u1edbi kinh nghi\u1ec7m s\u00e2u r\u1ed9ng trong l\u0129nh v\u1ef1c ch\u0103m s\u00f3c s\u1ee9c kh\u1ecfe, gi\u00e1o d\u1ee5c, qu\u00e2n \u0111\u1ed9i v\u00e0 qu\u1ea3n l\u00fd phi l\u1ee3i nhu\u1eadn, Jan th\u00edch tr\u1edf th\u00e0nh m\u1ed9t \u0111\u1ed1i t\u00e1c t\u01b0 t\u01b0\u1edfng, ng\u01b0\u1eddi kh\u00e1m ph\u00e1 c\u00e1c c\u01a1 h\u1ed9i v\u00e0 th\u00e1ch th\u1ee9c \u0111\u1ec3 gi\u00fap t\u1ea1o \u0111i\u1ec1u ki\u1ec7n cho s\u1ef1 thay \u0111\u1ed5i chuy\u1ec3n \u0111\u1ed5i t\u00edch c\u1ef1c \u1edf c\u1ea5p \u0111\u1ed9 c\u00e1 nh\u00e2n, th\u1ec3 ch\u1ebf, c\u1ed9ng \u0111\u1ed3ng v\u00e0 ch\u00ednh s\u00e1ch c\u00f4ng. <\/p>\n\t\t\t\t\t\t\t\t<\/div>\n\t\t\t\t<\/div>\n\t\t\t\t<div class=\"elementor-element elementor-element-fc9b7e5 elementor-widget__width-inherit team_desc elementor-invisible elementor-widget elementor-widget-text-editor\" data-id=\"fc9b7e5\" data-element_type=\"widget\" data-e-type=\"widget\" data-settings=\"{&quot;_animation&quot;:&quot;fadeIn&quot;,&quot;_animation_delay&quot;:1}\" data-widget_type=\"text-editor.default\">\n\t\t\t\t<div class=\"elementor-widget-container\">\n\t\t\t\t\t\t\t\t\tTi\u1ebfn s\u0129 Jan Young \u0111\u00e3 c\u00f3 m\u1ed9t s\u1ef1 nghi\u1ec7p n\u1ed5i b\u1eadt trong gi\u00e1o d\u1ee5c, ch\u0103m s\u00f3c s\u1ee9c kh\u1ecfe, qu\u00e2n \u0111\u1ed9i v\u00e0 t\u1eeb thi\u1ec7n. Hi\u1ec7n t\u1ea1i, v\u1edbi t\u01b0 c\u00e1ch l\u00e0 Gi\u00e1m \u0111\u1ed1c \u0111i\u1ec1u h\u00e0nh c\u1ee7a Qu\u1ef9 Assisi c\u1ee7a Memphis, Ti\u1ebfn s\u0129 Young c\u00f3 tr\u00e1ch nhi\u1ec7m chung trong vi\u1ec7c t\u1ea1o \u0111i\u1ec1u ki\u1ec7n cho c\u00e1c ho\u1ea1t \u0111\u1ed9ng t\u1eeb thi\u1ec7n, qu\u1ea3n l\u00fd, quan h\u1ec7 c\u1ed9ng \u0111\u1ed3ng v\u00e0 \u0111\u1ecbnh h\u01b0\u1edbng chi\u1ebfn l\u01b0\u1ee3c c\u1ee7a Qu\u1ef9. Qu\u1ef9 Assisi l\u00e0 m\u1ed9t qu\u1ef9 di s\u1ea3n y t\u1ebf \u0111\u01b0\u1ee3c t\u1ea1o ra t\u1eeb vi\u1ec7c b\u00e1n B\u1ec7nh vi\u1ec7n St. Francis v\u00e0o n\u0103m 1994. Nhi\u1ec7m v\u1ee5 c\u1ee7a n\u00f3 l\u00e0 t\u1eeb thi\u1ec7n hi\u1ec7u qu\u1ea3. V\u1edbi s\u1ee9 m\u1ec7nh &#8220;t\u1eeb thi\u1ec7n hi\u1ec7u qu\u1ea3&#8221;, Qu\u1ef9 c\u1ed1 g\u1eafng \u0111\u00e1p \u1ee9ng c\u00e1c nhu c\u1ea7u \u0111a d\u1ea1ng c\u1ee7a c\u1ed9ng \u0111\u1ed3ng \u0111\u1ec3 h\u1ed7 tr\u1ee3 s\u1ee9c kh\u1ecfe, h\u1ecdc t\u1eadp su\u1ed1t \u0111\u1eddi, c\u00f4ng b\u1eb1ng x\u00e3 h\u1ed9i v\u00e0 qu\u1ea3n l\u00fd t\u00e0i nguy\u00ean. K\u1ec3 t\u1eeb khi th\u00e0nh l\u1eadp, Qu\u1ef9 \u0111\u00e3 trao h\u01a1n hai tr\u0103m ch\u00edn m\u01b0\u01a1i tri\u1ec7u \u0111\u00f4 la cho c\u00e1c t\u1ed5 ch\u1ee9c phi l\u1ee3i nhu\u1eadn ph\u1ee5c v\u1ee5 ng\u01b0\u1eddi d\u00e2n ch\u1ee7 y\u1ebfu \u1edf Memphis, Tennessee v\u00e0 khu v\u1ef1c t\u00e0u \u0111i\u1ec7n ng\u1ea7m xung quanh. Ti\u1ebfn s\u0129 Young ph\u1ee5c v\u1ee5 v\u1edbi t\u01b0 c\u00e1ch c\u1ed1 v\u1ea5n cho nhi\u1ec1u t\u1ed5 ch\u1ee9c phi l\u1ee3i nhu\u1eadn v\u00e0 l\u00e0 th\u00e0nh vi\u00ean H\u1ed9i \u0111\u1ed3ng qu\u1ea3n tr\u1ecb tr\u01b0\u1edbc \u0111\u00e2y c\u1ee7a Philanthropy Southeast.      \n\t\t\t\t\t\t\t\t<\/div>\n\t\t\t\t<\/div>\n\t\t\t\t<div class=\"elementor-element elementor-element-43d591d elementor-widget__width-inherit team_desc elementor-invisible elementor-widget elementor-widget-text-editor\" data-id=\"43d591d\" data-element_type=\"widget\" data-e-type=\"widget\" data-settings=\"{&quot;_animation&quot;:&quot;fadeIn&quot;,&quot;_animation_delay&quot;:1}\" data-widget_type=\"text-editor.default\">\n\t\t\t\t<div class=\"elementor-widget-container\">\n\t\t\t\t\t\t\t\t\tNgh\u0129a v\u1ee5 qu\u00e2n s\u1ef1 c\u1ee7a Ti\u1ebfn s\u0129 Young b\u1eaft \u0111\u1ea7u v\u1edbi L\u1ef1c l\u01b0\u1ee3ng D\u1ef1 b\u1ecb c\u1ee7a Qu\u00e2n \u0111o\u00e0n \u0110i\u1ec1u d\u01b0\u1ee1ng Qu\u00e2n \u0111\u1ed9i Hoa K\u1ef3 v\u00e0 sau \u0111\u00f3 \u0111\u01b0\u1ee3c chuy\u1ec3n sang L\u1ef1c l\u01b0\u1ee3ng V\u1ec7 binh Qu\u1ed1c gia Kh\u00f4ng qu\u00e2n. C\u00f4 \u0111\u00e3 nh\u1eadn \u0111\u01b0\u1ee3c vinh d\u1ef1 qu\u1ed1c gia c\u1ee7a Y t\u00e1 V\u1ec7 binh Qu\u1ed1c gia Kh\u00f4ng qu\u00e2n Xu\u1ea5t s\u1eafc v\u00e0 l\u00e3nh \u0111\u1ea1o nh\u00f3m nh\u1eadn \u0111\u01b0\u1ee3c Gi\u1ea3i th\u01b0\u1edfng Ch\u01b0\u01a1ng tr\u00ecnh N\u00e2ng cao S\u1ee9c kh\u1ecfe Xu\u1ea5t s\u1eafc \u0111\u1ea7u ti\u00ean c\u1ee7a L\u1ef1c l\u01b0\u1ee3ng V\u1ec7 binh Qu\u1ed1c gia. Sau khi ph\u1ee5c v\u1ee5 trong nhi\u1ec1u vai tr\u00f2 tr\u00e1ch nhi\u1ec7m ti\u1ebfn b\u1ed9, Ti\u1ebfn s\u0129 Young \u0111\u01b0\u1ee3c th\u0103ng c\u1ea5p Chu\u1ea9n t\u01b0\u1edbng v\u00e0 t\u1eebng l\u00e0 C\u1ed1 v\u1ea5n V\u1ec7 binh Qu\u1ed1c gia Kh\u00f4ng qu\u00e2n cho Tr\u1ee3 l\u00fd T\u1ed5ng Ph\u1eabu thu\u1eadt, Kh\u00f4ng qu\u00e2n Hoa K\u1ef3, Ph\u00e1t tri\u1ec3n L\u1ef1c l\u01b0\u1ee3ng Y t\u1ebf v\u00e0 D\u1ecbch v\u1ee5 \u0110i\u1ec1u d\u01b0\u1ee1ng. Trong vai tr\u00f2 \u0111\u00f3, b\u00e0 t\u1eadp trung v\u00e0o c\u00e1c v\u1ea5n \u0111\u1ec1 ch\u00ednh s\u00e1ch qu\u1ed1c gia, ph\u00e2n t\u00edch v\u00e0 \u0111\u00e1nh gi\u00e1. Sau khi ho\u00e0n th\u00e0nh chuy\u1ebfn \u0111i \u0111\u00f3, b\u00e0 \u0111\u01b0\u1ee3c b\u1ed5 nhi\u1ec7m l\u00e0m Tr\u1ee3 l\u00fd Kh\u00f4ng l\u1ef1c V\u1ec7 binh Qu\u1ed1c gia cho B\u1ed9 T\u01b0 l\u1ec7nh Gi\u00e1o d\u1ee5c v\u00e0 Hu\u1ea5n luy\u1ec7n Kh\u00f4ng qu\u00e2n, ngh\u1ec9 h\u01b0u v\u1edbi qu\u00e2n h\u00e0m Thi\u1ebfu t\u01b0\u1edbng.    \n\t\t\t\t\t\t\t\t<\/div>\n\t\t\t\t<\/div>\n\t\t\t\t<\/div>\n\t\t\t\t<\/div>\n\t\t\t\t<\/div>\n\t\t<div class=\"elementor-element elementor-element-d949d3c e-con-full e-flex e-con e-child\" data-id=\"d949d3c\" data-element_type=\"container\" data-e-type=\"container\" data-settings=\"{&quot;jet_parallax_layout_list&quot;:[]}\">\n\t\t\t\t<div class=\"elementor-element elementor-element-12d5796 animated-slow elementor-invisible elementor-widget elementor-widget-image\" data-id=\"12d5796\" data-element_type=\"widget\" data-e-type=\"widget\" data-settings=\"{&quot;_animation&quot;:&quot;fadeInLeft&quot;,&quot;_animation_mobile&quot;:&quot;none&quot;,&quot;_animation_delay&quot;:1.5,&quot;sticky&quot;:&quot;top&quot;,&quot;sticky_on&quot;:[&quot;widescreen&quot;,&quot;desktop&quot;,&quot;tablet&quot;],&quot;sticky_parent&quot;:&quot;yes&quot;,&quot;sticky_offset&quot;:0,&quot;sticky_effects_offset&quot;:0,&quot;sticky_anchor_link_offset&quot;:0}\" data-widget_type=\"image.default\">\n\t\t\t\t<div class=\"elementor-widget-container\">\n\t\t\t\t\t\t\t\t\t\t\t\t\t\t\t<img fetchpriority=\"high\" decoding=\"async\" width=\"500\" height=\"500\" src=\"https:\/\/mdvisitclinic.com\/wp-content\/uploads\/2024\/10\/jan-young-1.jpg\" class=\"attachment-full size-full wp-image-16987\" alt=\"\" srcset=\"https:\/\/mdvisitclinic.com\/wp-content\/uploads\/2024\/10\/jan-young-1.jpg 500w, https:\/\/mdvisitclinic.com\/wp-content\/uploads\/2024\/10\/jan-young-1-300x300.jpg 300w, https:\/\/mdvisitclinic.com\/wp-content\/uploads\/2024\/10\/jan-young-1-150x150.jpg 150w\" sizes=\"(max-width: 500px) 100vw, 500px\" \/>\t\t\t\t\t\t\t\t\t\t\t\t\t\t\t<\/div>\n\t\t\t\t<\/div>\n\t\t\t\t<\/div>\n\t\t\t\t\t<\/div>\n\t\t\t\t<\/div>\n\t\t\t\t<\/div>\n\t\t","protected":false},"excerpt":{"rendered":"<p>Ti\u1ebfn s\u0129 Jan Young Gi\u00e1m \u0111\u1ed1c gi\u00e1m s\u00e1t v\u00e0 Th\u00e0nh vi\u00ean H\u1ed9i \u0111\u1ed3ng qu\u1ea3n tr\u1ecb B\u00e1c s\u0129 Jan Young l\u00e0 Gi\u00e1m \u0111\u1ed1c Gi\u00e1m s\u00e1t c\u1ee7a MDVISIT CLINIC. C\u00f4 \u0111\u1ea3m b\u1ea3o r\u1eb1ng c\u00e1c quy tr\u00ecnh v\u00e0 ho\u1ea1t \u0111\u1ed9ng hi\u1ec7u qu\u1ea3 v\u00e0 hi\u1ec7u qu\u1ea3. Ti\u1ebfn s\u0129 Jan Young c\u0169ng l\u00e0 Gi\u00e1m \u0111\u1ed1c \u0111i\u1ec1u h\u00e0nh c\u1ee7a Qu\u1ef9 Assisi [&hellip;]<\/p>\n","protected":false},"author":9,"featured_media":0,"parent":20956,"menu_order":0,"comment_status":"closed","ping_status":"closed","template":"elementor_header_footer","meta":{"_acf_changed":false,"_coblocks_attr":"","_coblocks_dimensions":"","_coblocks_responsive_height":"","_coblocks_accordion_ie_support":"","hide_page_title":"","footnotes":""},"class_list":["post-20952","page","type-page","status-publish","hentry"],"acf":[],"yoast_head":"<!-- This site is optimized with the Yoast SEO plugin v27.6 - https:\/\/yoast.com\/product\/yoast-seo-wordpress\/ -->\n<title>Jan Young - MDVISIT CLINIC<\/title>\n<meta name=\"robots\" content=\"noindex, follow, max-snippet:-1, max-image-preview:large, max-video-preview:-1\" \/>\n<meta property=\"og:locale\" content=\"vi_VN\" \/>\n<meta property=\"og:type\" content=\"article\" \/>\n<meta property=\"og:title\" content=\"Jan Young - MDVISIT CLINIC\" \/>\n<meta property=\"og:description\" content=\"Ti\u1ebfn s\u0129 Jan Young Gi\u00e1m \u0111\u1ed1c gi\u00e1m s\u00e1t v\u00e0 Th\u00e0nh vi\u00ean H\u1ed9i \u0111\u1ed3ng qu\u1ea3n tr\u1ecb B\u00e1c s\u0129 Jan Young l\u00e0 Gi\u00e1m \u0111\u1ed1c Gi\u00e1m s\u00e1t c\u1ee7a MDVISIT CLINIC. C\u00f4 \u0111\u1ea3m b\u1ea3o r\u1eb1ng c\u00e1c quy tr\u00ecnh v\u00e0 ho\u1ea1t \u0111\u1ed9ng hi\u1ec7u qu\u1ea3 v\u00e0 hi\u1ec7u qu\u1ea3. Ti\u1ebfn s\u0129 Jan Young c\u0169ng l\u00e0 Gi\u00e1m \u0111\u1ed1c \u0111i\u1ec1u h\u00e0nh c\u1ee7a Qu\u1ef9 Assisi [&hellip;]\" \/>\n<meta property=\"og:url\" content=\"https:\/\/mdvisitclinic.com\/vi\/our-team\/jan-young\/\" \/>\n<meta property=\"og:site_name\" content=\"MDVISIT CLINIC\" \/>\n<meta property=\"article:modified_time\" content=\"2024-12-23T09:43:29+00:00\" \/>\n<meta property=\"og:image\" content=\"https:\/\/mdvisitclinic.com\/wp-content\/uploads\/2024\/10\/jan-young-1.jpg\" \/>\n<meta name=\"twitter:card\" content=\"summary_large_image\" \/>\n<meta name=\"twitter:label1\" content=\"Est. reading time\" \/>\n\t<meta name=\"twitter:data1\" content=\"4 minutes\" \/>\n<script type=\"application\/ld+json\" class=\"yoast-schema-graph\">{\"@context\":\"https:\\\/\\\/schema.org\",\"@graph\":[{\"@type\":\"WebPage\",\"@id\":\"https:\\\/\\\/mdvisitclinic.com\\\/vi\\\/our-team\\\/jan-young\\\/\",\"url\":\"https:\\\/\\\/mdvisitclinic.com\\\/vi\\\/our-team\\\/jan-young\\\/\",\"name\":\"Jan Young - MDVISIT CLINIC\",\"isPartOf\":{\"@id\":\"https:\\\/\\\/mdvisitclinic.com\\\/vi\\\/#website\"},\"primaryImageOfPage\":{\"@id\":\"https:\\\/\\\/mdvisitclinic.com\\\/vi\\\/our-team\\\/jan-young\\\/#primaryimage\"},\"image\":{\"@id\":\"https:\\\/\\\/mdvisitclinic.com\\\/vi\\\/our-team\\\/jan-young\\\/#primaryimage\"},\"thumbnailUrl\":\"https:\\\/\\\/mdvisitclinic.com\\\/wp-content\\\/uploads\\\/2024\\\/10\\\/jan-young-1.jpg\",\"datePublished\":\"2024-10-17T08:55:33+00:00\",\"dateModified\":\"2024-12-23T09:43:29+00:00\",\"breadcrumb\":{\"@id\":\"https:\\\/\\\/mdvisitclinic.com\\\/vi\\\/our-team\\\/jan-young\\\/#breadcrumb\"},\"inLanguage\":\"vi-VN\",\"potentialAction\":[{\"@type\":\"ReadAction\",\"target\":[\"https:\\\/\\\/mdvisitclinic.com\\\/vi\\\/our-team\\\/jan-young\\\/\"]}]},{\"@type\":\"ImageObject\",\"inLanguage\":\"vi-VN\",\"@id\":\"https:\\\/\\\/mdvisitclinic.com\\\/vi\\\/our-team\\\/jan-young\\\/#primaryimage\",\"url\":\"https:\\\/\\\/mdvisitclinic.com\\\/wp-content\\\/uploads\\\/2024\\\/10\\\/jan-young-1.jpg\",\"contentUrl\":\"https:\\\/\\\/mdvisitclinic.com\\\/wp-content\\\/uploads\\\/2024\\\/10\\\/jan-young-1.jpg\"},{\"@type\":\"BreadcrumbList\",\"@id\":\"https:\\\/\\\/mdvisitclinic.com\\\/vi\\\/our-team\\\/jan-young\\\/#breadcrumb\",\"itemListElement\":[{\"@type\":\"ListItem\",\"position\":1,\"name\":\"Home\",\"item\":\"https:\\\/\\\/mdvisitclinic.com\\\/vi\\\/\"},{\"@type\":\"ListItem\",\"position\":2,\"name\":\"\u0110\u1ed9i ng\u0169 c\u1ee7a ch\u00fang t\u00f4i\",\"item\":\"https:\\\/\\\/mdvisitclinic.com\\\/vi\\\/our-team\\\/\"},{\"@type\":\"ListItem\",\"position\":3,\"name\":\"Jan Young\"}]},{\"@type\":\"WebSite\",\"@id\":\"https:\\\/\\\/mdvisitclinic.com\\\/vi\\\/#website\",\"url\":\"https:\\\/\\\/mdvisitclinic.com\\\/vi\\\/\",\"name\":\"MDVISIT CLINIC\",\"description\":\"\",\"publisher\":{\"@id\":\"https:\\\/\\\/mdvisitclinic.com\\\/vi\\\/#organization\"},\"potentialAction\":[{\"@type\":\"SearchAction\",\"target\":{\"@type\":\"EntryPoint\",\"urlTemplate\":\"https:\\\/\\\/mdvisitclinic.com\\\/vi\\\/?s={search_term_string}\"},\"query-input\":{\"@type\":\"PropertyValueSpecification\",\"valueRequired\":true,\"valueName\":\"search_term_string\"}}],\"inLanguage\":\"vi-VN\"},{\"@type\":\"Organization\",\"@id\":\"https:\\\/\\\/mdvisitclinic.com\\\/vi\\\/#organization\",\"name\":\"MDVISIT CLINIC\",\"url\":\"https:\\\/\\\/mdvisitclinic.com\\\/vi\\\/\",\"logo\":{\"@type\":\"ImageObject\",\"inLanguage\":\"vi-VN\",\"@id\":\"https:\\\/\\\/mdvisitclinic.com\\\/vi\\\/#\\\/schema\\\/logo\\\/image\\\/\",\"url\":\"https:\\\/\\\/mdvisitclinic.com\\\/wp-content\\\/uploads\\\/2024\\\/03\\\/logo.png\",\"contentUrl\":\"https:\\\/\\\/mdvisitclinic.com\\\/wp-content\\\/uploads\\\/2024\\\/03\\\/logo.png\",\"width\":768,\"height\":118,\"caption\":\"MDVISIT CLINIC\"},\"image\":{\"@id\":\"https:\\\/\\\/mdvisitclinic.com\\\/vi\\\/#\\\/schema\\\/logo\\\/image\\\/\"}}]}<\/script>\n<!-- \/ Yoast SEO plugin. -->","yoast_head_json":{"title":"Jan Young - MDVISIT CLINIC","robots":{"index":"noindex","follow":"follow","max-snippet":"max-snippet:-1","max-image-preview":"max-image-preview:large","max-video-preview":"max-video-preview:-1"},"og_locale":"vi_VN","og_type":"article","og_title":"Jan Young - MDVISIT CLINIC","og_description":"Ti\u1ebfn s\u0129 Jan Young Gi\u00e1m \u0111\u1ed1c gi\u00e1m s\u00e1t v\u00e0 Th\u00e0nh vi\u00ean H\u1ed9i \u0111\u1ed3ng qu\u1ea3n tr\u1ecb B\u00e1c s\u0129 Jan Young l\u00e0 Gi\u00e1m \u0111\u1ed1c Gi\u00e1m s\u00e1t c\u1ee7a MDVISIT CLINIC. C\u00f4 \u0111\u1ea3m b\u1ea3o r\u1eb1ng c\u00e1c quy tr\u00ecnh v\u00e0 ho\u1ea1t \u0111\u1ed9ng hi\u1ec7u qu\u1ea3 v\u00e0 hi\u1ec7u qu\u1ea3. Ti\u1ebfn s\u0129 Jan Young c\u0169ng l\u00e0 Gi\u00e1m \u0111\u1ed1c \u0111i\u1ec1u h\u00e0nh c\u1ee7a Qu\u1ef9 Assisi [&hellip;]","og_url":"https:\/\/mdvisitclinic.com\/vi\/our-team\/jan-young\/","og_site_name":"MDVISIT CLINIC","article_modified_time":"2024-12-23T09:43:29+00:00","og_image":[{"url":"https:\/\/mdvisitclinic.com\/wp-content\/uploads\/2024\/10\/jan-young-1.jpg","type":"","width":"","height":""}],"twitter_card":"summary_large_image","twitter_misc":{"Est. reading time":"4 minutes"},"schema":{"@context":"https:\/\/schema.org","@graph":[{"@type":"WebPage","@id":"https:\/\/mdvisitclinic.com\/vi\/our-team\/jan-young\/","url":"https:\/\/mdvisitclinic.com\/vi\/our-team\/jan-young\/","name":"Jan Young - MDVISIT CLINIC","isPartOf":{"@id":"https:\/\/mdvisitclinic.com\/vi\/#website"},"primaryImageOfPage":{"@id":"https:\/\/mdvisitclinic.com\/vi\/our-team\/jan-young\/#primaryimage"},"image":{"@id":"https:\/\/mdvisitclinic.com\/vi\/our-team\/jan-young\/#primaryimage"},"thumbnailUrl":"https:\/\/mdvisitclinic.com\/wp-content\/uploads\/2024\/10\/jan-young-1.jpg","datePublished":"2024-10-17T08:55:33+00:00","dateModified":"2024-12-23T09:43:29+00:00","breadcrumb":{"@id":"https:\/\/mdvisitclinic.com\/vi\/our-team\/jan-young\/#breadcrumb"},"inLanguage":"vi-VN","potentialAction":[{"@type":"ReadAction","target":["https:\/\/mdvisitclinic.com\/vi\/our-team\/jan-young\/"]}]},{"@type":"ImageObject","inLanguage":"vi-VN","@id":"https:\/\/mdvisitclinic.com\/vi\/our-team\/jan-young\/#primaryimage","url":"https:\/\/mdvisitclinic.com\/wp-content\/uploads\/2024\/10\/jan-young-1.jpg","contentUrl":"https:\/\/mdvisitclinic.com\/wp-content\/uploads\/2024\/10\/jan-young-1.jpg"},{"@type":"BreadcrumbList","@id":"https:\/\/mdvisitclinic.com\/vi\/our-team\/jan-young\/#breadcrumb","itemListElement":[{"@type":"ListItem","position":1,"name":"Home","item":"https:\/\/mdvisitclinic.com\/vi\/"},{"@type":"ListItem","position":2,"name":"\u0110\u1ed9i ng\u0169 c\u1ee7a ch\u00fang t\u00f4i","item":"https:\/\/mdvisitclinic.com\/vi\/our-team\/"},{"@type":"ListItem","position":3,"name":"Jan Young"}]},{"@type":"WebSite","@id":"https:\/\/mdvisitclinic.com\/vi\/#website","url":"https:\/\/mdvisitclinic.com\/vi\/","name":"MDVISIT CLINIC","description":"","publisher":{"@id":"https:\/\/mdvisitclinic.com\/vi\/#organization"},"potentialAction":[{"@type":"SearchAction","target":{"@type":"EntryPoint","urlTemplate":"https:\/\/mdvisitclinic.com\/vi\/?s={search_term_string}"},"query-input":{"@type":"PropertyValueSpecification","valueRequired":true,"valueName":"search_term_string"}}],"inLanguage":"vi-VN"},{"@type":"Organization","@id":"https:\/\/mdvisitclinic.com\/vi\/#organization","name":"MDVISIT CLINIC","url":"https:\/\/mdvisitclinic.com\/vi\/","logo":{"@type":"ImageObject","inLanguage":"vi-VN","@id":"https:\/\/mdvisitclinic.com\/vi\/#\/schema\/logo\/image\/","url":"https:\/\/mdvisitclinic.com\/wp-content\/uploads\/2024\/03\/logo.png","contentUrl":"https:\/\/mdvisitclinic.com\/wp-content\/uploads\/2024\/03\/logo.png","width":768,"height":118,"caption":"MDVISIT CLINIC"},"image":{"@id":"https:\/\/mdvisitclinic.com\/vi\/#\/schema\/logo\/image\/"}}]}},"_links":{"self":[{"href":"https:\/\/mdvisitclinic.com\/vi\/wp-json\/wp\/v2\/pages\/20952","targetHints":{"allow":["GET"]}}],"collection":[{"href":"https:\/\/mdvisitclinic.com\/vi\/wp-json\/wp\/v2\/pages"}],"about":[{"href":"https:\/\/mdvisitclinic.com\/vi\/wp-json\/wp\/v2\/types\/page"}],"author":[{"embeddable":true,"href":"https:\/\/mdvisitclinic.com\/vi\/wp-json\/wp\/v2\/users\/9"}],"replies":[{"embeddable":true,"href":"https:\/\/mdvisitclinic.com\/vi\/wp-json\/wp\/v2\/comments?post=20952"}],"version-history":[{"count":2,"href":"https:\/\/mdvisitclinic.com\/vi\/wp-json\/wp\/v2\/pages\/20952\/revisions"}],"predecessor-version":[{"id":22792,"href":"https:\/\/mdvisitclinic.com\/vi\/wp-json\/wp\/v2\/pages\/20952\/revisions\/22792"}],"up":[{"embeddable":true,"href":"https:\/\/mdvisitclinic.com\/vi\/wp-json\/wp\/v2\/pages\/20956"}],"wp:attachment":[{"href":"https:\/\/mdvisitclinic.com\/vi\/wp-json\/wp\/v2\/media?parent=20952"}],"curies":[{"name":"wp","href":"https:\/\/api.w.org\/{rel}","templated":true}]}}