{"id":20986,"date":"2024-10-24T05:55:15","date_gmt":"2024-10-24T05:55:15","guid":{"rendered":"https:\/\/f55.01f.myftpupload.com\/our-team\/greg-overton\/"},"modified":"2024-12-23T09:43:13","modified_gmt":"2024-12-23T09:43:13","slug":"greg-overton","status":"publish","type":"page","link":"https:\/\/mdvisitclinic.com\/vi\/our-team\/greg-overton\/","title":{"rendered":"Greg Overton"},"content":{"rendered":"\t\t<div data-elementor-type=\"wp-page\" data-elementor-id=\"20986\" class=\"elementor elementor-20986 elementor-17466\" data-elementor-post-type=\"page\">\n\t\t\t\t<div class=\"elementor-element elementor-element-8e82e52 e-flex e-con-boxed e-con e-parent\" data-id=\"8e82e52\" data-element_type=\"container\" data-e-type=\"container\" data-settings=\"{&quot;jet_parallax_layout_list&quot;:[]}\">\n\t\t\t\t\t<div class=\"e-con-inner\">\n\t\t<div class=\"elementor-element elementor-element-feb8f9d e-con-full e-flex e-con e-child\" data-id=\"feb8f9d\" data-element_type=\"container\" data-e-type=\"container\" data-settings=\"{&quot;jet_parallax_layout_list&quot;:[]}\">\n\t\t<div class=\"elementor-element elementor-element-5728d44 e-flex e-con-boxed e-con e-child\" data-id=\"5728d44\" data-element_type=\"container\" data-e-type=\"container\" data-settings=\"{&quot;jet_parallax_layout_list&quot;:[]}\">\n\t\t\t\t\t<div class=\"e-con-inner\">\n\t\t\t\t<div class=\"elementor-element elementor-element-3317493 elementor-invisible elementor-widget elementor-widget-heading\" data-id=\"3317493\" data-element_type=\"widget\" data-e-type=\"widget\" data-settings=\"{&quot;_animation&quot;:&quot;fadeInDown&quot;,&quot;_animation_delay&quot;:0.40000000000000002}\" data-widget_type=\"heading.default\">\n\t\t\t\t<div class=\"elementor-widget-container\">\n\t\t\t\t\t<h1 class=\"elementor-heading-title elementor-size-default\">Greg Overton<\/h1>\t\t\t\t<\/div>\n\t\t\t\t<\/div>\n\t\t\t\t<div class=\"elementor-element elementor-element-32449ca elementor-widget__width-inherit elementor-invisible elementor-widget elementor-widget-heading\" data-id=\"32449ca\" data-element_type=\"widget\" data-e-type=\"widget\" data-settings=\"{&quot;_animation&quot;:&quot;fadeInDown&quot;,&quot;_animation_delay&quot;:0.59999999999999998}\" data-widget_type=\"heading.default\">\n\t\t\t\t<div class=\"elementor-widget-container\">\n\t\t\t\t\t<h6 class=\"elementor-heading-title elementor-size-default\">Gi\u00e1m \u0111\u1ed1c \u0110i\u1ec1u ph\u1ed1i Tr\u01b0\u1eddng h\u1ee3p<\/h6>\t\t\t\t<\/div>\n\t\t\t\t<\/div>\n\t\t\t\t<div class=\"elementor-element elementor-element-1b3bca3 elementor-widget__width-auto elementor-invisible elementor-widget elementor-widget-heading\" data-id=\"1b3bca3\" data-element_type=\"widget\" data-e-type=\"widget\" data-settings=\"{&quot;_animation&quot;:&quot;fadeInDown&quot;,&quot;_animation_delay&quot;:0.80000000000000004}\" data-widget_type=\"heading.default\">\n\t\t\t\t<div class=\"elementor-widget-container\">\n\t\t\t\t\t<p class=\"elementor-heading-title elementor-size-default\"><a href=\"mailto:grego@mdvisitclinic.com\">grego@mdvisitclinic.com<\/a><\/p>\t\t\t\t<\/div>\n\t\t\t\t<\/div>\n\t\t\t\t\t<\/div>\n\t\t\t\t<\/div>\n\t\t<div class=\"elementor-element elementor-element-d5efdff e-con-full e-flex e-con e-child\" data-id=\"d5efdff\" data-element_type=\"container\" data-e-type=\"container\" data-settings=\"{&quot;jet_parallax_layout_list&quot;:[]}\">\n\t\t<div class=\"elementor-element elementor-element-46756f1 e-con-full e-flex e-con e-child\" data-id=\"46756f1\" data-element_type=\"container\" data-e-type=\"container\" data-settings=\"{&quot;jet_parallax_layout_list&quot;:[]}\">\n\t\t\t\t<div class=\"elementor-element elementor-element-455b19a elementor-widget__width-inherit team_desc elementor-invisible elementor-widget elementor-widget-text-editor\" data-id=\"455b19a\" data-element_type=\"widget\" data-e-type=\"widget\" data-settings=\"{&quot;_animation&quot;:&quot;fadeIn&quot;,&quot;_animation_delay&quot;:1}\" data-widget_type=\"text-editor.default\">\n\t\t\t\t<div class=\"elementor-widget-container\">\n\t\t\t\t\t\t\t\t\t<p><strong>Greg Overton<\/strong>, Gi\u00e1m \u0111\u1ed1c \u0110i\u1ec1u ph\u1ed1i Tr\u01b0\u1eddng h\u1ee3p c\u1ee7a MDVISIT CLINIC, \u0111\u00e3 x\u00e2y d\u1ef1ng s\u1ef1 nghi\u1ec7p c\u1ee7a m\u00ecnh xung quanh qu\u1ea3n l\u00fd d\u1ef1 \u00e1n, c\u1ea3i ti\u1ebfn quy tr\u00ecnh ch\u0103m s\u00f3c s\u1ee9c kh\u1ecfe v\u00e0 qu\u1ea3n l\u00fd tr\u01b0\u1eddng h\u1ee3p. \u00d4ng b\u1eaft \u0111\u1ea7u h\u00e0nh tr\u00ecnh ch\u0103m s\u00f3c s\u1ee9c kh\u1ecfe c\u1ee7a m\u00ecnh v\u00e0o n\u0103m 2002 v\u1edbi t\u01b0 c\u00e1ch l\u00e0 Chuy\u00ean gia tri\u1ec3n khai cho NextGen Healthcare, t\u1eadp trung v\u00e0o qu\u1ea3n l\u00fd th\u1ef1c h\u00e0nh v\u00e0 h\u1ec7 th\u1ed1ng h\u1ed3 s\u01a1 y t\u1ebf \u0111i\u1ec7n t\u1eed. <\/p>\n\t\t\t\t\t\t\t\t<\/div>\n\t\t\t\t<\/div>\n\t\t\t\t<div class=\"elementor-element elementor-element-0925ee8 elementor-widget__width-inherit team_desc elementor-invisible elementor-widget elementor-widget-text-editor\" data-id=\"0925ee8\" data-element_type=\"widget\" data-e-type=\"widget\" data-settings=\"{&quot;_animation&quot;:&quot;fadeIn&quot;,&quot;_animation_delay&quot;:1}\" data-widget_type=\"text-editor.default\">\n\t\t\t\t<div class=\"elementor-widget-container\">\n\t\t\t\t\t\t\t\t\t<p>L\u00e0 tr\u01b0\u1edfng nh\u00f3m \u0111i\u1ec1u ph\u1ed1i tr\u01b0\u1eddng h\u1ee3p, Greg cung c\u1ea5p s\u1ef1 gi\u00e1m s\u00e1t v\u00e0 h\u01b0\u1edbng d\u1eabn, \u0111\u1ea3m b\u1ea3o r\u1eb1ng nh\u00f3m cung c\u1ea5p c\u00e1c d\u1ecbch v\u1ee5 ch\u1ea5t l\u01b0\u1ee3ng cao. C\u00f9ng nhau, h\u1ecd \u0111\u00e3 x\u00e1c \u0111\u1ecbnh t\u1ea7m nh\u00ecn, m\u1ee5c \u0111\u00edch v\u00e0 s\u1ee9 m\u1ec7nh sau \u0111\u00e2y cho c\u00e1c d\u1ecbch v\u1ee5 \u0111i\u1ec1u ph\u1ed1i tr\u01b0\u1eddng h\u1ee3p c\u1ee7a h\u1ecd: <\/p>\n\t\t\t\t\t\t\t\t<\/div>\n\t\t\t\t<\/div>\n\t\t\t\t<div class=\"elementor-element elementor-element-dc4c67b elementor-invisible elementor-widget elementor-widget-heading\" data-id=\"dc4c67b\" data-element_type=\"widget\" data-e-type=\"widget\" data-settings=\"{&quot;_animation&quot;:&quot;fadeIn&quot;,&quot;_animation_delay&quot;:1}\" data-widget_type=\"heading.default\">\n\t\t\t\t<div class=\"elementor-widget-container\">\n\t\t\t\t\t<h5 class=\"elementor-heading-title elementor-size-default\">Tuy\u00ean b\u1ed1 t\u1ea7m nh\u00ecn:<\/h5>\t\t\t\t<\/div>\n\t\t\t\t<\/div>\n\t\t\t\t<div class=\"elementor-element elementor-element-421ca5b elementor-widget__width-inherit team_desc elementor-invisible elementor-widget elementor-widget-text-editor\" data-id=\"421ca5b\" data-element_type=\"widget\" data-e-type=\"widget\" data-settings=\"{&quot;_animation&quot;:&quot;fadeIn&quot;,&quot;_animation_delay&quot;:1}\" data-widget_type=\"text-editor.default\">\n\t\t\t\t<div class=\"elementor-widget-container\">\n\t\t\t\t\t\t\t\t\t<p>\u0110\u1ec3 cung c\u1ea5p tr\u1ea3i nghi\u1ec7m du l\u1ecbch y t\u1ebf li\u1ec1n m\u1ea1ch, to\u00e0n di\u1ec7n v\u00e0 kh\u00f4ng c\u0103ng th\u1eb3ng cho b\u1ec7nh nh\u00e2n qu\u1ed1c t\u1ebf, k\u1ebft h\u1ee3p ch\u0103m s\u00f3c s\u1ee9c kh\u1ecfe \u0111\u1eb3ng c\u1ea5p th\u1ebf gi\u1edbi v\u1edbi c\u00e1c d\u1ecbch v\u1ee5 tr\u1ee3 gi\u00fap \u0111\u1eb7c bi\u1ec7t \u0111\u01b0\u1ee3c c\u00e1 nh\u00e2n h\u00f3a ph\u1ee5c v\u1ee5 cho m\u1ecdi nhu c\u1ea7u ri\u00eang c\u1ee7a b\u1ec7nh nh\u00e2n.<\/p>\n\t\t\t\t\t\t\t\t<\/div>\n\t\t\t\t<\/div>\n\t\t\t\t<div class=\"elementor-element elementor-element-26907b3 elementor-invisible elementor-widget elementor-widget-heading\" data-id=\"26907b3\" data-element_type=\"widget\" data-e-type=\"widget\" data-settings=\"{&quot;_animation&quot;:&quot;fadeIn&quot;,&quot;_animation_delay&quot;:1}\" data-widget_type=\"heading.default\">\n\t\t\t\t<div class=\"elementor-widget-container\">\n\t\t\t\t\t<h5 class=\"elementor-heading-title elementor-size-default\">Tuy\u00ean b\u1ed1 m\u1ee5c \u0111\u00edch:<\/h5>\t\t\t\t<\/div>\n\t\t\t\t<\/div>\n\t\t\t\t<div class=\"elementor-element elementor-element-91b6521 elementor-widget__width-inherit team_desc elementor-invisible elementor-widget elementor-widget-text-editor\" data-id=\"91b6521\" data-element_type=\"widget\" data-e-type=\"widget\" data-settings=\"{&quot;_animation&quot;:&quot;fadeIn&quot;,&quot;_animation_delay&quot;:1}\" data-widget_type=\"text-editor.default\">\n\t\t\t\t<div class=\"elementor-widget-container\">\n\t\t\t\t\t\t\t\t\t<p>M\u1ee5c \u0111\u00edch c\u1ee7a ch\u00fang t\u00f4i l\u00e0 \u0111\u1ea3m b\u1ea3o r\u1eb1ng b\u1ec7nh nh\u00e2n \u0111\u1ebfn Hoa K\u1ef3 \u0111\u1ec3 ch\u0103m s\u00f3c y t\u1ebf nh\u1eadn \u0111\u01b0\u1ee3c s\u1ef1 h\u1ed7 tr\u1ee3 to\u00e0n di\u1ec7n ngay t\u1eeb khi h\u1ecd b\u1eaft \u0111\u1ea7u l\u00ean k\u1ebf ho\u1ea1ch cho h\u00e0nh tr\u00ecnh tr\u1edf v\u1ec1 nh\u00e0 an to\u00e0n. Ch\u00fang t\u00f4i mong mu\u1ed1n cung c\u1ea5p s\u1ef1 ph\u1ed1i h\u1ee3p tr\u01b0\u1eddng h\u1ee3p \u0111\u1eb7c bi\u1ec7t gi\u1ea3i quy\u1ebft c\u1ea3 nhu c\u1ea7u y t\u1ebf v\u00e0 c\u00e1 nh\u00e2n c\u1ee7a h\u1ecd, mang l\u1ea1i tr\u1ea3i nghi\u1ec7m t\u00edch h\u1ee3p th\u1ef1c s\u1ef1. <\/p>\n\t\t\t\t\t\t\t\t<\/div>\n\t\t\t\t<\/div>\n\t\t\t\t<div class=\"elementor-element elementor-element-74bbfde elementor-invisible elementor-widget elementor-widget-heading\" data-id=\"74bbfde\" data-element_type=\"widget\" data-e-type=\"widget\" data-settings=\"{&quot;_animation&quot;:&quot;fadeIn&quot;,&quot;_animation_delay&quot;:1}\" data-widget_type=\"heading.default\">\n\t\t\t\t<div class=\"elementor-widget-container\">\n\t\t\t\t\t<h5 class=\"elementor-heading-title elementor-size-default\">Tuy\u00ean b\u1ed1 s\u1ee9 m\u1ec7nh (\u0111\u1ec3 ph\u1ed1i h\u1ee3p tr\u01b0\u1eddng h\u1ee3p):<\/h5>\t\t\t\t<\/div>\n\t\t\t\t<\/div>\n\t\t\t\t<div class=\"elementor-element elementor-element-dd5271e elementor-widget__width-inherit team_desc elementor-invisible elementor-widget elementor-widget-text-editor\" data-id=\"dd5271e\" data-element_type=\"widget\" data-e-type=\"widget\" data-settings=\"{&quot;_animation&quot;:&quot;fadeIn&quot;,&quot;_animation_delay&quot;:1}\" data-widget_type=\"text-editor.default\">\n\t\t\t\t<div class=\"elementor-widget-container\">\n\t\t\t\t\t\t\t\t\t<p>Nhi\u1ec7m v\u1ee5 c\u1ee7a ch\u00fang t\u00f4i trong vi\u1ec7c ph\u1ed1i h\u1ee3p tr\u01b0\u1eddng h\u1ee3p l\u00e0 cung c\u1ea5p d\u1ecbch v\u1ee5 ch\u0103m s\u00f3c v\u00e0 h\u1ed7 tr\u1ee3 t\u00f9y ch\u1ec9nh, tuy\u1ec7t v\u1eddi cho c\u00e1c b\u1ec7nh nh\u00e2n qu\u1ed1c t\u1ebf \u0111ang t\u00ecm ki\u1ebfm \u0111i\u1ec1u tr\u1ecb y t\u1ebf t\u1ea1i Hoa K\u1ef3. \u0110\u01b0\u1ee3c d\u1eabn d\u1eaft b\u1edfi Greg Overton, Gi\u00e1m \u0111\u1ed1c \u0110i\u1ec1u ph\u1ed1i Tr\u01b0\u1eddng h\u1ee3p, nh\u00f3m c\u1ee7a ch\u00fang t\u00f4i \u0111\u1ea3m b\u1ea3o r\u1eb1ng m\u1ecdi nhu c\u1ea7u ch\u0103m s\u00f3c s\u1ee9c kh\u1ecfe, \u0111i l\u1ea1i v\u00e0 gi\u1ea3i tr\u00ed c\u1ee7a b\u1ec7nh nh\u00e2n \u0111\u1ec1u \u0111\u01b0\u1ee3c qu\u1ea3n l\u00fd t\u1ec9 m\u1ec9. Ch\u00fang t\u00f4i x\u1eed l\u00fd to\u00e0n b\u1ed9 h\u00e0nh tr\u00ecnh \u2014 t\u1eeb s\u1eafp x\u1ebfp ch\u0103m s\u00f3c y t\u1ebf v\u1edbi c\u00e1c chuy\u00ean gia h\u00e0ng \u0111\u1ea7u \u0111\u1ebfn t\u1ed5 ch\u1ee9c c\u00e1c ho\u1ea1t \u0111\u1ed9ng du l\u1ecbch, \u0103n \u1edf v\u00e0 gi\u1ea3i tr\u00ed \u2014 \u0111\u1ec3 b\u1ec7nh nh\u00e2n c\u00f3 th\u1ec3 t\u1eadp trung v\u00e0o s\u1ee9c kh\u1ecfe c\u1ee7a h\u1ecd m\u1ed9t c\u00e1ch t\u1ef1 tin v\u00e0 y\u00ean t\u00e2m.  <\/p>\n\t\t\t\t\t\t\t\t<\/div>\n\t\t\t\t<\/div>\n\t\t\t\t<\/div>\n\t\t\t\t<\/div>\n\t\t\t\t<\/div>\n\t\t<div class=\"elementor-element elementor-element-db41f4a e-con-full e-flex e-con e-child\" data-id=\"db41f4a\" data-element_type=\"container\" data-e-type=\"container\" data-settings=\"{&quot;jet_parallax_layout_list&quot;:[]}\">\n\t\t\t\t<div class=\"elementor-element elementor-element-49bfc78 animated-slow elementor-invisible elementor-widget elementor-widget-image\" data-id=\"49bfc78\" data-element_type=\"widget\" data-e-type=\"widget\" data-settings=\"{&quot;_animation&quot;:&quot;fadeInLeft&quot;,&quot;_animation_mobile&quot;:&quot;none&quot;,&quot;_animation_delay&quot;:1.5,&quot;sticky&quot;:&quot;top&quot;,&quot;sticky_on&quot;:[&quot;widescreen&quot;,&quot;desktop&quot;,&quot;tablet&quot;],&quot;sticky_parent&quot;:&quot;yes&quot;,&quot;sticky_offset&quot;:0,&quot;sticky_effects_offset&quot;:0,&quot;sticky_anchor_link_offset&quot;:0}\" data-widget_type=\"image.default\">\n\t\t\t\t<div class=\"elementor-widget-container\">\n\t\t\t\t\t\t\t\t\t\t\t\t\t\t\t<img fetchpriority=\"high\" decoding=\"async\" width=\"407\" height=\"401\" src=\"https:\/\/mdvisitclinic.com\/wp-content\/uploads\/2024\/10\/greg.jpg\" class=\"attachment-full size-full wp-image-16573\" alt=\"\" srcset=\"https:\/\/mdvisitclinic.com\/wp-content\/uploads\/2024\/10\/greg.jpg 407w, https:\/\/mdvisitclinic.com\/wp-content\/uploads\/2024\/10\/greg-300x296.jpg 300w\" sizes=\"(max-width: 407px) 100vw, 407px\" \/>\t\t\t\t\t\t\t\t\t\t\t\t\t\t\t<\/div>\n\t\t\t\t<\/div>\n\t\t\t\t<\/div>\n\t\t\t\t\t<\/div>\n\t\t\t\t<\/div>\n\t\t\t\t<\/div>\n\t\t","protected":false},"excerpt":{"rendered":"<p>Greg Overton Gi\u00e1m \u0111\u1ed1c \u0110i\u1ec1u ph\u1ed1i Tr\u01b0\u1eddng h\u1ee3p grego@mdvisitclinic.com Greg Overton, Gi\u00e1m \u0111\u1ed1c \u0110i\u1ec1u ph\u1ed1i Tr\u01b0\u1eddng h\u1ee3p c\u1ee7a MDVISIT CLINIC, \u0111\u00e3 x\u00e2y d\u1ef1ng s\u1ef1 nghi\u1ec7p c\u1ee7a m\u00ecnh xung quanh qu\u1ea3n l\u00fd d\u1ef1 \u00e1n, c\u1ea3i ti\u1ebfn quy tr\u00ecnh ch\u0103m s\u00f3c s\u1ee9c kh\u1ecfe v\u00e0 qu\u1ea3n l\u00fd tr\u01b0\u1eddng h\u1ee3p. \u00d4ng b\u1eaft \u0111\u1ea7u h\u00e0nh tr\u00ecnh ch\u0103m s\u00f3c s\u1ee9c kh\u1ecfe [&hellip;]<\/p>\n","protected":false},"author":9,"featured_media":0,"parent":20956,"menu_order":0,"comment_status":"closed","ping_status":"closed","template":"elementor_header_footer","meta":{"_acf_changed":false,"_coblocks_attr":"","_coblocks_dimensions":"","_coblocks_responsive_height":"","_coblocks_accordion_ie_support":"","hide_page_title":"","footnotes":""},"class_list":["post-20986","page","type-page","status-publish","hentry"],"acf":[],"yoast_head":"<!-- This site is optimized with the Yoast SEO plugin v27.6 - https:\/\/yoast.com\/product\/yoast-seo-wordpress\/ -->\n<title>Greg Overton - MDVISIT CLINIC<\/title>\n<meta name=\"robots\" content=\"noindex, follow, max-snippet:-1, max-image-preview:large, max-video-preview:-1\" \/>\n<meta property=\"og:locale\" content=\"vi_VN\" \/>\n<meta property=\"og:type\" content=\"article\" \/>\n<meta property=\"og:title\" content=\"Greg Overton - MDVISIT CLINIC\" \/>\n<meta property=\"og:description\" content=\"Greg Overton Gi\u00e1m \u0111\u1ed1c \u0110i\u1ec1u ph\u1ed1i Tr\u01b0\u1eddng h\u1ee3p grego@mdvisitclinic.com Greg Overton, Gi\u00e1m \u0111\u1ed1c \u0110i\u1ec1u ph\u1ed1i Tr\u01b0\u1eddng h\u1ee3p c\u1ee7a MDVISIT CLINIC, \u0111\u00e3 x\u00e2y d\u1ef1ng s\u1ef1 nghi\u1ec7p c\u1ee7a m\u00ecnh xung quanh qu\u1ea3n l\u00fd d\u1ef1 \u00e1n, c\u1ea3i ti\u1ebfn quy tr\u00ecnh ch\u0103m s\u00f3c s\u1ee9c kh\u1ecfe v\u00e0 qu\u1ea3n l\u00fd tr\u01b0\u1eddng h\u1ee3p. \u00d4ng b\u1eaft \u0111\u1ea7u h\u00e0nh tr\u00ecnh ch\u0103m s\u00f3c s\u1ee9c kh\u1ecfe [&hellip;]\" \/>\n<meta property=\"og:url\" content=\"https:\/\/mdvisitclinic.com\/vi\/our-team\/greg-overton\/\" \/>\n<meta property=\"og:site_name\" content=\"MDVISIT CLINIC\" \/>\n<meta property=\"article:modified_time\" content=\"2024-12-23T09:43:13+00:00\" \/>\n<meta property=\"og:image\" content=\"https:\/\/mdvisitclinic.com\/wp-content\/uploads\/2024\/10\/greg.jpg\" \/>\n<meta name=\"twitter:card\" content=\"summary_large_image\" \/>\n<meta name=\"twitter:label1\" content=\"Est. reading time\" \/>\n\t<meta name=\"twitter:data1\" content=\"3 minutes\" \/>\n<script type=\"application\/ld+json\" class=\"yoast-schema-graph\">{\"@context\":\"https:\\\/\\\/schema.org\",\"@graph\":[{\"@type\":\"WebPage\",\"@id\":\"https:\\\/\\\/mdvisitclinic.com\\\/vi\\\/our-team\\\/greg-overton\\\/\",\"url\":\"https:\\\/\\\/mdvisitclinic.com\\\/vi\\\/our-team\\\/greg-overton\\\/\",\"name\":\"Greg Overton - MDVISIT CLINIC\",\"isPartOf\":{\"@id\":\"https:\\\/\\\/mdvisitclinic.com\\\/vi\\\/#website\"},\"primaryImageOfPage\":{\"@id\":\"https:\\\/\\\/mdvisitclinic.com\\\/vi\\\/our-team\\\/greg-overton\\\/#primaryimage\"},\"image\":{\"@id\":\"https:\\\/\\\/mdvisitclinic.com\\\/vi\\\/our-team\\\/greg-overton\\\/#primaryimage\"},\"thumbnailUrl\":\"https:\\\/\\\/mdvisitclinic.com\\\/wp-content\\\/uploads\\\/2024\\\/10\\\/greg.jpg\",\"datePublished\":\"2024-10-24T05:55:15+00:00\",\"dateModified\":\"2024-12-23T09:43:13+00:00\",\"breadcrumb\":{\"@id\":\"https:\\\/\\\/mdvisitclinic.com\\\/vi\\\/our-team\\\/greg-overton\\\/#breadcrumb\"},\"inLanguage\":\"vi-VN\",\"potentialAction\":[{\"@type\":\"ReadAction\",\"target\":[\"https:\\\/\\\/mdvisitclinic.com\\\/vi\\\/our-team\\\/greg-overton\\\/\"]}]},{\"@type\":\"ImageObject\",\"inLanguage\":\"vi-VN\",\"@id\":\"https:\\\/\\\/mdvisitclinic.com\\\/vi\\\/our-team\\\/greg-overton\\\/#primaryimage\",\"url\":\"https:\\\/\\\/mdvisitclinic.com\\\/wp-content\\\/uploads\\\/2024\\\/10\\\/greg.jpg\",\"contentUrl\":\"https:\\\/\\\/mdvisitclinic.com\\\/wp-content\\\/uploads\\\/2024\\\/10\\\/greg.jpg\"},{\"@type\":\"BreadcrumbList\",\"@id\":\"https:\\\/\\\/mdvisitclinic.com\\\/vi\\\/our-team\\\/greg-overton\\\/#breadcrumb\",\"itemListElement\":[{\"@type\":\"ListItem\",\"position\":1,\"name\":\"Home\",\"item\":\"https:\\\/\\\/mdvisitclinic.com\\\/vi\\\/\"},{\"@type\":\"ListItem\",\"position\":2,\"name\":\"\u0110\u1ed9i ng\u0169 c\u1ee7a ch\u00fang t\u00f4i\",\"item\":\"https:\\\/\\\/mdvisitclinic.com\\\/vi\\\/our-team\\\/\"},{\"@type\":\"ListItem\",\"position\":3,\"name\":\"Greg Overton\"}]},{\"@type\":\"WebSite\",\"@id\":\"https:\\\/\\\/mdvisitclinic.com\\\/vi\\\/#website\",\"url\":\"https:\\\/\\\/mdvisitclinic.com\\\/vi\\\/\",\"name\":\"MDVISIT CLINIC\",\"description\":\"\",\"publisher\":{\"@id\":\"https:\\\/\\\/mdvisitclinic.com\\\/vi\\\/#organization\"},\"potentialAction\":[{\"@type\":\"SearchAction\",\"target\":{\"@type\":\"EntryPoint\",\"urlTemplate\":\"https:\\\/\\\/mdvisitclinic.com\\\/vi\\\/?s={search_term_string}\"},\"query-input\":{\"@type\":\"PropertyValueSpecification\",\"valueRequired\":true,\"valueName\":\"search_term_string\"}}],\"inLanguage\":\"vi-VN\"},{\"@type\":\"Organization\",\"@id\":\"https:\\\/\\\/mdvisitclinic.com\\\/vi\\\/#organization\",\"name\":\"MDVISIT CLINIC\",\"url\":\"https:\\\/\\\/mdvisitclinic.com\\\/vi\\\/\",\"logo\":{\"@type\":\"ImageObject\",\"inLanguage\":\"vi-VN\",\"@id\":\"https:\\\/\\\/mdvisitclinic.com\\\/vi\\\/#\\\/schema\\\/logo\\\/image\\\/\",\"url\":\"https:\\\/\\\/mdvisitclinic.com\\\/wp-content\\\/uploads\\\/2024\\\/03\\\/logo.png\",\"contentUrl\":\"https:\\\/\\\/mdvisitclinic.com\\\/wp-content\\\/uploads\\\/2024\\\/03\\\/logo.png\",\"width\":768,\"height\":118,\"caption\":\"MDVISIT CLINIC\"},\"image\":{\"@id\":\"https:\\\/\\\/mdvisitclinic.com\\\/vi\\\/#\\\/schema\\\/logo\\\/image\\\/\"}}]}<\/script>\n<!-- \/ Yoast SEO plugin. -->","yoast_head_json":{"title":"Greg Overton - MDVISIT CLINIC","robots":{"index":"noindex","follow":"follow","max-snippet":"max-snippet:-1","max-image-preview":"max-image-preview:large","max-video-preview":"max-video-preview:-1"},"og_locale":"vi_VN","og_type":"article","og_title":"Greg Overton - MDVISIT CLINIC","og_description":"Greg Overton Gi\u00e1m \u0111\u1ed1c \u0110i\u1ec1u ph\u1ed1i Tr\u01b0\u1eddng h\u1ee3p grego@mdvisitclinic.com Greg Overton, Gi\u00e1m \u0111\u1ed1c \u0110i\u1ec1u ph\u1ed1i Tr\u01b0\u1eddng h\u1ee3p c\u1ee7a MDVISIT CLINIC, \u0111\u00e3 x\u00e2y d\u1ef1ng s\u1ef1 nghi\u1ec7p c\u1ee7a m\u00ecnh xung quanh qu\u1ea3n l\u00fd d\u1ef1 \u00e1n, c\u1ea3i ti\u1ebfn quy tr\u00ecnh ch\u0103m s\u00f3c s\u1ee9c kh\u1ecfe v\u00e0 qu\u1ea3n l\u00fd tr\u01b0\u1eddng h\u1ee3p. \u00d4ng b\u1eaft \u0111\u1ea7u h\u00e0nh tr\u00ecnh ch\u0103m s\u00f3c s\u1ee9c kh\u1ecfe [&hellip;]","og_url":"https:\/\/mdvisitclinic.com\/vi\/our-team\/greg-overton\/","og_site_name":"MDVISIT CLINIC","article_modified_time":"2024-12-23T09:43:13+00:00","og_image":[{"url":"https:\/\/mdvisitclinic.com\/wp-content\/uploads\/2024\/10\/greg.jpg","type":"","width":"","height":""}],"twitter_card":"summary_large_image","twitter_misc":{"Est. reading time":"3 minutes"},"schema":{"@context":"https:\/\/schema.org","@graph":[{"@type":"WebPage","@id":"https:\/\/mdvisitclinic.com\/vi\/our-team\/greg-overton\/","url":"https:\/\/mdvisitclinic.com\/vi\/our-team\/greg-overton\/","name":"Greg Overton - MDVISIT CLINIC","isPartOf":{"@id":"https:\/\/mdvisitclinic.com\/vi\/#website"},"primaryImageOfPage":{"@id":"https:\/\/mdvisitclinic.com\/vi\/our-team\/greg-overton\/#primaryimage"},"image":{"@id":"https:\/\/mdvisitclinic.com\/vi\/our-team\/greg-overton\/#primaryimage"},"thumbnailUrl":"https:\/\/mdvisitclinic.com\/wp-content\/uploads\/2024\/10\/greg.jpg","datePublished":"2024-10-24T05:55:15+00:00","dateModified":"2024-12-23T09:43:13+00:00","breadcrumb":{"@id":"https:\/\/mdvisitclinic.com\/vi\/our-team\/greg-overton\/#breadcrumb"},"inLanguage":"vi-VN","potentialAction":[{"@type":"ReadAction","target":["https:\/\/mdvisitclinic.com\/vi\/our-team\/greg-overton\/"]}]},{"@type":"ImageObject","inLanguage":"vi-VN","@id":"https:\/\/mdvisitclinic.com\/vi\/our-team\/greg-overton\/#primaryimage","url":"https:\/\/mdvisitclinic.com\/wp-content\/uploads\/2024\/10\/greg.jpg","contentUrl":"https:\/\/mdvisitclinic.com\/wp-content\/uploads\/2024\/10\/greg.jpg"},{"@type":"BreadcrumbList","@id":"https:\/\/mdvisitclinic.com\/vi\/our-team\/greg-overton\/#breadcrumb","itemListElement":[{"@type":"ListItem","position":1,"name":"Home","item":"https:\/\/mdvisitclinic.com\/vi\/"},{"@type":"ListItem","position":2,"name":"\u0110\u1ed9i ng\u0169 c\u1ee7a ch\u00fang t\u00f4i","item":"https:\/\/mdvisitclinic.com\/vi\/our-team\/"},{"@type":"ListItem","position":3,"name":"Greg Overton"}]},{"@type":"WebSite","@id":"https:\/\/mdvisitclinic.com\/vi\/#website","url":"https:\/\/mdvisitclinic.com\/vi\/","name":"MDVISIT CLINIC","description":"","publisher":{"@id":"https:\/\/mdvisitclinic.com\/vi\/#organization"},"potentialAction":[{"@type":"SearchAction","target":{"@type":"EntryPoint","urlTemplate":"https:\/\/mdvisitclinic.com\/vi\/?s={search_term_string}"},"query-input":{"@type":"PropertyValueSpecification","valueRequired":true,"valueName":"search_term_string"}}],"inLanguage":"vi-VN"},{"@type":"Organization","@id":"https:\/\/mdvisitclinic.com\/vi\/#organization","name":"MDVISIT CLINIC","url":"https:\/\/mdvisitclinic.com\/vi\/","logo":{"@type":"ImageObject","inLanguage":"vi-VN","@id":"https:\/\/mdvisitclinic.com\/vi\/#\/schema\/logo\/image\/","url":"https:\/\/mdvisitclinic.com\/wp-content\/uploads\/2024\/03\/logo.png","contentUrl":"https:\/\/mdvisitclinic.com\/wp-content\/uploads\/2024\/03\/logo.png","width":768,"height":118,"caption":"MDVISIT CLINIC"},"image":{"@id":"https:\/\/mdvisitclinic.com\/vi\/#\/schema\/logo\/image\/"}}]}},"_links":{"self":[{"href":"https:\/\/mdvisitclinic.com\/vi\/wp-json\/wp\/v2\/pages\/20986","targetHints":{"allow":["GET"]}}],"collection":[{"href":"https:\/\/mdvisitclinic.com\/vi\/wp-json\/wp\/v2\/pages"}],"about":[{"href":"https:\/\/mdvisitclinic.com\/vi\/wp-json\/wp\/v2\/types\/page"}],"author":[{"embeddable":true,"href":"https:\/\/mdvisitclinic.com\/vi\/wp-json\/wp\/v2\/users\/9"}],"replies":[{"embeddable":true,"href":"https:\/\/mdvisitclinic.com\/vi\/wp-json\/wp\/v2\/comments?post=20986"}],"version-history":[{"count":2,"href":"https:\/\/mdvisitclinic.com\/vi\/wp-json\/wp\/v2\/pages\/20986\/revisions"}],"predecessor-version":[{"id":22782,"href":"https:\/\/mdvisitclinic.com\/vi\/wp-json\/wp\/v2\/pages\/20986\/revisions\/22782"}],"up":[{"embeddable":true,"href":"https:\/\/mdvisitclinic.com\/vi\/wp-json\/wp\/v2\/pages\/20956"}],"wp:attachment":[{"href":"https:\/\/mdvisitclinic.com\/vi\/wp-json\/wp\/v2\/media?parent=20986"}],"curies":[{"name":"wp","href":"https:\/\/api.w.org\/{rel}","templated":true}]}}