{"id":20987,"date":"2024-10-24T05:30:44","date_gmt":"2024-10-24T05:30:44","guid":{"rendered":"https:\/\/f55.01f.myftpupload.com\/our-team\/paul-hodge\/"},"modified":"2024-11-29T10:23:22","modified_gmt":"2024-11-29T10:23:22","slug":"paul-hodge","status":"publish","type":"page","link":"https:\/\/mdvisitclinic.com\/vi\/our-team\/paul-hodge\/","title":{"rendered":"Paul Hodge"},"content":{"rendered":"\t\t<div data-elementor-type=\"wp-page\" data-elementor-id=\"20987\" class=\"elementor elementor-20987 elementor-17424\" data-elementor-post-type=\"page\">\n\t\t\t\t<div class=\"elementor-element elementor-element-a838a92 e-flex e-con-boxed e-con e-parent\" data-id=\"a838a92\" data-element_type=\"container\" data-e-type=\"container\" data-settings=\"{&quot;jet_parallax_layout_list&quot;:[]}\">\n\t\t\t\t\t<div class=\"e-con-inner\">\n\t\t<div class=\"elementor-element elementor-element-3769b19 e-con-full e-flex e-con e-child\" data-id=\"3769b19\" data-element_type=\"container\" data-e-type=\"container\" data-settings=\"{&quot;jet_parallax_layout_list&quot;:[]}\">\n\t\t<div class=\"elementor-element elementor-element-6d1711e e-flex e-con-boxed e-con e-child\" data-id=\"6d1711e\" data-element_type=\"container\" data-e-type=\"container\" data-settings=\"{&quot;jet_parallax_layout_list&quot;:[]}\">\n\t\t\t\t\t<div class=\"e-con-inner\">\n\t\t\t\t<div class=\"elementor-element elementor-element-0990eaa elementor-invisible elementor-widget elementor-widget-heading\" data-id=\"0990eaa\" data-element_type=\"widget\" data-e-type=\"widget\" data-settings=\"{&quot;_animation&quot;:&quot;fadeInDown&quot;,&quot;_animation_delay&quot;:0.40000000000000002}\" data-widget_type=\"heading.default\">\n\t\t\t\t<div class=\"elementor-widget-container\">\n\t\t\t\t\t<h1 class=\"elementor-heading-title elementor-size-default\">Paul Hodge<\/h1>\t\t\t\t<\/div>\n\t\t\t\t<\/div>\n\t\t\t\t<div class=\"elementor-element elementor-element-907475e elementor-widget__width-inherit elementor-invisible elementor-widget elementor-widget-heading\" data-id=\"907475e\" data-element_type=\"widget\" data-e-type=\"widget\" data-settings=\"{&quot;_animation&quot;:&quot;fadeInDown&quot;,&quot;_animation_delay&quot;:0.59999999999999998}\" data-widget_type=\"heading.default\">\n\t\t\t\t<div class=\"elementor-widget-container\">\n\t\t\t\t\t<h6 class=\"elementor-heading-title elementor-size-default\">Gi\u00e1m \u0111\u1ed1c \u0111i\u1ec1u h\u00e0nh v\u00e0 Gi\u00e1m \u0111\u1ed1c \u0111\u1ed5i m\u1edbi<\/h6>\t\t\t\t<\/div>\n\t\t\t\t<\/div>\n\t\t\t\t<div class=\"elementor-element elementor-element-0190dc8 elementor-widget__width-auto elementor-invisible elementor-widget elementor-widget-heading\" data-id=\"0190dc8\" data-element_type=\"widget\" data-e-type=\"widget\" data-settings=\"{&quot;_animation&quot;:&quot;fadeInDown&quot;,&quot;_animation_delay&quot;:0.80000000000000004}\" data-widget_type=\"heading.default\">\n\t\t\t\t<div class=\"elementor-widget-container\">\n\t\t\t\t\t<p class=\"elementor-heading-title elementor-size-default\"><a href=\"mailto:paulh@mdvisitclinic.com\">paulh@mdvisitclinic.com<\/a><\/p>\t\t\t\t<\/div>\n\t\t\t\t<\/div>\n\t\t\t\t\t<\/div>\n\t\t\t\t<\/div>\n\t\t<div class=\"elementor-element elementor-element-8e13202 e-con-full e-flex e-con e-child\" data-id=\"8e13202\" data-element_type=\"container\" data-e-type=\"container\" data-settings=\"{&quot;jet_parallax_layout_list&quot;:[]}\">\n\t\t<div class=\"elementor-element elementor-element-1de5040 e-con-full e-flex e-con e-child\" data-id=\"1de5040\" data-element_type=\"container\" data-e-type=\"container\" data-settings=\"{&quot;jet_parallax_layout_list&quot;:[]}\">\n\t\t\t\t<div class=\"elementor-element elementor-element-1e08d51 elementor-widget__width-inherit team_desc elementor-invisible elementor-widget elementor-widget-text-editor\" data-id=\"1e08d51\" data-element_type=\"widget\" data-e-type=\"widget\" data-settings=\"{&quot;_animation&quot;:&quot;fadeIn&quot;,&quot;_animation_delay&quot;:1}\" data-widget_type=\"text-editor.default\">\n\t\t\t\t<div class=\"elementor-widget-container\">\n\t\t\t\t\t\t\t\t\t<p>Paul, ng\u01b0\u1eddi s\u00e1ng l\u1eadp MDVISIT CLINIC v\u00e0 c\u00e1c n\u1ec1n t\u1ea3ng MDVISIT, l\u00e0 m\u1ed9t nh\u00e0 l\u00e3nh \u0111\u1ea1o c\u00f3 t\u1ea7m nh\u00ecn xa trong l\u0129nh v\u1ef1c ch\u0103m s\u00f3c s\u1ee9c kh\u1ecfe t\u1eeb n\u0103m 1997. B\u1eaft \u0111\u1ea7u s\u1ef1 nghi\u1ec7p c\u1ee7a m\u00ecnh v\u1edbi t\u01b0 c\u00e1ch l\u00e0 K\u1ef9 s\u01b0 H\u1ec7 th\u1ed1ng Ch\u0103m s\u00f3c S\u1ee9c kh\u1ecfe c\u1ee7a Microsoft, Paul \u0111\u00e3 ph\u00e1t tri\u1ec3n s\u1ef1 hi\u1ec3u bi\u1ebft s\u00e2u s\u1eafc v\u1ec1 c\u00e1c h\u1ec7 th\u1ed1ng, th\u00e1ch th\u1ee9c v\u00e0 nhu c\u1ea7u ph\u00e1t tri\u1ec3n c\u1ee7a ng\u00e0nh. Chuy\u00ean m\u00f4n c\u1ee7a \u00f4ng bao g\u1ed3m qu\u1ea3n l\u00fd y t\u1ebf, quy \u0111\u1ecbnh ch\u0103m s\u00f3c s\u1ee9c kh\u1ecfe v\u00e0 c\u00f4ng ngh\u1ec7 ti\u00ean ti\u1ebfn. T\u1eadn d\u1ee5ng ki\u1ebfn th\u1ee9c s\u00e2u r\u1ed9ng n\u00e0y, Paul li\u00ean t\u1ee5c t\u00ecm ki\u1ebfm c\u01a1 h\u1ed9i \u0111\u1ec3 n\u00e2ng cao tr\u1ea3i nghi\u1ec7m c\u1ee7a b\u1ec7nh nh\u00e2n b\u1eb1ng c\u00e1ch ph\u00e1t tri\u1ec3n c\u00e1c m\u00f4 h\u00ecnh kinh doanh s\u00e1ng t\u1ea1o v\u00e0 ngu\u1ed3n doanh thu.   <\/p>\n\t\t\t\t\t\t\t\t<\/div>\n\t\t\t\t<\/div>\n\t\t\t\t<div class=\"elementor-element elementor-element-db67fd2 elementor-invisible elementor-widget elementor-widget-heading\" data-id=\"db67fd2\" data-element_type=\"widget\" data-e-type=\"widget\" data-settings=\"{&quot;_animation&quot;:&quot;fadeIn&quot;,&quot;_animation_delay&quot;:1}\" data-widget_type=\"heading.default\">\n\t\t\t\t<div class=\"elementor-widget-container\">\n\t\t\t\t\t<h5 class=\"elementor-heading-title elementor-size-default\">Kinh nghi\u1ec7m l\u00e0m vi\u1ec7c<\/h5>\t\t\t\t<\/div>\n\t\t\t\t<\/div>\n\t\t\t\t<div class=\"elementor-element elementor-element-99d4173 elementor-widget__width-inherit team_desc elementor-invisible elementor-widget elementor-widget-text-editor\" data-id=\"99d4173\" data-element_type=\"widget\" data-e-type=\"widget\" data-settings=\"{&quot;_animation&quot;:&quot;fadeIn&quot;,&quot;_animation_delay&quot;:1}\" data-widget_type=\"text-editor.default\">\n\t\t\t\t<div class=\"elementor-widget-container\">\n\t\t\t\t\t\t\t\t\t<p><strong>CEO\/GI\u00c1M \u0110\u1ed0C \u0110\u1ed4I M\u1edaI 2022 \u0111\u1ebfn nayMDVISIT CLINIC<\/strong><\/p>\n<ul>\n<li>Du l\u1ecbch y t\u1ebf trong n\u01b0\u1edbc to\u00e0n c\u1ea7u c\u1ee7a Hoa K\u1ef3<\/li>\n<li>Ch\u1ec9nh h\u00ecnh, ph\u1eabu thu\u1eadt th\u1ea7n kinh, \u0111i\u1ec1u tr\u1ecb ung th\u01b0, ch\u0103m s\u00f3c tim m\u1ea1ch, ph\u1eabu thu\u1eadt mi\u1ec7ng.<\/li>\n<li>Nh\u00e2n vi\u00ean tr\u1ee3 gi\u00fap y t\u1ebf sang tr\u1ecdng<\/li>\n<li>D\u1ecbch v\u1ee5 v\u1eadn chuy\u1ec3n kh\u00e1ch du l\u1ecbch sang tr\u1ecdng<\/li>\n<\/ul>\n\t\t\t\t\t\t\t\t<\/div>\n\t\t\t\t<\/div>\n\t\t\t\t<div class=\"elementor-element elementor-element-7b7bc5f elementor-widget__width-inherit team_desc elementor-invisible elementor-widget elementor-widget-text-editor\" data-id=\"7b7bc5f\" data-element_type=\"widget\" data-e-type=\"widget\" data-settings=\"{&quot;_animation&quot;:&quot;fadeIn&quot;,&quot;_animation_delay&quot;:1}\" data-widget_type=\"text-editor.default\">\n\t\t\t\t<div class=\"elementor-widget-container\">\n\t\t\t\t\t\t\t\t\t<p><strong>CEO\/GI\u00c1M \u0110\u1ed0C \u0110\u1ed4I M\u1edaI 2016 \u0111\u1ebfn nayMDVISIT<\/strong><\/p>\n<ul>\n<li>C\u00f4ng Ty Ph\u00f2ng Kh\u00e1m Y T\u1ebf<\/li>\n<li>Ch\u0103m s\u00f3c ban \u0111\u1ea7u, Ch\u0103m s\u00f3c \u0111\u1eb7c bi\u1ec7t, Ch\u0103m s\u00f3c to\u00e0n di\u1ec7n v\u00e0 Ch\u0103m s\u00f3c dinh d\u01b0\u1ee1ng \/ th\u1ec3 d\u1ee5c<\/li>\n<li>Ph\u00f2ng kh\u00e1m tr\u1ef1c tuy\u1ebfn, Ph\u00f2ng kh\u00e1m t\u1ea1i ch\u1ed7, Ph\u00f2ng kh\u00e1m tr\u1ef1c ti\u1ebfp, Cu\u1ed9c g\u1ecdi t\u1ea1i nh\u00e0<\/li>\n<li>M\u1eb7t ti\u1ec1n c\u1eeda h\u00e0ng internet duy nh\u1ea5t cho t\u1ea5t c\u1ea3 c\u00e1c nhu c\u1ea7u ch\u0103m s\u00f3c s\u1ee9c kh\u1ecfe l\u01b0u \u0111\u1ed9ng<\/li>\n<li>B2B v\u00e0 C2B<\/li>\n<li>H\u1ee3p \u0111\u1ed3ng tr\u1ef1c ti\u1ebfp v\u00e0 qu\u1ea3n l\u00fd \u0111\u1ea7y \u0111\u1ee7 c\u00e1c d\u1ecbch v\u1ee5 cho c\u00e1c ph\u00f2ng kh\u00e1m y t\u1ebf &#8211; \u0111\u01b0\u1ee3c ph\u1ee5c v\u1ee5 th\u00f4ng qua C\u1ed5ng th\u00f4ng tin Trung t\u00e2m Y t\u1ebf MDVISIT.<\/li>\n<li>H\u1ee3p \u0111\u1ed3ng tr\u1ef1c ti\u1ebfp v\u1edbi c\u00e1c c\u00f4ng ty \u2013 ng\u01b0\u1eddi s\u1eed d\u1ee5ng lao \u0111\u1ed9ng \u2013 ph\u00f2ng kh\u00e1m y t\u1ebf t\u1ea1i ch\u1ed7 v\u00e0 ch\u0103m s\u00f3c s\u1ee9c kh\u1ecfe phi t\u1eadp trung cho t\u1ea5t c\u1ea3 nh\u00e2n vi\u00ean \u2013 c\u00e1c d\u1ecbch v\u1ee5 th\u00f4ng qua C\u1ed5ng th\u00f4ng tin c\u00f4ng ty MDVISIT.<\/li>\n<li>D\u1ecbch v\u1ee5 tr\u1ef1c ti\u1ebfp cho nh\u00e2n vi\u00ean, t\u1ea5t c\u1ea3 \u0111\u1ec1u tr\u1edf th\u00e0nh kh\u00e1ch h\u00e0ng tr\u1ef1c ti\u1ebfp c\u1ee7a MDVISIT l\u00e0 c\u00e1c d\u1ecbch v\u1ee5 theo Th\u1ecfa thu\u1eadn \u0110i\u1ec1u kho\u1ea3n D\u1ecbch v\u1ee5 ph\u1ea7n m\u1ec1m \u2013 \u0111\u01b0\u1ee3c ph\u1ee5c v\u1ee5 th\u00f4ng qua C\u1ed5ng th\u00f4ng tin kh\u00e1ch h\u00e0ng MDVISIT.<\/li>\n<\/ul>\n\t\t\t\t\t\t\t\t<\/div>\n\t\t\t\t<\/div>\n\t\t\t\t<div class=\"elementor-element elementor-element-789cedd elementor-widget__width-inherit team_desc elementor-invisible elementor-widget elementor-widget-text-editor\" data-id=\"789cedd\" data-element_type=\"widget\" data-e-type=\"widget\" data-settings=\"{&quot;_animation&quot;:&quot;fadeIn&quot;,&quot;_animation_delay&quot;:1}\" data-widget_type=\"text-editor.default\">\n\t\t\t\t<div class=\"elementor-widget-container\">\n\t\t\t\t\t\t\t\t\t<p><strong>CEO\/CH\u1ee6 T\u1ecaCH (NG\u01af\u1edcI S\u00c1NG L\u1eacP)\/1997-2016<\/strong><\/p>\n<p>Giao di\u1ec7n H\u1ec7 th\u1ed1ng th\u00f4ng tin ch\u0103m s\u00f3c s\u1ee9c kh\u1ecfe (IHIS) +<\/p>\n<ul>\n<li>Ra m\u1eaft v\u1edbi t\u01b0 c\u00e1ch l\u00e0 \u0110\u1ed1i t\u00e1c Kinh doanh c\u1ee7a IBM; IBM \u0111\u00e3 gi\u1edbi thi\u1ec7u t\u00f4i v\u1edbi NextGen Healthcare, m\u1ed9t c\u00f4ng ty h\u1ed3 s\u01a1 y t\u1ebf \u0111i\u1ec7n t\u1eed t\u01b0 nh\u00e2n v\u1edbi doanh thu kho\u1ea3ng 5 tri\u1ec7u \u0111\u00f4 la; Cu\u1ed1i c\u00f9ng, NextGen \u0111\u00e3 ph\u00e1t h\u00e0nh IPO, NASDAQ: QSII, hi\u1ec7n c\u00f3 v\u1ed1n h\u00f3a th\u1ecb tr\u01b0\u1eddng l\u00e0 1,25 t\u1ef7 \u0111\u00f4 la. T\u00f4i \u0111\u00e3 tr\u1edf th\u00e0nh \u0111\u1ea1i l\u00fd b\u00e1n l\u1ebb s\u1ed1 1 c\u1ee7a NextGen v\u1edbi l\u00e3nh th\u1ed5 l\u1edbn nh\u1ea5t so v\u1edbi b\u1ea5t k\u1ef3 \u0111\u1ea1i l\u00fd n\u00e0o c\u1ee7a h\u1ecd &#8211; t\u1ea5t c\u1ea3 50 ti\u1ec3u bang.<\/li>\n<li>Ch\u1ecbu tr\u00e1ch nhi\u1ec7m cho 8% doanh thu c\u00f4ng ty c\u1ee7a h\u1ecd t\u1eeb n\u0103m 1997 \u0111\u1ebfn n\u0103m 2006.<\/li>\n<li>Mua v\u00e0 sau \u0111\u00f3 n\u00e2ng c\u1ea5p trung t\u00e2m d\u1eef li\u1ec7u c\u1ee7a Entergy (2003), trong \u0111\u00f3 ch\u00fang t\u00f4i tr\u1edf th\u00e0nh Nh\u00e0 cung c\u1ea5p d\u1ecbch v\u1ee5 \u1ee9ng d\u1ee5ng (ASP) trong ng\u00e0nh ch\u0103m s\u00f3c s\u1ee9c kh\u1ecfe; c\u1ea7n thi\u1ebft \u0111\u1ec3 h\u1ed7 tr\u1ee3 qu\u00e1 tr\u00ecnh chuy\u1ec3n \u0111\u1ed5i t\u1eeb m\u1ea1ng m\u00e1y kh\u00e1ch-m\u00e1y ch\u1ee7 sang m\u1ea1ng d\u1ef1a tr\u00ean \u0111\u00e1m m\u00e2y<\/li>\n<li>170+ ph\u00f2ng kh\u00e1m y t\u1ebf v\u00e0 c\u00e1c t\u1ed5 ch\u1ee9c \u0111a chuy\u00ean khoa (MSO) t\u1ea1i 14 ti\u1ec3u bang<\/li>\n<li>H\u1ec7 th\u1ed1ng th\u00f4ng tin bao g\u1ed3m 1) qu\u1ea3n l\u00fd h\u00e0nh ngh\u1ec1, 2) h\u1ed3 s\u01a1 y t\u1ebf \u0111i\u1ec7n t\u1eed v\u00e0 3) qu\u1ea3n l\u00fd s\u1ee9c kh\u1ecfe d\u00e2n s\u1ed1.   <\/li>\n<\/ul>\n\t\t\t\t\t\t\t\t<\/div>\n\t\t\t\t<\/div>\n\t\t\t\t<div class=\"elementor-element elementor-element-d1d42a1 elementor-widget__width-inherit team_desc elementor-invisible elementor-widget elementor-widget-text-editor\" data-id=\"d1d42a1\" data-element_type=\"widget\" data-e-type=\"widget\" data-settings=\"{&quot;_animation&quot;:&quot;fadeIn&quot;,&quot;_animation_delay&quot;:1}\" data-widget_type=\"text-editor.default\">\n\t\t\t\t<div class=\"elementor-widget-container\">\n\t\t\t\t\t\t\t\t\t<p><strong>GI\u00c1O D\u1ee4C<\/strong><\/p>\n<ul>\n<li>C\u1eed nh\u00e2n Qu\u1ea3n tr\u1ecb Kinh doanh T\u00e0i ch\u00ednh, \u0110\u1ea1i h\u1ecdc Arkansas 2013 &#8211; t\u1eadp trung v\u00e0o ph\u00e2n t\u00edch v\u1ed1n ch\u1ee7 s\u1edf h\u1eefu SaaS.<\/li>\n<li>Qu\u1ea3n l\u00fd BBA ch\u01b0a ho\u00e0n th\u00e0nh (c\u1ea7n th\u00eam 8 gi\u1edd)<\/li>\n<li>K\u1ef9 s\u01b0 h\u1ec7 th\u1ed1ng \u0111\u01b0\u1ee3c ch\u1ee9ng nh\u1eadn c\u1ee7a Microsoft (1996 &#8211; 1997)<\/li>\n<li>Dale Carnegie: \u0110\u00e0o t\u1ea1o b\u00e1n h\u00e0ng &amp;; Truy\u1ec1n th\u00f4ng hi\u1ec7u qu\u1ea3 (1983, 1984, 1992)<\/li>\n<\/ul>\n\t\t\t\t\t\t\t\t<\/div>\n\t\t\t\t<\/div>\n\t\t\t\t<div class=\"elementor-element elementor-element-bcf13df elementor-widget__width-inherit team_desc elementor-invisible elementor-widget elementor-widget-text-editor\" data-id=\"bcf13df\" data-element_type=\"widget\" data-e-type=\"widget\" data-settings=\"{&quot;_animation&quot;:&quot;fadeIn&quot;,&quot;_animation_delay&quot;:1}\" data-widget_type=\"text-editor.default\">\n\t\t\t\t<div class=\"elementor-widget-container\">\n\t\t\t\t\t\t\t\t\t<p><strong>C\u1ed8NG \u0110\u1ed2NG<\/strong><\/p>\n<ul>\n<li>H\u1ed9i th\u1ea3o Thi\u1ebft k\u1ebf Cu\u1ed9c s\u1ed1ng (hu\u1ea5n luy\u1ec7n vi\u00ean \/ ng\u01b0\u1eddi h\u01b0\u1edbng d\u1eabn) 1995 &#8211; 1997, 2004 v\u00e0 2005<\/li>\n<li>Aha! Quy tr\u00ecnh &#8211; C\u1ea7u n\u1ed1i tho\u00e1t ngh\u00e8o (hu\u1ea5n luy\u1ec7n vi\u00ean \/ ng\u01b0\u1eddi h\u01b0\u1edbng d\u1eabn) 2013 \u0111\u1ebfn nay <\/li>\n<\/ul>\n\t\t\t\t\t\t\t\t<\/div>\n\t\t\t\t<\/div>\n\t\t\t\t<\/div>\n\t\t\t\t<\/div>\n\t\t\t\t<\/div>\n\t\t<div class=\"elementor-element elementor-element-c1da698 e-con-full e-flex e-con e-child\" data-id=\"c1da698\" data-element_type=\"container\" data-e-type=\"container\" data-settings=\"{&quot;jet_parallax_layout_list&quot;:[]}\">\n\t\t\t\t<div class=\"elementor-element elementor-element-a821f4e animated-slow elementor-invisible elementor-widget elementor-widget-image\" data-id=\"a821f4e\" data-element_type=\"widget\" data-e-type=\"widget\" data-settings=\"{&quot;_animation&quot;:&quot;fadeInLeft&quot;,&quot;_animation_mobile&quot;:&quot;none&quot;,&quot;_animation_delay&quot;:1.5,&quot;sticky&quot;:&quot;top&quot;,&quot;sticky_on&quot;:[&quot;widescreen&quot;,&quot;desktop&quot;,&quot;tablet&quot;],&quot;sticky_parent&quot;:&quot;yes&quot;,&quot;sticky_offset&quot;:0,&quot;sticky_effects_offset&quot;:0,&quot;sticky_anchor_link_offset&quot;:0}\" data-widget_type=\"image.default\">\n\t\t\t\t<div class=\"elementor-widget-container\">\n\t\t\t\t\t\t\t\t\t\t\t\t\t\t\t<img fetchpriority=\"high\" decoding=\"async\" width=\"768\" height=\"1024\" src=\"https:\/\/mdvisitclinic.com\/wp-content\/uploads\/2024\/11\/paul-fullsize.jpg\" class=\"attachment-full size-full wp-image-21858\" alt=\"\" srcset=\"https:\/\/mdvisitclinic.com\/wp-content\/uploads\/2024\/11\/paul-fullsize.jpg 768w, https:\/\/mdvisitclinic.com\/wp-content\/uploads\/2024\/11\/paul-fullsize-225x300.jpg 225w\" sizes=\"(max-width: 768px) 100vw, 768px\" \/>\t\t\t\t\t\t\t\t\t\t\t\t\t\t\t<\/div>\n\t\t\t\t<\/div>\n\t\t\t\t<\/div>\n\t\t\t\t\t<\/div>\n\t\t\t\t<\/div>\n\t\t\t\t<\/div>\n\t\t","protected":false},"excerpt":{"rendered":"<p>Paul Hodge Gi\u00e1m \u0111\u1ed1c \u0111i\u1ec1u h\u00e0nh v\u00e0 Gi\u00e1m \u0111\u1ed1c \u0111\u1ed5i m\u1edbi paulh@mdvisitclinic.com Paul, ng\u01b0\u1eddi s\u00e1ng l\u1eadp MDVISIT CLINIC v\u00e0 c\u00e1c n\u1ec1n t\u1ea3ng MDVISIT, l\u00e0 m\u1ed9t nh\u00e0 l\u00e3nh \u0111\u1ea1o c\u00f3 t\u1ea7m nh\u00ecn xa trong l\u0129nh v\u1ef1c ch\u0103m s\u00f3c s\u1ee9c kh\u1ecfe t\u1eeb n\u0103m 1997. B\u1eaft \u0111\u1ea7u s\u1ef1 nghi\u1ec7p c\u1ee7a m\u00ecnh v\u1edbi t\u01b0 c\u00e1ch l\u00e0 K\u1ef9 s\u01b0 H\u1ec7 [&hellip;]<\/p>\n","protected":false},"author":9,"featured_media":0,"parent":20956,"menu_order":0,"comment_status":"closed","ping_status":"closed","template":"elementor_header_footer","meta":{"_acf_changed":false,"_coblocks_attr":"","_coblocks_dimensions":"","_coblocks_responsive_height":"","_coblocks_accordion_ie_support":"","hide_page_title":"","footnotes":""},"class_list":["post-20987","page","type-page","status-publish","hentry"],"acf":[],"yoast_head":"<!-- This site is optimized with the Yoast SEO plugin v27.6 - https:\/\/yoast.com\/product\/yoast-seo-wordpress\/ -->\n<title>Paul Hodge - MDVISIT CLINIC<\/title>\n<meta name=\"robots\" content=\"noindex, follow, max-snippet:-1, max-image-preview:large, max-video-preview:-1\" \/>\n<meta property=\"og:locale\" content=\"vi_VN\" \/>\n<meta property=\"og:type\" content=\"article\" \/>\n<meta property=\"og:title\" content=\"Paul Hodge - MDVISIT CLINIC\" \/>\n<meta property=\"og:description\" content=\"Paul Hodge Gi\u00e1m \u0111\u1ed1c \u0111i\u1ec1u h\u00e0nh v\u00e0 Gi\u00e1m \u0111\u1ed1c \u0111\u1ed5i m\u1edbi paulh@mdvisitclinic.com Paul, ng\u01b0\u1eddi s\u00e1ng l\u1eadp MDVISIT CLINIC v\u00e0 c\u00e1c n\u1ec1n t\u1ea3ng MDVISIT, l\u00e0 m\u1ed9t nh\u00e0 l\u00e3nh \u0111\u1ea1o c\u00f3 t\u1ea7m nh\u00ecn xa trong l\u0129nh v\u1ef1c ch\u0103m s\u00f3c s\u1ee9c kh\u1ecfe t\u1eeb n\u0103m 1997. B\u1eaft \u0111\u1ea7u s\u1ef1 nghi\u1ec7p c\u1ee7a m\u00ecnh v\u1edbi t\u01b0 c\u00e1ch l\u00e0 K\u1ef9 s\u01b0 H\u1ec7 [&hellip;]\" \/>\n<meta property=\"og:url\" content=\"https:\/\/mdvisitclinic.com\/vi\/our-team\/paul-hodge\/\" \/>\n<meta property=\"og:site_name\" content=\"MDVISIT CLINIC\" \/>\n<meta property=\"article:modified_time\" content=\"2024-11-29T10:23:22+00:00\" \/>\n<meta property=\"og:image\" content=\"https:\/\/f55.01f.myftpupload.com\/wp-content\/uploads\/2024\/11\/paul-fullsize.jpg\" \/>\n<meta name=\"twitter:card\" content=\"summary_large_image\" \/>\n<meta name=\"twitter:label1\" content=\"Est. reading time\" \/>\n\t<meta name=\"twitter:data1\" content=\"5 minutes\" \/>\n<script type=\"application\/ld+json\" class=\"yoast-schema-graph\">{\"@context\":\"https:\\\/\\\/schema.org\",\"@graph\":[{\"@type\":\"WebPage\",\"@id\":\"https:\\\/\\\/mdvisitclinic.com\\\/vi\\\/our-team\\\/paul-hodge\\\/\",\"url\":\"https:\\\/\\\/mdvisitclinic.com\\\/vi\\\/our-team\\\/paul-hodge\\\/\",\"name\":\"Paul Hodge - MDVISIT CLINIC\",\"isPartOf\":{\"@id\":\"https:\\\/\\\/mdvisitclinic.com\\\/vi\\\/#website\"},\"primaryImageOfPage\":{\"@id\":\"https:\\\/\\\/mdvisitclinic.com\\\/vi\\\/our-team\\\/paul-hodge\\\/#primaryimage\"},\"image\":{\"@id\":\"https:\\\/\\\/mdvisitclinic.com\\\/vi\\\/our-team\\\/paul-hodge\\\/#primaryimage\"},\"thumbnailUrl\":\"https:\\\/\\\/f55.01f.myftpupload.com\\\/wp-content\\\/uploads\\\/2024\\\/11\\\/paul-fullsize.jpg\",\"datePublished\":\"2024-10-24T05:30:44+00:00\",\"dateModified\":\"2024-11-29T10:23:22+00:00\",\"breadcrumb\":{\"@id\":\"https:\\\/\\\/mdvisitclinic.com\\\/vi\\\/our-team\\\/paul-hodge\\\/#breadcrumb\"},\"inLanguage\":\"vi-VN\",\"potentialAction\":[{\"@type\":\"ReadAction\",\"target\":[\"https:\\\/\\\/mdvisitclinic.com\\\/vi\\\/our-team\\\/paul-hodge\\\/\"]}]},{\"@type\":\"ImageObject\",\"inLanguage\":\"vi-VN\",\"@id\":\"https:\\\/\\\/mdvisitclinic.com\\\/vi\\\/our-team\\\/paul-hodge\\\/#primaryimage\",\"url\":\"https:\\\/\\\/f55.01f.myftpupload.com\\\/wp-content\\\/uploads\\\/2024\\\/11\\\/paul-fullsize.jpg\",\"contentUrl\":\"https:\\\/\\\/f55.01f.myftpupload.com\\\/wp-content\\\/uploads\\\/2024\\\/11\\\/paul-fullsize.jpg\"},{\"@type\":\"BreadcrumbList\",\"@id\":\"https:\\\/\\\/mdvisitclinic.com\\\/vi\\\/our-team\\\/paul-hodge\\\/#breadcrumb\",\"itemListElement\":[{\"@type\":\"ListItem\",\"position\":1,\"name\":\"Home\",\"item\":\"https:\\\/\\\/mdvisitclinic.com\\\/vi\\\/\"},{\"@type\":\"ListItem\",\"position\":2,\"name\":\"\u0110\u1ed9i ng\u0169 c\u1ee7a ch\u00fang t\u00f4i\",\"item\":\"https:\\\/\\\/mdvisitclinic.com\\\/vi\\\/our-team\\\/\"},{\"@type\":\"ListItem\",\"position\":3,\"name\":\"Paul Hodge\"}]},{\"@type\":\"WebSite\",\"@id\":\"https:\\\/\\\/mdvisitclinic.com\\\/vi\\\/#website\",\"url\":\"https:\\\/\\\/mdvisitclinic.com\\\/vi\\\/\",\"name\":\"MDVISIT CLINIC\",\"description\":\"\",\"publisher\":{\"@id\":\"https:\\\/\\\/mdvisitclinic.com\\\/vi\\\/#organization\"},\"potentialAction\":[{\"@type\":\"SearchAction\",\"target\":{\"@type\":\"EntryPoint\",\"urlTemplate\":\"https:\\\/\\\/mdvisitclinic.com\\\/vi\\\/?s={search_term_string}\"},\"query-input\":{\"@type\":\"PropertyValueSpecification\",\"valueRequired\":true,\"valueName\":\"search_term_string\"}}],\"inLanguage\":\"vi-VN\"},{\"@type\":\"Organization\",\"@id\":\"https:\\\/\\\/mdvisitclinic.com\\\/vi\\\/#organization\",\"name\":\"MDVISIT CLINIC\",\"url\":\"https:\\\/\\\/mdvisitclinic.com\\\/vi\\\/\",\"logo\":{\"@type\":\"ImageObject\",\"inLanguage\":\"vi-VN\",\"@id\":\"https:\\\/\\\/mdvisitclinic.com\\\/vi\\\/#\\\/schema\\\/logo\\\/image\\\/\",\"url\":\"https:\\\/\\\/mdvisitclinic.com\\\/wp-content\\\/uploads\\\/2024\\\/03\\\/logo.png\",\"contentUrl\":\"https:\\\/\\\/mdvisitclinic.com\\\/wp-content\\\/uploads\\\/2024\\\/03\\\/logo.png\",\"width\":768,\"height\":118,\"caption\":\"MDVISIT CLINIC\"},\"image\":{\"@id\":\"https:\\\/\\\/mdvisitclinic.com\\\/vi\\\/#\\\/schema\\\/logo\\\/image\\\/\"}}]}<\/script>\n<!-- \/ Yoast SEO plugin. -->","yoast_head_json":{"title":"Paul Hodge - MDVISIT CLINIC","robots":{"index":"noindex","follow":"follow","max-snippet":"max-snippet:-1","max-image-preview":"max-image-preview:large","max-video-preview":"max-video-preview:-1"},"og_locale":"vi_VN","og_type":"article","og_title":"Paul Hodge - MDVISIT CLINIC","og_description":"Paul Hodge Gi\u00e1m \u0111\u1ed1c \u0111i\u1ec1u h\u00e0nh v\u00e0 Gi\u00e1m \u0111\u1ed1c \u0111\u1ed5i m\u1edbi paulh@mdvisitclinic.com Paul, ng\u01b0\u1eddi s\u00e1ng l\u1eadp MDVISIT CLINIC v\u00e0 c\u00e1c n\u1ec1n t\u1ea3ng MDVISIT, l\u00e0 m\u1ed9t nh\u00e0 l\u00e3nh \u0111\u1ea1o c\u00f3 t\u1ea7m nh\u00ecn xa trong l\u0129nh v\u1ef1c ch\u0103m s\u00f3c s\u1ee9c kh\u1ecfe t\u1eeb n\u0103m 1997. B\u1eaft \u0111\u1ea7u s\u1ef1 nghi\u1ec7p c\u1ee7a m\u00ecnh v\u1edbi t\u01b0 c\u00e1ch l\u00e0 K\u1ef9 s\u01b0 H\u1ec7 [&hellip;]","og_url":"https:\/\/mdvisitclinic.com\/vi\/our-team\/paul-hodge\/","og_site_name":"MDVISIT CLINIC","article_modified_time":"2024-11-29T10:23:22+00:00","og_image":[{"url":"https:\/\/f55.01f.myftpupload.com\/wp-content\/uploads\/2024\/11\/paul-fullsize.jpg","type":"","width":"","height":""}],"twitter_card":"summary_large_image","twitter_misc":{"Est. reading time":"5 minutes"},"schema":{"@context":"https:\/\/schema.org","@graph":[{"@type":"WebPage","@id":"https:\/\/mdvisitclinic.com\/vi\/our-team\/paul-hodge\/","url":"https:\/\/mdvisitclinic.com\/vi\/our-team\/paul-hodge\/","name":"Paul Hodge - MDVISIT CLINIC","isPartOf":{"@id":"https:\/\/mdvisitclinic.com\/vi\/#website"},"primaryImageOfPage":{"@id":"https:\/\/mdvisitclinic.com\/vi\/our-team\/paul-hodge\/#primaryimage"},"image":{"@id":"https:\/\/mdvisitclinic.com\/vi\/our-team\/paul-hodge\/#primaryimage"},"thumbnailUrl":"https:\/\/f55.01f.myftpupload.com\/wp-content\/uploads\/2024\/11\/paul-fullsize.jpg","datePublished":"2024-10-24T05:30:44+00:00","dateModified":"2024-11-29T10:23:22+00:00","breadcrumb":{"@id":"https:\/\/mdvisitclinic.com\/vi\/our-team\/paul-hodge\/#breadcrumb"},"inLanguage":"vi-VN","potentialAction":[{"@type":"ReadAction","target":["https:\/\/mdvisitclinic.com\/vi\/our-team\/paul-hodge\/"]}]},{"@type":"ImageObject","inLanguage":"vi-VN","@id":"https:\/\/mdvisitclinic.com\/vi\/our-team\/paul-hodge\/#primaryimage","url":"https:\/\/f55.01f.myftpupload.com\/wp-content\/uploads\/2024\/11\/paul-fullsize.jpg","contentUrl":"https:\/\/f55.01f.myftpupload.com\/wp-content\/uploads\/2024\/11\/paul-fullsize.jpg"},{"@type":"BreadcrumbList","@id":"https:\/\/mdvisitclinic.com\/vi\/our-team\/paul-hodge\/#breadcrumb","itemListElement":[{"@type":"ListItem","position":1,"name":"Home","item":"https:\/\/mdvisitclinic.com\/vi\/"},{"@type":"ListItem","position":2,"name":"\u0110\u1ed9i ng\u0169 c\u1ee7a ch\u00fang t\u00f4i","item":"https:\/\/mdvisitclinic.com\/vi\/our-team\/"},{"@type":"ListItem","position":3,"name":"Paul Hodge"}]},{"@type":"WebSite","@id":"https:\/\/mdvisitclinic.com\/vi\/#website","url":"https:\/\/mdvisitclinic.com\/vi\/","name":"MDVISIT CLINIC","description":"","publisher":{"@id":"https:\/\/mdvisitclinic.com\/vi\/#organization"},"potentialAction":[{"@type":"SearchAction","target":{"@type":"EntryPoint","urlTemplate":"https:\/\/mdvisitclinic.com\/vi\/?s={search_term_string}"},"query-input":{"@type":"PropertyValueSpecification","valueRequired":true,"valueName":"search_term_string"}}],"inLanguage":"vi-VN"},{"@type":"Organization","@id":"https:\/\/mdvisitclinic.com\/vi\/#organization","name":"MDVISIT CLINIC","url":"https:\/\/mdvisitclinic.com\/vi\/","logo":{"@type":"ImageObject","inLanguage":"vi-VN","@id":"https:\/\/mdvisitclinic.com\/vi\/#\/schema\/logo\/image\/","url":"https:\/\/mdvisitclinic.com\/wp-content\/uploads\/2024\/03\/logo.png","contentUrl":"https:\/\/mdvisitclinic.com\/wp-content\/uploads\/2024\/03\/logo.png","width":768,"height":118,"caption":"MDVISIT CLINIC"},"image":{"@id":"https:\/\/mdvisitclinic.com\/vi\/#\/schema\/logo\/image\/"}}]}},"_links":{"self":[{"href":"https:\/\/mdvisitclinic.com\/vi\/wp-json\/wp\/v2\/pages\/20987","targetHints":{"allow":["GET"]}}],"collection":[{"href":"https:\/\/mdvisitclinic.com\/vi\/wp-json\/wp\/v2\/pages"}],"about":[{"href":"https:\/\/mdvisitclinic.com\/vi\/wp-json\/wp\/v2\/types\/page"}],"author":[{"embeddable":true,"href":"https:\/\/mdvisitclinic.com\/vi\/wp-json\/wp\/v2\/users\/9"}],"replies":[{"embeddable":true,"href":"https:\/\/mdvisitclinic.com\/vi\/wp-json\/wp\/v2\/comments?post=20987"}],"version-history":[{"count":2,"href":"https:\/\/mdvisitclinic.com\/vi\/wp-json\/wp\/v2\/pages\/20987\/revisions"}],"predecessor-version":[{"id":21886,"href":"https:\/\/mdvisitclinic.com\/vi\/wp-json\/wp\/v2\/pages\/20987\/revisions\/21886"}],"up":[{"embeddable":true,"href":"https:\/\/mdvisitclinic.com\/vi\/wp-json\/wp\/v2\/pages\/20956"}],"wp:attachment":[{"href":"https:\/\/mdvisitclinic.com\/vi\/wp-json\/wp\/v2\/media?parent=20987"}],"curies":[{"name":"wp","href":"https:\/\/api.w.org\/{rel}","templated":true}]}}