{"id":20992,"date":"2024-10-24T05:49:00","date_gmt":"2024-10-24T05:49:00","guid":{"rendered":"https:\/\/f55.01f.myftpupload.com\/our-team\/coleman-lannum\/"},"modified":"2024-12-23T09:43:23","modified_gmt":"2024-12-23T09:43:23","slug":"coleman-lannum","status":"publish","type":"page","link":"https:\/\/mdvisitclinic.com\/vi\/our-team\/coleman-lannum\/","title":{"rendered":"Coleman Lannum"},"content":{"rendered":"\t\t<div data-elementor-type=\"wp-page\" data-elementor-id=\"20992\" class=\"elementor elementor-20992 elementor-17451\" data-elementor-post-type=\"page\">\n\t\t\t\t<div class=\"elementor-element elementor-element-27c4a8b e-flex e-con-boxed e-con e-parent\" data-id=\"27c4a8b\" data-element_type=\"container\" data-e-type=\"container\" data-settings=\"{&quot;jet_parallax_layout_list&quot;:[]}\">\n\t\t\t\t\t<div class=\"e-con-inner\">\n\t\t<div class=\"elementor-element elementor-element-cab9a0f e-con-full e-flex e-con e-child\" data-id=\"cab9a0f\" data-element_type=\"container\" data-e-type=\"container\" data-settings=\"{&quot;jet_parallax_layout_list&quot;:[]}\">\n\t\t<div class=\"elementor-element elementor-element-87993cd e-flex e-con-boxed e-con e-child\" data-id=\"87993cd\" data-element_type=\"container\" data-e-type=\"container\" data-settings=\"{&quot;jet_parallax_layout_list&quot;:[]}\">\n\t\t\t\t\t<div class=\"e-con-inner\">\n\t\t\t\t<div class=\"elementor-element elementor-element-76d9047 elementor-invisible elementor-widget elementor-widget-heading\" data-id=\"76d9047\" data-element_type=\"widget\" data-e-type=\"widget\" data-settings=\"{&quot;_animation&quot;:&quot;fadeInDown&quot;,&quot;_animation_delay&quot;:0.40000000000000002}\" data-widget_type=\"heading.default\">\n\t\t\t\t<div class=\"elementor-widget-container\">\n\t\t\t\t\t<h1 class=\"elementor-heading-title elementor-size-default\">Coleman Lannum<\/h1>\t\t\t\t<\/div>\n\t\t\t\t<\/div>\n\t\t\t\t<div class=\"elementor-element elementor-element-3079db8 elementor-widget__width-inherit elementor-invisible elementor-widget elementor-widget-heading\" data-id=\"3079db8\" data-element_type=\"widget\" data-e-type=\"widget\" data-settings=\"{&quot;_animation&quot;:&quot;fadeInDown&quot;,&quot;_animation_delay&quot;:0.59999999999999998}\" data-widget_type=\"heading.default\">\n\t\t\t\t<div class=\"elementor-widget-container\">\n\t\t\t\t\t<h6 class=\"elementor-heading-title elementor-size-default\">CFO v\u00e0 Gi\u00e1m \u0111\u1ed1c Quan h\u1ec7 Nh\u00e0 \u0111\u1ea7u t\u01b0<\/h6>\t\t\t\t<\/div>\n\t\t\t\t<\/div>\n\t\t\t\t\t<\/div>\n\t\t\t\t<\/div>\n\t\t<div class=\"elementor-element elementor-element-28af48d e-con-full e-flex e-con e-child\" data-id=\"28af48d\" data-element_type=\"container\" data-e-type=\"container\" data-settings=\"{&quot;jet_parallax_layout_list&quot;:[]}\">\n\t\t\t\t<div class=\"elementor-element elementor-element-1684d24 elementor-widget__width-inherit team_desc elementor-invisible elementor-widget elementor-widget-text-editor\" data-id=\"1684d24\" data-element_type=\"widget\" data-e-type=\"widget\" data-settings=\"{&quot;_animation&quot;:&quot;fadeIn&quot;,&quot;_animation_delay&quot;:1}\" data-widget_type=\"text-editor.default\">\n\t\t\t\t<div class=\"elementor-widget-container\">\n\t\t\t\t\t\t\t\t\t<p>Coleman Lannum l\u00e0 Gi\u00e1m \u0111\u1ed1c T\u00e0i ch\u00ednh v\u00e0 Gi\u00e1m \u0111\u1ed1c Quan h\u1ec7 Nh\u00e0 \u0111\u1ea7u t\u01b0 c\u1ee7a MDVISIT CLINIC. Trong vai tr\u00f2 n\u00e0y, \u00f4ng ch\u1ecbu tr\u00e1ch nhi\u1ec7m v\u1ec1 t\u1ea5t c\u1ea3 c\u00e1c ho\u1ea1t \u0111\u1ed9ng t\u00e0i ch\u00ednh v\u00e0 chi\u1ebfn l\u01b0\u1ee3c t\u00e0i ch\u00ednh doanh nghi\u1ec7p c\u1ee7a doanh nghi\u1ec7p. <\/p>\n<p>Coleman (Cole) Lannum l\u00e0 m\u1ed9t C\u00e1n b\u1ed9 Quan h\u1ec7 Nh\u00e0 \u0111\u1ea7u t\u01b0 (IRO) v\u00e0 nh\u00e0 \u0111\u1ea7u t\u01b0 t\u1eebng \u0111o\u1ea1t gi\u1ea3i th\u01b0\u1edfng v\u1edbi h\u01a1n 30 n\u0103m kinh nghi\u1ec7m t\u00e0i ch\u00ednh v\u00e0 doanh nghi\u1ec7p. N\u1ec1n t\u1ea3ng c\u1ee7a \u00f4ng bao g\u1ed3m chuy\u00ean m\u00f4n v\u1ec1 chi\u1ebfn l\u01b0\u1ee3c IR, ph\u00e2n t\u00edch \u0111\u1ea7u t\u01b0 v\u00e0 qu\u1ea3n l\u00fd danh m\u1ee5c \u0111\u1ea7u t\u01b0 trong nhi\u1ec1u m\u00f4i tr\u01b0\u1eddng c\u00f4ng ty kh\u00e1c nhau. Cole \u0111\u00e3 ph\u00e1t tri\u1ec3n m\u1ed9t s\u1ef1 hi\u1ec3u bi\u1ebft s\u00e2u s\u1eafc v\u1ec1 Ph\u1ed1 Wall v\u00e0 \u0111\u00e3 t\u1ea1o ra c\u00e1c m\u1ed1i quan h\u1ec7 s\u00e2u r\u1ed9ng trong c\u1ed9ng \u0111\u1ed3ng \u0111\u1ea7u t\u01b0. Phong c\u00e1ch \u0111\u1ed9c \u0111\u00e1o c\u1ee7a \u00f4ng \u0111\u00e3 g\u00f3p ph\u1ea7n v\u00e0o s\u1ef1 ph\u00e1t tri\u1ec3n c\u1ee7a vai tr\u00f2 IR, truy\u1ec1n th\u00f4ng t\u00e0i ch\u00ednh v\u00e0 chi\u1ebfn l\u01b0\u1ee3c c\u1ee7a c\u00f4ng ty.   <\/p>\n<p>Cole \u0111\u00e3 li\u00ean t\u1ee5c \u0111\u01b0\u1ee3c c\u1ed9ng \u0111\u1ed3ng \u0111\u1ea7u t\u01b0 c\u00f4ng nh\u1eadn v\u1ec1 chuy\u00ean m\u00f4n IR c\u1ee7a m\u00ecnh. \u00d4ng \u0111\u01b0\u1ee3c vinh danh l\u00e0 C\u00e1n b\u1ed9 Quan h\u1ec7 Nh\u00e0 \u0111\u1ea7u t\u01b0 Hoa K\u1ef3 v\u1ed1n h\u00f3a l\u1edbn t\u1ed1t nh\u1ea5t h\u00e0ng n\u0103m t\u1eeb n\u0103m 2011 &#8211; 2015 v\u00e0 IRO to\u00e0n c\u1ea7u h\u00e0ng \u0111\u1ea7u v\u00e0o n\u0103m 2014, l\u1eadp k\u1ef7 l\u1ee5c v\u1eabn kh\u00f4ng b\u1ecb ph\u00e1 v\u1ee1 b\u1edfi b\u1ea5t k\u1ef3 c\u00f4ng ty ho\u1eb7c c\u00e1 nh\u00e2n n\u00e0o kh\u00e1c. C\u00e1c gi\u1ea3i th\u01b0\u1edfng t\u1ed1t nh\u1ea5t kh\u00e1c bao g\u1ed3m c\u00e1c cu\u1ed9c h\u1ecdp c\u1ed9ng \u0111\u1ed3ng \u0111\u1ea7u t\u01b0 t\u1ed1t nh\u1ea5t, cu\u1ed9c g\u1ecdi thu nh\u1eadp t\u1ed1t nh\u1ea5t, IRO d\u01b0\u1ee3c ph\u1ea9m t\u1ed1t nh\u1ea5t, IRO c\u00f4ng ngh\u1ec7 y t\u1ebf t\u1ed1t nh\u1ea5t v\u00e0 b\u00e1o c\u00e1o t\u00e0i ch\u00ednh t\u1ed1t nh\u1ea5t (trong s\u1ed1 nh\u1eefng ng\u01b0\u1eddi kh\u00e1c).  <\/p>\n<p>Vai tr\u00f2 l\u00e3nh \u0111\u1ea1o c\u00f4ng ty g\u1ea7n \u0111\u00e2y c\u1ee7a \u00f4ng bao g\u1ed3m thi\u1ebft k\u1ebf l\u1ea1i v\u00e0 l\u00e3nh \u0111\u1ea1o ch\u1ee9c n\u0103ng IR t\u1ea1i Zimmer Biomet Holdings (NYSE: ZBH) v\u00e0 t\u1ea1o ra ch\u01b0\u01a1ng tr\u00ecnh Quan h\u1ec7 Nh\u00e0 \u0111\u1ea7u t\u01b0 cho Covidien &#8211; d\u1eabn d\u1eaft n\u00f3 ho\u00e0n th\u00e0nh vi\u1ec7c s\u00e1p nh\u1eadp v\u1edbi Medtronic, Inc. (NYSE: MDT).<\/p>\n<p>K\u1ec3 t\u1eeb \u0111\u1ea7u nh\u1eefng n\u0103m 2000, Cole \u0111\u00e3 t\u1eadp h\u1ee3p v\u00e0 ch\u1ee7 tr\u00ec m\u1ed9t s\u1ed1 nh\u00f3m Quan h\u1ec7 Nh\u00e0 \u0111\u1ea7u t\u01b0 \u0111\u01b0\u1ee3c \u0111\u00e1nh gi\u00e1 cao nh\u1ea5t t\u1ea1i Hoa K\u1ef3. \u00d4ng \u0111\u00e3 gi\u00e1m s\u00e1t quan h\u1ec7 nh\u00e0 \u0111\u1ea7u t\u01b0 cho c\u1ea3 \u0111\u1ee3t IPO Ch\u0103m s\u00f3c S\u1ee9c kh\u1ecfe l\u1edbn nh\u1ea5t trong l\u1ecbch s\u1eed v\u00e0 v\u1ee5 s\u00e1p nh\u1eadp C\u00f4ng ngh\u1ec7 Y t\u1ebf l\u1edbn nh\u1ea5t t\u1eeb tr\u01b0\u1edbc \u0111\u1ebfn nay. Cole c\u00f3 kinh nghi\u1ec7m \u0111\u00e1ng ch\u00fa \u00fd trong vi\u1ec7c \u0111\u01b0a c\u00e1c c\u00f4ng ty ra c\u00f4ng ch\u00fang, v\u1edbi nhi\u1ec1u th\u00e0nh c\u00f4ng trong c\u00e1c c\u00f4ng ty con, chia t\u00e1ch c\u00f4ng ty, IPO, SPAC \/ de-SPAC v\u00e0 s\u00e1p nh\u1eadp.  <\/p>\n<p>\u00d4ng hi\u1ec7n \u0111ang t\u01b0 v\u1ea5n cho c\u00e1c c\u00f4ng ty \u0111\u01b0\u1ee3c l\u1ef1a ch\u1ecdn v\u1ec1 truy\u1ec1n th\u00f4ng t\u00e0i ch\u00ednh v\u00e0 chi\u1ebfn l\u01b0\u1ee3c IR v\u1ec1 m\u1ed9t lo\u1ea1t c\u00e1c ch\u1ee7 \u0111\u1ec1, v\u00e0 l\u00e0 CFO v\u00e0 Th\u00e0nh vi\u00ean H\u1ed9i \u0111\u1ed3ng qu\u1ea3n tr\u1ecb c\u1ee7a MDvisit, cung c\u1ea5p t\u01b0 v\u1ea5n t\u00e0i ch\u00ednh chi\u1ebfn l\u01b0\u1ee3c v\u00e0 gi\u00e1m s\u00e1t cho t\u1ed5 ch\u1ee9c.<\/p>\n<p>Ngo\u00e0i n\u1ec1n t\u1ea3ng t\u00e0i ch\u00ednh c\u1ee7a m\u00ecnh, Cole c\u00f2n l\u00e0 m\u1ed9t nh\u00e0 s\u1ea3n xu\u1ea5t v\u00e0 di\u1ec5n vi\u00ean chuy\u00ean nghi\u1ec7p sung m\u00e3n. Anh \u0111\u00e3 s\u1ea3n xu\u1ea5t v\u00e0 xu\u1ea5t hi\u1ec7n trong nhi\u1ec1u d\u1ef1 \u00e1n kh\u00e1c nhau, bao g\u1ed3m phim ng\u1eafn v\u00e0 phim truy\u1ec7n, ch\u01b0\u01a1ng tr\u00ecnh truy\u1ec1n h\u00ecnh m\u1ea1ng v\u00e0 qu\u1ea3ng c\u00e1o. <\/p>\n<p>Cole l\u1ea5y b\u1eb1ng C\u1eed nh\u00e2n Khoa h\u1ecdc v\u1ec1 Qu\u1ea3n tr\u1ecb Kinh doanh t\u1ea1i Tr\u01b0\u1eddng Kinh doanh Olin, \u0110\u1ea1i h\u1ecdc Washington v\u00e0 b\u1eb1ng Th\u1ea1c s\u0129 Qu\u1ea3n tr\u1ecb Kinh doanh (T\u00e0i ch\u00ednh \/ Qu\u1ea3n l\u00fd) t\u1eeb Tr\u01b0\u1eddng Kinh doanh Mays, \u0110\u1ea1i h\u1ecdc Texas A &amp;M. \u00d4ng l\u00e0 Chuy\u00ean vi\u00ean ph\u00e2n t\u00edch t\u00e0i ch\u00ednh v\u00e0 l\u00e0 th\u00e0nh vi\u00ean c\u1ee7a SAG-AFTRA. <\/p>\n\t\t\t\t\t\t\t\t<\/div>\n\t\t\t\t<\/div>\n\t\t\t\t<\/div>\n\t\t\t\t<\/div>\n\t\t<div class=\"elementor-element elementor-element-3b7188c e-con-full e-flex e-con e-child\" data-id=\"3b7188c\" data-element_type=\"container\" data-e-type=\"container\" data-settings=\"{&quot;jet_parallax_layout_list&quot;:[]}\">\n\t\t\t\t<div class=\"elementor-element elementor-element-4521d15 animated-slow elementor-invisible elementor-widget elementor-widget-image\" data-id=\"4521d15\" data-element_type=\"widget\" data-e-type=\"widget\" data-settings=\"{&quot;_animation&quot;:&quot;fadeInLeft&quot;,&quot;_animation_mobile&quot;:&quot;none&quot;,&quot;_animation_delay&quot;:1.5,&quot;sticky&quot;:&quot;top&quot;,&quot;sticky_on&quot;:[&quot;widescreen&quot;,&quot;desktop&quot;,&quot;tablet&quot;],&quot;sticky_parent&quot;:&quot;yes&quot;,&quot;sticky_offset&quot;:0,&quot;sticky_effects_offset&quot;:0,&quot;sticky_anchor_link_offset&quot;:0}\" data-widget_type=\"image.default\">\n\t\t\t\t<div class=\"elementor-widget-container\">\n\t\t\t\t\t\t\t\t\t\t\t\t\t\t\t<img fetchpriority=\"high\" decoding=\"async\" width=\"293\" height=\"438\" src=\"https:\/\/mdvisitclinic.com\/wp-content\/uploads\/2024\/05\/Cole-Lannum.png\" class=\"attachment-large size-large wp-image-4291\" alt=\"\" srcset=\"https:\/\/mdvisitclinic.com\/wp-content\/uploads\/2024\/05\/Cole-Lannum.png 293w, https:\/\/mdvisitclinic.com\/wp-content\/uploads\/2024\/05\/Cole-Lannum-201x300.png 201w\" sizes=\"(max-width: 293px) 100vw, 293px\" \/>\t\t\t\t\t\t\t\t\t\t\t\t\t\t\t<\/div>\n\t\t\t\t<\/div>\n\t\t\t\t<\/div>\n\t\t\t\t\t<\/div>\n\t\t\t\t<\/div>\n\t\t\t\t<\/div>\n\t\t","protected":false},"excerpt":{"rendered":"<p>Coleman Lannum CFO v\u00e0 Gi\u00e1m \u0111\u1ed1c Quan h\u1ec7 Nh\u00e0 \u0111\u1ea7u t\u01b0 Coleman Lannum l\u00e0 Gi\u00e1m \u0111\u1ed1c T\u00e0i ch\u00ednh v\u00e0 Gi\u00e1m \u0111\u1ed1c Quan h\u1ec7 Nh\u00e0 \u0111\u1ea7u t\u01b0 c\u1ee7a MDVISIT CLINIC. Trong vai tr\u00f2 n\u00e0y, \u00f4ng ch\u1ecbu tr\u00e1ch nhi\u1ec7m v\u1ec1 t\u1ea5t c\u1ea3 c\u00e1c ho\u1ea1t \u0111\u1ed9ng t\u00e0i ch\u00ednh v\u00e0 chi\u1ebfn l\u01b0\u1ee3c t\u00e0i ch\u00ednh doanh nghi\u1ec7p c\u1ee7a doanh nghi\u1ec7p. [&hellip;]<\/p>\n","protected":false},"author":9,"featured_media":0,"parent":20956,"menu_order":0,"comment_status":"closed","ping_status":"closed","template":"elementor_header_footer","meta":{"_acf_changed":false,"_coblocks_attr":"","_coblocks_dimensions":"","_coblocks_responsive_height":"","_coblocks_accordion_ie_support":"","hide_page_title":"","footnotes":""},"class_list":["post-20992","page","type-page","status-publish","hentry"],"acf":[],"yoast_head":"<!-- This site is optimized with the Yoast SEO plugin v27.6 - https:\/\/yoast.com\/product\/yoast-seo-wordpress\/ -->\n<title>Coleman Lannum - MDVISIT CLINIC<\/title>\n<meta name=\"robots\" content=\"noindex, follow, max-snippet:-1, max-image-preview:large, max-video-preview:-1\" \/>\n<meta property=\"og:locale\" content=\"vi_VN\" \/>\n<meta property=\"og:type\" content=\"article\" \/>\n<meta property=\"og:title\" content=\"Coleman Lannum - MDVISIT CLINIC\" \/>\n<meta property=\"og:description\" content=\"Coleman Lannum CFO v\u00e0 Gi\u00e1m \u0111\u1ed1c Quan h\u1ec7 Nh\u00e0 \u0111\u1ea7u t\u01b0 Coleman Lannum l\u00e0 Gi\u00e1m \u0111\u1ed1c T\u00e0i ch\u00ednh v\u00e0 Gi\u00e1m \u0111\u1ed1c Quan h\u1ec7 Nh\u00e0 \u0111\u1ea7u t\u01b0 c\u1ee7a MDVISIT CLINIC. Trong vai tr\u00f2 n\u00e0y, \u00f4ng ch\u1ecbu tr\u00e1ch nhi\u1ec7m v\u1ec1 t\u1ea5t c\u1ea3 c\u00e1c ho\u1ea1t \u0111\u1ed9ng t\u00e0i ch\u00ednh v\u00e0 chi\u1ebfn l\u01b0\u1ee3c t\u00e0i ch\u00ednh doanh nghi\u1ec7p c\u1ee7a doanh nghi\u1ec7p. [&hellip;]\" \/>\n<meta property=\"og:url\" content=\"https:\/\/mdvisitclinic.com\/vi\/our-team\/coleman-lannum\/\" \/>\n<meta property=\"og:site_name\" content=\"MDVISIT CLINIC\" \/>\n<meta property=\"article:modified_time\" content=\"2024-12-23T09:43:23+00:00\" \/>\n<meta property=\"og:image\" content=\"https:\/\/mdvisitclinic.com\/wp-content\/uploads\/2024\/05\/Cole-Lannum.png\" \/>\n<meta name=\"twitter:card\" content=\"summary_large_image\" \/>\n<meta name=\"twitter:label1\" content=\"Est. reading time\" \/>\n\t<meta name=\"twitter:data1\" content=\"4 minutes\" \/>\n<script type=\"application\/ld+json\" class=\"yoast-schema-graph\">{\"@context\":\"https:\\\/\\\/schema.org\",\"@graph\":[{\"@type\":\"WebPage\",\"@id\":\"https:\\\/\\\/mdvisitclinic.com\\\/vi\\\/our-team\\\/coleman-lannum\\\/\",\"url\":\"https:\\\/\\\/mdvisitclinic.com\\\/vi\\\/our-team\\\/coleman-lannum\\\/\",\"name\":\"Coleman Lannum - MDVISIT CLINIC\",\"isPartOf\":{\"@id\":\"https:\\\/\\\/mdvisitclinic.com\\\/vi\\\/#website\"},\"primaryImageOfPage\":{\"@id\":\"https:\\\/\\\/mdvisitclinic.com\\\/vi\\\/our-team\\\/coleman-lannum\\\/#primaryimage\"},\"image\":{\"@id\":\"https:\\\/\\\/mdvisitclinic.com\\\/vi\\\/our-team\\\/coleman-lannum\\\/#primaryimage\"},\"thumbnailUrl\":\"https:\\\/\\\/mdvisitclinic.com\\\/wp-content\\\/uploads\\\/2024\\\/05\\\/Cole-Lannum.png\",\"datePublished\":\"2024-10-24T05:49:00+00:00\",\"dateModified\":\"2024-12-23T09:43:23+00:00\",\"breadcrumb\":{\"@id\":\"https:\\\/\\\/mdvisitclinic.com\\\/vi\\\/our-team\\\/coleman-lannum\\\/#breadcrumb\"},\"inLanguage\":\"vi-VN\",\"potentialAction\":[{\"@type\":\"ReadAction\",\"target\":[\"https:\\\/\\\/mdvisitclinic.com\\\/vi\\\/our-team\\\/coleman-lannum\\\/\"]}]},{\"@type\":\"ImageObject\",\"inLanguage\":\"vi-VN\",\"@id\":\"https:\\\/\\\/mdvisitclinic.com\\\/vi\\\/our-team\\\/coleman-lannum\\\/#primaryimage\",\"url\":\"https:\\\/\\\/mdvisitclinic.com\\\/wp-content\\\/uploads\\\/2024\\\/05\\\/Cole-Lannum.png\",\"contentUrl\":\"https:\\\/\\\/mdvisitclinic.com\\\/wp-content\\\/uploads\\\/2024\\\/05\\\/Cole-Lannum.png\"},{\"@type\":\"BreadcrumbList\",\"@id\":\"https:\\\/\\\/mdvisitclinic.com\\\/vi\\\/our-team\\\/coleman-lannum\\\/#breadcrumb\",\"itemListElement\":[{\"@type\":\"ListItem\",\"position\":1,\"name\":\"Home\",\"item\":\"https:\\\/\\\/mdvisitclinic.com\\\/vi\\\/\"},{\"@type\":\"ListItem\",\"position\":2,\"name\":\"\u0110\u1ed9i ng\u0169 c\u1ee7a ch\u00fang t\u00f4i\",\"item\":\"https:\\\/\\\/mdvisitclinic.com\\\/vi\\\/our-team\\\/\"},{\"@type\":\"ListItem\",\"position\":3,\"name\":\"Coleman Lannum\"}]},{\"@type\":\"WebSite\",\"@id\":\"https:\\\/\\\/mdvisitclinic.com\\\/vi\\\/#website\",\"url\":\"https:\\\/\\\/mdvisitclinic.com\\\/vi\\\/\",\"name\":\"MDVISIT CLINIC\",\"description\":\"\",\"publisher\":{\"@id\":\"https:\\\/\\\/mdvisitclinic.com\\\/vi\\\/#organization\"},\"potentialAction\":[{\"@type\":\"SearchAction\",\"target\":{\"@type\":\"EntryPoint\",\"urlTemplate\":\"https:\\\/\\\/mdvisitclinic.com\\\/vi\\\/?s={search_term_string}\"},\"query-input\":{\"@type\":\"PropertyValueSpecification\",\"valueRequired\":true,\"valueName\":\"search_term_string\"}}],\"inLanguage\":\"vi-VN\"},{\"@type\":\"Organization\",\"@id\":\"https:\\\/\\\/mdvisitclinic.com\\\/vi\\\/#organization\",\"name\":\"MDVISIT CLINIC\",\"url\":\"https:\\\/\\\/mdvisitclinic.com\\\/vi\\\/\",\"logo\":{\"@type\":\"ImageObject\",\"inLanguage\":\"vi-VN\",\"@id\":\"https:\\\/\\\/mdvisitclinic.com\\\/vi\\\/#\\\/schema\\\/logo\\\/image\\\/\",\"url\":\"https:\\\/\\\/mdvisitclinic.com\\\/wp-content\\\/uploads\\\/2024\\\/03\\\/logo.png\",\"contentUrl\":\"https:\\\/\\\/mdvisitclinic.com\\\/wp-content\\\/uploads\\\/2024\\\/03\\\/logo.png\",\"width\":768,\"height\":118,\"caption\":\"MDVISIT CLINIC\"},\"image\":{\"@id\":\"https:\\\/\\\/mdvisitclinic.com\\\/vi\\\/#\\\/schema\\\/logo\\\/image\\\/\"}}]}<\/script>\n<!-- \/ Yoast SEO plugin. -->","yoast_head_json":{"title":"Coleman Lannum - MDVISIT CLINIC","robots":{"index":"noindex","follow":"follow","max-snippet":"max-snippet:-1","max-image-preview":"max-image-preview:large","max-video-preview":"max-video-preview:-1"},"og_locale":"vi_VN","og_type":"article","og_title":"Coleman Lannum - MDVISIT CLINIC","og_description":"Coleman Lannum CFO v\u00e0 Gi\u00e1m \u0111\u1ed1c Quan h\u1ec7 Nh\u00e0 \u0111\u1ea7u t\u01b0 Coleman Lannum l\u00e0 Gi\u00e1m \u0111\u1ed1c T\u00e0i ch\u00ednh v\u00e0 Gi\u00e1m \u0111\u1ed1c Quan h\u1ec7 Nh\u00e0 \u0111\u1ea7u t\u01b0 c\u1ee7a MDVISIT CLINIC. Trong vai tr\u00f2 n\u00e0y, \u00f4ng ch\u1ecbu tr\u00e1ch nhi\u1ec7m v\u1ec1 t\u1ea5t c\u1ea3 c\u00e1c ho\u1ea1t \u0111\u1ed9ng t\u00e0i ch\u00ednh v\u00e0 chi\u1ebfn l\u01b0\u1ee3c t\u00e0i ch\u00ednh doanh nghi\u1ec7p c\u1ee7a doanh nghi\u1ec7p. [&hellip;]","og_url":"https:\/\/mdvisitclinic.com\/vi\/our-team\/coleman-lannum\/","og_site_name":"MDVISIT CLINIC","article_modified_time":"2024-12-23T09:43:23+00:00","og_image":[{"url":"https:\/\/mdvisitclinic.com\/wp-content\/uploads\/2024\/05\/Cole-Lannum.png","type":"","width":"","height":""}],"twitter_card":"summary_large_image","twitter_misc":{"Est. reading time":"4 minutes"},"schema":{"@context":"https:\/\/schema.org","@graph":[{"@type":"WebPage","@id":"https:\/\/mdvisitclinic.com\/vi\/our-team\/coleman-lannum\/","url":"https:\/\/mdvisitclinic.com\/vi\/our-team\/coleman-lannum\/","name":"Coleman Lannum - MDVISIT CLINIC","isPartOf":{"@id":"https:\/\/mdvisitclinic.com\/vi\/#website"},"primaryImageOfPage":{"@id":"https:\/\/mdvisitclinic.com\/vi\/our-team\/coleman-lannum\/#primaryimage"},"image":{"@id":"https:\/\/mdvisitclinic.com\/vi\/our-team\/coleman-lannum\/#primaryimage"},"thumbnailUrl":"https:\/\/mdvisitclinic.com\/wp-content\/uploads\/2024\/05\/Cole-Lannum.png","datePublished":"2024-10-24T05:49:00+00:00","dateModified":"2024-12-23T09:43:23+00:00","breadcrumb":{"@id":"https:\/\/mdvisitclinic.com\/vi\/our-team\/coleman-lannum\/#breadcrumb"},"inLanguage":"vi-VN","potentialAction":[{"@type":"ReadAction","target":["https:\/\/mdvisitclinic.com\/vi\/our-team\/coleman-lannum\/"]}]},{"@type":"ImageObject","inLanguage":"vi-VN","@id":"https:\/\/mdvisitclinic.com\/vi\/our-team\/coleman-lannum\/#primaryimage","url":"https:\/\/mdvisitclinic.com\/wp-content\/uploads\/2024\/05\/Cole-Lannum.png","contentUrl":"https:\/\/mdvisitclinic.com\/wp-content\/uploads\/2024\/05\/Cole-Lannum.png"},{"@type":"BreadcrumbList","@id":"https:\/\/mdvisitclinic.com\/vi\/our-team\/coleman-lannum\/#breadcrumb","itemListElement":[{"@type":"ListItem","position":1,"name":"Home","item":"https:\/\/mdvisitclinic.com\/vi\/"},{"@type":"ListItem","position":2,"name":"\u0110\u1ed9i ng\u0169 c\u1ee7a ch\u00fang t\u00f4i","item":"https:\/\/mdvisitclinic.com\/vi\/our-team\/"},{"@type":"ListItem","position":3,"name":"Coleman Lannum"}]},{"@type":"WebSite","@id":"https:\/\/mdvisitclinic.com\/vi\/#website","url":"https:\/\/mdvisitclinic.com\/vi\/","name":"MDVISIT CLINIC","description":"","publisher":{"@id":"https:\/\/mdvisitclinic.com\/vi\/#organization"},"potentialAction":[{"@type":"SearchAction","target":{"@type":"EntryPoint","urlTemplate":"https:\/\/mdvisitclinic.com\/vi\/?s={search_term_string}"},"query-input":{"@type":"PropertyValueSpecification","valueRequired":true,"valueName":"search_term_string"}}],"inLanguage":"vi-VN"},{"@type":"Organization","@id":"https:\/\/mdvisitclinic.com\/vi\/#organization","name":"MDVISIT CLINIC","url":"https:\/\/mdvisitclinic.com\/vi\/","logo":{"@type":"ImageObject","inLanguage":"vi-VN","@id":"https:\/\/mdvisitclinic.com\/vi\/#\/schema\/logo\/image\/","url":"https:\/\/mdvisitclinic.com\/wp-content\/uploads\/2024\/03\/logo.png","contentUrl":"https:\/\/mdvisitclinic.com\/wp-content\/uploads\/2024\/03\/logo.png","width":768,"height":118,"caption":"MDVISIT CLINIC"},"image":{"@id":"https:\/\/mdvisitclinic.com\/vi\/#\/schema\/logo\/image\/"}}]}},"_links":{"self":[{"href":"https:\/\/mdvisitclinic.com\/vi\/wp-json\/wp\/v2\/pages\/20992","targetHints":{"allow":["GET"]}}],"collection":[{"href":"https:\/\/mdvisitclinic.com\/vi\/wp-json\/wp\/v2\/pages"}],"about":[{"href":"https:\/\/mdvisitclinic.com\/vi\/wp-json\/wp\/v2\/types\/page"}],"author":[{"embeddable":true,"href":"https:\/\/mdvisitclinic.com\/vi\/wp-json\/wp\/v2\/users\/9"}],"replies":[{"embeddable":true,"href":"https:\/\/mdvisitclinic.com\/vi\/wp-json\/wp\/v2\/comments?post=20992"}],"version-history":[{"count":2,"href":"https:\/\/mdvisitclinic.com\/vi\/wp-json\/wp\/v2\/pages\/20992\/revisions"}],"predecessor-version":[{"id":22789,"href":"https:\/\/mdvisitclinic.com\/vi\/wp-json\/wp\/v2\/pages\/20992\/revisions\/22789"}],"up":[{"embeddable":true,"href":"https:\/\/mdvisitclinic.com\/vi\/wp-json\/wp\/v2\/pages\/20956"}],"wp:attachment":[{"href":"https:\/\/mdvisitclinic.com\/vi\/wp-json\/wp\/v2\/media?parent=20992"}],"curies":[{"name":"wp","href":"https:\/\/api.w.org\/{rel}","templated":true}]}}