{"id":20995,"date":"2024-10-25T06:12:48","date_gmt":"2024-10-25T06:12:48","guid":{"rendered":"https:\/\/f55.01f.myftpupload.com\/our-team\/william-f-hefley\/"},"modified":"2024-12-23T09:43:13","modified_gmt":"2024-12-23T09:43:13","slug":"william-f-hefley","status":"publish","type":"page","link":"https:\/\/mdvisitclinic.com\/vi\/our-team\/william-f-hefley\/","title":{"rendered":"William F. Hefley"},"content":{"rendered":"\t\t<div data-elementor-type=\"wp-page\" data-elementor-id=\"20995\" class=\"elementor elementor-20995 elementor-17594\" data-elementor-post-type=\"page\">\n\t\t\t\t<div class=\"elementor-element elementor-element-c0f3aca e-flex e-con-boxed e-con e-parent\" data-id=\"c0f3aca\" data-element_type=\"container\" data-e-type=\"container\" data-settings=\"{&quot;jet_parallax_layout_list&quot;:[]}\">\n\t\t\t\t\t<div class=\"e-con-inner\">\n\t\t<div class=\"elementor-element elementor-element-821284a e-con-full e-flex e-con e-child\" data-id=\"821284a\" data-element_type=\"container\" data-e-type=\"container\" data-settings=\"{&quot;jet_parallax_layout_list&quot;:[]}\">\n\t\t<div class=\"elementor-element elementor-element-a16521c e-flex e-con-boxed e-con e-child\" data-id=\"a16521c\" data-element_type=\"container\" data-e-type=\"container\" data-settings=\"{&quot;jet_parallax_layout_list&quot;:[]}\">\n\t\t\t\t\t<div class=\"e-con-inner\">\n\t\t\t\t<div class=\"elementor-element elementor-element-6565568 elementor-invisible elementor-widget elementor-widget-heading\" data-id=\"6565568\" data-element_type=\"widget\" data-e-type=\"widget\" data-settings=\"{&quot;_animation&quot;:&quot;fadeInDown&quot;,&quot;_animation_delay&quot;:0.40000000000000002}\" data-widget_type=\"heading.default\">\n\t\t\t\t<div class=\"elementor-widget-container\">\n\t\t\t\t\t<h1 class=\"elementor-heading-title elementor-size-default\">Ti\u1ebfn s\u0129 William F. Hefley, MD<\/h1>\t\t\t\t<\/div>\n\t\t\t\t<\/div>\n\t\t\t\t<div class=\"elementor-element elementor-element-3ec1a1f elementor-widget__width-inherit elementor-invisible elementor-widget elementor-widget-heading\" data-id=\"3ec1a1f\" data-element_type=\"widget\" data-e-type=\"widget\" data-settings=\"{&quot;_animation&quot;:&quot;fadeInDown&quot;,&quot;_animation_delay&quot;:0.59999999999999998}\" data-widget_type=\"heading.default\">\n\t\t\t\t<div class=\"elementor-widget-container\">\n\t\t\t\t\t<h6 class=\"elementor-heading-title elementor-size-default\">B\u00e1c s\u0129 ph\u1eabu thu\u1eadt ch\u1ec9nh h\u00ecnh \u0111\u01b0\u1ee3c ch\u1ee9ng nh\u1eadn c\u1ee7a H\u1ed9i \u0111\u1ed3ng qu\u1ea3n tr\u1ecb ch\u00ednh<\/h6>\t\t\t\t<\/div>\n\t\t\t\t<\/div>\n\t\t\t\t\t<\/div>\n\t\t\t\t<\/div>\n\t\t<div class=\"elementor-element elementor-element-f29bd15 e-con-full e-flex e-con e-child\" data-id=\"f29bd15\" data-element_type=\"container\" data-e-type=\"container\" data-settings=\"{&quot;jet_parallax_layout_list&quot;:[]}\">\n\t\t\t\t<div class=\"elementor-element elementor-element-e0b3fe5 elementor-widget__width-inherit team_desc elementor-invisible elementor-widget elementor-widget-text-editor\" data-id=\"e0b3fe5\" data-element_type=\"widget\" data-e-type=\"widget\" data-settings=\"{&quot;_animation&quot;:&quot;fadeIn&quot;,&quot;_animation_delay&quot;:1}\" data-widget_type=\"text-editor.default\">\n\t\t\t\t<div class=\"elementor-widget-container\">\n\t\t\t\t\t\t\t\t\t<p>Chuy\u00ean khoa: Ph\u1eabu thu\u1eadt \u0111\u1ea7u g\u1ed1i, Ph\u1eabu thu\u1eadt h\u00f4ng, Ph\u1eabu thu\u1eadt vai, Y h\u1ecdc th\u1ec3 thao,<\/p>\n<p>B\u00e1c s\u0129 Bill Hefley chuy\u00ean v\u1ec1 ph\u1eabu thu\u1eadt x\u00e2m l\u1ea5n t\u1ed1i thi\u1ec3u \u0111\u1ea7u g\u1ed1i, h\u00f4ng v\u00e0 vai. S\u1edf th\u00edch c\u1ee7a \u00f4ng c\u0169ng bao g\u1ed3m ph\u1eabu thu\u1eadt n\u1ed9i soi kh\u1edbp, thay kh\u1edbp to\u00e0n b\u1ed9 v\u00e0 y h\u1ecdc th\u1ec3 thao.<br \/>\u200b<br \/>T\u00ecnh y\u00eau th\u1ec3 thao su\u1ed1t \u0111\u1eddi c\u1ee7a Ti\u1ebfn s\u0129 Hefley v\u1edbi t\u01b0 c\u00e1ch l\u00e0 m\u1ed9t v\u1eadn \u0111\u1ed9ng vi\u00ean v\u00e0 v\u1eadn \u0111\u1ed9ng vi\u00ean marathon, hu\u1ea5n luy\u1ec7n vi\u00ean th\u1ec3 thao tr\u1ebb v\u00e0 cha c\u1ee7a c\u00e1c v\u1eadn \u0111\u1ed9ng vi\u00ean trung h\u1ecdc v\u00e0 \u0111\u1ea1i h\u1ecdc \u0111\u00e3 th\u00fac \u0111\u1ea9y ni\u1ec1m \u0111am m\u00ea c\u1ee7a \u00f4ng trong vi\u1ec7c \u0111i\u1ec1u tr\u1ecb cho nh\u1eefng b\u1ec7nh nh\u00e2n ch\u01a1i th\u1ec3 thao v\u00e0 \u0111\u01b0a h\u1ecd tr\u1edf l\u1ea1i tr\u00f2 ch\u01a1i m\u00e0 h\u1ecd y\u00eau th\u00edch. Ngo\u00e0i ra, anh \u1ea5y th\u00edch ph\u1ee5c v\u1ee5 nh\u1eefng b\u1ec7nh nh\u00e2n kh\u00e1c, nh\u1eefng ng\u01b0\u1eddi ch\u1ec9 \u0111\u01a1n gi\u1ea3n l\u00e0 mu\u1ed1n c\u00f3 th\u1ec3 c\u00f3 l\u1ed1i s\u1ed1ng n\u0103ng \u0111\u1ed9ng m\u00e0 kh\u00f4ng b\u1ecb \u0111au.<br \/>\u200b<br \/>L\u00e0 ng\u01b0\u1eddi g\u1ed1c Little Rock, Ti\u1ebfn s\u0129 Hefley c\u00f3 b\u1eb1ng \u0111\u1ea1i h\u1ecdc t\u1ea1i \u0110\u1ea1i h\u1ecdc Harding v\u00e0 b\u1eb1ng y khoa c\u1ee7a Tr\u01b0\u1eddng Y khoa \u0110\u1ea1i h\u1ecdc Vanderbilt. \u00d4ng \u0111\u00e3 ho\u00e0n th\u00e0nh n\u1ed9i tr\u00fa v\u1ec1 ph\u1eabu thu\u1eadt ch\u1ec9nh h\u00ecnh t\u1ea1i UAMS v\u00e0 \u0111\u01b0\u1ee3c \u0111\u00e0o t\u1ea1o th\u00eam v\u1ec1 y h\u1ecdc th\u1ec3 thao v\u00e0 ph\u1eabu thu\u1eadt thay kh\u1edbp t\u1eeb H\u1ec7 th\u1ed1ng B\u1ec7nh vi\u1ec7n St. Mary v\u00e0 B\u1ec7nh vi\u1ec7n Ch\u1ec9nh h\u00ecnh Qu\u1ed1c gia Ho\u00e0ng gia \u1edf London, Anh. Ti\u1ebfn s\u0129 Hefley \u0111\u00e3 th\u1ef1c h\u00e0nh t\u1ea1i Little Rock t\u1eeb n\u0103m 1990.<br \/>\u200b<br \/>B\u00e1c s\u0129 Hefley \u0111\u00e3 \u0111\u01b0\u1ee3c ch\u1ecdn l\u00e0 m\u1ed9t trong nh\u1eefng &#8220;B\u00e1c s\u0129 gi\u1ecfi nh\u1ea5t \u1edf Arkansas&#8221; b\u1edfi t\u1ea1p ch\u00ed AY v\u00e0 \u0111\u00e3 \u0111\u01b0\u1ee3c b\u00ecnh ch\u1ecdn l\u00e0 &#8220;B\u00e1c s\u0129 ph\u1eabu thu\u1eadt ch\u1ec9nh h\u00ecnh t\u1ed1t nh\u1ea5t&#8221; b\u1edfi C\u00f4ng b\u00e1o D\u00e2n ch\u1ee7 Arkansas. Ti\u1ebfn s\u0129 Hefley \u0111\u00e3 tham kh\u1ea3o \u00fd ki\u1ebfn c\u1ee7a c\u00e1c nh\u00e0 s\u1ea3n xu\u1ea5t c\u1ea5y gh\u00e9p ch\u1ec9nh h\u00ecnh h\u00e0ng \u0111\u1ea7u \u0111\u1ec3 thi\u1ebft k\u1ebf c\u1ea5y gh\u00e9p h\u00f4ng v\u00e0 \u0111\u1ea7u g\u1ed1i m\u1edbi. \u00d4ng \u0111\u00e3 \u0111i \u0111\u1ebfn gi\u1ea3ng d\u1ea1y v\u00e0 gi\u1ea3ng d\u1ea1y c\u00e1c kh\u00f3a h\u1ecdc v\u1ec1 thay th\u1ebf kh\u1edbp cho c\u00e1c b\u00e1c s\u0129 ph\u1eabu thu\u1eadt t\u1eeb kh\u1eafp Hoa K\u1ef3 v\u00e0 n\u01b0\u1edbc ngo\u00e0i. \u00d4ng \u0111\u00e3 t\u1eebng l\u00e0 b\u00e1c s\u0129 \u0111\u1ed9i v\u00e0 gi\u00e1m \u0111\u1ed1c y h\u1ecdc th\u1ec3 thao cho c\u00e1c tr\u01b0\u1eddng h\u1ecdc v\u00e0 t\u1ed5 ch\u1ee9c \u1edf c\u1ea5p trung h\u1ecdc, \u0111\u1ea1i h\u1ecdc v\u00e0 chuy\u00ean nghi\u1ec7p.       <\/p>\n<p>\u00d4ng \u0111\u01b0\u1ee3c ch\u1ee9ng nh\u1eadn b\u1edfi H\u1ed9i \u0111\u1ed3ng Ph\u1eabu thu\u1eadt Ch\u1ec9nh h\u00ecnh Hoa K\u1ef3 v\u00e0 \u0111\u00e3 \u0111\u01b0\u1ee3c c\u00f4ng b\u1ed1 tr\u00ean T\u1ea1p ch\u00ed Ph\u1eabu thu\u1eadt X\u01b0\u01a1ng &amp;Kh\u1edbp. \u00d4ng l\u00e0 th\u00e0nh vi\u00ean c\u1ee7a c\u00e1c t\u1ed5 ch\u1ee9c sau:<br \/>\u200b <\/p>\n\t\t\t\t\t\t\t\t<\/div>\n\t\t\t\t<\/div>\n\t\t\t\t<div class=\"elementor-element elementor-element-9760639 elementor-widget__width-inherit team_desc elementor-invisible elementor-widget elementor-widget-text-editor\" data-id=\"9760639\" data-element_type=\"widget\" data-e-type=\"widget\" data-settings=\"{&quot;_animation&quot;:&quot;fadeIn&quot;,&quot;_animation_delay&quot;:1}\" data-widget_type=\"text-editor.default\">\n\t\t\t\t<div class=\"elementor-widget-container\">\n\t\t\t\t\t\t\t\t\t<ul>\n<li>H\u1ecdc vi\u1ec7n ph\u1eabu thu\u1eadt ch\u1ec9nh h\u00ecnh Hoa K\u1ef3<\/li>\n<li>Hi\u1ec7p h\u1ed9i b\u00e1c s\u0129 ph\u1eabu thu\u1eadt h\u00f4ng v\u00e0 \u0111\u1ea7u g\u1ed1i Hoa K\u1ef3<\/li>\n<li>Hi\u1ec7p h\u1ed9i Ch\u1ec9nh h\u00ecnh Y h\u1ecdc Th\u1ec3 thao Hoa K\u1ef3<\/li>\n<li>Hi\u1ec7p h\u1ed9i n\u1ed9i soi kh\u1edbp B\u1eafc M\u1ef9<\/li>\n<li>H\u1ed9i \u0111\u1ed3ng Ph\u1eabu thu\u1eadt Ch\u1ec9nh h\u00ecnh Hoa K\u1ef3<\/li>\n<li>Hi\u1ec7p h\u1ed9i ch\u1ec9nh h\u00ecnh Arkansas<\/li>\n<li>Hi\u1ec7p h\u1ed9i Y khoa H\u1ea1t Pulaski<\/li>\n<\/ul>\n\t\t\t\t\t\t\t\t<\/div>\n\t\t\t\t<\/div>\n\t\t\t\t<div class=\"elementor-element elementor-element-5921271 elementor-widget__width-inherit team_desc elementor-invisible elementor-widget elementor-widget-text-editor\" data-id=\"5921271\" data-element_type=\"widget\" data-e-type=\"widget\" data-settings=\"{&quot;_animation&quot;:&quot;fadeIn&quot;,&quot;_animation_delay&quot;:1}\" data-widget_type=\"text-editor.default\">\n\t\t\t\t<div class=\"elementor-widget-container\">\n\t\t\t\t\t\t\t\t\t<p>Ti\u1ebfn s\u0129 Hefley v\u00e0 v\u1ee3 Lisa c\u00f3 hai con g\u00e1i v\u00e0 hai con trai. Trong th\u1eddi gian r\u1ea3nh r\u1ed7i, anh \u1ea5y th\u00edch ch\u1ea1y b\u1ed9, \u0111i xe \u0111\u1ea1p v\u00e0 h\u01a1n h\u1ebft l\u00e0 d\u00e0nh th\u1eddi gian cho gia \u0111\u00ecnh, th\u01b0\u1eddng bao g\u1ed3m c\u1ed5 v\u0169 cho con c\u00e1i t\u1ea1i c\u00e1c s\u1ef1 ki\u1ec7n v\u00e0 bi\u1ec3u di\u1ec5n th\u1ec3 thao. <\/p>\n<p><a href=\"http:\/\/www.drbillhefley.com\/\" target=\"_blank\" rel=\"noopener\">&gt;  Xem video bao g\u1ed3m Total Joint Class c\u1ee7a ch\u00fang t\u00f4i, l\u1eddi ch\u1ee9ng th\u1ef1c c\u1ee7a b\u1ec7nh nh\u00e2n v\u00e0 h\u01a1n th\u1ebf n\u1eefa t\u1ea1i drbillhefley.com<\/a><\/p>\n\t\t\t\t\t\t\t\t<\/div>\n\t\t\t\t<\/div>\n\t\t\t\t<\/div>\n\t\t\t\t<\/div>\n\t\t<div class=\"elementor-element elementor-element-9afa331 e-con-full e-flex e-con e-child\" data-id=\"9afa331\" data-element_type=\"container\" data-e-type=\"container\" data-settings=\"{&quot;jet_parallax_layout_list&quot;:[]}\">\n\t\t\t\t<div class=\"elementor-element elementor-element-c4bbd97 animated-slow elementor-invisible elementor-widget elementor-widget-image\" data-id=\"c4bbd97\" data-element_type=\"widget\" data-e-type=\"widget\" data-settings=\"{&quot;_animation&quot;:&quot;fadeInLeft&quot;,&quot;_animation_mobile&quot;:&quot;none&quot;,&quot;_animation_delay&quot;:1.5,&quot;sticky&quot;:&quot;top&quot;,&quot;sticky_on&quot;:[&quot;widescreen&quot;,&quot;desktop&quot;,&quot;tablet&quot;],&quot;sticky_parent&quot;:&quot;yes&quot;,&quot;sticky_offset&quot;:0,&quot;sticky_effects_offset&quot;:0,&quot;sticky_anchor_link_offset&quot;:0}\" data-widget_type=\"image.default\">\n\t\t\t\t<div class=\"elementor-widget-container\">\n\t\t\t\t\t\t\t\t\t\t\t\t\t\t\t<img fetchpriority=\"high\" decoding=\"async\" width=\"500\" height=\"700\" src=\"https:\/\/mdvisitclinic.com\/wp-content\/uploads\/2024\/06\/Orthopedics-Director.jpg\" class=\"attachment-large size-large wp-image-10079\" alt=\"\" srcset=\"https:\/\/mdvisitclinic.com\/wp-content\/uploads\/2024\/06\/Orthopedics-Director.jpg 500w, https:\/\/mdvisitclinic.com\/wp-content\/uploads\/2024\/06\/Orthopedics-Director-214x300.jpg 214w\" sizes=\"(max-width: 500px) 100vw, 500px\" \/>\t\t\t\t\t\t\t\t\t\t\t\t\t\t\t<\/div>\n\t\t\t\t<\/div>\n\t\t\t\t<\/div>\n\t\t\t\t\t<\/div>\n\t\t\t\t<\/div>\n\t\t\t\t<\/div>\n\t\t","protected":false},"excerpt":{"rendered":"<p>Ti\u1ebfn s\u0129 William F. Hefley, MD B\u00e1c s\u0129 ph\u1eabu thu\u1eadt ch\u1ec9nh h\u00ecnh \u0111\u01b0\u1ee3c ch\u1ee9ng nh\u1eadn c\u1ee7a H\u1ed9i \u0111\u1ed3ng qu\u1ea3n tr\u1ecb ch\u00ednh Chuy\u00ean khoa: Ph\u1eabu thu\u1eadt \u0111\u1ea7u g\u1ed1i, Ph\u1eabu thu\u1eadt h\u00f4ng, Ph\u1eabu thu\u1eadt vai, Y h\u1ecdc th\u1ec3 thao, B\u00e1c s\u0129 Bill Hefley chuy\u00ean v\u1ec1 ph\u1eabu thu\u1eadt x\u00e2m l\u1ea5n t\u1ed1i thi\u1ec3u \u0111\u1ea7u g\u1ed1i, h\u00f4ng v\u00e0 vai. S\u1edf [&hellip;]<\/p>\n","protected":false},"author":9,"featured_media":0,"parent":20956,"menu_order":0,"comment_status":"closed","ping_status":"closed","template":"elementor_header_footer","meta":{"_acf_changed":false,"_coblocks_attr":"","_coblocks_dimensions":"","_coblocks_responsive_height":"","_coblocks_accordion_ie_support":"","hide_page_title":"","footnotes":""},"class_list":["post-20995","page","type-page","status-publish","hentry"],"acf":[],"yoast_head":"<!-- This site is optimized with the Yoast SEO plugin v27.6 - https:\/\/yoast.com\/product\/yoast-seo-wordpress\/ -->\n<title>William F. Hefley - MDVISIT CLINIC<\/title>\n<meta name=\"robots\" content=\"noindex, follow, max-snippet:-1, max-image-preview:large, max-video-preview:-1\" \/>\n<meta property=\"og:locale\" content=\"vi_VN\" \/>\n<meta property=\"og:type\" content=\"article\" \/>\n<meta property=\"og:title\" content=\"William F. Hefley - MDVISIT CLINIC\" \/>\n<meta property=\"og:description\" content=\"Ti\u1ebfn s\u0129 William F. Hefley, MD B\u00e1c s\u0129 ph\u1eabu thu\u1eadt ch\u1ec9nh h\u00ecnh \u0111\u01b0\u1ee3c ch\u1ee9ng nh\u1eadn c\u1ee7a H\u1ed9i \u0111\u1ed3ng qu\u1ea3n tr\u1ecb ch\u00ednh Chuy\u00ean khoa: Ph\u1eabu thu\u1eadt \u0111\u1ea7u g\u1ed1i, Ph\u1eabu thu\u1eadt h\u00f4ng, Ph\u1eabu thu\u1eadt vai, Y h\u1ecdc th\u1ec3 thao, B\u00e1c s\u0129 Bill Hefley chuy\u00ean v\u1ec1 ph\u1eabu thu\u1eadt x\u00e2m l\u1ea5n t\u1ed1i thi\u1ec3u \u0111\u1ea7u g\u1ed1i, h\u00f4ng v\u00e0 vai. S\u1edf [&hellip;]\" \/>\n<meta property=\"og:url\" content=\"https:\/\/mdvisitclinic.com\/vi\/our-team\/william-f-hefley\/\" \/>\n<meta property=\"og:site_name\" content=\"MDVISIT CLINIC\" \/>\n<meta property=\"article:modified_time\" content=\"2024-12-23T09:43:13+00:00\" \/>\n<meta property=\"og:image\" content=\"https:\/\/mdvisitclinic.com\/wp-content\/uploads\/2024\/06\/Orthopedics-Director.jpg\" \/>\n<meta name=\"twitter:card\" content=\"summary_large_image\" \/>\n<meta name=\"twitter:label1\" content=\"Est. reading time\" \/>\n\t<meta name=\"twitter:data1\" content=\"4 minutes\" \/>\n<script type=\"application\/ld+json\" class=\"yoast-schema-graph\">{\"@context\":\"https:\\\/\\\/schema.org\",\"@graph\":[{\"@type\":\"WebPage\",\"@id\":\"https:\\\/\\\/mdvisitclinic.com\\\/vi\\\/our-team\\\/william-f-hefley\\\/\",\"url\":\"https:\\\/\\\/mdvisitclinic.com\\\/vi\\\/our-team\\\/william-f-hefley\\\/\",\"name\":\"William F. Hefley - MDVISIT CLINIC\",\"isPartOf\":{\"@id\":\"https:\\\/\\\/mdvisitclinic.com\\\/vi\\\/#website\"},\"primaryImageOfPage\":{\"@id\":\"https:\\\/\\\/mdvisitclinic.com\\\/vi\\\/our-team\\\/william-f-hefley\\\/#primaryimage\"},\"image\":{\"@id\":\"https:\\\/\\\/mdvisitclinic.com\\\/vi\\\/our-team\\\/william-f-hefley\\\/#primaryimage\"},\"thumbnailUrl\":\"https:\\\/\\\/mdvisitclinic.com\\\/wp-content\\\/uploads\\\/2024\\\/06\\\/Orthopedics-Director.jpg\",\"datePublished\":\"2024-10-25T06:12:48+00:00\",\"dateModified\":\"2024-12-23T09:43:13+00:00\",\"breadcrumb\":{\"@id\":\"https:\\\/\\\/mdvisitclinic.com\\\/vi\\\/our-team\\\/william-f-hefley\\\/#breadcrumb\"},\"inLanguage\":\"vi-VN\",\"potentialAction\":[{\"@type\":\"ReadAction\",\"target\":[\"https:\\\/\\\/mdvisitclinic.com\\\/vi\\\/our-team\\\/william-f-hefley\\\/\"]}]},{\"@type\":\"ImageObject\",\"inLanguage\":\"vi-VN\",\"@id\":\"https:\\\/\\\/mdvisitclinic.com\\\/vi\\\/our-team\\\/william-f-hefley\\\/#primaryimage\",\"url\":\"https:\\\/\\\/mdvisitclinic.com\\\/wp-content\\\/uploads\\\/2024\\\/06\\\/Orthopedics-Director.jpg\",\"contentUrl\":\"https:\\\/\\\/mdvisitclinic.com\\\/wp-content\\\/uploads\\\/2024\\\/06\\\/Orthopedics-Director.jpg\"},{\"@type\":\"BreadcrumbList\",\"@id\":\"https:\\\/\\\/mdvisitclinic.com\\\/vi\\\/our-team\\\/william-f-hefley\\\/#breadcrumb\",\"itemListElement\":[{\"@type\":\"ListItem\",\"position\":1,\"name\":\"Home\",\"item\":\"https:\\\/\\\/mdvisitclinic.com\\\/vi\\\/\"},{\"@type\":\"ListItem\",\"position\":2,\"name\":\"\u0110\u1ed9i ng\u0169 c\u1ee7a ch\u00fang t\u00f4i\",\"item\":\"https:\\\/\\\/mdvisitclinic.com\\\/vi\\\/our-team\\\/\"},{\"@type\":\"ListItem\",\"position\":3,\"name\":\"William F. Hefley\"}]},{\"@type\":\"WebSite\",\"@id\":\"https:\\\/\\\/mdvisitclinic.com\\\/vi\\\/#website\",\"url\":\"https:\\\/\\\/mdvisitclinic.com\\\/vi\\\/\",\"name\":\"MDVISIT CLINIC\",\"description\":\"\",\"publisher\":{\"@id\":\"https:\\\/\\\/mdvisitclinic.com\\\/vi\\\/#organization\"},\"potentialAction\":[{\"@type\":\"SearchAction\",\"target\":{\"@type\":\"EntryPoint\",\"urlTemplate\":\"https:\\\/\\\/mdvisitclinic.com\\\/vi\\\/?s={search_term_string}\"},\"query-input\":{\"@type\":\"PropertyValueSpecification\",\"valueRequired\":true,\"valueName\":\"search_term_string\"}}],\"inLanguage\":\"vi-VN\"},{\"@type\":\"Organization\",\"@id\":\"https:\\\/\\\/mdvisitclinic.com\\\/vi\\\/#organization\",\"name\":\"MDVISIT CLINIC\",\"url\":\"https:\\\/\\\/mdvisitclinic.com\\\/vi\\\/\",\"logo\":{\"@type\":\"ImageObject\",\"inLanguage\":\"vi-VN\",\"@id\":\"https:\\\/\\\/mdvisitclinic.com\\\/vi\\\/#\\\/schema\\\/logo\\\/image\\\/\",\"url\":\"https:\\\/\\\/mdvisitclinic.com\\\/wp-content\\\/uploads\\\/2024\\\/03\\\/logo.png\",\"contentUrl\":\"https:\\\/\\\/mdvisitclinic.com\\\/wp-content\\\/uploads\\\/2024\\\/03\\\/logo.png\",\"width\":768,\"height\":118,\"caption\":\"MDVISIT CLINIC\"},\"image\":{\"@id\":\"https:\\\/\\\/mdvisitclinic.com\\\/vi\\\/#\\\/schema\\\/logo\\\/image\\\/\"}}]}<\/script>\n<!-- \/ Yoast SEO plugin. -->","yoast_head_json":{"title":"William F. Hefley - MDVISIT CLINIC","robots":{"index":"noindex","follow":"follow","max-snippet":"max-snippet:-1","max-image-preview":"max-image-preview:large","max-video-preview":"max-video-preview:-1"},"og_locale":"vi_VN","og_type":"article","og_title":"William F. Hefley - MDVISIT CLINIC","og_description":"Ti\u1ebfn s\u0129 William F. Hefley, MD B\u00e1c s\u0129 ph\u1eabu thu\u1eadt ch\u1ec9nh h\u00ecnh \u0111\u01b0\u1ee3c ch\u1ee9ng nh\u1eadn c\u1ee7a H\u1ed9i \u0111\u1ed3ng qu\u1ea3n tr\u1ecb ch\u00ednh Chuy\u00ean khoa: Ph\u1eabu thu\u1eadt \u0111\u1ea7u g\u1ed1i, Ph\u1eabu thu\u1eadt h\u00f4ng, Ph\u1eabu thu\u1eadt vai, Y h\u1ecdc th\u1ec3 thao, B\u00e1c s\u0129 Bill Hefley chuy\u00ean v\u1ec1 ph\u1eabu thu\u1eadt x\u00e2m l\u1ea5n t\u1ed1i thi\u1ec3u \u0111\u1ea7u g\u1ed1i, h\u00f4ng v\u00e0 vai. S\u1edf [&hellip;]","og_url":"https:\/\/mdvisitclinic.com\/vi\/our-team\/william-f-hefley\/","og_site_name":"MDVISIT CLINIC","article_modified_time":"2024-12-23T09:43:13+00:00","og_image":[{"url":"https:\/\/mdvisitclinic.com\/wp-content\/uploads\/2024\/06\/Orthopedics-Director.jpg","type":"","width":"","height":""}],"twitter_card":"summary_large_image","twitter_misc":{"Est. reading time":"4 minutes"},"schema":{"@context":"https:\/\/schema.org","@graph":[{"@type":"WebPage","@id":"https:\/\/mdvisitclinic.com\/vi\/our-team\/william-f-hefley\/","url":"https:\/\/mdvisitclinic.com\/vi\/our-team\/william-f-hefley\/","name":"William F. Hefley - MDVISIT CLINIC","isPartOf":{"@id":"https:\/\/mdvisitclinic.com\/vi\/#website"},"primaryImageOfPage":{"@id":"https:\/\/mdvisitclinic.com\/vi\/our-team\/william-f-hefley\/#primaryimage"},"image":{"@id":"https:\/\/mdvisitclinic.com\/vi\/our-team\/william-f-hefley\/#primaryimage"},"thumbnailUrl":"https:\/\/mdvisitclinic.com\/wp-content\/uploads\/2024\/06\/Orthopedics-Director.jpg","datePublished":"2024-10-25T06:12:48+00:00","dateModified":"2024-12-23T09:43:13+00:00","breadcrumb":{"@id":"https:\/\/mdvisitclinic.com\/vi\/our-team\/william-f-hefley\/#breadcrumb"},"inLanguage":"vi-VN","potentialAction":[{"@type":"ReadAction","target":["https:\/\/mdvisitclinic.com\/vi\/our-team\/william-f-hefley\/"]}]},{"@type":"ImageObject","inLanguage":"vi-VN","@id":"https:\/\/mdvisitclinic.com\/vi\/our-team\/william-f-hefley\/#primaryimage","url":"https:\/\/mdvisitclinic.com\/wp-content\/uploads\/2024\/06\/Orthopedics-Director.jpg","contentUrl":"https:\/\/mdvisitclinic.com\/wp-content\/uploads\/2024\/06\/Orthopedics-Director.jpg"},{"@type":"BreadcrumbList","@id":"https:\/\/mdvisitclinic.com\/vi\/our-team\/william-f-hefley\/#breadcrumb","itemListElement":[{"@type":"ListItem","position":1,"name":"Home","item":"https:\/\/mdvisitclinic.com\/vi\/"},{"@type":"ListItem","position":2,"name":"\u0110\u1ed9i ng\u0169 c\u1ee7a ch\u00fang t\u00f4i","item":"https:\/\/mdvisitclinic.com\/vi\/our-team\/"},{"@type":"ListItem","position":3,"name":"William F. Hefley"}]},{"@type":"WebSite","@id":"https:\/\/mdvisitclinic.com\/vi\/#website","url":"https:\/\/mdvisitclinic.com\/vi\/","name":"MDVISIT CLINIC","description":"","publisher":{"@id":"https:\/\/mdvisitclinic.com\/vi\/#organization"},"potentialAction":[{"@type":"SearchAction","target":{"@type":"EntryPoint","urlTemplate":"https:\/\/mdvisitclinic.com\/vi\/?s={search_term_string}"},"query-input":{"@type":"PropertyValueSpecification","valueRequired":true,"valueName":"search_term_string"}}],"inLanguage":"vi-VN"},{"@type":"Organization","@id":"https:\/\/mdvisitclinic.com\/vi\/#organization","name":"MDVISIT CLINIC","url":"https:\/\/mdvisitclinic.com\/vi\/","logo":{"@type":"ImageObject","inLanguage":"vi-VN","@id":"https:\/\/mdvisitclinic.com\/vi\/#\/schema\/logo\/image\/","url":"https:\/\/mdvisitclinic.com\/wp-content\/uploads\/2024\/03\/logo.png","contentUrl":"https:\/\/mdvisitclinic.com\/wp-content\/uploads\/2024\/03\/logo.png","width":768,"height":118,"caption":"MDVISIT CLINIC"},"image":{"@id":"https:\/\/mdvisitclinic.com\/vi\/#\/schema\/logo\/image\/"}}]}},"_links":{"self":[{"href":"https:\/\/mdvisitclinic.com\/vi\/wp-json\/wp\/v2\/pages\/20995","targetHints":{"allow":["GET"]}}],"collection":[{"href":"https:\/\/mdvisitclinic.com\/vi\/wp-json\/wp\/v2\/pages"}],"about":[{"href":"https:\/\/mdvisitclinic.com\/vi\/wp-json\/wp\/v2\/types\/page"}],"author":[{"embeddable":true,"href":"https:\/\/mdvisitclinic.com\/vi\/wp-json\/wp\/v2\/users\/9"}],"replies":[{"embeddable":true,"href":"https:\/\/mdvisitclinic.com\/vi\/wp-json\/wp\/v2\/comments?post=20995"}],"version-history":[{"count":2,"href":"https:\/\/mdvisitclinic.com\/vi\/wp-json\/wp\/v2\/pages\/20995\/revisions"}],"predecessor-version":[{"id":22778,"href":"https:\/\/mdvisitclinic.com\/vi\/wp-json\/wp\/v2\/pages\/20995\/revisions\/22778"}],"up":[{"embeddable":true,"href":"https:\/\/mdvisitclinic.com\/vi\/wp-json\/wp\/v2\/pages\/20956"}],"wp:attachment":[{"href":"https:\/\/mdvisitclinic.com\/vi\/wp-json\/wp\/v2\/media?parent=20995"}],"curies":[{"name":"wp","href":"https:\/\/api.w.org\/{rel}","templated":true}]}}