{"id":20996,"date":"2024-10-24T05:49:28","date_gmt":"2024-10-24T05:49:28","guid":{"rendered":"https:\/\/f55.01f.myftpupload.com\/our-team\/teresa-farah\/"},"modified":"2024-12-23T09:43:23","modified_gmt":"2024-12-23T09:43:23","slug":"teresa-farah","status":"publish","type":"page","link":"https:\/\/mdvisitclinic.com\/vi\/our-team\/teresa-farah\/","title":{"rendered":"Teresa Farah"},"content":{"rendered":"\t\t<div data-elementor-type=\"wp-page\" data-elementor-id=\"20996\" class=\"elementor elementor-20996 elementor-17457\" data-elementor-post-type=\"page\">\n\t\t\t\t<div class=\"elementor-element elementor-element-bce02a8 e-flex e-con-boxed e-con e-parent\" data-id=\"bce02a8\" data-element_type=\"container\" data-e-type=\"container\" data-settings=\"{&quot;jet_parallax_layout_list&quot;:[]}\">\n\t\t\t\t\t<div class=\"e-con-inner\">\n\t\t<div class=\"elementor-element elementor-element-9b54728 e-con-full e-flex e-con e-child\" data-id=\"9b54728\" data-element_type=\"container\" data-e-type=\"container\" data-settings=\"{&quot;jet_parallax_layout_list&quot;:[]}\">\n\t\t<div class=\"elementor-element elementor-element-892b5f5 e-flex e-con-boxed e-con e-child\" data-id=\"892b5f5\" data-element_type=\"container\" data-e-type=\"container\" data-settings=\"{&quot;jet_parallax_layout_list&quot;:[]}\">\n\t\t\t\t\t<div class=\"e-con-inner\">\n\t\t\t\t<div class=\"elementor-element elementor-element-1efcb41 elementor-invisible elementor-widget elementor-widget-heading\" data-id=\"1efcb41\" data-element_type=\"widget\" data-e-type=\"widget\" data-settings=\"{&quot;_animation&quot;:&quot;fadeInDown&quot;,&quot;_animation_delay&quot;:0.40000000000000002}\" data-widget_type=\"heading.default\">\n\t\t\t\t<div class=\"elementor-widget-container\">\n\t\t\t\t\t<h1 class=\"elementor-heading-title elementor-size-default\">Teresa Farah<\/h1>\t\t\t\t<\/div>\n\t\t\t\t<\/div>\n\t\t\t\t<div class=\"elementor-element elementor-element-b68cd84 elementor-widget__width-inherit elementor-invisible elementor-widget elementor-widget-heading\" data-id=\"b68cd84\" data-element_type=\"widget\" data-e-type=\"widget\" data-settings=\"{&quot;_animation&quot;:&quot;fadeInDown&quot;,&quot;_animation_delay&quot;:0.59999999999999998}\" data-widget_type=\"heading.default\">\n\t\t\t\t<div class=\"elementor-widget-container\">\n\t\t\t\t\t<h6 class=\"elementor-heading-title elementor-size-default\">Gi\u00e1m \u0111\u1ed1c ph\u00e1p l\u00fd, Gi\u00e1m \u0111\u1ed1c qu\u1ea3n tr\u1ecb<\/h6>\t\t\t\t<\/div>\n\t\t\t\t<\/div>\n\t\t\t\t\t<\/div>\n\t\t\t\t<\/div>\n\t\t<div class=\"elementor-element elementor-element-d05798f e-con-full e-flex e-con e-child\" data-id=\"d05798f\" data-element_type=\"container\" data-e-type=\"container\" data-settings=\"{&quot;jet_parallax_layout_list&quot;:[]}\">\n\t\t\t\t<div class=\"elementor-element elementor-element-5b31c5a elementor-widget__width-inherit team_desc elementor-invisible elementor-widget elementor-widget-text-editor\" data-id=\"5b31c5a\" data-element_type=\"widget\" data-e-type=\"widget\" data-settings=\"{&quot;_animation&quot;:&quot;fadeIn&quot;,&quot;_animation_delay&quot;:1}\" data-widget_type=\"text-editor.default\">\n\t\t\t\t<div class=\"elementor-widget-container\">\n\t\t\t\t\t\t\t\t\t<p>Teresa Farah l\u00e0 Gi\u00e1m \u0111\u1ed1c Ph\u00e1p l\u00fd, Gi\u00e1m \u0111\u1ed1c Qu\u1ea3n tr\u1ecb v\u00e0 Th\u01b0 k\u00fd t\u1ea1i MDVISIT CLINIC.. Trong vai tr\u00f2 n\u00e0y, c\u00f4 \u1ea5y ch\u1ecbu tr\u00e1ch nhi\u1ec7m v\u1ec1 t\u1ea5t c\u1ea3 c\u00e1c v\u1ea5n \u0111\u1ec1 ph\u00e1p l\u00fd trong MDVISIT CLINIC. Teresa l\u00e0 m\u1ed9t lu\u1eadt s\u01b0 giao d\u1ecbch v\u00e0 chi\u1ebfn l\u01b0\u1ee3c gia kinh doanh t\u1eebng \u0111o\u1ea1t gi\u1ea3i th\u01b0\u1edfng, ng\u01b0\u1eddi \u0111\u00e3 l\u00e0m vi\u1ec7c trong kinh doanh qu\u1ed1c t\u1ebf trong h\u01a1n ba m\u01b0\u01a1i n\u0103m. C\u00f4 \u0111\u00e3 \u0111\u1ea1i di\u1ec7n cho c\u00e1c kh\u00e1ch h\u00e0ng kh\u00e1c nhau, t\u1eeb Ch\u00ednh ph\u1ee7 Dubai, Walmart, Tyson Foods v\u00e0 Sam&#8217;s Club.<\/p>\n<p>Tr\u01b0\u1edbc khi tr\u1edf v\u1ec1 Hoa K\u1ef3, Teresa \u0111\u00e3 l\u00e0m vi\u1ec7c t\u1ea1i Dubai, UAE trong b\u1ea3y n\u0103m, c\u1ea3 trong khu v\u1ef1c t\u01b0 nh\u00e2n v\u00e0 c\u00f4ng c\u1ed9ng. Khi \u1edf Dubai, b\u00e0 t\u1eebng l\u00e0 Tr\u01b0\u1edfng ph\u00f2ng Ph\u00e1p l\u00fd cho V\u0103n ph\u00f2ng \u0110i\u1ec1u h\u00e0nh c\u1ee7a Ng\u01b0\u1eddi cai tr\u1ecb Dubai, Sheikh Mohammed Bin Rashid Al Maktoum.<\/p>\n<p>Trong nhi\u1ec7m k\u1ef3 c\u1ee7a m\u00ecnh v\u1edbi ch\u00ednh ph\u1ee7 Dubai, Teresa l\u00e0 c\u1ed1 v\u1ea5n ch\u00ednh \u0111\u1ea1i di\u1ec7n cho ch\u00ednh ph\u1ee7 Dubai trong nhi\u1ec1u li\u00ean doanh tr\u1ecb gi\u00e1 h\u00e0ng t\u1ef7 \u0111\u00f4 la gi\u1eefa ch\u00ednh ph\u1ee7 v\u00e0 c\u00e1c t\u1eadp \u0111o\u00e0n \u0111a qu\u1ed1c gia, c\u00e1c c\u00f4ng ty Fortune 500 v\u00e0 c\u00e1c ch\u00ednh ph\u1ee7 kh\u00e1c. L\u00e0 Tr\u01b0\u1edfng ph\u00f2ng Ph\u00e1p l\u00fd cho Ng\u01b0\u1eddi cai tr\u1ecb Dubai, Teresa qu\u1ea3n l\u00fd c\u00e1c y\u00eau c\u1ea7u ph\u00e1p l\u00fd c\u1ee7a danh m\u1ee5c t\u00e0i s\u1ea3n tr\u1ecb gi\u00e1 h\u00e0ng t\u1ef7 \u0111\u00f4 la, bao g\u1ed3m t\u1ea5t c\u1ea3 c\u00e1c th\u1ef1c th\u1ec3 thu\u1ed9c th\u1ea9m quy\u1ec1n c\u1ee7a V\u0103n ph\u00f2ng \u0111i\u1ec1u h\u00e0nh c\u1ee7a ch\u00ednh ph\u1ee7 Dubai, bao g\u1ed3m: C\u01a1 quan \u0110\u1ea7u t\u01b0 v\u00e0 Ph\u00e1t tri\u1ec3n Dubai; S\u00e0n giao d\u1ecbch h\u00e0ng h\u00f3a Dubai; Dubai Energy Limited; Dubai Healthcare City (m\u1ed9t khu v\u1ef1c mi\u1ec5n ph\u00ed ch\u0103m s\u00f3c s\u1ee9c kh\u1ecfe r\u1ed9ng 4,1 tri\u1ec7u foot vu\u00f4ng) \u0111\u01b0\u1ee3c ph\u00e1t tri\u1ec3n c\u00f9ng v\u1edbi Harvard Medical; Th\u00e0nh ph\u1ed1 c\u00f4ng nghi\u1ec7p Dubai; Dubailand, LLC (m\u1ed9t khu ph\u1ee9c h\u1ee3p d\u00e2n c\u01b0 v\u00e0 gi\u1ea3i tr\u00ed tr\u1ecb gi\u00e1 h\u00e0ng t\u1ef7 \u0111\u00f4 la); Jumeirah, LLC (m\u1ed9t t\u1eadp \u0111o\u00e0n kh\u00e1ch s\u1ea1n v\u00e0 kh\u00e1ch s\u1ea1n to\u00e0n c\u1ea7u sang tr\u1ecdng); Tr\u01b0\u1eddng Ch\u00ednh ph\u1ee7 Dubai (\u0111\u01b0\u1ee3c ph\u00e1t tri\u1ec3n v\u1edbi Tr\u01b0\u1eddng Ch\u00ednh ph\u1ee7 Kennedy c\u1ee7a \u0110\u1ea1i h\u1ecdc Harvard); v\u00e0 Th\u00e0nh ph\u1ed1 Nh\u00e2n \u0111\u1ea1o Qu\u1ed1c t\u1ebf Dubai (trung t\u00e2m nh\u00e2n \u0111\u1ea1o l\u1edbn nh\u1ea5t th\u1ebf gi\u1edbi). <\/p>\n\t\t\t\t\t\t\t\t<\/div>\n\t\t\t\t<\/div>\n\t\t\t\t<\/div>\n\t\t\t\t<\/div>\n\t\t<div class=\"elementor-element elementor-element-c1d129e e-con-full e-flex e-con e-child\" data-id=\"c1d129e\" data-element_type=\"container\" data-e-type=\"container\" data-settings=\"{&quot;jet_parallax_layout_list&quot;:[]}\">\n\t\t\t\t<div class=\"elementor-element elementor-element-3c505af animated-slow elementor-invisible elementor-widget elementor-widget-image\" data-id=\"3c505af\" data-element_type=\"widget\" data-e-type=\"widget\" data-settings=\"{&quot;_animation&quot;:&quot;fadeInLeft&quot;,&quot;_animation_mobile&quot;:&quot;none&quot;,&quot;_animation_delay&quot;:1.5,&quot;sticky&quot;:&quot;top&quot;,&quot;sticky_on&quot;:[&quot;widescreen&quot;,&quot;desktop&quot;,&quot;tablet&quot;],&quot;sticky_parent&quot;:&quot;yes&quot;,&quot;sticky_offset&quot;:0,&quot;sticky_effects_offset&quot;:0,&quot;sticky_anchor_link_offset&quot;:0}\" data-widget_type=\"image.default\">\n\t\t\t\t<div class=\"elementor-widget-container\">\n\t\t\t\t\t\t\t\t\t\t\t\t\t\t\t<img fetchpriority=\"high\" decoding=\"async\" width=\"334\" height=\"415\" src=\"https:\/\/mdvisitclinic.com\/wp-content\/uploads\/2024\/06\/Teresa-Farah-img.png\" class=\"attachment-large size-large wp-image-9000\" alt=\"\" srcset=\"https:\/\/mdvisitclinic.com\/wp-content\/uploads\/2024\/06\/Teresa-Farah-img.png 334w, https:\/\/mdvisitclinic.com\/wp-content\/uploads\/2024\/06\/Teresa-Farah-img-241x300.png 241w\" sizes=\"(max-width: 334px) 100vw, 334px\" \/>\t\t\t\t\t\t\t\t\t\t\t\t\t\t\t<\/div>\n\t\t\t\t<\/div>\n\t\t\t\t<\/div>\n\t\t\t\t\t<\/div>\n\t\t\t\t<\/div>\n\t\t\t\t<\/div>\n\t\t","protected":false},"excerpt":{"rendered":"<p>Teresa Farah Gi\u00e1m \u0111\u1ed1c ph\u00e1p l\u00fd, Gi\u00e1m \u0111\u1ed1c qu\u1ea3n tr\u1ecb Teresa Farah l\u00e0 Gi\u00e1m \u0111\u1ed1c Ph\u00e1p l\u00fd, Gi\u00e1m \u0111\u1ed1c Qu\u1ea3n tr\u1ecb v\u00e0 Th\u01b0 k\u00fd t\u1ea1i MDVISIT CLINIC.. Trong vai tr\u00f2 n\u00e0y, c\u00f4 \u1ea5y ch\u1ecbu tr\u00e1ch nhi\u1ec7m v\u1ec1 t\u1ea5t c\u1ea3 c\u00e1c v\u1ea5n \u0111\u1ec1 ph\u00e1p l\u00fd trong MDVISIT CLINIC. Teresa l\u00e0 m\u1ed9t lu\u1eadt s\u01b0 giao d\u1ecbch v\u00e0 [&hellip;]<\/p>\n","protected":false},"author":9,"featured_media":0,"parent":20956,"menu_order":0,"comment_status":"closed","ping_status":"closed","template":"elementor_header_footer","meta":{"_acf_changed":false,"_coblocks_attr":"","_coblocks_dimensions":"","_coblocks_responsive_height":"","_coblocks_accordion_ie_support":"","hide_page_title":"","footnotes":""},"class_list":["post-20996","page","type-page","status-publish","hentry"],"acf":[],"yoast_head":"<!-- This site is optimized with the Yoast SEO plugin v27.6 - https:\/\/yoast.com\/product\/yoast-seo-wordpress\/ -->\n<title>Teresa Farah - MDVISIT CLINIC<\/title>\n<meta name=\"robots\" content=\"noindex, follow, max-snippet:-1, max-image-preview:large, max-video-preview:-1\" \/>\n<meta property=\"og:locale\" content=\"vi_VN\" \/>\n<meta property=\"og:type\" content=\"article\" \/>\n<meta property=\"og:title\" content=\"Teresa Farah - MDVISIT CLINIC\" \/>\n<meta property=\"og:description\" content=\"Teresa Farah Gi\u00e1m \u0111\u1ed1c ph\u00e1p l\u00fd, Gi\u00e1m \u0111\u1ed1c qu\u1ea3n tr\u1ecb Teresa Farah l\u00e0 Gi\u00e1m \u0111\u1ed1c Ph\u00e1p l\u00fd, Gi\u00e1m \u0111\u1ed1c Qu\u1ea3n tr\u1ecb v\u00e0 Th\u01b0 k\u00fd t\u1ea1i MDVISIT CLINIC.. Trong vai tr\u00f2 n\u00e0y, c\u00f4 \u1ea5y ch\u1ecbu tr\u00e1ch nhi\u1ec7m v\u1ec1 t\u1ea5t c\u1ea3 c\u00e1c v\u1ea5n \u0111\u1ec1 ph\u00e1p l\u00fd trong MDVISIT CLINIC. Teresa l\u00e0 m\u1ed9t lu\u1eadt s\u01b0 giao d\u1ecbch v\u00e0 [&hellip;]\" \/>\n<meta property=\"og:url\" content=\"https:\/\/mdvisitclinic.com\/vi\/our-team\/teresa-farah\/\" \/>\n<meta property=\"og:site_name\" content=\"MDVISIT CLINIC\" \/>\n<meta property=\"article:modified_time\" content=\"2024-12-23T09:43:23+00:00\" \/>\n<meta property=\"og:image\" content=\"https:\/\/mdvisitclinic.com\/wp-content\/uploads\/2024\/06\/Teresa-Farah-img.png\" \/>\n<meta name=\"twitter:card\" content=\"summary_large_image\" \/>\n<meta name=\"twitter:label1\" content=\"Est. reading time\" \/>\n\t<meta name=\"twitter:data1\" content=\"3 minutes\" \/>\n<script type=\"application\/ld+json\" class=\"yoast-schema-graph\">{\"@context\":\"https:\\\/\\\/schema.org\",\"@graph\":[{\"@type\":\"WebPage\",\"@id\":\"https:\\\/\\\/mdvisitclinic.com\\\/vi\\\/our-team\\\/teresa-farah\\\/\",\"url\":\"https:\\\/\\\/mdvisitclinic.com\\\/vi\\\/our-team\\\/teresa-farah\\\/\",\"name\":\"Teresa Farah - MDVISIT CLINIC\",\"isPartOf\":{\"@id\":\"https:\\\/\\\/mdvisitclinic.com\\\/vi\\\/#website\"},\"primaryImageOfPage\":{\"@id\":\"https:\\\/\\\/mdvisitclinic.com\\\/vi\\\/our-team\\\/teresa-farah\\\/#primaryimage\"},\"image\":{\"@id\":\"https:\\\/\\\/mdvisitclinic.com\\\/vi\\\/our-team\\\/teresa-farah\\\/#primaryimage\"},\"thumbnailUrl\":\"https:\\\/\\\/mdvisitclinic.com\\\/wp-content\\\/uploads\\\/2024\\\/06\\\/Teresa-Farah-img.png\",\"datePublished\":\"2024-10-24T05:49:28+00:00\",\"dateModified\":\"2024-12-23T09:43:23+00:00\",\"breadcrumb\":{\"@id\":\"https:\\\/\\\/mdvisitclinic.com\\\/vi\\\/our-team\\\/teresa-farah\\\/#breadcrumb\"},\"inLanguage\":\"vi-VN\",\"potentialAction\":[{\"@type\":\"ReadAction\",\"target\":[\"https:\\\/\\\/mdvisitclinic.com\\\/vi\\\/our-team\\\/teresa-farah\\\/\"]}]},{\"@type\":\"ImageObject\",\"inLanguage\":\"vi-VN\",\"@id\":\"https:\\\/\\\/mdvisitclinic.com\\\/vi\\\/our-team\\\/teresa-farah\\\/#primaryimage\",\"url\":\"https:\\\/\\\/mdvisitclinic.com\\\/wp-content\\\/uploads\\\/2024\\\/06\\\/Teresa-Farah-img.png\",\"contentUrl\":\"https:\\\/\\\/mdvisitclinic.com\\\/wp-content\\\/uploads\\\/2024\\\/06\\\/Teresa-Farah-img.png\"},{\"@type\":\"BreadcrumbList\",\"@id\":\"https:\\\/\\\/mdvisitclinic.com\\\/vi\\\/our-team\\\/teresa-farah\\\/#breadcrumb\",\"itemListElement\":[{\"@type\":\"ListItem\",\"position\":1,\"name\":\"Home\",\"item\":\"https:\\\/\\\/mdvisitclinic.com\\\/vi\\\/\"},{\"@type\":\"ListItem\",\"position\":2,\"name\":\"\u0110\u1ed9i ng\u0169 c\u1ee7a ch\u00fang t\u00f4i\",\"item\":\"https:\\\/\\\/mdvisitclinic.com\\\/vi\\\/our-team\\\/\"},{\"@type\":\"ListItem\",\"position\":3,\"name\":\"Teresa Farah\"}]},{\"@type\":\"WebSite\",\"@id\":\"https:\\\/\\\/mdvisitclinic.com\\\/vi\\\/#website\",\"url\":\"https:\\\/\\\/mdvisitclinic.com\\\/vi\\\/\",\"name\":\"MDVISIT CLINIC\",\"description\":\"\",\"publisher\":{\"@id\":\"https:\\\/\\\/mdvisitclinic.com\\\/vi\\\/#organization\"},\"potentialAction\":[{\"@type\":\"SearchAction\",\"target\":{\"@type\":\"EntryPoint\",\"urlTemplate\":\"https:\\\/\\\/mdvisitclinic.com\\\/vi\\\/?s={search_term_string}\"},\"query-input\":{\"@type\":\"PropertyValueSpecification\",\"valueRequired\":true,\"valueName\":\"search_term_string\"}}],\"inLanguage\":\"vi-VN\"},{\"@type\":\"Organization\",\"@id\":\"https:\\\/\\\/mdvisitclinic.com\\\/vi\\\/#organization\",\"name\":\"MDVISIT CLINIC\",\"url\":\"https:\\\/\\\/mdvisitclinic.com\\\/vi\\\/\",\"logo\":{\"@type\":\"ImageObject\",\"inLanguage\":\"vi-VN\",\"@id\":\"https:\\\/\\\/mdvisitclinic.com\\\/vi\\\/#\\\/schema\\\/logo\\\/image\\\/\",\"url\":\"https:\\\/\\\/mdvisitclinic.com\\\/wp-content\\\/uploads\\\/2024\\\/03\\\/logo.png\",\"contentUrl\":\"https:\\\/\\\/mdvisitclinic.com\\\/wp-content\\\/uploads\\\/2024\\\/03\\\/logo.png\",\"width\":768,\"height\":118,\"caption\":\"MDVISIT CLINIC\"},\"image\":{\"@id\":\"https:\\\/\\\/mdvisitclinic.com\\\/vi\\\/#\\\/schema\\\/logo\\\/image\\\/\"}}]}<\/script>\n<!-- \/ Yoast SEO plugin. -->","yoast_head_json":{"title":"Teresa Farah - MDVISIT CLINIC","robots":{"index":"noindex","follow":"follow","max-snippet":"max-snippet:-1","max-image-preview":"max-image-preview:large","max-video-preview":"max-video-preview:-1"},"og_locale":"vi_VN","og_type":"article","og_title":"Teresa Farah - MDVISIT CLINIC","og_description":"Teresa Farah Gi\u00e1m \u0111\u1ed1c ph\u00e1p l\u00fd, Gi\u00e1m \u0111\u1ed1c qu\u1ea3n tr\u1ecb Teresa Farah l\u00e0 Gi\u00e1m \u0111\u1ed1c Ph\u00e1p l\u00fd, Gi\u00e1m \u0111\u1ed1c Qu\u1ea3n tr\u1ecb v\u00e0 Th\u01b0 k\u00fd t\u1ea1i MDVISIT CLINIC.. Trong vai tr\u00f2 n\u00e0y, c\u00f4 \u1ea5y ch\u1ecbu tr\u00e1ch nhi\u1ec7m v\u1ec1 t\u1ea5t c\u1ea3 c\u00e1c v\u1ea5n \u0111\u1ec1 ph\u00e1p l\u00fd trong MDVISIT CLINIC. Teresa l\u00e0 m\u1ed9t lu\u1eadt s\u01b0 giao d\u1ecbch v\u00e0 [&hellip;]","og_url":"https:\/\/mdvisitclinic.com\/vi\/our-team\/teresa-farah\/","og_site_name":"MDVISIT CLINIC","article_modified_time":"2024-12-23T09:43:23+00:00","og_image":[{"url":"https:\/\/mdvisitclinic.com\/wp-content\/uploads\/2024\/06\/Teresa-Farah-img.png","type":"","width":"","height":""}],"twitter_card":"summary_large_image","twitter_misc":{"Est. reading time":"3 minutes"},"schema":{"@context":"https:\/\/schema.org","@graph":[{"@type":"WebPage","@id":"https:\/\/mdvisitclinic.com\/vi\/our-team\/teresa-farah\/","url":"https:\/\/mdvisitclinic.com\/vi\/our-team\/teresa-farah\/","name":"Teresa Farah - MDVISIT CLINIC","isPartOf":{"@id":"https:\/\/mdvisitclinic.com\/vi\/#website"},"primaryImageOfPage":{"@id":"https:\/\/mdvisitclinic.com\/vi\/our-team\/teresa-farah\/#primaryimage"},"image":{"@id":"https:\/\/mdvisitclinic.com\/vi\/our-team\/teresa-farah\/#primaryimage"},"thumbnailUrl":"https:\/\/mdvisitclinic.com\/wp-content\/uploads\/2024\/06\/Teresa-Farah-img.png","datePublished":"2024-10-24T05:49:28+00:00","dateModified":"2024-12-23T09:43:23+00:00","breadcrumb":{"@id":"https:\/\/mdvisitclinic.com\/vi\/our-team\/teresa-farah\/#breadcrumb"},"inLanguage":"vi-VN","potentialAction":[{"@type":"ReadAction","target":["https:\/\/mdvisitclinic.com\/vi\/our-team\/teresa-farah\/"]}]},{"@type":"ImageObject","inLanguage":"vi-VN","@id":"https:\/\/mdvisitclinic.com\/vi\/our-team\/teresa-farah\/#primaryimage","url":"https:\/\/mdvisitclinic.com\/wp-content\/uploads\/2024\/06\/Teresa-Farah-img.png","contentUrl":"https:\/\/mdvisitclinic.com\/wp-content\/uploads\/2024\/06\/Teresa-Farah-img.png"},{"@type":"BreadcrumbList","@id":"https:\/\/mdvisitclinic.com\/vi\/our-team\/teresa-farah\/#breadcrumb","itemListElement":[{"@type":"ListItem","position":1,"name":"Home","item":"https:\/\/mdvisitclinic.com\/vi\/"},{"@type":"ListItem","position":2,"name":"\u0110\u1ed9i ng\u0169 c\u1ee7a ch\u00fang t\u00f4i","item":"https:\/\/mdvisitclinic.com\/vi\/our-team\/"},{"@type":"ListItem","position":3,"name":"Teresa Farah"}]},{"@type":"WebSite","@id":"https:\/\/mdvisitclinic.com\/vi\/#website","url":"https:\/\/mdvisitclinic.com\/vi\/","name":"MDVISIT CLINIC","description":"","publisher":{"@id":"https:\/\/mdvisitclinic.com\/vi\/#organization"},"potentialAction":[{"@type":"SearchAction","target":{"@type":"EntryPoint","urlTemplate":"https:\/\/mdvisitclinic.com\/vi\/?s={search_term_string}"},"query-input":{"@type":"PropertyValueSpecification","valueRequired":true,"valueName":"search_term_string"}}],"inLanguage":"vi-VN"},{"@type":"Organization","@id":"https:\/\/mdvisitclinic.com\/vi\/#organization","name":"MDVISIT CLINIC","url":"https:\/\/mdvisitclinic.com\/vi\/","logo":{"@type":"ImageObject","inLanguage":"vi-VN","@id":"https:\/\/mdvisitclinic.com\/vi\/#\/schema\/logo\/image\/","url":"https:\/\/mdvisitclinic.com\/wp-content\/uploads\/2024\/03\/logo.png","contentUrl":"https:\/\/mdvisitclinic.com\/wp-content\/uploads\/2024\/03\/logo.png","width":768,"height":118,"caption":"MDVISIT CLINIC"},"image":{"@id":"https:\/\/mdvisitclinic.com\/vi\/#\/schema\/logo\/image\/"}}]}},"_links":{"self":[{"href":"https:\/\/mdvisitclinic.com\/vi\/wp-json\/wp\/v2\/pages\/20996","targetHints":{"allow":["GET"]}}],"collection":[{"href":"https:\/\/mdvisitclinic.com\/vi\/wp-json\/wp\/v2\/pages"}],"about":[{"href":"https:\/\/mdvisitclinic.com\/vi\/wp-json\/wp\/v2\/types\/page"}],"author":[{"embeddable":true,"href":"https:\/\/mdvisitclinic.com\/vi\/wp-json\/wp\/v2\/users\/9"}],"replies":[{"embeddable":true,"href":"https:\/\/mdvisitclinic.com\/vi\/wp-json\/wp\/v2\/comments?post=20996"}],"version-history":[{"count":2,"href":"https:\/\/mdvisitclinic.com\/vi\/wp-json\/wp\/v2\/pages\/20996\/revisions"}],"predecessor-version":[{"id":22788,"href":"https:\/\/mdvisitclinic.com\/vi\/wp-json\/wp\/v2\/pages\/20996\/revisions\/22788"}],"up":[{"embeddable":true,"href":"https:\/\/mdvisitclinic.com\/vi\/wp-json\/wp\/v2\/pages\/20956"}],"wp:attachment":[{"href":"https:\/\/mdvisitclinic.com\/vi\/wp-json\/wp\/v2\/media?parent=20996"}],"curies":[{"name":"wp","href":"https:\/\/api.w.org\/{rel}","templated":true}]}}