{"id":20999,"date":"2024-10-25T06:54:58","date_gmt":"2024-10-25T06:54:58","guid":{"rendered":"https:\/\/f55.01f.myftpupload.com\/our-team\/zach-mason\/"},"modified":"2024-12-23T09:43:13","modified_gmt":"2024-12-23T09:43:13","slug":"zach-mason","status":"publish","type":"page","link":"https:\/\/mdvisitclinic.com\/vi\/our-team\/zach-mason\/","title":{"rendered":"Zach Mason"},"content":{"rendered":"\t\t<div data-elementor-type=\"wp-page\" data-elementor-id=\"20999\" class=\"elementor elementor-20999 elementor-17610\" data-elementor-post-type=\"page\">\n\t\t\t\t<div class=\"elementor-element elementor-element-bda286a e-flex e-con-boxed e-con e-parent\" data-id=\"bda286a\" data-element_type=\"container\" data-e-type=\"container\" data-settings=\"{&quot;jet_parallax_layout_list&quot;:[]}\">\n\t\t\t\t\t<div class=\"e-con-inner\">\n\t\t<div class=\"elementor-element elementor-element-23cd788 e-con-full e-flex e-con e-child\" data-id=\"23cd788\" data-element_type=\"container\" data-e-type=\"container\" data-settings=\"{&quot;jet_parallax_layout_list&quot;:[]}\">\n\t\t<div class=\"elementor-element elementor-element-2833056 e-flex e-con-boxed e-con e-child\" data-id=\"2833056\" data-element_type=\"container\" data-e-type=\"container\" data-settings=\"{&quot;jet_parallax_layout_list&quot;:[]}\">\n\t\t\t\t\t<div class=\"e-con-inner\">\n\t\t\t\t<div class=\"elementor-element elementor-element-1432003 elementor-invisible elementor-widget elementor-widget-heading\" data-id=\"1432003\" data-element_type=\"widget\" data-e-type=\"widget\" data-settings=\"{&quot;_animation&quot;:&quot;fadeInDown&quot;,&quot;_animation_delay&quot;:0.40000000000000002}\" data-widget_type=\"heading.default\">\n\t\t\t\t<div class=\"elementor-widget-container\">\n\t\t\t\t\t<h1 class=\"elementor-heading-title elementor-size-default\">Ti\u1ebfn s\u0129 Zach Mason, MD  <\/h1>\t\t\t\t<\/div>\n\t\t\t\t<\/div>\n\t\t\t\t<div class=\"elementor-element elementor-element-6f7e82a elementor-widget__width-inherit elementor-invisible elementor-widget elementor-widget-heading\" data-id=\"6f7e82a\" data-element_type=\"widget\" data-e-type=\"widget\" data-settings=\"{&quot;_animation&quot;:&quot;fadeInDown&quot;,&quot;_animation_delay&quot;:0.59999999999999998}\" data-widget_type=\"heading.default\">\n\t\t\t\t<div class=\"elementor-widget-container\">\n\t\t\t\t\t<h6 class=\"elementor-heading-title elementor-size-default\">Ban l\u00e3nh \u0111\u1ea1o B\u00e1c s\u0129 ph\u1eabu thu\u1eadt th\u1ea7n kinh \u0111\u01b0\u1ee3c ch\u1ee9ng nh\u1eadn<\/h6>\t\t\t\t<\/div>\n\t\t\t\t<\/div>\n\t\t\t\t\t<\/div>\n\t\t\t\t<\/div>\n\t\t<div class=\"elementor-element elementor-element-b6e1879 e-con-full e-flex e-con e-child\" data-id=\"b6e1879\" data-element_type=\"container\" data-e-type=\"container\" data-settings=\"{&quot;jet_parallax_layout_list&quot;:[]}\">\n\t\t<div class=\"elementor-element elementor-element-1d368f8 e-con-full e-flex e-con e-child\" data-id=\"1d368f8\" data-element_type=\"container\" data-e-type=\"container\" data-settings=\"{&quot;jet_parallax_layout_list&quot;:[]}\">\n\t\t\t\t<div class=\"elementor-element elementor-element-05c8ed5 elementor-widget__width-inherit team_desc elementor-invisible elementor-widget elementor-widget-text-editor\" data-id=\"05c8ed5\" data-element_type=\"widget\" data-e-type=\"widget\" data-settings=\"{&quot;_animation&quot;:&quot;fadeIn&quot;,&quot;_animation_delay&quot;:1}\" data-widget_type=\"text-editor.default\">\n\t\t\t\t<div class=\"elementor-widget-container\">\n\t\t\t\t\t\t\t\t\t<p>Ti\u1ebfn s\u0129 Mason l\u00e0 m\u1ed9t b\u00e1c s\u0129 ph\u1eabu thu\u1eadt th\u1ea7n kinh chuy\u00ean v\u1ec1 Ph\u1eabu thu\u1eadt c\u1ed9t s\u1ed1ng th\u1eaft l\u01b0ng v\u00e0 c\u1ed5 t\u1eed cung. \u00d4ng l\u00e0 b\u00e1c s\u0129 ph\u1eabu thu\u1eadt th\u1ea7n kinh ch\u00ednh, m\u1ed9t trong 14 ng\u01b0\u1eddi, v\u00e0 l\u00e0 ch\u1ee7 s\u1edf h\u1eefu c\u1ee7a B\u1ec7nh vi\u1ec7n Ph\u1eabu thu\u1eadt Arkansas, <\/p>\n<p>Ti\u1ebfn s\u0129 Mason l\u00e0 ng\u01b0\u1eddi g\u1ed1c Stuttgart, Arkansas v\u00e0 t\u1ed1t nghi\u1ec7p ch\u01b0\u01a1ng tr\u00ecnh ph\u1eabu thu\u1eadt th\u1ea7n kinh n\u0103m 1983 t\u1ea1i \u0110\u1ea1i h\u1ecdc Khoa h\u1ecdc Y khoa Arkansas. \u00d4ng \u0111\u01b0\u1ee3c ch\u1ee9ng nh\u1eadn b\u1edfi H\u1ed9i \u0111\u1ed3ng Ph\u1eabu thu\u1eadt Th\u1ea7n kinh Hoa K\u1ef3 v\u00e0 \u0111\u00e3 l\u00e0m vi\u1ec7c v\u1edbi Hi\u1ec7p h\u1ed9i Ph\u1eabu thu\u1eadt Th\u1ea7n kinh t\u1eeb n\u0103m 1983. B\u00e1c s\u0129 Mason \u0111\u00e3 \u0111\u01b0\u1ee3c b\u00ecnh ch\u1ecdn l\u00e0 m\u1ed9t trong nh\u1eefng b\u00e1c s\u0129 ph\u1eabu thu\u1eadt th\u1ea7n kinh h\u00e0ng \u0111\u1ea7u c\u1ee7a Arkansas v\u00e0 hi\u1ec7n l\u00e0 Tr\u01b0\u1edfng khoa Ph\u1eabu thu\u1eadt t\u1ea1i B\u1ec7nh vi\u1ec7n Ph\u1eabu thu\u1eadt Arkansas.  <\/p>\n\t\t\t\t\t\t\t\t<\/div>\n\t\t\t\t<\/div>\n\t\t\t\t<div class=\"elementor-element elementor-element-8786cf3 elementor-invisible elementor-widget elementor-widget-heading\" data-id=\"8786cf3\" data-element_type=\"widget\" data-e-type=\"widget\" data-settings=\"{&quot;_animation&quot;:&quot;fadeIn&quot;,&quot;_animation_delay&quot;:1}\" data-widget_type=\"heading.default\">\n\t\t\t\t<div class=\"elementor-widget-container\">\n\t\t\t\t\t<h5 class=\"elementor-heading-title elementor-size-default\">Th\u00f4ng tin chuy\u00ean m\u00f4n<\/h5>\t\t\t\t<\/div>\n\t\t\t\t<\/div>\n\t\t\t\t<div class=\"elementor-element elementor-element-dbecb2b elementor-widget__width-inherit team_desc elementor-invisible elementor-widget elementor-widget-text-editor\" data-id=\"dbecb2b\" data-element_type=\"widget\" data-e-type=\"widget\" data-settings=\"{&quot;_animation&quot;:&quot;fadeIn&quot;,&quot;_animation_delay&quot;:1}\" data-widget_type=\"text-editor.default\">\n\t\t\t\t<div class=\"elementor-widget-container\">\n\t\t\t\t\t\t\t\t\t<p><strong>\u0110\u1ea1i h\u1ecdc<\/strong>: \u0110\u1ea1i h\u1ecdc Arkansas t\u1ea1i Fayetteville, 1970-1973<br \/><strong>Tr\u01b0\u1eddng Y<\/strong>: UAMS<\/p>\n<p><strong>N\u0103m t\u1ed1t nghi\u1ec7p:<\/strong> 1977<\/p>\n<p><strong>Ch\u1ee9ng nh\u1eadn:<\/strong> MD<\/p>\n<p><strong>Th\u1ef1c t\u1eadp:<\/strong> UAMS, 1978<\/p>\n<p><strong>C\u01b0 tr\u00fa:<\/strong> UAMS, 1978-1983<\/p>\n<p><strong>T\u01b0 c\u00e1ch th\u00e0nh vi\u00ean chuy\u00ean nghi\u1ec7p b\u1ed5 sung:<\/strong> Hi\u1ec7p h\u1ed9i c\u00e1c b\u00e1c s\u0129 ph\u1eabu thu\u1eadt th\u1ea7n kinh Hoa K\u1ef3, \u0110\u1ea1i h\u1ed9i c\u00e1c b\u00e1c s\u0129 ph\u1eabu thu\u1eadt th\u1ea7n kinh, Hi\u1ec7p h\u1ed9i Y khoa Hoa K\u1ef3, Hi\u1ec7p h\u1ed9i Th\u1ea7n kinh Robert Watson, H\u1ed9i \u0111\u1ed3ng Th\u1ea7n kinh h\u1ecdc Hoa K\u1ef3, PHI BETA KAPPA<\/p>\n\t\t\t\t\t\t\t\t<\/div>\n\t\t\t\t<\/div>\n\t\t\t\t<\/div>\n\t\t<div class=\"elementor-element elementor-element-5dedd60 e-con-full e-flex e-con e-child\" data-id=\"5dedd60\" data-element_type=\"container\" data-e-type=\"container\" data-settings=\"{&quot;jet_parallax_layout_list&quot;:[]}\">\n\t\t\t\t<div class=\"elementor-element elementor-element-ecb860d elementor-invisible elementor-widget elementor-widget-heading\" data-id=\"ecb860d\" data-element_type=\"widget\" data-e-type=\"widget\" data-settings=\"{&quot;_animation&quot;:&quot;fadeIn&quot;,&quot;_animation_delay&quot;:1}\" data-widget_type=\"heading.default\">\n\t\t\t\t<div class=\"elementor-widget-container\">\n\t\t\t\t\t<h5 class=\"elementor-heading-title elementor-size-default\">Th\u00f4ng tin c\u00e1 nh\u00e2n<\/h5>\t\t\t\t<\/div>\n\t\t\t\t<\/div>\n\t\t\t\t<div class=\"elementor-element elementor-element-149bb14 elementor-widget__width-inherit team_desc elementor-invisible elementor-widget elementor-widget-text-editor\" data-id=\"149bb14\" data-element_type=\"widget\" data-e-type=\"widget\" data-settings=\"{&quot;_animation&quot;:&quot;fadeIn&quot;,&quot;_animation_delay&quot;:1}\" data-widget_type=\"text-editor.default\">\n\t\t\t\t<div class=\"elementor-widget-container\">\n\t\t\t\t\t\t\t\t\t<p><strong>Gia \u0111\u00ecnh:<\/strong> \u0110\u00e3 k\u1ebft h\u00f4n, 3 con<br \/><strong>Qu\u00ea qu\u00e1n nguy\u00ean b\u1ea3n:<\/strong> Stuttgart, AR<\/p>\n\t\t\t\t\t\t\t\t<\/div>\n\t\t\t\t<\/div>\n\t\t\t\t<\/div>\n\t\t\t\t<\/div>\n\t\t\t\t<\/div>\n\t\t<div class=\"elementor-element elementor-element-9a96d98 e-con-full e-flex e-con e-child\" data-id=\"9a96d98\" data-element_type=\"container\" data-e-type=\"container\" data-settings=\"{&quot;jet_parallax_layout_list&quot;:[]}\">\n\t\t\t\t<div class=\"elementor-element elementor-element-10f101e animated-slow elementor-invisible elementor-widget elementor-widget-image\" data-id=\"10f101e\" data-element_type=\"widget\" data-e-type=\"widget\" data-settings=\"{&quot;_animation&quot;:&quot;fadeInLeft&quot;,&quot;_animation_mobile&quot;:&quot;none&quot;,&quot;_animation_delay&quot;:1.5,&quot;sticky&quot;:&quot;top&quot;,&quot;sticky_on&quot;:[&quot;widescreen&quot;,&quot;desktop&quot;,&quot;tablet&quot;],&quot;sticky_parent&quot;:&quot;yes&quot;,&quot;sticky_offset&quot;:0,&quot;sticky_effects_offset&quot;:0,&quot;sticky_anchor_link_offset&quot;:0}\" data-widget_type=\"image.default\">\n\t\t\t\t<div class=\"elementor-widget-container\">\n\t\t\t\t\t\t\t\t\t\t\t\t\t\t\t<img fetchpriority=\"high\" decoding=\"async\" width=\"500\" height=\"700\" src=\"https:\/\/mdvisitclinic.com\/wp-content\/uploads\/2024\/06\/Neurosurgery-Director.jpg\" class=\"attachment-large size-large wp-image-10069\" alt=\"\" srcset=\"https:\/\/mdvisitclinic.com\/wp-content\/uploads\/2024\/06\/Neurosurgery-Director.jpg 500w, https:\/\/mdvisitclinic.com\/wp-content\/uploads\/2024\/06\/Neurosurgery-Director-214x300.jpg 214w\" sizes=\"(max-width: 500px) 100vw, 500px\" \/>\t\t\t\t\t\t\t\t\t\t\t\t\t\t\t<\/div>\n\t\t\t\t<\/div>\n\t\t\t\t<\/div>\n\t\t\t\t\t<\/div>\n\t\t\t\t<\/div>\n\t\t<div class=\"elementor-element elementor-element-2f8f909 e-con-full e-flex e-con e-child\" data-id=\"2f8f909\" data-element_type=\"container\" data-e-type=\"container\" data-settings=\"{&quot;jet_parallax_layout_list&quot;:[],&quot;background_background&quot;:&quot;classic&quot;}\">\n\t\t\t\t<div class=\"elementor-element elementor-element-0b2dcd7 animated-slow elementor-invisible elementor-widget elementor-widget-video\" data-id=\"0b2dcd7\" data-element_type=\"widget\" data-e-type=\"widget\" data-settings=\"{&quot;youtube_url&quot;:&quot;https:\\\/\\\/www.youtube.com\\\/watch?v=DS6MtwrmR1Y&amp;list=WL&amp;index=22&amp;t=2s&quot;,&quot;mute&quot;:&quot;yes&quot;,&quot;_animation&quot;:&quot;fadeInLeft&quot;,&quot;_animation_mobile&quot;:&quot;none&quot;,&quot;_animation_delay&quot;:1.5,&quot;video_type&quot;:&quot;youtube&quot;,&quot;controls&quot;:&quot;yes&quot;}\" data-widget_type=\"video.default\">\n\t\t\t\t<div class=\"elementor-widget-container\">\n\t\t\t\t\t\t\t<div class=\"elementor-wrapper elementor-open-inline\">\n\t\t\t<div class=\"elementor-video\"><\/div>\t\t<\/div>\n\t\t\t\t\t\t<\/div>\n\t\t\t\t<\/div>\n\t\t\t\t<\/div>\n\t\t\t\t<\/div>\n\t\t","protected":false},"excerpt":{"rendered":"<p>Ti\u1ebfn s\u0129 Zach Mason, MD Ban l\u00e3nh \u0111\u1ea1o B\u00e1c s\u0129 ph\u1eabu thu\u1eadt th\u1ea7n kinh \u0111\u01b0\u1ee3c ch\u1ee9ng nh\u1eadn Ti\u1ebfn s\u0129 Mason l\u00e0 m\u1ed9t b\u00e1c s\u0129 ph\u1eabu thu\u1eadt th\u1ea7n kinh chuy\u00ean v\u1ec1 Ph\u1eabu thu\u1eadt c\u1ed9t s\u1ed1ng th\u1eaft l\u01b0ng v\u00e0 c\u1ed5 t\u1eed cung. \u00d4ng l\u00e0 b\u00e1c s\u0129 ph\u1eabu thu\u1eadt th\u1ea7n kinh ch\u00ednh, m\u1ed9t trong 14 ng\u01b0\u1eddi, v\u00e0 l\u00e0 [&hellip;]<\/p>\n","protected":false},"author":9,"featured_media":0,"parent":20956,"menu_order":0,"comment_status":"closed","ping_status":"closed","template":"elementor_header_footer","meta":{"_acf_changed":false,"_coblocks_attr":"","_coblocks_dimensions":"","_coblocks_responsive_height":"","_coblocks_accordion_ie_support":"","hide_page_title":"","footnotes":""},"class_list":["post-20999","page","type-page","status-publish","hentry"],"acf":[],"yoast_head":"<!-- This site is optimized with the Yoast SEO plugin v27.6 - https:\/\/yoast.com\/product\/yoast-seo-wordpress\/ -->\n<title>Zach Mason - MDVISIT CLINIC<\/title>\n<meta name=\"robots\" content=\"noindex, follow, max-snippet:-1, max-image-preview:large, max-video-preview:-1\" \/>\n<meta property=\"og:locale\" content=\"vi_VN\" \/>\n<meta property=\"og:type\" content=\"article\" \/>\n<meta property=\"og:title\" content=\"Zach Mason - MDVISIT CLINIC\" \/>\n<meta property=\"og:description\" content=\"Ti\u1ebfn s\u0129 Zach Mason, MD Ban l\u00e3nh \u0111\u1ea1o B\u00e1c s\u0129 ph\u1eabu thu\u1eadt th\u1ea7n kinh \u0111\u01b0\u1ee3c ch\u1ee9ng nh\u1eadn Ti\u1ebfn s\u0129 Mason l\u00e0 m\u1ed9t b\u00e1c s\u0129 ph\u1eabu thu\u1eadt th\u1ea7n kinh chuy\u00ean v\u1ec1 Ph\u1eabu thu\u1eadt c\u1ed9t s\u1ed1ng th\u1eaft l\u01b0ng v\u00e0 c\u1ed5 t\u1eed cung. \u00d4ng l\u00e0 b\u00e1c s\u0129 ph\u1eabu thu\u1eadt th\u1ea7n kinh ch\u00ednh, m\u1ed9t trong 14 ng\u01b0\u1eddi, v\u00e0 l\u00e0 [&hellip;]\" \/>\n<meta property=\"og:url\" content=\"https:\/\/mdvisitclinic.com\/vi\/our-team\/zach-mason\/\" \/>\n<meta property=\"og:site_name\" content=\"MDVISIT CLINIC\" \/>\n<meta property=\"article:modified_time\" content=\"2024-12-23T09:43:13+00:00\" \/>\n<meta property=\"og:image\" content=\"https:\/\/mdvisitclinic.com\/wp-content\/uploads\/2024\/06\/Neurosurgery-Director.jpg\" \/>\n<meta name=\"twitter:card\" content=\"summary_large_image\" \/>\n<meta name=\"twitter:label1\" content=\"Est. reading time\" \/>\n\t<meta name=\"twitter:data1\" content=\"2 minutes\" \/>\n<script type=\"application\/ld+json\" class=\"yoast-schema-graph\">{\"@context\":\"https:\\\/\\\/schema.org\",\"@graph\":[{\"@type\":\"WebPage\",\"@id\":\"https:\\\/\\\/mdvisitclinic.com\\\/vi\\\/our-team\\\/zach-mason\\\/\",\"url\":\"https:\\\/\\\/mdvisitclinic.com\\\/vi\\\/our-team\\\/zach-mason\\\/\",\"name\":\"Zach Mason - MDVISIT CLINIC\",\"isPartOf\":{\"@id\":\"https:\\\/\\\/mdvisitclinic.com\\\/vi\\\/#website\"},\"primaryImageOfPage\":{\"@id\":\"https:\\\/\\\/mdvisitclinic.com\\\/vi\\\/our-team\\\/zach-mason\\\/#primaryimage\"},\"image\":{\"@id\":\"https:\\\/\\\/mdvisitclinic.com\\\/vi\\\/our-team\\\/zach-mason\\\/#primaryimage\"},\"thumbnailUrl\":\"https:\\\/\\\/mdvisitclinic.com\\\/wp-content\\\/uploads\\\/2024\\\/06\\\/Neurosurgery-Director.jpg\",\"datePublished\":\"2024-10-25T06:54:58+00:00\",\"dateModified\":\"2024-12-23T09:43:13+00:00\",\"breadcrumb\":{\"@id\":\"https:\\\/\\\/mdvisitclinic.com\\\/vi\\\/our-team\\\/zach-mason\\\/#breadcrumb\"},\"inLanguage\":\"vi-VN\",\"potentialAction\":[{\"@type\":\"ReadAction\",\"target\":[\"https:\\\/\\\/mdvisitclinic.com\\\/vi\\\/our-team\\\/zach-mason\\\/\"]}]},{\"@type\":\"ImageObject\",\"inLanguage\":\"vi-VN\",\"@id\":\"https:\\\/\\\/mdvisitclinic.com\\\/vi\\\/our-team\\\/zach-mason\\\/#primaryimage\",\"url\":\"https:\\\/\\\/mdvisitclinic.com\\\/wp-content\\\/uploads\\\/2024\\\/06\\\/Neurosurgery-Director.jpg\",\"contentUrl\":\"https:\\\/\\\/mdvisitclinic.com\\\/wp-content\\\/uploads\\\/2024\\\/06\\\/Neurosurgery-Director.jpg\"},{\"@type\":\"BreadcrumbList\",\"@id\":\"https:\\\/\\\/mdvisitclinic.com\\\/vi\\\/our-team\\\/zach-mason\\\/#breadcrumb\",\"itemListElement\":[{\"@type\":\"ListItem\",\"position\":1,\"name\":\"Home\",\"item\":\"https:\\\/\\\/mdvisitclinic.com\\\/vi\\\/\"},{\"@type\":\"ListItem\",\"position\":2,\"name\":\"\u0110\u1ed9i ng\u0169 c\u1ee7a ch\u00fang t\u00f4i\",\"item\":\"https:\\\/\\\/mdvisitclinic.com\\\/vi\\\/our-team\\\/\"},{\"@type\":\"ListItem\",\"position\":3,\"name\":\"Zach Mason\"}]},{\"@type\":\"WebSite\",\"@id\":\"https:\\\/\\\/mdvisitclinic.com\\\/vi\\\/#website\",\"url\":\"https:\\\/\\\/mdvisitclinic.com\\\/vi\\\/\",\"name\":\"MDVISIT CLINIC\",\"description\":\"\",\"publisher\":{\"@id\":\"https:\\\/\\\/mdvisitclinic.com\\\/vi\\\/#organization\"},\"potentialAction\":[{\"@type\":\"SearchAction\",\"target\":{\"@type\":\"EntryPoint\",\"urlTemplate\":\"https:\\\/\\\/mdvisitclinic.com\\\/vi\\\/?s={search_term_string}\"},\"query-input\":{\"@type\":\"PropertyValueSpecification\",\"valueRequired\":true,\"valueName\":\"search_term_string\"}}],\"inLanguage\":\"vi-VN\"},{\"@type\":\"Organization\",\"@id\":\"https:\\\/\\\/mdvisitclinic.com\\\/vi\\\/#organization\",\"name\":\"MDVISIT CLINIC\",\"url\":\"https:\\\/\\\/mdvisitclinic.com\\\/vi\\\/\",\"logo\":{\"@type\":\"ImageObject\",\"inLanguage\":\"vi-VN\",\"@id\":\"https:\\\/\\\/mdvisitclinic.com\\\/vi\\\/#\\\/schema\\\/logo\\\/image\\\/\",\"url\":\"https:\\\/\\\/mdvisitclinic.com\\\/wp-content\\\/uploads\\\/2024\\\/03\\\/logo.png\",\"contentUrl\":\"https:\\\/\\\/mdvisitclinic.com\\\/wp-content\\\/uploads\\\/2024\\\/03\\\/logo.png\",\"width\":768,\"height\":118,\"caption\":\"MDVISIT CLINIC\"},\"image\":{\"@id\":\"https:\\\/\\\/mdvisitclinic.com\\\/vi\\\/#\\\/schema\\\/logo\\\/image\\\/\"}}]}<\/script>\n<!-- \/ Yoast SEO plugin. -->","yoast_head_json":{"title":"Zach Mason - MDVISIT CLINIC","robots":{"index":"noindex","follow":"follow","max-snippet":"max-snippet:-1","max-image-preview":"max-image-preview:large","max-video-preview":"max-video-preview:-1"},"og_locale":"vi_VN","og_type":"article","og_title":"Zach Mason - MDVISIT CLINIC","og_description":"Ti\u1ebfn s\u0129 Zach Mason, MD Ban l\u00e3nh \u0111\u1ea1o B\u00e1c s\u0129 ph\u1eabu thu\u1eadt th\u1ea7n kinh \u0111\u01b0\u1ee3c ch\u1ee9ng nh\u1eadn Ti\u1ebfn s\u0129 Mason l\u00e0 m\u1ed9t b\u00e1c s\u0129 ph\u1eabu thu\u1eadt th\u1ea7n kinh chuy\u00ean v\u1ec1 Ph\u1eabu thu\u1eadt c\u1ed9t s\u1ed1ng th\u1eaft l\u01b0ng v\u00e0 c\u1ed5 t\u1eed cung. \u00d4ng l\u00e0 b\u00e1c s\u0129 ph\u1eabu thu\u1eadt th\u1ea7n kinh ch\u00ednh, m\u1ed9t trong 14 ng\u01b0\u1eddi, v\u00e0 l\u00e0 [&hellip;]","og_url":"https:\/\/mdvisitclinic.com\/vi\/our-team\/zach-mason\/","og_site_name":"MDVISIT CLINIC","article_modified_time":"2024-12-23T09:43:13+00:00","og_image":[{"url":"https:\/\/mdvisitclinic.com\/wp-content\/uploads\/2024\/06\/Neurosurgery-Director.jpg","type":"","width":"","height":""}],"twitter_card":"summary_large_image","twitter_misc":{"Est. reading time":"2 minutes"},"schema":{"@context":"https:\/\/schema.org","@graph":[{"@type":"WebPage","@id":"https:\/\/mdvisitclinic.com\/vi\/our-team\/zach-mason\/","url":"https:\/\/mdvisitclinic.com\/vi\/our-team\/zach-mason\/","name":"Zach Mason - MDVISIT CLINIC","isPartOf":{"@id":"https:\/\/mdvisitclinic.com\/vi\/#website"},"primaryImageOfPage":{"@id":"https:\/\/mdvisitclinic.com\/vi\/our-team\/zach-mason\/#primaryimage"},"image":{"@id":"https:\/\/mdvisitclinic.com\/vi\/our-team\/zach-mason\/#primaryimage"},"thumbnailUrl":"https:\/\/mdvisitclinic.com\/wp-content\/uploads\/2024\/06\/Neurosurgery-Director.jpg","datePublished":"2024-10-25T06:54:58+00:00","dateModified":"2024-12-23T09:43:13+00:00","breadcrumb":{"@id":"https:\/\/mdvisitclinic.com\/vi\/our-team\/zach-mason\/#breadcrumb"},"inLanguage":"vi-VN","potentialAction":[{"@type":"ReadAction","target":["https:\/\/mdvisitclinic.com\/vi\/our-team\/zach-mason\/"]}]},{"@type":"ImageObject","inLanguage":"vi-VN","@id":"https:\/\/mdvisitclinic.com\/vi\/our-team\/zach-mason\/#primaryimage","url":"https:\/\/mdvisitclinic.com\/wp-content\/uploads\/2024\/06\/Neurosurgery-Director.jpg","contentUrl":"https:\/\/mdvisitclinic.com\/wp-content\/uploads\/2024\/06\/Neurosurgery-Director.jpg"},{"@type":"BreadcrumbList","@id":"https:\/\/mdvisitclinic.com\/vi\/our-team\/zach-mason\/#breadcrumb","itemListElement":[{"@type":"ListItem","position":1,"name":"Home","item":"https:\/\/mdvisitclinic.com\/vi\/"},{"@type":"ListItem","position":2,"name":"\u0110\u1ed9i ng\u0169 c\u1ee7a ch\u00fang t\u00f4i","item":"https:\/\/mdvisitclinic.com\/vi\/our-team\/"},{"@type":"ListItem","position":3,"name":"Zach Mason"}]},{"@type":"WebSite","@id":"https:\/\/mdvisitclinic.com\/vi\/#website","url":"https:\/\/mdvisitclinic.com\/vi\/","name":"MDVISIT CLINIC","description":"","publisher":{"@id":"https:\/\/mdvisitclinic.com\/vi\/#organization"},"potentialAction":[{"@type":"SearchAction","target":{"@type":"EntryPoint","urlTemplate":"https:\/\/mdvisitclinic.com\/vi\/?s={search_term_string}"},"query-input":{"@type":"PropertyValueSpecification","valueRequired":true,"valueName":"search_term_string"}}],"inLanguage":"vi-VN"},{"@type":"Organization","@id":"https:\/\/mdvisitclinic.com\/vi\/#organization","name":"MDVISIT CLINIC","url":"https:\/\/mdvisitclinic.com\/vi\/","logo":{"@type":"ImageObject","inLanguage":"vi-VN","@id":"https:\/\/mdvisitclinic.com\/vi\/#\/schema\/logo\/image\/","url":"https:\/\/mdvisitclinic.com\/wp-content\/uploads\/2024\/03\/logo.png","contentUrl":"https:\/\/mdvisitclinic.com\/wp-content\/uploads\/2024\/03\/logo.png","width":768,"height":118,"caption":"MDVISIT CLINIC"},"image":{"@id":"https:\/\/mdvisitclinic.com\/vi\/#\/schema\/logo\/image\/"}}]}},"_links":{"self":[{"href":"https:\/\/mdvisitclinic.com\/vi\/wp-json\/wp\/v2\/pages\/20999","targetHints":{"allow":["GET"]}}],"collection":[{"href":"https:\/\/mdvisitclinic.com\/vi\/wp-json\/wp\/v2\/pages"}],"about":[{"href":"https:\/\/mdvisitclinic.com\/vi\/wp-json\/wp\/v2\/types\/page"}],"author":[{"embeddable":true,"href":"https:\/\/mdvisitclinic.com\/vi\/wp-json\/wp\/v2\/users\/9"}],"replies":[{"embeddable":true,"href":"https:\/\/mdvisitclinic.com\/vi\/wp-json\/wp\/v2\/comments?post=20999"}],"version-history":[{"count":2,"href":"https:\/\/mdvisitclinic.com\/vi\/wp-json\/wp\/v2\/pages\/20999\/revisions"}],"predecessor-version":[{"id":22777,"href":"https:\/\/mdvisitclinic.com\/vi\/wp-json\/wp\/v2\/pages\/20999\/revisions\/22777"}],"up":[{"embeddable":true,"href":"https:\/\/mdvisitclinic.com\/vi\/wp-json\/wp\/v2\/pages\/20956"}],"wp:attachment":[{"href":"https:\/\/mdvisitclinic.com\/vi\/wp-json\/wp\/v2\/media?parent=20999"}],"curies":[{"name":"wp","href":"https:\/\/api.w.org\/{rel}","templated":true}]}}