{"id":21000,"date":"2024-10-24T05:52:07","date_gmt":"2024-10-24T05:52:07","guid":{"rendered":"https:\/\/f55.01f.myftpupload.com\/our-team\/bruce-sanderson\/"},"modified":"2024-12-23T09:43:23","modified_gmt":"2024-12-23T09:43:23","slug":"bruce-sanderson","status":"publish","type":"page","link":"https:\/\/mdvisitclinic.com\/vi\/our-team\/bruce-sanderson\/","title":{"rendered":"Bruce Sanderson"},"content":{"rendered":"\t\t<div data-elementor-type=\"wp-page\" data-elementor-id=\"21000\" class=\"elementor elementor-21000 elementor-17459\" data-elementor-post-type=\"page\">\n\t\t\t\t<div class=\"elementor-element elementor-element-252ec6a e-flex e-con-boxed e-con e-parent\" data-id=\"252ec6a\" data-element_type=\"container\" data-e-type=\"container\" data-settings=\"{&quot;jet_parallax_layout_list&quot;:[]}\">\n\t\t\t\t\t<div class=\"e-con-inner\">\n\t\t<div class=\"elementor-element elementor-element-933e7e4 e-con-full e-flex e-con e-child\" data-id=\"933e7e4\" data-element_type=\"container\" data-e-type=\"container\" data-settings=\"{&quot;jet_parallax_layout_list&quot;:[]}\">\n\t\t<div class=\"elementor-element elementor-element-398e331 e-flex e-con-boxed e-con e-child\" data-id=\"398e331\" data-element_type=\"container\" data-e-type=\"container\" data-settings=\"{&quot;jet_parallax_layout_list&quot;:[]}\">\n\t\t\t\t\t<div class=\"e-con-inner\">\n\t\t\t\t<div class=\"elementor-element elementor-element-f48b0cb elementor-invisible elementor-widget elementor-widget-heading\" data-id=\"f48b0cb\" data-element_type=\"widget\" data-e-type=\"widget\" data-settings=\"{&quot;_animation&quot;:&quot;fadeInDown&quot;,&quot;_animation_delay&quot;:0.40000000000000002}\" data-widget_type=\"heading.default\">\n\t\t\t\t<div class=\"elementor-widget-container\">\n\t\t\t\t\t<h1 class=\"elementor-heading-title elementor-size-default\">Ti\u1ebfn s\u0129 Bruce Sanderson<\/h1>\t\t\t\t<\/div>\n\t\t\t\t<\/div>\n\t\t\t\t<div class=\"elementor-element elementor-element-264dbbd elementor-widget__width-inherit elementor-invisible elementor-widget elementor-widget-heading\" data-id=\"264dbbd\" data-element_type=\"widget\" data-e-type=\"widget\" data-settings=\"{&quot;_animation&quot;:&quot;fadeInDown&quot;,&quot;_animation_delay&quot;:0.59999999999999998}\" data-widget_type=\"heading.default\">\n\t\t\t\t<div class=\"elementor-widget-container\">\n\t\t\t\t\t<h6 class=\"elementor-heading-title elementor-size-default\">B\u00e1c s\u0129 chuy\u00ean khoa ch\u1ed1ng l\u00e3o h\u00f3a<\/h6>\t\t\t\t<\/div>\n\t\t\t\t<\/div>\n\t\t\t\t\t<\/div>\n\t\t\t\t<\/div>\n\t\t<div class=\"elementor-element elementor-element-536e9f0 e-con-full e-flex e-con e-child\" data-id=\"536e9f0\" data-element_type=\"container\" data-e-type=\"container\" data-settings=\"{&quot;jet_parallax_layout_list&quot;:[]}\">\n\t\t\t\t<div class=\"elementor-element elementor-element-5b6a7a5 elementor-widget__width-inherit team_desc elementor-invisible elementor-widget elementor-widget-text-editor\" data-id=\"5b6a7a5\" data-element_type=\"widget\" data-e-type=\"widget\" data-settings=\"{&quot;_animation&quot;:&quot;fadeIn&quot;,&quot;_animation_delay&quot;:1}\" data-widget_type=\"text-editor.default\">\n\t\t\t\t<div class=\"elementor-widget-container\">\n\t\t\t\t\t\t\t\t\t<p>Ti\u1ebfn s\u0129 Bruce Sanderson l\u00e0 b\u00e1c s\u0129 t\u1ea1i Ph\u00f2ng kh\u00e1m Da Lasercare. Ph\u00f2ng kh\u00e1m ph\u1ee5c v\u1ee5 b\u1ec7nh nh\u00e2n \u1edf Arkansas v\u00e0 nh\u1eefng ng\u01b0\u1eddi \u0111\u1ebfn to\u00e0n c\u1ea7u v\u1edbi MDVISIT CLINIC. C\u00e1c ph\u01b0\u01a1ng ph\u00e1p \u0111i\u1ec1u tr\u1ecb bao g\u1ed3m SculpSure\u00ae, x\u00f3a h\u00ecnh x\u0103m, \u0111i\u1ec1u tr\u1ecb ch\u1ed1ng l\u00e3o h\u00f3a, \u0111i\u1ec1u tr\u1ecb m\u1ee5n tr\u1ee9ng c\u00e1, Botox\u00ae, t\u1ea1o \u0111\u01b0\u1eddng n\u00e9t c\u01a1 th\u1ec3, ph\u01b0\u01a1ng ph\u00e1p \u0111i\u1ec1u tr\u1ecb vi kim v\u00e0 ph\u01b0\u01a1ng ph\u00e1p \u0111i\u1ec1u tr\u1ecb l\u00e0m s\u0103n ch\u1eafc da.  <\/p>\n<p>B\u00e1c s\u0129 Sanderson \u0111\u00e3 h\u00e0nh ngh\u1ec1 nh\u01b0 m\u1ed9t Chuy\u00ean gia N\u1ed9i khoa v\u00e0 B\u00e1c s\u0129 Ch\u1ea9n \u0111o\u00e1n \u1edf Arkansas trong h\u01a1n 40 n\u0103m. \u00d4ng \u0111\u00e3 nghi\u00ean c\u1ee9u d\u01b0\u1edbi s\u1ef1 h\u01b0\u1edbng d\u1eabn c\u1ee7a m\u1ed9t s\u1ed1 b\u00e1c s\u0129 da li\u1ec5u th\u1ea9m m\u1ef9 v\u00e0 b\u00e1c s\u0129 ph\u1eabu thu\u1eadt th\u1ea9m m\u1ef9 h\u00e0ng \u0111\u1ea7u \u1edf Los Angeles v\u00e0 New York. \u00d4ng c\u0169ng \u0111\u00e3 tham d\u1ef1 c\u00e1c h\u1ed9i th\u1ea3o c\u1ee7a \u0110\u1ea1i h\u1ecdc Harvard \u0111\u1ec3 \u0111\u1ea3m b\u1ea3o r\u1eb1ng Ph\u00f2ng kh\u00e1m Da Lasercare lu\u00f4n c\u00f3 th\u1ec3 cung c\u1ea5p cho b\u1ec7nh nh\u00e2n c\u1ee7a m\u00ecnh nh\u1eefng ph\u01b0\u01a1ng ph\u00e1p \u0111i\u1ec1u tr\u1ecb ti\u00ean ti\u1ebfn v\u00e0 hi\u1ec7u qu\u1ea3 nh\u1ea5t trong th\u1ebf gi\u1edbi th\u1ea9m m\u1ef9 hi\u1ec7n nay.   <\/p>\n<p>B\u00e1c s\u0129 Sanderson \u0111\u00e3 m\u1edf Ph\u00f2ng kh\u00e1m Da Lasercare v\u00e0o n\u0103m 2006. \u00d4ng t\u1ef1 h\u00e0o ch\u00e0o \u0111\u00f3n con g\u00e1i Natalie Sanderson \u0111\u1ebfn th\u1ef1c h\u00e0nh v\u00e0o n\u0103m 2012, sau khi c\u00f4 t\u1ed1t nghi\u1ec7p tr\u01b0\u1eddng th\u1ea9m m\u1ef9 y t\u1ebf h\u00e0ng \u0111\u1ea7u c\u1ee7a \u0111\u1ea5t n\u01b0\u1edbc, Vi\u1ec7n th\u1ea9m m\u1ef9 Atelier Esthetique. C\u1ea3 hai \u0111\u1ec1u mong \u0111\u01b0\u1ee3c ch\u00e0o \u0111\u00f3n b\u1ec7nh nh\u00e2n m\u1edbi, v\u00ec v\u1eady h\u00e3y g\u1ecdi b\u1ea5t c\u1ee9 l\u00fac n\u00e0o \u0111\u1ec3 s\u1eafp x\u1ebfp t\u01b0 v\u1ea5n.   <\/p>\n\t\t\t\t\t\t\t\t<\/div>\n\t\t\t\t<\/div>\n\t\t\t\t<\/div>\n\t\t\t\t<\/div>\n\t\t<div class=\"elementor-element elementor-element-e2d1d9d e-con-full e-flex e-con e-child\" data-id=\"e2d1d9d\" data-element_type=\"container\" data-e-type=\"container\" data-settings=\"{&quot;jet_parallax_layout_list&quot;:[]}\">\n\t\t\t\t<div class=\"elementor-element elementor-element-55d543d animated-slow elementor-invisible elementor-widget elementor-widget-image\" data-id=\"55d543d\" data-element_type=\"widget\" data-e-type=\"widget\" data-settings=\"{&quot;_animation&quot;:&quot;fadeInLeft&quot;,&quot;_animation_mobile&quot;:&quot;none&quot;,&quot;_animation_delay&quot;:1.5,&quot;sticky&quot;:&quot;top&quot;,&quot;sticky_on&quot;:[&quot;widescreen&quot;,&quot;desktop&quot;,&quot;tablet&quot;],&quot;sticky_parent&quot;:&quot;yes&quot;,&quot;sticky_offset&quot;:0,&quot;sticky_effects_offset&quot;:0,&quot;sticky_anchor_link_offset&quot;:0}\" data-widget_type=\"image.default\">\n\t\t\t\t<div class=\"elementor-widget-container\">\n\t\t\t\t\t\t\t\t\t\t\t\t\t\t\t<img decoding=\"async\" width=\"201\" height=\"201\" src=\"https:\/\/mdvisitclinic.com\/wp-content\/uploads\/2024\/06\/Bruce-Sanderson.png\" class=\"attachment-large size-large wp-image-9396\" alt=\"\" srcset=\"https:\/\/mdvisitclinic.com\/wp-content\/uploads\/2024\/06\/Bruce-Sanderson.png 201w, https:\/\/mdvisitclinic.com\/wp-content\/uploads\/2024\/06\/Bruce-Sanderson-150x150.png 150w\" sizes=\"(max-width: 201px) 100vw, 201px\" \/>\t\t\t\t\t\t\t\t\t\t\t\t\t\t\t<\/div>\n\t\t\t\t<\/div>\n\t\t\t\t<\/div>\n\t\t\t\t\t<\/div>\n\t\t\t\t<\/div>\n\t\t\t\t<\/div>\n\t\t","protected":false},"excerpt":{"rendered":"<p>Ti\u1ebfn s\u0129 Bruce Sanderson B\u00e1c s\u0129 chuy\u00ean khoa ch\u1ed1ng l\u00e3o h\u00f3a Ti\u1ebfn s\u0129 Bruce Sanderson l\u00e0 b\u00e1c s\u0129 t\u1ea1i Ph\u00f2ng kh\u00e1m Da Lasercare. Ph\u00f2ng kh\u00e1m ph\u1ee5c v\u1ee5 b\u1ec7nh nh\u00e2n \u1edf Arkansas v\u00e0 nh\u1eefng ng\u01b0\u1eddi \u0111\u1ebfn to\u00e0n c\u1ea7u v\u1edbi MDVISIT CLINIC. C\u00e1c ph\u01b0\u01a1ng ph\u00e1p \u0111i\u1ec1u tr\u1ecb bao g\u1ed3m SculpSure\u00ae, x\u00f3a h\u00ecnh x\u0103m, \u0111i\u1ec1u tr\u1ecb ch\u1ed1ng l\u00e3o [&hellip;]<\/p>\n","protected":false},"author":9,"featured_media":0,"parent":20956,"menu_order":0,"comment_status":"closed","ping_status":"closed","template":"elementor_header_footer","meta":{"_acf_changed":false,"_coblocks_attr":"","_coblocks_dimensions":"","_coblocks_responsive_height":"","_coblocks_accordion_ie_support":"","hide_page_title":"","footnotes":""},"class_list":["post-21000","page","type-page","status-publish","hentry"],"acf":[],"yoast_head":"<!-- This site is optimized with the Yoast SEO plugin v27.6 - https:\/\/yoast.com\/product\/yoast-seo-wordpress\/ -->\n<title>Bruce Sanderson - MDVISIT CLINIC<\/title>\n<meta name=\"robots\" content=\"noindex, follow, max-snippet:-1, max-image-preview:large, max-video-preview:-1\" \/>\n<meta property=\"og:locale\" content=\"vi_VN\" \/>\n<meta property=\"og:type\" content=\"article\" \/>\n<meta property=\"og:title\" content=\"Bruce Sanderson - MDVISIT CLINIC\" \/>\n<meta property=\"og:description\" content=\"Ti\u1ebfn s\u0129 Bruce Sanderson B\u00e1c s\u0129 chuy\u00ean khoa ch\u1ed1ng l\u00e3o h\u00f3a Ti\u1ebfn s\u0129 Bruce Sanderson l\u00e0 b\u00e1c s\u0129 t\u1ea1i Ph\u00f2ng kh\u00e1m Da Lasercare. Ph\u00f2ng kh\u00e1m ph\u1ee5c v\u1ee5 b\u1ec7nh nh\u00e2n \u1edf Arkansas v\u00e0 nh\u1eefng ng\u01b0\u1eddi \u0111\u1ebfn to\u00e0n c\u1ea7u v\u1edbi MDVISIT CLINIC. C\u00e1c ph\u01b0\u01a1ng ph\u00e1p \u0111i\u1ec1u tr\u1ecb bao g\u1ed3m SculpSure\u00ae, x\u00f3a h\u00ecnh x\u0103m, \u0111i\u1ec1u tr\u1ecb ch\u1ed1ng l\u00e3o [&hellip;]\" \/>\n<meta property=\"og:url\" content=\"https:\/\/mdvisitclinic.com\/vi\/our-team\/bruce-sanderson\/\" \/>\n<meta property=\"og:site_name\" content=\"MDVISIT CLINIC\" \/>\n<meta property=\"article:modified_time\" content=\"2024-12-23T09:43:23+00:00\" \/>\n<meta property=\"og:image\" content=\"https:\/\/mdvisitclinic.com\/wp-content\/uploads\/2024\/06\/Bruce-Sanderson.png\" \/>\n<meta name=\"twitter:card\" content=\"summary_large_image\" \/>\n<meta name=\"twitter:label1\" content=\"Est. reading time\" \/>\n\t<meta name=\"twitter:data1\" content=\"2 minutes\" \/>\n<script type=\"application\/ld+json\" class=\"yoast-schema-graph\">{\"@context\":\"https:\\\/\\\/schema.org\",\"@graph\":[{\"@type\":\"WebPage\",\"@id\":\"https:\\\/\\\/mdvisitclinic.com\\\/vi\\\/our-team\\\/bruce-sanderson\\\/\",\"url\":\"https:\\\/\\\/mdvisitclinic.com\\\/vi\\\/our-team\\\/bruce-sanderson\\\/\",\"name\":\"Bruce Sanderson - MDVISIT CLINIC\",\"isPartOf\":{\"@id\":\"https:\\\/\\\/mdvisitclinic.com\\\/vi\\\/#website\"},\"primaryImageOfPage\":{\"@id\":\"https:\\\/\\\/mdvisitclinic.com\\\/vi\\\/our-team\\\/bruce-sanderson\\\/#primaryimage\"},\"image\":{\"@id\":\"https:\\\/\\\/mdvisitclinic.com\\\/vi\\\/our-team\\\/bruce-sanderson\\\/#primaryimage\"},\"thumbnailUrl\":\"https:\\\/\\\/mdvisitclinic.com\\\/wp-content\\\/uploads\\\/2024\\\/06\\\/Bruce-Sanderson.png\",\"datePublished\":\"2024-10-24T05:52:07+00:00\",\"dateModified\":\"2024-12-23T09:43:23+00:00\",\"breadcrumb\":{\"@id\":\"https:\\\/\\\/mdvisitclinic.com\\\/vi\\\/our-team\\\/bruce-sanderson\\\/#breadcrumb\"},\"inLanguage\":\"vi-VN\",\"potentialAction\":[{\"@type\":\"ReadAction\",\"target\":[\"https:\\\/\\\/mdvisitclinic.com\\\/vi\\\/our-team\\\/bruce-sanderson\\\/\"]}]},{\"@type\":\"ImageObject\",\"inLanguage\":\"vi-VN\",\"@id\":\"https:\\\/\\\/mdvisitclinic.com\\\/vi\\\/our-team\\\/bruce-sanderson\\\/#primaryimage\",\"url\":\"https:\\\/\\\/mdvisitclinic.com\\\/wp-content\\\/uploads\\\/2024\\\/06\\\/Bruce-Sanderson.png\",\"contentUrl\":\"https:\\\/\\\/mdvisitclinic.com\\\/wp-content\\\/uploads\\\/2024\\\/06\\\/Bruce-Sanderson.png\"},{\"@type\":\"BreadcrumbList\",\"@id\":\"https:\\\/\\\/mdvisitclinic.com\\\/vi\\\/our-team\\\/bruce-sanderson\\\/#breadcrumb\",\"itemListElement\":[{\"@type\":\"ListItem\",\"position\":1,\"name\":\"Home\",\"item\":\"https:\\\/\\\/mdvisitclinic.com\\\/vi\\\/\"},{\"@type\":\"ListItem\",\"position\":2,\"name\":\"\u0110\u1ed9i ng\u0169 c\u1ee7a ch\u00fang t\u00f4i\",\"item\":\"https:\\\/\\\/mdvisitclinic.com\\\/vi\\\/our-team\\\/\"},{\"@type\":\"ListItem\",\"position\":3,\"name\":\"Bruce Sanderson\"}]},{\"@type\":\"WebSite\",\"@id\":\"https:\\\/\\\/mdvisitclinic.com\\\/vi\\\/#website\",\"url\":\"https:\\\/\\\/mdvisitclinic.com\\\/vi\\\/\",\"name\":\"MDVISIT CLINIC\",\"description\":\"\",\"publisher\":{\"@id\":\"https:\\\/\\\/mdvisitclinic.com\\\/vi\\\/#organization\"},\"potentialAction\":[{\"@type\":\"SearchAction\",\"target\":{\"@type\":\"EntryPoint\",\"urlTemplate\":\"https:\\\/\\\/mdvisitclinic.com\\\/vi\\\/?s={search_term_string}\"},\"query-input\":{\"@type\":\"PropertyValueSpecification\",\"valueRequired\":true,\"valueName\":\"search_term_string\"}}],\"inLanguage\":\"vi-VN\"},{\"@type\":\"Organization\",\"@id\":\"https:\\\/\\\/mdvisitclinic.com\\\/vi\\\/#organization\",\"name\":\"MDVISIT CLINIC\",\"url\":\"https:\\\/\\\/mdvisitclinic.com\\\/vi\\\/\",\"logo\":{\"@type\":\"ImageObject\",\"inLanguage\":\"vi-VN\",\"@id\":\"https:\\\/\\\/mdvisitclinic.com\\\/vi\\\/#\\\/schema\\\/logo\\\/image\\\/\",\"url\":\"https:\\\/\\\/mdvisitclinic.com\\\/wp-content\\\/uploads\\\/2024\\\/03\\\/logo.png\",\"contentUrl\":\"https:\\\/\\\/mdvisitclinic.com\\\/wp-content\\\/uploads\\\/2024\\\/03\\\/logo.png\",\"width\":768,\"height\":118,\"caption\":\"MDVISIT CLINIC\"},\"image\":{\"@id\":\"https:\\\/\\\/mdvisitclinic.com\\\/vi\\\/#\\\/schema\\\/logo\\\/image\\\/\"}}]}<\/script>\n<!-- \/ Yoast SEO plugin. -->","yoast_head_json":{"title":"Bruce Sanderson - MDVISIT CLINIC","robots":{"index":"noindex","follow":"follow","max-snippet":"max-snippet:-1","max-image-preview":"max-image-preview:large","max-video-preview":"max-video-preview:-1"},"og_locale":"vi_VN","og_type":"article","og_title":"Bruce Sanderson - MDVISIT CLINIC","og_description":"Ti\u1ebfn s\u0129 Bruce Sanderson B\u00e1c s\u0129 chuy\u00ean khoa ch\u1ed1ng l\u00e3o h\u00f3a Ti\u1ebfn s\u0129 Bruce Sanderson l\u00e0 b\u00e1c s\u0129 t\u1ea1i Ph\u00f2ng kh\u00e1m Da Lasercare. Ph\u00f2ng kh\u00e1m ph\u1ee5c v\u1ee5 b\u1ec7nh nh\u00e2n \u1edf Arkansas v\u00e0 nh\u1eefng ng\u01b0\u1eddi \u0111\u1ebfn to\u00e0n c\u1ea7u v\u1edbi MDVISIT CLINIC. C\u00e1c ph\u01b0\u01a1ng ph\u00e1p \u0111i\u1ec1u tr\u1ecb bao g\u1ed3m SculpSure\u00ae, x\u00f3a h\u00ecnh x\u0103m, \u0111i\u1ec1u tr\u1ecb ch\u1ed1ng l\u00e3o [&hellip;]","og_url":"https:\/\/mdvisitclinic.com\/vi\/our-team\/bruce-sanderson\/","og_site_name":"MDVISIT CLINIC","article_modified_time":"2024-12-23T09:43:23+00:00","og_image":[{"url":"https:\/\/mdvisitclinic.com\/wp-content\/uploads\/2024\/06\/Bruce-Sanderson.png","type":"","width":"","height":""}],"twitter_card":"summary_large_image","twitter_misc":{"Est. reading time":"2 minutes"},"schema":{"@context":"https:\/\/schema.org","@graph":[{"@type":"WebPage","@id":"https:\/\/mdvisitclinic.com\/vi\/our-team\/bruce-sanderson\/","url":"https:\/\/mdvisitclinic.com\/vi\/our-team\/bruce-sanderson\/","name":"Bruce Sanderson - MDVISIT CLINIC","isPartOf":{"@id":"https:\/\/mdvisitclinic.com\/vi\/#website"},"primaryImageOfPage":{"@id":"https:\/\/mdvisitclinic.com\/vi\/our-team\/bruce-sanderson\/#primaryimage"},"image":{"@id":"https:\/\/mdvisitclinic.com\/vi\/our-team\/bruce-sanderson\/#primaryimage"},"thumbnailUrl":"https:\/\/mdvisitclinic.com\/wp-content\/uploads\/2024\/06\/Bruce-Sanderson.png","datePublished":"2024-10-24T05:52:07+00:00","dateModified":"2024-12-23T09:43:23+00:00","breadcrumb":{"@id":"https:\/\/mdvisitclinic.com\/vi\/our-team\/bruce-sanderson\/#breadcrumb"},"inLanguage":"vi-VN","potentialAction":[{"@type":"ReadAction","target":["https:\/\/mdvisitclinic.com\/vi\/our-team\/bruce-sanderson\/"]}]},{"@type":"ImageObject","inLanguage":"vi-VN","@id":"https:\/\/mdvisitclinic.com\/vi\/our-team\/bruce-sanderson\/#primaryimage","url":"https:\/\/mdvisitclinic.com\/wp-content\/uploads\/2024\/06\/Bruce-Sanderson.png","contentUrl":"https:\/\/mdvisitclinic.com\/wp-content\/uploads\/2024\/06\/Bruce-Sanderson.png"},{"@type":"BreadcrumbList","@id":"https:\/\/mdvisitclinic.com\/vi\/our-team\/bruce-sanderson\/#breadcrumb","itemListElement":[{"@type":"ListItem","position":1,"name":"Home","item":"https:\/\/mdvisitclinic.com\/vi\/"},{"@type":"ListItem","position":2,"name":"\u0110\u1ed9i ng\u0169 c\u1ee7a ch\u00fang t\u00f4i","item":"https:\/\/mdvisitclinic.com\/vi\/our-team\/"},{"@type":"ListItem","position":3,"name":"Bruce Sanderson"}]},{"@type":"WebSite","@id":"https:\/\/mdvisitclinic.com\/vi\/#website","url":"https:\/\/mdvisitclinic.com\/vi\/","name":"MDVISIT CLINIC","description":"","publisher":{"@id":"https:\/\/mdvisitclinic.com\/vi\/#organization"},"potentialAction":[{"@type":"SearchAction","target":{"@type":"EntryPoint","urlTemplate":"https:\/\/mdvisitclinic.com\/vi\/?s={search_term_string}"},"query-input":{"@type":"PropertyValueSpecification","valueRequired":true,"valueName":"search_term_string"}}],"inLanguage":"vi-VN"},{"@type":"Organization","@id":"https:\/\/mdvisitclinic.com\/vi\/#organization","name":"MDVISIT CLINIC","url":"https:\/\/mdvisitclinic.com\/vi\/","logo":{"@type":"ImageObject","inLanguage":"vi-VN","@id":"https:\/\/mdvisitclinic.com\/vi\/#\/schema\/logo\/image\/","url":"https:\/\/mdvisitclinic.com\/wp-content\/uploads\/2024\/03\/logo.png","contentUrl":"https:\/\/mdvisitclinic.com\/wp-content\/uploads\/2024\/03\/logo.png","width":768,"height":118,"caption":"MDVISIT CLINIC"},"image":{"@id":"https:\/\/mdvisitclinic.com\/vi\/#\/schema\/logo\/image\/"}}]}},"_links":{"self":[{"href":"https:\/\/mdvisitclinic.com\/vi\/wp-json\/wp\/v2\/pages\/21000","targetHints":{"allow":["GET"]}}],"collection":[{"href":"https:\/\/mdvisitclinic.com\/vi\/wp-json\/wp\/v2\/pages"}],"about":[{"href":"https:\/\/mdvisitclinic.com\/vi\/wp-json\/wp\/v2\/types\/page"}],"author":[{"embeddable":true,"href":"https:\/\/mdvisitclinic.com\/vi\/wp-json\/wp\/v2\/users\/9"}],"replies":[{"embeddable":true,"href":"https:\/\/mdvisitclinic.com\/vi\/wp-json\/wp\/v2\/comments?post=21000"}],"version-history":[{"count":2,"href":"https:\/\/mdvisitclinic.com\/vi\/wp-json\/wp\/v2\/pages\/21000\/revisions"}],"predecessor-version":[{"id":22787,"href":"https:\/\/mdvisitclinic.com\/vi\/wp-json\/wp\/v2\/pages\/21000\/revisions\/22787"}],"up":[{"embeddable":true,"href":"https:\/\/mdvisitclinic.com\/vi\/wp-json\/wp\/v2\/pages\/20956"}],"wp:attachment":[{"href":"https:\/\/mdvisitclinic.com\/vi\/wp-json\/wp\/v2\/media?parent=21000"}],"curies":[{"name":"wp","href":"https:\/\/api.w.org\/{rel}","templated":true}]}}