{"id":21003,"date":"2024-10-24T05:53:31","date_gmt":"2024-10-24T05:53:31","guid":{"rendered":"https:\/\/f55.01f.myftpupload.com\/our-team\/joe-summerlin\/"},"modified":"2024-12-23T09:43:13","modified_gmt":"2024-12-23T09:43:13","slug":"joe-summerlin","status":"publish","type":"page","link":"https:\/\/mdvisitclinic.com\/vi\/our-team\/joe-summerlin\/","title":{"rendered":"Joe Summerlin"},"content":{"rendered":"\t\t<div data-elementor-type=\"wp-page\" data-elementor-id=\"21003\" class=\"elementor elementor-21003 elementor-17464\" data-elementor-post-type=\"page\">\n\t\t\t\t<div class=\"elementor-element elementor-element-07fccb9 e-flex e-con-boxed e-con e-parent\" data-id=\"07fccb9\" data-element_type=\"container\" data-e-type=\"container\" data-settings=\"{&quot;jet_parallax_layout_list&quot;:[]}\">\n\t\t\t\t\t<div class=\"e-con-inner\">\n\t\t<div class=\"elementor-element elementor-element-a7f81bf e-con-full e-flex e-con e-child\" data-id=\"a7f81bf\" data-element_type=\"container\" data-e-type=\"container\" data-settings=\"{&quot;jet_parallax_layout_list&quot;:[]}\">\n\t\t<div class=\"elementor-element elementor-element-23cff90 e-flex e-con-boxed e-con e-child\" data-id=\"23cff90\" data-element_type=\"container\" data-e-type=\"container\" data-settings=\"{&quot;jet_parallax_layout_list&quot;:[]}\">\n\t\t\t\t\t<div class=\"e-con-inner\">\n\t\t\t\t<div class=\"elementor-element elementor-element-93632e2 elementor-invisible elementor-widget elementor-widget-heading\" data-id=\"93632e2\" data-element_type=\"widget\" data-e-type=\"widget\" data-settings=\"{&quot;_animation&quot;:&quot;fadeInDown&quot;,&quot;_animation_delay&quot;:0.40000000000000002}\" data-widget_type=\"heading.default\">\n\t\t\t\t<div class=\"elementor-widget-container\">\n\t\t\t\t\t<h1 class=\"elementor-heading-title elementor-size-default\">Joe Summerlin<\/h1>\t\t\t\t<\/div>\n\t\t\t\t<\/div>\n\t\t\t\t<div class=\"elementor-element elementor-element-4bd3cbf elementor-widget__width-inherit elementor-invisible elementor-widget elementor-widget-heading\" data-id=\"4bd3cbf\" data-element_type=\"widget\" data-e-type=\"widget\" data-settings=\"{&quot;_animation&quot;:&quot;fadeInDown&quot;,&quot;_animation_delay&quot;:0.59999999999999998}\" data-widget_type=\"heading.default\">\n\t\t\t\t<div class=\"elementor-widget-container\">\n\t\t\t\t\t<h6 class=\"elementor-heading-title elementor-size-default\">Gi\u00e1m \u0111\u1ed1c \u0111i\u1ec1u h\u00e0nh CNTT to\u00e0n c\u1ea7u<\/h6>\t\t\t\t<\/div>\n\t\t\t\t<\/div>\n\t\t\t\t<div class=\"elementor-element elementor-element-eb09dc7 elementor-widget__width-auto elementor-invisible elementor-widget elementor-widget-heading\" data-id=\"eb09dc7\" data-element_type=\"widget\" data-e-type=\"widget\" data-settings=\"{&quot;_animation&quot;:&quot;fadeInDown&quot;,&quot;_animation_delay&quot;:0.80000000000000004}\" data-widget_type=\"heading.default\">\n\t\t\t\t<div class=\"elementor-widget-container\">\n\t\t\t\t\t<p class=\"elementor-heading-title elementor-size-default\"><a href=\"mailto:joes@mdvisitclinic.com\">joes@mdvisitclinic.com<\/a><\/p>\t\t\t\t<\/div>\n\t\t\t\t<\/div>\n\t\t\t\t\t<\/div>\n\t\t\t\t<\/div>\n\t\t<div class=\"elementor-element elementor-element-c4251e3 e-con-full e-flex e-con e-child\" data-id=\"c4251e3\" data-element_type=\"container\" data-e-type=\"container\" data-settings=\"{&quot;jet_parallax_layout_list&quot;:[]}\">\n\t\t\t\t<div class=\"elementor-element elementor-element-5f5be3a elementor-widget__width-inherit team_desc elementor-invisible elementor-widget elementor-widget-text-editor\" data-id=\"5f5be3a\" data-element_type=\"widget\" data-e-type=\"widget\" data-settings=\"{&quot;_animation&quot;:&quot;fadeIn&quot;,&quot;_animation_delay&quot;:1}\" data-widget_type=\"text-editor.default\">\n\t\t\t\t<div class=\"elementor-widget-container\">\n\t\t\t\t\t\t\t\t\t<p>Joe Summerlin, Gi\u00e1m \u0111\u1ed1c Ho\u1ea1t \u0111\u1ed9ng CNTT To\u00e0n c\u1ea7u, gi\u00e1m s\u00e1t v\u00e0 t\u1ed1i \u01b0u h\u00f3a t\u1ea5t c\u1ea3 c\u00e1c kh\u00eda c\u1ea1nh c\u1ee7a c\u01a1 s\u1edf h\u1ea1 t\u1ea7ng, b\u1ea3o m\u1eadt v\u00e0 ho\u1ea1t \u0111\u1ed9ng CNTT c\u1ee7a MDVISIT CLINIC tr\u00ean nhi\u1ec1u khu v\u1ef1c qu\u1ed1c t\u1ebf. Joe \u0111\u1ea3m b\u1ea3o t\u00ednh kh\u1ea3 d\u1ee5ng, hi\u1ec7u su\u1ea5t v\u00e0 kh\u1ea3 n\u0103ng m\u1edf r\u1ed9ng li\u00ean t\u1ee5c c\u1ee7a c\u00e1c h\u1ec7 th\u1ed1ng v\u00e0 d\u1ecbch v\u1ee5 CNTT c\u1ee7a c\u00f4ng ty v\u00e0 \u0111i\u1ec1u ch\u1ec9nh ch\u00fang ph\u00f9 h\u1ee3p v\u1edbi c\u00e1c m\u1ee5c ti\u00eau kinh doanh c\u1ee7a ch\u00fang t\u00f4i l\u00e0 t\u1ea1o \u0111i\u1ec1u ki\u1ec7n thu\u1eadn l\u1ee3i cho du l\u1ecbch y t\u1ebf to\u00e0n c\u1ea7u \u0111\u1ebfn Hoa K\u1ef3. <\/p>\n<p>Joe cung c\u1ea5p s\u1ef1 l\u00e3nh \u0111\u1ea1o v\u00e0 gi\u00e1m s\u00e1t cho nh\u00f3m ho\u1ea1t \u0111\u1ed9ng CNTT. C\u00f9ng nhau, h\u1ecd \u0111\u00e3 x\u00e1c \u0111\u1ecbnh t\u1ea7m nh\u00ecn, m\u1ee5c \u0111\u00edch v\u00e0 s\u1ee9 m\u1ec7nh c\u1ee7a m\u00ecnh nh\u01b0 sau: <\/p>\n\t\t\t\t\t\t\t\t<\/div>\n\t\t\t\t<\/div>\n\t\t\t\t<div class=\"elementor-element elementor-element-92691ae elementor-invisible elementor-widget elementor-widget-heading\" data-id=\"92691ae\" data-element_type=\"widget\" data-e-type=\"widget\" data-settings=\"{&quot;_animation&quot;:&quot;fadeIn&quot;,&quot;_animation_delay&quot;:1}\" data-widget_type=\"heading.default\">\n\t\t\t\t<div class=\"elementor-widget-container\">\n\t\t\t\t\t<h5 class=\"elementor-heading-title elementor-size-default\">Tuy\u00ean b\u1ed1 t\u1ea7m nh\u00ecn\n<\/h5>\t\t\t\t<\/div>\n\t\t\t\t<\/div>\n\t\t\t\t<div class=\"elementor-element elementor-element-062695d elementor-widget__width-inherit team_desc elementor-invisible elementor-widget elementor-widget-text-editor\" data-id=\"062695d\" data-element_type=\"widget\" data-e-type=\"widget\" data-settings=\"{&quot;_animation&quot;:&quot;fadeIn&quot;,&quot;_animation_delay&quot;:1}\" data-widget_type=\"text-editor.default\">\n\t\t\t\t<div class=\"elementor-widget-container\">\n\t\t\t\t\t\t\t\t\t&#8220;Tr\u1edf th\u00e0nh nh\u00e0 cung c\u1ea5p h\u00e0ng \u0111\u1ea7u c\u00e1c gi\u1ea3i ph\u00e1p CNTT \u0111\u00e1ng tin c\u1eady, an to\u00e0n v\u00e0 c\u00f3 th\u1ec3 m\u1edf r\u1ed9ng trong ng\u00e0nh du l\u1ecbch y t\u1ebf, trao quy\u1ec1n ti\u1ebfp c\u1eadn to\u00e0n c\u1ea7u v\u1edbi d\u1ecbch v\u1ee5 ch\u0103m s\u00f3c s\u1ee9c kh\u1ecfe \u0111\u1eb3ng c\u1ea5p th\u1ebf gi\u1edbi b\u1eb1ng c\u00e1ch k\u1ebft n\u1ed1i li\u1ec1n m\u1ea1ch b\u1ec7nh nh\u00e2n v\u00e0 nh\u00e0 cung c\u1ea5p xuy\u00ean bi\u00ean gi\u1edbi.&#8221;\n \n\t\t\t\t\t\t\t\t<\/div>\n\t\t\t\t<\/div>\n\t\t\t\t<div class=\"elementor-element elementor-element-5ec5ea0 elementor-invisible elementor-widget elementor-widget-heading\" data-id=\"5ec5ea0\" data-element_type=\"widget\" data-e-type=\"widget\" data-settings=\"{&quot;_animation&quot;:&quot;fadeIn&quot;,&quot;_animation_delay&quot;:1}\" data-widget_type=\"heading.default\">\n\t\t\t\t<div class=\"elementor-widget-container\">\n\t\t\t\t\t<h5 class=\"elementor-heading-title elementor-size-default\">M\u1ee5c \u0111\u00edch\n<\/h5>\t\t\t\t<\/div>\n\t\t\t\t<\/div>\n\t\t\t\t<div class=\"elementor-element elementor-element-5f9d8f3 elementor-widget__width-inherit team_desc elementor-invisible elementor-widget elementor-widget-text-editor\" data-id=\"5f9d8f3\" data-element_type=\"widget\" data-e-type=\"widget\" data-settings=\"{&quot;_animation&quot;:&quot;fadeIn&quot;,&quot;_animation_delay&quot;:1}\" data-widget_type=\"text-editor.default\">\n\t\t\t\t<div class=\"elementor-widget-container\">\n\t\t\t\t\t\t\t\t\t&#8220;\u0110\u1ec3 th\u00fac \u0111\u1ea9y c\u01a1 s\u1edf h\u1ea1 t\u1ea7ng CNTT s\u00e1ng t\u1ea1o v\u00e0 linh ho\u1ea1t h\u1ed7 tr\u1ee3 s\u1ee9 m\u1ec7nh c\u1ee7a MDVISIT CLINIC l\u00e0 cung c\u1ea5p c\u00e1c d\u1ecbch v\u1ee5 ch\u0103m s\u00f3c s\u1ee9c kh\u1ecfe ch\u1ea5t l\u01b0\u1ee3ng cao, d\u1ec5 ti\u1ebfp c\u1eadn cho b\u1ec7nh nh\u00e2n qu\u1ed1c t\u1ebf, th\u00fac \u0111\u1ea9y ni\u1ec1m tin, \u0111\u1ed9 tin c\u1eady v\u00e0 s\u1ef1 xu\u1ea5t s\u1eafc trong t\u1ea5t c\u1ea3 c\u00e1c ho\u1ea1t \u0111\u1ed9ng k\u1ef9 thu\u1eadt.&#8221;\n\t\t\t\t\t\t\t\t<\/div>\n\t\t\t\t<\/div>\n\t\t\t\t<div class=\"elementor-element elementor-element-3b43dd7 elementor-invisible elementor-widget elementor-widget-heading\" data-id=\"3b43dd7\" data-element_type=\"widget\" data-e-type=\"widget\" data-settings=\"{&quot;_animation&quot;:&quot;fadeIn&quot;,&quot;_animation_delay&quot;:1}\" data-widget_type=\"heading.default\">\n\t\t\t\t<div class=\"elementor-widget-container\">\n\t\t\t\t\t<h5 class=\"elementor-heading-title elementor-size-default\">Nhi\u1ec7m v\u1ee5<\/h5>\t\t\t\t<\/div>\n\t\t\t\t<\/div>\n\t\t\t\t<div class=\"elementor-element elementor-element-796ce3f elementor-widget__width-inherit team_desc elementor-invisible elementor-widget elementor-widget-text-editor\" data-id=\"796ce3f\" data-element_type=\"widget\" data-e-type=\"widget\" data-settings=\"{&quot;_animation&quot;:&quot;fadeIn&quot;,&quot;_animation_delay&quot;:1}\" data-widget_type=\"text-editor.default\">\n\t\t\t\t<div class=\"elementor-widget-container\">\n\t\t\t\t\t\t\t\t\t&#8220;Nhi\u1ec7m v\u1ee5 c\u1ee7a ch\u00fang t\u00f4i l\u00e0 t\u1ed1i \u01b0u h\u00f3a, b\u1ea3o m\u1eadt v\u00e0 n\u00e2ng cao h\u1ec7 th\u1ed1ng CNTT c\u1ee7a MDVISIT CLINIC \u0111\u1ec3 \u0111\u1ea3m b\u1ea3o ho\u1ea1t \u0111\u1ed9ng li\u1ec1n m\u1ea1ch, kh\u1ea3 n\u0103ng m\u1edf r\u1ed9ng v\u00e0 hi\u1ec7u su\u1ea5t, h\u1ed7 tr\u1ee3 nhu c\u1ea7u c\u1ee7a kh\u00e1ch h\u00e0ng to\u00e0n c\u1ea7u v\u00e0 t\u1ea1o \u0111i\u1ec1u ki\u1ec7n ti\u1ebfp c\u1eadn hi\u1ec7u qu\u1ea3, an to\u00e0n v\u1edbi d\u1ecbch v\u1ee5 ch\u0103m s\u00f3c s\u1ee9c kh\u1ecfe t\u1ea1i Hoa K\u1ef3. Th\u00f4ng qua kh\u1ea3 n\u0103ng l\u00e3nh \u0111\u1ea1o, h\u1ee3p t\u00e1c v\u00e0 cam k\u1ebft xu\u1ea5t s\u1eafc, ch\u00fang t\u00f4i trao quy\u1ec1n cho nh\u00f3m c\u1ee7a m\u00ecnh v\u01b0\u1ee3t qu\u00e1 c\u00e1c ti\u00eau chu\u1ea9n ng\u00e0nh, th\u00edch \u1ee9ng v\u1edbi nhu c\u1ea7u ph\u00e1t tri\u1ec3n v\u00e0 cung c\u1ea5p c\u00e1c gi\u1ea3i ph\u00e1p CNTT b\u1ec1n v\u1eefng, s\u1eb5n s\u00e0ng cho t\u01b0\u01a1ng lai.&#8221;\n\t\t\t\t\t\t\t\t<\/div>\n\t\t\t\t<\/div>\n\t\t\t\t<\/div>\n\t\t\t\t<\/div>\n\t\t<div class=\"elementor-element elementor-element-a170e67 e-con-full e-flex e-con e-child\" data-id=\"a170e67\" data-element_type=\"container\" data-e-type=\"container\" data-settings=\"{&quot;jet_parallax_layout_list&quot;:[]}\">\n\t\t\t\t<div class=\"elementor-element elementor-element-09cf3be animated-slow elementor-invisible elementor-widget elementor-widget-image\" data-id=\"09cf3be\" data-element_type=\"widget\" data-e-type=\"widget\" data-settings=\"{&quot;_animation&quot;:&quot;fadeInLeft&quot;,&quot;_animation_mobile&quot;:&quot;none&quot;,&quot;_animation_delay&quot;:1.5,&quot;sticky&quot;:&quot;top&quot;,&quot;sticky_on&quot;:[&quot;widescreen&quot;,&quot;desktop&quot;,&quot;tablet&quot;],&quot;sticky_parent&quot;:&quot;yes&quot;,&quot;sticky_offset&quot;:0,&quot;sticky_effects_offset&quot;:0,&quot;sticky_anchor_link_offset&quot;:0}\" data-widget_type=\"image.default\">\n\t\t\t\t<div class=\"elementor-widget-container\">\n\t\t\t\t\t\t\t\t\t\t\t\t\t\t\t<img fetchpriority=\"high\" decoding=\"async\" width=\"436\" height=\"426\" src=\"https:\/\/mdvisitclinic.com\/wp-content\/uploads\/2024\/10\/jeo.jpg\" class=\"attachment-large size-large wp-image-17501\" alt=\"\" srcset=\"https:\/\/mdvisitclinic.com\/wp-content\/uploads\/2024\/10\/jeo.jpg 436w, https:\/\/mdvisitclinic.com\/wp-content\/uploads\/2024\/10\/jeo-300x293.jpg 300w\" sizes=\"(max-width: 436px) 100vw, 436px\" \/>\t\t\t\t\t\t\t\t\t\t\t\t\t\t\t<\/div>\n\t\t\t\t<\/div>\n\t\t\t\t<\/div>\n\t\t\t\t\t<\/div>\n\t\t\t\t<\/div>\n\t\t\t\t<\/div>\n\t\t","protected":false},"excerpt":{"rendered":"<p>Joe Summerlin Gi\u00e1m \u0111\u1ed1c \u0111i\u1ec1u h\u00e0nh CNTT to\u00e0n c\u1ea7u joes@mdvisitclinic.com Joe Summerlin, Gi\u00e1m \u0111\u1ed1c Ho\u1ea1t \u0111\u1ed9ng CNTT To\u00e0n c\u1ea7u, gi\u00e1m s\u00e1t v\u00e0 t\u1ed1i \u01b0u h\u00f3a t\u1ea5t c\u1ea3 c\u00e1c kh\u00eda c\u1ea1nh c\u1ee7a c\u01a1 s\u1edf h\u1ea1 t\u1ea7ng, b\u1ea3o m\u1eadt v\u00e0 ho\u1ea1t \u0111\u1ed9ng CNTT c\u1ee7a MDVISIT CLINIC tr\u00ean nhi\u1ec1u khu v\u1ef1c qu\u1ed1c t\u1ebf. Joe \u0111\u1ea3m b\u1ea3o t\u00ednh kh\u1ea3 [&hellip;]<\/p>\n","protected":false},"author":9,"featured_media":0,"parent":20956,"menu_order":0,"comment_status":"closed","ping_status":"closed","template":"elementor_header_footer","meta":{"_acf_changed":false,"_coblocks_attr":"","_coblocks_dimensions":"","_coblocks_responsive_height":"","_coblocks_accordion_ie_support":"","hide_page_title":"","footnotes":""},"class_list":["post-21003","page","type-page","status-publish","hentry"],"acf":[],"yoast_head":"<!-- This site is optimized with the Yoast SEO plugin v27.6 - https:\/\/yoast.com\/product\/yoast-seo-wordpress\/ -->\n<title>Joe Summerlin - MDVISIT CLINIC<\/title>\n<meta name=\"robots\" content=\"noindex, follow, max-snippet:-1, max-image-preview:large, max-video-preview:-1\" \/>\n<meta property=\"og:locale\" content=\"vi_VN\" \/>\n<meta property=\"og:type\" content=\"article\" \/>\n<meta property=\"og:title\" content=\"Joe Summerlin - MDVISIT CLINIC\" \/>\n<meta property=\"og:description\" content=\"Joe Summerlin Gi\u00e1m \u0111\u1ed1c \u0111i\u1ec1u h\u00e0nh CNTT to\u00e0n c\u1ea7u joes@mdvisitclinic.com Joe Summerlin, Gi\u00e1m \u0111\u1ed1c Ho\u1ea1t \u0111\u1ed9ng CNTT To\u00e0n c\u1ea7u, gi\u00e1m s\u00e1t v\u00e0 t\u1ed1i \u01b0u h\u00f3a t\u1ea5t c\u1ea3 c\u00e1c kh\u00eda c\u1ea1nh c\u1ee7a c\u01a1 s\u1edf h\u1ea1 t\u1ea7ng, b\u1ea3o m\u1eadt v\u00e0 ho\u1ea1t \u0111\u1ed9ng CNTT c\u1ee7a MDVISIT CLINIC tr\u00ean nhi\u1ec1u khu v\u1ef1c qu\u1ed1c t\u1ebf. Joe \u0111\u1ea3m b\u1ea3o t\u00ednh kh\u1ea3 [&hellip;]\" \/>\n<meta property=\"og:url\" content=\"https:\/\/mdvisitclinic.com\/vi\/our-team\/joe-summerlin\/\" \/>\n<meta property=\"og:site_name\" content=\"MDVISIT CLINIC\" \/>\n<meta property=\"article:modified_time\" content=\"2024-12-23T09:43:13+00:00\" \/>\n<meta property=\"og:image\" content=\"https:\/\/mdvisitclinic.com\/wp-content\/uploads\/2024\/10\/jeo.jpg\" \/>\n<meta name=\"twitter:card\" content=\"summary_large_image\" \/>\n<meta name=\"twitter:label1\" content=\"Est. reading time\" \/>\n\t<meta name=\"twitter:data1\" content=\"3 minutes\" \/>\n<script type=\"application\/ld+json\" class=\"yoast-schema-graph\">{\"@context\":\"https:\\\/\\\/schema.org\",\"@graph\":[{\"@type\":\"WebPage\",\"@id\":\"https:\\\/\\\/mdvisitclinic.com\\\/vi\\\/our-team\\\/joe-summerlin\\\/\",\"url\":\"https:\\\/\\\/mdvisitclinic.com\\\/vi\\\/our-team\\\/joe-summerlin\\\/\",\"name\":\"Joe Summerlin - MDVISIT CLINIC\",\"isPartOf\":{\"@id\":\"https:\\\/\\\/mdvisitclinic.com\\\/vi\\\/#website\"},\"primaryImageOfPage\":{\"@id\":\"https:\\\/\\\/mdvisitclinic.com\\\/vi\\\/our-team\\\/joe-summerlin\\\/#primaryimage\"},\"image\":{\"@id\":\"https:\\\/\\\/mdvisitclinic.com\\\/vi\\\/our-team\\\/joe-summerlin\\\/#primaryimage\"},\"thumbnailUrl\":\"https:\\\/\\\/mdvisitclinic.com\\\/wp-content\\\/uploads\\\/2024\\\/10\\\/jeo.jpg\",\"datePublished\":\"2024-10-24T05:53:31+00:00\",\"dateModified\":\"2024-12-23T09:43:13+00:00\",\"breadcrumb\":{\"@id\":\"https:\\\/\\\/mdvisitclinic.com\\\/vi\\\/our-team\\\/joe-summerlin\\\/#breadcrumb\"},\"inLanguage\":\"vi-VN\",\"potentialAction\":[{\"@type\":\"ReadAction\",\"target\":[\"https:\\\/\\\/mdvisitclinic.com\\\/vi\\\/our-team\\\/joe-summerlin\\\/\"]}]},{\"@type\":\"ImageObject\",\"inLanguage\":\"vi-VN\",\"@id\":\"https:\\\/\\\/mdvisitclinic.com\\\/vi\\\/our-team\\\/joe-summerlin\\\/#primaryimage\",\"url\":\"https:\\\/\\\/mdvisitclinic.com\\\/wp-content\\\/uploads\\\/2024\\\/10\\\/jeo.jpg\",\"contentUrl\":\"https:\\\/\\\/mdvisitclinic.com\\\/wp-content\\\/uploads\\\/2024\\\/10\\\/jeo.jpg\"},{\"@type\":\"BreadcrumbList\",\"@id\":\"https:\\\/\\\/mdvisitclinic.com\\\/vi\\\/our-team\\\/joe-summerlin\\\/#breadcrumb\",\"itemListElement\":[{\"@type\":\"ListItem\",\"position\":1,\"name\":\"Home\",\"item\":\"https:\\\/\\\/mdvisitclinic.com\\\/vi\\\/\"},{\"@type\":\"ListItem\",\"position\":2,\"name\":\"\u0110\u1ed9i ng\u0169 c\u1ee7a ch\u00fang t\u00f4i\",\"item\":\"https:\\\/\\\/mdvisitclinic.com\\\/vi\\\/our-team\\\/\"},{\"@type\":\"ListItem\",\"position\":3,\"name\":\"Joe Summerlin\"}]},{\"@type\":\"WebSite\",\"@id\":\"https:\\\/\\\/mdvisitclinic.com\\\/vi\\\/#website\",\"url\":\"https:\\\/\\\/mdvisitclinic.com\\\/vi\\\/\",\"name\":\"MDVISIT CLINIC\",\"description\":\"\",\"publisher\":{\"@id\":\"https:\\\/\\\/mdvisitclinic.com\\\/vi\\\/#organization\"},\"potentialAction\":[{\"@type\":\"SearchAction\",\"target\":{\"@type\":\"EntryPoint\",\"urlTemplate\":\"https:\\\/\\\/mdvisitclinic.com\\\/vi\\\/?s={search_term_string}\"},\"query-input\":{\"@type\":\"PropertyValueSpecification\",\"valueRequired\":true,\"valueName\":\"search_term_string\"}}],\"inLanguage\":\"vi-VN\"},{\"@type\":\"Organization\",\"@id\":\"https:\\\/\\\/mdvisitclinic.com\\\/vi\\\/#organization\",\"name\":\"MDVISIT CLINIC\",\"url\":\"https:\\\/\\\/mdvisitclinic.com\\\/vi\\\/\",\"logo\":{\"@type\":\"ImageObject\",\"inLanguage\":\"vi-VN\",\"@id\":\"https:\\\/\\\/mdvisitclinic.com\\\/vi\\\/#\\\/schema\\\/logo\\\/image\\\/\",\"url\":\"https:\\\/\\\/mdvisitclinic.com\\\/wp-content\\\/uploads\\\/2024\\\/03\\\/logo.png\",\"contentUrl\":\"https:\\\/\\\/mdvisitclinic.com\\\/wp-content\\\/uploads\\\/2024\\\/03\\\/logo.png\",\"width\":768,\"height\":118,\"caption\":\"MDVISIT CLINIC\"},\"image\":{\"@id\":\"https:\\\/\\\/mdvisitclinic.com\\\/vi\\\/#\\\/schema\\\/logo\\\/image\\\/\"}}]}<\/script>\n<!-- \/ Yoast SEO plugin. -->","yoast_head_json":{"title":"Joe Summerlin - MDVISIT CLINIC","robots":{"index":"noindex","follow":"follow","max-snippet":"max-snippet:-1","max-image-preview":"max-image-preview:large","max-video-preview":"max-video-preview:-1"},"og_locale":"vi_VN","og_type":"article","og_title":"Joe Summerlin - MDVISIT CLINIC","og_description":"Joe Summerlin Gi\u00e1m \u0111\u1ed1c \u0111i\u1ec1u h\u00e0nh CNTT to\u00e0n c\u1ea7u joes@mdvisitclinic.com Joe Summerlin, Gi\u00e1m \u0111\u1ed1c Ho\u1ea1t \u0111\u1ed9ng CNTT To\u00e0n c\u1ea7u, gi\u00e1m s\u00e1t v\u00e0 t\u1ed1i \u01b0u h\u00f3a t\u1ea5t c\u1ea3 c\u00e1c kh\u00eda c\u1ea1nh c\u1ee7a c\u01a1 s\u1edf h\u1ea1 t\u1ea7ng, b\u1ea3o m\u1eadt v\u00e0 ho\u1ea1t \u0111\u1ed9ng CNTT c\u1ee7a MDVISIT CLINIC tr\u00ean nhi\u1ec1u khu v\u1ef1c qu\u1ed1c t\u1ebf. Joe \u0111\u1ea3m b\u1ea3o t\u00ednh kh\u1ea3 [&hellip;]","og_url":"https:\/\/mdvisitclinic.com\/vi\/our-team\/joe-summerlin\/","og_site_name":"MDVISIT CLINIC","article_modified_time":"2024-12-23T09:43:13+00:00","og_image":[{"url":"https:\/\/mdvisitclinic.com\/wp-content\/uploads\/2024\/10\/jeo.jpg","type":"","width":"","height":""}],"twitter_card":"summary_large_image","twitter_misc":{"Est. reading time":"3 minutes"},"schema":{"@context":"https:\/\/schema.org","@graph":[{"@type":"WebPage","@id":"https:\/\/mdvisitclinic.com\/vi\/our-team\/joe-summerlin\/","url":"https:\/\/mdvisitclinic.com\/vi\/our-team\/joe-summerlin\/","name":"Joe Summerlin - MDVISIT CLINIC","isPartOf":{"@id":"https:\/\/mdvisitclinic.com\/vi\/#website"},"primaryImageOfPage":{"@id":"https:\/\/mdvisitclinic.com\/vi\/our-team\/joe-summerlin\/#primaryimage"},"image":{"@id":"https:\/\/mdvisitclinic.com\/vi\/our-team\/joe-summerlin\/#primaryimage"},"thumbnailUrl":"https:\/\/mdvisitclinic.com\/wp-content\/uploads\/2024\/10\/jeo.jpg","datePublished":"2024-10-24T05:53:31+00:00","dateModified":"2024-12-23T09:43:13+00:00","breadcrumb":{"@id":"https:\/\/mdvisitclinic.com\/vi\/our-team\/joe-summerlin\/#breadcrumb"},"inLanguage":"vi-VN","potentialAction":[{"@type":"ReadAction","target":["https:\/\/mdvisitclinic.com\/vi\/our-team\/joe-summerlin\/"]}]},{"@type":"ImageObject","inLanguage":"vi-VN","@id":"https:\/\/mdvisitclinic.com\/vi\/our-team\/joe-summerlin\/#primaryimage","url":"https:\/\/mdvisitclinic.com\/wp-content\/uploads\/2024\/10\/jeo.jpg","contentUrl":"https:\/\/mdvisitclinic.com\/wp-content\/uploads\/2024\/10\/jeo.jpg"},{"@type":"BreadcrumbList","@id":"https:\/\/mdvisitclinic.com\/vi\/our-team\/joe-summerlin\/#breadcrumb","itemListElement":[{"@type":"ListItem","position":1,"name":"Home","item":"https:\/\/mdvisitclinic.com\/vi\/"},{"@type":"ListItem","position":2,"name":"\u0110\u1ed9i ng\u0169 c\u1ee7a ch\u00fang t\u00f4i","item":"https:\/\/mdvisitclinic.com\/vi\/our-team\/"},{"@type":"ListItem","position":3,"name":"Joe Summerlin"}]},{"@type":"WebSite","@id":"https:\/\/mdvisitclinic.com\/vi\/#website","url":"https:\/\/mdvisitclinic.com\/vi\/","name":"MDVISIT CLINIC","description":"","publisher":{"@id":"https:\/\/mdvisitclinic.com\/vi\/#organization"},"potentialAction":[{"@type":"SearchAction","target":{"@type":"EntryPoint","urlTemplate":"https:\/\/mdvisitclinic.com\/vi\/?s={search_term_string}"},"query-input":{"@type":"PropertyValueSpecification","valueRequired":true,"valueName":"search_term_string"}}],"inLanguage":"vi-VN"},{"@type":"Organization","@id":"https:\/\/mdvisitclinic.com\/vi\/#organization","name":"MDVISIT CLINIC","url":"https:\/\/mdvisitclinic.com\/vi\/","logo":{"@type":"ImageObject","inLanguage":"vi-VN","@id":"https:\/\/mdvisitclinic.com\/vi\/#\/schema\/logo\/image\/","url":"https:\/\/mdvisitclinic.com\/wp-content\/uploads\/2024\/03\/logo.png","contentUrl":"https:\/\/mdvisitclinic.com\/wp-content\/uploads\/2024\/03\/logo.png","width":768,"height":118,"caption":"MDVISIT CLINIC"},"image":{"@id":"https:\/\/mdvisitclinic.com\/vi\/#\/schema\/logo\/image\/"}}]}},"_links":{"self":[{"href":"https:\/\/mdvisitclinic.com\/vi\/wp-json\/wp\/v2\/pages\/21003","targetHints":{"allow":["GET"]}}],"collection":[{"href":"https:\/\/mdvisitclinic.com\/vi\/wp-json\/wp\/v2\/pages"}],"about":[{"href":"https:\/\/mdvisitclinic.com\/vi\/wp-json\/wp\/v2\/types\/page"}],"author":[{"embeddable":true,"href":"https:\/\/mdvisitclinic.com\/vi\/wp-json\/wp\/v2\/users\/9"}],"replies":[{"embeddable":true,"href":"https:\/\/mdvisitclinic.com\/vi\/wp-json\/wp\/v2\/comments?post=21003"}],"version-history":[{"count":2,"href":"https:\/\/mdvisitclinic.com\/vi\/wp-json\/wp\/v2\/pages\/21003\/revisions"}],"predecessor-version":[{"id":22784,"href":"https:\/\/mdvisitclinic.com\/vi\/wp-json\/wp\/v2\/pages\/21003\/revisions\/22784"}],"up":[{"embeddable":true,"href":"https:\/\/mdvisitclinic.com\/vi\/wp-json\/wp\/v2\/pages\/20956"}],"wp:attachment":[{"href":"https:\/\/mdvisitclinic.com\/vi\/wp-json\/wp\/v2\/media?parent=21003"}],"curies":[{"name":"wp","href":"https:\/\/api.w.org\/{rel}","templated":true}]}}