{"id":21013,"date":"2024-10-28T07:39:43","date_gmt":"2024-10-28T07:39:43","guid":{"rendered":"https:\/\/f55.01f.myftpupload.com\/regenerative-oxygen-therapy-details\/"},"modified":"2024-12-23T09:43:14","modified_gmt":"2024-12-23T09:43:14","slug":"regenerative-oxygen-therapy-details","status":"publish","type":"page","link":"https:\/\/mdvisitclinic.com\/vi\/regenerative-oxygen-therapy-details\/","title":{"rendered":"CHI TI\u1ebeT LI\u1ec6U PH\u00c1P OXY T\u00c1I T\u1ea0O"},"content":{"rendered":"\t\t<div data-elementor-type=\"wp-page\" data-elementor-id=\"21013\" class=\"elementor elementor-21013 elementor-17821\" data-elementor-post-type=\"page\">\n\t\t\t\t<div class=\"elementor-element elementor-element-2f5dc202 e-flex e-con-boxed e-con e-parent\" data-id=\"2f5dc202\" data-element_type=\"container\" data-e-type=\"container\" data-settings=\"{&quot;jet_parallax_layout_list&quot;:[]}\">\n\t\t\t\t\t<div class=\"e-con-inner\">\n\t\t<div class=\"elementor-element elementor-element-59faecad e-con-full e-flex e-con e-child\" data-id=\"59faecad\" data-element_type=\"container\" data-e-type=\"container\" data-settings=\"{&quot;jet_parallax_layout_list&quot;:[]}\">\n\t\t\t\t<div class=\"elementor-element elementor-element-33ff0bf5 elementor-invisible elementor-widget elementor-widget-heading\" data-id=\"33ff0bf5\" data-element_type=\"widget\" data-e-type=\"widget\" data-settings=\"{&quot;_animation&quot;:&quot;fadeInDown&quot;,&quot;_animation_delay&quot;:0.40000000000000002}\" data-widget_type=\"heading.default\">\n\t\t\t\t<div class=\"elementor-widget-container\">\n\t\t\t\t\t<h1 class=\"elementor-heading-title elementor-size-default\">LI\u1ec6U PH\u00c1P OXY T\u00c1I T\u1ea0O<\/h1>\t\t\t\t<\/div>\n\t\t\t\t<\/div>\n\t\t\t\t<div class=\"elementor-element elementor-element-6dde0691 elementor-invisible elementor-widget elementor-widget-heading\" data-id=\"6dde0691\" data-element_type=\"widget\" data-e-type=\"widget\" data-settings=\"{&quot;_animation&quot;:&quot;fadeInDown&quot;,&quot;_animation_delay&quot;:0.40000000000000002}\" data-widget_type=\"heading.default\">\n\t\t\t\t<div class=\"elementor-widget-container\">\n\t\t\t\t\t<h6 class=\"elementor-heading-title elementor-size-default\">Oxy cao \u00e1p tr\u01b0\u1edbc ph\u1eabu thu\u1eadt v\u00e0 sau ph\u1eabu thu\u1eadt<\/h6>\t\t\t\t<\/div>\n\t\t\t\t<\/div>\n\t\t\t\t<div class=\"elementor-element elementor-element-3594efe7 elementor-widget__width-inherit elementor-invisible elementor-widget elementor-widget-text-editor\" data-id=\"3594efe7\" data-element_type=\"widget\" data-e-type=\"widget\" data-settings=\"{&quot;_animation&quot;:&quot;fadeInDown&quot;,&quot;_animation_delay&quot;:0.59999999999999998}\" data-widget_type=\"text-editor.default\">\n\t\t\t\t<div class=\"elementor-widget-container\">\n\t\t\t\t\t\t\t\t\t<p><strong>TR\u01af\u1edaC PH\u1eaaU THU\u1eacT<\/strong><\/p>\n<p>Li\u1ec7u ph\u00e1p oxy cao \u00e1p (HBOT) mang l\u1ea1i l\u1ee3i \u00edch \u0111\u00e1ng k\u1ec3 khi s\u1eed d\u1ee5ng tr\u01b0\u1edbc ph\u1eabu thu\u1eadt, ch\u1ee7 y\u1ebfu l\u00e0 do kh\u1ea3 n\u0103ng t\u0103ng c\u01b0\u1eddng oxy h\u00f3a m\u00f4 v\u00e0 th\u00fac \u0111\u1ea9y qu\u00e1 tr\u00ecnh ch\u1eefa b\u1ec7nh. Tr\u01b0\u1edbc khi ph\u1eabu thu\u1eadt, \u0111\u1eb7c bi\u1ec7t trong tr\u01b0\u1eddng h\u1ee3p t\u1ed5n th\u01b0\u01a1ng m\u00f4 ho\u1eb7c nhi\u1ec5m tr\u00f9ng, HBOT c\u00f3 th\u1ec3 l\u00e0m t\u0103ng \u0111\u00e1ng k\u1ec3 n\u1ed3ng \u0111\u1ed9 oxy trong m\u00e1u. M\u1ee9c oxy t\u0103ng cao n\u00e0y gi\u00fap chu\u1ea9n b\u1ecb cho c\u01a1 th\u1ec3 ph\u1eabu thu\u1eadt b\u1eb1ng c\u00e1ch c\u1ea3i thi\u1ec7n ch\u1ee9c n\u0103ng c\u1ee7a c\u00e1c t\u1ebf b\u00e0o b\u1ea1ch c\u1ea7u, r\u1ea5t quan tr\u1ecdng \u0111\u1ec3 ch\u1ed1ng nhi\u1ec5m tr\u00f9ng.   \u0110i\u1ec1u n\u00e0y \u0111\u1eb7c bi\u1ec7t c\u00f3 l\u1ee3i trong c\u00e1c t\u00ecnh tr\u1ea1ng nh\u01b0 lo\u00e9t ti\u1ec3u \u0111\u01b0\u1eddng ho\u1eb7c ch\u1ea5n th\u01b0\u01a1ng b\u1ee9c x\u1ea1, n\u01a1i l\u01b0u l\u01b0\u1ee3ng m\u00e1u b\u1ecb t\u1ed5n th\u01b0\u01a1ng v\u00e0 cung c\u1ea5p oxy c\u00f3 th\u1ec3 c\u1ea3n tr\u1edf qu\u00e1 tr\u00ecnh ch\u1eefa l\u00e0nh. B\u1eb1ng c\u00e1ch \u0111i\u1ec1u ki\u1ec7n ti\u00ean quy\u1ebft cho c\u01a1 th\u1ec3 v\u1edbi n\u1ed3ng \u0111\u1ed9 oxy t\u0103ng l\u00ean, HBOT c\u00f3 th\u1ec3 l\u00e0m gi\u1ea3m nguy c\u01a1 nhi\u1ec5m tr\u00f9ng sau ph\u1eabu thu\u1eadt, m\u1ed9t bi\u1ebfn ch\u1ee9ng ph\u1ed5 bi\u1ebfn v\u00e0 nghi\u00eam tr\u1ecdng trong ph\u1eabu thu\u1eadt li\u00ean quan \u0111\u1ebfn c\u00e1c m\u00f4 c\u00f3 m\u1ea1ch m\u00e1u k\u00e9m. <\/p>\n<p>H\u01a1n n\u1eefa, HBOT c\u00f3 th\u1ec3 k\u00edch th\u00edch s\u1ef1 h\u00ecnh th\u00e0nh m\u1ea1ch, s\u1ef1 ph\u00e1t tri\u1ec3n c\u1ee7a c\u00e1c m\u1ea1ch m\u00e1u m\u1edbi, r\u1ea5t quan tr\u1ecdng \u0111\u1ec3 ch\u1eefa l\u00e0nh sau ph\u1eabu thu\u1eadt. T\u0103ng c\u01b0\u1eddng l\u01b0u l\u01b0\u1ee3ng m\u00e1u v\u00e0 cung c\u1ea5p oxy \u0111\u1ebfn c\u00e1c m\u00f4 kh\u00f4ng ch\u1ec9 h\u1ed7 tr\u1ee3 ph\u1ee5c h\u1ed3i nhanh h\u01a1n m\u00e0 c\u00f2n t\u00e1i t\u1ea1o c\u00e1c m\u00f4 b\u1ecb t\u1ed5n th\u01b0\u01a1ng. \u0110\u1ed1i v\u1edbi nh\u1eefng b\u1ec7nh nh\u00e2n tr\u1ea3i qua ph\u1eabu thu\u1eadt t\u00e1i t\u1ea1o ho\u1eb7c nh\u1eefng ng\u01b0\u1eddi c\u00f3 kh\u1ea3 n\u0103ng ch\u1eefa b\u1ec7nh b\u1ecb t\u1ed5n th\u01b0\u01a1ng, ch\u1eb3ng h\u1ea1n nh\u01b0 ng\u01b0\u1eddi h\u00fat thu\u1ed1c ho\u1eb7c ng\u01b0\u1eddi gi\u00e0, li\u1ec7u ph\u00e1p n\u00e0y c\u00f3 th\u1ec3 \u0111\u1eb7c bi\u1ec7t c\u00f3 l\u1ee3i. N\u00f3 th\u00fac \u0111\u1ea9y m\u1ed9t m\u00f4i tr\u01b0\u1eddng ch\u1eefa b\u1ec7nh m\u1ea1nh m\u1ebd h\u01a1n tr\u01b0\u1edbc khi ch\u1ea5n th\u01b0\u01a1ng ph\u1eabu thu\u1eadt x\u1ea3y ra, c\u00f3 kh\u1ea3 n\u0103ng l\u00e0m gi\u1ea3m th\u1eddi gian n\u1eb1m vi\u1ec7n v\u00e0 t\u0103ng c\u01b0\u1eddng k\u1ebft qu\u1ea3 ph\u1eabu thu\u1eadt t\u1ed5ng th\u1ec3. Do \u0111\u00f3, vi\u1ec7c s\u1eed d\u1ee5ng HBOT tr\u01b0\u1edbc c\u00f3 th\u1ec3 gi\u1ea3m thi\u1ec3u c\u00e1c bi\u1ebfn ch\u1ee9ng, c\u1ea3i thi\u1ec7n t\u1ef7 l\u1ec7 s\u1ed1ng s\u00f3t sau gh\u00e9p v\u00e0 v\u1ea1t trong ph\u1eabu thu\u1eadt t\u00e1i t\u1ea1o v\u00e0 th\u01b0\u1eddng c\u1ee7ng c\u1ed1 kh\u1ea3 n\u0103ng ph\u1ee5c h\u1ed3i c\u1ee7a c\u01a1 th\u1ec3 ch\u1ed1ng l\u1ea1i c\u0103ng th\u1eb3ng ph\u1eabu thu\u1eadt, l\u00e0m cho n\u00f3 tr\u1edf th\u00e0nh m\u1ed9t chi\u1ebfn l\u01b0\u1ee3c \u0111i\u1ec1u tr\u1ecb tr\u01b0\u1edbc ph\u1eabu thu\u1eadt c\u1ef1c k\u1ef3 c\u00f3 l\u1ee3i.    <\/p>\n<p><b>SAU PH\u1eaaU THU\u1eacT  <\/b><\/p>\n<p>Li\u1ec7u ph\u00e1p oxy cao \u00e1p (HBOT) sau ph\u1eabu thu\u1eadt mang l\u1ea1i nhi\u1ec1u l\u1ee3i \u00edch ch\u1ee7 y\u1ebfu l\u00e0 do kh\u1ea3 n\u0103ng \u0111\u1ea9y nhanh qu\u00e1 tr\u00ecnh ch\u1eefa l\u00e0nh v\u00e0 ch\u1ed1ng nhi\u1ec5m tr\u00f9ng. Sau ph\u1eabu thu\u1eadt, c\u00e1c m\u00f4 th\u01b0\u1eddng b\u1ecb thi\u1ebfu oxy (thi\u1ebfu oxy) do ch\u1ea5n th\u01b0\u01a1ng c\u1ee7a th\u1ee7 t\u1ee5c ph\u1eabu thu\u1eadt. HBOT ho\u1ea1t \u0111\u1ed9ng b\u1eb1ng c\u00e1ch t\u0103ng \u00e1p su\u1ea5t v\u00e0 do \u0111\u00f3 n\u1ed3ng \u0111\u1ed9 oxy trong m\u00e1u, gi\u00fap t\u0103ng c\u01b0\u1eddng \u0111\u00e1ng k\u1ec3 vi\u1ec7c cung c\u1ea5p oxy \u0111\u1ebfn c\u00e1c m\u00f4 thi\u1ebfu oxy n\u00e0y. S\u1ef1 gia t\u0103ng n\u1ed3ng \u0111\u1ed9 oxy n\u00e0y kh\u00f4ng ch\u1ec9 gi\u00fap ch\u1eefa l\u00e0nh v\u1ebft th\u01b0\u01a1ng b\u1eb1ng c\u00e1ch th\u00fac \u0111\u1ea9y s\u1ea3n xu\u1ea5t collagen v\u00e0 ho\u1ea1t \u0111\u1ed9ng c\u1ee7a nguy\u00ean b\u00e0o s\u1ee3i m\u00e0 c\u00f2n t\u0103ng c\u01b0\u1eddng ph\u1ea3n \u1ee9ng mi\u1ec5n d\u1ecbch, l\u00e0m cho n\u00f3 hi\u1ec7u qu\u1ea3 h\u01a1n ch\u1ed1ng l\u1ea1i vi khu\u1ea9n ph\u00e1t tri\u1ec3n m\u1ea1nh trong m\u00f4i tr\u01b0\u1eddng oxy th\u1ea5p.    Do \u0111\u00f3, HBOT sau ph\u1eabu thu\u1eadt c\u00f3 th\u1ec3 l\u00e0m gi\u1ea3m \u0111\u00e1ng k\u1ec3 nguy c\u01a1 nhi\u1ec5m tr\u00f9ng, \u0111i\u1ec1u n\u00e0y \u0111\u1eb7c bi\u1ec7t quan tr\u1ecdng trong c\u00e1c ca ph\u1eabu thu\u1eadt li\u00ean quan \u0111\u1ebfn c\u00e1c khu v\u1ef1c cung c\u1ea5p m\u00e1u k\u00e9m ho\u1eb7c \u1edf nh\u1eefng b\u1ec7nh nh\u00e2n m\u1eafc c\u00e1c b\u1ec7nh nh\u01b0 ti\u1ec3u \u0111\u01b0\u1eddng n\u01a1i vi\u1ec7c ch\u1eefa l\u00e0nh c\u00f3 th\u1ec3 b\u1ecb t\u1ed5n h\u1ea1i.<\/p>\n<p>Ngo\u00e0i ra, HBOT sau ph\u1eabu thu\u1eadt h\u1ed7 tr\u1ee3 gi\u1ea3m ph\u00f9 n\u1ec1 v\u00e0 vi\u00eam, c\u00e1c v\u1ea5n \u0111\u1ec1 ph\u1ed5 bi\u1ebfn c\u00f3 th\u1ec3 tr\u00ec ho\u00e3n s\u1ef1 ph\u1ee5c h\u1ed3i. Kh\u1ea3 n\u0103ng gi\u1ea3m s\u01b0ng c\u1ee7a li\u1ec7u ph\u00e1p l\u00e0 do t\u00e1c d\u1ee5ng co m\u1ea1ch c\u1ee7a n\u00f3, gi\u00fap gi\u1ea3m r\u00f2 r\u1ec9 ch\u1ea5t l\u1ecfng t\u1eeb c\u00e1c m\u1ea1ch m\u00e1u v\u00e0o c\u00e1c m\u00f4. Vi\u1ec7c gi\u1ea3m s\u01b0ng n\u00e0y c\u00f3 th\u1ec3 l\u00e0m gi\u1ea3m \u0111au, c\u1ea3i thi\u1ec7n kh\u1ea3 n\u0103ng v\u1eadn \u0111\u1ed9ng v\u00e0 t\u0103ng c\u01b0\u1eddng s\u1ef1 tho\u1ea3i m\u00e1i t\u1ed5ng th\u1ec3 trong th\u1eddi gian ph\u1ee5c h\u1ed3i. H\u01a1n n\u1eefa, HBOT khuy\u1ebfn kh\u00edch s\u1ef1 h\u00ecnh th\u00e0nh c\u00e1c m\u1ea1ch m\u00e1u m\u1edbi (s\u1ef1 h\u00ecnh th\u00e0nh m\u1ea1ch) trong khu v\u1ef1c b\u1ecb \u1ea3nh h\u01b0\u1edfng, \u0111i\u1ec1u n\u00e0y r\u1ea5t quan tr\u1ecdng \u0111\u1ec3 ch\u1eefa l\u00e0nh l\u00e2u d\u00e0i v\u00e0 t\u00e1i t\u1ea1o m\u00f4. S\u1ef1 ph\u00e1t tri\u1ec3n m\u1ea1ch m\u00e1u n\u00e0y kh\u00f4ng ch\u1ec9 h\u1ed7 tr\u1ee3 ph\u1ee5c h\u1ed3i nhanh h\u01a1n m\u00e0 c\u00f2n c\u1ea3i thi\u1ec7n s\u1ee9c kh\u1ecfe l\u00e2u d\u00e0i c\u1ee7a v\u1ecb tr\u00ed ph\u1eabu thu\u1eadt, c\u00f3 kh\u1ea3 n\u0103ng ng\u0103n ng\u1eeba c\u00e1c bi\u1ebfn ch\u1ee9ng nh\u01b0 v\u1ebft th\u01b0\u01a1ng m\u00e3n t\u00ednh ho\u1eb7c ch\u1eadm l\u00e0nh. Do \u0111\u00f3, HBOT sau ph\u1eabu thu\u1eadt kh\u00f4ng ch\u1ec9 \u0111\u1ea9y nhanh qu\u00e1 tr\u00ecnh ch\u1eefa b\u1ec7nh m\u00e0 c\u00f2n g\u00f3p ph\u1ea7n mang l\u1ea1i k\u1ebft qu\u1ea3 ph\u1eabu thu\u1eadt t\u1ed1t h\u01a1n v\u00e0 s\u1ef1 tho\u1ea3i m\u00e1i cho b\u1ec7nh nh\u00e2n.     <\/p>\n\t\t\t\t\t\t\t\t<\/div>\n\t\t\t\t<\/div>\n\t\t\t\t<\/div>\n\t\t<div class=\"elementor-element elementor-element-5f872bdd e-con-full e-flex e-con e-child\" data-id=\"5f872bdd\" data-element_type=\"container\" data-e-type=\"container\" data-settings=\"{&quot;jet_parallax_layout_list&quot;:[],&quot;background_background&quot;:&quot;classic&quot;}\">\n\t\t\t\t<div class=\"elementor-element elementor-element-41ad6dc8 animated-slow elementor-invisible elementor-widget elementor-widget-image\" data-id=\"41ad6dc8\" data-element_type=\"widget\" data-e-type=\"widget\" data-settings=\"{&quot;_animation&quot;:&quot;fadeInLeft&quot;,&quot;_animation_delay&quot;:1.5,&quot;_animation_mobile&quot;:&quot;none&quot;}\" data-widget_type=\"image.default\">\n\t\t\t\t<div class=\"elementor-widget-container\">\n\t\t\t\t\t\t\t\t\t\t\t\t\t\t\t<img fetchpriority=\"high\" decoding=\"async\" width=\"652\" height=\"369\" src=\"https:\/\/mdvisitclinic.com\/wp-content\/uploads\/2024\/10\/OXYGEN-THERAPY.jpg\" class=\"attachment-full size-full wp-image-17763\" alt=\"\" srcset=\"https:\/\/mdvisitclinic.com\/wp-content\/uploads\/2024\/10\/OXYGEN-THERAPY.jpg 652w, https:\/\/mdvisitclinic.com\/wp-content\/uploads\/2024\/10\/OXYGEN-THERAPY-300x170.jpg 300w\" sizes=\"(max-width: 652px) 100vw, 652px\" \/>\t\t\t\t\t\t\t\t\t\t\t\t\t\t\t<\/div>\n\t\t\t\t<\/div>\n\t\t\t\t<div class=\"elementor-element elementor-element-679eaf8c animated-slow elementor-invisible elementor-widget elementor-widget-video\" data-id=\"679eaf8c\" data-element_type=\"widget\" data-e-type=\"widget\" data-settings=\"{&quot;youtube_url&quot;:&quot;https:\\\/\\\/www.youtube.com\\\/watch?v=1csTFeGO9ok&quot;,&quot;mute&quot;:&quot;yes&quot;,&quot;_animation&quot;:&quot;fadeInLeft&quot;,&quot;_animation_mobile&quot;:&quot;none&quot;,&quot;_animation_delay&quot;:1.5,&quot;video_type&quot;:&quot;youtube&quot;,&quot;controls&quot;:&quot;yes&quot;}\" data-widget_type=\"video.default\">\n\t\t\t\t<div class=\"elementor-widget-container\">\n\t\t\t\t\t\t\t<div class=\"elementor-wrapper elementor-open-inline\">\n\t\t\t<div class=\"elementor-video\"><\/div>\t\t<\/div>\n\t\t\t\t\t\t<\/div>\n\t\t\t\t<\/div>\n\t\t\t\t<div class=\"elementor-element elementor-element-b2c3990 elementor-widget elementor-widget-video\" data-id=\"b2c3990\" data-element_type=\"widget\" data-e-type=\"widget\" data-settings=\"{&quot;youtube_url&quot;:&quot;https:\\\/\\\/www.youtube.com\\\/watch?v=Xsymgotr_XY&quot;,&quot;video_type&quot;:&quot;youtube&quot;,&quot;controls&quot;:&quot;yes&quot;}\" data-widget_type=\"video.default\">\n\t\t\t\t<div class=\"elementor-widget-container\">\n\t\t\t\t\t\t\t<div class=\"elementor-wrapper elementor-open-inline\">\n\t\t\t<div class=\"elementor-video\"><\/div>\t\t<\/div>\n\t\t\t\t\t\t<\/div>\n\t\t\t\t<\/div>\n\t\t\t\t<div class=\"elementor-element elementor-element-1d6692c elementor-widget elementor-widget-video\" data-id=\"1d6692c\" data-element_type=\"widget\" data-e-type=\"widget\" data-settings=\"{&quot;youtube_url&quot;:&quot;https:\\\/\\\/www.youtube.com\\\/watch?v=HGVlnfSx4dc&quot;,&quot;video_type&quot;:&quot;youtube&quot;,&quot;controls&quot;:&quot;yes&quot;}\" data-widget_type=\"video.default\">\n\t\t\t\t<div class=\"elementor-widget-container\">\n\t\t\t\t\t\t\t<div class=\"elementor-wrapper elementor-open-inline\">\n\t\t\t<div class=\"elementor-video\"><\/div>\t\t<\/div>\n\t\t\t\t\t\t<\/div>\n\t\t\t\t<\/div>\n\t\t\t\t<\/div>\n\t\t\t\t\t<\/div>\n\t\t\t\t<\/div>\n\t\t\t\t<\/div>\n\t\t","protected":false},"excerpt":{"rendered":"<p>LI\u1ec6U PH\u00c1P OXY T\u00c1I T\u1ea0O Oxy cao \u00e1p tr\u01b0\u1edbc ph\u1eabu thu\u1eadt v\u00e0 sau ph\u1eabu thu\u1eadt TR\u01af\u1edaC PH\u1eaaU THU\u1eacT Li\u1ec7u ph\u00e1p oxy cao \u00e1p (HBOT) mang l\u1ea1i l\u1ee3i \u00edch \u0111\u00e1ng k\u1ec3 khi s\u1eed d\u1ee5ng tr\u01b0\u1edbc ph\u1eabu thu\u1eadt, ch\u1ee7 y\u1ebfu l\u00e0 do kh\u1ea3 n\u0103ng t\u0103ng c\u01b0\u1eddng oxy h\u00f3a m\u00f4 v\u00e0 th\u00fac \u0111\u1ea9y qu\u00e1 tr\u00ecnh ch\u1eefa b\u1ec7nh. Tr\u01b0\u1edbc [&hellip;]<\/p>\n","protected":false},"author":9,"featured_media":0,"parent":0,"menu_order":0,"comment_status":"closed","ping_status":"closed","template":"elementor_header_footer","meta":{"_acf_changed":false,"_coblocks_attr":"","_coblocks_dimensions":"","_coblocks_responsive_height":"","_coblocks_accordion_ie_support":"","hide_page_title":"","footnotes":""},"class_list":["post-21013","page","type-page","status-publish","hentry"],"acf":[],"yoast_head":"<!-- This site is optimized with the Yoast SEO plugin v27.6 - https:\/\/yoast.com\/product\/yoast-seo-wordpress\/ -->\n<title>CHI TI\u1ebeT LI\u1ec6U PH\u00c1P OXY T\u00c1I T\u1ea0O - MDVISIT CLINIC<\/title>\n<meta name=\"robots\" content=\"noindex, follow, max-snippet:-1, max-image-preview:large, max-video-preview:-1\" \/>\n<meta property=\"og:locale\" content=\"vi_VN\" \/>\n<meta property=\"og:type\" content=\"article\" \/>\n<meta property=\"og:title\" content=\"CHI TI\u1ebeT LI\u1ec6U PH\u00c1P OXY T\u00c1I T\u1ea0O - MDVISIT CLINIC\" \/>\n<meta property=\"og:description\" content=\"LI\u1ec6U PH\u00c1P OXY T\u00c1I T\u1ea0O Oxy cao \u00e1p tr\u01b0\u1edbc ph\u1eabu thu\u1eadt v\u00e0 sau ph\u1eabu thu\u1eadt TR\u01af\u1edaC PH\u1eaaU THU\u1eacT Li\u1ec7u ph\u00e1p oxy cao \u00e1p (HBOT) mang l\u1ea1i l\u1ee3i \u00edch \u0111\u00e1ng k\u1ec3 khi s\u1eed d\u1ee5ng tr\u01b0\u1edbc ph\u1eabu thu\u1eadt, ch\u1ee7 y\u1ebfu l\u00e0 do kh\u1ea3 n\u0103ng t\u0103ng c\u01b0\u1eddng oxy h\u00f3a m\u00f4 v\u00e0 th\u00fac \u0111\u1ea9y qu\u00e1 tr\u00ecnh ch\u1eefa b\u1ec7nh. Tr\u01b0\u1edbc [&hellip;]\" \/>\n<meta property=\"og:url\" content=\"https:\/\/mdvisitclinic.com\/vi\/regenerative-oxygen-therapy-details\/\" \/>\n<meta property=\"og:site_name\" content=\"MDVISIT CLINIC\" \/>\n<meta property=\"article:modified_time\" content=\"2024-12-23T09:43:14+00:00\" \/>\n<meta property=\"og:image\" content=\"https:\/\/mdvisitclinic.com\/wp-content\/uploads\/2024\/10\/OXYGEN-THERAPY.jpg\" \/>\n<meta name=\"twitter:card\" content=\"summary_large_image\" \/>\n<meta name=\"twitter:label1\" content=\"Est. reading time\" \/>\n\t<meta name=\"twitter:data1\" content=\"6 minutes\" \/>\n<script type=\"application\/ld+json\" class=\"yoast-schema-graph\">{\"@context\":\"https:\\\/\\\/schema.org\",\"@graph\":[{\"@type\":\"WebPage\",\"@id\":\"https:\\\/\\\/mdvisitclinic.com\\\/vi\\\/regenerative-oxygen-therapy-details\\\/\",\"url\":\"https:\\\/\\\/mdvisitclinic.com\\\/vi\\\/regenerative-oxygen-therapy-details\\\/\",\"name\":\"CHI TI\u1ebeT LI\u1ec6U PH\u00c1P OXY T\u00c1I T\u1ea0O - MDVISIT CLINIC\",\"isPartOf\":{\"@id\":\"https:\\\/\\\/mdvisitclinic.com\\\/vi\\\/#website\"},\"primaryImageOfPage\":{\"@id\":\"https:\\\/\\\/mdvisitclinic.com\\\/vi\\\/regenerative-oxygen-therapy-details\\\/#primaryimage\"},\"image\":{\"@id\":\"https:\\\/\\\/mdvisitclinic.com\\\/vi\\\/regenerative-oxygen-therapy-details\\\/#primaryimage\"},\"thumbnailUrl\":\"https:\\\/\\\/mdvisitclinic.com\\\/wp-content\\\/uploads\\\/2024\\\/10\\\/OXYGEN-THERAPY.jpg\",\"datePublished\":\"2024-10-28T07:39:43+00:00\",\"dateModified\":\"2024-12-23T09:43:14+00:00\",\"breadcrumb\":{\"@id\":\"https:\\\/\\\/mdvisitclinic.com\\\/vi\\\/regenerative-oxygen-therapy-details\\\/#breadcrumb\"},\"inLanguage\":\"vi-VN\",\"potentialAction\":[{\"@type\":\"ReadAction\",\"target\":[\"https:\\\/\\\/mdvisitclinic.com\\\/vi\\\/regenerative-oxygen-therapy-details\\\/\"]}]},{\"@type\":\"ImageObject\",\"inLanguage\":\"vi-VN\",\"@id\":\"https:\\\/\\\/mdvisitclinic.com\\\/vi\\\/regenerative-oxygen-therapy-details\\\/#primaryimage\",\"url\":\"https:\\\/\\\/mdvisitclinic.com\\\/wp-content\\\/uploads\\\/2024\\\/10\\\/OXYGEN-THERAPY.jpg\",\"contentUrl\":\"https:\\\/\\\/mdvisitclinic.com\\\/wp-content\\\/uploads\\\/2024\\\/10\\\/OXYGEN-THERAPY.jpg\"},{\"@type\":\"BreadcrumbList\",\"@id\":\"https:\\\/\\\/mdvisitclinic.com\\\/vi\\\/regenerative-oxygen-therapy-details\\\/#breadcrumb\",\"itemListElement\":[{\"@type\":\"ListItem\",\"position\":1,\"name\":\"Home\",\"item\":\"https:\\\/\\\/mdvisitclinic.com\\\/vi\\\/\"},{\"@type\":\"ListItem\",\"position\":2,\"name\":\"CHI TI\u1ebeT LI\u1ec6U PH\u00c1P OXY T\u00c1I T\u1ea0O\"}]},{\"@type\":\"WebSite\",\"@id\":\"https:\\\/\\\/mdvisitclinic.com\\\/vi\\\/#website\",\"url\":\"https:\\\/\\\/mdvisitclinic.com\\\/vi\\\/\",\"name\":\"MDVISIT CLINIC\",\"description\":\"\",\"publisher\":{\"@id\":\"https:\\\/\\\/mdvisitclinic.com\\\/vi\\\/#organization\"},\"potentialAction\":[{\"@type\":\"SearchAction\",\"target\":{\"@type\":\"EntryPoint\",\"urlTemplate\":\"https:\\\/\\\/mdvisitclinic.com\\\/vi\\\/?s={search_term_string}\"},\"query-input\":{\"@type\":\"PropertyValueSpecification\",\"valueRequired\":true,\"valueName\":\"search_term_string\"}}],\"inLanguage\":\"vi-VN\"},{\"@type\":\"Organization\",\"@id\":\"https:\\\/\\\/mdvisitclinic.com\\\/vi\\\/#organization\",\"name\":\"MDVISIT CLINIC\",\"url\":\"https:\\\/\\\/mdvisitclinic.com\\\/vi\\\/\",\"logo\":{\"@type\":\"ImageObject\",\"inLanguage\":\"vi-VN\",\"@id\":\"https:\\\/\\\/mdvisitclinic.com\\\/vi\\\/#\\\/schema\\\/logo\\\/image\\\/\",\"url\":\"https:\\\/\\\/mdvisitclinic.com\\\/wp-content\\\/uploads\\\/2024\\\/03\\\/logo.png\",\"contentUrl\":\"https:\\\/\\\/mdvisitclinic.com\\\/wp-content\\\/uploads\\\/2024\\\/03\\\/logo.png\",\"width\":768,\"height\":118,\"caption\":\"MDVISIT CLINIC\"},\"image\":{\"@id\":\"https:\\\/\\\/mdvisitclinic.com\\\/vi\\\/#\\\/schema\\\/logo\\\/image\\\/\"}}]}<\/script>\n<!-- \/ Yoast SEO plugin. -->","yoast_head_json":{"title":"CHI TI\u1ebeT LI\u1ec6U PH\u00c1P OXY T\u00c1I T\u1ea0O - MDVISIT CLINIC","robots":{"index":"noindex","follow":"follow","max-snippet":"max-snippet:-1","max-image-preview":"max-image-preview:large","max-video-preview":"max-video-preview:-1"},"og_locale":"vi_VN","og_type":"article","og_title":"CHI TI\u1ebeT LI\u1ec6U PH\u00c1P OXY T\u00c1I T\u1ea0O - MDVISIT CLINIC","og_description":"LI\u1ec6U PH\u00c1P OXY T\u00c1I T\u1ea0O Oxy cao \u00e1p tr\u01b0\u1edbc ph\u1eabu thu\u1eadt v\u00e0 sau ph\u1eabu thu\u1eadt TR\u01af\u1edaC PH\u1eaaU THU\u1eacT Li\u1ec7u ph\u00e1p oxy cao \u00e1p (HBOT) mang l\u1ea1i l\u1ee3i \u00edch \u0111\u00e1ng k\u1ec3 khi s\u1eed d\u1ee5ng tr\u01b0\u1edbc ph\u1eabu thu\u1eadt, ch\u1ee7 y\u1ebfu l\u00e0 do kh\u1ea3 n\u0103ng t\u0103ng c\u01b0\u1eddng oxy h\u00f3a m\u00f4 v\u00e0 th\u00fac \u0111\u1ea9y qu\u00e1 tr\u00ecnh ch\u1eefa b\u1ec7nh. Tr\u01b0\u1edbc [&hellip;]","og_url":"https:\/\/mdvisitclinic.com\/vi\/regenerative-oxygen-therapy-details\/","og_site_name":"MDVISIT CLINIC","article_modified_time":"2024-12-23T09:43:14+00:00","og_image":[{"url":"https:\/\/mdvisitclinic.com\/wp-content\/uploads\/2024\/10\/OXYGEN-THERAPY.jpg","type":"","width":"","height":""}],"twitter_card":"summary_large_image","twitter_misc":{"Est. reading time":"6 minutes"},"schema":{"@context":"https:\/\/schema.org","@graph":[{"@type":"WebPage","@id":"https:\/\/mdvisitclinic.com\/vi\/regenerative-oxygen-therapy-details\/","url":"https:\/\/mdvisitclinic.com\/vi\/regenerative-oxygen-therapy-details\/","name":"CHI TI\u1ebeT LI\u1ec6U PH\u00c1P OXY T\u00c1I T\u1ea0O - MDVISIT CLINIC","isPartOf":{"@id":"https:\/\/mdvisitclinic.com\/vi\/#website"},"primaryImageOfPage":{"@id":"https:\/\/mdvisitclinic.com\/vi\/regenerative-oxygen-therapy-details\/#primaryimage"},"image":{"@id":"https:\/\/mdvisitclinic.com\/vi\/regenerative-oxygen-therapy-details\/#primaryimage"},"thumbnailUrl":"https:\/\/mdvisitclinic.com\/wp-content\/uploads\/2024\/10\/OXYGEN-THERAPY.jpg","datePublished":"2024-10-28T07:39:43+00:00","dateModified":"2024-12-23T09:43:14+00:00","breadcrumb":{"@id":"https:\/\/mdvisitclinic.com\/vi\/regenerative-oxygen-therapy-details\/#breadcrumb"},"inLanguage":"vi-VN","potentialAction":[{"@type":"ReadAction","target":["https:\/\/mdvisitclinic.com\/vi\/regenerative-oxygen-therapy-details\/"]}]},{"@type":"ImageObject","inLanguage":"vi-VN","@id":"https:\/\/mdvisitclinic.com\/vi\/regenerative-oxygen-therapy-details\/#primaryimage","url":"https:\/\/mdvisitclinic.com\/wp-content\/uploads\/2024\/10\/OXYGEN-THERAPY.jpg","contentUrl":"https:\/\/mdvisitclinic.com\/wp-content\/uploads\/2024\/10\/OXYGEN-THERAPY.jpg"},{"@type":"BreadcrumbList","@id":"https:\/\/mdvisitclinic.com\/vi\/regenerative-oxygen-therapy-details\/#breadcrumb","itemListElement":[{"@type":"ListItem","position":1,"name":"Home","item":"https:\/\/mdvisitclinic.com\/vi\/"},{"@type":"ListItem","position":2,"name":"CHI TI\u1ebeT LI\u1ec6U PH\u00c1P OXY T\u00c1I T\u1ea0O"}]},{"@type":"WebSite","@id":"https:\/\/mdvisitclinic.com\/vi\/#website","url":"https:\/\/mdvisitclinic.com\/vi\/","name":"MDVISIT CLINIC","description":"","publisher":{"@id":"https:\/\/mdvisitclinic.com\/vi\/#organization"},"potentialAction":[{"@type":"SearchAction","target":{"@type":"EntryPoint","urlTemplate":"https:\/\/mdvisitclinic.com\/vi\/?s={search_term_string}"},"query-input":{"@type":"PropertyValueSpecification","valueRequired":true,"valueName":"search_term_string"}}],"inLanguage":"vi-VN"},{"@type":"Organization","@id":"https:\/\/mdvisitclinic.com\/vi\/#organization","name":"MDVISIT CLINIC","url":"https:\/\/mdvisitclinic.com\/vi\/","logo":{"@type":"ImageObject","inLanguage":"vi-VN","@id":"https:\/\/mdvisitclinic.com\/vi\/#\/schema\/logo\/image\/","url":"https:\/\/mdvisitclinic.com\/wp-content\/uploads\/2024\/03\/logo.png","contentUrl":"https:\/\/mdvisitclinic.com\/wp-content\/uploads\/2024\/03\/logo.png","width":768,"height":118,"caption":"MDVISIT CLINIC"},"image":{"@id":"https:\/\/mdvisitclinic.com\/vi\/#\/schema\/logo\/image\/"}}]}},"_links":{"self":[{"href":"https:\/\/mdvisitclinic.com\/vi\/wp-json\/wp\/v2\/pages\/21013","targetHints":{"allow":["GET"]}}],"collection":[{"href":"https:\/\/mdvisitclinic.com\/vi\/wp-json\/wp\/v2\/pages"}],"about":[{"href":"https:\/\/mdvisitclinic.com\/vi\/wp-json\/wp\/v2\/types\/page"}],"author":[{"embeddable":true,"href":"https:\/\/mdvisitclinic.com\/vi\/wp-json\/wp\/v2\/users\/9"}],"replies":[{"embeddable":true,"href":"https:\/\/mdvisitclinic.com\/vi\/wp-json\/wp\/v2\/comments?post=21013"}],"version-history":[{"count":2,"href":"https:\/\/mdvisitclinic.com\/vi\/wp-json\/wp\/v2\/pages\/21013\/revisions"}],"predecessor-version":[{"id":22783,"href":"https:\/\/mdvisitclinic.com\/vi\/wp-json\/wp\/v2\/pages\/21013\/revisions\/22783"}],"wp:attachment":[{"href":"https:\/\/mdvisitclinic.com\/vi\/wp-json\/wp\/v2\/media?parent=21013"}],"curies":[{"name":"wp","href":"https:\/\/api.w.org\/{rel}","templated":true}]}}