{"id":21014,"date":"2024-11-08T08:28:44","date_gmt":"2024-11-08T08:28:44","guid":{"rendered":"https:\/\/f55.01f.myftpupload.com\/expedited-medical-visa-support\/"},"modified":"2024-12-23T09:42:59","modified_gmt":"2024-12-23T09:42:59","slug":"expedited-medical-visa-support","status":"publish","type":"page","link":"https:\/\/mdvisitclinic.com\/vi\/how-surgery-treatment-works-in-the-usa\/expedited-medical-visa-support\/","title":{"rendered":"H\u1ed6 TR\u1ee2 VISA Y T\u1ebe NHANH"},"content":{"rendered":"\t\t<div data-elementor-type=\"wp-page\" data-elementor-id=\"21014\" class=\"elementor elementor-21014 elementor-18194\" data-elementor-post-type=\"page\">\n\t\t\t\t<div class=\"elementor-element elementor-element-97d475b e-flex e-con-boxed e-con e-parent\" data-id=\"97d475b\" data-element_type=\"container\" data-e-type=\"container\" data-settings=\"{&quot;jet_parallax_layout_list&quot;:[]}\">\n\t\t\t\t\t<div class=\"e-con-inner\">\n\t\t<div class=\"elementor-element elementor-element-ca3411f e-con-full e-flex e-con e-child\" data-id=\"ca3411f\" data-element_type=\"container\" data-e-type=\"container\" data-settings=\"{&quot;jet_parallax_layout_list&quot;:[]}\">\n\t\t<div class=\"elementor-element elementor-element-f5d7cb5 e-flex e-con-boxed e-con e-child\" data-id=\"f5d7cb5\" data-element_type=\"container\" data-e-type=\"container\" data-settings=\"{&quot;jet_parallax_layout_list&quot;:[]}\">\n\t\t\t\t\t<div class=\"e-con-inner\">\n\t\t\t\t<div class=\"elementor-element elementor-element-3935000 elementor-invisible elementor-widget elementor-widget-heading\" data-id=\"3935000\" data-element_type=\"widget\" data-e-type=\"widget\" data-settings=\"{&quot;_animation&quot;:&quot;fadeInDown&quot;,&quot;_animation_delay&quot;:0.40000000000000002}\" data-widget_type=\"heading.default\">\n\t\t\t\t<div class=\"elementor-widget-container\">\n\t\t\t\t\t<h1 class=\"elementor-heading-title elementor-size-default\">H\u1ed6 TR\u1ee2 VISA Y T\u1ebe NHANH  <\/h1>\t\t\t\t<\/div>\n\t\t\t\t<\/div>\n\t\t\t\t<div class=\"elementor-element elementor-element-5cbec12 elementor-widget__width-inherit elementor-invisible elementor-widget elementor-widget-heading\" data-id=\"5cbec12\" data-element_type=\"widget\" data-e-type=\"widget\" data-settings=\"{&quot;_animation&quot;:&quot;fadeInDown&quot;,&quot;_animation_delay&quot;:0.59999999999999998}\" data-widget_type=\"heading.default\">\n\t\t\t\t<div class=\"elementor-widget-container\">\n\t\t\t\t\t<h6 class=\"elementor-heading-title elementor-size-default\">Nhanh ch\u00f3ng \u0111\u1ea3m b\u1ea3o h\u1ed7 tr\u1ee3 th\u1ecb th\u1ef1c y t\u1ebf nhanh  <\/h6>\t\t\t\t<\/div>\n\t\t\t\t<\/div>\n\t\t\t\t\t<\/div>\n\t\t\t\t<\/div>\n\t\t<div class=\"elementor-element elementor-element-c4793d4 e-con-full e-flex e-con e-child\" data-id=\"c4793d4\" data-element_type=\"container\" data-e-type=\"container\" data-settings=\"{&quot;jet_parallax_layout_list&quot;:[]}\">\n\t\t<div class=\"elementor-element elementor-element-3875b94 e-con-full e-flex e-con e-child\" data-id=\"3875b94\" data-element_type=\"container\" data-e-type=\"container\" data-settings=\"{&quot;jet_parallax_layout_list&quot;:[]}\">\n\t\t\t\t<div class=\"elementor-element elementor-element-d73a085 elementor-widget__width-inherit team_desc elementor-invisible elementor-widget elementor-widget-text-editor\" data-id=\"d73a085\" data-element_type=\"widget\" data-e-type=\"widget\" data-settings=\"{&quot;_animation&quot;:&quot;fadeIn&quot;,&quot;_animation_delay&quot;:1}\" data-widget_type=\"text-editor.default\">\n\t\t\t\t<div class=\"elementor-widget-container\">\n\t\t\t\t\t\t\t\t\t<p>MDVISIT CLINIC h\u1ee3p t\u00e1c ch\u1eb7t ch\u1ebd v\u1edbi b\u1ea1n \u0111\u1ec3 gi\u00fap b\u1ea1n ti\u1ebfn t\u1edbi quy tr\u00ecnh xin th\u1ecb th\u1ef1c y t\u1ebf nhanh ch\u00f3ng \u0111\u1ec3 \u0111i\u1ec1u tr\u1ecb kh\u1ea9n c\u1ea5p t\u1ea1i Hoa K\u1ef3. M\u1ee5c ti\u00eau c\u1ee7a ch\u00fang t\u00f4i l\u00e0 gi\u00fap b\u1ea1n \u0111\u01b0\u1ee3c ch\u1ea5p thu\u1eadn th\u1ecb th\u1ef1c trong v\u00f2ng 30 ng\u00e0y sau cu\u1ed9c h\u1eb9n v\u1edbi \u0110\u1ea1i s\u1ee9 qu\u00e1n Hoa K\u1ef3.<\/p>\n<p>  M\u1ed9t trong nh\u1eefng y\u00eau c\u1ea7u ch\u00ednh l\u00e0 ch\u1ee9ng minh kh\u1ea3 n\u0103ng t\u00e0i ch\u00ednh \u0111\u1ec3 trang tr\u1ea3i chi ph\u00ed y t\u1ebf c\u1ee7a b\u1ea1n \u1edf Hoa K\u1ef3, \u0111\u1ea3m b\u1ea3o b\u1ea1n s\u1ebd kh\u00f4ng tr\u1edf th\u00e0nh g\u00e1nh n\u1eb7ng t\u00e0i ch\u00ednh c\u00f4ng. \u0110\u1ec3 \u0111\u1ea9y nhanh b\u01b0\u1edbc n\u00e0y, MDVISIT CLINIC h\u1ee3p t\u00e1c v\u1edbi c\u00e1c b\u1ed9 ph\u1eadn k\u00fd qu\u1ef9 t\u1ea1i c\u00e1c t\u1ed5 ch\u1ee9c c\u00f3 uy t\u00edn, bao g\u1ed3m Morgan Stanley, HSBC ho\u1eb7c <a href=\"http:\/\/escrow.com\/\" target=\"_blank\" rel=\"noopener\">Escrow.com<\/a>, \u0111\u1ec3 s\u1eafp x\u1ebfp thanh to\u00e1n tr\u01b0\u1edbc cho c\u00e1c d\u1ecbch v\u1ee5 y t\u1ebf c\u1ee7a b\u1ea1n. B\u1eb1ng ch\u1ee9ng k\u00fd qu\u1ef9 c\u1ee7a b\u1ea1n sau \u0111\u00f3 \u0111\u01b0\u1ee3c tr\u00ecnh b\u00e0y cho \u0111\u1ea1i s\u1ee9 qu\u00e1n \u0111\u1ec3 ch\u00fang t\u00f4i c\u00f3 th\u1ec3 gi\u1ea3i quy\u1ebft b\u1ea5t k\u1ef3 m\u1ed1i quan t\u00e2m t\u00e0i ch\u00ednh n\u00e0o nhanh nh\u1ea5t c\u00f3 th\u1ec3.  <\/p>\n<p>Ngo\u00e0i ra, b\u00e1c s\u0129 t\u01b0 v\u1ea5n \u00fd ki\u1ebfn th\u1ee9 hai c\u00f3 tr\u1ee5 s\u1edf t\u1ea1i Hoa K\u1ef3 c\u1ee7a b\u1ea1n s\u1ebd cung c\u1ea5p m\u1ed9t l\u00e1 th\u01b0 ch\u00ednh th\u1ee9c n\u00eau chi ti\u1ebft c\u00e1c nhu c\u1ea7u y t\u1ebf kh\u1ea9n c\u1ea5p c\u1ee7a b\u1ea1n, c\u00f9ng v\u1edbi th\u00f4ng tin li\u00ean l\u1ea1c c\u1ee7a qu\u1ea3n tr\u1ecb vi\u00ean b\u1ec7nh vi\u1ec7n ho\u1eb7c ph\u00f2ng kh\u00e1m c\u1ee7a h\u1ecd, \u0111\u1ec3 tr\u1ea3 l\u1eddi tr\u1ef1c ti\u1ebfp b\u1ea5t k\u1ef3 c\u00e2u h\u1ecfi n\u00e0o t\u1eeb nh\u00e2n vi\u00ean \u0111\u1ea1i s\u1ee9 qu\u00e1n.<br \/>Sau \u0111\u00f3, b\u1ea1n s\u1ebd ki\u1ec3m so\u00e1t ho\u00e0n to\u00e0n v\u00e0 cu\u1ed1i c\u00f9ng vi\u1ec7c ph\u00e2n ph\u1ed1i ti\u1ec1n b\u1ea1n \u0111\u00e3 tr\u1ea3 v\u00e0o k\u00fd qu\u1ef9 theo c\u00e1c \u0111i\u1ec1u kho\u1ea3n c\u1ee7a th\u1ecfa thu\u1eadn.<br \/>Sau khi \u0111\u01b0\u1ee3c ch\u1ea5p thu\u1eadn visa, \u0111i\u1ec1u ph\u1ed1i vi\u00ean h\u1ed3 s\u01a1 c\u1ee7a b\u1ea1n s\u1ebd k\u1ebft n\u1ed1i b\u1ea1n v\u1edbi m\u1ed9t nh\u00e2n vi\u00ean tr\u1ee3 gi\u00fap y t\u1ebf sang tr\u1ecdng chuy\u00ean d\u1ee5ng \u0111\u1ec3 h\u01b0\u1edbng d\u1eabn b\u1ea1n qua c\u00e1c b\u01b0\u1edbc l\u1eadp k\u1ebf ho\u1ea1ch v\u00e0 h\u1eadu c\u1ea7n c\u00f2n l\u1ea1i cho h\u00e0nh tr\u00ecnh ch\u0103m s\u00f3c c\u1ee7a b\u1ea1n.<\/p>\n\t\t\t\t\t\t\t\t<\/div>\n\t\t\t\t<\/div>\n\t\t\t\t<\/div>\n\t\t\t\t<\/div>\n\t\t\t\t<\/div>\n\t\t<div class=\"elementor-element elementor-element-1a045de e-con-full e-flex e-con e-child\" data-id=\"1a045de\" data-element_type=\"container\" data-e-type=\"container\" data-settings=\"{&quot;jet_parallax_layout_list&quot;:[]}\">\n\t\t\t\t<div class=\"elementor-element elementor-element-b4f318f animated-slow elementor-invisible elementor-widget elementor-widget-image\" data-id=\"b4f318f\" data-element_type=\"widget\" data-e-type=\"widget\" data-settings=\"{&quot;_animation&quot;:&quot;fadeInLeft&quot;,&quot;_animation_mobile&quot;:&quot;none&quot;,&quot;_animation_delay&quot;:1.5,&quot;sticky&quot;:&quot;top&quot;,&quot;sticky_on&quot;:[&quot;widescreen&quot;,&quot;desktop&quot;,&quot;tablet&quot;],&quot;sticky_parent&quot;:&quot;yes&quot;,&quot;sticky_offset&quot;:0,&quot;sticky_effects_offset&quot;:0,&quot;sticky_anchor_link_offset&quot;:0}\" data-widget_type=\"image.default\">\n\t\t\t\t<div class=\"elementor-widget-container\">\n\t\t\t\t\t\t\t\t\t\t\t\t\t\t\t<img fetchpriority=\"high\" decoding=\"async\" width=\"713\" height=\"720\" src=\"https:\/\/mdvisitclinic.com\/wp-content\/uploads\/2024\/11\/passport.jpg\" class=\"attachment-full size-full wp-image-18144\" alt=\"\" srcset=\"https:\/\/mdvisitclinic.com\/wp-content\/uploads\/2024\/11\/passport.jpg 713w, https:\/\/mdvisitclinic.com\/wp-content\/uploads\/2024\/11\/passport-297x300.jpg 297w, https:\/\/mdvisitclinic.com\/wp-content\/uploads\/2024\/11\/passport-150x150.jpg 150w\" sizes=\"(max-width: 713px) 100vw, 713px\" \/>\t\t\t\t\t\t\t\t\t\t\t\t\t\t\t<\/div>\n\t\t\t\t<\/div>\n\t\t\t\t<\/div>\n\t\t\t\t\t<\/div>\n\t\t\t\t<\/div>\n\t\t\t\t<\/div>\n\t\t","protected":false},"excerpt":{"rendered":"<p>H\u1ed6 TR\u1ee2 VISA Y T\u1ebe NHANH Nhanh ch\u00f3ng \u0111\u1ea3m b\u1ea3o h\u1ed7 tr\u1ee3 th\u1ecb th\u1ef1c y t\u1ebf nhanh MDVISIT CLINIC h\u1ee3p t\u00e1c ch\u1eb7t ch\u1ebd v\u1edbi b\u1ea1n \u0111\u1ec3 gi\u00fap b\u1ea1n ti\u1ebfn t\u1edbi quy tr\u00ecnh xin th\u1ecb th\u1ef1c y t\u1ebf nhanh ch\u00f3ng \u0111\u1ec3 \u0111i\u1ec1u tr\u1ecb kh\u1ea9n c\u1ea5p t\u1ea1i Hoa K\u1ef3. M\u1ee5c ti\u00eau c\u1ee7a ch\u00fang t\u00f4i l\u00e0 gi\u00fap b\u1ea1n [&hellip;]<\/p>\n","protected":false},"author":9,"featured_media":0,"parent":21021,"menu_order":0,"comment_status":"closed","ping_status":"closed","template":"elementor_header_footer","meta":{"_acf_changed":false,"_coblocks_attr":"","_coblocks_dimensions":"","_coblocks_responsive_height":"","_coblocks_accordion_ie_support":"","hide_page_title":"","footnotes":""},"class_list":["post-21014","page","type-page","status-publish","hentry"],"acf":[],"yoast_head":"<!-- This site is optimized with the Yoast SEO plugin v27.3 - https:\/\/yoast.com\/product\/yoast-seo-wordpress\/ -->\n<title>H\u1ed6 TR\u1ee2 VISA Y T\u1ebe NHANH - MDVISIT CLINIC<\/title>\n<meta name=\"robots\" content=\"noindex, follow, max-snippet:-1, max-image-preview:large, max-video-preview:-1\" \/>\n<meta property=\"og:locale\" content=\"vi_VN\" \/>\n<meta property=\"og:type\" content=\"article\" \/>\n<meta property=\"og:title\" content=\"H\u1ed6 TR\u1ee2 VISA Y T\u1ebe NHANH - MDVISIT CLINIC\" \/>\n<meta property=\"og:description\" content=\"H\u1ed6 TR\u1ee2 VISA Y T\u1ebe NHANH Nhanh ch\u00f3ng \u0111\u1ea3m b\u1ea3o h\u1ed7 tr\u1ee3 th\u1ecb th\u1ef1c y t\u1ebf nhanh MDVISIT CLINIC h\u1ee3p t\u00e1c ch\u1eb7t ch\u1ebd v\u1edbi b\u1ea1n \u0111\u1ec3 gi\u00fap b\u1ea1n ti\u1ebfn t\u1edbi quy tr\u00ecnh xin th\u1ecb th\u1ef1c y t\u1ebf nhanh ch\u00f3ng \u0111\u1ec3 \u0111i\u1ec1u tr\u1ecb kh\u1ea9n c\u1ea5p t\u1ea1i Hoa K\u1ef3. M\u1ee5c ti\u00eau c\u1ee7a ch\u00fang t\u00f4i l\u00e0 gi\u00fap b\u1ea1n [&hellip;]\" \/>\n<meta property=\"og:url\" content=\"https:\/\/mdvisitclinic.com\/vi\/how-surgery-treatment-works-in-the-usa\/expedited-medical-visa-support\/\" \/>\n<meta property=\"og:site_name\" content=\"MDVISIT CLINIC\" \/>\n<meta property=\"article:modified_time\" content=\"2024-12-23T09:42:59+00:00\" \/>\n<meta property=\"og:image\" content=\"https:\/\/mdvisitclinic.com\/wp-content\/uploads\/2024\/11\/passport.jpg\" \/>\n<meta name=\"twitter:card\" content=\"summary_large_image\" \/>\n<meta name=\"twitter:label1\" content=\"Est. reading time\" \/>\n\t<meta name=\"twitter:data1\" content=\"3 minutes\" \/>\n<script type=\"application\/ld+json\" class=\"yoast-schema-graph\">{\"@context\":\"https:\\\/\\\/schema.org\",\"@graph\":[{\"@type\":\"WebPage\",\"@id\":\"https:\\\/\\\/mdvisitclinic.com\\\/vi\\\/how-surgery-treatment-works-in-the-usa\\\/expedited-medical-visa-support\\\/\",\"url\":\"https:\\\/\\\/mdvisitclinic.com\\\/vi\\\/how-surgery-treatment-works-in-the-usa\\\/expedited-medical-visa-support\\\/\",\"name\":\"H\u1ed6 TR\u1ee2 VISA Y T\u1ebe NHANH - MDVISIT CLINIC\",\"isPartOf\":{\"@id\":\"https:\\\/\\\/mdvisitclinic.com\\\/vi\\\/#website\"},\"primaryImageOfPage\":{\"@id\":\"https:\\\/\\\/mdvisitclinic.com\\\/vi\\\/how-surgery-treatment-works-in-the-usa\\\/expedited-medical-visa-support\\\/#primaryimage\"},\"image\":{\"@id\":\"https:\\\/\\\/mdvisitclinic.com\\\/vi\\\/how-surgery-treatment-works-in-the-usa\\\/expedited-medical-visa-support\\\/#primaryimage\"},\"thumbnailUrl\":\"https:\\\/\\\/mdvisitclinic.com\\\/wp-content\\\/uploads\\\/2024\\\/11\\\/passport.jpg\",\"datePublished\":\"2024-11-08T08:28:44+00:00\",\"dateModified\":\"2024-12-23T09:42:59+00:00\",\"breadcrumb\":{\"@id\":\"https:\\\/\\\/mdvisitclinic.com\\\/vi\\\/how-surgery-treatment-works-in-the-usa\\\/expedited-medical-visa-support\\\/#breadcrumb\"},\"inLanguage\":\"vi-VN\",\"potentialAction\":[{\"@type\":\"ReadAction\",\"target\":[\"https:\\\/\\\/mdvisitclinic.com\\\/vi\\\/how-surgery-treatment-works-in-the-usa\\\/expedited-medical-visa-support\\\/\"]}]},{\"@type\":\"ImageObject\",\"inLanguage\":\"vi-VN\",\"@id\":\"https:\\\/\\\/mdvisitclinic.com\\\/vi\\\/how-surgery-treatment-works-in-the-usa\\\/expedited-medical-visa-support\\\/#primaryimage\",\"url\":\"https:\\\/\\\/mdvisitclinic.com\\\/wp-content\\\/uploads\\\/2024\\\/11\\\/passport.jpg\",\"contentUrl\":\"https:\\\/\\\/mdvisitclinic.com\\\/wp-content\\\/uploads\\\/2024\\\/11\\\/passport.jpg\"},{\"@type\":\"BreadcrumbList\",\"@id\":\"https:\\\/\\\/mdvisitclinic.com\\\/vi\\\/how-surgery-treatment-works-in-the-usa\\\/expedited-medical-visa-support\\\/#breadcrumb\",\"itemListElement\":[{\"@type\":\"ListItem\",\"position\":1,\"name\":\"Home\",\"item\":\"https:\\\/\\\/mdvisitclinic.com\\\/vi\\\/\"},{\"@type\":\"ListItem\",\"position\":2,\"name\":\"Ph\u1eabu thu\u1eadt v\u00e0 \u0110i\u1ec1u tr\u1ecb di\u1ec5n ra nh\u01b0 th\u1ebf n\u00e0o \u1edf Hoa K\u1ef3\",\"item\":\"https:\\\/\\\/mdvisitclinic.com\\\/vi\\\/how-surgery-treatment-works-in-the-usa\\\/\"},{\"@type\":\"ListItem\",\"position\":3,\"name\":\"H\u1ed6 TR\u1ee2 VISA Y T\u1ebe NHANH\"}]},{\"@type\":\"WebSite\",\"@id\":\"https:\\\/\\\/mdvisitclinic.com\\\/vi\\\/#website\",\"url\":\"https:\\\/\\\/mdvisitclinic.com\\\/vi\\\/\",\"name\":\"MDVISIT CLINIC\",\"description\":\"\",\"publisher\":{\"@id\":\"https:\\\/\\\/mdvisitclinic.com\\\/vi\\\/#organization\"},\"potentialAction\":[{\"@type\":\"SearchAction\",\"target\":{\"@type\":\"EntryPoint\",\"urlTemplate\":\"https:\\\/\\\/mdvisitclinic.com\\\/vi\\\/?s={search_term_string}\"},\"query-input\":{\"@type\":\"PropertyValueSpecification\",\"valueRequired\":true,\"valueName\":\"search_term_string\"}}],\"inLanguage\":\"vi-VN\"},{\"@type\":\"Organization\",\"@id\":\"https:\\\/\\\/mdvisitclinic.com\\\/vi\\\/#organization\",\"name\":\"MDVISIT CLINIC\",\"url\":\"https:\\\/\\\/mdvisitclinic.com\\\/vi\\\/\",\"logo\":{\"@type\":\"ImageObject\",\"inLanguage\":\"vi-VN\",\"@id\":\"https:\\\/\\\/mdvisitclinic.com\\\/vi\\\/#\\\/schema\\\/logo\\\/image\\\/\",\"url\":\"https:\\\/\\\/mdvisitclinic.com\\\/wp-content\\\/uploads\\\/2024\\\/03\\\/logo.png\",\"contentUrl\":\"https:\\\/\\\/mdvisitclinic.com\\\/wp-content\\\/uploads\\\/2024\\\/03\\\/logo.png\",\"width\":768,\"height\":118,\"caption\":\"MDVISIT CLINIC\"},\"image\":{\"@id\":\"https:\\\/\\\/mdvisitclinic.com\\\/vi\\\/#\\\/schema\\\/logo\\\/image\\\/\"}}]}<\/script>\n<!-- \/ Yoast SEO plugin. -->","yoast_head_json":{"title":"H\u1ed6 TR\u1ee2 VISA Y T\u1ebe NHANH - MDVISIT CLINIC","robots":{"index":"noindex","follow":"follow","max-snippet":"max-snippet:-1","max-image-preview":"max-image-preview:large","max-video-preview":"max-video-preview:-1"},"og_locale":"vi_VN","og_type":"article","og_title":"H\u1ed6 TR\u1ee2 VISA Y T\u1ebe NHANH - MDVISIT CLINIC","og_description":"H\u1ed6 TR\u1ee2 VISA Y T\u1ebe NHANH Nhanh ch\u00f3ng \u0111\u1ea3m b\u1ea3o h\u1ed7 tr\u1ee3 th\u1ecb th\u1ef1c y t\u1ebf nhanh MDVISIT CLINIC h\u1ee3p t\u00e1c ch\u1eb7t ch\u1ebd v\u1edbi b\u1ea1n \u0111\u1ec3 gi\u00fap b\u1ea1n ti\u1ebfn t\u1edbi quy tr\u00ecnh xin th\u1ecb th\u1ef1c y t\u1ebf nhanh ch\u00f3ng \u0111\u1ec3 \u0111i\u1ec1u tr\u1ecb kh\u1ea9n c\u1ea5p t\u1ea1i Hoa K\u1ef3. M\u1ee5c ti\u00eau c\u1ee7a ch\u00fang t\u00f4i l\u00e0 gi\u00fap b\u1ea1n [&hellip;]","og_url":"https:\/\/mdvisitclinic.com\/vi\/how-surgery-treatment-works-in-the-usa\/expedited-medical-visa-support\/","og_site_name":"MDVISIT CLINIC","article_modified_time":"2024-12-23T09:42:59+00:00","og_image":[{"url":"https:\/\/mdvisitclinic.com\/wp-content\/uploads\/2024\/11\/passport.jpg","type":"","width":"","height":""}],"twitter_card":"summary_large_image","twitter_misc":{"Est. reading time":"3 minutes"},"schema":{"@context":"https:\/\/schema.org","@graph":[{"@type":"WebPage","@id":"https:\/\/mdvisitclinic.com\/vi\/how-surgery-treatment-works-in-the-usa\/expedited-medical-visa-support\/","url":"https:\/\/mdvisitclinic.com\/vi\/how-surgery-treatment-works-in-the-usa\/expedited-medical-visa-support\/","name":"H\u1ed6 TR\u1ee2 VISA Y T\u1ebe NHANH - MDVISIT CLINIC","isPartOf":{"@id":"https:\/\/mdvisitclinic.com\/vi\/#website"},"primaryImageOfPage":{"@id":"https:\/\/mdvisitclinic.com\/vi\/how-surgery-treatment-works-in-the-usa\/expedited-medical-visa-support\/#primaryimage"},"image":{"@id":"https:\/\/mdvisitclinic.com\/vi\/how-surgery-treatment-works-in-the-usa\/expedited-medical-visa-support\/#primaryimage"},"thumbnailUrl":"https:\/\/mdvisitclinic.com\/wp-content\/uploads\/2024\/11\/passport.jpg","datePublished":"2024-11-08T08:28:44+00:00","dateModified":"2024-12-23T09:42:59+00:00","breadcrumb":{"@id":"https:\/\/mdvisitclinic.com\/vi\/how-surgery-treatment-works-in-the-usa\/expedited-medical-visa-support\/#breadcrumb"},"inLanguage":"vi-VN","potentialAction":[{"@type":"ReadAction","target":["https:\/\/mdvisitclinic.com\/vi\/how-surgery-treatment-works-in-the-usa\/expedited-medical-visa-support\/"]}]},{"@type":"ImageObject","inLanguage":"vi-VN","@id":"https:\/\/mdvisitclinic.com\/vi\/how-surgery-treatment-works-in-the-usa\/expedited-medical-visa-support\/#primaryimage","url":"https:\/\/mdvisitclinic.com\/wp-content\/uploads\/2024\/11\/passport.jpg","contentUrl":"https:\/\/mdvisitclinic.com\/wp-content\/uploads\/2024\/11\/passport.jpg"},{"@type":"BreadcrumbList","@id":"https:\/\/mdvisitclinic.com\/vi\/how-surgery-treatment-works-in-the-usa\/expedited-medical-visa-support\/#breadcrumb","itemListElement":[{"@type":"ListItem","position":1,"name":"Home","item":"https:\/\/mdvisitclinic.com\/vi\/"},{"@type":"ListItem","position":2,"name":"Ph\u1eabu thu\u1eadt v\u00e0 \u0110i\u1ec1u tr\u1ecb di\u1ec5n ra nh\u01b0 th\u1ebf n\u00e0o \u1edf Hoa K\u1ef3","item":"https:\/\/mdvisitclinic.com\/vi\/how-surgery-treatment-works-in-the-usa\/"},{"@type":"ListItem","position":3,"name":"H\u1ed6 TR\u1ee2 VISA Y T\u1ebe NHANH"}]},{"@type":"WebSite","@id":"https:\/\/mdvisitclinic.com\/vi\/#website","url":"https:\/\/mdvisitclinic.com\/vi\/","name":"MDVISIT CLINIC","description":"","publisher":{"@id":"https:\/\/mdvisitclinic.com\/vi\/#organization"},"potentialAction":[{"@type":"SearchAction","target":{"@type":"EntryPoint","urlTemplate":"https:\/\/mdvisitclinic.com\/vi\/?s={search_term_string}"},"query-input":{"@type":"PropertyValueSpecification","valueRequired":true,"valueName":"search_term_string"}}],"inLanguage":"vi-VN"},{"@type":"Organization","@id":"https:\/\/mdvisitclinic.com\/vi\/#organization","name":"MDVISIT CLINIC","url":"https:\/\/mdvisitclinic.com\/vi\/","logo":{"@type":"ImageObject","inLanguage":"vi-VN","@id":"https:\/\/mdvisitclinic.com\/vi\/#\/schema\/logo\/image\/","url":"https:\/\/mdvisitclinic.com\/wp-content\/uploads\/2024\/03\/logo.png","contentUrl":"https:\/\/mdvisitclinic.com\/wp-content\/uploads\/2024\/03\/logo.png","width":768,"height":118,"caption":"MDVISIT CLINIC"},"image":{"@id":"https:\/\/mdvisitclinic.com\/vi\/#\/schema\/logo\/image\/"}}]}},"_links":{"self":[{"href":"https:\/\/mdvisitclinic.com\/vi\/wp-json\/wp\/v2\/pages\/21014","targetHints":{"allow":["GET"]}}],"collection":[{"href":"https:\/\/mdvisitclinic.com\/vi\/wp-json\/wp\/v2\/pages"}],"about":[{"href":"https:\/\/mdvisitclinic.com\/vi\/wp-json\/wp\/v2\/types\/page"}],"author":[{"embeddable":true,"href":"https:\/\/mdvisitclinic.com\/vi\/wp-json\/wp\/v2\/users\/9"}],"replies":[{"embeddable":true,"href":"https:\/\/mdvisitclinic.com\/vi\/wp-json\/wp\/v2\/comments?post=21014"}],"version-history":[{"count":2,"href":"https:\/\/mdvisitclinic.com\/vi\/wp-json\/wp\/v2\/pages\/21014\/revisions"}],"predecessor-version":[{"id":22773,"href":"https:\/\/mdvisitclinic.com\/vi\/wp-json\/wp\/v2\/pages\/21014\/revisions\/22773"}],"up":[{"embeddable":true,"href":"https:\/\/mdvisitclinic.com\/vi\/wp-json\/wp\/v2\/pages\/21021"}],"wp:attachment":[{"href":"https:\/\/mdvisitclinic.com\/vi\/wp-json\/wp\/v2\/media?parent=21014"}],"curies":[{"name":"wp","href":"https:\/\/api.w.org\/{rel}","templated":true}]}}