{"id":21017,"date":"2024-10-28T08:46:48","date_gmt":"2024-10-28T08:46:48","guid":{"rendered":"https:\/\/f55.01f.myftpupload.com\/our-team\/jen-harper\/"},"modified":"2024-12-23T09:43:14","modified_gmt":"2024-12-23T09:43:14","slug":"jen-harper","status":"publish","type":"page","link":"https:\/\/mdvisitclinic.com\/vi\/our-team\/jen-harper\/","title":{"rendered":"Jen Harper"},"content":{"rendered":"\t\t<div data-elementor-type=\"wp-page\" data-elementor-id=\"21017\" class=\"elementor elementor-21017 elementor-17856\" data-elementor-post-type=\"page\">\n\t\t\t\t<div class=\"elementor-element elementor-element-5064ad09 e-flex e-con-boxed e-con e-parent\" data-id=\"5064ad09\" data-element_type=\"container\" data-e-type=\"container\" data-settings=\"{&quot;jet_parallax_layout_list&quot;:[]}\">\n\t\t\t\t\t<div class=\"e-con-inner\">\n\t\t<div class=\"elementor-element elementor-element-3d690665 e-con-full e-flex e-con e-child\" data-id=\"3d690665\" data-element_type=\"container\" data-e-type=\"container\" data-settings=\"{&quot;jet_parallax_layout_list&quot;:[]}\">\n\t\t<div class=\"elementor-element elementor-element-7bd0465 e-flex e-con-boxed e-con e-child\" data-id=\"7bd0465\" data-element_type=\"container\" data-e-type=\"container\" data-settings=\"{&quot;jet_parallax_layout_list&quot;:[]}\">\n\t\t\t\t\t<div class=\"e-con-inner\">\n\t\t\t\t<div class=\"elementor-element elementor-element-5cefaea6 elementor-invisible elementor-widget elementor-widget-heading\" data-id=\"5cefaea6\" data-element_type=\"widget\" data-e-type=\"widget\" data-settings=\"{&quot;_animation&quot;:&quot;fadeInDown&quot;,&quot;_animation_delay&quot;:0.40000000000000002}\" data-widget_type=\"heading.default\">\n\t\t\t\t<div class=\"elementor-widget-container\">\n\t\t\t\t\t<h1 class=\"elementor-heading-title elementor-size-default\">Jen Harper<\/h1>\t\t\t\t<\/div>\n\t\t\t\t<\/div>\n\t\t\t\t<div class=\"elementor-element elementor-element-4610b2fa elementor-widget__width-inherit elementor-invisible elementor-widget elementor-widget-heading\" data-id=\"4610b2fa\" data-element_type=\"widget\" data-e-type=\"widget\" data-settings=\"{&quot;_animation&quot;:&quot;fadeInDown&quot;,&quot;_animation_delay&quot;:0.59999999999999998}\" data-widget_type=\"heading.default\">\n\t\t\t\t<div class=\"elementor-widget-container\">\n\t\t\t\t\t<h6 class=\"elementor-heading-title elementor-size-default\">Gi\u00e1m \u0111\u1ed1c \u0111i\u1ec1u h\u00e0nh Concierge<\/h6>\t\t\t\t<\/div>\n\t\t\t\t<\/div>\n\t\t\t\t\t<\/div>\n\t\t\t\t<\/div>\n\t\t<div class=\"elementor-element elementor-element-3b512208 e-con-full e-flex e-con e-child\" data-id=\"3b512208\" data-element_type=\"container\" data-e-type=\"container\" data-settings=\"{&quot;jet_parallax_layout_list&quot;:[]}\">\n\t\t<div class=\"elementor-element elementor-element-54a16bb2 e-con-full e-flex e-con e-child\" data-id=\"54a16bb2\" data-element_type=\"container\" data-e-type=\"container\" data-settings=\"{&quot;jet_parallax_layout_list&quot;:[]}\">\n\t\t\t\t<div class=\"elementor-element elementor-element-7fba175b elementor-widget__width-inherit team_desc elementor-invisible elementor-widget elementor-widget-text-editor\" data-id=\"7fba175b\" data-element_type=\"widget\" data-e-type=\"widget\" data-settings=\"{&quot;_animation&quot;:&quot;fadeIn&quot;,&quot;_animation_delay&quot;:1}\" data-widget_type=\"text-editor.default\">\n\t\t\t\t<div class=\"elementor-widget-container\">\n\t\t\t\t\t\t\t\t\t<p>Jen Harper l\u00e0 Gi\u00e1m \u0111\u1ed1c \u0110i\u1ec1u h\u00e0nh Tr\u1ee3 gi\u00fap \u0111\u1eb7c bi\u1ec7t c\u1ee7a MDVISIT CLINIC. C\u00f4 \u1ea5y \u0111\u1ea3m b\u1ea3o r\u1eb1ng c\u00e1c quy tr\u00ecnh v\u00e0 ho\u1ea1t \u0111\u1ed9ng nh\u00f3m c\u1ee7a m\u00ecnh hi\u1ec7u qu\u1ea3 v\u00e0 hi\u1ec7u qu\u1ea3. V\u1edbi h\u01a1n 18 n\u0103m kinh nghi\u1ec7m trong l\u0129nh v\u1ef1c qu\u1ea3n l\u00fd b\u1ea5t \u0111\u1ed9ng s\u1ea3n v\u00e0 l\u1ed1i s\u1ed1ng c\u1ea5p cao, Jen l\u00e0 m\u1ed9t nh\u00e0 l\u00e3nh \u0111\u1ea1o xu\u1ea5t s\u1eafc trong ng\u00e0nh tr\u1ee3 gi\u00fap y t\u1ebf v\u00e0 h\u1ed7 tr\u1ee3 c\u00e1 nh\u00e2n.  <\/p>\n<p>Chuy\u00ean v\u1ec1 c\u00e1c d\u1ecbch v\u1ee5 tr\u1ee3 gi\u00fap y t\u1ebf sang tr\u1ecdng, Jen \u0111\u1ea3m b\u1ea3o kh\u00e1ch h\u00e0ng c\u1ee7a m\u00ecnh tr\u1ea3i nghi\u1ec7m kh\u00f4ng ch\u1ec9 m\u1ee9c \u0111\u1ed9 ch\u0103m s\u00f3c cao nh\u1ea5t m\u00e0 c\u00f2n c\u1ea3 s\u1ef1 th\u1eadn tr\u1ecdng v\u00e0 b\u1ea3o m\u1eadt v\u1eefng ch\u1eafc.<\/p>\n<p>S\u1ef1 c\u1ed1ng hi\u1ebfn c\u1ee7a Jen cho d\u1ecbch v\u1ee5 l\u1ea5y kh\u00e1ch h\u00e0ng l\u00e0m trung t\u00e2m b\u1eaft ngu\u1ed3n t\u1eeb s\u1ef1 hi\u1ec3u bi\u1ebft s\u00e2u s\u1eafc c\u1ee7a c\u00f4 v\u1ec1 nhu c\u1ea7u ri\u00eang c\u1ee7a t\u1eebng kh\u00e1ch h\u00e0ng. C\u00e1ch ti\u1ebfp c\u1eadn c\u1ee7a c\u00f4 k\u1ebft h\u1ee3p nh\u1eadn th\u1ee9c s\u00e2u s\u1eafc v\u1ec1 qu\u1ea3n l\u00fd giao d\u1ecbch c\u00e1 nh\u00e2n v\u1edbi s\u1ef1 li\u00ean l\u1ea1c t\u1eeb bi v\u00e0 c\u00e1 nh\u00e2n h\u00f3a, th\u00fac \u0111\u1ea9y ni\u1ec1m tin v\u00e0 c\u00e1c m\u1ed1i quan h\u1ec7 l\u00e2u d\u00e0i. C\u00f4 lu\u00f4n v\u01b0\u1ee3t qu\u00e1 mong \u0111\u1ee3i b\u1eb1ng c\u00e1ch d\u1ef1 \u0111o\u00e1n nhu c\u1ea7u c\u1ee7a kh\u00e1ch h\u00e0ng, \u0111i\u1ec1u h\u01b0\u1edbng h\u1eadu c\u1ea7n ph\u1ee9c t\u1ea1p v\u00e0 \u0111i\u1ec1u ph\u1ed1i tr\u1ea3i nghi\u1ec7m li\u1ec1n m\u1ea1ch t\u1eeb \u0111\u1ea7u \u0111\u1ebfn cu\u1ed1i.  <\/p>\n<p>Ngo\u00e0i d\u1ecbch v\u1ee5 tr\u1ee3 gi\u00fap \u0111\u1eb7c bi\u1ec7t y t\u1ebf, Jen c\u00f2n cung c\u1ea5p d\u1ecbch v\u1ee5 tr\u1ee3 gi\u00fap \u0111\u1eb7c bi\u1ec7t v\u1ec1 l\u1ed1i s\u1ed1ng v\u00e0 gi\u1ea3i tr\u00ed to\u00e0n di\u1ec7n. Cho d\u00f9 qu\u1ea3n l\u00fd t\u01b0 v\u1ea5n y t\u1ebf t\u01b0 nh\u00e2n hay l\u00ean k\u1ebf ho\u1ea1ch cho tr\u1ea3i nghi\u1ec7m du l\u1ecbch c\u1ea3m \u1ee9ng cao, cam k\u1ebft c\u1ee7a c\u00f4 l\u00e0 cung c\u1ea5p chuy\u00ean m\u00f4n kh\u00f4ng c\u0103ng th\u1eb3ng, k\u00edn \u0111\u00e1o v\u00e0 \u0111\u01b0\u1ee3c th\u1ef1c hi\u1ec7n chuy\u00ean nghi\u1ec7p cho t\u1eebng kh\u00e1ch h\u00e0ng. <\/p>\n\t\t\t\t\t\t\t\t<\/div>\n\t\t\t\t<\/div>\n\t\t\t\t<\/div>\n\t\t\t\t<\/div>\n\t\t\t\t<\/div>\n\t\t<div class=\"elementor-element elementor-element-4e0f5781 e-con-full e-flex e-con e-child\" data-id=\"4e0f5781\" data-element_type=\"container\" data-e-type=\"container\" data-settings=\"{&quot;jet_parallax_layout_list&quot;:[]}\">\n\t\t\t\t<div class=\"elementor-element elementor-element-6bb9e120 animated-slow elementor-invisible elementor-widget elementor-widget-image\" data-id=\"6bb9e120\" data-element_type=\"widget\" data-e-type=\"widget\" data-settings=\"{&quot;_animation&quot;:&quot;fadeInLeft&quot;,&quot;_animation_mobile&quot;:&quot;none&quot;,&quot;_animation_delay&quot;:1.5,&quot;sticky&quot;:&quot;top&quot;,&quot;sticky_on&quot;:[&quot;widescreen&quot;,&quot;desktop&quot;,&quot;tablet&quot;],&quot;sticky_parent&quot;:&quot;yes&quot;,&quot;sticky_offset&quot;:0,&quot;sticky_effects_offset&quot;:0,&quot;sticky_anchor_link_offset&quot;:0}\" data-widget_type=\"image.default\">\n\t\t\t\t<div class=\"elementor-widget-container\">\n\t\t\t\t\t\t\t\t\t\t\t\t\t\t\t<img fetchpriority=\"high\" decoding=\"async\" width=\"652\" height=\"652\" src=\"https:\/\/mdvisitclinic.com\/wp-content\/uploads\/2024\/05\/Jen-Harper.png\" class=\"attachment-large size-large wp-image-4281\" alt=\"\" srcset=\"https:\/\/mdvisitclinic.com\/wp-content\/uploads\/2024\/05\/Jen-Harper.png 652w, https:\/\/mdvisitclinic.com\/wp-content\/uploads\/2024\/05\/Jen-Harper-300x300.png 300w, https:\/\/mdvisitclinic.com\/wp-content\/uploads\/2024\/05\/Jen-Harper-150x150.png 150w\" sizes=\"(max-width: 652px) 100vw, 652px\" \/>\t\t\t\t\t\t\t\t\t\t\t\t\t\t\t<\/div>\n\t\t\t\t<\/div>\n\t\t\t\t<\/div>\n\t\t\t\t\t<\/div>\n\t\t\t\t<\/div>\n\t\t\t\t<\/div>\n\t\t","protected":false},"excerpt":{"rendered":"<p>Jen Harper Gi\u00e1m \u0111\u1ed1c \u0111i\u1ec1u h\u00e0nh Concierge Jen Harper l\u00e0 Gi\u00e1m \u0111\u1ed1c \u0110i\u1ec1u h\u00e0nh Tr\u1ee3 gi\u00fap \u0111\u1eb7c bi\u1ec7t c\u1ee7a MDVISIT CLINIC. C\u00f4 \u1ea5y \u0111\u1ea3m b\u1ea3o r\u1eb1ng c\u00e1c quy tr\u00ecnh v\u00e0 ho\u1ea1t \u0111\u1ed9ng nh\u00f3m c\u1ee7a m\u00ecnh hi\u1ec7u qu\u1ea3 v\u00e0 hi\u1ec7u qu\u1ea3. V\u1edbi h\u01a1n 18 n\u0103m kinh nghi\u1ec7m trong l\u0129nh v\u1ef1c qu\u1ea3n l\u00fd b\u1ea5t \u0111\u1ed9ng s\u1ea3n v\u00e0 [&hellip;]<\/p>\n","protected":false},"author":9,"featured_media":0,"parent":20956,"menu_order":0,"comment_status":"closed","ping_status":"closed","template":"elementor_header_footer","meta":{"_acf_changed":false,"_coblocks_attr":"","_coblocks_dimensions":"","_coblocks_responsive_height":"","_coblocks_accordion_ie_support":"","hide_page_title":"","footnotes":""},"class_list":["post-21017","page","type-page","status-publish","hentry"],"acf":[],"yoast_head":"<!-- This site is optimized with the Yoast SEO plugin v27.6 - https:\/\/yoast.com\/product\/yoast-seo-wordpress\/ -->\n<title>Jen Harper - MDVISIT CLINIC<\/title>\n<meta name=\"robots\" content=\"noindex, follow, max-snippet:-1, max-image-preview:large, max-video-preview:-1\" \/>\n<meta property=\"og:locale\" content=\"vi_VN\" \/>\n<meta property=\"og:type\" content=\"article\" \/>\n<meta property=\"og:title\" content=\"Jen Harper - MDVISIT CLINIC\" \/>\n<meta property=\"og:description\" content=\"Jen Harper Gi\u00e1m \u0111\u1ed1c \u0111i\u1ec1u h\u00e0nh Concierge Jen Harper l\u00e0 Gi\u00e1m \u0111\u1ed1c \u0110i\u1ec1u h\u00e0nh Tr\u1ee3 gi\u00fap \u0111\u1eb7c bi\u1ec7t c\u1ee7a MDVISIT CLINIC. C\u00f4 \u1ea5y \u0111\u1ea3m b\u1ea3o r\u1eb1ng c\u00e1c quy tr\u00ecnh v\u00e0 ho\u1ea1t \u0111\u1ed9ng nh\u00f3m c\u1ee7a m\u00ecnh hi\u1ec7u qu\u1ea3 v\u00e0 hi\u1ec7u qu\u1ea3. V\u1edbi h\u01a1n 18 n\u0103m kinh nghi\u1ec7m trong l\u0129nh v\u1ef1c qu\u1ea3n l\u00fd b\u1ea5t \u0111\u1ed9ng s\u1ea3n v\u00e0 [&hellip;]\" \/>\n<meta property=\"og:url\" content=\"https:\/\/mdvisitclinic.com\/vi\/our-team\/jen-harper\/\" \/>\n<meta property=\"og:site_name\" content=\"MDVISIT CLINIC\" \/>\n<meta property=\"article:modified_time\" content=\"2024-12-23T09:43:14+00:00\" \/>\n<meta property=\"og:image\" content=\"https:\/\/mdvisitclinic.com\/wp-content\/uploads\/2024\/05\/Jen-Harper.png\" \/>\n<meta name=\"twitter:card\" content=\"summary_large_image\" \/>\n<meta name=\"twitter:label1\" content=\"Est. reading time\" \/>\n\t<meta name=\"twitter:data1\" content=\"2 minutes\" \/>\n<script type=\"application\/ld+json\" class=\"yoast-schema-graph\">{\"@context\":\"https:\\\/\\\/schema.org\",\"@graph\":[{\"@type\":\"WebPage\",\"@id\":\"https:\\\/\\\/mdvisitclinic.com\\\/vi\\\/our-team\\\/jen-harper\\\/\",\"url\":\"https:\\\/\\\/mdvisitclinic.com\\\/vi\\\/our-team\\\/jen-harper\\\/\",\"name\":\"Jen Harper - MDVISIT CLINIC\",\"isPartOf\":{\"@id\":\"https:\\\/\\\/mdvisitclinic.com\\\/vi\\\/#website\"},\"primaryImageOfPage\":{\"@id\":\"https:\\\/\\\/mdvisitclinic.com\\\/vi\\\/our-team\\\/jen-harper\\\/#primaryimage\"},\"image\":{\"@id\":\"https:\\\/\\\/mdvisitclinic.com\\\/vi\\\/our-team\\\/jen-harper\\\/#primaryimage\"},\"thumbnailUrl\":\"https:\\\/\\\/mdvisitclinic.com\\\/wp-content\\\/uploads\\\/2024\\\/05\\\/Jen-Harper.png\",\"datePublished\":\"2024-10-28T08:46:48+00:00\",\"dateModified\":\"2024-12-23T09:43:14+00:00\",\"breadcrumb\":{\"@id\":\"https:\\\/\\\/mdvisitclinic.com\\\/vi\\\/our-team\\\/jen-harper\\\/#breadcrumb\"},\"inLanguage\":\"vi-VN\",\"potentialAction\":[{\"@type\":\"ReadAction\",\"target\":[\"https:\\\/\\\/mdvisitclinic.com\\\/vi\\\/our-team\\\/jen-harper\\\/\"]}]},{\"@type\":\"ImageObject\",\"inLanguage\":\"vi-VN\",\"@id\":\"https:\\\/\\\/mdvisitclinic.com\\\/vi\\\/our-team\\\/jen-harper\\\/#primaryimage\",\"url\":\"https:\\\/\\\/mdvisitclinic.com\\\/wp-content\\\/uploads\\\/2024\\\/05\\\/Jen-Harper.png\",\"contentUrl\":\"https:\\\/\\\/mdvisitclinic.com\\\/wp-content\\\/uploads\\\/2024\\\/05\\\/Jen-Harper.png\"},{\"@type\":\"BreadcrumbList\",\"@id\":\"https:\\\/\\\/mdvisitclinic.com\\\/vi\\\/our-team\\\/jen-harper\\\/#breadcrumb\",\"itemListElement\":[{\"@type\":\"ListItem\",\"position\":1,\"name\":\"Home\",\"item\":\"https:\\\/\\\/mdvisitclinic.com\\\/vi\\\/\"},{\"@type\":\"ListItem\",\"position\":2,\"name\":\"\u0110\u1ed9i ng\u0169 c\u1ee7a ch\u00fang t\u00f4i\",\"item\":\"https:\\\/\\\/mdvisitclinic.com\\\/vi\\\/our-team\\\/\"},{\"@type\":\"ListItem\",\"position\":3,\"name\":\"Jen Harper\"}]},{\"@type\":\"WebSite\",\"@id\":\"https:\\\/\\\/mdvisitclinic.com\\\/vi\\\/#website\",\"url\":\"https:\\\/\\\/mdvisitclinic.com\\\/vi\\\/\",\"name\":\"MDVISIT CLINIC\",\"description\":\"\",\"publisher\":{\"@id\":\"https:\\\/\\\/mdvisitclinic.com\\\/vi\\\/#organization\"},\"potentialAction\":[{\"@type\":\"SearchAction\",\"target\":{\"@type\":\"EntryPoint\",\"urlTemplate\":\"https:\\\/\\\/mdvisitclinic.com\\\/vi\\\/?s={search_term_string}\"},\"query-input\":{\"@type\":\"PropertyValueSpecification\",\"valueRequired\":true,\"valueName\":\"search_term_string\"}}],\"inLanguage\":\"vi-VN\"},{\"@type\":\"Organization\",\"@id\":\"https:\\\/\\\/mdvisitclinic.com\\\/vi\\\/#organization\",\"name\":\"MDVISIT CLINIC\",\"url\":\"https:\\\/\\\/mdvisitclinic.com\\\/vi\\\/\",\"logo\":{\"@type\":\"ImageObject\",\"inLanguage\":\"vi-VN\",\"@id\":\"https:\\\/\\\/mdvisitclinic.com\\\/vi\\\/#\\\/schema\\\/logo\\\/image\\\/\",\"url\":\"https:\\\/\\\/mdvisitclinic.com\\\/wp-content\\\/uploads\\\/2024\\\/03\\\/logo.png\",\"contentUrl\":\"https:\\\/\\\/mdvisitclinic.com\\\/wp-content\\\/uploads\\\/2024\\\/03\\\/logo.png\",\"width\":768,\"height\":118,\"caption\":\"MDVISIT CLINIC\"},\"image\":{\"@id\":\"https:\\\/\\\/mdvisitclinic.com\\\/vi\\\/#\\\/schema\\\/logo\\\/image\\\/\"}}]}<\/script>\n<!-- \/ Yoast SEO plugin. -->","yoast_head_json":{"title":"Jen Harper - MDVISIT CLINIC","robots":{"index":"noindex","follow":"follow","max-snippet":"max-snippet:-1","max-image-preview":"max-image-preview:large","max-video-preview":"max-video-preview:-1"},"og_locale":"vi_VN","og_type":"article","og_title":"Jen Harper - MDVISIT CLINIC","og_description":"Jen Harper Gi\u00e1m \u0111\u1ed1c \u0111i\u1ec1u h\u00e0nh Concierge Jen Harper l\u00e0 Gi\u00e1m \u0111\u1ed1c \u0110i\u1ec1u h\u00e0nh Tr\u1ee3 gi\u00fap \u0111\u1eb7c bi\u1ec7t c\u1ee7a MDVISIT CLINIC. C\u00f4 \u1ea5y \u0111\u1ea3m b\u1ea3o r\u1eb1ng c\u00e1c quy tr\u00ecnh v\u00e0 ho\u1ea1t \u0111\u1ed9ng nh\u00f3m c\u1ee7a m\u00ecnh hi\u1ec7u qu\u1ea3 v\u00e0 hi\u1ec7u qu\u1ea3. V\u1edbi h\u01a1n 18 n\u0103m kinh nghi\u1ec7m trong l\u0129nh v\u1ef1c qu\u1ea3n l\u00fd b\u1ea5t \u0111\u1ed9ng s\u1ea3n v\u00e0 [&hellip;]","og_url":"https:\/\/mdvisitclinic.com\/vi\/our-team\/jen-harper\/","og_site_name":"MDVISIT CLINIC","article_modified_time":"2024-12-23T09:43:14+00:00","og_image":[{"url":"https:\/\/mdvisitclinic.com\/wp-content\/uploads\/2024\/05\/Jen-Harper.png","type":"","width":"","height":""}],"twitter_card":"summary_large_image","twitter_misc":{"Est. reading time":"2 minutes"},"schema":{"@context":"https:\/\/schema.org","@graph":[{"@type":"WebPage","@id":"https:\/\/mdvisitclinic.com\/vi\/our-team\/jen-harper\/","url":"https:\/\/mdvisitclinic.com\/vi\/our-team\/jen-harper\/","name":"Jen Harper - MDVISIT CLINIC","isPartOf":{"@id":"https:\/\/mdvisitclinic.com\/vi\/#website"},"primaryImageOfPage":{"@id":"https:\/\/mdvisitclinic.com\/vi\/our-team\/jen-harper\/#primaryimage"},"image":{"@id":"https:\/\/mdvisitclinic.com\/vi\/our-team\/jen-harper\/#primaryimage"},"thumbnailUrl":"https:\/\/mdvisitclinic.com\/wp-content\/uploads\/2024\/05\/Jen-Harper.png","datePublished":"2024-10-28T08:46:48+00:00","dateModified":"2024-12-23T09:43:14+00:00","breadcrumb":{"@id":"https:\/\/mdvisitclinic.com\/vi\/our-team\/jen-harper\/#breadcrumb"},"inLanguage":"vi-VN","potentialAction":[{"@type":"ReadAction","target":["https:\/\/mdvisitclinic.com\/vi\/our-team\/jen-harper\/"]}]},{"@type":"ImageObject","inLanguage":"vi-VN","@id":"https:\/\/mdvisitclinic.com\/vi\/our-team\/jen-harper\/#primaryimage","url":"https:\/\/mdvisitclinic.com\/wp-content\/uploads\/2024\/05\/Jen-Harper.png","contentUrl":"https:\/\/mdvisitclinic.com\/wp-content\/uploads\/2024\/05\/Jen-Harper.png"},{"@type":"BreadcrumbList","@id":"https:\/\/mdvisitclinic.com\/vi\/our-team\/jen-harper\/#breadcrumb","itemListElement":[{"@type":"ListItem","position":1,"name":"Home","item":"https:\/\/mdvisitclinic.com\/vi\/"},{"@type":"ListItem","position":2,"name":"\u0110\u1ed9i ng\u0169 c\u1ee7a ch\u00fang t\u00f4i","item":"https:\/\/mdvisitclinic.com\/vi\/our-team\/"},{"@type":"ListItem","position":3,"name":"Jen Harper"}]},{"@type":"WebSite","@id":"https:\/\/mdvisitclinic.com\/vi\/#website","url":"https:\/\/mdvisitclinic.com\/vi\/","name":"MDVISIT CLINIC","description":"","publisher":{"@id":"https:\/\/mdvisitclinic.com\/vi\/#organization"},"potentialAction":[{"@type":"SearchAction","target":{"@type":"EntryPoint","urlTemplate":"https:\/\/mdvisitclinic.com\/vi\/?s={search_term_string}"},"query-input":{"@type":"PropertyValueSpecification","valueRequired":true,"valueName":"search_term_string"}}],"inLanguage":"vi-VN"},{"@type":"Organization","@id":"https:\/\/mdvisitclinic.com\/vi\/#organization","name":"MDVISIT CLINIC","url":"https:\/\/mdvisitclinic.com\/vi\/","logo":{"@type":"ImageObject","inLanguage":"vi-VN","@id":"https:\/\/mdvisitclinic.com\/vi\/#\/schema\/logo\/image\/","url":"https:\/\/mdvisitclinic.com\/wp-content\/uploads\/2024\/03\/logo.png","contentUrl":"https:\/\/mdvisitclinic.com\/wp-content\/uploads\/2024\/03\/logo.png","width":768,"height":118,"caption":"MDVISIT CLINIC"},"image":{"@id":"https:\/\/mdvisitclinic.com\/vi\/#\/schema\/logo\/image\/"}}]}},"_links":{"self":[{"href":"https:\/\/mdvisitclinic.com\/vi\/wp-json\/wp\/v2\/pages\/21017","targetHints":{"allow":["GET"]}}],"collection":[{"href":"https:\/\/mdvisitclinic.com\/vi\/wp-json\/wp\/v2\/pages"}],"about":[{"href":"https:\/\/mdvisitclinic.com\/vi\/wp-json\/wp\/v2\/types\/page"}],"author":[{"embeddable":true,"href":"https:\/\/mdvisitclinic.com\/vi\/wp-json\/wp\/v2\/users\/9"}],"replies":[{"embeddable":true,"href":"https:\/\/mdvisitclinic.com\/vi\/wp-json\/wp\/v2\/comments?post=21017"}],"version-history":[{"count":2,"href":"https:\/\/mdvisitclinic.com\/vi\/wp-json\/wp\/v2\/pages\/21017\/revisions"}],"predecessor-version":[{"id":22781,"href":"https:\/\/mdvisitclinic.com\/vi\/wp-json\/wp\/v2\/pages\/21017\/revisions\/22781"}],"up":[{"embeddable":true,"href":"https:\/\/mdvisitclinic.com\/vi\/wp-json\/wp\/v2\/pages\/20956"}],"wp:attachment":[{"href":"https:\/\/mdvisitclinic.com\/vi\/wp-json\/wp\/v2\/media?parent=21017"}],"curies":[{"name":"wp","href":"https:\/\/api.w.org\/{rel}","templated":true}]}}