{"id":21018,"date":"2024-11-08T08:33:31","date_gmt":"2024-11-08T08:33:31","guid":{"rendered":"https:\/\/f55.01f.myftpupload.com\/arrival-in-the-united-states-onward-to-your-treatment\/"},"modified":"2024-12-23T09:42:59","modified_gmt":"2024-12-23T09:42:59","slug":"arrival-in-the-united-states-onward-to-your-treatment","status":"publish","type":"page","link":"https:\/\/mdvisitclinic.com\/vi\/how-surgery-treatment-works-in-the-usa\/arrival-in-the-united-states-onward-to-your-treatment\/","title":{"rendered":"\u0110\u1ebeN HOA K\u1ef2 &amp;; TR\u1ede \u0110I \u0110\u1ec2 \u0110I\u1ec0U TR\u1eca C\u1ee6A B\u1ea0N"},"content":{"rendered":"\t\t<div data-elementor-type=\"wp-page\" data-elementor-id=\"21018\" class=\"elementor elementor-21018 elementor-18213\" data-elementor-post-type=\"page\">\n\t\t\t\t<div class=\"elementor-element elementor-element-7edfdd5 e-flex e-con-boxed e-con e-parent\" data-id=\"7edfdd5\" data-element_type=\"container\" data-e-type=\"container\" data-settings=\"{&quot;jet_parallax_layout_list&quot;:[]}\">\n\t\t\t\t\t<div class=\"e-con-inner\">\n\t\t<div class=\"elementor-element elementor-element-853acde e-con-full e-flex e-con e-child\" data-id=\"853acde\" data-element_type=\"container\" data-e-type=\"container\" data-settings=\"{&quot;jet_parallax_layout_list&quot;:[]}\">\n\t\t<div class=\"elementor-element elementor-element-f9e72e0 e-flex e-con-boxed e-con e-child\" data-id=\"f9e72e0\" data-element_type=\"container\" data-e-type=\"container\" data-settings=\"{&quot;jet_parallax_layout_list&quot;:[]}\">\n\t\t\t\t\t<div class=\"e-con-inner\">\n\t\t\t\t<div class=\"elementor-element elementor-element-f12f111 elementor-invisible elementor-widget elementor-widget-heading\" data-id=\"f12f111\" data-element_type=\"widget\" data-e-type=\"widget\" data-settings=\"{&quot;_animation&quot;:&quot;fadeInDown&quot;,&quot;_animation_delay&quot;:0.40000000000000002}\" data-widget_type=\"heading.default\">\n\t\t\t\t<div class=\"elementor-widget-container\">\n\t\t\t\t\t<h1 class=\"elementor-heading-title elementor-size-default\">\u0110\u1ebeN HOA K\u1ef2 &amp;; TR\u1ede \u0110I \u0110\u1ec2 \u0110I\u1ec0U TR\u1eca C\u1ee6A B\u1ea0N\n<\/h1>\t\t\t\t<\/div>\n\t\t\t\t<\/div>\n\t\t\t\t<div class=\"elementor-element elementor-element-a85d074 elementor-widget__width-inherit elementor-invisible elementor-widget elementor-widget-heading\" data-id=\"a85d074\" data-element_type=\"widget\" data-e-type=\"widget\" data-settings=\"{&quot;_animation&quot;:&quot;fadeInDown&quot;,&quot;_animation_delay&quot;:0.59999999999999998}\" data-widget_type=\"heading.default\">\n\t\t\t\t<div class=\"elementor-widget-container\">\n\t\t\t\t\t<h6 class=\"elementor-heading-title elementor-size-default\">Ch\u00fang t\u00f4i ch\u00e0o \u0111\u00f3n b\u1ea1n t\u1ea1i s\u00e2n bay<\/h6>\t\t\t\t<\/div>\n\t\t\t\t<\/div>\n\t\t\t\t\t<\/div>\n\t\t\t\t<\/div>\n\t\t<div class=\"elementor-element elementor-element-234c58f e-con-full e-flex e-con e-child\" data-id=\"234c58f\" data-element_type=\"container\" data-e-type=\"container\" data-settings=\"{&quot;jet_parallax_layout_list&quot;:[]}\">\n\t\t<div class=\"elementor-element elementor-element-a256825 e-con-full e-flex e-con e-child\" data-id=\"a256825\" data-element_type=\"container\" data-e-type=\"container\" data-settings=\"{&quot;jet_parallax_layout_list&quot;:[]}\">\n\t\t\t\t<div class=\"elementor-element elementor-element-edd230d elementor-widget__width-inherit team_desc elementor-invisible elementor-widget elementor-widget-text-editor\" data-id=\"edd230d\" data-element_type=\"widget\" data-e-type=\"widget\" data-settings=\"{&quot;_animation&quot;:&quot;fadeIn&quot;,&quot;_animation_delay&quot;:1}\" data-widget_type=\"text-editor.default\">\n\t\t\t\t<div class=\"elementor-widget-container\">\n\t\t\t\t\t\t\t\t\t<p>Tr\u01b0\u1edbc khi b\u1ea1n r\u1eddi kh\u1ecfi \u0111\u1ea5t n\u01b0\u1edbc c\u1ee7a m\u00ecnh, \u0111\u1ed9i ng\u0169 tr\u1ee3 gi\u00fap \u0111\u1eb7c bi\u1ec7t c\u1ee7a ch\u00fang t\u00f4i s\u1ebd l\u00e0m vi\u1ec7c ch\u1eb7t ch\u1ebd v\u1edbi b\u1ea1n \u0111\u1ec3 chu\u1ea9n b\u1ecb cho m\u1ed9t k\u1ef3 ngh\u1ec9 k\u00e9o d\u00e0i su\u00f4n s\u1ebb, tho\u1ea3i m\u00e1i t\u1ea1i Hoa K\u1ef3. V\u1edbi t\u1ea5t c\u1ea3 c\u00e1c s\u1eafp x\u1ebfp \u0111\u00e3 \u0111\u01b0\u1ee3c x\u00e1c nh\u1eadn, b\u1ea1n v\u00e0 ng\u01b0\u1eddi ch\u0103m s\u00f3c c\u1ee7a b\u1ea1n c\u00f3 th\u1ec3 y\u00ean t\u00e2m l\u00ean chuy\u1ebfn bay c\u1ee7a b\u1ea1n, bi\u1ebft r\u1eb1ng m\u1ecdi chi ti\u1ebft \u0111\u00e3 \u0111\u01b0\u1ee3c ch\u0103m s\u00f3c. <\/p>\n<p>Khi \u0111\u1ebfn n\u01a1i, nh\u00f3m c\u1ee7a ch\u00fang t\u00f4i s\u1ebd n\u1ed3ng nhi\u1ec7t ch\u00e0o \u0111\u00f3n b\u1ea1n, h\u1ed7 tr\u1ee3 h\u00e0nh l\u00fd c\u1ee7a b\u1ea1n v\u00e0 \u0111\u1ea3m b\u1ea3o b\u1ea1n tho\u1ea3i m\u00e1i \u1ed5n \u0111\u1ecbnh t\u1ea1i kh\u00e1ch s\u1ea1n ho\u1eb7c Airbnb \u0111\u00e3 ch\u1ecdn.<\/p>\n<p>Khi b\u1ea1n \u0111\u00e3 \u1ed5n \u0111\u1ecbnh, ch\u00fang t\u00f4i s\u1ebd xem x\u00e9t h\u00e0nh tr\u00ecnh h\u00e0ng ng\u00e0y \u0111\u01b0\u1ee3c c\u00e1 nh\u00e2n h\u00f3a c\u1ee7a b\u1ea1n v\u00e0 x\u00e1c nh\u1eadn k\u1ebf ho\u1ea1ch cho c\u00e1c ho\u1ea1t \u0111\u1ed9ng c\u1ee7a ng\u00e0y h\u00f4m sau. \u0110\u1ec3 \u0111\u1ea3m b\u1ea3o s\u1ef1 tho\u1ea3i m\u00e1i c\u1ee7a b\u1ea1n, ch\u00fang t\u00f4i c\u0169ng s\u1ebd \u0111\u1ea3m b\u1ea3o b\u1ea1n c\u00f3 nhi\u1ec1u th\u1ee9 \u0111\u1ec3 \u0103n v\u00e0 u\u1ed1ng. Ch\u00fang t\u00f4i s\u1ebd cung c\u1ea5p c\u00e1c \u0111\u1ec1 xu\u1ea5t cho c\u00e1c nh\u00e0 h\u00e0ng v\u00e0 c\u1eeda h\u00e0ng t\u1ea1p h\u00f3a g\u1ea7n \u0111\u00f3, v\u00e0 n\u1ebfu \u0111\u01b0\u1ee3c y\u00eau c\u1ea7u, t\u1ee7 l\u1ea1nh c\u1ee7a b\u1ea1n s\u1ebd \u0111\u01b0\u1ee3c d\u1ef1 tr\u1eef s\u1eb5n c\u00e1c lo\u1ea1i th\u1ef1c ph\u1ea9m y\u00eau th\u00edch c\u1ee7a b\u1ea1n, s\u1eb5n s\u00e0ng \u0111\u1ec3 l\u00e0m cho b\u1ea1n c\u1ea3m th\u1ea5y nh\u01b0 \u1edf nh\u00e0.  <\/p>\n\t\t\t\t\t\t\t\t<\/div>\n\t\t\t\t<\/div>\n\t\t\t\t<\/div>\n\t\t\t\t<\/div>\n\t\t\t\t<\/div>\n\t\t<div class=\"elementor-element elementor-element-e1997d5 e-con-full e-flex e-con e-child\" data-id=\"e1997d5\" data-element_type=\"container\" data-e-type=\"container\" data-settings=\"{&quot;jet_parallax_layout_list&quot;:[]}\">\n\t\t\t\t<div class=\"elementor-element elementor-element-62ce40d animated-slow elementor-invisible elementor-widget elementor-widget-image\" data-id=\"62ce40d\" data-element_type=\"widget\" data-e-type=\"widget\" data-settings=\"{&quot;_animation&quot;:&quot;fadeInLeft&quot;,&quot;_animation_mobile&quot;:&quot;none&quot;,&quot;_animation_delay&quot;:1.5,&quot;sticky&quot;:&quot;top&quot;,&quot;sticky_on&quot;:[&quot;widescreen&quot;,&quot;desktop&quot;,&quot;tablet&quot;],&quot;sticky_parent&quot;:&quot;yes&quot;,&quot;sticky_offset&quot;:0,&quot;sticky_effects_offset&quot;:0,&quot;sticky_anchor_link_offset&quot;:0}\" data-widget_type=\"image.default\">\n\t\t\t\t<div class=\"elementor-widget-container\">\n\t\t\t\t\t\t\t\t\t\t\t\t\t\t\t<img fetchpriority=\"high\" decoding=\"async\" width=\"612\" height=\"408\" src=\"https:\/\/mdvisitclinic.com\/wp-content\/uploads\/2024\/11\/arrival.jpg\" class=\"attachment-full size-full wp-image-18154\" alt=\"\" srcset=\"https:\/\/mdvisitclinic.com\/wp-content\/uploads\/2024\/11\/arrival.jpg 612w, https:\/\/mdvisitclinic.com\/wp-content\/uploads\/2024\/11\/arrival-300x200.jpg 300w\" sizes=\"(max-width: 612px) 100vw, 612px\" \/>\t\t\t\t\t\t\t\t\t\t\t\t\t\t\t<\/div>\n\t\t\t\t<\/div>\n\t\t\t\t<\/div>\n\t\t\t\t\t<\/div>\n\t\t\t\t<\/div>\n\t\t\t\t<\/div>\n\t\t","protected":false},"excerpt":{"rendered":"<p>\u0110\u1ebeN HOA K\u1ef2 &amp;; TR\u1ede \u0110I \u0110\u1ec2 \u0110I\u1ec0U TR\u1eca C\u1ee6A B\u1ea0N Ch\u00fang t\u00f4i ch\u00e0o \u0111\u00f3n b\u1ea1n t\u1ea1i s\u00e2n bay Tr\u01b0\u1edbc khi b\u1ea1n r\u1eddi kh\u1ecfi \u0111\u1ea5t n\u01b0\u1edbc c\u1ee7a m\u00ecnh, \u0111\u1ed9i ng\u0169 tr\u1ee3 gi\u00fap \u0111\u1eb7c bi\u1ec7t c\u1ee7a ch\u00fang t\u00f4i s\u1ebd l\u00e0m vi\u1ec7c ch\u1eb7t ch\u1ebd v\u1edbi b\u1ea1n \u0111\u1ec3 chu\u1ea9n b\u1ecb cho m\u1ed9t k\u1ef3 ngh\u1ec9 k\u00e9o d\u00e0i su\u00f4n s\u1ebb, [&hellip;]<\/p>\n","protected":false},"author":9,"featured_media":0,"parent":21021,"menu_order":0,"comment_status":"closed","ping_status":"closed","template":"elementor_header_footer","meta":{"_acf_changed":false,"_coblocks_attr":"","_coblocks_dimensions":"","_coblocks_responsive_height":"","_coblocks_accordion_ie_support":"","hide_page_title":"","footnotes":""},"class_list":["post-21018","page","type-page","status-publish","hentry"],"acf":[],"yoast_head":"<!-- This site is optimized with the Yoast SEO plugin v27.3 - https:\/\/yoast.com\/product\/yoast-seo-wordpress\/ -->\n<title>\u0110\u1ebeN HOA K\u1ef2 &amp;; TR\u1ede \u0110I \u0110\u1ec2 \u0110I\u1ec0U TR\u1eca C\u1ee6A B\u1ea0N - MDVISIT CLINIC<\/title>\n<meta name=\"robots\" content=\"noindex, follow, max-snippet:-1, max-image-preview:large, max-video-preview:-1\" \/>\n<meta property=\"og:locale\" content=\"vi_VN\" \/>\n<meta property=\"og:type\" content=\"article\" \/>\n<meta property=\"og:title\" content=\"\u0110\u1ebeN HOA K\u1ef2 &amp;; TR\u1ede \u0110I \u0110\u1ec2 \u0110I\u1ec0U TR\u1eca C\u1ee6A B\u1ea0N - MDVISIT CLINIC\" \/>\n<meta property=\"og:description\" content=\"\u0110\u1ebeN HOA K\u1ef2 &amp;; TR\u1ede \u0110I \u0110\u1ec2 \u0110I\u1ec0U TR\u1eca C\u1ee6A B\u1ea0N Ch\u00fang t\u00f4i ch\u00e0o \u0111\u00f3n b\u1ea1n t\u1ea1i s\u00e2n bay Tr\u01b0\u1edbc khi b\u1ea1n r\u1eddi kh\u1ecfi \u0111\u1ea5t n\u01b0\u1edbc c\u1ee7a m\u00ecnh, \u0111\u1ed9i ng\u0169 tr\u1ee3 gi\u00fap \u0111\u1eb7c bi\u1ec7t c\u1ee7a ch\u00fang t\u00f4i s\u1ebd l\u00e0m vi\u1ec7c ch\u1eb7t ch\u1ebd v\u1edbi b\u1ea1n \u0111\u1ec3 chu\u1ea9n b\u1ecb cho m\u1ed9t k\u1ef3 ngh\u1ec9 k\u00e9o d\u00e0i su\u00f4n s\u1ebb, [&hellip;]\" \/>\n<meta property=\"og:url\" content=\"https:\/\/mdvisitclinic.com\/vi\/how-surgery-treatment-works-in-the-usa\/arrival-in-the-united-states-onward-to-your-treatment\/\" \/>\n<meta property=\"og:site_name\" content=\"MDVISIT CLINIC\" \/>\n<meta property=\"article:modified_time\" content=\"2024-12-23T09:42:59+00:00\" \/>\n<meta property=\"og:image\" content=\"https:\/\/mdvisitclinic.com\/wp-content\/uploads\/2024\/11\/arrival.jpg\" \/>\n<meta name=\"twitter:card\" content=\"summary_large_image\" \/>\n<meta name=\"twitter:label1\" content=\"Est. reading time\" \/>\n\t<meta name=\"twitter:data1\" content=\"2 minutes\" \/>\n<script type=\"application\/ld+json\" class=\"yoast-schema-graph\">{\"@context\":\"https:\\\/\\\/schema.org\",\"@graph\":[{\"@type\":\"WebPage\",\"@id\":\"https:\\\/\\\/mdvisitclinic.com\\\/vi\\\/how-surgery-treatment-works-in-the-usa\\\/arrival-in-the-united-states-onward-to-your-treatment\\\/\",\"url\":\"https:\\\/\\\/mdvisitclinic.com\\\/vi\\\/how-surgery-treatment-works-in-the-usa\\\/arrival-in-the-united-states-onward-to-your-treatment\\\/\",\"name\":\"\u0110\u1ebeN HOA K\u1ef2 &amp;; TR\u1ede \u0110I \u0110\u1ec2 \u0110I\u1ec0U TR\u1eca C\u1ee6A B\u1ea0N - MDVISIT CLINIC\",\"isPartOf\":{\"@id\":\"https:\\\/\\\/mdvisitclinic.com\\\/vi\\\/#website\"},\"primaryImageOfPage\":{\"@id\":\"https:\\\/\\\/mdvisitclinic.com\\\/vi\\\/how-surgery-treatment-works-in-the-usa\\\/arrival-in-the-united-states-onward-to-your-treatment\\\/#primaryimage\"},\"image\":{\"@id\":\"https:\\\/\\\/mdvisitclinic.com\\\/vi\\\/how-surgery-treatment-works-in-the-usa\\\/arrival-in-the-united-states-onward-to-your-treatment\\\/#primaryimage\"},\"thumbnailUrl\":\"https:\\\/\\\/mdvisitclinic.com\\\/wp-content\\\/uploads\\\/2024\\\/11\\\/arrival.jpg\",\"datePublished\":\"2024-11-08T08:33:31+00:00\",\"dateModified\":\"2024-12-23T09:42:59+00:00\",\"breadcrumb\":{\"@id\":\"https:\\\/\\\/mdvisitclinic.com\\\/vi\\\/how-surgery-treatment-works-in-the-usa\\\/arrival-in-the-united-states-onward-to-your-treatment\\\/#breadcrumb\"},\"inLanguage\":\"vi-VN\",\"potentialAction\":[{\"@type\":\"ReadAction\",\"target\":[\"https:\\\/\\\/mdvisitclinic.com\\\/vi\\\/how-surgery-treatment-works-in-the-usa\\\/arrival-in-the-united-states-onward-to-your-treatment\\\/\"]}]},{\"@type\":\"ImageObject\",\"inLanguage\":\"vi-VN\",\"@id\":\"https:\\\/\\\/mdvisitclinic.com\\\/vi\\\/how-surgery-treatment-works-in-the-usa\\\/arrival-in-the-united-states-onward-to-your-treatment\\\/#primaryimage\",\"url\":\"https:\\\/\\\/mdvisitclinic.com\\\/wp-content\\\/uploads\\\/2024\\\/11\\\/arrival.jpg\",\"contentUrl\":\"https:\\\/\\\/mdvisitclinic.com\\\/wp-content\\\/uploads\\\/2024\\\/11\\\/arrival.jpg\"},{\"@type\":\"BreadcrumbList\",\"@id\":\"https:\\\/\\\/mdvisitclinic.com\\\/vi\\\/how-surgery-treatment-works-in-the-usa\\\/arrival-in-the-united-states-onward-to-your-treatment\\\/#breadcrumb\",\"itemListElement\":[{\"@type\":\"ListItem\",\"position\":1,\"name\":\"Home\",\"item\":\"https:\\\/\\\/mdvisitclinic.com\\\/vi\\\/\"},{\"@type\":\"ListItem\",\"position\":2,\"name\":\"Ph\u1eabu thu\u1eadt v\u00e0 \u0110i\u1ec1u tr\u1ecb di\u1ec5n ra nh\u01b0 th\u1ebf n\u00e0o \u1edf Hoa K\u1ef3\",\"item\":\"https:\\\/\\\/mdvisitclinic.com\\\/vi\\\/how-surgery-treatment-works-in-the-usa\\\/\"},{\"@type\":\"ListItem\",\"position\":3,\"name\":\"\u0110\u1ebeN HOA K\u1ef2 &amp;; TR\u1ede \u0110I \u0110\u1ec2 \u0110I\u1ec0U TR\u1eca C\u1ee6A B\u1ea0N\"}]},{\"@type\":\"WebSite\",\"@id\":\"https:\\\/\\\/mdvisitclinic.com\\\/vi\\\/#website\",\"url\":\"https:\\\/\\\/mdvisitclinic.com\\\/vi\\\/\",\"name\":\"MDVISIT CLINIC\",\"description\":\"\",\"publisher\":{\"@id\":\"https:\\\/\\\/mdvisitclinic.com\\\/vi\\\/#organization\"},\"potentialAction\":[{\"@type\":\"SearchAction\",\"target\":{\"@type\":\"EntryPoint\",\"urlTemplate\":\"https:\\\/\\\/mdvisitclinic.com\\\/vi\\\/?s={search_term_string}\"},\"query-input\":{\"@type\":\"PropertyValueSpecification\",\"valueRequired\":true,\"valueName\":\"search_term_string\"}}],\"inLanguage\":\"vi-VN\"},{\"@type\":\"Organization\",\"@id\":\"https:\\\/\\\/mdvisitclinic.com\\\/vi\\\/#organization\",\"name\":\"MDVISIT CLINIC\",\"url\":\"https:\\\/\\\/mdvisitclinic.com\\\/vi\\\/\",\"logo\":{\"@type\":\"ImageObject\",\"inLanguage\":\"vi-VN\",\"@id\":\"https:\\\/\\\/mdvisitclinic.com\\\/vi\\\/#\\\/schema\\\/logo\\\/image\\\/\",\"url\":\"https:\\\/\\\/mdvisitclinic.com\\\/wp-content\\\/uploads\\\/2024\\\/03\\\/logo.png\",\"contentUrl\":\"https:\\\/\\\/mdvisitclinic.com\\\/wp-content\\\/uploads\\\/2024\\\/03\\\/logo.png\",\"width\":768,\"height\":118,\"caption\":\"MDVISIT CLINIC\"},\"image\":{\"@id\":\"https:\\\/\\\/mdvisitclinic.com\\\/vi\\\/#\\\/schema\\\/logo\\\/image\\\/\"}}]}<\/script>\n<!-- \/ Yoast SEO plugin. -->","yoast_head_json":{"title":"\u0110\u1ebeN HOA K\u1ef2 &amp;; TR\u1ede \u0110I \u0110\u1ec2 \u0110I\u1ec0U TR\u1eca C\u1ee6A B\u1ea0N - MDVISIT CLINIC","robots":{"index":"noindex","follow":"follow","max-snippet":"max-snippet:-1","max-image-preview":"max-image-preview:large","max-video-preview":"max-video-preview:-1"},"og_locale":"vi_VN","og_type":"article","og_title":"\u0110\u1ebeN HOA K\u1ef2 &amp;; TR\u1ede \u0110I \u0110\u1ec2 \u0110I\u1ec0U TR\u1eca C\u1ee6A B\u1ea0N - MDVISIT CLINIC","og_description":"\u0110\u1ebeN HOA K\u1ef2 &amp;; TR\u1ede \u0110I \u0110\u1ec2 \u0110I\u1ec0U TR\u1eca C\u1ee6A B\u1ea0N Ch\u00fang t\u00f4i ch\u00e0o \u0111\u00f3n b\u1ea1n t\u1ea1i s\u00e2n bay Tr\u01b0\u1edbc khi b\u1ea1n r\u1eddi kh\u1ecfi \u0111\u1ea5t n\u01b0\u1edbc c\u1ee7a m\u00ecnh, \u0111\u1ed9i ng\u0169 tr\u1ee3 gi\u00fap \u0111\u1eb7c bi\u1ec7t c\u1ee7a ch\u00fang t\u00f4i s\u1ebd l\u00e0m vi\u1ec7c ch\u1eb7t ch\u1ebd v\u1edbi b\u1ea1n \u0111\u1ec3 chu\u1ea9n b\u1ecb cho m\u1ed9t k\u1ef3 ngh\u1ec9 k\u00e9o d\u00e0i su\u00f4n s\u1ebb, [&hellip;]","og_url":"https:\/\/mdvisitclinic.com\/vi\/how-surgery-treatment-works-in-the-usa\/arrival-in-the-united-states-onward-to-your-treatment\/","og_site_name":"MDVISIT CLINIC","article_modified_time":"2024-12-23T09:42:59+00:00","og_image":[{"url":"https:\/\/mdvisitclinic.com\/wp-content\/uploads\/2024\/11\/arrival.jpg","type":"","width":"","height":""}],"twitter_card":"summary_large_image","twitter_misc":{"Est. reading time":"2 minutes"},"schema":{"@context":"https:\/\/schema.org","@graph":[{"@type":"WebPage","@id":"https:\/\/mdvisitclinic.com\/vi\/how-surgery-treatment-works-in-the-usa\/arrival-in-the-united-states-onward-to-your-treatment\/","url":"https:\/\/mdvisitclinic.com\/vi\/how-surgery-treatment-works-in-the-usa\/arrival-in-the-united-states-onward-to-your-treatment\/","name":"\u0110\u1ebeN HOA K\u1ef2 &amp;; TR\u1ede \u0110I \u0110\u1ec2 \u0110I\u1ec0U TR\u1eca C\u1ee6A B\u1ea0N - MDVISIT CLINIC","isPartOf":{"@id":"https:\/\/mdvisitclinic.com\/vi\/#website"},"primaryImageOfPage":{"@id":"https:\/\/mdvisitclinic.com\/vi\/how-surgery-treatment-works-in-the-usa\/arrival-in-the-united-states-onward-to-your-treatment\/#primaryimage"},"image":{"@id":"https:\/\/mdvisitclinic.com\/vi\/how-surgery-treatment-works-in-the-usa\/arrival-in-the-united-states-onward-to-your-treatment\/#primaryimage"},"thumbnailUrl":"https:\/\/mdvisitclinic.com\/wp-content\/uploads\/2024\/11\/arrival.jpg","datePublished":"2024-11-08T08:33:31+00:00","dateModified":"2024-12-23T09:42:59+00:00","breadcrumb":{"@id":"https:\/\/mdvisitclinic.com\/vi\/how-surgery-treatment-works-in-the-usa\/arrival-in-the-united-states-onward-to-your-treatment\/#breadcrumb"},"inLanguage":"vi-VN","potentialAction":[{"@type":"ReadAction","target":["https:\/\/mdvisitclinic.com\/vi\/how-surgery-treatment-works-in-the-usa\/arrival-in-the-united-states-onward-to-your-treatment\/"]}]},{"@type":"ImageObject","inLanguage":"vi-VN","@id":"https:\/\/mdvisitclinic.com\/vi\/how-surgery-treatment-works-in-the-usa\/arrival-in-the-united-states-onward-to-your-treatment\/#primaryimage","url":"https:\/\/mdvisitclinic.com\/wp-content\/uploads\/2024\/11\/arrival.jpg","contentUrl":"https:\/\/mdvisitclinic.com\/wp-content\/uploads\/2024\/11\/arrival.jpg"},{"@type":"BreadcrumbList","@id":"https:\/\/mdvisitclinic.com\/vi\/how-surgery-treatment-works-in-the-usa\/arrival-in-the-united-states-onward-to-your-treatment\/#breadcrumb","itemListElement":[{"@type":"ListItem","position":1,"name":"Home","item":"https:\/\/mdvisitclinic.com\/vi\/"},{"@type":"ListItem","position":2,"name":"Ph\u1eabu thu\u1eadt v\u00e0 \u0110i\u1ec1u tr\u1ecb di\u1ec5n ra nh\u01b0 th\u1ebf n\u00e0o \u1edf Hoa K\u1ef3","item":"https:\/\/mdvisitclinic.com\/vi\/how-surgery-treatment-works-in-the-usa\/"},{"@type":"ListItem","position":3,"name":"\u0110\u1ebeN HOA K\u1ef2 &amp;; TR\u1ede \u0110I \u0110\u1ec2 \u0110I\u1ec0U TR\u1eca C\u1ee6A B\u1ea0N"}]},{"@type":"WebSite","@id":"https:\/\/mdvisitclinic.com\/vi\/#website","url":"https:\/\/mdvisitclinic.com\/vi\/","name":"MDVISIT CLINIC","description":"","publisher":{"@id":"https:\/\/mdvisitclinic.com\/vi\/#organization"},"potentialAction":[{"@type":"SearchAction","target":{"@type":"EntryPoint","urlTemplate":"https:\/\/mdvisitclinic.com\/vi\/?s={search_term_string}"},"query-input":{"@type":"PropertyValueSpecification","valueRequired":true,"valueName":"search_term_string"}}],"inLanguage":"vi-VN"},{"@type":"Organization","@id":"https:\/\/mdvisitclinic.com\/vi\/#organization","name":"MDVISIT CLINIC","url":"https:\/\/mdvisitclinic.com\/vi\/","logo":{"@type":"ImageObject","inLanguage":"vi-VN","@id":"https:\/\/mdvisitclinic.com\/vi\/#\/schema\/logo\/image\/","url":"https:\/\/mdvisitclinic.com\/wp-content\/uploads\/2024\/03\/logo.png","contentUrl":"https:\/\/mdvisitclinic.com\/wp-content\/uploads\/2024\/03\/logo.png","width":768,"height":118,"caption":"MDVISIT CLINIC"},"image":{"@id":"https:\/\/mdvisitclinic.com\/vi\/#\/schema\/logo\/image\/"}}]}},"_links":{"self":[{"href":"https:\/\/mdvisitclinic.com\/vi\/wp-json\/wp\/v2\/pages\/21018","targetHints":{"allow":["GET"]}}],"collection":[{"href":"https:\/\/mdvisitclinic.com\/vi\/wp-json\/wp\/v2\/pages"}],"about":[{"href":"https:\/\/mdvisitclinic.com\/vi\/wp-json\/wp\/v2\/types\/page"}],"author":[{"embeddable":true,"href":"https:\/\/mdvisitclinic.com\/vi\/wp-json\/wp\/v2\/users\/9"}],"replies":[{"embeddable":true,"href":"https:\/\/mdvisitclinic.com\/vi\/wp-json\/wp\/v2\/comments?post=21018"}],"version-history":[{"count":2,"href":"https:\/\/mdvisitclinic.com\/vi\/wp-json\/wp\/v2\/pages\/21018\/revisions"}],"predecessor-version":[{"id":22772,"href":"https:\/\/mdvisitclinic.com\/vi\/wp-json\/wp\/v2\/pages\/21018\/revisions\/22772"}],"up":[{"embeddable":true,"href":"https:\/\/mdvisitclinic.com\/vi\/wp-json\/wp\/v2\/pages\/21021"}],"wp:attachment":[{"href":"https:\/\/mdvisitclinic.com\/vi\/wp-json\/wp\/v2\/media?parent=21018"}],"curies":[{"name":"wp","href":"https:\/\/api.w.org\/{rel}","templated":true}]}}