{"id":21040,"date":"2024-03-28T22:39:00","date_gmt":"2024-03-28T22:39:00","guid":{"rendered":"https:\/\/f55.01f.myftpupload.com\/articles\/"},"modified":"2024-11-24T22:51:12","modified_gmt":"2024-11-24T22:51:12","slug":"articles","status":"publish","type":"page","link":"https:\/\/mdvisitclinic.com\/vi\/articles\/","title":{"rendered":"B\u00e0i vi\u1ebft"},"content":{"rendered":"\t\t<div data-elementor-type=\"wp-page\" data-elementor-id=\"21040\" class=\"elementor elementor-21040 elementor-1472\" data-elementor-post-type=\"page\">\n\t\t\t\t\t\t<section class=\"elementor-section elementor-top-section elementor-element elementor-element-f254c3f elementor-section-boxed elementor-section-height-default elementor-section-height-default\" data-id=\"f254c3f\" data-element_type=\"section\" data-e-type=\"section\" data-settings=\"{&quot;background_background&quot;:&quot;classic&quot;,&quot;jet_parallax_layout_list&quot;:[]}\">\n\t\t\t\t\t\t<div class=\"elementor-container elementor-column-gap-default\">\n\t\t\t\t\t<div class=\"elementor-column elementor-col-100 elementor-top-column elementor-element elementor-element-cabaa03\" data-id=\"cabaa03\" data-element_type=\"column\" data-e-type=\"column\">\n\t\t\t<div class=\"elementor-widget-wrap elementor-element-populated\">\n\t\t\t\t\t\t<div class=\"elementor-element elementor-element-eb7c920 elementor-widget elementor-widget-heading\" data-id=\"eb7c920\" data-element_type=\"widget\" data-e-type=\"widget\" data-widget_type=\"heading.default\">\n\t\t\t\t<div class=\"elementor-widget-container\">\n\t\t\t\t\t<h2 class=\"elementor-heading-title elementor-size-default\">C\u00e1c b\u00e0i b\u00e1o \u0111\u01b0\u1ee3c \u0111\u00e1nh gi\u00e1 ngang h\u00e0ng &amp;; \u0111\u00e3 xu\u1ea5t b\u1ea3n<\/h2>\t\t\t\t<\/div>\n\t\t\t\t<\/div>\n\t\t\t\t\t<\/div>\n\t\t<\/div>\n\t\t\t\t\t<\/div>\n\t\t<\/section>\n\t\t<div class=\"elementor-element elementor-element-2a03352 e-flex e-con-boxed e-con e-parent\" data-id=\"2a03352\" data-element_type=\"container\" data-e-type=\"container\" data-settings=\"{&quot;jet_parallax_layout_list&quot;:[]}\">\n\t\t\t\t\t<div class=\"e-con-inner\">\n\t\t<div class=\"elementor-element elementor-element-1a5907c e-con-full e-flex e-con e-child\" data-id=\"1a5907c\" data-element_type=\"container\" data-e-type=\"container\" data-settings=\"{&quot;jet_parallax_layout_list&quot;:[]}\">\n\t\t\t\t<div class=\"elementor-element elementor-element-b406057 elementor-widget elementor-widget-heading\" data-id=\"b406057\" data-element_type=\"widget\" data-e-type=\"widget\" data-widget_type=\"heading.default\">\n\t\t\t\t<div class=\"elementor-widget-container\">\n\t\t\t\t\t<h5 class=\"elementor-heading-title elementor-size-default\">CH\u1ec8NH H\u00ccNH \u2013 \u00dd KI\u1ebeN TH\u1ee8 2 V\u00c0 TH\u00d4NG TIN PH\u1eaaU THU\u1eacT<\/h5>\t\t\t\t<\/div>\n\t\t\t\t<\/div>\n\t\t\t\t<div class=\"elementor-element elementor-element-5bb8cfb elementor-widget elementor-widget-text-editor\" data-id=\"5bb8cfb\" data-element_type=\"widget\" data-e-type=\"widget\" data-widget_type=\"text-editor.default\">\n\t\t\t\t<div class=\"elementor-widget-container\">\n\t\t\t\t\t\t\t\t\t<ul class=\"articles_list_sec\">\n \t<li><a href=\"https:\/\/mdvisitclinic.com\/effects-of-a-medical-second-opinion-program-on-patients-decision-for-or-against-knee-arthroplasty\/\">\u1ea2nh h\u01b0\u1edfng c\u1ee7a ch\u01b0\u01a1ng tr\u00ecnh \u00fd ki\u1ebfn th\u1ee9 hai v\u1ec1 y t\u1ebf \u0111\u1ed1i v\u1edbi quy\u1ebft \u0111\u1ecbnh c\u1ee7a b\u1ec7nh nh\u00e2n \u0111\u1ed1i v\u1edbi ho\u1eb7c ch\u1ed1ng l\u1ea1i ph\u1eabu thu\u1eadt kh\u1edbp g\u1ed1i.<\/a><\/li>\n \t<li><a href=\"https:\/\/mdvisitclinic.com\/orthopedic-surgeons-among-the-top-5-in-the-usa\/\">B\u00e1c s\u0129 ph\u1eabu thu\u1eadt ch\u1ec9nh h\u00ecnh &#8211; Trong s\u1ed1 5% h\u00e0ng \u0111\u1ea7u \u1edf Hoa K\u1ef3<\/a><\/li>\n \t<li><a href=\"https:\/\/mdvisitclinic.com\/knee-replacement-cost-in-the-usa\/\">Chi ph\u00ed thay kh\u1edbp g\u1ed1i \u1edf M\u1ef9<\/a><\/li>\n<\/ul>\t\t\t\t\t\t\t\t<\/div>\n\t\t\t\t<\/div>\n\t\t\t\t<div class=\"elementor-element elementor-element-d6f99ae elementor-widget elementor-widget-heading\" data-id=\"d6f99ae\" data-element_type=\"widget\" data-e-type=\"widget\" data-widget_type=\"heading.default\">\n\t\t\t\t<div class=\"elementor-widget-container\">\n\t\t\t\t\t<h5 class=\"elementor-heading-title elementor-size-default\">PH\u1eaaU THU\u1eacT TH\u1ea6N KINH - \u00dd KI\u1ebeN TH\u1ee8 2 V\u00c0 TH\u00d4NG TIN PH\u1eaaU THU\u1eacT<\/h5>\t\t\t\t<\/div>\n\t\t\t\t<\/div>\n\t\t\t\t<div class=\"elementor-element elementor-element-6dd4643 elementor-widget elementor-widget-text-editor\" data-id=\"6dd4643\" data-element_type=\"widget\" data-e-type=\"widget\" data-widget_type=\"text-editor.default\">\n\t\t\t\t<div class=\"elementor-widget-container\">\n\t\t\t\t\t\t\t\t\t<ul class=\"articles_list_sec\">\n \t<li><a href=\"https:\/\/mdvisitclinic.com\/are-recommended-spine-operations-either-unnecessary-or-too-complex-evidence-from-second-opinions\/\">C\u00e1c ho\u1ea1t \u0111\u1ed9ng c\u1ed9t s\u1ed1ng \u0111\u01b0\u1ee3c khuy\u1ebfn ngh\u1ecb l\u00e0 kh\u00f4ng c\u1ea7n thi\u1ebft ho\u1eb7c qu\u00e1 ph\u1ee9c t\u1ea1p? <\/a><\/li>\n<\/ul>\t\t\t\t\t\t\t\t<\/div>\n\t\t\t\t<\/div>\n\t\t\t\t<div class=\"elementor-element elementor-element-56705ec elementor-widget elementor-widget-heading\" data-id=\"56705ec\" data-element_type=\"widget\" data-e-type=\"widget\" data-widget_type=\"heading.default\">\n\t\t\t\t<div class=\"elementor-widget-container\">\n\t\t\t\t\t<h5 class=\"elementor-heading-title elementor-size-default\">UNG TH\u01af \/ UNG TH\u01af - \u00dd KI\u1ebeN TH\u1ee8 2 V\u00c0 TH\u00d4NG TIN PH\u1eaaU THU\u1eacT \/ \u0110I\u1ec0U TR\u1eca<\/h5>\t\t\t\t<\/div>\n\t\t\t\t<\/div>\n\t\t\t\t<div class=\"elementor-element elementor-element-7fdf4cd elementor-widget elementor-widget-text-editor\" data-id=\"7fdf4cd\" data-element_type=\"widget\" data-e-type=\"widget\" data-widget_type=\"text-editor.default\">\n\t\t\t\t<div class=\"elementor-widget-container\">\n\t\t\t\t\t\t\t\t\t<ul class=\"articles_list_sec\">\n \t<li><a href=\"https:\/\/mdvisitclinic.com\/clinical-value-of-second-opinions-in-oncology-a-retrospective-review-of-changes-in-diagnosis-and-treatment-recommendations\/\">Gi\u00e1 tr\u1ecb l\u00e2m s\u00e0ng c\u1ee7a \u00fd ki\u1ebfn th\u1ee9 hai trong ung th\u01b0: \u0110\u00e1nh gi\u00e1 h\u1ed3i c\u1ee9u v\u1ec1 nh\u1eefng thay \u0111\u1ed5i trong ch\u1ea9n \u0111o\u00e1n v\u00e0 khuy\u1ebfn ngh\u1ecb \u0111i\u1ec1u tr\u1ecb<\/a><\/li>\n<\/ul>\t\t\t\t\t\t\t\t<\/div>\n\t\t\t\t<\/div>\n\t\t\t\t<div class=\"elementor-element elementor-element-7d9cc7b elementor-widget elementor-widget-heading\" data-id=\"7d9cc7b\" data-element_type=\"widget\" data-e-type=\"widget\" data-widget_type=\"heading.default\">\n\t\t\t\t<div class=\"elementor-widget-container\">\n\t\t\t\t\t<h5 class=\"elementor-heading-title elementor-size-default\">TIM M\u1ea0CH \u2013 \u00dd KI\u1ebeN TH\u1ee8 2 V\u00c0 TH\u00d4NG TIN PH\u1eaaU THU\u1eacT<\/h5>\t\t\t\t<\/div>\n\t\t\t\t<\/div>\n\t\t\t\t<div class=\"elementor-element elementor-element-b1b4e95 elementor-widget elementor-widget-text-editor\" data-id=\"b1b4e95\" data-element_type=\"widget\" data-e-type=\"widget\" data-widget_type=\"text-editor.default\">\n\t\t\t\t<div class=\"elementor-widget-container\">\n\t\t\t\t\t\t\t\t\t<ul class=\"articles_list_sec\">\n \t<li><a href=\"https:\/\/mdvisitclinic.com\/outcomes-of-second-opinions-in-general-internal-medicine-including-cardiology\/\">K\u1ebft qu\u1ea3 c\u1ee7a \u00fd ki\u1ebfn th\u1ee9 hai trong n\u1ed9i khoa n\u00f3i chung (bao g\u1ed3m c\u1ea3 Tim m\u1ea1ch)<\/a><\/li>\n<\/ul>\t\t\t\t\t\t\t\t<\/div>\n\t\t\t\t<\/div>\n\t\t\t\t<div class=\"elementor-element elementor-element-d7ce4cd elementor-widget elementor-widget-heading\" data-id=\"d7ce4cd\" data-element_type=\"widget\" data-e-type=\"widget\" data-widget_type=\"heading.default\">\n\t\t\t\t<div class=\"elementor-widget-container\">\n\t\t\t\t\t<h5 class=\"elementor-heading-title elementor-size-default\">\u0110A CHUY\u00caN KHOA \u2013 \u00dd KI\u1ebeN TH\u1ee8 2 V\u00c0 TH\u00d4NG TIN PH\u1eaaU THU\u1eacT<\/h5>\t\t\t\t<\/div>\n\t\t\t\t<\/div>\n\t\t\t\t<div class=\"elementor-element elementor-element-e5bb7b8 elementor-widget elementor-widget-text-editor\" data-id=\"e5bb7b8\" data-element_type=\"widget\" data-e-type=\"widget\" data-widget_type=\"text-editor.default\">\n\t\t\t\t<div class=\"elementor-widget-container\">\n\t\t\t\t\t\t\t\t\t<ul class=\"articles_list_sec\">\n \t<li><a href=\"https:\/\/mdvisitclinic.com\/obtaining-a-second-opinion-is-a-neglected-source-of-healthcare-inequalities\/\">C\u00f3 \u0111\u01b0\u1ee3c \u00fd ki\u1ebfn th\u1ee9 hai l\u00e0 m\u1ed9t ngu\u1ed3n b\u1ea5t b\u00ecnh \u0111\u1eb3ng ch\u0103m s\u00f3c s\u1ee9c kh\u1ecfe b\u1ecb b\u1ecf qu\u00ean.<\/a><\/li>\n<\/ul>\t\t\t\t\t\t\t\t<\/div>\n\t\t\t\t<\/div>\n\t\t\t\t<div class=\"elementor-element elementor-element-665de08 elementor-widget elementor-widget-heading\" data-id=\"665de08\" data-element_type=\"widget\" data-e-type=\"widget\" data-widget_type=\"heading.default\">\n\t\t\t\t<div class=\"elementor-widget-container\">\n\t\t\t\t\t<h5 class=\"elementor-heading-title elementor-size-default\">LI\u1ec6U PH\u00c1P OXY CAO \u00c1P<\/h5>\t\t\t\t<\/div>\n\t\t\t\t<\/div>\n\t\t\t\t<div class=\"elementor-element elementor-element-e9c703b elementor-widget elementor-widget-text-editor\" data-id=\"e9c703b\" data-element_type=\"widget\" data-e-type=\"widget\" data-widget_type=\"text-editor.default\">\n\t\t\t\t<div class=\"elementor-widget-container\">\n\t\t\t\t\t\t\t\t\t<ul class=\"articles_list_sec\">\n \t<li><a href=\"https:\/\/mdvisitclinic.com\/does-hyperbaric-oxygen-therapy-enhance-oxygen-delivery\/\">Li\u1ec7u ph\u00e1p oxy cao \u00e1p c\u00f3 t\u0103ng c\u01b0\u1eddng cung c\u1ea5p oxy kh\u00f4ng?<\/a><\/li>\n \t<li><a href=\"https:\/\/mdvisitclinic.com\/does-hyperbaric-oxygen-therapy-reduce-edema-inflammation\/\">Li\u1ec7u ph\u00e1p oxy cao \u00e1p c\u00f3 l\u00e0m gi\u1ea3m ph\u00f9 n\u1ec1 (vi\u00eam) kh\u00f4ng?<\/a><\/li>\n \t<li><a href=\"https:\/\/mdvisitclinic.com\/does-hyperbaric-oxygen-therapy-improve-wound-healing\/\">Li\u1ec7u ph\u00e1p oxy cao \u00e1p c\u00f3 c\u1ea3i thi\u1ec7n vi\u1ec7c ch\u1eefa l\u00e0nh v\u1ebft th\u01b0\u01a1ng kh\u00f4ng?<\/a><\/li>\n \t<li><a href=\"https:\/\/mdvisitclinic.com\/is-hyperbaric-oxygen-therapy-effective-at-controlling-infections\/\">Li\u1ec7u ph\u00e1p oxy cao \u00e1p c\u00f3 hi\u1ec7u qu\u1ea3 trong vi\u1ec7c ki\u1ec3m so\u00e1t nhi\u1ec5m tr\u00f9ng kh\u00f4ng?<\/a><\/li>\n \t<li><a href=\"https:\/\/mdvisitclinic.com\/is-hyperbaric-oxygen-therapy-effective-for-managing-and-reducing-inflammation\/\">Li\u1ec7u ph\u00e1p oxy cao \u00e1p c\u00f3 hi\u1ec7u qu\u1ea3 trong vi\u1ec7c qu\u1ea3n l\u00fd v\u00e0 gi\u1ea3m vi\u00eam kh\u00f4ng?<\/a><\/li>\n \t<li><a href=\"https:\/\/mdvisitclinic.com\/is-hyperbaric-oxygen-therapy-effective-for-angiogenesis-and-collagen-synthesis\/\">Li\u1ec7u ph\u00e1p oxy cao \u00e1p c\u00f3 hi\u1ec7u qu\u1ea3 trong qu\u00e1 tr\u00ecnh t\u1ea1o m\u1ea1ch v\u00e0 t\u1ed5ng h\u1ee3p collagen kh\u00f4ng?<\/a><\/li>\n \t<li><a href=\"https:\/\/mdvisitclinic.com\/is-hyperbaric-oxygen-therapy-effective-for-recovery-from-orthopedic-surgery\/\">Li\u1ec7u ph\u00e1p oxy cao \u00e1p c\u00f3 hi\u1ec7u qu\u1ea3 \u0111\u1ec3 ph\u1ee5c h\u1ed3i sau ph\u1eabu thu\u1eadt ch\u1ec9nh h\u00ecnh kh\u00f4ng?<\/a><\/li>\n \t<li><a href=\"https:\/\/mdvisitclinic.com\/is-hyperbaric-oxygen-therapy-effectiveat-improving-the-success-of-cancer-treatment\/\">Li\u1ec7u ph\u00e1p oxy cao \u00e1p c\u00f3 hi\u1ec7u qu\u1ea3 trong vi\u1ec7c c\u1ea3i thi\u1ec7n s\u1ef1 th\u00e0nh c\u00f4ng c\u1ee7a \u0111i\u1ec1u tr\u1ecb ung th\u01b0 kh\u00f4ng?<\/a><\/li>\n \t<li><a href=\"https:\/\/mdvisitclinic.com\/is-hyperbaric-oxygen-therapy-effective-at-improving-recovery-from-heart-and-cardiology-surgeries\/\">Li\u1ec7u ph\u00e1p oxy cao \u00e1p c\u00f3 hi\u1ec7u qu\u1ea3 trong vi\u1ec7c c\u1ea3i thi\u1ec7n s\u1ef1 ph\u1ee5c h\u1ed3i sau ph\u1eabu thu\u1eadt tim v\u00e0 tim m\u1ea1ch kh\u00f4ng?<\/a><\/li>\n<\/ul>\t\t\t\t\t\t\t\t<\/div>\n\t\t\t\t<\/div>\n\t\t\t\t<div class=\"elementor-element elementor-element-e7a28c5 elementor-widget elementor-widget-heading\" data-id=\"e7a28c5\" data-element_type=\"widget\" data-e-type=\"widget\" data-widget_type=\"heading.default\">\n\t\t\t\t<div class=\"elementor-widget-container\">\n\t\t\t\t\t<h5 class=\"elementor-heading-title elementor-size-default\">L\u1ef0A CH\u1eccN DU L\u1ecaCH \u1ede ARKANSAS V\u00c0 TENNESSEE<\/h5>\t\t\t\t<\/div>\n\t\t\t\t<\/div>\n\t\t\t\t<div class=\"elementor-element elementor-element-2492b06 elementor-widget elementor-widget-text-editor\" data-id=\"2492b06\" data-element_type=\"widget\" data-e-type=\"widget\" data-widget_type=\"text-editor.default\">\n\t\t\t\t<div class=\"elementor-widget-container\">\n\t\t\t\t\t\t\t\t\t<ul class=\"articles_list_sec\">\n \t<li><a href=\"https:\/\/mdvisitclinic.com\/arkansas-culture-6-qualities-that-define-southern-hospitality\/\">V\u0103n h\u00f3a Arkansas &#8211; 6 ph\u1ea9m ch\u1ea5t x\u00e1c \u0111\u1ecbnh l\u00f2ng hi\u1ebfu kh\u00e1ch c\u1ee7a mi\u1ec1n Nam  \n<\/a><\/li>\n<\/ul>\t\t\t\t\t\t\t\t<\/div>\n\t\t\t\t<\/div>\n\t\t\t\t<div class=\"elementor-element elementor-element-8773e26 elementor-widget elementor-widget-heading\" data-id=\"8773e26\" data-element_type=\"widget\" data-e-type=\"widget\" data-widget_type=\"heading.default\">\n\t\t\t\t<div class=\"elementor-widget-container\">\n\t\t\t\t\t<h5 class=\"elementor-heading-title elementor-size-default\">H\u00c0NH TR\u00ccNH TR\u1ee2 GI\u00daP Y T\u1ebe SANG TR\u1eccNG CHO PH\u1ee4C H\u1ed2I T\u1ea0I HOA K\u1ef2\n<\/h5>\t\t\t\t<\/div>\n\t\t\t\t<\/div>\n\t\t\t\t<div class=\"elementor-element elementor-element-cf48d7f elementor-widget elementor-widget-text-editor\" data-id=\"cf48d7f\" data-element_type=\"widget\" data-e-type=\"widget\" data-widget_type=\"text-editor.default\">\n\t\t\t\t<div class=\"elementor-widget-container\">\n\t\t\t\t\t\t\t\t\t<ul class=\"articles_list_sec\">\n <li><a href=\"https:\/\/mdvisitclinic.com\/vi\/knee-replacement-luxury-medical-concierge-itinerary\/\">H\u00e0nh tr\u00ecnh 60 ng\u00e0y \u0111\u1ec3 ph\u1ee5c h\u1ed3i thay th\u1ebf \u0111\u1ea7u g\u1ed1i \u1edf Hoa K\u1ef3<\/a><\/li>\n<\/ul>\t\t\t\t\t\t\t\t<\/div>\n\t\t\t\t<\/div>\n\t\t\t\t<\/div>\n\t\t<div class=\"elementor-element elementor-element-fa5b0a1 e-con-full e-flex e-con e-child\" data-id=\"fa5b0a1\" data-element_type=\"container\" data-e-type=\"container\" data-settings=\"{&quot;jet_parallax_layout_list&quot;:[]}\">\n\t\t\t\t<div class=\"elementor-element elementor-element-6c8326a elementor-widget elementor-widget-image\" data-id=\"6c8326a\" data-element_type=\"widget\" data-e-type=\"widget\" data-widget_type=\"image.default\">\n\t\t\t\t<div class=\"elementor-widget-container\">\n\t\t\t\t\t\t\t\t\t\t\t\t\t\t\t<img fetchpriority=\"high\" decoding=\"async\" width=\"1000\" height=\"665\" src=\"https:\/\/mdvisitclinic.com\/wp-content\/uploads\/2024\/05\/articles-img.jpg\" class=\"attachment-full size-full wp-image-2467\" alt=\"\" srcset=\"https:\/\/mdvisitclinic.com\/wp-content\/uploads\/2024\/05\/articles-img.jpg 1000w, https:\/\/mdvisitclinic.com\/wp-content\/uploads\/2024\/05\/articles-img-300x200.jpg 300w, https:\/\/mdvisitclinic.com\/wp-content\/uploads\/2024\/05\/articles-img-768x511.jpg 768w\" sizes=\"(max-width: 1000px) 100vw, 1000px\" \/>\t\t\t\t\t\t\t\t\t\t\t\t\t\t\t<\/div>\n\t\t\t\t<\/div>\n\t\t\t\t<\/div>\n\t\t\t\t\t<\/div>\n\t\t\t\t<\/div>\n\t\t\t\t<\/div>\n\t\t","protected":false},"excerpt":{"rendered":"<p>C\u00e1c b\u00e0i b\u00e1o \u0111\u01b0\u1ee3c \u0111\u00e1nh gi\u00e1 ngang h\u00e0ng &amp;; \u0111\u00e3 xu\u1ea5t b\u1ea3n CH\u1ec8NH H\u00ccNH \u2013 \u00dd KI\u1ebeN TH\u1ee8 2 V\u00c0 TH\u00d4NG TIN PH\u1eaaU THU\u1eacT \u1ea2nh h\u01b0\u1edfng c\u1ee7a ch\u01b0\u01a1ng tr\u00ecnh \u00fd ki\u1ebfn th\u1ee9 hai v\u1ec1 y t\u1ebf \u0111\u1ed1i v\u1edbi quy\u1ebft \u0111\u1ecbnh c\u1ee7a b\u1ec7nh nh\u00e2n \u0111\u1ed1i v\u1edbi ho\u1eb7c ch\u1ed1ng l\u1ea1i ph\u1eabu thu\u1eadt kh\u1edbp g\u1ed1i. B\u00e1c s\u0129 ph\u1eabu [&hellip;]<\/p>\n","protected":false},"author":5,"featured_media":0,"parent":0,"menu_order":0,"comment_status":"closed","ping_status":"closed","template":"elementor_header_footer","meta":{"_acf_changed":false,"_coblocks_attr":"","_coblocks_dimensions":"","_coblocks_responsive_height":"","_coblocks_accordion_ie_support":"","hide_page_title":"","footnotes":""},"class_list":["post-21040","page","type-page","status-publish","hentry"],"acf":[],"yoast_head":"<!-- This site is optimized with the Yoast SEO plugin v27.6 - https:\/\/yoast.com\/product\/yoast-seo-wordpress\/ -->\n<title>B\u00e0i vi\u1ebft - MDVISIT CLINIC<\/title>\n<meta name=\"robots\" content=\"noindex, follow, max-snippet:-1, max-image-preview:large, max-video-preview:-1\" \/>\n<meta property=\"og:locale\" content=\"vi_VN\" \/>\n<meta property=\"og:type\" content=\"article\" \/>\n<meta property=\"og:title\" content=\"B\u00e0i vi\u1ebft - MDVISIT CLINIC\" \/>\n<meta property=\"og:description\" content=\"C\u00e1c b\u00e0i b\u00e1o \u0111\u01b0\u1ee3c \u0111\u00e1nh gi\u00e1 ngang h\u00e0ng &amp;; \u0111\u00e3 xu\u1ea5t b\u1ea3n CH\u1ec8NH H\u00ccNH \u2013 \u00dd KI\u1ebeN TH\u1ee8 2 V\u00c0 TH\u00d4NG TIN PH\u1eaaU THU\u1eacT \u1ea2nh h\u01b0\u1edfng c\u1ee7a ch\u01b0\u01a1ng tr\u00ecnh \u00fd ki\u1ebfn th\u1ee9 hai v\u1ec1 y t\u1ebf \u0111\u1ed1i v\u1edbi quy\u1ebft \u0111\u1ecbnh c\u1ee7a b\u1ec7nh nh\u00e2n \u0111\u1ed1i v\u1edbi ho\u1eb7c ch\u1ed1ng l\u1ea1i ph\u1eabu thu\u1eadt kh\u1edbp g\u1ed1i. B\u00e1c s\u0129 ph\u1eabu [&hellip;]\" \/>\n<meta property=\"og:url\" content=\"https:\/\/mdvisitclinic.com\/vi\/articles\/\" \/>\n<meta property=\"og:site_name\" content=\"MDVISIT CLINIC\" \/>\n<meta property=\"article:modified_time\" content=\"2024-11-24T22:51:12+00:00\" \/>\n<meta property=\"og:image\" content=\"https:\/\/f55.01f.myftpupload.com\/wp-content\/uploads\/2024\/05\/articles-img.jpg\" \/>\n<meta name=\"twitter:card\" content=\"summary_large_image\" \/>\n<meta name=\"twitter:label1\" content=\"Est. reading time\" \/>\n\t<meta name=\"twitter:data1\" content=\"3 minutes\" \/>\n<script type=\"application\/ld+json\" class=\"yoast-schema-graph\">{\"@context\":\"https:\\\/\\\/schema.org\",\"@graph\":[{\"@type\":\"WebPage\",\"@id\":\"https:\\\/\\\/mdvisitclinic.com\\\/vi\\\/articles\\\/\",\"url\":\"https:\\\/\\\/mdvisitclinic.com\\\/vi\\\/articles\\\/\",\"name\":\"B\u00e0i vi\u1ebft - MDVISIT CLINIC\",\"isPartOf\":{\"@id\":\"https:\\\/\\\/mdvisitclinic.com\\\/vi\\\/#website\"},\"primaryImageOfPage\":{\"@id\":\"https:\\\/\\\/mdvisitclinic.com\\\/vi\\\/articles\\\/#primaryimage\"},\"image\":{\"@id\":\"https:\\\/\\\/mdvisitclinic.com\\\/vi\\\/articles\\\/#primaryimage\"},\"thumbnailUrl\":\"https:\\\/\\\/f55.01f.myftpupload.com\\\/wp-content\\\/uploads\\\/2024\\\/05\\\/articles-img.jpg\",\"datePublished\":\"2024-03-28T22:39:00+00:00\",\"dateModified\":\"2024-11-24T22:51:12+00:00\",\"breadcrumb\":{\"@id\":\"https:\\\/\\\/mdvisitclinic.com\\\/vi\\\/articles\\\/#breadcrumb\"},\"inLanguage\":\"vi-VN\",\"potentialAction\":[{\"@type\":\"ReadAction\",\"target\":[\"https:\\\/\\\/mdvisitclinic.com\\\/vi\\\/articles\\\/\"]}]},{\"@type\":\"ImageObject\",\"inLanguage\":\"vi-VN\",\"@id\":\"https:\\\/\\\/mdvisitclinic.com\\\/vi\\\/articles\\\/#primaryimage\",\"url\":\"https:\\\/\\\/f55.01f.myftpupload.com\\\/wp-content\\\/uploads\\\/2024\\\/05\\\/articles-img.jpg\",\"contentUrl\":\"https:\\\/\\\/f55.01f.myftpupload.com\\\/wp-content\\\/uploads\\\/2024\\\/05\\\/articles-img.jpg\"},{\"@type\":\"BreadcrumbList\",\"@id\":\"https:\\\/\\\/mdvisitclinic.com\\\/vi\\\/articles\\\/#breadcrumb\",\"itemListElement\":[{\"@type\":\"ListItem\",\"position\":1,\"name\":\"Home\",\"item\":\"https:\\\/\\\/mdvisitclinic.com\\\/vi\\\/\"},{\"@type\":\"ListItem\",\"position\":2,\"name\":\"B\u00e0i vi\u1ebft\"}]},{\"@type\":\"WebSite\",\"@id\":\"https:\\\/\\\/mdvisitclinic.com\\\/vi\\\/#website\",\"url\":\"https:\\\/\\\/mdvisitclinic.com\\\/vi\\\/\",\"name\":\"MDVISIT CLINIC\",\"description\":\"\",\"publisher\":{\"@id\":\"https:\\\/\\\/mdvisitclinic.com\\\/vi\\\/#organization\"},\"potentialAction\":[{\"@type\":\"SearchAction\",\"target\":{\"@type\":\"EntryPoint\",\"urlTemplate\":\"https:\\\/\\\/mdvisitclinic.com\\\/vi\\\/?s={search_term_string}\"},\"query-input\":{\"@type\":\"PropertyValueSpecification\",\"valueRequired\":true,\"valueName\":\"search_term_string\"}}],\"inLanguage\":\"vi-VN\"},{\"@type\":\"Organization\",\"@id\":\"https:\\\/\\\/mdvisitclinic.com\\\/vi\\\/#organization\",\"name\":\"MDVISIT CLINIC\",\"url\":\"https:\\\/\\\/mdvisitclinic.com\\\/vi\\\/\",\"logo\":{\"@type\":\"ImageObject\",\"inLanguage\":\"vi-VN\",\"@id\":\"https:\\\/\\\/mdvisitclinic.com\\\/vi\\\/#\\\/schema\\\/logo\\\/image\\\/\",\"url\":\"https:\\\/\\\/mdvisitclinic.com\\\/wp-content\\\/uploads\\\/2024\\\/03\\\/logo.png\",\"contentUrl\":\"https:\\\/\\\/mdvisitclinic.com\\\/wp-content\\\/uploads\\\/2024\\\/03\\\/logo.png\",\"width\":768,\"height\":118,\"caption\":\"MDVISIT CLINIC\"},\"image\":{\"@id\":\"https:\\\/\\\/mdvisitclinic.com\\\/vi\\\/#\\\/schema\\\/logo\\\/image\\\/\"}}]}<\/script>\n<!-- \/ Yoast SEO plugin. -->","yoast_head_json":{"title":"B\u00e0i vi\u1ebft - MDVISIT CLINIC","robots":{"index":"noindex","follow":"follow","max-snippet":"max-snippet:-1","max-image-preview":"max-image-preview:large","max-video-preview":"max-video-preview:-1"},"og_locale":"vi_VN","og_type":"article","og_title":"B\u00e0i vi\u1ebft - MDVISIT CLINIC","og_description":"C\u00e1c b\u00e0i b\u00e1o \u0111\u01b0\u1ee3c \u0111\u00e1nh gi\u00e1 ngang h\u00e0ng &amp;; \u0111\u00e3 xu\u1ea5t b\u1ea3n CH\u1ec8NH H\u00ccNH \u2013 \u00dd KI\u1ebeN TH\u1ee8 2 V\u00c0 TH\u00d4NG TIN PH\u1eaaU THU\u1eacT \u1ea2nh h\u01b0\u1edfng c\u1ee7a ch\u01b0\u01a1ng tr\u00ecnh \u00fd ki\u1ebfn th\u1ee9 hai v\u1ec1 y t\u1ebf \u0111\u1ed1i v\u1edbi quy\u1ebft \u0111\u1ecbnh c\u1ee7a b\u1ec7nh nh\u00e2n \u0111\u1ed1i v\u1edbi ho\u1eb7c ch\u1ed1ng l\u1ea1i ph\u1eabu thu\u1eadt kh\u1edbp g\u1ed1i. B\u00e1c s\u0129 ph\u1eabu [&hellip;]","og_url":"https:\/\/mdvisitclinic.com\/vi\/articles\/","og_site_name":"MDVISIT CLINIC","article_modified_time":"2024-11-24T22:51:12+00:00","og_image":[{"url":"https:\/\/f55.01f.myftpupload.com\/wp-content\/uploads\/2024\/05\/articles-img.jpg","type":"","width":"","height":""}],"twitter_card":"summary_large_image","twitter_misc":{"Est. reading time":"3 minutes"},"schema":{"@context":"https:\/\/schema.org","@graph":[{"@type":"WebPage","@id":"https:\/\/mdvisitclinic.com\/vi\/articles\/","url":"https:\/\/mdvisitclinic.com\/vi\/articles\/","name":"B\u00e0i vi\u1ebft - MDVISIT CLINIC","isPartOf":{"@id":"https:\/\/mdvisitclinic.com\/vi\/#website"},"primaryImageOfPage":{"@id":"https:\/\/mdvisitclinic.com\/vi\/articles\/#primaryimage"},"image":{"@id":"https:\/\/mdvisitclinic.com\/vi\/articles\/#primaryimage"},"thumbnailUrl":"https:\/\/f55.01f.myftpupload.com\/wp-content\/uploads\/2024\/05\/articles-img.jpg","datePublished":"2024-03-28T22:39:00+00:00","dateModified":"2024-11-24T22:51:12+00:00","breadcrumb":{"@id":"https:\/\/mdvisitclinic.com\/vi\/articles\/#breadcrumb"},"inLanguage":"vi-VN","potentialAction":[{"@type":"ReadAction","target":["https:\/\/mdvisitclinic.com\/vi\/articles\/"]}]},{"@type":"ImageObject","inLanguage":"vi-VN","@id":"https:\/\/mdvisitclinic.com\/vi\/articles\/#primaryimage","url":"https:\/\/f55.01f.myftpupload.com\/wp-content\/uploads\/2024\/05\/articles-img.jpg","contentUrl":"https:\/\/f55.01f.myftpupload.com\/wp-content\/uploads\/2024\/05\/articles-img.jpg"},{"@type":"BreadcrumbList","@id":"https:\/\/mdvisitclinic.com\/vi\/articles\/#breadcrumb","itemListElement":[{"@type":"ListItem","position":1,"name":"Home","item":"https:\/\/mdvisitclinic.com\/vi\/"},{"@type":"ListItem","position":2,"name":"B\u00e0i vi\u1ebft"}]},{"@type":"WebSite","@id":"https:\/\/mdvisitclinic.com\/vi\/#website","url":"https:\/\/mdvisitclinic.com\/vi\/","name":"MDVISIT CLINIC","description":"","publisher":{"@id":"https:\/\/mdvisitclinic.com\/vi\/#organization"},"potentialAction":[{"@type":"SearchAction","target":{"@type":"EntryPoint","urlTemplate":"https:\/\/mdvisitclinic.com\/vi\/?s={search_term_string}"},"query-input":{"@type":"PropertyValueSpecification","valueRequired":true,"valueName":"search_term_string"}}],"inLanguage":"vi-VN"},{"@type":"Organization","@id":"https:\/\/mdvisitclinic.com\/vi\/#organization","name":"MDVISIT CLINIC","url":"https:\/\/mdvisitclinic.com\/vi\/","logo":{"@type":"ImageObject","inLanguage":"vi-VN","@id":"https:\/\/mdvisitclinic.com\/vi\/#\/schema\/logo\/image\/","url":"https:\/\/mdvisitclinic.com\/wp-content\/uploads\/2024\/03\/logo.png","contentUrl":"https:\/\/mdvisitclinic.com\/wp-content\/uploads\/2024\/03\/logo.png","width":768,"height":118,"caption":"MDVISIT CLINIC"},"image":{"@id":"https:\/\/mdvisitclinic.com\/vi\/#\/schema\/logo\/image\/"}}]}},"_links":{"self":[{"href":"https:\/\/mdvisitclinic.com\/vi\/wp-json\/wp\/v2\/pages\/21040","targetHints":{"allow":["GET"]}}],"collection":[{"href":"https:\/\/mdvisitclinic.com\/vi\/wp-json\/wp\/v2\/pages"}],"about":[{"href":"https:\/\/mdvisitclinic.com\/vi\/wp-json\/wp\/v2\/types\/page"}],"author":[{"embeddable":true,"href":"https:\/\/mdvisitclinic.com\/vi\/wp-json\/wp\/v2\/users\/5"}],"replies":[{"embeddable":true,"href":"https:\/\/mdvisitclinic.com\/vi\/wp-json\/wp\/v2\/comments?post=21040"}],"version-history":[{"count":1,"href":"https:\/\/mdvisitclinic.com\/vi\/wp-json\/wp\/v2\/pages\/21040\/revisions"}],"predecessor-version":[{"id":21044,"href":"https:\/\/mdvisitclinic.com\/vi\/wp-json\/wp\/v2\/pages\/21040\/revisions\/21044"}],"wp:attachment":[{"href":"https:\/\/mdvisitclinic.com\/vi\/wp-json\/wp\/v2\/media?parent=21040"}],"curies":[{"name":"wp","href":"https:\/\/api.w.org\/{rel}","templated":true}]}}