{"id":21045,"date":"2024-04-03T12:04:50","date_gmt":"2024-04-03T12:04:50","guid":{"rendered":"https:\/\/f55.01f.myftpupload.com\/global-second-opinions\/"},"modified":"2024-12-23T09:45:22","modified_gmt":"2024-12-23T09:45:22","slug":"global-second-opinions","status":"publish","type":"page","link":"https:\/\/mdvisitclinic.com\/vi\/global-second-opinions\/","title":{"rendered":"B\u1eaft \u0111\u1ea7u qu\u00e1 tr\u00ecnh \u0111\u0103ng k\u00fd \u00fd ki\u1ebfn th\u1ee9 2 c\u1ee7a b\u1ea1n"},"content":{"rendered":"\t\t<div data-elementor-type=\"wp-page\" data-elementor-id=\"21045\" class=\"elementor elementor-21045 elementor-1483\" data-elementor-post-type=\"page\">\n\t\t\t\t<div class=\"elementor-element elementor-element-f6f2a37 e-flex e-con-boxed e-con e-parent\" data-id=\"f6f2a37\" data-element_type=\"container\" data-e-type=\"container\" data-settings=\"{&quot;jet_parallax_layout_list&quot;:[]}\">\n\t\t\t\t\t<div class=\"e-con-inner\">\n\t\t\t\t<div class=\"elementor-element elementor-element-978dfd5 elementor-widget elementor-widget-text-editor\" data-id=\"978dfd5\" data-element_type=\"widget\" data-e-type=\"widget\" data-widget_type=\"text-editor.default\">\n\t\t\t\t<div class=\"elementor-widget-container\">\n\t\t\t\t\t\t\t\t\t<\/p>\n\t\t\t\t\t\t\t\t<\/div>\n\t\t\t\t<\/div>\n\t\t\t\t\t<\/div>\n\t\t\t\t<\/div>\n\t\t<div class=\"elementor-element elementor-element-f0bc2d6 e-flex e-con-boxed e-con e-parent\" data-id=\"f0bc2d6\" data-element_type=\"container\" data-e-type=\"container\" data-settings=\"{&quot;jet_parallax_layout_list&quot;:[]}\">\n\t\t\t\t\t<div class=\"e-con-inner\">\n\t\t\t\t<div class=\"elementor-element elementor-element-95fee95 elementor-widget elementor-widget-shortcode\" data-id=\"95fee95\" data-element_type=\"widget\" data-e-type=\"widget\" data-widget_type=\"shortcode.default\">\n\t\t\t\t<div class=\"elementor-widget-container\">\n\t\t\t\t\t\t\t<div class=\"elementor-shortcode\"><iframe id=\"JotFormIFrame-240756545472058\" \n\ntitle=\"Start Your 2nd Opinion Sign Up Process\" \n\nonload=\"window.parent.scrollTo(0,0)\" \n\nallowtransparency=\"true\" \n\nallow=\"geolocation; microphone; camera; fullscreen\" \n\nsrc=\"https:\/\/jotform.com\/240756545472058?language=vi&locale=language\" \n\nframeborder=\"0\" \n\nstyle=\"min-width: 100%; max-width: 100%; height: 1220px; border: none;\" \n\nscrolling=\"no\">\n    <\/iframe>\n\n    <script src=\"https:\/\/cdn.jotfor.ms\/s\/umd\/latest\/for-form-embed-handler.js\"><\/script>\n    <script>window.jotformEmbedHandler(\"iframe[id='JotFormIFrame-240756545472058']\", \"https:\/\/form.jotform.com\/\")<\/script><\/div>\n\t\t\t\t\t\t<\/div>\n\t\t\t\t<\/div>\n\t\t\t\t\t<\/div>\n\t\t\t\t<\/div>\n\t\t\t\t<\/div>\n\t\t","protected":false},"excerpt":{"rendered":"","protected":false},"author":6,"featured_media":0,"parent":0,"menu_order":0,"comment_status":"closed","ping_status":"closed","template":"elementor_header_footer","meta":{"_acf_changed":false,"_coblocks_attr":"","_coblocks_dimensions":"","_coblocks_responsive_height":"","_coblocks_accordion_ie_support":"","hide_page_title":"","footnotes":""},"class_list":["post-21045","page","type-page","status-publish","hentry"],"acf":[],"yoast_head":"<!-- This site is optimized with the Yoast SEO plugin v27.3 - https:\/\/yoast.com\/product\/yoast-seo-wordpress\/ -->\n<title>B\u1eaft \u0111\u1ea7u qu\u00e1 tr\u00ecnh \u0111\u0103ng k\u00fd \u00fd ki\u1ebfn th\u1ee9 2 c\u1ee7a b\u1ea1n - MDVISIT CLINIC<\/title>\n<meta name=\"robots\" content=\"noindex, follow, max-snippet:-1, max-image-preview:large, max-video-preview:-1\" \/>\n<meta property=\"og:locale\" content=\"vi_VN\" \/>\n<meta property=\"og:type\" content=\"article\" \/>\n<meta property=\"og:title\" content=\"B\u1eaft \u0111\u1ea7u qu\u00e1 tr\u00ecnh \u0111\u0103ng k\u00fd \u00fd ki\u1ebfn th\u1ee9 2 c\u1ee7a b\u1ea1n - MDVISIT CLINIC\" \/>\n<meta property=\"og:url\" content=\"https:\/\/mdvisitclinic.com\/vi\/global-second-opinions\/\" \/>\n<meta property=\"og:site_name\" content=\"MDVISIT CLINIC\" \/>\n<meta property=\"article:modified_time\" content=\"2024-12-23T09:45:22+00:00\" \/>\n<meta name=\"twitter:card\" content=\"summary_large_image\" \/>\n<script type=\"application\/ld+json\" class=\"yoast-schema-graph\">{\"@context\":\"https:\\\/\\\/schema.org\",\"@graph\":[{\"@type\":\"WebPage\",\"@id\":\"https:\\\/\\\/mdvisitclinic.com\\\/vi\\\/global-second-opinions\\\/\",\"url\":\"https:\\\/\\\/mdvisitclinic.com\\\/vi\\\/global-second-opinions\\\/\",\"name\":\"B\u1eaft \u0111\u1ea7u qu\u00e1 tr\u00ecnh \u0111\u0103ng k\u00fd \u00fd ki\u1ebfn th\u1ee9 2 c\u1ee7a b\u1ea1n - MDVISIT CLINIC\",\"isPartOf\":{\"@id\":\"https:\\\/\\\/mdvisitclinic.com\\\/vi\\\/#website\"},\"datePublished\":\"2024-04-03T12:04:50+00:00\",\"dateModified\":\"2024-12-23T09:45:22+00:00\",\"breadcrumb\":{\"@id\":\"https:\\\/\\\/mdvisitclinic.com\\\/vi\\\/global-second-opinions\\\/#breadcrumb\"},\"inLanguage\":\"vi-VN\",\"potentialAction\":[{\"@type\":\"ReadAction\",\"target\":[\"https:\\\/\\\/mdvisitclinic.com\\\/vi\\\/global-second-opinions\\\/\"]}]},{\"@type\":\"BreadcrumbList\",\"@id\":\"https:\\\/\\\/mdvisitclinic.com\\\/vi\\\/global-second-opinions\\\/#breadcrumb\",\"itemListElement\":[{\"@type\":\"ListItem\",\"position\":1,\"name\":\"Home\",\"item\":\"https:\\\/\\\/mdvisitclinic.com\\\/vi\\\/\"},{\"@type\":\"ListItem\",\"position\":2,\"name\":\"B\u1eaft \u0111\u1ea7u qu\u00e1 tr\u00ecnh \u0111\u0103ng k\u00fd \u00fd ki\u1ebfn th\u1ee9 2 c\u1ee7a b\u1ea1n\"}]},{\"@type\":\"WebSite\",\"@id\":\"https:\\\/\\\/mdvisitclinic.com\\\/vi\\\/#website\",\"url\":\"https:\\\/\\\/mdvisitclinic.com\\\/vi\\\/\",\"name\":\"MDVISIT CLINIC\",\"description\":\"\",\"publisher\":{\"@id\":\"https:\\\/\\\/mdvisitclinic.com\\\/vi\\\/#organization\"},\"potentialAction\":[{\"@type\":\"SearchAction\",\"target\":{\"@type\":\"EntryPoint\",\"urlTemplate\":\"https:\\\/\\\/mdvisitclinic.com\\\/vi\\\/?s={search_term_string}\"},\"query-input\":{\"@type\":\"PropertyValueSpecification\",\"valueRequired\":true,\"valueName\":\"search_term_string\"}}],\"inLanguage\":\"vi-VN\"},{\"@type\":\"Organization\",\"@id\":\"https:\\\/\\\/mdvisitclinic.com\\\/vi\\\/#organization\",\"name\":\"MDVISIT CLINIC\",\"url\":\"https:\\\/\\\/mdvisitclinic.com\\\/vi\\\/\",\"logo\":{\"@type\":\"ImageObject\",\"inLanguage\":\"vi-VN\",\"@id\":\"https:\\\/\\\/mdvisitclinic.com\\\/vi\\\/#\\\/schema\\\/logo\\\/image\\\/\",\"url\":\"https:\\\/\\\/mdvisitclinic.com\\\/wp-content\\\/uploads\\\/2024\\\/03\\\/logo.png\",\"contentUrl\":\"https:\\\/\\\/mdvisitclinic.com\\\/wp-content\\\/uploads\\\/2024\\\/03\\\/logo.png\",\"width\":768,\"height\":118,\"caption\":\"MDVISIT CLINIC\"},\"image\":{\"@id\":\"https:\\\/\\\/mdvisitclinic.com\\\/vi\\\/#\\\/schema\\\/logo\\\/image\\\/\"}}]}<\/script>\n<!-- \/ Yoast SEO plugin. -->","yoast_head_json":{"title":"B\u1eaft \u0111\u1ea7u qu\u00e1 tr\u00ecnh \u0111\u0103ng k\u00fd \u00fd ki\u1ebfn th\u1ee9 2 c\u1ee7a b\u1ea1n - MDVISIT CLINIC","robots":{"index":"noindex","follow":"follow","max-snippet":"max-snippet:-1","max-image-preview":"max-image-preview:large","max-video-preview":"max-video-preview:-1"},"og_locale":"vi_VN","og_type":"article","og_title":"B\u1eaft \u0111\u1ea7u qu\u00e1 tr\u00ecnh \u0111\u0103ng k\u00fd \u00fd ki\u1ebfn th\u1ee9 2 c\u1ee7a b\u1ea1n - MDVISIT CLINIC","og_url":"https:\/\/mdvisitclinic.com\/vi\/global-second-opinions\/","og_site_name":"MDVISIT CLINIC","article_modified_time":"2024-12-23T09:45:22+00:00","twitter_card":"summary_large_image","schema":{"@context":"https:\/\/schema.org","@graph":[{"@type":"WebPage","@id":"https:\/\/mdvisitclinic.com\/vi\/global-second-opinions\/","url":"https:\/\/mdvisitclinic.com\/vi\/global-second-opinions\/","name":"B\u1eaft \u0111\u1ea7u qu\u00e1 tr\u00ecnh \u0111\u0103ng k\u00fd \u00fd ki\u1ebfn th\u1ee9 2 c\u1ee7a b\u1ea1n - MDVISIT CLINIC","isPartOf":{"@id":"https:\/\/mdvisitclinic.com\/vi\/#website"},"datePublished":"2024-04-03T12:04:50+00:00","dateModified":"2024-12-23T09:45:22+00:00","breadcrumb":{"@id":"https:\/\/mdvisitclinic.com\/vi\/global-second-opinions\/#breadcrumb"},"inLanguage":"vi-VN","potentialAction":[{"@type":"ReadAction","target":["https:\/\/mdvisitclinic.com\/vi\/global-second-opinions\/"]}]},{"@type":"BreadcrumbList","@id":"https:\/\/mdvisitclinic.com\/vi\/global-second-opinions\/#breadcrumb","itemListElement":[{"@type":"ListItem","position":1,"name":"Home","item":"https:\/\/mdvisitclinic.com\/vi\/"},{"@type":"ListItem","position":2,"name":"B\u1eaft \u0111\u1ea7u qu\u00e1 tr\u00ecnh \u0111\u0103ng k\u00fd \u00fd ki\u1ebfn th\u1ee9 2 c\u1ee7a b\u1ea1n"}]},{"@type":"WebSite","@id":"https:\/\/mdvisitclinic.com\/vi\/#website","url":"https:\/\/mdvisitclinic.com\/vi\/","name":"MDVISIT CLINIC","description":"","publisher":{"@id":"https:\/\/mdvisitclinic.com\/vi\/#organization"},"potentialAction":[{"@type":"SearchAction","target":{"@type":"EntryPoint","urlTemplate":"https:\/\/mdvisitclinic.com\/vi\/?s={search_term_string}"},"query-input":{"@type":"PropertyValueSpecification","valueRequired":true,"valueName":"search_term_string"}}],"inLanguage":"vi-VN"},{"@type":"Organization","@id":"https:\/\/mdvisitclinic.com\/vi\/#organization","name":"MDVISIT CLINIC","url":"https:\/\/mdvisitclinic.com\/vi\/","logo":{"@type":"ImageObject","inLanguage":"vi-VN","@id":"https:\/\/mdvisitclinic.com\/vi\/#\/schema\/logo\/image\/","url":"https:\/\/mdvisitclinic.com\/wp-content\/uploads\/2024\/03\/logo.png","contentUrl":"https:\/\/mdvisitclinic.com\/wp-content\/uploads\/2024\/03\/logo.png","width":768,"height":118,"caption":"MDVISIT CLINIC"},"image":{"@id":"https:\/\/mdvisitclinic.com\/vi\/#\/schema\/logo\/image\/"}}]}},"_links":{"self":[{"href":"https:\/\/mdvisitclinic.com\/vi\/wp-json\/wp\/v2\/pages\/21045","targetHints":{"allow":["GET"]}}],"collection":[{"href":"https:\/\/mdvisitclinic.com\/vi\/wp-json\/wp\/v2\/pages"}],"about":[{"href":"https:\/\/mdvisitclinic.com\/vi\/wp-json\/wp\/v2\/types\/page"}],"author":[{"embeddable":true,"href":"https:\/\/mdvisitclinic.com\/vi\/wp-json\/wp\/v2\/users\/6"}],"replies":[{"embeddable":true,"href":"https:\/\/mdvisitclinic.com\/vi\/wp-json\/wp\/v2\/comments?post=21045"}],"version-history":[{"count":1,"href":"https:\/\/mdvisitclinic.com\/vi\/wp-json\/wp\/v2\/pages\/21045\/revisions"}],"predecessor-version":[{"id":21046,"href":"https:\/\/mdvisitclinic.com\/vi\/wp-json\/wp\/v2\/pages\/21045\/revisions\/21046"}],"wp:attachment":[{"href":"https:\/\/mdvisitclinic.com\/vi\/wp-json\/wp\/v2\/media?parent=21045"}],"curies":[{"name":"wp","href":"https:\/\/api.w.org\/{rel}","templated":true}]}}