{"id":21171,"date":"2024-05-22T14:54:02","date_gmt":"2024-05-22T14:54:02","guid":{"rendered":"https:\/\/f55.01f.myftpupload.com\/about-us\/"},"modified":"2024-12-24T09:56:08","modified_gmt":"2024-12-24T09:56:08","slug":"about-us","status":"publish","type":"page","link":"https:\/\/mdvisitclinic.com\/vi\/about-us\/","title":{"rendered":"V\u1ec1 ch\u00fang t\u00f4i"},"content":{"rendered":"\t\t<div data-elementor-type=\"wp-page\" data-elementor-id=\"21171\" class=\"elementor elementor-21171 elementor-5065\" data-elementor-post-type=\"page\">\n\t\t\t\t<div class=\"elementor-element elementor-element-9225c0e e-flex e-con-boxed e-con e-parent\" data-id=\"9225c0e\" data-element_type=\"container\" data-e-type=\"container\" data-settings=\"{&quot;background_background&quot;:&quot;classic&quot;,&quot;jet_parallax_layout_list&quot;:[]}\">\n\t\t\t\t\t<div class=\"e-con-inner\">\n\t\t<div class=\"elementor-element elementor-element-0f08ebc e-con-full e-flex e-con e-child\" data-id=\"0f08ebc\" data-element_type=\"container\" data-e-type=\"container\" data-settings=\"{&quot;jet_parallax_layout_list&quot;:[]}\">\n\t\t\t\t<div class=\"elementor-element elementor-element-f7e9c2d elementor-widget elementor-widget-heading\" data-id=\"f7e9c2d\" data-element_type=\"widget\" data-e-type=\"widget\" data-widget_type=\"heading.default\">\n\t\t\t\t<div class=\"elementor-widget-container\">\n\t\t\t\t\t<h1 class=\"elementor-heading-title elementor-size-default\">V\u1ec1 ch\u00fang t\u00f4i<\/h1>\t\t\t\t<\/div>\n\t\t\t\t<\/div>\n\t\t\t\t<\/div>\n\t\t\t\t\t<\/div>\n\t\t\t\t<\/div>\n\t\t<div class=\"elementor-element elementor-element-327b910 e-flex e-con-boxed e-con e-parent\" data-id=\"327b910\" data-element_type=\"container\" data-e-type=\"container\" data-settings=\"{&quot;jet_parallax_layout_list&quot;:[]}\">\n\t\t\t\t\t<div class=\"e-con-inner\">\n\t\t\t\t<div class=\"elementor-element elementor-element-ec367f7 elementor-widget-tablet__width-inherit elementor-widget__width-initial elementor-widget elementor-widget-text-editor\" data-id=\"ec367f7\" data-element_type=\"widget\" data-e-type=\"widget\" data-widget_type=\"text-editor.default\">\n\t\t\t\t<div class=\"elementor-widget-container\">\n\t\t\t\t\t\t\t\t\t<p>\u0110\u1ed9i ng\u0169 chuy\u00ean gia phi th\u01b0\u1eddng c\u1ee7a MDVISIT CLINIC lu\u00f4n quan t\u00e2m \u0111\u1ebfn t\u1eebng tr\u1ea3i nghi\u1ec7m c\u1ee7a b\u1ec7nh nh\u00e2n. \u0110\u1ed9i ng\u0169 n\u1ed3ng h\u1eadu v\u00e0 hi\u1ebfu kh\u00e1ch c\u1ee7a ch\u00fang t\u00f4i mang \u0111\u1ebfn s\u1ef1 gi\u1edbi thi\u1ec7u ho\u00e0n h\u1ea3o v\u1ec1 n\u00e9t quy\u1ebfn r\u0169 \u0111\u00edch th\u1ef1c c\u1ee7a mi\u1ec1n Nam Hoa K\u1ef3, v\u00e0 ch\u00fang t\u00f4i cam k\u1ebft s\u00e2u s\u1eafc mang \u0111\u1ebfn nh\u1eefng \u0111i\u1ec1u t\u1ed1t nh\u1ea5t trong m\u1ecdi vi\u1ec7c ch\u00fang t\u00f4i l\u00e0m.  <\/p>\n<p>Ch\u00fang t\u00f4i t\u1eadn t\u00e2m cung c\u1ea5p d\u1ecbch v\u1ee5 ch\u0103m s\u00f3c t\u1ed1t nh\u1ea5t cho kh\u00e1ch h\u00e0ng qu\u1ed1c t\u1ebf c\u1ee7a ch\u00fang t\u00f4i. Ch\u00fang t\u00f4i \u0111\u00e3 ra m\u1eaft tr\u00ean n\u1ec1n t\u1ea3ng MDVISIT sau khi t\u00edch h\u1ee3p M\u00e3 Zip c\u1ee7a Hoa K\u1ef3, m\u00e3 b\u01b0u ch\u00ednh qu\u1ed1c t\u1ebf v\u00e0 \u0111\u1ed3ng h\u1ed3 Gi\u1edd chu\u1ea9n Greenwich 24 gi\u1edd.<\/p>\n<p>Nh\u1eefng \u0111\u1ed5i m\u1edbi thu\u1eadt to\u00e1n ti\u00ean ti\u1ebfn c\u1ee7a ch\u00fang t\u00f4i trong c\u00e1c h\u1ec7 th\u1ed1ng l\u1eadp l\u1ecbch tr\u00ecnh b\u1ec7nh nh\u00e2n to\u00e0n c\u1ea7u cho ph\u00e9p ch\u00fang t\u00f4i k\u1ebft n\u1ed1i li\u1ec1n m\u1ea1ch v\u1edbi kh\u00e1ch h\u00e0ng qu\u1ed1c t\u1ebf trong th\u1eddi gian th\u1ef1c v\u1edbi c\u00e1c b\u1ec7nh vi\u1ec7n, tr\u01b0\u1eddng \u0111\u1ea1i h\u1ecdc y khoa v\u00e0 ph\u00f2ng kh\u00e1m y t\u1ebf t\u01b0 nh\u00e2n li\u00ean k\u1ebft c\u1ee7a Hoa K\u1ef3. Ch\u00fang t\u00f4i ti\u1ebfn th\u00eam m\u1ed9t b\u01b0\u1edbc n\u1eefa b\u1eb1ng c\u00e1ch l\u1ef1a ch\u1ecdn c\u1ea9n th\u1eadn ch\u1ec9 c\u00e1c b\u00e1c s\u0129 v\u00e0 nh\u00e0 cung c\u1ea5p trong c\u00e1c t\u1ed5 ch\u1ee9c x\u1ebfp h\u1ea1ng trong 5% h\u00e0ng \u0111\u1ea7u v\u00e0 10% h\u00e0ng \u0111\u1ea7u t\u1ea1i Hoa K\u1ef3. <\/p>\n\t\t\t\t\t\t\t\t<\/div>\n\t\t\t\t<\/div>\n\t\t\t\t<div class=\"elementor-element elementor-element-cdcfb4e elementor-widget__width-initial elementor-widget-tablet__width-inherit elementor-widget elementor-widget-text-editor\" data-id=\"cdcfb4e\" data-element_type=\"widget\" data-e-type=\"widget\" data-widget_type=\"text-editor.default\">\n\t\t\t\t<div class=\"elementor-widget-container\">\n\t\t\t\t\t\t\t\t\t<ul type=\"square\">\n\t<li>\n\t\t<strong>Top 5% &#8211; <span style=\"color: #9eca9e\">B\u00e1c s\u0129 ph\u1eabu thu\u1eadt ch\u1ec9nh h\u00ecnh<\/span><\/strong>\n\t<\/li>\n\t<li>\n\t\t<strong>Top 5% &#8211; <span style=\"color: #9eca9e\">B\u00e1c s\u0129 ph\u1eabu thu\u1eadt th\u1ea7n kinh<\/span><\/strong>\n\t<\/li>\n\t<li>\n\t\t<strong>Top 5% v\u00e0 Top 10% &#8211; <span style=\"color: #9eca9e\">B\u00e1c s\u0129 can thi\u1ec7p tim m\u1ea1ch v\u00e0 b\u00e1c s\u0129 ph\u1eabu thu\u1eadt<\/span><\/strong>\n\t<\/li>\n    <li>\n\t\t<strong>Top 5% &#8211; <span style=\"color: #9eca9e\">B\u00e1c s\u0129 can thi\u1ec7p v\u00e0 b\u00e1c s\u0129 ph\u1eabu thu\u1eadt ung th\u01b0<\/span><\/strong> (\u0110a u t\u1ee7y, Ung th\u01b0 m\u00e1u, Ung th\u01b0 v\u00f2m h\u1ecdng v\u00e0 Ung th\u01b0 ph\u1ed5i)\n\t<\/li>\n    <li>\n\t\t<strong>Top 5% v\u00e0 Top 10% &#8211; C\u00e1c b\u00e1c s\u0129 ph\u1eabu thu\u1eadt<span style=\"color: #9eca9e\"> &amp; Chuy\u00ean gia \u0111i\u1ec1u tr\u1ecb kh\u00e1c<\/span><\/strong>\n\t<\/li>\n<\/ul>\n\t\t\t\t\t\t\t\t<\/div>\n\t\t\t\t<\/div>\n\t\t\t\t<div class=\"elementor-element elementor-element-4ff1e4b elementor-widget-tablet__width-inherit elementor-widget__width-initial elementor-widget elementor-widget-text-editor\" data-id=\"4ff1e4b\" data-element_type=\"widget\" data-e-type=\"widget\" data-widget_type=\"text-editor.default\">\n\t\t\t\t<div class=\"elementor-widget-container\">\n\t\t\t\t\t\t\t\t\t<p>Ch\u00fang t\u00f4i kh\u00f4ng d\u1eebng l\u1ea1i \u1edf \u0111\u00f3. \u0110\u01b0\u1ee3c ch\u0103m s\u00f3c b\u1edfi c\u00e1c b\u00e1c s\u0129 h\u00e0ng \u0111\u1ea7u c\u00f3 th\u1ec3 v\u00e0 n\u00ean bao g\u1ed3m m\u1ed9t k\u1ebf ho\u1ea1ch to\u00e0n di\u1ec7n cung c\u1ea5p cho t\u1ea5t c\u1ea3 c\u00e1c nhu c\u1ea7u c\u1ee7a b\u1ea1n trong th\u1eddi gian tr\u01b0\u1edbc ph\u1eabu thu\u1eadt, sau ph\u1eabu thu\u1eadt v\u00e0 th\u1eddi gian ph\u1ee5c h\u1ed3i t\u1ea1i Hoa K\u1ef3, \u0111\u1ea3m b\u1ea3o b\u1ea1n c\u1ea3m th\u1ea5y an to\u00e0n v\u00e0 \u0111\u01b0\u1ee3c ch\u0103m s\u00f3c t\u1ed1t trong su\u1ed1t h\u00e0nh tr\u00ecnh c\u1ee7a m\u00ecnh.<\/p>\n<p>Ch\u00fang t\u00f4i qu\u1ea3n l\u00fd x\u1eed l\u00fd thanh to\u00e1n, ph\u00ea duy\u1ec7t th\u1ecb th\u1ef1c y t\u1ebf nhanh, du l\u1ecbch v\u00e0 ch\u1ed7 \u1edf, tr\u1ee3 gi\u00fap y t\u1ebf sang tr\u1ecdng, bao g\u1ed3m nh\u00e2n vi\u00ean \u0111\u01b0\u1ee3c ch\u1ec9 \u0111\u1ecbnh c\u00e1 nh\u00e2n c\u1ee7a b\u1ea1n, h\u01b0\u1edbng d\u1eabn vi\u00ean du l\u1ecbch sang tr\u1ecdng cho c\u00e1c ho\u1ea1t \u0111\u1ed9ng gi\u1ea3i tr\u00ed h\u00e0ng ng\u00e0y, li\u1ec7u ph\u00e1p t\u1ebf b\u00e0o t\u00e1i t\u1ea1o, li\u1ec7u ph\u00e1p IV v\u00e0 ph\u1ee5c h\u1ed3i da v\u00e0 c\u01a1 th\u1ec3 kh\u00f4ng x\u00e2m l\u1ea5n t\u00edch c\u1ef1c.<\/p>\n<p>M\u1ecdi th\u1ee9 b\u1eaft \u0111\u1ea7u v\u1edbi \u00fd ki\u1ebfn ban \u0111\u1ea7u ho\u1eb7c th\u1ee9 hai tr\u1ef1c tuy\u1ebfn th\u00f4ng qua video tr\u1ef1c ti\u1ebfp y t\u1ebf t\u1eeb xa, cung c\u1ea5p cho b\u1ea1n s\u1ef1 ti\u1ec7n l\u1ee3i v\u00e0 tho\u1ea3i m\u00e1i khi th\u1ea3o lu\u1eadn v\u1ec1 nhu c\u1ea7u y t\u1ebf c\u1ee7a b\u1ea1n t\u1eeb nh\u00e0 ri\u00eang c\u1ee7a b\u1ea1n ho\u1eb7c t\u1ea1i m\u1ed9t trong c\u00e1c ph\u00f2ng kh\u00e1m \u0111\u1ed1i t\u00e1c c\u1ee7a ch\u00fang t\u00f4i.<\/p>\n<p>B\u1ea1n s\u1ebd trao \u0111\u1ed5i v\u1edbi m\u1ed9t b\u00e1c s\u0129 Hoa K\u1ef3 trong top 5% ho\u1eb7c top 10%, ng\u01b0\u1eddi s\u1ebd tr\u1ea3 l\u1eddi t\u1ea5t c\u1ea3 c\u00e1c c\u00e2u h\u1ecfi c\u1ee7a b\u1ea1n, bao g\u1ed3m c\u1ea3 nh\u1eefng c\u00e2u h\u1ecfi c\u1ee7a (c\u00e1c) ng\u01b0\u1eddi ch\u0103m s\u00f3c b\u1ea1n.<\/p>\n\t\t\t\t\t\t\t\t<\/div>\n\t\t\t\t<\/div>\n\t\t\t\t\t<\/div>\n\t\t\t\t<\/div>\n\t\t\t\t<\/div>\n\t\t","protected":false},"excerpt":{"rendered":"<p>V\u1ec1 ch\u00fang t\u00f4i \u0110\u1ed9i ng\u0169 chuy\u00ean gia phi th\u01b0\u1eddng c\u1ee7a MDVISIT CLINIC lu\u00f4n quan t\u00e2m \u0111\u1ebfn t\u1eebng tr\u1ea3i nghi\u1ec7m c\u1ee7a b\u1ec7nh nh\u00e2n. \u0110\u1ed9i ng\u0169 n\u1ed3ng h\u1eadu v\u00e0 hi\u1ebfu kh\u00e1ch c\u1ee7a ch\u00fang t\u00f4i mang \u0111\u1ebfn s\u1ef1 gi\u1edbi thi\u1ec7u ho\u00e0n h\u1ea3o v\u1ec1 n\u00e9t quy\u1ebfn r\u0169 \u0111\u00edch th\u1ef1c c\u1ee7a mi\u1ec1n Nam Hoa K\u1ef3, v\u00e0 ch\u00fang t\u00f4i cam k\u1ebft [&hellip;]<\/p>\n","protected":false},"author":8,"featured_media":0,"parent":0,"menu_order":0,"comment_status":"closed","ping_status":"closed","template":"elementor_header_footer","meta":{"_acf_changed":false,"_coblocks_attr":"","_coblocks_dimensions":"","_coblocks_responsive_height":"","_coblocks_accordion_ie_support":"","hide_page_title":"","footnotes":""},"class_list":["post-21171","page","type-page","status-publish","hentry"],"acf":[],"yoast_head":"<!-- This site is optimized with the Yoast SEO plugin v27.6 - https:\/\/yoast.com\/product\/yoast-seo-wordpress\/ -->\n<title>V\u1ec1 ch\u00fang t\u00f4i - MDVISIT CLINIC<\/title>\n<meta name=\"robots\" content=\"noindex, follow, max-snippet:-1, max-image-preview:large, max-video-preview:-1\" \/>\n<meta property=\"og:locale\" content=\"vi_VN\" \/>\n<meta property=\"og:type\" content=\"article\" \/>\n<meta property=\"og:title\" content=\"V\u1ec1 ch\u00fang t\u00f4i - MDVISIT CLINIC\" \/>\n<meta property=\"og:description\" content=\"V\u1ec1 ch\u00fang t\u00f4i \u0110\u1ed9i ng\u0169 chuy\u00ean gia phi th\u01b0\u1eddng c\u1ee7a MDVISIT CLINIC lu\u00f4n quan t\u00e2m \u0111\u1ebfn t\u1eebng tr\u1ea3i nghi\u1ec7m c\u1ee7a b\u1ec7nh nh\u00e2n. \u0110\u1ed9i ng\u0169 n\u1ed3ng h\u1eadu v\u00e0 hi\u1ebfu kh\u00e1ch c\u1ee7a ch\u00fang t\u00f4i mang \u0111\u1ebfn s\u1ef1 gi\u1edbi thi\u1ec7u ho\u00e0n h\u1ea3o v\u1ec1 n\u00e9t quy\u1ebfn r\u0169 \u0111\u00edch th\u1ef1c c\u1ee7a mi\u1ec1n Nam Hoa K\u1ef3, v\u00e0 ch\u00fang t\u00f4i cam k\u1ebft [&hellip;]\" \/>\n<meta property=\"og:url\" content=\"https:\/\/mdvisitclinic.com\/vi\/about-us\/\" \/>\n<meta property=\"og:site_name\" content=\"MDVISIT CLINIC\" \/>\n<meta property=\"article:modified_time\" content=\"2024-12-24T09:56:08+00:00\" \/>\n<meta name=\"twitter:card\" content=\"summary_large_image\" \/>\n<meta name=\"twitter:label1\" content=\"Est. reading time\" \/>\n\t<meta name=\"twitter:data1\" content=\"4 minutes\" \/>\n<script type=\"application\/ld+json\" class=\"yoast-schema-graph\">{\"@context\":\"https:\\\/\\\/schema.org\",\"@graph\":[{\"@type\":\"WebPage\",\"@id\":\"https:\\\/\\\/mdvisitclinic.com\\\/vi\\\/about-us\\\/\",\"url\":\"https:\\\/\\\/mdvisitclinic.com\\\/vi\\\/about-us\\\/\",\"name\":\"V\u1ec1 ch\u00fang t\u00f4i - MDVISIT CLINIC\",\"isPartOf\":{\"@id\":\"https:\\\/\\\/mdvisitclinic.com\\\/vi\\\/#website\"},\"datePublished\":\"2024-05-22T14:54:02+00:00\",\"dateModified\":\"2024-12-24T09:56:08+00:00\",\"breadcrumb\":{\"@id\":\"https:\\\/\\\/mdvisitclinic.com\\\/vi\\\/about-us\\\/#breadcrumb\"},\"inLanguage\":\"vi-VN\",\"potentialAction\":[{\"@type\":\"ReadAction\",\"target\":[\"https:\\\/\\\/mdvisitclinic.com\\\/vi\\\/about-us\\\/\"]}]},{\"@type\":\"BreadcrumbList\",\"@id\":\"https:\\\/\\\/mdvisitclinic.com\\\/vi\\\/about-us\\\/#breadcrumb\",\"itemListElement\":[{\"@type\":\"ListItem\",\"position\":1,\"name\":\"Home\",\"item\":\"https:\\\/\\\/mdvisitclinic.com\\\/vi\\\/\"},{\"@type\":\"ListItem\",\"position\":2,\"name\":\"V\u1ec1 ch\u00fang t\u00f4i\"}]},{\"@type\":\"WebSite\",\"@id\":\"https:\\\/\\\/mdvisitclinic.com\\\/vi\\\/#website\",\"url\":\"https:\\\/\\\/mdvisitclinic.com\\\/vi\\\/\",\"name\":\"MDVISIT CLINIC\",\"description\":\"\",\"publisher\":{\"@id\":\"https:\\\/\\\/mdvisitclinic.com\\\/vi\\\/#organization\"},\"potentialAction\":[{\"@type\":\"SearchAction\",\"target\":{\"@type\":\"EntryPoint\",\"urlTemplate\":\"https:\\\/\\\/mdvisitclinic.com\\\/vi\\\/?s={search_term_string}\"},\"query-input\":{\"@type\":\"PropertyValueSpecification\",\"valueRequired\":true,\"valueName\":\"search_term_string\"}}],\"inLanguage\":\"vi-VN\"},{\"@type\":\"Organization\",\"@id\":\"https:\\\/\\\/mdvisitclinic.com\\\/vi\\\/#organization\",\"name\":\"MDVISIT CLINIC\",\"url\":\"https:\\\/\\\/mdvisitclinic.com\\\/vi\\\/\",\"logo\":{\"@type\":\"ImageObject\",\"inLanguage\":\"vi-VN\",\"@id\":\"https:\\\/\\\/mdvisitclinic.com\\\/vi\\\/#\\\/schema\\\/logo\\\/image\\\/\",\"url\":\"https:\\\/\\\/mdvisitclinic.com\\\/wp-content\\\/uploads\\\/2024\\\/03\\\/logo.png\",\"contentUrl\":\"https:\\\/\\\/mdvisitclinic.com\\\/wp-content\\\/uploads\\\/2024\\\/03\\\/logo.png\",\"width\":768,\"height\":118,\"caption\":\"MDVISIT CLINIC\"},\"image\":{\"@id\":\"https:\\\/\\\/mdvisitclinic.com\\\/vi\\\/#\\\/schema\\\/logo\\\/image\\\/\"}}]}<\/script>\n<!-- \/ Yoast SEO plugin. -->","yoast_head_json":{"title":"V\u1ec1 ch\u00fang t\u00f4i - MDVISIT CLINIC","robots":{"index":"noindex","follow":"follow","max-snippet":"max-snippet:-1","max-image-preview":"max-image-preview:large","max-video-preview":"max-video-preview:-1"},"og_locale":"vi_VN","og_type":"article","og_title":"V\u1ec1 ch\u00fang t\u00f4i - MDVISIT CLINIC","og_description":"V\u1ec1 ch\u00fang t\u00f4i \u0110\u1ed9i ng\u0169 chuy\u00ean gia phi th\u01b0\u1eddng c\u1ee7a MDVISIT CLINIC lu\u00f4n quan t\u00e2m \u0111\u1ebfn t\u1eebng tr\u1ea3i nghi\u1ec7m c\u1ee7a b\u1ec7nh nh\u00e2n. \u0110\u1ed9i ng\u0169 n\u1ed3ng h\u1eadu v\u00e0 hi\u1ebfu kh\u00e1ch c\u1ee7a ch\u00fang t\u00f4i mang \u0111\u1ebfn s\u1ef1 gi\u1edbi thi\u1ec7u ho\u00e0n h\u1ea3o v\u1ec1 n\u00e9t quy\u1ebfn r\u0169 \u0111\u00edch th\u1ef1c c\u1ee7a mi\u1ec1n Nam Hoa K\u1ef3, v\u00e0 ch\u00fang t\u00f4i cam k\u1ebft [&hellip;]","og_url":"https:\/\/mdvisitclinic.com\/vi\/about-us\/","og_site_name":"MDVISIT CLINIC","article_modified_time":"2024-12-24T09:56:08+00:00","twitter_card":"summary_large_image","twitter_misc":{"Est. reading time":"4 minutes"},"schema":{"@context":"https:\/\/schema.org","@graph":[{"@type":"WebPage","@id":"https:\/\/mdvisitclinic.com\/vi\/about-us\/","url":"https:\/\/mdvisitclinic.com\/vi\/about-us\/","name":"V\u1ec1 ch\u00fang t\u00f4i - MDVISIT CLINIC","isPartOf":{"@id":"https:\/\/mdvisitclinic.com\/vi\/#website"},"datePublished":"2024-05-22T14:54:02+00:00","dateModified":"2024-12-24T09:56:08+00:00","breadcrumb":{"@id":"https:\/\/mdvisitclinic.com\/vi\/about-us\/#breadcrumb"},"inLanguage":"vi-VN","potentialAction":[{"@type":"ReadAction","target":["https:\/\/mdvisitclinic.com\/vi\/about-us\/"]}]},{"@type":"BreadcrumbList","@id":"https:\/\/mdvisitclinic.com\/vi\/about-us\/#breadcrumb","itemListElement":[{"@type":"ListItem","position":1,"name":"Home","item":"https:\/\/mdvisitclinic.com\/vi\/"},{"@type":"ListItem","position":2,"name":"V\u1ec1 ch\u00fang t\u00f4i"}]},{"@type":"WebSite","@id":"https:\/\/mdvisitclinic.com\/vi\/#website","url":"https:\/\/mdvisitclinic.com\/vi\/","name":"MDVISIT CLINIC","description":"","publisher":{"@id":"https:\/\/mdvisitclinic.com\/vi\/#organization"},"potentialAction":[{"@type":"SearchAction","target":{"@type":"EntryPoint","urlTemplate":"https:\/\/mdvisitclinic.com\/vi\/?s={search_term_string}"},"query-input":{"@type":"PropertyValueSpecification","valueRequired":true,"valueName":"search_term_string"}}],"inLanguage":"vi-VN"},{"@type":"Organization","@id":"https:\/\/mdvisitclinic.com\/vi\/#organization","name":"MDVISIT CLINIC","url":"https:\/\/mdvisitclinic.com\/vi\/","logo":{"@type":"ImageObject","inLanguage":"vi-VN","@id":"https:\/\/mdvisitclinic.com\/vi\/#\/schema\/logo\/image\/","url":"https:\/\/mdvisitclinic.com\/wp-content\/uploads\/2024\/03\/logo.png","contentUrl":"https:\/\/mdvisitclinic.com\/wp-content\/uploads\/2024\/03\/logo.png","width":768,"height":118,"caption":"MDVISIT CLINIC"},"image":{"@id":"https:\/\/mdvisitclinic.com\/vi\/#\/schema\/logo\/image\/"}}]}},"_links":{"self":[{"href":"https:\/\/mdvisitclinic.com\/vi\/wp-json\/wp\/v2\/pages\/21171","targetHints":{"allow":["GET"]}}],"collection":[{"href":"https:\/\/mdvisitclinic.com\/vi\/wp-json\/wp\/v2\/pages"}],"about":[{"href":"https:\/\/mdvisitclinic.com\/vi\/wp-json\/wp\/v2\/types\/page"}],"author":[{"embeddable":true,"href":"https:\/\/mdvisitclinic.com\/vi\/wp-json\/wp\/v2\/users\/8"}],"replies":[{"embeddable":true,"href":"https:\/\/mdvisitclinic.com\/vi\/wp-json\/wp\/v2\/comments?post=21171"}],"version-history":[{"count":2,"href":"https:\/\/mdvisitclinic.com\/vi\/wp-json\/wp\/v2\/pages\/21171\/revisions"}],"predecessor-version":[{"id":22931,"href":"https:\/\/mdvisitclinic.com\/vi\/wp-json\/wp\/v2\/pages\/21171\/revisions\/22931"}],"wp:attachment":[{"href":"https:\/\/mdvisitclinic.com\/vi\/wp-json\/wp\/v2\/media?parent=21171"}],"curies":[{"name":"wp","href":"https:\/\/api.w.org\/{rel}","templated":true}]}}