{"id":21201,"date":"2024-05-20T15:58:51","date_gmt":"2024-05-20T15:58:51","guid":{"rendered":"https:\/\/f55.01f.myftpupload.com\/sign-up-now\/"},"modified":"2024-11-24T22:51:36","modified_gmt":"2024-11-24T22:51:36","slug":"sign-up-now","status":"publish","type":"page","link":"https:\/\/mdvisitclinic.com\/vi\/sign-up-now\/","title":{"rendered":"\u0110\u0103ng k\u00fd ngay"},"content":{"rendered":"\t\t<div data-elementor-type=\"wp-page\" data-elementor-id=\"21201\" class=\"elementor elementor-21201 elementor-3903\" data-elementor-post-type=\"page\">\n\t\t\t\t<div class=\"elementor-element elementor-element-2c3421e e-flex e-con-boxed e-con e-parent\" data-id=\"2c3421e\" data-element_type=\"container\" data-e-type=\"container\" data-settings=\"{&quot;background_background&quot;:&quot;classic&quot;,&quot;jet_parallax_layout_list&quot;:[]}\">\n\t\t\t\t\t<div class=\"e-con-inner\">\n\t\t<div class=\"elementor-element elementor-element-9469c7d e-con-full e-flex e-con e-child\" data-id=\"9469c7d\" data-element_type=\"container\" data-e-type=\"container\" data-settings=\"{&quot;jet_parallax_layout_list&quot;:[]}\">\n\t\t\t\t<div class=\"elementor-element elementor-element-20b7415 sign-up-banner elementor-widget elementor-widget-heading\" data-id=\"20b7415\" data-element_type=\"widget\" data-e-type=\"widget\" data-widget_type=\"heading.default\">\n\t\t\t\t<div class=\"elementor-widget-container\">\n\t\t\t\t\t<h2 class=\"elementor-heading-title elementor-size-default\">S\u1eb5n s\u00e0ng l\u00ean l\u1ecbch<br> \u00dd ki\u1ebfn<sup>th\u1ee9 <\/sup> 2?<\/h2>\t\t\t\t<\/div>\n\t\t\t\t<\/div>\n\t\t\t\t<div class=\"elementor-element elementor-element-edd3c45 elementor-widget__width-auto elementor-align-right elementor-mobile-align-left elementor-widget elementor-widget-button\" data-id=\"edd3c45\" data-element_type=\"widget\" data-e-type=\"widget\" data-widget_type=\"button.default\">\n\t\t\t\t<div class=\"elementor-widget-container\">\n\t\t\t\t\t\t\t\t\t<div class=\"elementor-button-wrapper\">\n\t\t\t\t\t<a class=\"elementor-button elementor-button-link elementor-size-sm\" href=\"https:\/\/mdvisitclinic.com\/global-second-opinions\/\" target=\"_blank\">\n\t\t\t\t\t\t<span class=\"elementor-button-content-wrapper\">\n\t\t\t\t\t\t<span class=\"elementor-button-icon\">\n\t\t\t\t<svg aria-hidden=\"true\" class=\"e-font-icon-svg e-fas-angle-right\" viewBox=\"0 0 256 512\" xmlns=\"http:\/\/www.w3.org\/2000\/svg\"><path d=\"M224.3 273l-136 136c-9.4 9.4-24.6 9.4-33.9 0l-22.6-22.6c-9.4-9.4-9.4-24.6 0-33.9l96.4-96.4-96.4-96.4c-9.4-9.4-9.4-24.6 0-33.9L54.3 103c9.4-9.4 24.6-9.4 33.9 0l136 136c9.5 9.4 9.5 24.6.1 34z\"><\/path><\/svg>\t\t\t<\/span>\n\t\t\t\t\t\t\t\t\t<span class=\"elementor-button-text\">B\u1eaft \u0111\u1ea7u \u00fd ki\u1ebfn th\u1ee9 hai c\u1ee7a t\u00f4i<\/span>\n\t\t\t\t\t<\/span>\n\t\t\t\t\t<\/a>\n\t\t\t\t<\/div>\n\t\t\t\t\t\t\t\t<\/div>\n\t\t\t\t<\/div>\n\t\t\t\t<\/div>\n\t\t\t\t\t<\/div>\n\t\t\t\t<\/div>\n\t\t<div class=\"elementor-element elementor-element-6de9b47 e-flex e-con-boxed e-con e-parent\" data-id=\"6de9b47\" data-element_type=\"container\" data-e-type=\"container\" data-settings=\"{&quot;jet_parallax_layout_list&quot;:[]}\">\n\t\t\t\t\t<div class=\"e-con-inner\">\n\t\t\t\t<div class=\"elementor-element elementor-element-be47175 elementor-widget elementor-widget-heading\" data-id=\"be47175\" data-element_type=\"widget\" data-e-type=\"widget\" data-widget_type=\"heading.default\">\n\t\t\t\t<div class=\"elementor-widget-container\">\n\t\t\t\t\t<h3 class=\"elementor-heading-title elementor-size-default\">1. H\u00e3y cho ch\u00fang t\u00f4i bi\u1ebft t\u00ean v\u00e0 \u0111\u1ecba ch\u1ec9 c\u1ee7a b\u1ea1n  <\/h3>\t\t\t\t<\/div>\n\t\t\t\t<\/div>\n\t\t\t\t<div class=\"elementor-element elementor-element-74f0534 elementor-widget elementor-widget-heading\" data-id=\"74f0534\" data-element_type=\"widget\" data-e-type=\"widget\" data-widget_type=\"heading.default\">\n\t\t\t\t<div class=\"elementor-widget-container\">\n\t\t\t\t\t<h3 class=\"elementor-heading-title elementor-size-default\">2. T\u1ea3i l\u00ean H\u1ed3 s\u01a1 Y t\u1ebf c\u1ee7a b\u1ea1n  <\/h3>\t\t\t\t<\/div>\n\t\t\t\t<\/div>\n\t\t\t\t<div class=\"elementor-element elementor-element-857e745 elementor-widget elementor-widget-heading\" data-id=\"857e745\" data-element_type=\"widget\" data-e-type=\"widget\" data-widget_type=\"heading.default\">\n\t\t\t\t<div class=\"elementor-widget-container\">\n\t\t\t\t\t<h3 class=\"elementor-heading-title elementor-size-default\">3. Thanh to\u00e1n v\u1edbi PayPal Global<\/h3>\t\t\t\t<\/div>\n\t\t\t\t<\/div>\n\t\t\t\t<div class=\"elementor-element elementor-element-1a75515 elementor-widget elementor-widget-heading\" data-id=\"1a75515\" data-element_type=\"widget\" data-e-type=\"widget\" data-widget_type=\"heading.default\">\n\t\t\t\t<div class=\"elementor-widget-container\">\n\t\t\t\t\t<h3 class=\"elementor-heading-title elementor-size-default\">4. Ch\u00fang t\u00f4i ti\u1ebfp c\u1eadn v\u00e0 b\u1eaft \u0111\u1ea7u qu\u00e1 tr\u00ecnh<\/h3>\t\t\t\t<\/div>\n\t\t\t\t<\/div>\n\t\t\t\t\t<\/div>\n\t\t\t\t<\/div>\n\t\t<div class=\"elementor-element elementor-element-25a5347 e-flex e-con-boxed e-con e-parent\" data-id=\"25a5347\" data-element_type=\"container\" data-e-type=\"container\" data-settings=\"{&quot;jet_parallax_layout_list&quot;:[]}\">\n\t\t\t\t\t<div class=\"e-con-inner\">\n\t\t<div class=\"elementor-element elementor-element-883c800 e-con-full e-flex e-con e-child\" data-id=\"883c800\" data-element_type=\"container\" data-e-type=\"container\" data-settings=\"{&quot;background_background&quot;:&quot;classic&quot;,&quot;jet_parallax_layout_list&quot;:[]}\">\n\t\t\t\t<div class=\"elementor-element elementor-element-f3438a9 elementor-widget elementor-widget-heading\" data-id=\"f3438a9\" data-element_type=\"widget\" data-e-type=\"widget\" data-widget_type=\"heading.default\">\n\t\t\t\t<div class=\"elementor-widget-container\">\n\t\t\t\t\t<h2 class=\"elementor-heading-title elementor-size-default\">B\u1eaft \u0111\u1ea7u qu\u00e1 tr\u00ecnh \u0111\u0103ng k\u00fd \u00fd ki\u1ebfn th\u1ee9 2 c\u1ee7a b\u1ea1n<\/h2>\t\t\t\t<\/div>\n\t\t\t\t<\/div>\n\t\t\t\t<div class=\"elementor-element elementor-element-4c17fcf elementor-widget elementor-widget-text-editor\" data-id=\"4c17fcf\" data-element_type=\"widget\" data-e-type=\"widget\" data-widget_type=\"text-editor.default\">\n\t\t\t\t<div class=\"elementor-widget-container\">\n\t\t\t\t\t\t\t\t\t<p>Ch\u00e0o m\u1eebng b\u1ea1n \u0111\u1ebfn v\u1edbi ch\u01b0\u01a1ng tr\u00ecnh \u00dd ki\u1ebfn th\u1ee9 hai to\u00e0n c\u1ea7u c\u1ee7a MDVISIT CLINIC. D\u1ecbch v\u1ee5 n\u00e0y cho ph\u00e9p b\u1ec7nh nh\u00e2n b\u00ean ngo\u00e0i Hoa K\u1ef3 ti\u1ebfp c\u1eadn tr\u1ef1c ti\u1ebfp v\u1edbi c\u00e1c b\u00e1c s\u0129 chuy\u00ean gia \u0111\u01b0\u1ee3c x\u1ebfp h\u1ea1ng trong 5% h\u00e0ng \u0111\u1ea7u t\u1ea1i Hoa K\u1ef3 m\u00e0 kh\u00f4ng c\u1ea7n \u0111i du l\u1ecbch. B\u00e1c s\u0129 ph\u1eabu thu\u1eadt ho\u1eb7c nh\u00e0 cung c\u1ea5p d\u1ecbch v\u1ee5 \u0111i\u1ec1u tr\u1ecb MDVISIT Clinic c\u1ee7a b\u1ea1n s\u1ebd xem x\u00e9t k\u1ef9 l\u01b0\u1ee1ng k\u1ebf ho\u1ea1ch ch\u1ea9n \u0111o\u00e1n v\u00e0 \u0111i\u1ec1u tr\u1ecb c\u1ee7a b\u1ea1n v\u00e0 \u0111\u01b0a ra \u00fd ki\u1ebfn th\u1ee9 hai to\u00e0n di\u1ec7n, kh\u00e1ch quan, mang t\u00ednh gi\u00e1o d\u1ee5c d\u1eabn \u0111\u1ebfn t\u0103ng s\u1ef1 t\u1ef1 tin v\u00e0 y\u00ean t\u00e2m. L\u1ec7 ph\u00ed $ 2,500 USD bao g\u1ed3m 1) m\u1ed9t b\u00e1o c\u00e1o chi ti\u1ebft b\u1eb1ng v\u0103n b\u1ea3n m\u00e0 b\u1ea1n c\u00f3 th\u1ec3 chia s\u1ebb v\u1edbi c\u00e1c nh\u00e0 cung c\u1ea5p d\u1ecbch v\u1ee5 ch\u0103m s\u00f3c c\u1ee7a m\u00ecnh v\u00e0 2) ki\u1ec3m tra y t\u1ebf t\u1eeb xa v\u1edbi b\u00e1c s\u0129 ph\u1eabu thu\u1eadt ho\u1eb7c b\u00e1c s\u0129 \u0111i\u1ec1u tr\u1ecb. Sau \u0111\u00f3, b\u1ea1n s\u1ebd nh\u1eadn \u0111\u01b0\u1ee3c m\u1ed9t \u0111\u1ec1 xu\u1ea5t cho ph\u00e9p b\u1ea1n \u0111\u1ebfn Hoa K\u1ef3 \u0111\u1ec3 ph\u1eabu thu\u1eadt ho\u1eb7c \u0111i\u1ec1u tr\u1ecb b\u1edfi c\u00f9ng m\u1ed9t b\u00e1c s\u0129 m\u00e0 b\u1ea1n \u0111\u00e3 g\u1eb7p trong cu\u1ed9c ki\u1ec3m tra y t\u1ebf t\u1eeb xa.      <\/p>\n\t\t\t\t\t\t\t\t<\/div>\n\t\t\t\t<\/div>\n\t\t\t\t<div class=\"elementor-element elementor-element-2511212 elementor-widget elementor-widget-heading\" data-id=\"2511212\" data-element_type=\"widget\" data-e-type=\"widget\" data-widget_type=\"heading.default\">\n\t\t\t\t<div class=\"elementor-widget-container\">\n\t\t\t\t\t<h3 class=\"elementor-heading-title elementor-size-default\">\u0110\u1eb7t \u0111\u00e1nh gi\u00e1 v\u1ec1 ch\u1ea9n \u0111o\u00e1n v\u00e0 \u0111i\u1ec1u tr\u1ecb c\u1ee7a b\u1ea1n trong tay m\u1ed9t chuy\u00ean gia<\/h3>\t\t\t\t<\/div>\n\t\t\t\t<\/div>\n\t\t\t\t<div class=\"elementor-element elementor-element-3bab3aa elementor-widget elementor-widget-image\" data-id=\"3bab3aa\" data-element_type=\"widget\" data-e-type=\"widget\" data-widget_type=\"image.default\">\n\t\t\t\t<div class=\"elementor-widget-container\">\n\t\t\t\t\t\t\t\t\t\t\t\t\t\t\t<img decoding=\"async\" width=\"48\" height=\"64\" src=\"https:\/\/mdvisitclinic.com\/wp-content\/uploads\/2024\/05\/arrow-down.png\" class=\"attachment-full size-full wp-image-5235\" alt=\"\" \/>\t\t\t\t\t\t\t\t\t\t\t\t\t\t\t<\/div>\n\t\t\t\t<\/div>\n\t\t\t\t<div class=\"elementor-element elementor-element-ac52ab6 elementor-align-right elementor-widget__width-auto elementor-widget elementor-widget-button\" data-id=\"ac52ab6\" data-element_type=\"widget\" data-e-type=\"widget\" data-widget_type=\"button.default\">\n\t\t\t\t<div class=\"elementor-widget-container\">\n\t\t\t\t\t\t\t\t\t<div class=\"elementor-button-wrapper\">\n\t\t\t\t\t<a class=\"elementor-button elementor-button-link elementor-size-sm\" href=\"https:\/\/mdvisitclinic.com\/global-second-opinions\/\" target=\"_blank\">\n\t\t\t\t\t\t<span class=\"elementor-button-content-wrapper\">\n\t\t\t\t\t\t\t\t\t<span class=\"elementor-button-text\">B\u1eaeT \u0110\u1ea6U<\/span>\n\t\t\t\t\t<\/span>\n\t\t\t\t\t<\/a>\n\t\t\t\t<\/div>\n\t\t\t\t\t\t\t\t<\/div>\n\t\t\t\t<\/div>\n\t\t\t\t<div class=\"elementor-element elementor-element-f263fcf elementor-widget elementor-widget-text-editor\" data-id=\"f263fcf\" data-element_type=\"widget\" data-e-type=\"widget\" data-widget_type=\"text-editor.default\">\n\t\t\t\t<div class=\"elementor-widget-container\">\n\t\t\t\t\t\t\t\t\t<p>B\u1ea1n \u0111\u00e3 c\u00f3 t\u00e0i kho\u1ea3n?  <a href=\"#\">\u0110\u0103ng nh\u1eadp<\/a><\/p>\n\t\t\t\t\t\t\t\t<\/div>\n\t\t\t\t<\/div>\n\t\t\t\t<\/div>\n\t\t\t\t\t<\/div>\n\t\t\t\t<\/div>\n\t\t\t\t<section class=\"elementor-section elementor-top-section elementor-element elementor-element-4da014d elementor-section-boxed elementor-section-height-default elementor-section-height-default\" data-id=\"4da014d\" data-element_type=\"section\" data-e-type=\"section\" data-settings=\"{&quot;jet_parallax_layout_list&quot;:[]}\">\n\t\t\t\t\t\t<div class=\"elementor-container elementor-column-gap-default\">\n\t\t\t\t\t<div class=\"elementor-column elementor-col-50 elementor-top-column elementor-element elementor-element-1a03410\" data-id=\"1a03410\" data-element_type=\"column\" data-e-type=\"column\">\n\t\t\t<div class=\"elementor-widget-wrap elementor-element-populated\">\n\t\t\t\t\t\t<div class=\"elementor-element elementor-element-4b7a8c3 elementor-widget elementor-widget-heading\" data-id=\"4b7a8c3\" data-element_type=\"widget\" data-e-type=\"widget\" data-widget_type=\"heading.default\">\n\t\t\t\t<div class=\"elementor-widget-container\">\n\t\t\t\t\t<h2 class=\"elementor-heading-title elementor-size-default\">B\u1ea1n c\u00f3 th\u1eafc m\u1eafc? H\u00e3y tr\u00f2 chuy\u1ec7n!  <\/h2>\t\t\t\t<\/div>\n\t\t\t\t<\/div>\n\t\t\t\t<div class=\"elementor-element elementor-element-92501b8 elementor-widget-divider--view-line elementor-widget elementor-widget-divider\" data-id=\"92501b8\" data-element_type=\"widget\" data-e-type=\"widget\" data-widget_type=\"divider.default\">\n\t\t\t\t<div class=\"elementor-widget-container\">\n\t\t\t\t\t\t\t<div class=\"elementor-divider\">\n\t\t\t<span class=\"elementor-divider-separator\">\n\t\t\t\t\t\t<\/span>\n\t\t<\/div>\n\t\t\t\t\t\t<\/div>\n\t\t\t\t<\/div>\n\t\t\t\t<div class=\"elementor-element elementor-element-335177d elementor-widget elementor-widget-image\" data-id=\"335177d\" data-element_type=\"widget\" data-e-type=\"widget\" data-widget_type=\"image.default\">\n\t\t\t\t<div class=\"elementor-widget-container\">\n\t\t\t\t\t\t\t\t\t\t\t\t\t\t\t<img fetchpriority=\"high\" decoding=\"async\" width=\"600\" height=\"579\" src=\"https:\/\/mdvisitclinic.com\/wp-content\/uploads\/2024\/04\/Interpreter-Translation-1.png\" class=\"attachment-large size-large wp-image-1533\" alt=\"\" srcset=\"https:\/\/mdvisitclinic.com\/wp-content\/uploads\/2024\/04\/Interpreter-Translation-1.png 600w, https:\/\/mdvisitclinic.com\/wp-content\/uploads\/2024\/04\/Interpreter-Translation-1-300x290.png 300w\" sizes=\"(max-width: 600px) 100vw, 600px\" \/>\t\t\t\t\t\t\t\t\t\t\t\t\t\t\t<\/div>\n\t\t\t\t<\/div>\n\t\t\t\t\t<\/div>\n\t\t<\/div>\n\t\t\t\t<div class=\"elementor-column elementor-col-50 elementor-top-column elementor-element elementor-element-0aa8975\" data-id=\"0aa8975\" data-element_type=\"column\" data-e-type=\"column\">\n\t\t\t<div class=\"elementor-widget-wrap elementor-element-populated\">\n\t\t\t\t\t\t<div class=\"elementor-element elementor-element-ff5e54a elementor-widget elementor-widget-shortcode\" data-id=\"ff5e54a\" data-element_type=\"widget\" data-e-type=\"widget\" data-widget_type=\"shortcode.default\">\n\t\t\t\t<div class=\"elementor-widget-container\">\n\t\t\t\t\t\t\t<div class=\"elementor-shortcode\"><iframe\n\t\t  id=\"JotFormIFrame-241301288554050\"\n\t\t  title=\"Contact Us\"\n\t\t  onload=\"window.parent.scrollTo(0,0)\"\n\t\t  allowtransparency=\"true\"\n\t\t  allow=\"geolocation; microphone; camera; fullscreen\"\n\t\t  src=\"https:\/\/form.jotform.com\/241301288554050?language=vi\"\n\t\t  frameborder=\"0\"\n\t\t  style=\"min-width: 100%; max-width: 100%; height: 539px; border: none\"\n\t\t  scrolling=\"no\"\n\t\t>\n\t\t<\/iframe>\n\t\t<script src=\"https:\/\/cdn.jotfor.ms\/s\/umd\/latest\/for-form-embed-handler.js\"><\/script>\n\t\t<script>\n\t\t  window.jotformEmbedHandler(\n\t\t\t\"iframe[id='JotFormIFrame-241301288554050']\",\n\t\t\t\"https:\/\/form.jotform.com\/\"\n\t\t  );\n\t\t<\/script>\n\t\t<\/div>\n\t\t\t\t\t\t<\/div>\n\t\t\t\t<\/div>\n\t\t\t\t\t<\/div>\n\t\t<\/div>\n\t\t\t\t\t<\/div>\n\t\t<\/section>\n\t\t\t\t<\/div>\n\t\t","protected":false},"excerpt":{"rendered":"<p>S\u1eb5n s\u00e0ng l\u00ean l\u1ecbch \u00dd ki\u1ebfnth\u1ee9 2? B\u1eaft \u0111\u1ea7u \u00fd ki\u1ebfn th\u1ee9 hai c\u1ee7a t\u00f4i 1. H\u00e3y cho ch\u00fang t\u00f4i bi\u1ebft t\u00ean v\u00e0 \u0111\u1ecba ch\u1ec9 c\u1ee7a b\u1ea1n 2. T\u1ea3i l\u00ean H\u1ed3 s\u01a1 Y t\u1ebf c\u1ee7a b\u1ea1n 3. Thanh to\u00e1n v\u1edbi PayPal Global 4. Ch\u00fang t\u00f4i ti\u1ebfp c\u1eadn v\u00e0 b\u1eaft \u0111\u1ea7u qu\u00e1 tr\u00ecnh B\u1eaft \u0111\u1ea7u qu\u00e1 [&hellip;]<\/p>\n","protected":false},"author":8,"featured_media":0,"parent":0,"menu_order":0,"comment_status":"closed","ping_status":"closed","template":"elementor_header_footer","meta":{"_acf_changed":false,"_coblocks_attr":"","_coblocks_dimensions":"","_coblocks_responsive_height":"","_coblocks_accordion_ie_support":"","hide_page_title":"","footnotes":""},"class_list":["post-21201","page","type-page","status-publish","hentry"],"acf":[],"yoast_head":"<!-- This site is optimized with the Yoast SEO plugin v27.6 - https:\/\/yoast.com\/product\/yoast-seo-wordpress\/ -->\n<title>\u0110\u0103ng k\u00fd ngay - MDVISIT CLINIC<\/title>\n<meta name=\"robots\" content=\"noindex, follow, max-snippet:-1, max-image-preview:large, max-video-preview:-1\" \/>\n<meta property=\"og:locale\" content=\"vi_VN\" \/>\n<meta property=\"og:type\" content=\"article\" \/>\n<meta property=\"og:title\" content=\"\u0110\u0103ng k\u00fd ngay - MDVISIT CLINIC\" \/>\n<meta property=\"og:description\" content=\"S\u1eb5n s\u00e0ng l\u00ean l\u1ecbch \u00dd ki\u1ebfnth\u1ee9 2? B\u1eaft \u0111\u1ea7u \u00fd ki\u1ebfn th\u1ee9 hai c\u1ee7a t\u00f4i 1. H\u00e3y cho ch\u00fang t\u00f4i bi\u1ebft t\u00ean v\u00e0 \u0111\u1ecba ch\u1ec9 c\u1ee7a b\u1ea1n 2. T\u1ea3i l\u00ean H\u1ed3 s\u01a1 Y t\u1ebf c\u1ee7a b\u1ea1n 3. Thanh to\u00e1n v\u1edbi PayPal Global 4. Ch\u00fang t\u00f4i ti\u1ebfp c\u1eadn v\u00e0 b\u1eaft \u0111\u1ea7u qu\u00e1 tr\u00ecnh B\u1eaft \u0111\u1ea7u qu\u00e1 [&hellip;]\" \/>\n<meta property=\"og:url\" content=\"https:\/\/mdvisitclinic.com\/vi\/sign-up-now\/\" \/>\n<meta property=\"og:site_name\" content=\"MDVISIT CLINIC\" \/>\n<meta property=\"article:modified_time\" content=\"2024-11-24T22:51:36+00:00\" \/>\n<meta property=\"og:image\" content=\"https:\/\/f55.01f.myftpupload.com\/wp-content\/uploads\/2024\/05\/arrow-down.png\" \/>\n<meta name=\"twitter:card\" content=\"summary_large_image\" \/>\n<meta name=\"twitter:label1\" content=\"Est. reading time\" \/>\n\t<meta name=\"twitter:data1\" content=\"2 minutes\" \/>\n<script type=\"application\/ld+json\" class=\"yoast-schema-graph\">{\"@context\":\"https:\\\/\\\/schema.org\",\"@graph\":[{\"@type\":\"WebPage\",\"@id\":\"https:\\\/\\\/mdvisitclinic.com\\\/vi\\\/sign-up-now\\\/\",\"url\":\"https:\\\/\\\/mdvisitclinic.com\\\/vi\\\/sign-up-now\\\/\",\"name\":\"\u0110\u0103ng k\u00fd ngay - MDVISIT CLINIC\",\"isPartOf\":{\"@id\":\"https:\\\/\\\/mdvisitclinic.com\\\/vi\\\/#website\"},\"primaryImageOfPage\":{\"@id\":\"https:\\\/\\\/mdvisitclinic.com\\\/vi\\\/sign-up-now\\\/#primaryimage\"},\"image\":{\"@id\":\"https:\\\/\\\/mdvisitclinic.com\\\/vi\\\/sign-up-now\\\/#primaryimage\"},\"thumbnailUrl\":\"https:\\\/\\\/f55.01f.myftpupload.com\\\/wp-content\\\/uploads\\\/2024\\\/05\\\/arrow-down.png\",\"datePublished\":\"2024-05-20T15:58:51+00:00\",\"dateModified\":\"2024-11-24T22:51:36+00:00\",\"breadcrumb\":{\"@id\":\"https:\\\/\\\/mdvisitclinic.com\\\/vi\\\/sign-up-now\\\/#breadcrumb\"},\"inLanguage\":\"vi-VN\",\"potentialAction\":[{\"@type\":\"ReadAction\",\"target\":[\"https:\\\/\\\/mdvisitclinic.com\\\/vi\\\/sign-up-now\\\/\"]}]},{\"@type\":\"ImageObject\",\"inLanguage\":\"vi-VN\",\"@id\":\"https:\\\/\\\/mdvisitclinic.com\\\/vi\\\/sign-up-now\\\/#primaryimage\",\"url\":\"https:\\\/\\\/f55.01f.myftpupload.com\\\/wp-content\\\/uploads\\\/2024\\\/05\\\/arrow-down.png\",\"contentUrl\":\"https:\\\/\\\/f55.01f.myftpupload.com\\\/wp-content\\\/uploads\\\/2024\\\/05\\\/arrow-down.png\"},{\"@type\":\"BreadcrumbList\",\"@id\":\"https:\\\/\\\/mdvisitclinic.com\\\/vi\\\/sign-up-now\\\/#breadcrumb\",\"itemListElement\":[{\"@type\":\"ListItem\",\"position\":1,\"name\":\"Home\",\"item\":\"https:\\\/\\\/mdvisitclinic.com\\\/vi\\\/\"},{\"@type\":\"ListItem\",\"position\":2,\"name\":\"\u0110\u0103ng k\u00fd ngay\"}]},{\"@type\":\"WebSite\",\"@id\":\"https:\\\/\\\/mdvisitclinic.com\\\/vi\\\/#website\",\"url\":\"https:\\\/\\\/mdvisitclinic.com\\\/vi\\\/\",\"name\":\"MDVISIT CLINIC\",\"description\":\"\",\"publisher\":{\"@id\":\"https:\\\/\\\/mdvisitclinic.com\\\/vi\\\/#organization\"},\"potentialAction\":[{\"@type\":\"SearchAction\",\"target\":{\"@type\":\"EntryPoint\",\"urlTemplate\":\"https:\\\/\\\/mdvisitclinic.com\\\/vi\\\/?s={search_term_string}\"},\"query-input\":{\"@type\":\"PropertyValueSpecification\",\"valueRequired\":true,\"valueName\":\"search_term_string\"}}],\"inLanguage\":\"vi-VN\"},{\"@type\":\"Organization\",\"@id\":\"https:\\\/\\\/mdvisitclinic.com\\\/vi\\\/#organization\",\"name\":\"MDVISIT CLINIC\",\"url\":\"https:\\\/\\\/mdvisitclinic.com\\\/vi\\\/\",\"logo\":{\"@type\":\"ImageObject\",\"inLanguage\":\"vi-VN\",\"@id\":\"https:\\\/\\\/mdvisitclinic.com\\\/vi\\\/#\\\/schema\\\/logo\\\/image\\\/\",\"url\":\"https:\\\/\\\/mdvisitclinic.com\\\/wp-content\\\/uploads\\\/2024\\\/03\\\/logo.png\",\"contentUrl\":\"https:\\\/\\\/mdvisitclinic.com\\\/wp-content\\\/uploads\\\/2024\\\/03\\\/logo.png\",\"width\":768,\"height\":118,\"caption\":\"MDVISIT CLINIC\"},\"image\":{\"@id\":\"https:\\\/\\\/mdvisitclinic.com\\\/vi\\\/#\\\/schema\\\/logo\\\/image\\\/\"}}]}<\/script>\n<!-- \/ Yoast SEO plugin. -->","yoast_head_json":{"title":"\u0110\u0103ng k\u00fd ngay - MDVISIT CLINIC","robots":{"index":"noindex","follow":"follow","max-snippet":"max-snippet:-1","max-image-preview":"max-image-preview:large","max-video-preview":"max-video-preview:-1"},"og_locale":"vi_VN","og_type":"article","og_title":"\u0110\u0103ng k\u00fd ngay - MDVISIT CLINIC","og_description":"S\u1eb5n s\u00e0ng l\u00ean l\u1ecbch \u00dd ki\u1ebfnth\u1ee9 2? B\u1eaft \u0111\u1ea7u \u00fd ki\u1ebfn th\u1ee9 hai c\u1ee7a t\u00f4i 1. H\u00e3y cho ch\u00fang t\u00f4i bi\u1ebft t\u00ean v\u00e0 \u0111\u1ecba ch\u1ec9 c\u1ee7a b\u1ea1n 2. T\u1ea3i l\u00ean H\u1ed3 s\u01a1 Y t\u1ebf c\u1ee7a b\u1ea1n 3. Thanh to\u00e1n v\u1edbi PayPal Global 4. Ch\u00fang t\u00f4i ti\u1ebfp c\u1eadn v\u00e0 b\u1eaft \u0111\u1ea7u qu\u00e1 tr\u00ecnh B\u1eaft \u0111\u1ea7u qu\u00e1 [&hellip;]","og_url":"https:\/\/mdvisitclinic.com\/vi\/sign-up-now\/","og_site_name":"MDVISIT CLINIC","article_modified_time":"2024-11-24T22:51:36+00:00","og_image":[{"url":"https:\/\/f55.01f.myftpupload.com\/wp-content\/uploads\/2024\/05\/arrow-down.png","type":"","width":"","height":""}],"twitter_card":"summary_large_image","twitter_misc":{"Est. reading time":"2 minutes"},"schema":{"@context":"https:\/\/schema.org","@graph":[{"@type":"WebPage","@id":"https:\/\/mdvisitclinic.com\/vi\/sign-up-now\/","url":"https:\/\/mdvisitclinic.com\/vi\/sign-up-now\/","name":"\u0110\u0103ng k\u00fd ngay - MDVISIT CLINIC","isPartOf":{"@id":"https:\/\/mdvisitclinic.com\/vi\/#website"},"primaryImageOfPage":{"@id":"https:\/\/mdvisitclinic.com\/vi\/sign-up-now\/#primaryimage"},"image":{"@id":"https:\/\/mdvisitclinic.com\/vi\/sign-up-now\/#primaryimage"},"thumbnailUrl":"https:\/\/f55.01f.myftpupload.com\/wp-content\/uploads\/2024\/05\/arrow-down.png","datePublished":"2024-05-20T15:58:51+00:00","dateModified":"2024-11-24T22:51:36+00:00","breadcrumb":{"@id":"https:\/\/mdvisitclinic.com\/vi\/sign-up-now\/#breadcrumb"},"inLanguage":"vi-VN","potentialAction":[{"@type":"ReadAction","target":["https:\/\/mdvisitclinic.com\/vi\/sign-up-now\/"]}]},{"@type":"ImageObject","inLanguage":"vi-VN","@id":"https:\/\/mdvisitclinic.com\/vi\/sign-up-now\/#primaryimage","url":"https:\/\/f55.01f.myftpupload.com\/wp-content\/uploads\/2024\/05\/arrow-down.png","contentUrl":"https:\/\/f55.01f.myftpupload.com\/wp-content\/uploads\/2024\/05\/arrow-down.png"},{"@type":"BreadcrumbList","@id":"https:\/\/mdvisitclinic.com\/vi\/sign-up-now\/#breadcrumb","itemListElement":[{"@type":"ListItem","position":1,"name":"Home","item":"https:\/\/mdvisitclinic.com\/vi\/"},{"@type":"ListItem","position":2,"name":"\u0110\u0103ng k\u00fd ngay"}]},{"@type":"WebSite","@id":"https:\/\/mdvisitclinic.com\/vi\/#website","url":"https:\/\/mdvisitclinic.com\/vi\/","name":"MDVISIT CLINIC","description":"","publisher":{"@id":"https:\/\/mdvisitclinic.com\/vi\/#organization"},"potentialAction":[{"@type":"SearchAction","target":{"@type":"EntryPoint","urlTemplate":"https:\/\/mdvisitclinic.com\/vi\/?s={search_term_string}"},"query-input":{"@type":"PropertyValueSpecification","valueRequired":true,"valueName":"search_term_string"}}],"inLanguage":"vi-VN"},{"@type":"Organization","@id":"https:\/\/mdvisitclinic.com\/vi\/#organization","name":"MDVISIT CLINIC","url":"https:\/\/mdvisitclinic.com\/vi\/","logo":{"@type":"ImageObject","inLanguage":"vi-VN","@id":"https:\/\/mdvisitclinic.com\/vi\/#\/schema\/logo\/image\/","url":"https:\/\/mdvisitclinic.com\/wp-content\/uploads\/2024\/03\/logo.png","contentUrl":"https:\/\/mdvisitclinic.com\/wp-content\/uploads\/2024\/03\/logo.png","width":768,"height":118,"caption":"MDVISIT CLINIC"},"image":{"@id":"https:\/\/mdvisitclinic.com\/vi\/#\/schema\/logo\/image\/"}}]}},"_links":{"self":[{"href":"https:\/\/mdvisitclinic.com\/vi\/wp-json\/wp\/v2\/pages\/21201","targetHints":{"allow":["GET"]}}],"collection":[{"href":"https:\/\/mdvisitclinic.com\/vi\/wp-json\/wp\/v2\/pages"}],"about":[{"href":"https:\/\/mdvisitclinic.com\/vi\/wp-json\/wp\/v2\/types\/page"}],"author":[{"embeddable":true,"href":"https:\/\/mdvisitclinic.com\/vi\/wp-json\/wp\/v2\/users\/8"}],"replies":[{"embeddable":true,"href":"https:\/\/mdvisitclinic.com\/vi\/wp-json\/wp\/v2\/comments?post=21201"}],"version-history":[{"count":1,"href":"https:\/\/mdvisitclinic.com\/vi\/wp-json\/wp\/v2\/pages\/21201\/revisions"}],"predecessor-version":[{"id":21203,"href":"https:\/\/mdvisitclinic.com\/vi\/wp-json\/wp\/v2\/pages\/21201\/revisions\/21203"}],"wp:attachment":[{"href":"https:\/\/mdvisitclinic.com\/vi\/wp-json\/wp\/v2\/media?parent=21201"}],"curies":[{"name":"wp","href":"https:\/\/api.w.org\/{rel}","templated":true}]}}